{"id":18279,"date":"2025-05-13T10:05:11","date_gmt":"2025-05-13T07:05:11","guid":{"rendered":"https:\/\/skaitytaknyga.lt\/?post_type=product&#038;p=18279"},"modified":"2025-07-07T09:26:53","modified_gmt":"2025-07-07T06:26:53","slug":"lyg-viskas-butu-paskutinikart","status":"publish","type":"product","link":"https:\/\/skaitytaknyga.lt\/en\/produktas\/lyg-viskas-butu-paskutinikart\/","title":{"rendered":"Lyg viskas b\u016bt\u0173 paskutin\u012fkart"},"content":{"rendered":"<p>Vokie\u010di\u0173 ra\u0161ytojo W. von Sternburg para\u0161yta i\u0161sami ir patraukli Ericho Maria Remarque&#8217;o biografija. \u201eVakar\u0173 fronte nieko nauja\u201c, \u201eTriumfo arka\u201c, \u201eTrys draugai\u201c ir kt. roman\u0173 autoriaus gyvenimo istorija tokia pat nepamir\u0161tama kaip ir jo knygos.<\/p>\n<p>Pirm\u0105 kart\u0105 lietuvi\u0173 kalba i\u0161leista i\u0161sami E. M. Remarque&#8217;o biografija, para\u0161yta nuodugniai, su dideliu i\u0161manymu, susi\u017eav\u0117jimu ir pagarba. Knygos autorius pasinaudojo iki \u0161iol visuomenei neprieinama med\u017eiaga &#8211; lai\u0161kais ir dienora\u0161\u010diais.<\/p>\n","protected":false},"excerpt":{"rendered":"<p>Vokie\u010di\u0173 ra\u0161ytojo W. von Sternburg para\u0161yta i\u0161sami ir patraukli Ericho Maria Remarque&#8217;o biografija. \u201eVakar\u0173 fronte nieko nauja\u201c, \u201eTriumfo arka\u201c, \u201eTrys draugai\u201c ir kt. roman\u0173 autoriaus gyvenimo istorija tokia pat nepamir\u0161tama kaip ir jo knygos. Pirm\u0105 kart\u0105 lietuvi\u0173 kalba i\u0161leista i\u0161sami E. M. Remarque&#8217;o biografija, para\u0161yta nuodugniai, su dideliu i\u0161manymu, susi\u017eav\u0117jimu ir pagarba. Knygos autorius pasinaudojo iki \u0161iol visuomenei neprieinama med\u017eiaga &#8211; lai\u0161kais ir dienora\u0161\u010diais.<\/p>\n","protected":false},"featured_media":18300,"comment_status":"open","ping_status":"closed","template":"","meta":{"_acf_changed":false,"site-sidebar-layout":"default","site-content-layout":"","ast-site-content-layout":"default","site-content-style":"default","site-sidebar-style":"default","ast-global-header-display":"","ast-banner-title-visibility":"","ast-main-header-display":"","ast-hfb-above-header-display":"","ast-hfb-below-header-display":"","ast-hfb-mobile-header-display":"","site-post-title":"","ast-breadcrumbs-content":"","ast-featured-img":"","footer-sml-layout":"","ast-disable-related-posts":"","theme-transparent-header-meta":"","adv-header-id-meta":"","stick-header-meta":"","header-above-stick-meta":"","header-main-stick-meta":"","header-below-stick-meta":"","astra-migrate-meta-layouts":"default","ast-page-background-enabled":"default","ast-page-background-meta":{"desktop":{"background-color":"","background-image":"","background-repeat":"repeat","background-position":"center center","background-size":"auto","background-attachment":"scroll","background-type":"","background-media":"","overlay-type":"","overlay-color":"","overlay-opacity":"","overlay-gradient":""},"tablet":{"background-color":"","background-image":"","background-repeat":"repeat","background-position":"center center","background-size":"auto","background-attachment":"scroll","background-type":"","background-media":"","overlay-type":"","overlay-color":"","overlay-opacity":"","overlay-gradient":""},"mobile":{"background-color":"","background-image":"","background-repeat":"repeat","background-position":"center center","background-size":"auto","background-attachment":"scroll","background-type":"","background-media":"","overlay-type":"","overlay-color":"","overlay-opacity":"","overlay-gradient":""}},"ast-content-background-meta":{"desktop":{"background-color":"var(--ast-global-color-4)","background-image":"","background-repeat":"repeat","background-position":"center center","background-size":"auto","background-attachment":"scroll","background-type":"","background-media":"","overlay-type":"","overlay-color":"","overlay-opacity":"","overlay-gradient":""},"tablet":{"background-color":"var(--ast-global-color-4)","background-image":"","background-repeat":"repeat","background-position":"center center","background-size":"auto","background-attachment":"scroll","background-type":"","background-media":"","overlay-type":"","overlay-color":"","overlay-opacity":"","overlay-gradient":""},"mobile":{"background-color":"var(--ast-global-color-4)","background-image":"","background-repeat":"repeat","background-position":"center center","background-size":"auto","background-attachment":"scroll","background-type":"","background-media":"","overlay-type":"","overlay-color":"","overlay-opacity":"","overlay-gradient":""}}},"product_brand":[],"product_cat":[31],"product_tag":[2213],"class_list":{"0":"post-18279","1":"product","2":"type-product","3":"status-publish","4":"has-post-thumbnail","6":"product_cat-grozine-literatura","7":"product_tag-wilhelm-von-sternburg","8":"desktop-align-left","9":"tablet-align-left","10":"mobile-align-left","12":"first","13":"instock","14":"shipping-taxable","15":"purchasable","16":"product-type-simple"},"acf":[],"yoast_head":"<!-- This site is optimized with the Yoast SEO plugin v27.4 - https:\/\/yoast.com\/product\/yoast-seo-wordpress\/ -->\n<title>Lyg viskas b\u016bt\u0173 paskutin\u012fkart<\/title>\n<meta name=\"description\" content=\"Vokie\u010di\u0173 ra\u0161ytojo W. von Sternburg para\u0161yta i\u0161sami ir patraukli Ericho Maria Remarque&#039;o biografija. \u201eVakar\u0173 fronte nieko nauja\u201c, \u201eTriumfo arka\u201c, \u201eTrys\" \/>\n<meta name=\"robots\" content=\"index, follow, max-snippet:-1, max-image-preview:large, max-video-preview:-1\" \/>\n<link rel=\"canonical\" href=\"https:\/\/skaitytaknyga.lt\/en\/produktas\/lyg-viskas-butu-paskutinikart\/\" \/>\n<meta property=\"og:locale\" content=\"en_GB\" \/>\n<meta property=\"og:locale:alternate\" content=\"lt_LT\" \/>\n<meta property=\"og:type\" content=\"article\" \/>\n<meta property=\"og:title\" content=\"Lyg viskas b\u016bt\u0173 paskutin\u012fkart\" \/>\n<meta property=\"og:description\" content=\"Vokie\u010di\u0173 ra\u0161ytojo W. von Sternburg para\u0161yta i\u0161sami ir patraukli Ericho Maria Remarque&#039;o biografija. \u201eVakar\u0173 fronte nieko nauja\u201c, \u201eTriumfo arka\u201c, \u201eTrys\" \/>\n<meta property=\"og:url\" content=\"https:\/\/skaitytaknyga.lt\/en\/produktas\/lyg-viskas-butu-paskutinikart\/\" \/>\n<meta property=\"og:site_name\" content=\"Skaitytaknyga\" \/>\n<meta property=\"article:publisher\" content=\"https:\/\/www.facebook.com\/skaitytaknyga\/\" \/>\n<meta property=\"article:modified_time\" content=\"2025-07-07T06:26:53+00:00\" \/>\n<meta property=\"og:image\" content=\"https:\/\/skaitytaknyga.lt\/wp-content\/uploads\/2025\/05\/Lyg-viskas-butu-paskutinikart.webp\" \/>\n\t<meta property=\"og:image:width\" content=\"497\" \/>\n\t<meta property=\"og:image:height\" content=\"801\" \/>\n\t<meta property=\"og:image:type\" content=\"image\/webp\" \/>\n<meta name=\"twitter:card\" content=\"summary_large_image\" \/>\n<script type=\"application\/ld+json\" class=\"yoast-schema-graph\">{\"@context\":\"https:\\\/\\\/schema.org\",\"@graph\":[{\"@type\":\"WebPage\",\"@id\":\"https:\\\/\\\/skaitytaknyga.lt\\\/produktas\\\/lyg-viskas-butu-paskutinikart\\\/\",\"url\":\"https:\\\/\\\/skaitytaknyga.lt\\\/produktas\\\/lyg-viskas-butu-paskutinikart\\\/\",\"name\":\"Lyg viskas b\u016bt\u0173 paskutin\u012fkart\",\"isPartOf\":{\"@id\":\"https:\\\/\\\/skaitytaknyga.lt\\\/#website\"},\"primaryImageOfPage\":{\"@id\":\"https:\\\/\\\/skaitytaknyga.lt\\\/produktas\\\/lyg-viskas-butu-paskutinikart\\\/#primaryimage\"},\"image\":{\"@id\":\"https:\\\/\\\/skaitytaknyga.lt\\\/produktas\\\/lyg-viskas-butu-paskutinikart\\\/#primaryimage\"},\"thumbnailUrl\":\"https:\\\/\\\/skaitytaknyga.lt\\\/wp-content\\\/uploads\\\/2025\\\/05\\\/Lyg-viskas-butu-paskutinikart.webp\",\"datePublished\":\"2025-05-13T07:05:11+00:00\",\"dateModified\":\"2025-07-07T06:26:53+00:00\",\"description\":\"Vokie\u010di\u0173 ra\u0161ytojo W. von Sternburg para\u0161yta i\u0161sami ir patraukli Ericho Maria Remarque'o biografija. \u201eVakar\u0173 fronte nieko nauja\u201c, \u201eTriumfo arka\u201c, \u201eTrys\",\"breadcrumb\":{\"@id\":\"https:\\\/\\\/skaitytaknyga.lt\\\/produktas\\\/lyg-viskas-butu-paskutinikart\\\/#breadcrumb\"},\"inLanguage\":\"en-GB\",\"potentialAction\":[{\"@type\":\"ReadAction\",\"target\":[\"https:\\\/\\\/skaitytaknyga.lt\\\/produktas\\\/lyg-viskas-butu-paskutinikart\\\/\"]}]},{\"@type\":\"ImageObject\",\"inLanguage\":\"en-GB\",\"@id\":\"https:\\\/\\\/skaitytaknyga.lt\\\/produktas\\\/lyg-viskas-butu-paskutinikart\\\/#primaryimage\",\"url\":\"https:\\\/\\\/skaitytaknyga.lt\\\/wp-content\\\/uploads\\\/2025\\\/05\\\/Lyg-viskas-butu-paskutinikart.webp\",\"contentUrl\":\"https:\\\/\\\/skaitytaknyga.lt\\\/wp-content\\\/uploads\\\/2025\\\/05\\\/Lyg-viskas-butu-paskutinikart.webp\",\"width\":497,\"height\":801,\"caption\":\"Lyg viskas b\u016bt\u0173 paskutin\u012fkart\"},{\"@type\":\"BreadcrumbList\",\"@id\":\"https:\\\/\\\/skaitytaknyga.lt\\\/produktas\\\/lyg-viskas-butu-paskutinikart\\\/#breadcrumb\",\"itemListElement\":[{\"@type\":\"ListItem\",\"position\":1,\"name\":\"Home\",\"item\":\"https:\\\/\\\/skaitytaknyga.lt\\\/\"},{\"@type\":\"ListItem\",\"position\":2,\"name\":\"Parduotuv\u0117\",\"item\":\"https:\\\/\\\/skaitytaknyga.lt\\\/knygu-parduotuve\\\/\"},{\"@type\":\"ListItem\",\"position\":3,\"name\":\"Lyg viskas b\u016bt\u0173 paskutin\u012fkart\"}]},{\"@type\":\"WebSite\",\"@id\":\"https:\\\/\\\/skaitytaknyga.lt\\\/#website\",\"url\":\"https:\\\/\\\/skaitytaknyga.lt\\\/\",\"name\":\"skaitytaknyga.lt\",\"description\":\"Skaitytaknyga.lt \u2013 tai ma\u017eas \u0161eimos verslas, kuris prasid\u0117jo nuo meil\u0117s knygoms ir siekio i\u0161gelb\u0117ti knygas nuo likimo prie konteinerio. Kas vienam nereikalingas daiktas \u2013 kitam lobis, o mes esame tarpininkai, kurie padeda abiems tapti laimingesniems ???? \u017dinome kaip nelengva i\u0161gyventi ma\u017eiems verslams, tad nuo \u0161iol, \u010dia rasite ir kit\u0173, ma\u017e\u0173 \u0161eim\u0173 versl\u0173, rank\u0173 darbo, dovan\u0173 sau ir artimiesiems.\",\"publisher\":{\"@id\":\"https:\\\/\\\/skaitytaknyga.lt\\\/#organization\"},\"potentialAction\":[{\"@type\":\"SearchAction\",\"target\":{\"@type\":\"EntryPoint\",\"urlTemplate\":\"https:\\\/\\\/skaitytaknyga.lt\\\/?s={search_term_string}\"},\"query-input\":{\"@type\":\"PropertyValueSpecification\",\"valueRequired\":true,\"valueName\":\"search_term_string\"}}],\"inLanguage\":\"en-GB\"},{\"@type\":\"Organization\",\"@id\":\"https:\\\/\\\/skaitytaknyga.lt\\\/#organization\",\"name\":\"skaitytaknyga.lt\",\"url\":\"https:\\\/\\\/skaitytaknyga.lt\\\/\",\"logo\":{\"@type\":\"ImageObject\",\"inLanguage\":\"en-GB\",\"@id\":\"https:\\\/\\\/skaitytaknyga.lt\\\/#\\\/schema\\\/logo\\\/image\\\/\",\"url\":\"https:\\\/\\\/skaitytaknyga.lt\\\/wp-content\\\/uploads\\\/2024\\\/05\\\/cropped-cropped-cropped-02_00843_jt3bggkj1j3HLc7SyY6rEUpg.jpeg\",\"contentUrl\":\"https:\\\/\\\/skaitytaknyga.lt\\\/wp-content\\\/uploads\\\/2024\\\/05\\\/cropped-cropped-cropped-02_00843_jt3bggkj1j3HLc7SyY6rEUpg.jpeg\",\"width\":1600,\"height\":1600,\"caption\":\"skaitytaknyga.lt\"},\"image\":{\"@id\":\"https:\\\/\\\/skaitytaknyga.lt\\\/#\\\/schema\\\/logo\\\/image\\\/\"},\"sameAs\":[\"https:\\\/\\\/www.facebook.com\\\/skaitytaknyga\\\/\"]}]}<\/script>\n<!-- \/ Yoast SEO plugin. -->","yoast_head_json":{"title":"Lyg viskas b\u016bt\u0173 paskutin\u012fkart","description":"Vokie\u010di\u0173 ra\u0161ytojo W. von Sternburg para\u0161yta i\u0161sami ir patraukli Ericho Maria Remarque'o biografija. \u201eVakar\u0173 fronte nieko nauja\u201c, \u201eTriumfo arka\u201c, \u201eTrys","robots":{"index":"index","follow":"follow","max-snippet":"max-snippet:-1","max-image-preview":"max-image-preview:large","max-video-preview":"max-video-preview:-1"},"canonical":"https:\/\/skaitytaknyga.lt\/en\/produktas\/lyg-viskas-butu-paskutinikart\/","og_locale":"en_GB","og_type":"article","og_title":"[:lt]Lyg viskas b\u016bt\u0173 paskutin\u012fkart[:] - Skaitytaknyga","og_description":"Vokie\u010di\u0173 ra\u0161ytojo W. von Sternburg para\u0161yta i\u0161sami ir patraukli Ericho Maria Remarque'o biografija. \u201eVakar\u0173 fronte nieko nauja\u201c, \u201eTriumfo arka\u201c, \u201eTrys","og_url":"https:\/\/skaitytaknyga.lt\/en\/produktas\/lyg-viskas-butu-paskutinikart\/","og_site_name":"Skaitytaknyga","article_publisher":"https:\/\/www.facebook.com\/skaitytaknyga\/","article_modified_time":"2025-07-07T06:26:53+00:00","og_image":[{"width":497,"height":801,"url":"https:\/\/skaitytaknyga.lt\/wp-content\/uploads\/2025\/05\/Lyg-viskas-butu-paskutinikart.webp","type":"image\/webp"}],"twitter_card":"summary_large_image","schema":{"@context":"https:\/\/schema.org","@graph":[{"@type":"WebPage","@id":"https:\/\/skaitytaknyga.lt\/produktas\/lyg-viskas-butu-paskutinikart\/","url":"https:\/\/skaitytaknyga.lt\/produktas\/lyg-viskas-butu-paskutinikart\/","name":"Lyg viskas b\u016bt\u0173 paskutin\u012fkart","isPartOf":{"@id":"https:\/\/skaitytaknyga.lt\/#website"},"primaryImageOfPage":{"@id":"https:\/\/skaitytaknyga.lt\/produktas\/lyg-viskas-butu-paskutinikart\/#primaryimage"},"image":{"@id":"https:\/\/skaitytaknyga.lt\/produktas\/lyg-viskas-butu-paskutinikart\/#primaryimage"},"thumbnailUrl":"https:\/\/skaitytaknyga.lt\/wp-content\/uploads\/2025\/05\/Lyg-viskas-butu-paskutinikart.webp","datePublished":"2025-05-13T07:05:11+00:00","dateModified":"2025-07-07T06:26:53+00:00","description":"Vokie\u010di\u0173 ra\u0161ytojo W. von Sternburg para\u0161yta i\u0161sami ir patraukli Ericho Maria Remarque'o biografija. \u201eVakar\u0173 fronte nieko nauja\u201c, \u201eTriumfo arka\u201c, \u201eTrys","breadcrumb":{"@id":"https:\/\/skaitytaknyga.lt\/produktas\/lyg-viskas-butu-paskutinikart\/#breadcrumb"},"inLanguage":"en-GB","potentialAction":[{"@type":"ReadAction","target":["https:\/\/skaitytaknyga.lt\/produktas\/lyg-viskas-butu-paskutinikart\/"]}]},{"@type":"ImageObject","inLanguage":"en-GB","@id":"https:\/\/skaitytaknyga.lt\/produktas\/lyg-viskas-butu-paskutinikart\/#primaryimage","url":"https:\/\/skaitytaknyga.lt\/wp-content\/uploads\/2025\/05\/Lyg-viskas-butu-paskutinikart.webp","contentUrl":"https:\/\/skaitytaknyga.lt\/wp-content\/uploads\/2025\/05\/Lyg-viskas-butu-paskutinikart.webp","width":497,"height":801,"caption":"Lyg viskas b\u016bt\u0173 paskutin\u012fkart"},{"@type":"BreadcrumbList","@id":"https:\/\/skaitytaknyga.lt\/produktas\/lyg-viskas-butu-paskutinikart\/#breadcrumb","itemListElement":[{"@type":"ListItem","position":1,"name":"Home","item":"https:\/\/skaitytaknyga.lt\/"},{"@type":"ListItem","position":2,"name":"Parduotuv\u0117","item":"https:\/\/skaitytaknyga.lt\/knygu-parduotuve\/"},{"@type":"ListItem","position":3,"name":"Lyg viskas b\u016bt\u0173 paskutin\u012fkart"}]},{"@type":"WebSite","@id":"https:\/\/skaitytaknyga.lt\/#website","url":"https:\/\/skaitytaknyga.lt\/","name":"skaitytaknyga.lt","description":"Skaitytaknyga.lt \u2013 tai ma\u017eas \u0161eimos verslas, kuris prasid\u0117jo nuo meil\u0117s knygoms ir siekio i\u0161gelb\u0117ti knygas nuo likimo prie konteinerio. Kas vienam nereikalingas daiktas \u2013 kitam lobis, o mes esame tarpininkai, kurie padeda abiems tapti laimingesniems ???? \u017dinome kaip nelengva i\u0161gyventi ma\u017eiems verslams, tad nuo \u0161iol, \u010dia rasite ir kit\u0173, ma\u017e\u0173 \u0161eim\u0173 versl\u0173, rank\u0173 darbo, dovan\u0173 sau ir artimiesiems.","publisher":{"@id":"https:\/\/skaitytaknyga.lt\/#organization"},"potentialAction":[{"@type":"SearchAction","target":{"@type":"EntryPoint","urlTemplate":"https:\/\/skaitytaknyga.lt\/?s={search_term_string}"},"query-input":{"@type":"PropertyValueSpecification","valueRequired":true,"valueName":"search_term_string"}}],"inLanguage":"en-GB"},{"@type":"Organization","@id":"https:\/\/skaitytaknyga.lt\/#organization","name":"skaitytaknyga.lt","url":"https:\/\/skaitytaknyga.lt\/","logo":{"@type":"ImageObject","inLanguage":"en-GB","@id":"https:\/\/skaitytaknyga.lt\/#\/schema\/logo\/image\/","url":"https:\/\/skaitytaknyga.lt\/wp-content\/uploads\/2024\/05\/cropped-cropped-cropped-02_00843_jt3bggkj1j3HLc7SyY6rEUpg.jpeg","contentUrl":"https:\/\/skaitytaknyga.lt\/wp-content\/uploads\/2024\/05\/cropped-cropped-cropped-02_00843_jt3bggkj1j3HLc7SyY6rEUpg.jpeg","width":1600,"height":1600,"caption":"skaitytaknyga.lt"},"image":{"@id":"https:\/\/skaitytaknyga.lt\/#\/schema\/logo\/image\/"},"sameAs":["https:\/\/www.facebook.com\/skaitytaknyga\/"]}]}},"_links":{"self":[{"href":"https:\/\/skaitytaknyga.lt\/en\/wp-json\/wp\/v2\/product\/18279","targetHints":{"allow":["GET"]}}],"collection":[{"href":"https:\/\/skaitytaknyga.lt\/en\/wp-json\/wp\/v2\/product"}],"about":[{"href":"https:\/\/skaitytaknyga.lt\/en\/wp-json\/wp\/v2\/types\/product"}],"replies":[{"embeddable":true,"href":"https:\/\/skaitytaknyga.lt\/en\/wp-json\/wp\/v2\/comments?post=18279"}],"wp:featuredmedia":[{"embeddable":true,"href":"https:\/\/skaitytaknyga.lt\/en\/wp-json\/wp\/v2\/media\/18300"}],"wp:attachment":[{"href":"https:\/\/skaitytaknyga.lt\/en\/wp-json\/wp\/v2\/media?parent=18279"}],"wp:term":[{"taxonomy":"product_brand","embeddable":true,"href":"https:\/\/skaitytaknyga.lt\/en\/wp-json\/wp\/v2\/product_brand?post=18279"},{"taxonomy":"product_cat","embeddable":true,"href":"https:\/\/skaitytaknyga.lt\/en\/wp-json\/wp\/v2\/product_cat?post=18279"},{"taxonomy":"product_tag","embeddable":true,"href":"https:\/\/skaitytaknyga.lt\/en\/wp-json\/wp\/v2\/product_tag?post=18279"}],"curies":[{"name":"wp","href":"https:\/\/api.w.org\/{rel}","templated":true}]}}