{"id":18278,"date":"2025-05-13T10:05:11","date_gmt":"2025-05-13T07:05:11","guid":{"rendered":"https:\/\/skaitytaknyga.lt\/?post_type=product&#038;p=18278"},"modified":"2025-07-07T09:26:53","modified_gmt":"2025-07-07T06:26:53","slug":"marija-egiptiete","status":"publish","type":"product","link":"https:\/\/skaitytaknyga.lt\/en\/produktas\/marija-egiptiete\/","title":{"rendered":"Marija Egiptiet\u0117"},"content":{"rendered":"<p>\u0160ventos Marijos Egiptiet\u0117s vardas mums beveik ne\u017einomas, \u017einynuose apie j\u0105 t\u0117ra vos kelios \u0161yk\u0161\u010dios eilut\u0117s. \u0160i parsiduodanti moteris, gyvenusi IV a. Aleksandrijoje, kartu su piligrimais keliavo \u012f Jeruzal\u0119 prie Vie\u0161paties kapo.<\/p>\n<p>Paslaptinga j\u0117ga neleido jai \u012f\u017eengti pro \u0160ventojo kapo ba\u017eny\u010dios vartus. Ramyb\u0117s ir atgailos ie\u0161kojo dykumoje, kur Did\u017eiojoje tyloje gyveno ilgus metus, kol i\u0161d\u017ei\u016bvo k\u016bnas, nudrisko r\u016bbai. J\u0105 palaidojo atsiskyr\u0117lis Zosimas, o duobe i\u0161kas\u0117 li\u016btas.<\/p>\n<p>\u0160i knyga &#8212; tai autor\u0117s talento ir fantazijos atkurtas \u0161ventosios paleistuv\u0117s gyvenimas, kuriame ji patyr\u0117 ir baisi\u0173 skriaud\u0173, ir juod\u0105 nuopuolio bedugn\u0119, ir meil\u0117s pilnatv\u0119. Tai poeti\u0161kas bandymas \u012fsp\u0117ti did\u017ei\u0105j\u0105 Marijos Egiptiet\u0117s gyvenimo paslapt\u012f.<\/p>\n","protected":false},"excerpt":{"rendered":"<p>\u0160ventos Marijos Egiptiet\u0117s vardas mums beveik ne\u017einomas, \u017einynuose apie j\u0105 t\u0117ra vos kelios \u0161yk\u0161\u010dios eilut\u0117s. \u0160i parsiduodanti moteris, gyvenusi IV a. Aleksandrijoje, kartu su piligrimais keliavo \u012f Jeruzal\u0119 prie Vie\u0161paties kapo. Paslaptinga j\u0117ga neleido jai \u012f\u017eengti pro \u0160ventojo kapo ba\u017eny\u010dios vartus. Ramyb\u0117s ir atgailos ie\u0161kojo dykumoje, kur Did\u017eiojoje tyloje gyveno ilgus metus, kol i\u0161d\u017ei\u016bvo k\u016bnas, nudrisko r\u016bbai. J\u0105 palaidojo atsiskyr\u0117lis Zosimas, o duobe i\u0161kas\u0117 li\u016btas. \u0160i knyga &#8212; tai autor\u0117s talento ir fantazijos atkurtas \u0161ventosios paleistuv\u0117s gyvenimas, kuriame ji patyr\u0117 ir baisi\u0173 skriaud\u0173, ir juod\u0105 nuopuolio bedugn\u0119, ir meil\u0117s pilnatv\u0119. Tai poeti\u0161kas bandymas \u012fsp\u0117ti did\u017ei\u0105j\u0105 Marijos Egiptiet\u0117s gyvenimo paslapt\u012f.<\/p>\n","protected":false},"featured_media":18301,"comment_status":"open","ping_status":"closed","template":"","meta":{"_acf_changed":false,"site-sidebar-layout":"default","site-content-layout":"","ast-site-content-layout":"default","site-content-style":"default","site-sidebar-style":"default","ast-global-header-display":"","ast-banner-title-visibility":"","ast-main-header-display":"","ast-hfb-above-header-display":"","ast-hfb-below-header-display":"","ast-hfb-mobile-header-display":"","site-post-title":"","ast-breadcrumbs-content":"","ast-featured-img":"","footer-sml-layout":"","ast-disable-related-posts":"","theme-transparent-header-meta":"","adv-header-id-meta":"","stick-header-meta":"","header-above-stick-meta":"","header-main-stick-meta":"","header-below-stick-meta":"","astra-migrate-meta-layouts":"default","ast-page-background-enabled":"default","ast-page-background-meta":{"desktop":{"background-color":"","background-image":"","background-repeat":"repeat","background-position":"center center","background-size":"auto","background-attachment":"scroll","background-type":"","background-media":"","overlay-type":"","overlay-color":"","overlay-opacity":"","overlay-gradient":""},"tablet":{"background-color":"","background-image":"","background-repeat":"repeat","background-position":"center center","background-size":"auto","background-attachment":"scroll","background-type":"","background-media":"","overlay-type":"","overlay-color":"","overlay-opacity":"","overlay-gradient":""},"mobile":{"background-color":"","background-image":"","background-repeat":"repeat","background-position":"center center","background-size":"auto","background-attachment":"scroll","background-type":"","background-media":"","overlay-type":"","overlay-color":"","overlay-opacity":"","overlay-gradient":""}},"ast-content-background-meta":{"desktop":{"background-color":"var(--ast-global-color-4)","background-image":"","background-repeat":"repeat","background-position":"center center","background-size":"auto","background-attachment":"scroll","background-type":"","background-media":"","overlay-type":"","overlay-color":"","overlay-opacity":"","overlay-gradient":""},"tablet":{"background-color":"var(--ast-global-color-4)","background-image":"","background-repeat":"repeat","background-position":"center center","background-size":"auto","background-attachment":"scroll","background-type":"","background-media":"","overlay-type":"","overlay-color":"","overlay-opacity":"","overlay-gradient":""},"mobile":{"background-color":"var(--ast-global-color-4)","background-image":"","background-repeat":"repeat","background-position":"center center","background-size":"auto","background-attachment":"scroll","background-type":"","background-media":"","overlay-type":"","overlay-color":"","overlay-opacity":"","overlay-gradient":""}}},"product_brand":[],"product_cat":[31],"product_tag":[2211],"class_list":{"0":"post-18278","1":"product","2":"type-product","3":"status-publish","4":"has-post-thumbnail","6":"product_cat-grozine-literatura","7":"product_tag-vidmante-jasukaityte","8":"desktop-align-left","9":"tablet-align-left","10":"mobile-align-left","12":"first","13":"outofstock","14":"shipping-taxable","15":"purchasable","16":"product-type-simple"},"acf":[],"yoast_head":"<!-- This site is optimized with the Yoast SEO plugin v27.0 - https:\/\/yoast.com\/product\/yoast-seo-wordpress\/ -->\n<title>Marija Egiptiet\u0117<\/title>\n<meta name=\"description\" content=\"\u0160ventos Marijos Egiptiet\u0117s vardas mums beveik ne\u017einomas, \u017einynuose apie j\u0105 t\u0117ra vos kelios \u0161yk\u0161\u010dios eilut\u0117s. \u0160i parsiduodanti moteris, gyvenusi IV a.\" \/>\n<meta name=\"robots\" content=\"index, follow, max-snippet:-1, max-image-preview:large, max-video-preview:-1\" \/>\n<link rel=\"canonical\" href=\"https:\/\/skaitytaknyga.lt\/en\/produktas\/marija-egiptiete\/\" \/>\n<meta property=\"og:locale\" content=\"en_GB\" \/>\n<meta property=\"og:locale:alternate\" content=\"lt_LT\" \/>\n<meta property=\"og:type\" content=\"article\" \/>\n<meta property=\"og:title\" content=\"Marija Egiptiet\u0117\" \/>\n<meta property=\"og:description\" content=\"\u0160ventos Marijos Egiptiet\u0117s vardas mums beveik ne\u017einomas, \u017einynuose apie j\u0105 t\u0117ra vos kelios \u0161yk\u0161\u010dios eilut\u0117s. \u0160i parsiduodanti moteris, gyvenusi IV a.\" \/>\n<meta property=\"og:url\" content=\"https:\/\/skaitytaknyga.lt\/en\/produktas\/marija-egiptiete\/\" \/>\n<meta property=\"og:site_name\" content=\"Skaitytaknyga\" \/>\n<meta property=\"article:publisher\" content=\"https:\/\/www.facebook.com\/skaitytaknyga\/\" \/>\n<meta property=\"article:modified_time\" content=\"2025-07-07T06:26:53+00:00\" \/>\n<meta property=\"og:image\" content=\"https:\/\/skaitytaknyga.lt\/wp-content\/uploads\/2025\/05\/Marija-Egiptiete.webp\" \/>\n\t<meta property=\"og:image:width\" content=\"485\" \/>\n\t<meta property=\"og:image:height\" content=\"800\" \/>\n\t<meta property=\"og:image:type\" content=\"image\/webp\" \/>\n<meta name=\"twitter:card\" content=\"summary_large_image\" \/>\n<meta name=\"twitter:label1\" content=\"Estimated reading time\" \/>\n\t<meta name=\"twitter:data1\" content=\"1 minute\" \/>\n<script type=\"application\/ld+json\" class=\"yoast-schema-graph\">{\"@context\":\"https:\/\/schema.org\",\"@graph\":[{\"@type\":\"WebPage\",\"@id\":\"https:\/\/skaitytaknyga.lt\/produktas\/marija-egiptiete\/\",\"url\":\"https:\/\/skaitytaknyga.lt\/produktas\/marija-egiptiete\/\",\"name\":\"Marija Egiptiet\u0117\",\"isPartOf\":{\"@id\":\"https:\/\/skaitytaknyga.lt\/#website\"},\"primaryImageOfPage\":{\"@id\":\"https:\/\/skaitytaknyga.lt\/produktas\/marija-egiptiete\/#primaryimage\"},\"image\":{\"@id\":\"https:\/\/skaitytaknyga.lt\/produktas\/marija-egiptiete\/#primaryimage\"},\"thumbnailUrl\":\"https:\/\/skaitytaknyga.lt\/wp-content\/uploads\/2025\/05\/Marija-Egiptiete.webp\",\"datePublished\":\"2025-05-13T07:05:11+00:00\",\"dateModified\":\"2025-07-07T06:26:53+00:00\",\"description\":\"\u0160ventos Marijos Egiptiet\u0117s vardas mums beveik ne\u017einomas, \u017einynuose apie j\u0105 t\u0117ra vos kelios \u0161yk\u0161\u010dios eilut\u0117s. \u0160i parsiduodanti moteris, gyvenusi IV a.\",\"breadcrumb\":{\"@id\":\"https:\/\/skaitytaknyga.lt\/produktas\/marija-egiptiete\/#breadcrumb\"},\"inLanguage\":\"en-GB\",\"potentialAction\":[{\"@type\":\"ReadAction\",\"target\":[\"https:\/\/skaitytaknyga.lt\/produktas\/marija-egiptiete\/\"]}]},{\"@type\":\"ImageObject\",\"inLanguage\":\"en-GB\",\"@id\":\"https:\/\/skaitytaknyga.lt\/produktas\/marija-egiptiete\/#primaryimage\",\"url\":\"https:\/\/skaitytaknyga.lt\/wp-content\/uploads\/2025\/05\/Marija-Egiptiete.webp\",\"contentUrl\":\"https:\/\/skaitytaknyga.lt\/wp-content\/uploads\/2025\/05\/Marija-Egiptiete.webp\",\"width\":485,\"height\":800,\"caption\":\"Marija Egiptiet\u0117\"},{\"@type\":\"BreadcrumbList\",\"@id\":\"https:\/\/skaitytaknyga.lt\/produktas\/marija-egiptiete\/#breadcrumb\",\"itemListElement\":[{\"@type\":\"ListItem\",\"position\":1,\"name\":\"Home\",\"item\":\"https:\/\/skaitytaknyga.lt\/\"},{\"@type\":\"ListItem\",\"position\":2,\"name\":\"Parduotuv\u0117\",\"item\":\"https:\/\/skaitytaknyga.lt\/knygu-parduotuve\/\"},{\"@type\":\"ListItem\",\"position\":3,\"name\":\"Marija Egiptiet\u0117\"}]},{\"@type\":\"WebSite\",\"@id\":\"https:\/\/skaitytaknyga.lt\/#website\",\"url\":\"https:\/\/skaitytaknyga.lt\/\",\"name\":\"skaitytaknyga.lt\",\"description\":\"Skaitytaknyga.lt \u2013 tai ma\u017eas \u0161eimos verslas, kuris prasid\u0117jo nuo meil\u0117s knygoms ir siekio i\u0161gelb\u0117ti knygas nuo likimo prie konteinerio. Kas vienam nereikalingas daiktas \u2013 kitam lobis, o mes esame tarpininkai, kurie padeda abiems tapti laimingesniems ???? \u017dinome kaip nelengva i\u0161gyventi ma\u017eiems verslams, tad nuo \u0161iol, \u010dia rasite ir kit\u0173, ma\u017e\u0173 \u0161eim\u0173 versl\u0173, rank\u0173 darbo, dovan\u0173 sau ir artimiesiems.\",\"publisher\":{\"@id\":\"https:\/\/skaitytaknyga.lt\/#organization\"},\"potentialAction\":[{\"@type\":\"SearchAction\",\"target\":{\"@type\":\"EntryPoint\",\"urlTemplate\":\"https:\/\/skaitytaknyga.lt\/?s={search_term_string}\"},\"query-input\":{\"@type\":\"PropertyValueSpecification\",\"valueRequired\":true,\"valueName\":\"search_term_string\"}}],\"inLanguage\":\"en-GB\"},{\"@type\":\"Organization\",\"@id\":\"https:\/\/skaitytaknyga.lt\/#organization\",\"name\":\"skaitytaknyga.lt\",\"url\":\"https:\/\/skaitytaknyga.lt\/\",\"logo\":{\"@type\":\"ImageObject\",\"inLanguage\":\"en-GB\",\"@id\":\"https:\/\/skaitytaknyga.lt\/#\/schema\/logo\/image\/\",\"url\":\"https:\/\/skaitytaknyga.lt\/wp-content\/uploads\/2024\/05\/cropped-cropped-cropped-02_00843_jt3bggkj1j3HLc7SyY6rEUpg.jpeg\",\"contentUrl\":\"https:\/\/skaitytaknyga.lt\/wp-content\/uploads\/2024\/05\/cropped-cropped-cropped-02_00843_jt3bggkj1j3HLc7SyY6rEUpg.jpeg\",\"width\":1600,\"height\":1600,\"caption\":\"skaitytaknyga.lt\"},\"image\":{\"@id\":\"https:\/\/skaitytaknyga.lt\/#\/schema\/logo\/image\/\"},\"sameAs\":[\"https:\/\/www.facebook.com\/skaitytaknyga\/\"]}]}<\/script>\n<!-- \/ Yoast SEO plugin. -->","yoast_head_json":{"title":"Marija Egiptiet\u0117","description":"\u0160ventos Marijos Egiptiet\u0117s vardas mums beveik ne\u017einomas, \u017einynuose apie j\u0105 t\u0117ra vos kelios \u0161yk\u0161\u010dios eilut\u0117s. \u0160i parsiduodanti moteris, gyvenusi IV a.","robots":{"index":"index","follow":"follow","max-snippet":"max-snippet:-1","max-image-preview":"max-image-preview:large","max-video-preview":"max-video-preview:-1"},"canonical":"https:\/\/skaitytaknyga.lt\/en\/produktas\/marija-egiptiete\/","og_locale":"en_GB","og_type":"article","og_title":"[:lt]Marija Egiptiet\u0117[:] - Skaitytaknyga","og_description":"\u0160ventos Marijos Egiptiet\u0117s vardas mums beveik ne\u017einomas, \u017einynuose apie j\u0105 t\u0117ra vos kelios \u0161yk\u0161\u010dios eilut\u0117s. \u0160i parsiduodanti moteris, gyvenusi IV a.","og_url":"https:\/\/skaitytaknyga.lt\/en\/produktas\/marija-egiptiete\/","og_site_name":"Skaitytaknyga","article_publisher":"https:\/\/www.facebook.com\/skaitytaknyga\/","article_modified_time":"2025-07-07T06:26:53+00:00","og_image":[{"width":485,"height":800,"url":"https:\/\/skaitytaknyga.lt\/wp-content\/uploads\/2025\/05\/Marija-Egiptiete.webp","type":"image\/webp"}],"twitter_card":"summary_large_image","twitter_misc":{"Estimated reading time":"1 minute"},"schema":{"@context":"https:\/\/schema.org","@graph":[{"@type":"WebPage","@id":"https:\/\/skaitytaknyga.lt\/produktas\/marija-egiptiete\/","url":"https:\/\/skaitytaknyga.lt\/produktas\/marija-egiptiete\/","name":"Marija Egiptiet\u0117","isPartOf":{"@id":"https:\/\/skaitytaknyga.lt\/#website"},"primaryImageOfPage":{"@id":"https:\/\/skaitytaknyga.lt\/produktas\/marija-egiptiete\/#primaryimage"},"image":{"@id":"https:\/\/skaitytaknyga.lt\/produktas\/marija-egiptiete\/#primaryimage"},"thumbnailUrl":"https:\/\/skaitytaknyga.lt\/wp-content\/uploads\/2025\/05\/Marija-Egiptiete.webp","datePublished":"2025-05-13T07:05:11+00:00","dateModified":"2025-07-07T06:26:53+00:00","description":"\u0160ventos Marijos Egiptiet\u0117s vardas mums beveik ne\u017einomas, \u017einynuose apie j\u0105 t\u0117ra vos kelios \u0161yk\u0161\u010dios eilut\u0117s. \u0160i parsiduodanti moteris, gyvenusi IV a.","breadcrumb":{"@id":"https:\/\/skaitytaknyga.lt\/produktas\/marija-egiptiete\/#breadcrumb"},"inLanguage":"en-GB","potentialAction":[{"@type":"ReadAction","target":["https:\/\/skaitytaknyga.lt\/produktas\/marija-egiptiete\/"]}]},{"@type":"ImageObject","inLanguage":"en-GB","@id":"https:\/\/skaitytaknyga.lt\/produktas\/marija-egiptiete\/#primaryimage","url":"https:\/\/skaitytaknyga.lt\/wp-content\/uploads\/2025\/05\/Marija-Egiptiete.webp","contentUrl":"https:\/\/skaitytaknyga.lt\/wp-content\/uploads\/2025\/05\/Marija-Egiptiete.webp","width":485,"height":800,"caption":"Marija Egiptiet\u0117"},{"@type":"BreadcrumbList","@id":"https:\/\/skaitytaknyga.lt\/produktas\/marija-egiptiete\/#breadcrumb","itemListElement":[{"@type":"ListItem","position":1,"name":"Home","item":"https:\/\/skaitytaknyga.lt\/"},{"@type":"ListItem","position":2,"name":"Parduotuv\u0117","item":"https:\/\/skaitytaknyga.lt\/knygu-parduotuve\/"},{"@type":"ListItem","position":3,"name":"Marija Egiptiet\u0117"}]},{"@type":"WebSite","@id":"https:\/\/skaitytaknyga.lt\/#website","url":"https:\/\/skaitytaknyga.lt\/","name":"skaitytaknyga.lt","description":"Skaitytaknyga.lt \u2013 tai ma\u017eas \u0161eimos verslas, kuris prasid\u0117jo nuo meil\u0117s knygoms ir siekio i\u0161gelb\u0117ti knygas nuo likimo prie konteinerio. Kas vienam nereikalingas daiktas \u2013 kitam lobis, o mes esame tarpininkai, kurie padeda abiems tapti laimingesniems ???? \u017dinome kaip nelengva i\u0161gyventi ma\u017eiems verslams, tad nuo \u0161iol, \u010dia rasite ir kit\u0173, ma\u017e\u0173 \u0161eim\u0173 versl\u0173, rank\u0173 darbo, dovan\u0173 sau ir artimiesiems.","publisher":{"@id":"https:\/\/skaitytaknyga.lt\/#organization"},"potentialAction":[{"@type":"SearchAction","target":{"@type":"EntryPoint","urlTemplate":"https:\/\/skaitytaknyga.lt\/?s={search_term_string}"},"query-input":{"@type":"PropertyValueSpecification","valueRequired":true,"valueName":"search_term_string"}}],"inLanguage":"en-GB"},{"@type":"Organization","@id":"https:\/\/skaitytaknyga.lt\/#organization","name":"skaitytaknyga.lt","url":"https:\/\/skaitytaknyga.lt\/","logo":{"@type":"ImageObject","inLanguage":"en-GB","@id":"https:\/\/skaitytaknyga.lt\/#\/schema\/logo\/image\/","url":"https:\/\/skaitytaknyga.lt\/wp-content\/uploads\/2024\/05\/cropped-cropped-cropped-02_00843_jt3bggkj1j3HLc7SyY6rEUpg.jpeg","contentUrl":"https:\/\/skaitytaknyga.lt\/wp-content\/uploads\/2024\/05\/cropped-cropped-cropped-02_00843_jt3bggkj1j3HLc7SyY6rEUpg.jpeg","width":1600,"height":1600,"caption":"skaitytaknyga.lt"},"image":{"@id":"https:\/\/skaitytaknyga.lt\/#\/schema\/logo\/image\/"},"sameAs":["https:\/\/www.facebook.com\/skaitytaknyga\/"]}]}},"_links":{"self":[{"href":"https:\/\/skaitytaknyga.lt\/en\/wp-json\/wp\/v2\/product\/18278","targetHints":{"allow":["GET"]}}],"collection":[{"href":"https:\/\/skaitytaknyga.lt\/en\/wp-json\/wp\/v2\/product"}],"about":[{"href":"https:\/\/skaitytaknyga.lt\/en\/wp-json\/wp\/v2\/types\/product"}],"replies":[{"embeddable":true,"href":"https:\/\/skaitytaknyga.lt\/en\/wp-json\/wp\/v2\/comments?post=18278"}],"wp:featuredmedia":[{"embeddable":true,"href":"https:\/\/skaitytaknyga.lt\/en\/wp-json\/wp\/v2\/media\/18301"}],"wp:attachment":[{"href":"https:\/\/skaitytaknyga.lt\/en\/wp-json\/wp\/v2\/media?parent=18278"}],"wp:term":[{"taxonomy":"product_brand","embeddable":true,"href":"https:\/\/skaitytaknyga.lt\/en\/wp-json\/wp\/v2\/product_brand?post=18278"},{"taxonomy":"product_cat","embeddable":true,"href":"https:\/\/skaitytaknyga.lt\/en\/wp-json\/wp\/v2\/product_cat?post=18278"},{"taxonomy":"product_tag","embeddable":true,"href":"https:\/\/skaitytaknyga.lt\/en\/wp-json\/wp\/v2\/product_tag?post=18278"}],"curies":[{"name":"wp","href":"https:\/\/api.w.org\/{rel}","templated":true}]}}