{"id":18273,"date":"2025-05-13T10:05:10","date_gmt":"2025-05-13T07:05:10","guid":{"rendered":"https:\/\/skaitytaknyga.lt\/?post_type=product&#038;p=18273"},"modified":"2026-03-05T10:55:13","modified_gmt":"2026-03-05T08:55:13","slug":"10-zingsniu-iveikti-stresa","status":"publish","type":"product","link":"https:\/\/skaitytaknyga.lt\/en\/produktas\/10-zingsniu-iveikti-stresa\/","title":{"rendered":"10 \u017eingsni\u0173 \u012fveikti stres\u0105"},"content":{"rendered":"<p><strong>Neil Shah<\/strong>\u00a0knyga\u00a0<strong>\u201e10 \u017eingsni\u0173 \u012fveikti stres\u0105\u201c<\/strong>\u00a0skiriama visiems, patiriantiems stres\u0105 ir norintiems j\u012f suvaldyti.<\/p>\n<p><strong>Neilas Shahas<\/strong>\u00a0\u2013 vienas did\u017eiausi\u0173 streso valdymo ir geros savijautos autoritet\u0173 Jungtin\u0117je Karalyst\u0117je, Streso valdymo draugijos \u012fk\u016br\u0117jas ir vadovas. Jis konsultuoja ir skaito paskaitas streso valdymo klausimais, keliauja po pasaul\u012f, mokydamas streso valdymo technik\u0173. T\u016bkstan\u010diams \u017emoni\u0173 N. Shahas pad\u0117jo \u012fveikti stres\u0105 juos individualiai konsultuodamas ir rengdamas specialius seminarus.<\/p>\n<p>\u0160i knyga n\u0117ra kokia nors \u201edaryk \u0161itaip ir tavo gyvenimas taps nuostabus\u201c bro\u0161i\u016bra. Did\u017eioji dalis joje pateikiamos informacijos paremta asmenine autoriaus patirtimi. \u201ePirmasis streso palau\u017etas, ties nervinio i\u0161sekimo riba atsid\u016br\u0119s mano klientas buvau a\u0161 pats\u201c, \u2013 sako Neilas Shahas.<\/p>\n<p>Knygoje\u00a0\u00a0<strong>\u201e10 \u017eingsni\u0173 \u012fveikti stres\u0105\u201c\u00a0<\/strong>pristatoma de\u0161imties \u017eingsni\u0173 programa sura\u0161yta nesud\u0117tinga kalba, be jokio profesinio \u017eargono ar sud\u0117tingos terminologijos. Be pagrindin\u0117s informacijos apie stres\u0105, \u010dia rasite praktini\u0173 patarim\u0173, kaip keisti mityb\u0105, poils\u012f, gyvenimo b\u016bd\u0105, taip pat \u012fvairi\u0173 metod\u0173, kuriuos \u012fvald\u0119 v\u0117l gal\u0117site kontroliuoti savo gyvenim\u0105. Stilius lengvas, patrauklus, be joki\u0173 sud\u0117ting\u0173 termin\u0173.<\/p>\n<p>Skaitytojui suteikiama daug naudingos tiek teorine, tiek praktine prasme ir \u012fdomios informacijos. Skiriama visiems, kam \u012fdomu elgsenos, ir gyvenimo kokyb\u0117s dalykai, kas susiduria su stresu, kas nori i\u0161mokti sveikai ir laimingai gyventi.<\/p>\n","protected":false},"excerpt":{"rendered":"<p>Neil Shah\u00a0knyga\u00a0\u201e10 \u017eingsni\u0173 \u012fveikti stres\u0105\u201c\u00a0skiriama visiems, patiriantiems stres\u0105 ir norintiems j\u012f suvaldyti. Neilas Shahas\u00a0\u2013 vienas did\u017eiausi\u0173 streso valdymo ir geros savijautos autoritet\u0173 Jungtin\u0117je Karalyst\u0117je, Streso valdymo draugijos \u012fk\u016br\u0117jas ir vadovas. Jis konsultuoja ir skaito paskaitas streso valdymo klausimais, keliauja po pasaul\u012f, mokydamas streso valdymo technik\u0173. T\u016bkstan\u010diams \u017emoni\u0173 N. Shahas pad\u0117jo \u012fveikti stres\u0105 juos individualiai konsultuodamas ir rengdamas specialius seminarus. \u0160i knyga n\u0117ra kokia nors \u201edaryk \u0161itaip ir tavo gyvenimas taps nuostabus\u201c bro\u0161i\u016bra. Did\u017eioji dalis joje pateikiamos informacijos paremta asmenine autoriaus patirtimi. \u201ePirmasis streso palau\u017etas, ties nervinio i\u0161sekimo riba atsid\u016br\u0119s mano klientas buvau a\u0161 pats\u201c, \u2013 sako Neilas Shahas. Knygoje\u00a0\u00a0\u201e10 \u017eingsni\u0173 \u012fveikti stres\u0105\u201c\u00a0pristatoma de\u0161imties \u017eingsni\u0173 programa sura\u0161yta nesud\u0117tinga kalba, be jokio profesinio \u017eargono ar sud\u0117tingos terminologijos. Be pagrindin\u0117s informacijos apie stres\u0105, \u010dia rasite praktini\u0173 patarim\u0173, kaip keisti mityb\u0105, poils\u012f, gyvenimo b\u016bd\u0105, taip pat \u012fvairi\u0173 metod\u0173, kuriuos \u012fvald\u0119 v\u0117l gal\u0117site kontroliuoti savo gyvenim\u0105. Stilius lengvas, patrauklus, be joki\u0173 sud\u0117ting\u0173 termin\u0173. Skaitytojui suteikiama daug naudingos tiek teorine, tiek praktine prasme ir \u012fdomios informacijos. Skiriama visiems, kam \u012fdomu elgsenos, ir gyvenimo kokyb\u0117s dalykai, kas susiduria su stresu, kas nori i\u0161mokti sveikai ir laimingai gyventi.<\/p>\n","protected":false},"featured_media":18296,"comment_status":"open","ping_status":"closed","template":"","meta":{"_acf_changed":false,"site-sidebar-layout":"default","site-content-layout":"","ast-site-content-layout":"default","site-content-style":"default","site-sidebar-style":"default","ast-global-header-display":"","ast-banner-title-visibility":"","ast-main-header-display":"","ast-hfb-above-header-display":"","ast-hfb-below-header-display":"","ast-hfb-mobile-header-display":"","site-post-title":"","ast-breadcrumbs-content":"","ast-featured-img":"","footer-sml-layout":"","ast-disable-related-posts":"","theme-transparent-header-meta":"","adv-header-id-meta":"","stick-header-meta":"","header-above-stick-meta":"","header-main-stick-meta":"","header-below-stick-meta":"","astra-migrate-meta-layouts":"default","ast-page-background-enabled":"default","ast-page-background-meta":{"desktop":{"background-color":"","background-image":"","background-repeat":"repeat","background-position":"center center","background-size":"auto","background-attachment":"scroll","background-type":"","background-media":"","overlay-type":"","overlay-color":"","overlay-opacity":"","overlay-gradient":""},"tablet":{"background-color":"","background-image":"","background-repeat":"repeat","background-position":"center center","background-size":"auto","background-attachment":"scroll","background-type":"","background-media":"","overlay-type":"","overlay-color":"","overlay-opacity":"","overlay-gradient":""},"mobile":{"background-color":"","background-image":"","background-repeat":"repeat","background-position":"center center","background-size":"auto","background-attachment":"scroll","background-type":"","background-media":"","overlay-type":"","overlay-color":"","overlay-opacity":"","overlay-gradient":""}},"ast-content-background-meta":{"desktop":{"background-color":"var(--ast-global-color-4)","background-image":"","background-repeat":"repeat","background-position":"center center","background-size":"auto","background-attachment":"scroll","background-type":"","background-media":"","overlay-type":"","overlay-color":"","overlay-opacity":"","overlay-gradient":""},"tablet":{"background-color":"var(--ast-global-color-4)","background-image":"","background-repeat":"repeat","background-position":"center center","background-size":"auto","background-attachment":"scroll","background-type":"","background-media":"","overlay-type":"","overlay-color":"","overlay-opacity":"","overlay-gradient":""},"mobile":{"background-color":"var(--ast-global-color-4)","background-image":"","background-repeat":"repeat","background-position":"center center","background-size":"auto","background-attachment":"scroll","background-type":"","background-media":"","overlay-type":"","overlay-color":"","overlay-opacity":"","overlay-gradient":""}}},"product_brand":[],"product_cat":[30],"product_tag":[2171],"class_list":{"0":"post-18273","1":"product","2":"type-product","3":"status-publish","4":"has-post-thumbnail","6":"product_cat-psichologija-ir-saviugda","7":"product_tag-neil-shah","8":"desktop-align-left","9":"tablet-align-left","10":"mobile-align-left","12":"first","13":"instock","14":"shipping-taxable","15":"purchasable","16":"product-type-simple"},"acf":[],"yoast_head":"<!-- This site is optimized with the Yoast SEO plugin v27.4 - https:\/\/yoast.com\/product\/yoast-seo-wordpress\/ -->\n<title>10 \u017eingsni\u0173 \u012fveikti stres\u0105<\/title>\n<meta name=\"description\" content=\"Neil Shah\u00a0knyga\u00a0\u201e10 \u017eingsni\u0173 \u012fveikti stres\u0105\u201c\u00a0skiriama visiems, patiriantiems stres\u0105 ir norintiems j\u012f suvaldyti. Neilas Shahas\u00a0\u2013 vienas did\u017eiausi\u0173 streso\" \/>\n<meta name=\"robots\" content=\"index, follow, max-snippet:-1, max-image-preview:large, max-video-preview:-1\" \/>\n<link rel=\"canonical\" href=\"https:\/\/skaitytaknyga.lt\/en\/produktas\/10-zingsniu-iveikti-stresa\/\" \/>\n<meta property=\"og:locale\" content=\"en_GB\" \/>\n<meta property=\"og:locale:alternate\" content=\"lt_LT\" \/>\n<meta property=\"og:type\" content=\"article\" \/>\n<meta property=\"og:title\" content=\"10 \u017eingsni\u0173 \u012fveikti stres\u0105\" \/>\n<meta property=\"og:description\" content=\"Neil Shah\u00a0knyga\u00a0\u201e10 \u017eingsni\u0173 \u012fveikti stres\u0105\u201c\u00a0skiriama visiems, patiriantiems stres\u0105 ir norintiems j\u012f suvaldyti. Neilas Shahas\u00a0\u2013 vienas did\u017eiausi\u0173 streso\" \/>\n<meta property=\"og:url\" content=\"https:\/\/skaitytaknyga.lt\/en\/produktas\/10-zingsniu-iveikti-stresa\/\" \/>\n<meta property=\"og:site_name\" content=\"Skaitytaknyga\" \/>\n<meta property=\"article:publisher\" content=\"https:\/\/www.facebook.com\/skaitytaknyga\/\" \/>\n<meta property=\"article:modified_time\" content=\"2026-03-05T08:55:13+00:00\" \/>\n<meta property=\"og:image\" content=\"https:\/\/skaitytaknyga.lt\/wp-content\/uploads\/2025\/05\/10-zingsniu-iveikti-stresa.jpg\" \/>\n\t<meta property=\"og:image:width\" content=\"300\" \/>\n\t<meta property=\"og:image:height\" content=\"450\" \/>\n\t<meta property=\"og:image:type\" content=\"image\/jpeg\" \/>\n<meta name=\"twitter:card\" content=\"summary_large_image\" \/>\n<meta name=\"twitter:label1\" content=\"Estimated reading time\" \/>\n\t<meta name=\"twitter:data1\" content=\"1 minute\" \/>\n<script type=\"application\/ld+json\" class=\"yoast-schema-graph\">{\"@context\":\"https:\\\/\\\/schema.org\",\"@graph\":[{\"@type\":\"WebPage\",\"@id\":\"https:\\\/\\\/skaitytaknyga.lt\\\/produktas\\\/10-zingsniu-iveikti-stresa\\\/\",\"url\":\"https:\\\/\\\/skaitytaknyga.lt\\\/produktas\\\/10-zingsniu-iveikti-stresa\\\/\",\"name\":\"10 \u017eingsni\u0173 \u012fveikti stres\u0105\",\"isPartOf\":{\"@id\":\"https:\\\/\\\/skaitytaknyga.lt\\\/#website\"},\"primaryImageOfPage\":{\"@id\":\"https:\\\/\\\/skaitytaknyga.lt\\\/produktas\\\/10-zingsniu-iveikti-stresa\\\/#primaryimage\"},\"image\":{\"@id\":\"https:\\\/\\\/skaitytaknyga.lt\\\/produktas\\\/10-zingsniu-iveikti-stresa\\\/#primaryimage\"},\"thumbnailUrl\":\"https:\\\/\\\/skaitytaknyga.lt\\\/wp-content\\\/uploads\\\/2025\\\/05\\\/10-zingsniu-iveikti-stresa.jpg\",\"datePublished\":\"2025-05-13T07:05:10+00:00\",\"dateModified\":\"2026-03-05T08:55:13+00:00\",\"description\":\"Neil Shah\u00a0knyga\u00a0\u201e10 \u017eingsni\u0173 \u012fveikti stres\u0105\u201c\u00a0skiriama visiems, patiriantiems stres\u0105 ir norintiems j\u012f suvaldyti. Neilas Shahas\u00a0\u2013 vienas did\u017eiausi\u0173 streso\",\"breadcrumb\":{\"@id\":\"https:\\\/\\\/skaitytaknyga.lt\\\/produktas\\\/10-zingsniu-iveikti-stresa\\\/#breadcrumb\"},\"inLanguage\":\"en-GB\",\"potentialAction\":[{\"@type\":\"ReadAction\",\"target\":[\"https:\\\/\\\/skaitytaknyga.lt\\\/produktas\\\/10-zingsniu-iveikti-stresa\\\/\"]}]},{\"@type\":\"ImageObject\",\"inLanguage\":\"en-GB\",\"@id\":\"https:\\\/\\\/skaitytaknyga.lt\\\/produktas\\\/10-zingsniu-iveikti-stresa\\\/#primaryimage\",\"url\":\"https:\\\/\\\/skaitytaknyga.lt\\\/wp-content\\\/uploads\\\/2025\\\/05\\\/10-zingsniu-iveikti-stresa.jpg\",\"contentUrl\":\"https:\\\/\\\/skaitytaknyga.lt\\\/wp-content\\\/uploads\\\/2025\\\/05\\\/10-zingsniu-iveikti-stresa.jpg\",\"width\":300,\"height\":450,\"caption\":\"10 \u017eingsni\u0173 \u012fveikti stres\u0105\"},{\"@type\":\"BreadcrumbList\",\"@id\":\"https:\\\/\\\/skaitytaknyga.lt\\\/produktas\\\/10-zingsniu-iveikti-stresa\\\/#breadcrumb\",\"itemListElement\":[{\"@type\":\"ListItem\",\"position\":1,\"name\":\"Home\",\"item\":\"https:\\\/\\\/skaitytaknyga.lt\\\/\"},{\"@type\":\"ListItem\",\"position\":2,\"name\":\"Parduotuv\u0117\",\"item\":\"https:\\\/\\\/skaitytaknyga.lt\\\/knygu-parduotuve\\\/\"},{\"@type\":\"ListItem\",\"position\":3,\"name\":\"10 \u017eingsni\u0173 \u012fveikti stres\u0105\"}]},{\"@type\":\"WebSite\",\"@id\":\"https:\\\/\\\/skaitytaknyga.lt\\\/#website\",\"url\":\"https:\\\/\\\/skaitytaknyga.lt\\\/\",\"name\":\"skaitytaknyga.lt\",\"description\":\"Skaitytaknyga.lt \u2013 tai ma\u017eas \u0161eimos verslas, kuris prasid\u0117jo nuo meil\u0117s knygoms ir siekio i\u0161gelb\u0117ti knygas nuo likimo prie konteinerio. Kas vienam nereikalingas daiktas \u2013 kitam lobis, o mes esame tarpininkai, kurie padeda abiems tapti laimingesniems ???? \u017dinome kaip nelengva i\u0161gyventi ma\u017eiems verslams, tad nuo \u0161iol, \u010dia rasite ir kit\u0173, ma\u017e\u0173 \u0161eim\u0173 versl\u0173, rank\u0173 darbo, dovan\u0173 sau ir artimiesiems.\",\"publisher\":{\"@id\":\"https:\\\/\\\/skaitytaknyga.lt\\\/#organization\"},\"potentialAction\":[{\"@type\":\"SearchAction\",\"target\":{\"@type\":\"EntryPoint\",\"urlTemplate\":\"https:\\\/\\\/skaitytaknyga.lt\\\/?s={search_term_string}\"},\"query-input\":{\"@type\":\"PropertyValueSpecification\",\"valueRequired\":true,\"valueName\":\"search_term_string\"}}],\"inLanguage\":\"en-GB\"},{\"@type\":\"Organization\",\"@id\":\"https:\\\/\\\/skaitytaknyga.lt\\\/#organization\",\"name\":\"skaitytaknyga.lt\",\"url\":\"https:\\\/\\\/skaitytaknyga.lt\\\/\",\"logo\":{\"@type\":\"ImageObject\",\"inLanguage\":\"en-GB\",\"@id\":\"https:\\\/\\\/skaitytaknyga.lt\\\/#\\\/schema\\\/logo\\\/image\\\/\",\"url\":\"https:\\\/\\\/skaitytaknyga.lt\\\/wp-content\\\/uploads\\\/2024\\\/05\\\/cropped-cropped-cropped-02_00843_jt3bggkj1j3HLc7SyY6rEUpg.jpeg\",\"contentUrl\":\"https:\\\/\\\/skaitytaknyga.lt\\\/wp-content\\\/uploads\\\/2024\\\/05\\\/cropped-cropped-cropped-02_00843_jt3bggkj1j3HLc7SyY6rEUpg.jpeg\",\"width\":1600,\"height\":1600,\"caption\":\"skaitytaknyga.lt\"},\"image\":{\"@id\":\"https:\\\/\\\/skaitytaknyga.lt\\\/#\\\/schema\\\/logo\\\/image\\\/\"},\"sameAs\":[\"https:\\\/\\\/www.facebook.com\\\/skaitytaknyga\\\/\"]}]}<\/script>\n<!-- \/ Yoast SEO plugin. -->","yoast_head_json":{"title":"10 \u017eingsni\u0173 \u012fveikti stres\u0105","description":"Neil Shah\u00a0knyga\u00a0\u201e10 \u017eingsni\u0173 \u012fveikti stres\u0105\u201c\u00a0skiriama visiems, patiriantiems stres\u0105 ir norintiems j\u012f suvaldyti. Neilas Shahas\u00a0\u2013 vienas did\u017eiausi\u0173 streso","robots":{"index":"index","follow":"follow","max-snippet":"max-snippet:-1","max-image-preview":"max-image-preview:large","max-video-preview":"max-video-preview:-1"},"canonical":"https:\/\/skaitytaknyga.lt\/en\/produktas\/10-zingsniu-iveikti-stresa\/","og_locale":"en_GB","og_type":"article","og_title":"[:lt]10 \u017eingsni\u0173 \u012fveikti stres\u0105[:] - Skaitytaknyga","og_description":"Neil Shah\u00a0knyga\u00a0\u201e10 \u017eingsni\u0173 \u012fveikti stres\u0105\u201c\u00a0skiriama visiems, patiriantiems stres\u0105 ir norintiems j\u012f suvaldyti. Neilas Shahas\u00a0\u2013 vienas did\u017eiausi\u0173 streso","og_url":"https:\/\/skaitytaknyga.lt\/en\/produktas\/10-zingsniu-iveikti-stresa\/","og_site_name":"Skaitytaknyga","article_publisher":"https:\/\/www.facebook.com\/skaitytaknyga\/","article_modified_time":"2026-03-05T08:55:13+00:00","og_image":[{"width":300,"height":450,"url":"https:\/\/skaitytaknyga.lt\/wp-content\/uploads\/2025\/05\/10-zingsniu-iveikti-stresa.jpg","type":"image\/jpeg"}],"twitter_card":"summary_large_image","twitter_misc":{"Estimated reading time":"1 minute"},"schema":{"@context":"https:\/\/schema.org","@graph":[{"@type":"WebPage","@id":"https:\/\/skaitytaknyga.lt\/produktas\/10-zingsniu-iveikti-stresa\/","url":"https:\/\/skaitytaknyga.lt\/produktas\/10-zingsniu-iveikti-stresa\/","name":"10 \u017eingsni\u0173 \u012fveikti stres\u0105","isPartOf":{"@id":"https:\/\/skaitytaknyga.lt\/#website"},"primaryImageOfPage":{"@id":"https:\/\/skaitytaknyga.lt\/produktas\/10-zingsniu-iveikti-stresa\/#primaryimage"},"image":{"@id":"https:\/\/skaitytaknyga.lt\/produktas\/10-zingsniu-iveikti-stresa\/#primaryimage"},"thumbnailUrl":"https:\/\/skaitytaknyga.lt\/wp-content\/uploads\/2025\/05\/10-zingsniu-iveikti-stresa.jpg","datePublished":"2025-05-13T07:05:10+00:00","dateModified":"2026-03-05T08:55:13+00:00","description":"Neil Shah\u00a0knyga\u00a0\u201e10 \u017eingsni\u0173 \u012fveikti stres\u0105\u201c\u00a0skiriama visiems, patiriantiems stres\u0105 ir norintiems j\u012f suvaldyti. Neilas Shahas\u00a0\u2013 vienas did\u017eiausi\u0173 streso","breadcrumb":{"@id":"https:\/\/skaitytaknyga.lt\/produktas\/10-zingsniu-iveikti-stresa\/#breadcrumb"},"inLanguage":"en-GB","potentialAction":[{"@type":"ReadAction","target":["https:\/\/skaitytaknyga.lt\/produktas\/10-zingsniu-iveikti-stresa\/"]}]},{"@type":"ImageObject","inLanguage":"en-GB","@id":"https:\/\/skaitytaknyga.lt\/produktas\/10-zingsniu-iveikti-stresa\/#primaryimage","url":"https:\/\/skaitytaknyga.lt\/wp-content\/uploads\/2025\/05\/10-zingsniu-iveikti-stresa.jpg","contentUrl":"https:\/\/skaitytaknyga.lt\/wp-content\/uploads\/2025\/05\/10-zingsniu-iveikti-stresa.jpg","width":300,"height":450,"caption":"10 \u017eingsni\u0173 \u012fveikti stres\u0105"},{"@type":"BreadcrumbList","@id":"https:\/\/skaitytaknyga.lt\/produktas\/10-zingsniu-iveikti-stresa\/#breadcrumb","itemListElement":[{"@type":"ListItem","position":1,"name":"Home","item":"https:\/\/skaitytaknyga.lt\/"},{"@type":"ListItem","position":2,"name":"Parduotuv\u0117","item":"https:\/\/skaitytaknyga.lt\/knygu-parduotuve\/"},{"@type":"ListItem","position":3,"name":"10 \u017eingsni\u0173 \u012fveikti stres\u0105"}]},{"@type":"WebSite","@id":"https:\/\/skaitytaknyga.lt\/#website","url":"https:\/\/skaitytaknyga.lt\/","name":"skaitytaknyga.lt","description":"Skaitytaknyga.lt \u2013 tai ma\u017eas \u0161eimos verslas, kuris prasid\u0117jo nuo meil\u0117s knygoms ir siekio i\u0161gelb\u0117ti knygas nuo likimo prie konteinerio. Kas vienam nereikalingas daiktas \u2013 kitam lobis, o mes esame tarpininkai, kurie padeda abiems tapti laimingesniems ???? \u017dinome kaip nelengva i\u0161gyventi ma\u017eiems verslams, tad nuo \u0161iol, \u010dia rasite ir kit\u0173, ma\u017e\u0173 \u0161eim\u0173 versl\u0173, rank\u0173 darbo, dovan\u0173 sau ir artimiesiems.","publisher":{"@id":"https:\/\/skaitytaknyga.lt\/#organization"},"potentialAction":[{"@type":"SearchAction","target":{"@type":"EntryPoint","urlTemplate":"https:\/\/skaitytaknyga.lt\/?s={search_term_string}"},"query-input":{"@type":"PropertyValueSpecification","valueRequired":true,"valueName":"search_term_string"}}],"inLanguage":"en-GB"},{"@type":"Organization","@id":"https:\/\/skaitytaknyga.lt\/#organization","name":"skaitytaknyga.lt","url":"https:\/\/skaitytaknyga.lt\/","logo":{"@type":"ImageObject","inLanguage":"en-GB","@id":"https:\/\/skaitytaknyga.lt\/#\/schema\/logo\/image\/","url":"https:\/\/skaitytaknyga.lt\/wp-content\/uploads\/2024\/05\/cropped-cropped-cropped-02_00843_jt3bggkj1j3HLc7SyY6rEUpg.jpeg","contentUrl":"https:\/\/skaitytaknyga.lt\/wp-content\/uploads\/2024\/05\/cropped-cropped-cropped-02_00843_jt3bggkj1j3HLc7SyY6rEUpg.jpeg","width":1600,"height":1600,"caption":"skaitytaknyga.lt"},"image":{"@id":"https:\/\/skaitytaknyga.lt\/#\/schema\/logo\/image\/"},"sameAs":["https:\/\/www.facebook.com\/skaitytaknyga\/"]}]}},"_links":{"self":[{"href":"https:\/\/skaitytaknyga.lt\/en\/wp-json\/wp\/v2\/product\/18273","targetHints":{"allow":["GET"]}}],"collection":[{"href":"https:\/\/skaitytaknyga.lt\/en\/wp-json\/wp\/v2\/product"}],"about":[{"href":"https:\/\/skaitytaknyga.lt\/en\/wp-json\/wp\/v2\/types\/product"}],"replies":[{"embeddable":true,"href":"https:\/\/skaitytaknyga.lt\/en\/wp-json\/wp\/v2\/comments?post=18273"}],"wp:featuredmedia":[{"embeddable":true,"href":"https:\/\/skaitytaknyga.lt\/en\/wp-json\/wp\/v2\/media\/18296"}],"wp:attachment":[{"href":"https:\/\/skaitytaknyga.lt\/en\/wp-json\/wp\/v2\/media?parent=18273"}],"wp:term":[{"taxonomy":"product_brand","embeddable":true,"href":"https:\/\/skaitytaknyga.lt\/en\/wp-json\/wp\/v2\/product_brand?post=18273"},{"taxonomy":"product_cat","embeddable":true,"href":"https:\/\/skaitytaknyga.lt\/en\/wp-json\/wp\/v2\/product_cat?post=18273"},{"taxonomy":"product_tag","embeddable":true,"href":"https:\/\/skaitytaknyga.lt\/en\/wp-json\/wp\/v2\/product_tag?post=18273"}],"curies":[{"name":"wp","href":"https:\/\/api.w.org\/{rel}","templated":true}]}}