{"id":18272,"date":"2025-05-13T10:05:10","date_gmt":"2025-05-13T07:05:10","guid":{"rendered":"https:\/\/skaitytaknyga.lt\/?post_type=product&#038;p=18272"},"modified":"2025-05-13T18:45:10","modified_gmt":"2025-05-13T15:45:10","slug":"kuno-kalba","status":"publish","type":"product","link":"https:\/\/skaitytaknyga.lt\/en\/produktas\/kuno-kalba\/","title":{"rendered":"K\u016bno kalba"},"content":{"rendered":"<p>K\u016bno kalbos signal\u0173 supratimas atne\u0161 s\u0117km\u0119 darbe ir kasdieniame gyvenime. \u0160ioje knygoje rasite atsakymus \u012f \u0161iuos ir daugel\u012f kit\u0173 klausim\u0173: kok\u012f vaidmen\u012f k\u016bno kalba atlieka m\u016bs\u0173 kasdienyb\u0117je; kaip su\u017einoti apie j\u016bs\u0173 pa\u010di\u0173 darom\u0105 poveik\u012f; kaip pateikti daugiau informacijos s\u0105moningai vartojant k\u016bno kalb\u0105; kaip \u012fgyti pasitik\u0117jimo savimi bendraujant su \u017emon\u0117mis darbe, visuomeniniame gyvenime ir su partneriu; k\u0105 gal\u0117t\u0173 reik\u0161ti prie\u0161taringi su jumis bendraujan\u010dio \u017emogaus signalai; kaip galima pa\u017einti ir suprasti gestus; kaip i\u0161mokti tiksliau \u012fvertinti pa\u0161nekov\u0105; kaip kritin\u0117se situacijose atrodyti ramiems; kaip geriau suprasti erotikos ir seksualumo signalus. \u012esid\u0117m\u0117kite: gestai pasako daugiau nei \u017eod\u017eiai.<\/p>\n","protected":false},"excerpt":{"rendered":"<p>K\u016bno kalbos signal\u0173 supratimas atne\u0161 s\u0117km\u0119 darbe ir kasdieniame gyvenime. \u0160ioje knygoje rasite atsakymus \u012f \u0161iuos ir daugel\u012f kit\u0173 klausim\u0173: kok\u012f vaidmen\u012f k\u016bno kalba atlieka m\u016bs\u0173 kasdienyb\u0117je; kaip su\u017einoti apie j\u016bs\u0173 pa\u010di\u0173 darom\u0105 poveik\u012f; kaip pateikti daugiau informacijos s\u0105moningai vartojant k\u016bno kalb\u0105; kaip \u012fgyti pasitik\u0117jimo savimi bendraujant su \u017emon\u0117mis darbe, visuomeniniame gyvenime ir su partneriu; k\u0105 gal\u0117t\u0173 reik\u0161ti prie\u0161taringi su jumis bendraujan\u010dio \u017emogaus signalai; kaip galima pa\u017einti ir suprasti gestus; kaip i\u0161mokti tiksliau \u012fvertinti pa\u0161nekov\u0105; kaip kritin\u0117se situacijose atrodyti ramiems; kaip geriau suprasti erotikos ir seksualumo signalus. \u012esid\u0117m\u0117kite: gestai pasako daugiau nei \u017eod\u017eiai.<\/p>\n","protected":false},"featured_media":18295,"comment_status":"open","ping_status":"closed","template":"","meta":{"_acf_changed":false,"site-sidebar-layout":"default","site-content-layout":"","ast-site-content-layout":"default","site-content-style":"default","site-sidebar-style":"default","ast-global-header-display":"","ast-banner-title-visibility":"","ast-main-header-display":"","ast-hfb-above-header-display":"","ast-hfb-below-header-display":"","ast-hfb-mobile-header-display":"","site-post-title":"","ast-breadcrumbs-content":"","ast-featured-img":"","footer-sml-layout":"","ast-disable-related-posts":"","theme-transparent-header-meta":"","adv-header-id-meta":"","stick-header-meta":"","header-above-stick-meta":"","header-main-stick-meta":"","header-below-stick-meta":"","astra-migrate-meta-layouts":"default","ast-page-background-enabled":"default","ast-page-background-meta":{"desktop":{"background-color":"","background-image":"","background-repeat":"repeat","background-position":"center center","background-size":"auto","background-attachment":"scroll","background-type":"","background-media":"","overlay-type":"","overlay-color":"","overlay-opacity":"","overlay-gradient":""},"tablet":{"background-color":"","background-image":"","background-repeat":"repeat","background-position":"center center","background-size":"auto","background-attachment":"scroll","background-type":"","background-media":"","overlay-type":"","overlay-color":"","overlay-opacity":"","overlay-gradient":""},"mobile":{"background-color":"","background-image":"","background-repeat":"repeat","background-position":"center center","background-size":"auto","background-attachment":"scroll","background-type":"","background-media":"","overlay-type":"","overlay-color":"","overlay-opacity":"","overlay-gradient":""}},"ast-content-background-meta":{"desktop":{"background-color":"var(--ast-global-color-4)","background-image":"","background-repeat":"repeat","background-position":"center center","background-size":"auto","background-attachment":"scroll","background-type":"","background-media":"","overlay-type":"","overlay-color":"","overlay-opacity":"","overlay-gradient":""},"tablet":{"background-color":"var(--ast-global-color-4)","background-image":"","background-repeat":"repeat","background-position":"center center","background-size":"auto","background-attachment":"scroll","background-type":"","background-media":"","overlay-type":"","overlay-color":"","overlay-opacity":"","overlay-gradient":""},"mobile":{"background-color":"var(--ast-global-color-4)","background-image":"","background-repeat":"repeat","background-position":"center center","background-size":"auto","background-attachment":"scroll","background-type":"","background-media":"","overlay-type":"","overlay-color":"","overlay-opacity":"","overlay-gradient":""}}},"product_brand":[],"product_cat":[15],"product_tag":[2166,2167,2168,1392,1396,2169],"class_list":{"0":"post-18272","1":"product","2":"type-product","3":"status-publish","4":"has-post-thumbnail","6":"product_cat-uncategorized","7":"product_tag-alfred-bierach","8":"product_tag-kuno-kalba","9":"product_tag-neverbaline-komunikacija","10":"product_tag-psichologija","11":"product_tag-saviugda","12":"product_tag-zmogaus-elgesys","13":"desktop-align-left","14":"tablet-align-left","15":"mobile-align-left","17":"first","18":"instock","19":"shipping-taxable","20":"purchasable","21":"product-type-simple"},"acf":[],"yoast_head":"<!-- This site is optimized with the Yoast SEO plugin v27.0 - https:\/\/yoast.com\/product\/yoast-seo-wordpress\/ -->\n<title>K\u016bno kalba<\/title>\n<meta name=\"description\" content=\"K\u016bno kalbos signal\u0173 supratimas atne\u0161 s\u0117km\u0119 darbe ir kasdieniame gyvenime. \u0160ioje knygoje rasite atsakymus \u012f \u0161iuos ir daugel\u012f kit\u0173 klausim\u0173: kok\u012f vaidmen\u012f\" \/>\n<meta name=\"robots\" content=\"index, follow, max-snippet:-1, max-image-preview:large, max-video-preview:-1\" \/>\n<link rel=\"canonical\" href=\"https:\/\/skaitytaknyga.lt\/en\/produktas\/kuno-kalba\/\" \/>\n<meta property=\"og:locale\" content=\"en_GB\" \/>\n<meta property=\"og:locale:alternate\" content=\"lt_LT\" \/>\n<meta property=\"og:type\" content=\"article\" \/>\n<meta property=\"og:title\" content=\"K\u016bno kalba\" \/>\n<meta property=\"og:description\" content=\"K\u016bno kalbos signal\u0173 supratimas atne\u0161 s\u0117km\u0119 darbe ir kasdieniame gyvenime. \u0160ioje knygoje rasite atsakymus \u012f \u0161iuos ir daugel\u012f kit\u0173 klausim\u0173: kok\u012f vaidmen\u012f\" \/>\n<meta property=\"og:url\" content=\"https:\/\/skaitytaknyga.lt\/en\/produktas\/kuno-kalba\/\" \/>\n<meta property=\"og:site_name\" content=\"Skaitytaknyga\" \/>\n<meta property=\"article:publisher\" content=\"https:\/\/www.facebook.com\/skaitytaknyga\/\" \/>\n<meta property=\"article:modified_time\" content=\"2025-05-13T15:45:10+00:00\" \/>\n<meta property=\"og:image\" content=\"https:\/\/skaitytaknyga.lt\/wp-content\/uploads\/2025\/05\/Kuno-kalba.webp\" \/>\n\t<meta property=\"og:image:width\" content=\"619\" \/>\n\t<meta property=\"og:image:height\" content=\"801\" \/>\n\t<meta property=\"og:image:type\" content=\"image\/webp\" \/>\n<meta name=\"twitter:card\" content=\"summary_large_image\" \/>\n<meta name=\"twitter:label1\" content=\"Estimated reading time\" \/>\n\t<meta name=\"twitter:data1\" content=\"1 minute\" \/>\n<script type=\"application\/ld+json\" class=\"yoast-schema-graph\">{\"@context\":\"https:\/\/schema.org\",\"@graph\":[{\"@type\":\"WebPage\",\"@id\":\"https:\/\/skaitytaknyga.lt\/produktas\/kuno-kalba\/\",\"url\":\"https:\/\/skaitytaknyga.lt\/produktas\/kuno-kalba\/\",\"name\":\"K\u016bno kalba\",\"isPartOf\":{\"@id\":\"https:\/\/skaitytaknyga.lt\/#website\"},\"primaryImageOfPage\":{\"@id\":\"https:\/\/skaitytaknyga.lt\/produktas\/kuno-kalba\/#primaryimage\"},\"image\":{\"@id\":\"https:\/\/skaitytaknyga.lt\/produktas\/kuno-kalba\/#primaryimage\"},\"thumbnailUrl\":\"https:\/\/skaitytaknyga.lt\/wp-content\/uploads\/2025\/05\/Kuno-kalba.webp\",\"datePublished\":\"2025-05-13T07:05:10+00:00\",\"dateModified\":\"2025-05-13T15:45:10+00:00\",\"description\":\"K\u016bno kalbos signal\u0173 supratimas atne\u0161 s\u0117km\u0119 darbe ir kasdieniame gyvenime. \u0160ioje knygoje rasite atsakymus \u012f \u0161iuos ir daugel\u012f kit\u0173 klausim\u0173: kok\u012f vaidmen\u012f\",\"breadcrumb\":{\"@id\":\"https:\/\/skaitytaknyga.lt\/produktas\/kuno-kalba\/#breadcrumb\"},\"inLanguage\":\"en-GB\",\"potentialAction\":[{\"@type\":\"ReadAction\",\"target\":[\"https:\/\/skaitytaknyga.lt\/produktas\/kuno-kalba\/\"]}]},{\"@type\":\"ImageObject\",\"inLanguage\":\"en-GB\",\"@id\":\"https:\/\/skaitytaknyga.lt\/produktas\/kuno-kalba\/#primaryimage\",\"url\":\"https:\/\/skaitytaknyga.lt\/wp-content\/uploads\/2025\/05\/Kuno-kalba.webp\",\"contentUrl\":\"https:\/\/skaitytaknyga.lt\/wp-content\/uploads\/2025\/05\/Kuno-kalba.webp\",\"width\":619,\"height\":801,\"caption\":\"K\u016bno kalba\"},{\"@type\":\"BreadcrumbList\",\"@id\":\"https:\/\/skaitytaknyga.lt\/produktas\/kuno-kalba\/#breadcrumb\",\"itemListElement\":[{\"@type\":\"ListItem\",\"position\":1,\"name\":\"Home\",\"item\":\"https:\/\/skaitytaknyga.lt\/\"},{\"@type\":\"ListItem\",\"position\":2,\"name\":\"Parduotuv\u0117\",\"item\":\"https:\/\/skaitytaknyga.lt\/knygu-parduotuve\/\"},{\"@type\":\"ListItem\",\"position\":3,\"name\":\"K\u016bno kalba\"}]},{\"@type\":\"WebSite\",\"@id\":\"https:\/\/skaitytaknyga.lt\/#website\",\"url\":\"https:\/\/skaitytaknyga.lt\/\",\"name\":\"skaitytaknyga.lt\",\"description\":\"Skaitytaknyga.lt \u2013 tai ma\u017eas \u0161eimos verslas, kuris prasid\u0117jo nuo meil\u0117s knygoms ir siekio i\u0161gelb\u0117ti knygas nuo likimo prie konteinerio. Kas vienam nereikalingas daiktas \u2013 kitam lobis, o mes esame tarpininkai, kurie padeda abiems tapti laimingesniems ???? \u017dinome kaip nelengva i\u0161gyventi ma\u017eiems verslams, tad nuo \u0161iol, \u010dia rasite ir kit\u0173, ma\u017e\u0173 \u0161eim\u0173 versl\u0173, rank\u0173 darbo, dovan\u0173 sau ir artimiesiems.\",\"publisher\":{\"@id\":\"https:\/\/skaitytaknyga.lt\/#organization\"},\"potentialAction\":[{\"@type\":\"SearchAction\",\"target\":{\"@type\":\"EntryPoint\",\"urlTemplate\":\"https:\/\/skaitytaknyga.lt\/?s={search_term_string}\"},\"query-input\":{\"@type\":\"PropertyValueSpecification\",\"valueRequired\":true,\"valueName\":\"search_term_string\"}}],\"inLanguage\":\"en-GB\"},{\"@type\":\"Organization\",\"@id\":\"https:\/\/skaitytaknyga.lt\/#organization\",\"name\":\"skaitytaknyga.lt\",\"url\":\"https:\/\/skaitytaknyga.lt\/\",\"logo\":{\"@type\":\"ImageObject\",\"inLanguage\":\"en-GB\",\"@id\":\"https:\/\/skaitytaknyga.lt\/#\/schema\/logo\/image\/\",\"url\":\"https:\/\/skaitytaknyga.lt\/wp-content\/uploads\/2024\/05\/cropped-cropped-cropped-02_00843_jt3bggkj1j3HLc7SyY6rEUpg.jpeg\",\"contentUrl\":\"https:\/\/skaitytaknyga.lt\/wp-content\/uploads\/2024\/05\/cropped-cropped-cropped-02_00843_jt3bggkj1j3HLc7SyY6rEUpg.jpeg\",\"width\":1600,\"height\":1600,\"caption\":\"skaitytaknyga.lt\"},\"image\":{\"@id\":\"https:\/\/skaitytaknyga.lt\/#\/schema\/logo\/image\/\"},\"sameAs\":[\"https:\/\/www.facebook.com\/skaitytaknyga\/\"]}]}<\/script>\n<!-- \/ Yoast SEO plugin. -->","yoast_head_json":{"title":"K\u016bno kalba","description":"K\u016bno kalbos signal\u0173 supratimas atne\u0161 s\u0117km\u0119 darbe ir kasdieniame gyvenime. \u0160ioje knygoje rasite atsakymus \u012f \u0161iuos ir daugel\u012f kit\u0173 klausim\u0173: kok\u012f vaidmen\u012f","robots":{"index":"index","follow":"follow","max-snippet":"max-snippet:-1","max-image-preview":"max-image-preview:large","max-video-preview":"max-video-preview:-1"},"canonical":"https:\/\/skaitytaknyga.lt\/en\/produktas\/kuno-kalba\/","og_locale":"en_GB","og_type":"article","og_title":"[:lt]K\u016bno kalba[:] - Skaitytaknyga","og_description":"K\u016bno kalbos signal\u0173 supratimas atne\u0161 s\u0117km\u0119 darbe ir kasdieniame gyvenime. \u0160ioje knygoje rasite atsakymus \u012f \u0161iuos ir daugel\u012f kit\u0173 klausim\u0173: kok\u012f vaidmen\u012f","og_url":"https:\/\/skaitytaknyga.lt\/en\/produktas\/kuno-kalba\/","og_site_name":"Skaitytaknyga","article_publisher":"https:\/\/www.facebook.com\/skaitytaknyga\/","article_modified_time":"2025-05-13T15:45:10+00:00","og_image":[{"width":619,"height":801,"url":"https:\/\/skaitytaknyga.lt\/wp-content\/uploads\/2025\/05\/Kuno-kalba.webp","type":"image\/webp"}],"twitter_card":"summary_large_image","twitter_misc":{"Estimated reading time":"1 minute"},"schema":{"@context":"https:\/\/schema.org","@graph":[{"@type":"WebPage","@id":"https:\/\/skaitytaknyga.lt\/produktas\/kuno-kalba\/","url":"https:\/\/skaitytaknyga.lt\/produktas\/kuno-kalba\/","name":"K\u016bno kalba","isPartOf":{"@id":"https:\/\/skaitytaknyga.lt\/#website"},"primaryImageOfPage":{"@id":"https:\/\/skaitytaknyga.lt\/produktas\/kuno-kalba\/#primaryimage"},"image":{"@id":"https:\/\/skaitytaknyga.lt\/produktas\/kuno-kalba\/#primaryimage"},"thumbnailUrl":"https:\/\/skaitytaknyga.lt\/wp-content\/uploads\/2025\/05\/Kuno-kalba.webp","datePublished":"2025-05-13T07:05:10+00:00","dateModified":"2025-05-13T15:45:10+00:00","description":"K\u016bno kalbos signal\u0173 supratimas atne\u0161 s\u0117km\u0119 darbe ir kasdieniame gyvenime. \u0160ioje knygoje rasite atsakymus \u012f \u0161iuos ir daugel\u012f kit\u0173 klausim\u0173: kok\u012f vaidmen\u012f","breadcrumb":{"@id":"https:\/\/skaitytaknyga.lt\/produktas\/kuno-kalba\/#breadcrumb"},"inLanguage":"en-GB","potentialAction":[{"@type":"ReadAction","target":["https:\/\/skaitytaknyga.lt\/produktas\/kuno-kalba\/"]}]},{"@type":"ImageObject","inLanguage":"en-GB","@id":"https:\/\/skaitytaknyga.lt\/produktas\/kuno-kalba\/#primaryimage","url":"https:\/\/skaitytaknyga.lt\/wp-content\/uploads\/2025\/05\/Kuno-kalba.webp","contentUrl":"https:\/\/skaitytaknyga.lt\/wp-content\/uploads\/2025\/05\/Kuno-kalba.webp","width":619,"height":801,"caption":"K\u016bno kalba"},{"@type":"BreadcrumbList","@id":"https:\/\/skaitytaknyga.lt\/produktas\/kuno-kalba\/#breadcrumb","itemListElement":[{"@type":"ListItem","position":1,"name":"Home","item":"https:\/\/skaitytaknyga.lt\/"},{"@type":"ListItem","position":2,"name":"Parduotuv\u0117","item":"https:\/\/skaitytaknyga.lt\/knygu-parduotuve\/"},{"@type":"ListItem","position":3,"name":"K\u016bno kalba"}]},{"@type":"WebSite","@id":"https:\/\/skaitytaknyga.lt\/#website","url":"https:\/\/skaitytaknyga.lt\/","name":"skaitytaknyga.lt","description":"Skaitytaknyga.lt \u2013 tai ma\u017eas \u0161eimos verslas, kuris prasid\u0117jo nuo meil\u0117s knygoms ir siekio i\u0161gelb\u0117ti knygas nuo likimo prie konteinerio. Kas vienam nereikalingas daiktas \u2013 kitam lobis, o mes esame tarpininkai, kurie padeda abiems tapti laimingesniems ???? \u017dinome kaip nelengva i\u0161gyventi ma\u017eiems verslams, tad nuo \u0161iol, \u010dia rasite ir kit\u0173, ma\u017e\u0173 \u0161eim\u0173 versl\u0173, rank\u0173 darbo, dovan\u0173 sau ir artimiesiems.","publisher":{"@id":"https:\/\/skaitytaknyga.lt\/#organization"},"potentialAction":[{"@type":"SearchAction","target":{"@type":"EntryPoint","urlTemplate":"https:\/\/skaitytaknyga.lt\/?s={search_term_string}"},"query-input":{"@type":"PropertyValueSpecification","valueRequired":true,"valueName":"search_term_string"}}],"inLanguage":"en-GB"},{"@type":"Organization","@id":"https:\/\/skaitytaknyga.lt\/#organization","name":"skaitytaknyga.lt","url":"https:\/\/skaitytaknyga.lt\/","logo":{"@type":"ImageObject","inLanguage":"en-GB","@id":"https:\/\/skaitytaknyga.lt\/#\/schema\/logo\/image\/","url":"https:\/\/skaitytaknyga.lt\/wp-content\/uploads\/2024\/05\/cropped-cropped-cropped-02_00843_jt3bggkj1j3HLc7SyY6rEUpg.jpeg","contentUrl":"https:\/\/skaitytaknyga.lt\/wp-content\/uploads\/2024\/05\/cropped-cropped-cropped-02_00843_jt3bggkj1j3HLc7SyY6rEUpg.jpeg","width":1600,"height":1600,"caption":"skaitytaknyga.lt"},"image":{"@id":"https:\/\/skaitytaknyga.lt\/#\/schema\/logo\/image\/"},"sameAs":["https:\/\/www.facebook.com\/skaitytaknyga\/"]}]}},"_links":{"self":[{"href":"https:\/\/skaitytaknyga.lt\/en\/wp-json\/wp\/v2\/product\/18272","targetHints":{"allow":["GET"]}}],"collection":[{"href":"https:\/\/skaitytaknyga.lt\/en\/wp-json\/wp\/v2\/product"}],"about":[{"href":"https:\/\/skaitytaknyga.lt\/en\/wp-json\/wp\/v2\/types\/product"}],"replies":[{"embeddable":true,"href":"https:\/\/skaitytaknyga.lt\/en\/wp-json\/wp\/v2\/comments?post=18272"}],"wp:featuredmedia":[{"embeddable":true,"href":"https:\/\/skaitytaknyga.lt\/en\/wp-json\/wp\/v2\/media\/18295"}],"wp:attachment":[{"href":"https:\/\/skaitytaknyga.lt\/en\/wp-json\/wp\/v2\/media?parent=18272"}],"wp:term":[{"taxonomy":"product_brand","embeddable":true,"href":"https:\/\/skaitytaknyga.lt\/en\/wp-json\/wp\/v2\/product_brand?post=18272"},{"taxonomy":"product_cat","embeddable":true,"href":"https:\/\/skaitytaknyga.lt\/en\/wp-json\/wp\/v2\/product_cat?post=18272"},{"taxonomy":"product_tag","embeddable":true,"href":"https:\/\/skaitytaknyga.lt\/en\/wp-json\/wp\/v2\/product_tag?post=18272"}],"curies":[{"name":"wp","href":"https:\/\/api.w.org\/{rel}","templated":true}]}}