{"id":18271,"date":"2025-05-13T10:05:10","date_gmt":"2025-05-13T07:05:10","guid":{"rendered":"https:\/\/skaitytaknyga.lt\/?post_type=product&#038;p=18271"},"modified":"2025-05-13T18:45:10","modified_gmt":"2025-05-13T15:45:10","slug":"karjeros-guru-kaip-susirasti-svajoniu-darba","status":"publish","type":"product","link":"https:\/\/skaitytaknyga.lt\/en\/produktas\/karjeros-guru-kaip-susirasti-svajoniu-darba\/","title":{"rendered":"Karjeros guru: kaip susirasti svajoni\u0173 darb\u0105"},"content":{"rendered":"<p>Jei laikote \u0161i\u0105 knyg\u0105 savo rankose, ko gero, j\u016bs\u0173 galvoje jau sukasi mintys apie geresn\u012f gyvenim\u0105: nauj\u0105 darb\u0105, auk\u0161tesnes pareigas, didesn\u012f atlyginim\u0105 ar platesnes savirealizacijos galimybes. Netryp\u010diokite vietoje ir paverskite savo svajones realybe! Juk sakoma \u2013 \u201ekas ie\u0161ko, tas randa\u201c. \u0160ios knygos autor\u0117 Rasa Borodina, i\u0161band\u017eiusi abi barikad\u0173 puses, \u2013 buvo darbdave ir pati ie\u0161kojo darbo \u2013 tiki, kad visuomet galite rasti ir dirbti m\u0117gstam\u0105 darb\u0105. Tik svarbu suvokti, ko norite, ir tur\u0117ti ai\u0161k\u0173 plan\u0105.<\/p>\n<p>Knygoje atskleid\u017eiama, kas i\u0161 ties\u0173 nulemia, ar b\u016bsite pakviestas \u012f darbo pokalb\u012f, ar sulauksite i\u0161svajoto pasi\u016blymo ir m\u0117gausit\u0117s \u0161ird\u017eiai mielu darbu. Autor\u0117, pasitelkdama savo kaip personalo atrank\u0173 specialist\u0117s patirt\u012f bei \u017einias, ragina darbo ie\u0161kan\u010dius \u017emones tobul\u0117ti ir pasisemti \u012fdomi\u0173 \u012f\u017evalg\u0173, kurios pad\u0117s geriau pasiruo\u0161ti darbo paie\u0161koms, jaustis dr\u0105siai ir u\u017etikrintai. Ai\u0161k\u016bs, argumentuoti ir i\u0161mintingi patarimai, apra\u0161ytos realios situacijos i\u0161 darbo pokalbi\u0173 ir motyvuojan\u010dios mintys pad\u0117s jums pakeisti po\u017ei\u016br\u012f \u012f darbo paie\u0161kas, pasitik\u0117ti savimi bei darbo rinka.<\/p>\n<p>Knygoje rasite:<\/p>\n<p>\u2022\u00a0pasiruo\u0161imo darbo paie\u0161koms etapus: kaip nusiteikti psichologi\u0161kai ir i\u0161sikelti tinkamus tikslus;<\/p>\n<p>\u2022\u00a0patarim\u0173, kaip nepask\u0119sti darbo skelbim\u0173 j\u016broje ir ie\u0161koti naudingos informacijos apie tinkamas darbo vietas;<\/p>\n<p>\u2022\u00a0darbo pokalbio eigos apra\u0161ym\u0105 su konkre\u010diais patarimais, kaip der\u0117t\u0173 elgtis ir kalb\u0117ti:<\/p>\n<p>\u2022\u00a0nuo k\u016bno kalbos iki ateities perspektyv\u0173 aptarimo; ger\u0173 ir blog\u0173 gyvenimo apra\u0161ym\u0173 (CV), motyvacini\u0173 lai\u0161k\u0173 pavyzd\u017ei\u0173;<\/p>\n<p>\u2022\u00a0ai\u0161ki\u0105 ir tiksli\u0105 atmintin\u0119 prie\u0161 darbo pokalb\u012f.<\/p>\n","protected":false},"excerpt":{"rendered":"<p>Jei laikote \u0161i\u0105 knyg\u0105 savo rankose, ko gero, j\u016bs\u0173 galvoje jau sukasi mintys apie geresn\u012f gyvenim\u0105: nauj\u0105 darb\u0105, auk\u0161tesnes pareigas, didesn\u012f atlyginim\u0105 ar platesnes savirealizacijos galimybes. Netryp\u010diokite vietoje ir paverskite savo svajones realybe! Juk sakoma \u2013 \u201ekas ie\u0161ko, tas randa\u201c. \u0160ios knygos autor\u0117 Rasa Borodina, i\u0161band\u017eiusi abi barikad\u0173 puses, \u2013 buvo darbdave ir pati ie\u0161kojo darbo \u2013 tiki, kad visuomet galite rasti ir dirbti m\u0117gstam\u0105 darb\u0105. Tik svarbu suvokti, ko norite, ir tur\u0117ti ai\u0161k\u0173 plan\u0105. Knygoje atskleid\u017eiama, kas i\u0161 ties\u0173 nulemia, ar b\u016bsite pakviestas \u012f darbo pokalb\u012f, ar sulauksite i\u0161svajoto pasi\u016blymo ir m\u0117gausit\u0117s \u0161ird\u017eiai mielu darbu. Autor\u0117, pasitelkdama savo kaip personalo atrank\u0173 specialist\u0117s patirt\u012f bei \u017einias, ragina darbo ie\u0161kan\u010dius \u017emones tobul\u0117ti ir pasisemti \u012fdomi\u0173 \u012f\u017evalg\u0173, kurios pad\u0117s geriau pasiruo\u0161ti darbo paie\u0161koms, jaustis dr\u0105siai ir u\u017etikrintai. Ai\u0161k\u016bs, argumentuoti ir i\u0161mintingi patarimai, apra\u0161ytos realios situacijos i\u0161 darbo pokalbi\u0173 ir motyvuojan\u010dios mintys pad\u0117s jums pakeisti po\u017ei\u016br\u012f \u012f darbo paie\u0161kas, pasitik\u0117ti savimi bei darbo rinka. Knygoje rasite: \u2022\u00a0pasiruo\u0161imo darbo paie\u0161koms etapus: kaip nusiteikti psichologi\u0161kai ir i\u0161sikelti tinkamus tikslus; \u2022\u00a0patarim\u0173, kaip nepask\u0119sti darbo skelbim\u0173 j\u016broje ir ie\u0161koti naudingos informacijos apie tinkamas darbo vietas; \u2022\u00a0darbo pokalbio eigos apra\u0161ym\u0105 su konkre\u010diais patarimais, kaip der\u0117t\u0173 elgtis ir kalb\u0117ti: \u2022\u00a0nuo k\u016bno kalbos iki ateities perspektyv\u0173 aptarimo; ger\u0173 ir blog\u0173 gyvenimo apra\u0161ym\u0173 (CV), motyvacini\u0173 lai\u0161k\u0173 pavyzd\u017ei\u0173; \u2022\u00a0ai\u0161ki\u0105 ir tiksli\u0105 atmintin\u0119 prie\u0161 darbo pokalb\u012f.<\/p>\n","protected":false},"featured_media":18294,"comment_status":"open","ping_status":"closed","template":"","meta":{"_acf_changed":false,"site-sidebar-layout":"default","site-content-layout":"","ast-site-content-layout":"default","site-content-style":"default","site-sidebar-style":"default","ast-global-header-display":"","ast-banner-title-visibility":"","ast-main-header-display":"","ast-hfb-above-header-display":"","ast-hfb-below-header-display":"","ast-hfb-mobile-header-display":"","site-post-title":"","ast-breadcrumbs-content":"","ast-featured-img":"","footer-sml-layout":"","ast-disable-related-posts":"","theme-transparent-header-meta":"","adv-header-id-meta":"","stick-header-meta":"","header-above-stick-meta":"","header-main-stick-meta":"","header-below-stick-meta":"","astra-migrate-meta-layouts":"default","ast-page-background-enabled":"default","ast-page-background-meta":{"desktop":{"background-color":"","background-image":"","background-repeat":"repeat","background-position":"center center","background-size":"auto","background-attachment":"scroll","background-type":"","background-media":"","overlay-type":"","overlay-color":"","overlay-opacity":"","overlay-gradient":""},"tablet":{"background-color":"","background-image":"","background-repeat":"repeat","background-position":"center center","background-size":"auto","background-attachment":"scroll","background-type":"","background-media":"","overlay-type":"","overlay-color":"","overlay-opacity":"","overlay-gradient":""},"mobile":{"background-color":"","background-image":"","background-repeat":"repeat","background-position":"center center","background-size":"auto","background-attachment":"scroll","background-type":"","background-media":"","overlay-type":"","overlay-color":"","overlay-opacity":"","overlay-gradient":""}},"ast-content-background-meta":{"desktop":{"background-color":"var(--ast-global-color-4)","background-image":"","background-repeat":"repeat","background-position":"center center","background-size":"auto","background-attachment":"scroll","background-type":"","background-media":"","overlay-type":"","overlay-color":"","overlay-opacity":"","overlay-gradient":""},"tablet":{"background-color":"var(--ast-global-color-4)","background-image":"","background-repeat":"repeat","background-position":"center center","background-size":"auto","background-attachment":"scroll","background-type":"","background-media":"","overlay-type":"","overlay-color":"","overlay-opacity":"","overlay-gradient":""},"mobile":{"background-color":"var(--ast-global-color-4)","background-image":"","background-repeat":"repeat","background-position":"center center","background-size":"auto","background-attachment":"scroll","background-type":"","background-media":"","overlay-type":"","overlay-color":"","overlay-opacity":"","overlay-gradient":""}}},"product_brand":[],"product_cat":[15],"product_tag":[2161,2160,1409,2163,2164,2162],"class_list":{"0":"post-18271","1":"product","2":"type-product","3":"status-publish","4":"has-post-thumbnail","6":"product_cat-uncategorized","7":"product_tag-darbo-paieska","8":"product_tag-karjera","9":"product_tag-motyvacija","10":"product_tag-profesinis-tobulejimas","11":"product_tag-rasa-borodina","12":"product_tag-svajoniu-darbas","13":"desktop-align-left","14":"tablet-align-left","15":"mobile-align-left","17":"first","18":"instock","19":"shipping-taxable","20":"purchasable","21":"product-type-simple"},"acf":[],"yoast_head":"<!-- This site is optimized with the Yoast SEO plugin v27.0 - https:\/\/yoast.com\/product\/yoast-seo-wordpress\/ -->\n<title>Karjeros guru: kaip susirasti svajoni\u0173 darb\u0105<\/title>\n<meta name=\"description\" content=\"Jei laikote \u0161i\u0105 knyg\u0105 savo rankose, ko gero, j\u016bs\u0173 galvoje jau sukasi mintys apie geresn\u012f gyvenim\u0105: nauj\u0105 darb\u0105, auk\u0161tesnes pareigas, didesn\u012f atlyginim\u0105 ar\" \/>\n<meta name=\"robots\" content=\"index, follow, max-snippet:-1, max-image-preview:large, max-video-preview:-1\" \/>\n<link rel=\"canonical\" href=\"https:\/\/skaitytaknyga.lt\/en\/produktas\/karjeros-guru-kaip-susirasti-svajoniu-darba\/\" \/>\n<meta property=\"og:locale\" content=\"en_GB\" \/>\n<meta property=\"og:locale:alternate\" content=\"lt_LT\" \/>\n<meta property=\"og:type\" content=\"article\" \/>\n<meta property=\"og:title\" content=\"Karjeros guru: kaip susirasti svajoni\u0173 darb\u0105\" \/>\n<meta property=\"og:description\" content=\"Jei laikote \u0161i\u0105 knyg\u0105 savo rankose, ko gero, j\u016bs\u0173 galvoje jau sukasi mintys apie geresn\u012f gyvenim\u0105: nauj\u0105 darb\u0105, auk\u0161tesnes pareigas, didesn\u012f atlyginim\u0105 ar\" \/>\n<meta property=\"og:url\" content=\"https:\/\/skaitytaknyga.lt\/en\/produktas\/karjeros-guru-kaip-susirasti-svajoniu-darba\/\" \/>\n<meta property=\"og:site_name\" content=\"Skaitytaknyga\" \/>\n<meta property=\"article:publisher\" content=\"https:\/\/www.facebook.com\/skaitytaknyga\/\" \/>\n<meta property=\"article:modified_time\" content=\"2025-05-13T15:45:10+00:00\" \/>\n<meta property=\"og:image\" content=\"https:\/\/skaitytaknyga.lt\/wp-content\/uploads\/2025\/05\/Karjeros-guru-kaip-susirasti-svajoniu-darba.webp\" \/>\n\t<meta property=\"og:image:width\" content=\"543\" \/>\n\t<meta property=\"og:image:height\" content=\"801\" \/>\n\t<meta property=\"og:image:type\" content=\"image\/webp\" \/>\n<meta name=\"twitter:card\" content=\"summary_large_image\" \/>\n<meta name=\"twitter:label1\" content=\"Estimated reading time\" \/>\n\t<meta name=\"twitter:data1\" content=\"1 minute\" \/>\n<script type=\"application\/ld+json\" class=\"yoast-schema-graph\">{\"@context\":\"https:\/\/schema.org\",\"@graph\":[{\"@type\":\"WebPage\",\"@id\":\"https:\/\/skaitytaknyga.lt\/produktas\/karjeros-guru-kaip-susirasti-svajoniu-darba\/\",\"url\":\"https:\/\/skaitytaknyga.lt\/produktas\/karjeros-guru-kaip-susirasti-svajoniu-darba\/\",\"name\":\"Karjeros guru: kaip susirasti svajoni\u0173 darb\u0105\",\"isPartOf\":{\"@id\":\"https:\/\/skaitytaknyga.lt\/#website\"},\"primaryImageOfPage\":{\"@id\":\"https:\/\/skaitytaknyga.lt\/produktas\/karjeros-guru-kaip-susirasti-svajoniu-darba\/#primaryimage\"},\"image\":{\"@id\":\"https:\/\/skaitytaknyga.lt\/produktas\/karjeros-guru-kaip-susirasti-svajoniu-darba\/#primaryimage\"},\"thumbnailUrl\":\"https:\/\/skaitytaknyga.lt\/wp-content\/uploads\/2025\/05\/Karjeros-guru-kaip-susirasti-svajoniu-darba.webp\",\"datePublished\":\"2025-05-13T07:05:10+00:00\",\"dateModified\":\"2025-05-13T15:45:10+00:00\",\"description\":\"Jei laikote \u0161i\u0105 knyg\u0105 savo rankose, ko gero, j\u016bs\u0173 galvoje jau sukasi mintys apie geresn\u012f gyvenim\u0105: nauj\u0105 darb\u0105, auk\u0161tesnes pareigas, didesn\u012f atlyginim\u0105 ar\",\"breadcrumb\":{\"@id\":\"https:\/\/skaitytaknyga.lt\/produktas\/karjeros-guru-kaip-susirasti-svajoniu-darba\/#breadcrumb\"},\"inLanguage\":\"en-GB\",\"potentialAction\":[{\"@type\":\"ReadAction\",\"target\":[\"https:\/\/skaitytaknyga.lt\/produktas\/karjeros-guru-kaip-susirasti-svajoniu-darba\/\"]}]},{\"@type\":\"ImageObject\",\"inLanguage\":\"en-GB\",\"@id\":\"https:\/\/skaitytaknyga.lt\/produktas\/karjeros-guru-kaip-susirasti-svajoniu-darba\/#primaryimage\",\"url\":\"https:\/\/skaitytaknyga.lt\/wp-content\/uploads\/2025\/05\/Karjeros-guru-kaip-susirasti-svajoniu-darba.webp\",\"contentUrl\":\"https:\/\/skaitytaknyga.lt\/wp-content\/uploads\/2025\/05\/Karjeros-guru-kaip-susirasti-svajoniu-darba.webp\",\"width\":543,\"height\":801,\"caption\":\"Karjeros guru kaip susirasti svajoni\u0173 darb\u0105\"},{\"@type\":\"BreadcrumbList\",\"@id\":\"https:\/\/skaitytaknyga.lt\/produktas\/karjeros-guru-kaip-susirasti-svajoniu-darba\/#breadcrumb\",\"itemListElement\":[{\"@type\":\"ListItem\",\"position\":1,\"name\":\"Home\",\"item\":\"https:\/\/skaitytaknyga.lt\/\"},{\"@type\":\"ListItem\",\"position\":2,\"name\":\"Parduotuv\u0117\",\"item\":\"https:\/\/skaitytaknyga.lt\/knygu-parduotuve\/\"},{\"@type\":\"ListItem\",\"position\":3,\"name\":\"Karjeros guru: kaip susirasti svajoni\u0173 darb\u0105\"}]},{\"@type\":\"WebSite\",\"@id\":\"https:\/\/skaitytaknyga.lt\/#website\",\"url\":\"https:\/\/skaitytaknyga.lt\/\",\"name\":\"skaitytaknyga.lt\",\"description\":\"Skaitytaknyga.lt \u2013 tai ma\u017eas \u0161eimos verslas, kuris prasid\u0117jo nuo meil\u0117s knygoms ir siekio i\u0161gelb\u0117ti knygas nuo likimo prie konteinerio. Kas vienam nereikalingas daiktas \u2013 kitam lobis, o mes esame tarpininkai, kurie padeda abiems tapti laimingesniems ???? \u017dinome kaip nelengva i\u0161gyventi ma\u017eiems verslams, tad nuo \u0161iol, \u010dia rasite ir kit\u0173, ma\u017e\u0173 \u0161eim\u0173 versl\u0173, rank\u0173 darbo, dovan\u0173 sau ir artimiesiems.\",\"publisher\":{\"@id\":\"https:\/\/skaitytaknyga.lt\/#organization\"},\"potentialAction\":[{\"@type\":\"SearchAction\",\"target\":{\"@type\":\"EntryPoint\",\"urlTemplate\":\"https:\/\/skaitytaknyga.lt\/?s={search_term_string}\"},\"query-input\":{\"@type\":\"PropertyValueSpecification\",\"valueRequired\":true,\"valueName\":\"search_term_string\"}}],\"inLanguage\":\"en-GB\"},{\"@type\":\"Organization\",\"@id\":\"https:\/\/skaitytaknyga.lt\/#organization\",\"name\":\"skaitytaknyga.lt\",\"url\":\"https:\/\/skaitytaknyga.lt\/\",\"logo\":{\"@type\":\"ImageObject\",\"inLanguage\":\"en-GB\",\"@id\":\"https:\/\/skaitytaknyga.lt\/#\/schema\/logo\/image\/\",\"url\":\"https:\/\/skaitytaknyga.lt\/wp-content\/uploads\/2024\/05\/cropped-cropped-cropped-02_00843_jt3bggkj1j3HLc7SyY6rEUpg.jpeg\",\"contentUrl\":\"https:\/\/skaitytaknyga.lt\/wp-content\/uploads\/2024\/05\/cropped-cropped-cropped-02_00843_jt3bggkj1j3HLc7SyY6rEUpg.jpeg\",\"width\":1600,\"height\":1600,\"caption\":\"skaitytaknyga.lt\"},\"image\":{\"@id\":\"https:\/\/skaitytaknyga.lt\/#\/schema\/logo\/image\/\"},\"sameAs\":[\"https:\/\/www.facebook.com\/skaitytaknyga\/\"]}]}<\/script>\n<!-- \/ Yoast SEO plugin. -->","yoast_head_json":{"title":"Karjeros guru: kaip susirasti svajoni\u0173 darb\u0105","description":"Jei laikote \u0161i\u0105 knyg\u0105 savo rankose, ko gero, j\u016bs\u0173 galvoje jau sukasi mintys apie geresn\u012f gyvenim\u0105: nauj\u0105 darb\u0105, auk\u0161tesnes pareigas, didesn\u012f atlyginim\u0105 ar","robots":{"index":"index","follow":"follow","max-snippet":"max-snippet:-1","max-image-preview":"max-image-preview:large","max-video-preview":"max-video-preview:-1"},"canonical":"https:\/\/skaitytaknyga.lt\/en\/produktas\/karjeros-guru-kaip-susirasti-svajoniu-darba\/","og_locale":"en_GB","og_type":"article","og_title":"[:lt]Karjeros guru: kaip susirasti svajoni\u0173 darb\u0105[:] - Skaitytaknyga","og_description":"Jei laikote \u0161i\u0105 knyg\u0105 savo rankose, ko gero, j\u016bs\u0173 galvoje jau sukasi mintys apie geresn\u012f gyvenim\u0105: nauj\u0105 darb\u0105, auk\u0161tesnes pareigas, didesn\u012f atlyginim\u0105 ar","og_url":"https:\/\/skaitytaknyga.lt\/en\/produktas\/karjeros-guru-kaip-susirasti-svajoniu-darba\/","og_site_name":"Skaitytaknyga","article_publisher":"https:\/\/www.facebook.com\/skaitytaknyga\/","article_modified_time":"2025-05-13T15:45:10+00:00","og_image":[{"width":543,"height":801,"url":"https:\/\/skaitytaknyga.lt\/wp-content\/uploads\/2025\/05\/Karjeros-guru-kaip-susirasti-svajoniu-darba.webp","type":"image\/webp"}],"twitter_card":"summary_large_image","twitter_misc":{"Estimated reading time":"1 minute"},"schema":{"@context":"https:\/\/schema.org","@graph":[{"@type":"WebPage","@id":"https:\/\/skaitytaknyga.lt\/produktas\/karjeros-guru-kaip-susirasti-svajoniu-darba\/","url":"https:\/\/skaitytaknyga.lt\/produktas\/karjeros-guru-kaip-susirasti-svajoniu-darba\/","name":"Karjeros guru: kaip susirasti svajoni\u0173 darb\u0105","isPartOf":{"@id":"https:\/\/skaitytaknyga.lt\/#website"},"primaryImageOfPage":{"@id":"https:\/\/skaitytaknyga.lt\/produktas\/karjeros-guru-kaip-susirasti-svajoniu-darba\/#primaryimage"},"image":{"@id":"https:\/\/skaitytaknyga.lt\/produktas\/karjeros-guru-kaip-susirasti-svajoniu-darba\/#primaryimage"},"thumbnailUrl":"https:\/\/skaitytaknyga.lt\/wp-content\/uploads\/2025\/05\/Karjeros-guru-kaip-susirasti-svajoniu-darba.webp","datePublished":"2025-05-13T07:05:10+00:00","dateModified":"2025-05-13T15:45:10+00:00","description":"Jei laikote \u0161i\u0105 knyg\u0105 savo rankose, ko gero, j\u016bs\u0173 galvoje jau sukasi mintys apie geresn\u012f gyvenim\u0105: nauj\u0105 darb\u0105, auk\u0161tesnes pareigas, didesn\u012f atlyginim\u0105 ar","breadcrumb":{"@id":"https:\/\/skaitytaknyga.lt\/produktas\/karjeros-guru-kaip-susirasti-svajoniu-darba\/#breadcrumb"},"inLanguage":"en-GB","potentialAction":[{"@type":"ReadAction","target":["https:\/\/skaitytaknyga.lt\/produktas\/karjeros-guru-kaip-susirasti-svajoniu-darba\/"]}]},{"@type":"ImageObject","inLanguage":"en-GB","@id":"https:\/\/skaitytaknyga.lt\/produktas\/karjeros-guru-kaip-susirasti-svajoniu-darba\/#primaryimage","url":"https:\/\/skaitytaknyga.lt\/wp-content\/uploads\/2025\/05\/Karjeros-guru-kaip-susirasti-svajoniu-darba.webp","contentUrl":"https:\/\/skaitytaknyga.lt\/wp-content\/uploads\/2025\/05\/Karjeros-guru-kaip-susirasti-svajoniu-darba.webp","width":543,"height":801,"caption":"Karjeros guru kaip susirasti svajoni\u0173 darb\u0105"},{"@type":"BreadcrumbList","@id":"https:\/\/skaitytaknyga.lt\/produktas\/karjeros-guru-kaip-susirasti-svajoniu-darba\/#breadcrumb","itemListElement":[{"@type":"ListItem","position":1,"name":"Home","item":"https:\/\/skaitytaknyga.lt\/"},{"@type":"ListItem","position":2,"name":"Parduotuv\u0117","item":"https:\/\/skaitytaknyga.lt\/knygu-parduotuve\/"},{"@type":"ListItem","position":3,"name":"Karjeros guru: kaip susirasti svajoni\u0173 darb\u0105"}]},{"@type":"WebSite","@id":"https:\/\/skaitytaknyga.lt\/#website","url":"https:\/\/skaitytaknyga.lt\/","name":"skaitytaknyga.lt","description":"Skaitytaknyga.lt \u2013 tai ma\u017eas \u0161eimos verslas, kuris prasid\u0117jo nuo meil\u0117s knygoms ir siekio i\u0161gelb\u0117ti knygas nuo likimo prie konteinerio. Kas vienam nereikalingas daiktas \u2013 kitam lobis, o mes esame tarpininkai, kurie padeda abiems tapti laimingesniems ???? \u017dinome kaip nelengva i\u0161gyventi ma\u017eiems verslams, tad nuo \u0161iol, \u010dia rasite ir kit\u0173, ma\u017e\u0173 \u0161eim\u0173 versl\u0173, rank\u0173 darbo, dovan\u0173 sau ir artimiesiems.","publisher":{"@id":"https:\/\/skaitytaknyga.lt\/#organization"},"potentialAction":[{"@type":"SearchAction","target":{"@type":"EntryPoint","urlTemplate":"https:\/\/skaitytaknyga.lt\/?s={search_term_string}"},"query-input":{"@type":"PropertyValueSpecification","valueRequired":true,"valueName":"search_term_string"}}],"inLanguage":"en-GB"},{"@type":"Organization","@id":"https:\/\/skaitytaknyga.lt\/#organization","name":"skaitytaknyga.lt","url":"https:\/\/skaitytaknyga.lt\/","logo":{"@type":"ImageObject","inLanguage":"en-GB","@id":"https:\/\/skaitytaknyga.lt\/#\/schema\/logo\/image\/","url":"https:\/\/skaitytaknyga.lt\/wp-content\/uploads\/2024\/05\/cropped-cropped-cropped-02_00843_jt3bggkj1j3HLc7SyY6rEUpg.jpeg","contentUrl":"https:\/\/skaitytaknyga.lt\/wp-content\/uploads\/2024\/05\/cropped-cropped-cropped-02_00843_jt3bggkj1j3HLc7SyY6rEUpg.jpeg","width":1600,"height":1600,"caption":"skaitytaknyga.lt"},"image":{"@id":"https:\/\/skaitytaknyga.lt\/#\/schema\/logo\/image\/"},"sameAs":["https:\/\/www.facebook.com\/skaitytaknyga\/"]}]}},"_links":{"self":[{"href":"https:\/\/skaitytaknyga.lt\/en\/wp-json\/wp\/v2\/product\/18271","targetHints":{"allow":["GET"]}}],"collection":[{"href":"https:\/\/skaitytaknyga.lt\/en\/wp-json\/wp\/v2\/product"}],"about":[{"href":"https:\/\/skaitytaknyga.lt\/en\/wp-json\/wp\/v2\/types\/product"}],"replies":[{"embeddable":true,"href":"https:\/\/skaitytaknyga.lt\/en\/wp-json\/wp\/v2\/comments?post=18271"}],"wp:featuredmedia":[{"embeddable":true,"href":"https:\/\/skaitytaknyga.lt\/en\/wp-json\/wp\/v2\/media\/18294"}],"wp:attachment":[{"href":"https:\/\/skaitytaknyga.lt\/en\/wp-json\/wp\/v2\/media?parent=18271"}],"wp:term":[{"taxonomy":"product_brand","embeddable":true,"href":"https:\/\/skaitytaknyga.lt\/en\/wp-json\/wp\/v2\/product_brand?post=18271"},{"taxonomy":"product_cat","embeddable":true,"href":"https:\/\/skaitytaknyga.lt\/en\/wp-json\/wp\/v2\/product_cat?post=18271"},{"taxonomy":"product_tag","embeddable":true,"href":"https:\/\/skaitytaknyga.lt\/en\/wp-json\/wp\/v2\/product_tag?post=18271"}],"curies":[{"name":"wp","href":"https:\/\/api.w.org\/{rel}","templated":true}]}}