{"id":18270,"date":"2025-05-13T10:05:10","date_gmt":"2025-05-13T07:05:10","guid":{"rendered":"https:\/\/skaitytaknyga.lt\/?post_type=product&#038;p=18270"},"modified":"2025-05-13T18:45:10","modified_gmt":"2025-05-13T15:45:10","slug":"vasarnamis-su-baseinu","status":"publish","type":"product","link":"https:\/\/skaitytaknyga.lt\/en\/produktas\/vasarnamis-su-baseinu\/","title":{"rendered":"Vasarnamis su baseinu"},"content":{"rendered":"<p>\u0160eimos gydytojas Markas \u0160loseris padar\u0117 klaid\u0105, d\u0117l kurios mir\u0117 vienas jo pacient\u0173, garsus aktorius Ralfas Mejeris. Dirbant tok\u012f darb\u0105 reputacija yra viskas, tod\u0117l \u0160loseris savo klaid\u0105 bando nusl\u0117pti. Bet nuo Medicinos drausm\u0117s komisijos nenusl\u0117psi nieko&#8230;<\/p>\n<p>B\u0117da dar ir ta, kad paciento mirtis neb\u016btinai \u012fvyko d\u0117l neatid\u017eios klaidos, o \u0160loseris neb\u016btinai lieja a\u0161aras, kad Mejeris negyvas. Gydytojas tur\u0117jo nesuvest\u0173 s\u0105skait\u0173 su savo pacientu, kuris rod\u0117 kiek per didel\u012f d\u0117mes\u012f jo \u017emonai Karolinei. O po \u012fvyki\u0173 vasarnamyje, kuriame pavie\u0161\u0117ti sutuoktiniai Mejeriai buvo pasikviet\u0119 \u0160loser\u012f su \u017emona ir dukromis, atsirado visai svari\u0173 prie\u017eas\u010di\u0173 ker\u0161yti.<\/p>\n","protected":false},"excerpt":{"rendered":"<p>\u0160eimos gydytojas Markas \u0160loseris padar\u0117 klaid\u0105, d\u0117l kurios mir\u0117 vienas jo pacient\u0173, garsus aktorius Ralfas Mejeris. Dirbant tok\u012f darb\u0105 reputacija yra viskas, tod\u0117l \u0160loseris savo klaid\u0105 bando nusl\u0117pti. Bet nuo Medicinos drausm\u0117s komisijos nenusl\u0117psi nieko&#8230; B\u0117da dar ir ta, kad paciento mirtis neb\u016btinai \u012fvyko d\u0117l neatid\u017eios klaidos, o \u0160loseris neb\u016btinai lieja a\u0161aras, kad Mejeris negyvas. Gydytojas tur\u0117jo nesuvest\u0173 s\u0105skait\u0173 su savo pacientu, kuris rod\u0117 kiek per didel\u012f d\u0117mes\u012f jo \u017emonai Karolinei. O po \u012fvyki\u0173 vasarnamyje, kuriame pavie\u0161\u0117ti sutuoktiniai Mejeriai buvo pasikviet\u0119 \u0160loser\u012f su \u017emona ir dukromis, atsirado visai svari\u0173 prie\u017eas\u010di\u0173 ker\u0161yti.<\/p>\n","protected":false},"featured_media":18293,"comment_status":"open","ping_status":"closed","template":"","meta":{"_acf_changed":false,"site-sidebar-layout":"default","site-content-layout":"","ast-site-content-layout":"default","site-content-style":"default","site-sidebar-style":"default","ast-global-header-display":"","ast-banner-title-visibility":"","ast-main-header-display":"","ast-hfb-above-header-display":"","ast-hfb-below-header-display":"","ast-hfb-mobile-header-display":"","site-post-title":"","ast-breadcrumbs-content":"","ast-featured-img":"","footer-sml-layout":"","ast-disable-related-posts":"","theme-transparent-header-meta":"","adv-header-id-meta":"","stick-header-meta":"","header-above-stick-meta":"","header-main-stick-meta":"","header-below-stick-meta":"","astra-migrate-meta-layouts":"default","ast-page-background-enabled":"default","ast-page-background-meta":{"desktop":{"background-color":"","background-image":"","background-repeat":"repeat","background-position":"center center","background-size":"auto","background-attachment":"scroll","background-type":"","background-media":"","overlay-type":"","overlay-color":"","overlay-opacity":"","overlay-gradient":""},"tablet":{"background-color":"","background-image":"","background-repeat":"repeat","background-position":"center center","background-size":"auto","background-attachment":"scroll","background-type":"","background-media":"","overlay-type":"","overlay-color":"","overlay-opacity":"","overlay-gradient":""},"mobile":{"background-color":"","background-image":"","background-repeat":"repeat","background-position":"center center","background-size":"auto","background-attachment":"scroll","background-type":"","background-media":"","overlay-type":"","overlay-color":"","overlay-opacity":"","overlay-gradient":""}},"ast-content-background-meta":{"desktop":{"background-color":"var(--ast-global-color-4)","background-image":"","background-repeat":"repeat","background-position":"center center","background-size":"auto","background-attachment":"scroll","background-type":"","background-media":"","overlay-type":"","overlay-color":"","overlay-opacity":"","overlay-gradient":""},"tablet":{"background-color":"var(--ast-global-color-4)","background-image":"","background-repeat":"repeat","background-position":"center center","background-size":"auto","background-attachment":"scroll","background-type":"","background-media":"","overlay-type":"","overlay-color":"","overlay-opacity":"","overlay-gradient":""},"mobile":{"background-color":"var(--ast-global-color-4)","background-image":"","background-repeat":"repeat","background-position":"center center","background-size":"auto","background-attachment":"scroll","background-type":"","background-media":"","overlay-type":"","overlay-color":"","overlay-opacity":"","overlay-gradient":""}}},"product_brand":[],"product_cat":[15],"product_tag":[2154,1590,2156,2155,2088,2157],"class_list":{"0":"post-18270","1":"product","2":"type-product","3":"status-publish","4":"has-post-thumbnail","6":"product_cat-uncategorized","7":"product_tag-herman-koch","8":"product_tag-itampa","9":"product_tag-olandu-literatura","10":"product_tag-psichologinis-trileris","11":"product_tag-seimos-paslaptys","12":"product_tag-vasarnamis","13":"desktop-align-left","14":"tablet-align-left","15":"mobile-align-left","17":"first","18":"instock","19":"shipping-taxable","20":"purchasable","21":"product-type-simple"},"acf":[],"yoast_head":"<!-- This site is optimized with the Yoast SEO plugin v27.0 - https:\/\/yoast.com\/product\/yoast-seo-wordpress\/ -->\n<title>Vasarnamis su baseinu<\/title>\n<meta name=\"description\" content=\"\u0160eimos gydytojas Markas \u0160loseris padar\u0117 klaid\u0105, d\u0117l kurios mir\u0117 vienas jo pacient\u0173, garsus aktorius Ralfas Mejeris. Dirbant tok\u012f darb\u0105 reputacija yra\" \/>\n<meta name=\"robots\" content=\"index, follow, max-snippet:-1, max-image-preview:large, max-video-preview:-1\" \/>\n<link rel=\"canonical\" href=\"https:\/\/skaitytaknyga.lt\/en\/produktas\/vasarnamis-su-baseinu\/\" \/>\n<meta property=\"og:locale\" content=\"en_GB\" \/>\n<meta property=\"og:locale:alternate\" content=\"lt_LT\" \/>\n<meta property=\"og:type\" content=\"article\" \/>\n<meta property=\"og:title\" content=\"Vasarnamis su baseinu\" \/>\n<meta property=\"og:description\" content=\"\u0160eimos gydytojas Markas \u0160loseris padar\u0117 klaid\u0105, d\u0117l kurios mir\u0117 vienas jo pacient\u0173, garsus aktorius Ralfas Mejeris. Dirbant tok\u012f darb\u0105 reputacija yra\" \/>\n<meta property=\"og:url\" content=\"https:\/\/skaitytaknyga.lt\/en\/produktas\/vasarnamis-su-baseinu\/\" \/>\n<meta property=\"og:site_name\" content=\"Skaitytaknyga\" \/>\n<meta property=\"article:publisher\" content=\"https:\/\/www.facebook.com\/skaitytaknyga\/\" \/>\n<meta property=\"article:modified_time\" content=\"2025-05-13T15:45:10+00:00\" \/>\n<meta property=\"og:image\" content=\"https:\/\/skaitytaknyga.lt\/wp-content\/uploads\/2025\/05\/Vasarnamis-su-baseinu.webp\" \/>\n\t<meta property=\"og:image:width\" content=\"450\" \/>\n\t<meta property=\"og:image:height\" content=\"652\" \/>\n\t<meta property=\"og:image:type\" content=\"image\/webp\" \/>\n<meta name=\"twitter:card\" content=\"summary_large_image\" \/>\n<meta name=\"twitter:label1\" content=\"Estimated reading time\" \/>\n\t<meta name=\"twitter:data1\" content=\"1 minute\" \/>\n<script type=\"application\/ld+json\" class=\"yoast-schema-graph\">{\"@context\":\"https:\/\/schema.org\",\"@graph\":[{\"@type\":\"WebPage\",\"@id\":\"https:\/\/skaitytaknyga.lt\/produktas\/vasarnamis-su-baseinu\/\",\"url\":\"https:\/\/skaitytaknyga.lt\/produktas\/vasarnamis-su-baseinu\/\",\"name\":\"Vasarnamis su baseinu\",\"isPartOf\":{\"@id\":\"https:\/\/skaitytaknyga.lt\/#website\"},\"primaryImageOfPage\":{\"@id\":\"https:\/\/skaitytaknyga.lt\/produktas\/vasarnamis-su-baseinu\/#primaryimage\"},\"image\":{\"@id\":\"https:\/\/skaitytaknyga.lt\/produktas\/vasarnamis-su-baseinu\/#primaryimage\"},\"thumbnailUrl\":\"https:\/\/skaitytaknyga.lt\/wp-content\/uploads\/2025\/05\/Vasarnamis-su-baseinu.webp\",\"datePublished\":\"2025-05-13T07:05:10+00:00\",\"dateModified\":\"2025-05-13T15:45:10+00:00\",\"description\":\"\u0160eimos gydytojas Markas \u0160loseris padar\u0117 klaid\u0105, d\u0117l kurios mir\u0117 vienas jo pacient\u0173, garsus aktorius Ralfas Mejeris. Dirbant tok\u012f darb\u0105 reputacija yra\",\"breadcrumb\":{\"@id\":\"https:\/\/skaitytaknyga.lt\/produktas\/vasarnamis-su-baseinu\/#breadcrumb\"},\"inLanguage\":\"en-GB\",\"potentialAction\":[{\"@type\":\"ReadAction\",\"target\":[\"https:\/\/skaitytaknyga.lt\/produktas\/vasarnamis-su-baseinu\/\"]}]},{\"@type\":\"ImageObject\",\"inLanguage\":\"en-GB\",\"@id\":\"https:\/\/skaitytaknyga.lt\/produktas\/vasarnamis-su-baseinu\/#primaryimage\",\"url\":\"https:\/\/skaitytaknyga.lt\/wp-content\/uploads\/2025\/05\/Vasarnamis-su-baseinu.webp\",\"contentUrl\":\"https:\/\/skaitytaknyga.lt\/wp-content\/uploads\/2025\/05\/Vasarnamis-su-baseinu.webp\",\"width\":450,\"height\":652},{\"@type\":\"BreadcrumbList\",\"@id\":\"https:\/\/skaitytaknyga.lt\/produktas\/vasarnamis-su-baseinu\/#breadcrumb\",\"itemListElement\":[{\"@type\":\"ListItem\",\"position\":1,\"name\":\"Home\",\"item\":\"https:\/\/skaitytaknyga.lt\/\"},{\"@type\":\"ListItem\",\"position\":2,\"name\":\"Parduotuv\u0117\",\"item\":\"https:\/\/skaitytaknyga.lt\/knygu-parduotuve\/\"},{\"@type\":\"ListItem\",\"position\":3,\"name\":\"Vasarnamis su baseinu\"}]},{\"@type\":\"WebSite\",\"@id\":\"https:\/\/skaitytaknyga.lt\/#website\",\"url\":\"https:\/\/skaitytaknyga.lt\/\",\"name\":\"skaitytaknyga.lt\",\"description\":\"Skaitytaknyga.lt \u2013 tai ma\u017eas \u0161eimos verslas, kuris prasid\u0117jo nuo meil\u0117s knygoms ir siekio i\u0161gelb\u0117ti knygas nuo likimo prie konteinerio. Kas vienam nereikalingas daiktas \u2013 kitam lobis, o mes esame tarpininkai, kurie padeda abiems tapti laimingesniems ???? \u017dinome kaip nelengva i\u0161gyventi ma\u017eiems verslams, tad nuo \u0161iol, \u010dia rasite ir kit\u0173, ma\u017e\u0173 \u0161eim\u0173 versl\u0173, rank\u0173 darbo, dovan\u0173 sau ir artimiesiems.\",\"publisher\":{\"@id\":\"https:\/\/skaitytaknyga.lt\/#organization\"},\"potentialAction\":[{\"@type\":\"SearchAction\",\"target\":{\"@type\":\"EntryPoint\",\"urlTemplate\":\"https:\/\/skaitytaknyga.lt\/?s={search_term_string}\"},\"query-input\":{\"@type\":\"PropertyValueSpecification\",\"valueRequired\":true,\"valueName\":\"search_term_string\"}}],\"inLanguage\":\"en-GB\"},{\"@type\":\"Organization\",\"@id\":\"https:\/\/skaitytaknyga.lt\/#organization\",\"name\":\"skaitytaknyga.lt\",\"url\":\"https:\/\/skaitytaknyga.lt\/\",\"logo\":{\"@type\":\"ImageObject\",\"inLanguage\":\"en-GB\",\"@id\":\"https:\/\/skaitytaknyga.lt\/#\/schema\/logo\/image\/\",\"url\":\"https:\/\/skaitytaknyga.lt\/wp-content\/uploads\/2024\/05\/cropped-cropped-cropped-02_00843_jt3bggkj1j3HLc7SyY6rEUpg.jpeg\",\"contentUrl\":\"https:\/\/skaitytaknyga.lt\/wp-content\/uploads\/2024\/05\/cropped-cropped-cropped-02_00843_jt3bggkj1j3HLc7SyY6rEUpg.jpeg\",\"width\":1600,\"height\":1600,\"caption\":\"skaitytaknyga.lt\"},\"image\":{\"@id\":\"https:\/\/skaitytaknyga.lt\/#\/schema\/logo\/image\/\"},\"sameAs\":[\"https:\/\/www.facebook.com\/skaitytaknyga\/\"]}]}<\/script>\n<!-- \/ Yoast SEO plugin. -->","yoast_head_json":{"title":"Vasarnamis su baseinu","description":"\u0160eimos gydytojas Markas \u0160loseris padar\u0117 klaid\u0105, d\u0117l kurios mir\u0117 vienas jo pacient\u0173, garsus aktorius Ralfas Mejeris. Dirbant tok\u012f darb\u0105 reputacija yra","robots":{"index":"index","follow":"follow","max-snippet":"max-snippet:-1","max-image-preview":"max-image-preview:large","max-video-preview":"max-video-preview:-1"},"canonical":"https:\/\/skaitytaknyga.lt\/en\/produktas\/vasarnamis-su-baseinu\/","og_locale":"en_GB","og_type":"article","og_title":"[:lt]Vasarnamis su baseinu[:] - Skaitytaknyga","og_description":"\u0160eimos gydytojas Markas \u0160loseris padar\u0117 klaid\u0105, d\u0117l kurios mir\u0117 vienas jo pacient\u0173, garsus aktorius Ralfas Mejeris. Dirbant tok\u012f darb\u0105 reputacija yra","og_url":"https:\/\/skaitytaknyga.lt\/en\/produktas\/vasarnamis-su-baseinu\/","og_site_name":"Skaitytaknyga","article_publisher":"https:\/\/www.facebook.com\/skaitytaknyga\/","article_modified_time":"2025-05-13T15:45:10+00:00","og_image":[{"width":450,"height":652,"url":"https:\/\/skaitytaknyga.lt\/wp-content\/uploads\/2025\/05\/Vasarnamis-su-baseinu.webp","type":"image\/webp"}],"twitter_card":"summary_large_image","twitter_misc":{"Estimated reading time":"1 minute"},"schema":{"@context":"https:\/\/schema.org","@graph":[{"@type":"WebPage","@id":"https:\/\/skaitytaknyga.lt\/produktas\/vasarnamis-su-baseinu\/","url":"https:\/\/skaitytaknyga.lt\/produktas\/vasarnamis-su-baseinu\/","name":"Vasarnamis su baseinu","isPartOf":{"@id":"https:\/\/skaitytaknyga.lt\/#website"},"primaryImageOfPage":{"@id":"https:\/\/skaitytaknyga.lt\/produktas\/vasarnamis-su-baseinu\/#primaryimage"},"image":{"@id":"https:\/\/skaitytaknyga.lt\/produktas\/vasarnamis-su-baseinu\/#primaryimage"},"thumbnailUrl":"https:\/\/skaitytaknyga.lt\/wp-content\/uploads\/2025\/05\/Vasarnamis-su-baseinu.webp","datePublished":"2025-05-13T07:05:10+00:00","dateModified":"2025-05-13T15:45:10+00:00","description":"\u0160eimos gydytojas Markas \u0160loseris padar\u0117 klaid\u0105, d\u0117l kurios mir\u0117 vienas jo pacient\u0173, garsus aktorius Ralfas Mejeris. Dirbant tok\u012f darb\u0105 reputacija yra","breadcrumb":{"@id":"https:\/\/skaitytaknyga.lt\/produktas\/vasarnamis-su-baseinu\/#breadcrumb"},"inLanguage":"en-GB","potentialAction":[{"@type":"ReadAction","target":["https:\/\/skaitytaknyga.lt\/produktas\/vasarnamis-su-baseinu\/"]}]},{"@type":"ImageObject","inLanguage":"en-GB","@id":"https:\/\/skaitytaknyga.lt\/produktas\/vasarnamis-su-baseinu\/#primaryimage","url":"https:\/\/skaitytaknyga.lt\/wp-content\/uploads\/2025\/05\/Vasarnamis-su-baseinu.webp","contentUrl":"https:\/\/skaitytaknyga.lt\/wp-content\/uploads\/2025\/05\/Vasarnamis-su-baseinu.webp","width":450,"height":652},{"@type":"BreadcrumbList","@id":"https:\/\/skaitytaknyga.lt\/produktas\/vasarnamis-su-baseinu\/#breadcrumb","itemListElement":[{"@type":"ListItem","position":1,"name":"Home","item":"https:\/\/skaitytaknyga.lt\/"},{"@type":"ListItem","position":2,"name":"Parduotuv\u0117","item":"https:\/\/skaitytaknyga.lt\/knygu-parduotuve\/"},{"@type":"ListItem","position":3,"name":"Vasarnamis su baseinu"}]},{"@type":"WebSite","@id":"https:\/\/skaitytaknyga.lt\/#website","url":"https:\/\/skaitytaknyga.lt\/","name":"skaitytaknyga.lt","description":"Skaitytaknyga.lt \u2013 tai ma\u017eas \u0161eimos verslas, kuris prasid\u0117jo nuo meil\u0117s knygoms ir siekio i\u0161gelb\u0117ti knygas nuo likimo prie konteinerio. Kas vienam nereikalingas daiktas \u2013 kitam lobis, o mes esame tarpininkai, kurie padeda abiems tapti laimingesniems ???? \u017dinome kaip nelengva i\u0161gyventi ma\u017eiems verslams, tad nuo \u0161iol, \u010dia rasite ir kit\u0173, ma\u017e\u0173 \u0161eim\u0173 versl\u0173, rank\u0173 darbo, dovan\u0173 sau ir artimiesiems.","publisher":{"@id":"https:\/\/skaitytaknyga.lt\/#organization"},"potentialAction":[{"@type":"SearchAction","target":{"@type":"EntryPoint","urlTemplate":"https:\/\/skaitytaknyga.lt\/?s={search_term_string}"},"query-input":{"@type":"PropertyValueSpecification","valueRequired":true,"valueName":"search_term_string"}}],"inLanguage":"en-GB"},{"@type":"Organization","@id":"https:\/\/skaitytaknyga.lt\/#organization","name":"skaitytaknyga.lt","url":"https:\/\/skaitytaknyga.lt\/","logo":{"@type":"ImageObject","inLanguage":"en-GB","@id":"https:\/\/skaitytaknyga.lt\/#\/schema\/logo\/image\/","url":"https:\/\/skaitytaknyga.lt\/wp-content\/uploads\/2024\/05\/cropped-cropped-cropped-02_00843_jt3bggkj1j3HLc7SyY6rEUpg.jpeg","contentUrl":"https:\/\/skaitytaknyga.lt\/wp-content\/uploads\/2024\/05\/cropped-cropped-cropped-02_00843_jt3bggkj1j3HLc7SyY6rEUpg.jpeg","width":1600,"height":1600,"caption":"skaitytaknyga.lt"},"image":{"@id":"https:\/\/skaitytaknyga.lt\/#\/schema\/logo\/image\/"},"sameAs":["https:\/\/www.facebook.com\/skaitytaknyga\/"]}]}},"_links":{"self":[{"href":"https:\/\/skaitytaknyga.lt\/en\/wp-json\/wp\/v2\/product\/18270","targetHints":{"allow":["GET"]}}],"collection":[{"href":"https:\/\/skaitytaknyga.lt\/en\/wp-json\/wp\/v2\/product"}],"about":[{"href":"https:\/\/skaitytaknyga.lt\/en\/wp-json\/wp\/v2\/types\/product"}],"replies":[{"embeddable":true,"href":"https:\/\/skaitytaknyga.lt\/en\/wp-json\/wp\/v2\/comments?post=18270"}],"wp:featuredmedia":[{"embeddable":true,"href":"https:\/\/skaitytaknyga.lt\/en\/wp-json\/wp\/v2\/media\/18293"}],"wp:attachment":[{"href":"https:\/\/skaitytaknyga.lt\/en\/wp-json\/wp\/v2\/media?parent=18270"}],"wp:term":[{"taxonomy":"product_brand","embeddable":true,"href":"https:\/\/skaitytaknyga.lt\/en\/wp-json\/wp\/v2\/product_brand?post=18270"},{"taxonomy":"product_cat","embeddable":true,"href":"https:\/\/skaitytaknyga.lt\/en\/wp-json\/wp\/v2\/product_cat?post=18270"},{"taxonomy":"product_tag","embeddable":true,"href":"https:\/\/skaitytaknyga.lt\/en\/wp-json\/wp\/v2\/product_tag?post=18270"}],"curies":[{"name":"wp","href":"https:\/\/api.w.org\/{rel}","templated":true}]}}