{"id":18241,"date":"2025-05-12T08:01:44","date_gmt":"2025-05-12T05:01:44","guid":{"rendered":"https:\/\/skaitytaknyga.lt\/?post_type=product&#038;p=18241"},"modified":"2025-10-11T11:58:10","modified_gmt":"2025-10-11T08:58:10","slug":"iliada-ir-odiseja","status":"publish","type":"product","link":"https:\/\/skaitytaknyga.lt\/en\/produktas\/iliada-ir-odiseja\/","title":{"rendered":"Iliada ir Odis\u0117ja"},"content":{"rendered":"<p>Apie Homer\u0105, po senov\u0117s Graikij\u0105 klajojus\u012f akl\u0105 poet\u0105, mes ne\u017einome nieko tikro, bet prie\u0161 atsiversdami pirmuosius jo garsiausi\u0173 k\u016brini\u0173 puslapius b\u016bname vienaip ar kitaip susipa\u017ein\u0119 su Iliada ir Odis\u0117ja. Daugiau kaip du su puse t\u016bkstantme\u010dio \u0161ios knygos maitina Vakar\u0173 civilizacijos vaizduot\u0119. Dar neprad\u0117j\u0119 sekti permaining\u0173 Achilo nuotaik\u0173 ar g\u0117r\u0117tis Odis\u0117jo i\u0161radingumu ir narsa, mes jau tikim\u0117s, kad \u0161ios dvi istorijos apie konkre\u010diu laiku \u012fvykus\u012f kar\u0105 ir konkre\u010dioje erdv\u0117je vykusi\u0105 kelion\u0119 perteiks mums bet kurio \u017emogaus kovos ar tremties patirt\u012f.<\/p>\n<div>\n<p>760\u2013710 m. pr. Kr. hegzametru u\u017era\u0161ytose eilut\u0117se atrandame iki \u0161iol tebejaudinan\u010dias universalias tiesas, \u017emogi\u0161k\u0105sias temas: diev\u0173 ir \u017emoni\u0173 santyk\u012f, po\u017ei\u016br\u012f \u012f doryb\u0119, nars\u0105, i\u0161tikimyb\u0119, kovos etik\u0105. Iliada, pasakojan\u010dia apie Trojos apsiaust\u012f ir \u017elugim\u0105, ir Odis\u0117ja, apdainuojan\u010dia Itak\u0117s valdovo de\u0161imties met\u0173 kelion\u0119 namo pas dor\u0105j\u0105 \u017emon\u0105 Penelop\u0119, r\u0117m\u0117si istorikai ir filosofai, be \u0161i\u0173 knyg\u0173 buvo ne\u012fsivaizduojamas formalusis ugdymas. Niekas nedr\u012fst\u0173 suskai\u010diuoti, kiek klasikini\u0173 ir \u0161iuolaikini\u0173 k\u016brini\u0173 \u012fkv\u0117p\u0117 \u0161ie antikiniai pasakojimai, kiek syki\u0173 \u0161ios istorijos buvo ekranizuotos ir statytos teatr\u0173 scenose. Ir kiek kart\u0173 dar semsis i\u0161 j\u0173 \u012fkv\u0117pimo, nes kiekvienas \u0161irdyje turime savo troj\u0105 ir odis\u0117j\u0105.<\/p>\n<\/div>\n","protected":false},"excerpt":{"rendered":"<p>Apie Homer\u0105, po senov\u0117s Graikij\u0105 klajojus\u012f akl\u0105 poet\u0105, mes ne\u017einome nieko tikro, bet prie\u0161 atsiversdami pirmuosius jo garsiausi\u0173 k\u016brini\u0173 puslapius b\u016bname vienaip ar kitaip susipa\u017ein\u0119 su Iliada ir Odis\u0117ja. Daugiau kaip du su puse t\u016bkstantme\u010dio \u0161ios knygos maitina Vakar\u0173 civilizacijos vaizduot\u0119. Dar neprad\u0117j\u0119 sekti permaining\u0173 Achilo nuotaik\u0173 ar g\u0117r\u0117tis Odis\u0117jo i\u0161radingumu ir narsa, mes jau tikim\u0117s, kad \u0161ios dvi istorijos apie konkre\u010diu laiku \u012fvykus\u012f kar\u0105 ir konkre\u010dioje erdv\u0117je vykusi\u0105 kelion\u0119 perteiks mums bet kurio \u017emogaus kovos ar tremties patirt\u012f. 760\u2013710 m. pr. Kr. hegzametru u\u017era\u0161ytose eilut\u0117se atrandame iki \u0161iol tebejaudinan\u010dias universalias tiesas, \u017emogi\u0161k\u0105sias temas: diev\u0173 ir \u017emoni\u0173 santyk\u012f, po\u017ei\u016br\u012f \u012f doryb\u0119, nars\u0105, i\u0161tikimyb\u0119, kovos etik\u0105. Iliada, pasakojan\u010dia apie Trojos apsiaust\u012f ir \u017elugim\u0105, ir Odis\u0117ja, apdainuojan\u010dia Itak\u0117s valdovo de\u0161imties met\u0173 kelion\u0119 namo pas dor\u0105j\u0105 \u017emon\u0105 Penelop\u0119, r\u0117m\u0117si istorikai ir filosofai, be \u0161i\u0173 knyg\u0173 buvo ne\u012fsivaizduojamas formalusis ugdymas. Niekas nedr\u012fst\u0173 suskai\u010diuoti, kiek klasikini\u0173 ir \u0161iuolaikini\u0173 k\u016brini\u0173 \u012fkv\u0117p\u0117 \u0161ie antikiniai pasakojimai, kiek syki\u0173 \u0161ios istorijos buvo ekranizuotos ir statytos teatr\u0173 scenose. Ir kiek kart\u0173 dar semsis i\u0161 j\u0173 \u012fkv\u0117pimo, nes kiekvienas \u0161irdyje turime savo troj\u0105 ir odis\u0117j\u0105.<\/p>\n","protected":false},"featured_media":18242,"comment_status":"open","ping_status":"closed","template":"","meta":{"_acf_changed":false,"site-sidebar-layout":"default","site-content-layout":"","ast-site-content-layout":"default","site-content-style":"default","site-sidebar-style":"default","ast-global-header-display":"","ast-banner-title-visibility":"","ast-main-header-display":"","ast-hfb-above-header-display":"","ast-hfb-below-header-display":"","ast-hfb-mobile-header-display":"","site-post-title":"","ast-breadcrumbs-content":"","ast-featured-img":"","footer-sml-layout":"","ast-disable-related-posts":"","theme-transparent-header-meta":"","adv-header-id-meta":"","stick-header-meta":"","header-above-stick-meta":"","header-main-stick-meta":"","header-below-stick-meta":"","astra-migrate-meta-layouts":"default","ast-page-background-enabled":"default","ast-page-background-meta":{"desktop":{"background-color":"","background-image":"","background-repeat":"repeat","background-position":"center center","background-size":"auto","background-attachment":"scroll","background-type":"","background-media":"","overlay-type":"","overlay-color":"","overlay-opacity":"","overlay-gradient":""},"tablet":{"background-color":"","background-image":"","background-repeat":"repeat","background-position":"center center","background-size":"auto","background-attachment":"scroll","background-type":"","background-media":"","overlay-type":"","overlay-color":"","overlay-opacity":"","overlay-gradient":""},"mobile":{"background-color":"","background-image":"","background-repeat":"repeat","background-position":"center center","background-size":"auto","background-attachment":"scroll","background-type":"","background-media":"","overlay-type":"","overlay-color":"","overlay-opacity":"","overlay-gradient":""}},"ast-content-background-meta":{"desktop":{"background-color":"var(--ast-global-color-4)","background-image":"","background-repeat":"repeat","background-position":"center center","background-size":"auto","background-attachment":"scroll","background-type":"","background-media":"","overlay-type":"","overlay-color":"","overlay-opacity":"","overlay-gradient":""},"tablet":{"background-color":"var(--ast-global-color-4)","background-image":"","background-repeat":"repeat","background-position":"center center","background-size":"auto","background-attachment":"scroll","background-type":"","background-media":"","overlay-type":"","overlay-color":"","overlay-opacity":"","overlay-gradient":""},"mobile":{"background-color":"var(--ast-global-color-4)","background-image":"","background-repeat":"repeat","background-position":"center center","background-size":"auto","background-attachment":"scroll","background-type":"","background-media":"","overlay-type":"","overlay-color":"","overlay-opacity":"","overlay-gradient":""}}},"product_brand":[],"product_cat":[15],"product_tag":[1432],"class_list":{"0":"post-18241","1":"product","2":"type-product","3":"status-publish","4":"has-post-thumbnail","6":"product_cat-uncategorized","7":"product_tag-homeras","8":"desktop-align-left","9":"tablet-align-left","10":"mobile-align-left","12":"first","13":"outofstock","14":"shipping-taxable","15":"purchasable","16":"product-type-simple"},"acf":[],"yoast_head":"<!-- This site is optimized with the Yoast SEO plugin v27.0 - https:\/\/yoast.com\/product\/yoast-seo-wordpress\/ -->\n<title>Iliada ir Odis\u0117ja<\/title>\n<meta name=\"description\" content=\"Apie Homer\u0105, po senov\u0117s Graikij\u0105 klajojus\u012f akl\u0105 poet\u0105, mes ne\u017einome nieko tikro, bet prie\u0161 atsiversdami pirmuosius jo garsiausi\u0173 k\u016brini\u0173 puslapius b\u016bname\" \/>\n<meta name=\"robots\" content=\"index, follow, max-snippet:-1, max-image-preview:large, max-video-preview:-1\" \/>\n<link rel=\"canonical\" href=\"https:\/\/skaitytaknyga.lt\/en\/produktas\/iliada-ir-odiseja\/\" \/>\n<meta property=\"og:locale\" content=\"en_GB\" \/>\n<meta property=\"og:locale:alternate\" content=\"lt_LT\" \/>\n<meta property=\"og:type\" content=\"article\" \/>\n<meta property=\"og:title\" content=\"Iliada ir Odis\u0117ja\" \/>\n<meta property=\"og:description\" content=\"Apie Homer\u0105, po senov\u0117s Graikij\u0105 klajojus\u012f akl\u0105 poet\u0105, mes ne\u017einome nieko tikro, bet prie\u0161 atsiversdami pirmuosius jo garsiausi\u0173 k\u016brini\u0173 puslapius b\u016bname\" \/>\n<meta property=\"og:url\" content=\"https:\/\/skaitytaknyga.lt\/en\/produktas\/iliada-ir-odiseja\/\" \/>\n<meta property=\"og:site_name\" content=\"Skaitytaknyga\" \/>\n<meta property=\"article:publisher\" content=\"https:\/\/www.facebook.com\/skaitytaknyga\/\" \/>\n<meta property=\"article:modified_time\" content=\"2025-10-11T08:58:10+00:00\" \/>\n<meta property=\"og:image\" content=\"https:\/\/skaitytaknyga.lt\/wp-content\/uploads\/2025\/05\/ILIADA-IR-ODISEJA.webp\" \/>\n\t<meta property=\"og:image:width\" content=\"581\" \/>\n\t<meta property=\"og:image:height\" content=\"801\" \/>\n\t<meta property=\"og:image:type\" content=\"image\/webp\" \/>\n<meta name=\"twitter:card\" content=\"summary_large_image\" \/>\n<meta name=\"twitter:label1\" content=\"Estimated reading time\" \/>\n\t<meta name=\"twitter:data1\" content=\"1 minute\" \/>\n<script type=\"application\/ld+json\" class=\"yoast-schema-graph\">{\"@context\":\"https:\/\/schema.org\",\"@graph\":[{\"@type\":\"WebPage\",\"@id\":\"https:\/\/skaitytaknyga.lt\/produktas\/iliada-ir-odiseja\/\",\"url\":\"https:\/\/skaitytaknyga.lt\/produktas\/iliada-ir-odiseja\/\",\"name\":\"Iliada ir Odis\u0117ja\",\"isPartOf\":{\"@id\":\"https:\/\/skaitytaknyga.lt\/#website\"},\"primaryImageOfPage\":{\"@id\":\"https:\/\/skaitytaknyga.lt\/produktas\/iliada-ir-odiseja\/#primaryimage\"},\"image\":{\"@id\":\"https:\/\/skaitytaknyga.lt\/produktas\/iliada-ir-odiseja\/#primaryimage\"},\"thumbnailUrl\":\"https:\/\/skaitytaknyga.lt\/wp-content\/uploads\/2025\/05\/ILIADA-IR-ODISEJA.webp\",\"datePublished\":\"2025-05-12T05:01:44+00:00\",\"dateModified\":\"2025-10-11T08:58:10+00:00\",\"description\":\"Apie Homer\u0105, po senov\u0117s Graikij\u0105 klajojus\u012f akl\u0105 poet\u0105, mes ne\u017einome nieko tikro, bet prie\u0161 atsiversdami pirmuosius jo garsiausi\u0173 k\u016brini\u0173 puslapius b\u016bname\",\"breadcrumb\":{\"@id\":\"https:\/\/skaitytaknyga.lt\/produktas\/iliada-ir-odiseja\/#breadcrumb\"},\"inLanguage\":\"en-GB\",\"potentialAction\":[{\"@type\":\"ReadAction\",\"target\":[\"https:\/\/skaitytaknyga.lt\/produktas\/iliada-ir-odiseja\/\"]}]},{\"@type\":\"ImageObject\",\"inLanguage\":\"en-GB\",\"@id\":\"https:\/\/skaitytaknyga.lt\/produktas\/iliada-ir-odiseja\/#primaryimage\",\"url\":\"https:\/\/skaitytaknyga.lt\/wp-content\/uploads\/2025\/05\/ILIADA-IR-ODISEJA.webp\",\"contentUrl\":\"https:\/\/skaitytaknyga.lt\/wp-content\/uploads\/2025\/05\/ILIADA-IR-ODISEJA.webp\",\"width\":581,\"height\":801,\"caption\":\"ILIADA IR ODIS\u0116JA\"},{\"@type\":\"BreadcrumbList\",\"@id\":\"https:\/\/skaitytaknyga.lt\/produktas\/iliada-ir-odiseja\/#breadcrumb\",\"itemListElement\":[{\"@type\":\"ListItem\",\"position\":1,\"name\":\"Home\",\"item\":\"https:\/\/skaitytaknyga.lt\/\"},{\"@type\":\"ListItem\",\"position\":2,\"name\":\"Parduotuv\u0117\",\"item\":\"https:\/\/skaitytaknyga.lt\/knygu-parduotuve\/\"},{\"@type\":\"ListItem\",\"position\":3,\"name\":\"Iliada ir Odis\u0117ja\"}]},{\"@type\":\"WebSite\",\"@id\":\"https:\/\/skaitytaknyga.lt\/#website\",\"url\":\"https:\/\/skaitytaknyga.lt\/\",\"name\":\"skaitytaknyga.lt\",\"description\":\"Skaitytaknyga.lt \u2013 tai ma\u017eas \u0161eimos verslas, kuris prasid\u0117jo nuo meil\u0117s knygoms ir siekio i\u0161gelb\u0117ti knygas nuo likimo prie konteinerio. Kas vienam nereikalingas daiktas \u2013 kitam lobis, o mes esame tarpininkai, kurie padeda abiems tapti laimingesniems ???? \u017dinome kaip nelengva i\u0161gyventi ma\u017eiems verslams, tad nuo \u0161iol, \u010dia rasite ir kit\u0173, ma\u017e\u0173 \u0161eim\u0173 versl\u0173, rank\u0173 darbo, dovan\u0173 sau ir artimiesiems.\",\"publisher\":{\"@id\":\"https:\/\/skaitytaknyga.lt\/#organization\"},\"potentialAction\":[{\"@type\":\"SearchAction\",\"target\":{\"@type\":\"EntryPoint\",\"urlTemplate\":\"https:\/\/skaitytaknyga.lt\/?s={search_term_string}\"},\"query-input\":{\"@type\":\"PropertyValueSpecification\",\"valueRequired\":true,\"valueName\":\"search_term_string\"}}],\"inLanguage\":\"en-GB\"},{\"@type\":\"Organization\",\"@id\":\"https:\/\/skaitytaknyga.lt\/#organization\",\"name\":\"skaitytaknyga.lt\",\"url\":\"https:\/\/skaitytaknyga.lt\/\",\"logo\":{\"@type\":\"ImageObject\",\"inLanguage\":\"en-GB\",\"@id\":\"https:\/\/skaitytaknyga.lt\/#\/schema\/logo\/image\/\",\"url\":\"https:\/\/skaitytaknyga.lt\/wp-content\/uploads\/2024\/05\/cropped-cropped-cropped-02_00843_jt3bggkj1j3HLc7SyY6rEUpg.jpeg\",\"contentUrl\":\"https:\/\/skaitytaknyga.lt\/wp-content\/uploads\/2024\/05\/cropped-cropped-cropped-02_00843_jt3bggkj1j3HLc7SyY6rEUpg.jpeg\",\"width\":1600,\"height\":1600,\"caption\":\"skaitytaknyga.lt\"},\"image\":{\"@id\":\"https:\/\/skaitytaknyga.lt\/#\/schema\/logo\/image\/\"},\"sameAs\":[\"https:\/\/www.facebook.com\/skaitytaknyga\/\"]}]}<\/script>\n<!-- \/ Yoast SEO plugin. -->","yoast_head_json":{"title":"Iliada ir Odis\u0117ja","description":"Apie Homer\u0105, po senov\u0117s Graikij\u0105 klajojus\u012f akl\u0105 poet\u0105, mes ne\u017einome nieko tikro, bet prie\u0161 atsiversdami pirmuosius jo garsiausi\u0173 k\u016brini\u0173 puslapius b\u016bname","robots":{"index":"index","follow":"follow","max-snippet":"max-snippet:-1","max-image-preview":"max-image-preview:large","max-video-preview":"max-video-preview:-1"},"canonical":"https:\/\/skaitytaknyga.lt\/en\/produktas\/iliada-ir-odiseja\/","og_locale":"en_GB","og_type":"article","og_title":"[:lt]Iliada ir Odis\u0117ja[:] - Skaitytaknyga","og_description":"Apie Homer\u0105, po senov\u0117s Graikij\u0105 klajojus\u012f akl\u0105 poet\u0105, mes ne\u017einome nieko tikro, bet prie\u0161 atsiversdami pirmuosius jo garsiausi\u0173 k\u016brini\u0173 puslapius b\u016bname","og_url":"https:\/\/skaitytaknyga.lt\/en\/produktas\/iliada-ir-odiseja\/","og_site_name":"Skaitytaknyga","article_publisher":"https:\/\/www.facebook.com\/skaitytaknyga\/","article_modified_time":"2025-10-11T08:58:10+00:00","og_image":[{"width":581,"height":801,"url":"https:\/\/skaitytaknyga.lt\/wp-content\/uploads\/2025\/05\/ILIADA-IR-ODISEJA.webp","type":"image\/webp"}],"twitter_card":"summary_large_image","twitter_misc":{"Estimated reading time":"1 minute"},"schema":{"@context":"https:\/\/schema.org","@graph":[{"@type":"WebPage","@id":"https:\/\/skaitytaknyga.lt\/produktas\/iliada-ir-odiseja\/","url":"https:\/\/skaitytaknyga.lt\/produktas\/iliada-ir-odiseja\/","name":"Iliada ir Odis\u0117ja","isPartOf":{"@id":"https:\/\/skaitytaknyga.lt\/#website"},"primaryImageOfPage":{"@id":"https:\/\/skaitytaknyga.lt\/produktas\/iliada-ir-odiseja\/#primaryimage"},"image":{"@id":"https:\/\/skaitytaknyga.lt\/produktas\/iliada-ir-odiseja\/#primaryimage"},"thumbnailUrl":"https:\/\/skaitytaknyga.lt\/wp-content\/uploads\/2025\/05\/ILIADA-IR-ODISEJA.webp","datePublished":"2025-05-12T05:01:44+00:00","dateModified":"2025-10-11T08:58:10+00:00","description":"Apie Homer\u0105, po senov\u0117s Graikij\u0105 klajojus\u012f akl\u0105 poet\u0105, mes ne\u017einome nieko tikro, bet prie\u0161 atsiversdami pirmuosius jo garsiausi\u0173 k\u016brini\u0173 puslapius b\u016bname","breadcrumb":{"@id":"https:\/\/skaitytaknyga.lt\/produktas\/iliada-ir-odiseja\/#breadcrumb"},"inLanguage":"en-GB","potentialAction":[{"@type":"ReadAction","target":["https:\/\/skaitytaknyga.lt\/produktas\/iliada-ir-odiseja\/"]}]},{"@type":"ImageObject","inLanguage":"en-GB","@id":"https:\/\/skaitytaknyga.lt\/produktas\/iliada-ir-odiseja\/#primaryimage","url":"https:\/\/skaitytaknyga.lt\/wp-content\/uploads\/2025\/05\/ILIADA-IR-ODISEJA.webp","contentUrl":"https:\/\/skaitytaknyga.lt\/wp-content\/uploads\/2025\/05\/ILIADA-IR-ODISEJA.webp","width":581,"height":801,"caption":"ILIADA IR ODIS\u0116JA"},{"@type":"BreadcrumbList","@id":"https:\/\/skaitytaknyga.lt\/produktas\/iliada-ir-odiseja\/#breadcrumb","itemListElement":[{"@type":"ListItem","position":1,"name":"Home","item":"https:\/\/skaitytaknyga.lt\/"},{"@type":"ListItem","position":2,"name":"Parduotuv\u0117","item":"https:\/\/skaitytaknyga.lt\/knygu-parduotuve\/"},{"@type":"ListItem","position":3,"name":"Iliada ir Odis\u0117ja"}]},{"@type":"WebSite","@id":"https:\/\/skaitytaknyga.lt\/#website","url":"https:\/\/skaitytaknyga.lt\/","name":"skaitytaknyga.lt","description":"Skaitytaknyga.lt \u2013 tai ma\u017eas \u0161eimos verslas, kuris prasid\u0117jo nuo meil\u0117s knygoms ir siekio i\u0161gelb\u0117ti knygas nuo likimo prie konteinerio. Kas vienam nereikalingas daiktas \u2013 kitam lobis, o mes esame tarpininkai, kurie padeda abiems tapti laimingesniems ???? \u017dinome kaip nelengva i\u0161gyventi ma\u017eiems verslams, tad nuo \u0161iol, \u010dia rasite ir kit\u0173, ma\u017e\u0173 \u0161eim\u0173 versl\u0173, rank\u0173 darbo, dovan\u0173 sau ir artimiesiems.","publisher":{"@id":"https:\/\/skaitytaknyga.lt\/#organization"},"potentialAction":[{"@type":"SearchAction","target":{"@type":"EntryPoint","urlTemplate":"https:\/\/skaitytaknyga.lt\/?s={search_term_string}"},"query-input":{"@type":"PropertyValueSpecification","valueRequired":true,"valueName":"search_term_string"}}],"inLanguage":"en-GB"},{"@type":"Organization","@id":"https:\/\/skaitytaknyga.lt\/#organization","name":"skaitytaknyga.lt","url":"https:\/\/skaitytaknyga.lt\/","logo":{"@type":"ImageObject","inLanguage":"en-GB","@id":"https:\/\/skaitytaknyga.lt\/#\/schema\/logo\/image\/","url":"https:\/\/skaitytaknyga.lt\/wp-content\/uploads\/2024\/05\/cropped-cropped-cropped-02_00843_jt3bggkj1j3HLc7SyY6rEUpg.jpeg","contentUrl":"https:\/\/skaitytaknyga.lt\/wp-content\/uploads\/2024\/05\/cropped-cropped-cropped-02_00843_jt3bggkj1j3HLc7SyY6rEUpg.jpeg","width":1600,"height":1600,"caption":"skaitytaknyga.lt"},"image":{"@id":"https:\/\/skaitytaknyga.lt\/#\/schema\/logo\/image\/"},"sameAs":["https:\/\/www.facebook.com\/skaitytaknyga\/"]}]}},"_links":{"self":[{"href":"https:\/\/skaitytaknyga.lt\/en\/wp-json\/wp\/v2\/product\/18241","targetHints":{"allow":["GET"]}}],"collection":[{"href":"https:\/\/skaitytaknyga.lt\/en\/wp-json\/wp\/v2\/product"}],"about":[{"href":"https:\/\/skaitytaknyga.lt\/en\/wp-json\/wp\/v2\/types\/product"}],"replies":[{"embeddable":true,"href":"https:\/\/skaitytaknyga.lt\/en\/wp-json\/wp\/v2\/comments?post=18241"}],"wp:featuredmedia":[{"embeddable":true,"href":"https:\/\/skaitytaknyga.lt\/en\/wp-json\/wp\/v2\/media\/18242"}],"wp:attachment":[{"href":"https:\/\/skaitytaknyga.lt\/en\/wp-json\/wp\/v2\/media?parent=18241"}],"wp:term":[{"taxonomy":"product_brand","embeddable":true,"href":"https:\/\/skaitytaknyga.lt\/en\/wp-json\/wp\/v2\/product_brand?post=18241"},{"taxonomy":"product_cat","embeddable":true,"href":"https:\/\/skaitytaknyga.lt\/en\/wp-json\/wp\/v2\/product_cat?post=18241"},{"taxonomy":"product_tag","embeddable":true,"href":"https:\/\/skaitytaknyga.lt\/en\/wp-json\/wp\/v2\/product_tag?post=18241"}],"curies":[{"name":"wp","href":"https:\/\/api.w.org\/{rel}","templated":true}]}}