{"id":18229,"date":"2025-05-02T19:25:10","date_gmt":"2025-05-02T16:25:10","guid":{"rendered":"https:\/\/skaitytaknyga.lt\/?post_type=product&#038;p=18229"},"modified":"2025-05-02T19:30:31","modified_gmt":"2025-05-02T16:30:31","slug":"pakeleiviai","status":"publish","type":"product","link":"https:\/\/skaitytaknyga.lt\/en\/produktas\/pakeleiviai\/","title":{"rendered":"Pakeleiviai"},"content":{"rendered":"<p><strong><em>Niekas nelieka, kaip buv\u0119, niekas negali gr\u012f\u017eti \u012f vakaryk\u0161t\u0119 dien\u0105, atsukti laikrod\u017eio atgal, gr\u012f\u017eti \u012f t\u0105 viet\u0105 ir laik\u0105, kai prad\u0117jo kelion\u0119.<\/em><\/strong><\/p>\n<p>R\u016bta ir Ralfas \u2013 treji metai pora be \u012fsipareigojim\u0173. Gyvena skirtinguose Vokietijos miestuose, m\u0117gsta kartu keliauti. Po ilgo i\u0161siskyrimo jiedu i\u0161siruo\u0161ia savaitei \u012f u\u017emir\u0161t\u0105 viduram\u017ei\u0173 piligrim\u0173 keli\u0105 netoli Berlyno. R\u016bta labiausiai trok\u0161ta kurti \u0161eim\u0105 ir tapti mama, Ralfas \u2013 likti laisvu keliautoju ir ra\u0161yti knygas. Kelias sujaukia jausmus, pa\u017eadina prisiminimus, atveria tai, k\u0105 jie patys ilgai sl\u0117p\u0117 nuo sav\u0119s, priver\u010dia pergalvoti tro\u0161kimus. Kiekviename \u017eingsnyje R\u016bt\u0105 lydi ne tik Ralfas \u2013 kartu mintyse keliauja ir mama, sesuo, ir buv\u0119s su\u017ead\u0117tinis, ir kiti praeities \u0161e\u0161\u0117liai.<\/p>\n<p>Psichologinis romanas \u012ftaigiai atskleid\u017eia skirtingus lietuv\u0117s ir vokie\u010dio pasaulius, R\u016btos \u0161eimos istorij\u0105 nepriklausomyb\u0119 k\u0105 tik atkovojusioje Lietuvoje, itin sud\u0117tingus santykius su seserimi ir tai, kaip vienas \u017emogus gali sugriauti vis\u0173 artim\u0173j\u0173 gyvenimus.<\/p>\n","protected":false},"excerpt":{"rendered":"<p>Niekas nelieka, kaip buv\u0119, niekas negali gr\u012f\u017eti \u012f vakaryk\u0161t\u0119 dien\u0105, atsukti laikrod\u017eio atgal, gr\u012f\u017eti \u012f t\u0105 viet\u0105 ir laik\u0105, kai prad\u0117jo kelion\u0119. R\u016bta ir Ralfas \u2013 treji metai pora be \u012fsipareigojim\u0173. Gyvena skirtinguose Vokietijos miestuose, m\u0117gsta kartu keliauti. Po ilgo i\u0161siskyrimo jiedu i\u0161siruo\u0161ia savaitei \u012f u\u017emir\u0161t\u0105 viduram\u017ei\u0173 piligrim\u0173 keli\u0105 netoli Berlyno. R\u016bta labiausiai trok\u0161ta kurti \u0161eim\u0105 ir tapti mama, Ralfas \u2013 likti laisvu keliautoju ir ra\u0161yti knygas. Kelias sujaukia jausmus, pa\u017eadina prisiminimus, atveria tai, k\u0105 jie patys ilgai sl\u0117p\u0117 nuo sav\u0119s, priver\u010dia pergalvoti tro\u0161kimus. Kiekviename \u017eingsnyje R\u016bt\u0105 lydi ne tik Ralfas \u2013 kartu mintyse keliauja ir mama, sesuo, ir buv\u0119s su\u017ead\u0117tinis, ir kiti praeities \u0161e\u0161\u0117liai. Psichologinis romanas \u012ftaigiai atskleid\u017eia skirtingus lietuv\u0117s ir vokie\u010dio pasaulius, R\u016btos \u0161eimos istorij\u0105 nepriklausomyb\u0119 k\u0105 tik atkovojusioje Lietuvoje, itin sud\u0117tingus santykius su seserimi ir tai, kaip vienas \u017emogus gali sugriauti vis\u0173 artim\u0173j\u0173 gyvenimus.<\/p>\n","protected":false},"featured_media":18230,"comment_status":"closed","ping_status":"closed","template":"","meta":{"_acf_changed":false,"site-sidebar-layout":"default","site-content-layout":"","ast-site-content-layout":"default","site-content-style":"default","site-sidebar-style":"default","ast-global-header-display":"","ast-banner-title-visibility":"","ast-main-header-display":"","ast-hfb-above-header-display":"","ast-hfb-below-header-display":"","ast-hfb-mobile-header-display":"","site-post-title":"","ast-breadcrumbs-content":"","ast-featured-img":"","footer-sml-layout":"","ast-disable-related-posts":"","theme-transparent-header-meta":"default","adv-header-id-meta":"","stick-header-meta":"","header-above-stick-meta":"","header-main-stick-meta":"","header-below-stick-meta":"","astra-migrate-meta-layouts":"set","ast-page-background-enabled":"default","ast-page-background-meta":{"desktop":{"background-color":"","background-image":"","background-repeat":"repeat","background-position":"center center","background-size":"auto","background-attachment":"scroll","background-type":"","background-media":"","overlay-type":"","overlay-color":"","overlay-opacity":"","overlay-gradient":""},"tablet":{"background-color":"","background-image":"","background-repeat":"repeat","background-position":"center center","background-size":"auto","background-attachment":"scroll","background-type":"","background-media":"","overlay-type":"","overlay-color":"","overlay-opacity":"","overlay-gradient":""},"mobile":{"background-color":"","background-image":"","background-repeat":"repeat","background-position":"center center","background-size":"auto","background-attachment":"scroll","background-type":"","background-media":"","overlay-type":"","overlay-color":"","overlay-opacity":"","overlay-gradient":""}},"ast-content-background-meta":{"desktop":{"background-color":"var(--ast-global-color-4)","background-image":"","background-repeat":"repeat","background-position":"center center","background-size":"auto","background-attachment":"scroll","background-type":"","background-media":"","overlay-type":"","overlay-color":"","overlay-opacity":"","overlay-gradient":""},"tablet":{"background-color":"var(--ast-global-color-4)","background-image":"","background-repeat":"repeat","background-position":"center center","background-size":"auto","background-attachment":"scroll","background-type":"","background-media":"","overlay-type":"","overlay-color":"","overlay-opacity":"","overlay-gradient":""},"mobile":{"background-color":"var(--ast-global-color-4)","background-image":"","background-repeat":"repeat","background-position":"center center","background-size":"auto","background-attachment":"scroll","background-type":"","background-media":"","overlay-type":"","overlay-color":"","overlay-opacity":"","overlay-gradient":""}}},"product_brand":[],"product_cat":[31],"product_tag":[],"class_list":{"0":"post-18229","1":"product","2":"type-product","3":"status-publish","4":"has-post-thumbnail","6":"product_cat-grozine-literatura","7":"pa_leidimo-metai-1383","8":"desktop-align-left","9":"tablet-align-left","10":"mobile-align-left","12":"first","13":"instock","14":"shipping-taxable","15":"purchasable","16":"product-type-simple"},"acf":[],"yoast_head":"<!-- This site is optimized with the Yoast SEO plugin v27.4 - https:\/\/yoast.com\/product\/yoast-seo-wordpress\/ -->\n<title>Pakeleiviai<\/title>\n<meta name=\"description\" content=\"Niekas nelieka, kaip buv\u0119, niekas negali gr\u012f\u017eti \u012f vakaryk\u0161t\u0119 dien\u0105, atsukti laikrod\u017eio atgal, gr\u012f\u017eti \u012f t\u0105 viet\u0105 ir laik\u0105, kai prad\u0117jo kelion\u0119. R\u016bta ir\" \/>\n<meta name=\"robots\" content=\"index, follow, max-snippet:-1, max-image-preview:large, max-video-preview:-1\" \/>\n<link rel=\"canonical\" href=\"https:\/\/skaitytaknyga.lt\/en\/produktas\/pakeleiviai\/\" \/>\n<meta property=\"og:locale\" content=\"en_GB\" \/>\n<meta property=\"og:locale:alternate\" content=\"lt_LT\" \/>\n<meta property=\"og:type\" content=\"article\" \/>\n<meta property=\"og:title\" content=\"Pakeleiviai\" \/>\n<meta property=\"og:description\" content=\"Niekas nelieka, kaip buv\u0119, niekas negali gr\u012f\u017eti \u012f vakaryk\u0161t\u0119 dien\u0105, atsukti laikrod\u017eio atgal, gr\u012f\u017eti \u012f t\u0105 viet\u0105 ir laik\u0105, kai prad\u0117jo kelion\u0119. R\u016bta ir\" \/>\n<meta property=\"og:url\" content=\"https:\/\/skaitytaknyga.lt\/en\/produktas\/pakeleiviai\/\" \/>\n<meta property=\"og:site_name\" content=\"Skaitytaknyga\" \/>\n<meta property=\"article:publisher\" content=\"https:\/\/www.facebook.com\/skaitytaknyga\/\" \/>\n<meta property=\"article:modified_time\" content=\"2025-05-02T16:30:31+00:00\" \/>\n<meta property=\"og:image\" content=\"https:\/\/skaitytaknyga.lt\/wp-content\/uploads\/2025\/05\/Pakeleiviai.webp\" \/>\n\t<meta property=\"og:image:width\" content=\"535\" \/>\n\t<meta property=\"og:image:height\" content=\"799\" \/>\n\t<meta property=\"og:image:type\" content=\"image\/webp\" \/>\n<meta name=\"twitter:card\" content=\"summary_large_image\" \/>\n<meta name=\"twitter:label1\" content=\"Estimated reading time\" \/>\n\t<meta name=\"twitter:data1\" content=\"1 minute\" \/>\n<script type=\"application\/ld+json\" class=\"yoast-schema-graph\">{\"@context\":\"https:\\\/\\\/schema.org\",\"@graph\":[{\"@type\":\"WebPage\",\"@id\":\"https:\\\/\\\/skaitytaknyga.lt\\\/produktas\\\/pakeleiviai\\\/\",\"url\":\"https:\\\/\\\/skaitytaknyga.lt\\\/produktas\\\/pakeleiviai\\\/\",\"name\":\"Pakeleiviai\",\"isPartOf\":{\"@id\":\"https:\\\/\\\/skaitytaknyga.lt\\\/#website\"},\"primaryImageOfPage\":{\"@id\":\"https:\\\/\\\/skaitytaknyga.lt\\\/produktas\\\/pakeleiviai\\\/#primaryimage\"},\"image\":{\"@id\":\"https:\\\/\\\/skaitytaknyga.lt\\\/produktas\\\/pakeleiviai\\\/#primaryimage\"},\"thumbnailUrl\":\"https:\\\/\\\/skaitytaknyga.lt\\\/wp-content\\\/uploads\\\/2025\\\/05\\\/Pakeleiviai.webp\",\"datePublished\":\"2025-05-02T16:25:10+00:00\",\"dateModified\":\"2025-05-02T16:30:31+00:00\",\"description\":\"Niekas nelieka, kaip buv\u0119, niekas negali gr\u012f\u017eti \u012f vakaryk\u0161t\u0119 dien\u0105, atsukti laikrod\u017eio atgal, gr\u012f\u017eti \u012f t\u0105 viet\u0105 ir laik\u0105, kai prad\u0117jo kelion\u0119. R\u016bta ir\",\"breadcrumb\":{\"@id\":\"https:\\\/\\\/skaitytaknyga.lt\\\/produktas\\\/pakeleiviai\\\/#breadcrumb\"},\"inLanguage\":\"en-GB\",\"potentialAction\":[{\"@type\":\"ReadAction\",\"target\":[\"https:\\\/\\\/skaitytaknyga.lt\\\/produktas\\\/pakeleiviai\\\/\"]}]},{\"@type\":\"ImageObject\",\"inLanguage\":\"en-GB\",\"@id\":\"https:\\\/\\\/skaitytaknyga.lt\\\/produktas\\\/pakeleiviai\\\/#primaryimage\",\"url\":\"https:\\\/\\\/skaitytaknyga.lt\\\/wp-content\\\/uploads\\\/2025\\\/05\\\/Pakeleiviai.webp\",\"contentUrl\":\"https:\\\/\\\/skaitytaknyga.lt\\\/wp-content\\\/uploads\\\/2025\\\/05\\\/Pakeleiviai.webp\",\"width\":535,\"height\":799,\"caption\":\"Pakeleiviai\"},{\"@type\":\"BreadcrumbList\",\"@id\":\"https:\\\/\\\/skaitytaknyga.lt\\\/produktas\\\/pakeleiviai\\\/#breadcrumb\",\"itemListElement\":[{\"@type\":\"ListItem\",\"position\":1,\"name\":\"Home\",\"item\":\"https:\\\/\\\/skaitytaknyga.lt\\\/\"},{\"@type\":\"ListItem\",\"position\":2,\"name\":\"Parduotuv\u0117\",\"item\":\"https:\\\/\\\/skaitytaknyga.lt\\\/knygu-parduotuve\\\/\"},{\"@type\":\"ListItem\",\"position\":3,\"name\":\"Pakeleiviai\"}]},{\"@type\":\"WebSite\",\"@id\":\"https:\\\/\\\/skaitytaknyga.lt\\\/#website\",\"url\":\"https:\\\/\\\/skaitytaknyga.lt\\\/\",\"name\":\"skaitytaknyga.lt\",\"description\":\"Skaitytaknyga.lt \u2013 tai ma\u017eas \u0161eimos verslas, kuris prasid\u0117jo nuo meil\u0117s knygoms ir siekio i\u0161gelb\u0117ti knygas nuo likimo prie konteinerio. Kas vienam nereikalingas daiktas \u2013 kitam lobis, o mes esame tarpininkai, kurie padeda abiems tapti laimingesniems ???? \u017dinome kaip nelengva i\u0161gyventi ma\u017eiems verslams, tad nuo \u0161iol, \u010dia rasite ir kit\u0173, ma\u017e\u0173 \u0161eim\u0173 versl\u0173, rank\u0173 darbo, dovan\u0173 sau ir artimiesiems.\",\"publisher\":{\"@id\":\"https:\\\/\\\/skaitytaknyga.lt\\\/#organization\"},\"potentialAction\":[{\"@type\":\"SearchAction\",\"target\":{\"@type\":\"EntryPoint\",\"urlTemplate\":\"https:\\\/\\\/skaitytaknyga.lt\\\/?s={search_term_string}\"},\"query-input\":{\"@type\":\"PropertyValueSpecification\",\"valueRequired\":true,\"valueName\":\"search_term_string\"}}],\"inLanguage\":\"en-GB\"},{\"@type\":\"Organization\",\"@id\":\"https:\\\/\\\/skaitytaknyga.lt\\\/#organization\",\"name\":\"skaitytaknyga.lt\",\"url\":\"https:\\\/\\\/skaitytaknyga.lt\\\/\",\"logo\":{\"@type\":\"ImageObject\",\"inLanguage\":\"en-GB\",\"@id\":\"https:\\\/\\\/skaitytaknyga.lt\\\/#\\\/schema\\\/logo\\\/image\\\/\",\"url\":\"https:\\\/\\\/skaitytaknyga.lt\\\/wp-content\\\/uploads\\\/2024\\\/05\\\/cropped-cropped-cropped-02_00843_jt3bggkj1j3HLc7SyY6rEUpg.jpeg\",\"contentUrl\":\"https:\\\/\\\/skaitytaknyga.lt\\\/wp-content\\\/uploads\\\/2024\\\/05\\\/cropped-cropped-cropped-02_00843_jt3bggkj1j3HLc7SyY6rEUpg.jpeg\",\"width\":1600,\"height\":1600,\"caption\":\"skaitytaknyga.lt\"},\"image\":{\"@id\":\"https:\\\/\\\/skaitytaknyga.lt\\\/#\\\/schema\\\/logo\\\/image\\\/\"},\"sameAs\":[\"https:\\\/\\\/www.facebook.com\\\/skaitytaknyga\\\/\"]}]}<\/script>\n<!-- \/ Yoast SEO plugin. -->","yoast_head_json":{"title":"Pakeleiviai","description":"Niekas nelieka, kaip buv\u0119, niekas negali gr\u012f\u017eti \u012f vakaryk\u0161t\u0119 dien\u0105, atsukti laikrod\u017eio atgal, gr\u012f\u017eti \u012f t\u0105 viet\u0105 ir laik\u0105, kai prad\u0117jo kelion\u0119. R\u016bta ir","robots":{"index":"index","follow":"follow","max-snippet":"max-snippet:-1","max-image-preview":"max-image-preview:large","max-video-preview":"max-video-preview:-1"},"canonical":"https:\/\/skaitytaknyga.lt\/en\/produktas\/pakeleiviai\/","og_locale":"en_GB","og_type":"article","og_title":"[:lt]Pakeleiviai[:] - Skaitytaknyga","og_description":"Niekas nelieka, kaip buv\u0119, niekas negali gr\u012f\u017eti \u012f vakaryk\u0161t\u0119 dien\u0105, atsukti laikrod\u017eio atgal, gr\u012f\u017eti \u012f t\u0105 viet\u0105 ir laik\u0105, kai prad\u0117jo kelion\u0119. R\u016bta ir","og_url":"https:\/\/skaitytaknyga.lt\/en\/produktas\/pakeleiviai\/","og_site_name":"Skaitytaknyga","article_publisher":"https:\/\/www.facebook.com\/skaitytaknyga\/","article_modified_time":"2025-05-02T16:30:31+00:00","og_image":[{"width":535,"height":799,"url":"https:\/\/skaitytaknyga.lt\/wp-content\/uploads\/2025\/05\/Pakeleiviai.webp","type":"image\/webp"}],"twitter_card":"summary_large_image","twitter_misc":{"Estimated reading time":"1 minute"},"schema":{"@context":"https:\/\/schema.org","@graph":[{"@type":"WebPage","@id":"https:\/\/skaitytaknyga.lt\/produktas\/pakeleiviai\/","url":"https:\/\/skaitytaknyga.lt\/produktas\/pakeleiviai\/","name":"Pakeleiviai","isPartOf":{"@id":"https:\/\/skaitytaknyga.lt\/#website"},"primaryImageOfPage":{"@id":"https:\/\/skaitytaknyga.lt\/produktas\/pakeleiviai\/#primaryimage"},"image":{"@id":"https:\/\/skaitytaknyga.lt\/produktas\/pakeleiviai\/#primaryimage"},"thumbnailUrl":"https:\/\/skaitytaknyga.lt\/wp-content\/uploads\/2025\/05\/Pakeleiviai.webp","datePublished":"2025-05-02T16:25:10+00:00","dateModified":"2025-05-02T16:30:31+00:00","description":"Niekas nelieka, kaip buv\u0119, niekas negali gr\u012f\u017eti \u012f vakaryk\u0161t\u0119 dien\u0105, atsukti laikrod\u017eio atgal, gr\u012f\u017eti \u012f t\u0105 viet\u0105 ir laik\u0105, kai prad\u0117jo kelion\u0119. R\u016bta ir","breadcrumb":{"@id":"https:\/\/skaitytaknyga.lt\/produktas\/pakeleiviai\/#breadcrumb"},"inLanguage":"en-GB","potentialAction":[{"@type":"ReadAction","target":["https:\/\/skaitytaknyga.lt\/produktas\/pakeleiviai\/"]}]},{"@type":"ImageObject","inLanguage":"en-GB","@id":"https:\/\/skaitytaknyga.lt\/produktas\/pakeleiviai\/#primaryimage","url":"https:\/\/skaitytaknyga.lt\/wp-content\/uploads\/2025\/05\/Pakeleiviai.webp","contentUrl":"https:\/\/skaitytaknyga.lt\/wp-content\/uploads\/2025\/05\/Pakeleiviai.webp","width":535,"height":799,"caption":"Pakeleiviai"},{"@type":"BreadcrumbList","@id":"https:\/\/skaitytaknyga.lt\/produktas\/pakeleiviai\/#breadcrumb","itemListElement":[{"@type":"ListItem","position":1,"name":"Home","item":"https:\/\/skaitytaknyga.lt\/"},{"@type":"ListItem","position":2,"name":"Parduotuv\u0117","item":"https:\/\/skaitytaknyga.lt\/knygu-parduotuve\/"},{"@type":"ListItem","position":3,"name":"Pakeleiviai"}]},{"@type":"WebSite","@id":"https:\/\/skaitytaknyga.lt\/#website","url":"https:\/\/skaitytaknyga.lt\/","name":"skaitytaknyga.lt","description":"Skaitytaknyga.lt \u2013 tai ma\u017eas \u0161eimos verslas, kuris prasid\u0117jo nuo meil\u0117s knygoms ir siekio i\u0161gelb\u0117ti knygas nuo likimo prie konteinerio. Kas vienam nereikalingas daiktas \u2013 kitam lobis, o mes esame tarpininkai, kurie padeda abiems tapti laimingesniems ???? \u017dinome kaip nelengva i\u0161gyventi ma\u017eiems verslams, tad nuo \u0161iol, \u010dia rasite ir kit\u0173, ma\u017e\u0173 \u0161eim\u0173 versl\u0173, rank\u0173 darbo, dovan\u0173 sau ir artimiesiems.","publisher":{"@id":"https:\/\/skaitytaknyga.lt\/#organization"},"potentialAction":[{"@type":"SearchAction","target":{"@type":"EntryPoint","urlTemplate":"https:\/\/skaitytaknyga.lt\/?s={search_term_string}"},"query-input":{"@type":"PropertyValueSpecification","valueRequired":true,"valueName":"search_term_string"}}],"inLanguage":"en-GB"},{"@type":"Organization","@id":"https:\/\/skaitytaknyga.lt\/#organization","name":"skaitytaknyga.lt","url":"https:\/\/skaitytaknyga.lt\/","logo":{"@type":"ImageObject","inLanguage":"en-GB","@id":"https:\/\/skaitytaknyga.lt\/#\/schema\/logo\/image\/","url":"https:\/\/skaitytaknyga.lt\/wp-content\/uploads\/2024\/05\/cropped-cropped-cropped-02_00843_jt3bggkj1j3HLc7SyY6rEUpg.jpeg","contentUrl":"https:\/\/skaitytaknyga.lt\/wp-content\/uploads\/2024\/05\/cropped-cropped-cropped-02_00843_jt3bggkj1j3HLc7SyY6rEUpg.jpeg","width":1600,"height":1600,"caption":"skaitytaknyga.lt"},"image":{"@id":"https:\/\/skaitytaknyga.lt\/#\/schema\/logo\/image\/"},"sameAs":["https:\/\/www.facebook.com\/skaitytaknyga\/"]}]}},"_links":{"self":[{"href":"https:\/\/skaitytaknyga.lt\/en\/wp-json\/wp\/v2\/product\/18229","targetHints":{"allow":["GET"]}}],"collection":[{"href":"https:\/\/skaitytaknyga.lt\/en\/wp-json\/wp\/v2\/product"}],"about":[{"href":"https:\/\/skaitytaknyga.lt\/en\/wp-json\/wp\/v2\/types\/product"}],"replies":[{"embeddable":true,"href":"https:\/\/skaitytaknyga.lt\/en\/wp-json\/wp\/v2\/comments?post=18229"}],"wp:featuredmedia":[{"embeddable":true,"href":"https:\/\/skaitytaknyga.lt\/en\/wp-json\/wp\/v2\/media\/18230"}],"wp:attachment":[{"href":"https:\/\/skaitytaknyga.lt\/en\/wp-json\/wp\/v2\/media?parent=18229"}],"wp:term":[{"taxonomy":"product_brand","embeddable":true,"href":"https:\/\/skaitytaknyga.lt\/en\/wp-json\/wp\/v2\/product_brand?post=18229"},{"taxonomy":"product_cat","embeddable":true,"href":"https:\/\/skaitytaknyga.lt\/en\/wp-json\/wp\/v2\/product_cat?post=18229"},{"taxonomy":"product_tag","embeddable":true,"href":"https:\/\/skaitytaknyga.lt\/en\/wp-json\/wp\/v2\/product_tag?post=18229"}],"curies":[{"name":"wp","href":"https:\/\/api.w.org\/{rel}","templated":true}]}}