{"id":18222,"date":"2025-05-02T09:31:12","date_gmt":"2025-05-02T06:31:12","guid":{"rendered":"https:\/\/skaitytaknyga.lt\/?post_type=product&#038;p=18222"},"modified":"2025-05-02T09:34:08","modified_gmt":"2025-05-02T06:34:08","slug":"sibirietiskas-auklejimas","status":"publish","type":"product","link":"https:\/\/skaitytaknyga.lt\/en\/produktas\/sibirietiskas-auklejimas\/","title":{"rendered":"Sibirieti\u0161kas aukl\u0117jimas"},"content":{"rendered":"<p>Gin\u010dijamame, nepripa\u017eintame regione tarp Moldovos ir Ukrainos, Padniestr\u0117je, gyvena glaudi \u201egarbing\u0173 nusikalt\u0117li\u0173\u201c grup\u0117, kilusi i\u0161 Stalino ten i\u0161tremt\u0173 nusikalt\u0117li\u0173. Joje laikomasi grie\u017et\u0173 ritualizuot\u0173 pagarbos ir i\u0161tikimyb\u0117s kanon\u0173. Tatuiruot\u0117s ten pasakoja \u017emogaus gyvenim\u0105, vaikas nuo ma\u017eiausi\u0173 dien\u0173 svajoja apie savo pirm\u0105j\u012f durkl\u0105 pik\u0105, \u201egarbingieji\u201c ginklai grie\u017etai atskiriami nuo \u201enuod\u0117ming\u0173j\u0173\u201c, pinigai leid\u017eiami dviem dalykams \u2013 ginklams ir ikonoms, o mentai ir kiti sistemos pakalikai visuotinai neapken\u010diami. Nepakl\u016bstantys jokiai vald\u017eiai, nepriklausantys visuomenei, kaip mes j\u0105 suprantame, \u017emon\u0117s su begaline aistra ir brutalia j\u0117ga puosel\u0117ja pagarb\u0105 senoliams, i\u0161tikimyb\u0119 tiesai ir savo laisv\u0119.<\/p>\n","protected":false},"excerpt":{"rendered":"<p>Gin\u010dijamame, nepripa\u017eintame regione tarp Moldovos ir Ukrainos, Padniestr\u0117je, gyvena glaudi \u201egarbing\u0173 nusikalt\u0117li\u0173\u201c grup\u0117, kilusi i\u0161 Stalino ten i\u0161tremt\u0173 nusikalt\u0117li\u0173. Joje laikomasi grie\u017et\u0173 ritualizuot\u0173 pagarbos ir i\u0161tikimyb\u0117s kanon\u0173. Tatuiruot\u0117s ten pasakoja \u017emogaus gyvenim\u0105, vaikas nuo ma\u017eiausi\u0173 dien\u0173 svajoja apie savo pirm\u0105j\u012f durkl\u0105 pik\u0105, \u201egarbingieji\u201c ginklai grie\u017etai atskiriami nuo \u201enuod\u0117ming\u0173j\u0173\u201c, pinigai leid\u017eiami dviem dalykams \u2013 ginklams ir ikonoms, o mentai ir kiti sistemos pakalikai visuotinai neapken\u010diami. Nepakl\u016bstantys jokiai vald\u017eiai, nepriklausantys visuomenei, kaip mes j\u0105 suprantame, \u017emon\u0117s su begaline aistra ir brutalia j\u0117ga puosel\u0117ja pagarb\u0105 senoliams, i\u0161tikimyb\u0119 tiesai ir savo laisv\u0119.<\/p>\n","protected":false},"featured_media":18223,"comment_status":"open","ping_status":"closed","template":"","meta":{"_acf_changed":false,"site-sidebar-layout":"default","site-content-layout":"","ast-site-content-layout":"default","site-content-style":"default","site-sidebar-style":"default","ast-global-header-display":"","ast-banner-title-visibility":"","ast-main-header-display":"","ast-hfb-above-header-display":"","ast-hfb-below-header-display":"","ast-hfb-mobile-header-display":"","site-post-title":"","ast-breadcrumbs-content":"","ast-featured-img":"","footer-sml-layout":"","ast-disable-related-posts":"","theme-transparent-header-meta":"","adv-header-id-meta":"","stick-header-meta":"","header-above-stick-meta":"","header-main-stick-meta":"","header-below-stick-meta":"","astra-migrate-meta-layouts":"default","ast-page-background-enabled":"default","ast-page-background-meta":{"desktop":{"background-color":"","background-image":"","background-repeat":"repeat","background-position":"center center","background-size":"auto","background-attachment":"scroll","background-type":"","background-media":"","overlay-type":"","overlay-color":"","overlay-opacity":"","overlay-gradient":""},"tablet":{"background-color":"","background-image":"","background-repeat":"repeat","background-position":"center center","background-size":"auto","background-attachment":"scroll","background-type":"","background-media":"","overlay-type":"","overlay-color":"","overlay-opacity":"","overlay-gradient":""},"mobile":{"background-color":"","background-image":"","background-repeat":"repeat","background-position":"center center","background-size":"auto","background-attachment":"scroll","background-type":"","background-media":"","overlay-type":"","overlay-color":"","overlay-opacity":"","overlay-gradient":""}},"ast-content-background-meta":{"desktop":{"background-color":"var(--ast-global-color-4)","background-image":"","background-repeat":"repeat","background-position":"center center","background-size":"auto","background-attachment":"scroll","background-type":"","background-media":"","overlay-type":"","overlay-color":"","overlay-opacity":"","overlay-gradient":""},"tablet":{"background-color":"var(--ast-global-color-4)","background-image":"","background-repeat":"repeat","background-position":"center center","background-size":"auto","background-attachment":"scroll","background-type":"","background-media":"","overlay-type":"","overlay-color":"","overlay-opacity":"","overlay-gradient":""},"mobile":{"background-color":"var(--ast-global-color-4)","background-image":"","background-repeat":"repeat","background-position":"center center","background-size":"auto","background-attachment":"scroll","background-type":"","background-media":"","overlay-type":"","overlay-color":"","overlay-opacity":"","overlay-gradient":""}}},"product_brand":[],"product_cat":[15],"product_tag":[1323],"class_list":{"0":"post-18222","1":"product","2":"type-product","3":"status-publish","4":"has-post-thumbnail","6":"product_cat-uncategorized","7":"product_tag-nicolai-lilin","8":"desktop-align-left","9":"tablet-align-left","10":"mobile-align-left","12":"first","13":"instock","14":"shipping-taxable","15":"purchasable","16":"product-type-simple"},"acf":[],"yoast_head":"<!-- This site is optimized with the Yoast SEO plugin v27.4 - https:\/\/yoast.com\/product\/yoast-seo-wordpress\/ -->\n<title>Sibirieti\u0161kas aukl\u0117jimas<\/title>\n<meta name=\"description\" content=\"Gin\u010dijamame, nepripa\u017eintame regione tarp Moldovos ir Ukrainos, Padniestr\u0117je, gyvena glaudi \u201egarbing\u0173 nusikalt\u0117li\u0173\u201c grup\u0117, kilusi i\u0161 Stalino ten i\u0161tremt\u0173\" \/>\n<meta name=\"robots\" content=\"index, follow, max-snippet:-1, max-image-preview:large, max-video-preview:-1\" \/>\n<link rel=\"canonical\" href=\"https:\/\/skaitytaknyga.lt\/en\/produktas\/sibirietiskas-auklejimas\/\" \/>\n<meta property=\"og:locale\" content=\"en_GB\" \/>\n<meta property=\"og:locale:alternate\" content=\"lt_LT\" \/>\n<meta property=\"og:type\" content=\"article\" \/>\n<meta property=\"og:title\" content=\"Sibirieti\u0161kas aukl\u0117jimas\" \/>\n<meta property=\"og:description\" content=\"Gin\u010dijamame, nepripa\u017eintame regione tarp Moldovos ir Ukrainos, Padniestr\u0117je, gyvena glaudi \u201egarbing\u0173 nusikalt\u0117li\u0173\u201c grup\u0117, kilusi i\u0161 Stalino ten i\u0161tremt\u0173\" \/>\n<meta property=\"og:url\" content=\"https:\/\/skaitytaknyga.lt\/en\/produktas\/sibirietiskas-auklejimas\/\" \/>\n<meta property=\"og:site_name\" content=\"Skaitytaknyga\" \/>\n<meta property=\"article:publisher\" content=\"https:\/\/www.facebook.com\/skaitytaknyga\/\" \/>\n<meta property=\"article:modified_time\" content=\"2025-05-02T06:34:08+00:00\" \/>\n<meta property=\"og:image\" content=\"https:\/\/skaitytaknyga.lt\/wp-content\/uploads\/2025\/05\/Sibirietiskas-auklejimas.webp\" \/>\n\t<meta property=\"og:image:width\" content=\"535\" \/>\n\t<meta property=\"og:image:height\" content=\"800\" \/>\n\t<meta property=\"og:image:type\" content=\"image\/webp\" \/>\n<meta name=\"twitter:card\" content=\"summary_large_image\" \/>\n<meta name=\"twitter:label1\" content=\"Estimated reading time\" \/>\n\t<meta name=\"twitter:data1\" content=\"1 minute\" \/>\n<script type=\"application\/ld+json\" class=\"yoast-schema-graph\">{\"@context\":\"https:\\\/\\\/schema.org\",\"@graph\":[{\"@type\":\"WebPage\",\"@id\":\"https:\\\/\\\/skaitytaknyga.lt\\\/produktas\\\/sibirietiskas-auklejimas\\\/\",\"url\":\"https:\\\/\\\/skaitytaknyga.lt\\\/produktas\\\/sibirietiskas-auklejimas\\\/\",\"name\":\"Sibirieti\u0161kas aukl\u0117jimas\",\"isPartOf\":{\"@id\":\"https:\\\/\\\/skaitytaknyga.lt\\\/#website\"},\"primaryImageOfPage\":{\"@id\":\"https:\\\/\\\/skaitytaknyga.lt\\\/produktas\\\/sibirietiskas-auklejimas\\\/#primaryimage\"},\"image\":{\"@id\":\"https:\\\/\\\/skaitytaknyga.lt\\\/produktas\\\/sibirietiskas-auklejimas\\\/#primaryimage\"},\"thumbnailUrl\":\"https:\\\/\\\/skaitytaknyga.lt\\\/wp-content\\\/uploads\\\/2025\\\/05\\\/Sibirietiskas-auklejimas.webp\",\"datePublished\":\"2025-05-02T06:31:12+00:00\",\"dateModified\":\"2025-05-02T06:34:08+00:00\",\"description\":\"Gin\u010dijamame, nepripa\u017eintame regione tarp Moldovos ir Ukrainos, Padniestr\u0117je, gyvena glaudi \u201egarbing\u0173 nusikalt\u0117li\u0173\u201c grup\u0117, kilusi i\u0161 Stalino ten i\u0161tremt\u0173\",\"breadcrumb\":{\"@id\":\"https:\\\/\\\/skaitytaknyga.lt\\\/produktas\\\/sibirietiskas-auklejimas\\\/#breadcrumb\"},\"inLanguage\":\"en-GB\",\"potentialAction\":[{\"@type\":\"ReadAction\",\"target\":[\"https:\\\/\\\/skaitytaknyga.lt\\\/produktas\\\/sibirietiskas-auklejimas\\\/\"]}]},{\"@type\":\"ImageObject\",\"inLanguage\":\"en-GB\",\"@id\":\"https:\\\/\\\/skaitytaknyga.lt\\\/produktas\\\/sibirietiskas-auklejimas\\\/#primaryimage\",\"url\":\"https:\\\/\\\/skaitytaknyga.lt\\\/wp-content\\\/uploads\\\/2025\\\/05\\\/Sibirietiskas-auklejimas.webp\",\"contentUrl\":\"https:\\\/\\\/skaitytaknyga.lt\\\/wp-content\\\/uploads\\\/2025\\\/05\\\/Sibirietiskas-auklejimas.webp\",\"width\":535,\"height\":800,\"caption\":\"Sibirieti\u0161kas aukl\u0117jimas\"},{\"@type\":\"BreadcrumbList\",\"@id\":\"https:\\\/\\\/skaitytaknyga.lt\\\/produktas\\\/sibirietiskas-auklejimas\\\/#breadcrumb\",\"itemListElement\":[{\"@type\":\"ListItem\",\"position\":1,\"name\":\"Home\",\"item\":\"https:\\\/\\\/skaitytaknyga.lt\\\/\"},{\"@type\":\"ListItem\",\"position\":2,\"name\":\"Parduotuv\u0117\",\"item\":\"https:\\\/\\\/skaitytaknyga.lt\\\/knygu-parduotuve\\\/\"},{\"@type\":\"ListItem\",\"position\":3,\"name\":\"Sibirieti\u0161kas aukl\u0117jimas\"}]},{\"@type\":\"WebSite\",\"@id\":\"https:\\\/\\\/skaitytaknyga.lt\\\/#website\",\"url\":\"https:\\\/\\\/skaitytaknyga.lt\\\/\",\"name\":\"skaitytaknyga.lt\",\"description\":\"Skaitytaknyga.lt \u2013 tai ma\u017eas \u0161eimos verslas, kuris prasid\u0117jo nuo meil\u0117s knygoms ir siekio i\u0161gelb\u0117ti knygas nuo likimo prie konteinerio. Kas vienam nereikalingas daiktas \u2013 kitam lobis, o mes esame tarpininkai, kurie padeda abiems tapti laimingesniems ???? \u017dinome kaip nelengva i\u0161gyventi ma\u017eiems verslams, tad nuo \u0161iol, \u010dia rasite ir kit\u0173, ma\u017e\u0173 \u0161eim\u0173 versl\u0173, rank\u0173 darbo, dovan\u0173 sau ir artimiesiems.\",\"publisher\":{\"@id\":\"https:\\\/\\\/skaitytaknyga.lt\\\/#organization\"},\"potentialAction\":[{\"@type\":\"SearchAction\",\"target\":{\"@type\":\"EntryPoint\",\"urlTemplate\":\"https:\\\/\\\/skaitytaknyga.lt\\\/?s={search_term_string}\"},\"query-input\":{\"@type\":\"PropertyValueSpecification\",\"valueRequired\":true,\"valueName\":\"search_term_string\"}}],\"inLanguage\":\"en-GB\"},{\"@type\":\"Organization\",\"@id\":\"https:\\\/\\\/skaitytaknyga.lt\\\/#organization\",\"name\":\"skaitytaknyga.lt\",\"url\":\"https:\\\/\\\/skaitytaknyga.lt\\\/\",\"logo\":{\"@type\":\"ImageObject\",\"inLanguage\":\"en-GB\",\"@id\":\"https:\\\/\\\/skaitytaknyga.lt\\\/#\\\/schema\\\/logo\\\/image\\\/\",\"url\":\"https:\\\/\\\/skaitytaknyga.lt\\\/wp-content\\\/uploads\\\/2024\\\/05\\\/cropped-cropped-cropped-02_00843_jt3bggkj1j3HLc7SyY6rEUpg.jpeg\",\"contentUrl\":\"https:\\\/\\\/skaitytaknyga.lt\\\/wp-content\\\/uploads\\\/2024\\\/05\\\/cropped-cropped-cropped-02_00843_jt3bggkj1j3HLc7SyY6rEUpg.jpeg\",\"width\":1600,\"height\":1600,\"caption\":\"skaitytaknyga.lt\"},\"image\":{\"@id\":\"https:\\\/\\\/skaitytaknyga.lt\\\/#\\\/schema\\\/logo\\\/image\\\/\"},\"sameAs\":[\"https:\\\/\\\/www.facebook.com\\\/skaitytaknyga\\\/\"]}]}<\/script>\n<!-- \/ Yoast SEO plugin. -->","yoast_head_json":{"title":"Sibirieti\u0161kas aukl\u0117jimas","description":"Gin\u010dijamame, nepripa\u017eintame regione tarp Moldovos ir Ukrainos, Padniestr\u0117je, gyvena glaudi \u201egarbing\u0173 nusikalt\u0117li\u0173\u201c grup\u0117, kilusi i\u0161 Stalino ten i\u0161tremt\u0173","robots":{"index":"index","follow":"follow","max-snippet":"max-snippet:-1","max-image-preview":"max-image-preview:large","max-video-preview":"max-video-preview:-1"},"canonical":"https:\/\/skaitytaknyga.lt\/en\/produktas\/sibirietiskas-auklejimas\/","og_locale":"en_GB","og_type":"article","og_title":"[:lt]Sibirieti\u0161kas aukl\u0117jimas[:] - Skaitytaknyga","og_description":"Gin\u010dijamame, nepripa\u017eintame regione tarp Moldovos ir Ukrainos, Padniestr\u0117je, gyvena glaudi \u201egarbing\u0173 nusikalt\u0117li\u0173\u201c grup\u0117, kilusi i\u0161 Stalino ten i\u0161tremt\u0173","og_url":"https:\/\/skaitytaknyga.lt\/en\/produktas\/sibirietiskas-auklejimas\/","og_site_name":"Skaitytaknyga","article_publisher":"https:\/\/www.facebook.com\/skaitytaknyga\/","article_modified_time":"2025-05-02T06:34:08+00:00","og_image":[{"width":535,"height":800,"url":"https:\/\/skaitytaknyga.lt\/wp-content\/uploads\/2025\/05\/Sibirietiskas-auklejimas.webp","type":"image\/webp"}],"twitter_card":"summary_large_image","twitter_misc":{"Estimated reading time":"1 minute"},"schema":{"@context":"https:\/\/schema.org","@graph":[{"@type":"WebPage","@id":"https:\/\/skaitytaknyga.lt\/produktas\/sibirietiskas-auklejimas\/","url":"https:\/\/skaitytaknyga.lt\/produktas\/sibirietiskas-auklejimas\/","name":"Sibirieti\u0161kas aukl\u0117jimas","isPartOf":{"@id":"https:\/\/skaitytaknyga.lt\/#website"},"primaryImageOfPage":{"@id":"https:\/\/skaitytaknyga.lt\/produktas\/sibirietiskas-auklejimas\/#primaryimage"},"image":{"@id":"https:\/\/skaitytaknyga.lt\/produktas\/sibirietiskas-auklejimas\/#primaryimage"},"thumbnailUrl":"https:\/\/skaitytaknyga.lt\/wp-content\/uploads\/2025\/05\/Sibirietiskas-auklejimas.webp","datePublished":"2025-05-02T06:31:12+00:00","dateModified":"2025-05-02T06:34:08+00:00","description":"Gin\u010dijamame, nepripa\u017eintame regione tarp Moldovos ir Ukrainos, Padniestr\u0117je, gyvena glaudi \u201egarbing\u0173 nusikalt\u0117li\u0173\u201c grup\u0117, kilusi i\u0161 Stalino ten i\u0161tremt\u0173","breadcrumb":{"@id":"https:\/\/skaitytaknyga.lt\/produktas\/sibirietiskas-auklejimas\/#breadcrumb"},"inLanguage":"en-GB","potentialAction":[{"@type":"ReadAction","target":["https:\/\/skaitytaknyga.lt\/produktas\/sibirietiskas-auklejimas\/"]}]},{"@type":"ImageObject","inLanguage":"en-GB","@id":"https:\/\/skaitytaknyga.lt\/produktas\/sibirietiskas-auklejimas\/#primaryimage","url":"https:\/\/skaitytaknyga.lt\/wp-content\/uploads\/2025\/05\/Sibirietiskas-auklejimas.webp","contentUrl":"https:\/\/skaitytaknyga.lt\/wp-content\/uploads\/2025\/05\/Sibirietiskas-auklejimas.webp","width":535,"height":800,"caption":"Sibirieti\u0161kas aukl\u0117jimas"},{"@type":"BreadcrumbList","@id":"https:\/\/skaitytaknyga.lt\/produktas\/sibirietiskas-auklejimas\/#breadcrumb","itemListElement":[{"@type":"ListItem","position":1,"name":"Home","item":"https:\/\/skaitytaknyga.lt\/"},{"@type":"ListItem","position":2,"name":"Parduotuv\u0117","item":"https:\/\/skaitytaknyga.lt\/knygu-parduotuve\/"},{"@type":"ListItem","position":3,"name":"Sibirieti\u0161kas aukl\u0117jimas"}]},{"@type":"WebSite","@id":"https:\/\/skaitytaknyga.lt\/#website","url":"https:\/\/skaitytaknyga.lt\/","name":"skaitytaknyga.lt","description":"Skaitytaknyga.lt \u2013 tai ma\u017eas \u0161eimos verslas, kuris prasid\u0117jo nuo meil\u0117s knygoms ir siekio i\u0161gelb\u0117ti knygas nuo likimo prie konteinerio. Kas vienam nereikalingas daiktas \u2013 kitam lobis, o mes esame tarpininkai, kurie padeda abiems tapti laimingesniems ???? \u017dinome kaip nelengva i\u0161gyventi ma\u017eiems verslams, tad nuo \u0161iol, \u010dia rasite ir kit\u0173, ma\u017e\u0173 \u0161eim\u0173 versl\u0173, rank\u0173 darbo, dovan\u0173 sau ir artimiesiems.","publisher":{"@id":"https:\/\/skaitytaknyga.lt\/#organization"},"potentialAction":[{"@type":"SearchAction","target":{"@type":"EntryPoint","urlTemplate":"https:\/\/skaitytaknyga.lt\/?s={search_term_string}"},"query-input":{"@type":"PropertyValueSpecification","valueRequired":true,"valueName":"search_term_string"}}],"inLanguage":"en-GB"},{"@type":"Organization","@id":"https:\/\/skaitytaknyga.lt\/#organization","name":"skaitytaknyga.lt","url":"https:\/\/skaitytaknyga.lt\/","logo":{"@type":"ImageObject","inLanguage":"en-GB","@id":"https:\/\/skaitytaknyga.lt\/#\/schema\/logo\/image\/","url":"https:\/\/skaitytaknyga.lt\/wp-content\/uploads\/2024\/05\/cropped-cropped-cropped-02_00843_jt3bggkj1j3HLc7SyY6rEUpg.jpeg","contentUrl":"https:\/\/skaitytaknyga.lt\/wp-content\/uploads\/2024\/05\/cropped-cropped-cropped-02_00843_jt3bggkj1j3HLc7SyY6rEUpg.jpeg","width":1600,"height":1600,"caption":"skaitytaknyga.lt"},"image":{"@id":"https:\/\/skaitytaknyga.lt\/#\/schema\/logo\/image\/"},"sameAs":["https:\/\/www.facebook.com\/skaitytaknyga\/"]}]}},"_links":{"self":[{"href":"https:\/\/skaitytaknyga.lt\/en\/wp-json\/wp\/v2\/product\/18222","targetHints":{"allow":["GET"]}}],"collection":[{"href":"https:\/\/skaitytaknyga.lt\/en\/wp-json\/wp\/v2\/product"}],"about":[{"href":"https:\/\/skaitytaknyga.lt\/en\/wp-json\/wp\/v2\/types\/product"}],"replies":[{"embeddable":true,"href":"https:\/\/skaitytaknyga.lt\/en\/wp-json\/wp\/v2\/comments?post=18222"}],"wp:featuredmedia":[{"embeddable":true,"href":"https:\/\/skaitytaknyga.lt\/en\/wp-json\/wp\/v2\/media\/18223"}],"wp:attachment":[{"href":"https:\/\/skaitytaknyga.lt\/en\/wp-json\/wp\/v2\/media?parent=18222"}],"wp:term":[{"taxonomy":"product_brand","embeddable":true,"href":"https:\/\/skaitytaknyga.lt\/en\/wp-json\/wp\/v2\/product_brand?post=18222"},{"taxonomy":"product_cat","embeddable":true,"href":"https:\/\/skaitytaknyga.lt\/en\/wp-json\/wp\/v2\/product_cat?post=18222"},{"taxonomy":"product_tag","embeddable":true,"href":"https:\/\/skaitytaknyga.lt\/en\/wp-json\/wp\/v2\/product_tag?post=18222"}],"curies":[{"name":"wp","href":"https:\/\/api.w.org\/{rel}","templated":true}]}}