{"id":18116,"date":"2025-04-25T20:45:00","date_gmt":"2025-04-25T17:45:00","guid":{"rendered":"https:\/\/skaitytaknyga.lt\/?post_type=product&#038;p=18116"},"modified":"2026-03-05T12:19:37","modified_gmt":"2026-03-05T10:19:37","slug":"vatikano-samokslas-kai-meyer","status":"publish","type":"product","link":"https:\/\/skaitytaknyga.lt\/en\/produktas\/vatikano-samokslas-kai-meyer\/","title":{"rendered":"Vatikano s\u0105mokslas"},"content":{"rendered":"<p>Meno k\u016brini\u0173 detektyvas Jupiteris susiduria Romoje su paslaptingojo Piranezio p\u0117dsakais. D\u017eovanio Batistos Piranezio ofort\u0173 serija Carceri \u012fkv\u0117p\u0117 i\u0161tisas meninink\u0173 kartas: J. L. Borges\u0105, M. C. Esher\u012f, S. Eizen\u0161tein\u0105 ir t. t. Carceri vaizduoja didelius kaip miestai kal\u0117jimus. \u017diaur\u016bs nu\u017eudymai ir m\u012fslingi \u012fvykiai nuveda Jupiter\u012f ir jaun\u0105 meno k\u016brini\u0173 restaurator\u0119 Koralin\u0105 \u012f legendomis apipintus \u201eDedalo namus&#8221;, u\u017emir\u0161t\u0105 viet\u0105 po Vatikano pamatais. Ar ten i\u0161 tikr\u0173j\u0173 yra pats pragaras, kaip mano sena slaptoji draugija?<\/p>\n","protected":false},"excerpt":{"rendered":"<p>Meno k\u016brini\u0173 detektyvas Jupiteris susiduria Romoje su paslaptingojo Piranezio p\u0117dsakais. D\u017eovanio Batistos Piranezio ofort\u0173 serija Carceri \u012fkv\u0117p\u0117 i\u0161tisas meninink\u0173 kartas: J. L. Borges\u0105, M. C. Esher\u012f, S. Eizen\u0161tein\u0105 ir t. t. Carceri vaizduoja didelius kaip miestai kal\u0117jimus. \u017diaur\u016bs nu\u017eudymai ir m\u012fslingi \u012fvykiai nuveda Jupiter\u012f ir jaun\u0105 meno k\u016brini\u0173 restaurator\u0119 Koralin\u0105 \u012f legendomis apipintus \u201eDedalo namus&#8221;, u\u017emir\u0161t\u0105 viet\u0105 po Vatikano pamatais. Ar ten i\u0161 tikr\u0173j\u0173 yra pats pragaras, kaip mano sena slaptoji draugija?<\/p>\n","protected":false},"featured_media":18224,"comment_status":"open","ping_status":"closed","template":"","meta":{"_acf_changed":false,"site-sidebar-layout":"default","site-content-layout":"","ast-site-content-layout":"default","site-content-style":"default","site-sidebar-style":"default","ast-global-header-display":"","ast-banner-title-visibility":"","ast-main-header-display":"","ast-hfb-above-header-display":"","ast-hfb-below-header-display":"","ast-hfb-mobile-header-display":"","site-post-title":"","ast-breadcrumbs-content":"","ast-featured-img":"","footer-sml-layout":"","ast-disable-related-posts":"","theme-transparent-header-meta":"default","adv-header-id-meta":"","stick-header-meta":"","header-above-stick-meta":"","header-main-stick-meta":"","header-below-stick-meta":"","astra-migrate-meta-layouts":"set","ast-page-background-enabled":"default","ast-page-background-meta":{"desktop":{"background-color":"","background-image":"","background-repeat":"repeat","background-position":"center center","background-size":"auto","background-attachment":"scroll","background-type":"","background-media":"","overlay-type":"","overlay-color":"","overlay-opacity":"","overlay-gradient":""},"tablet":{"background-color":"","background-image":"","background-repeat":"repeat","background-position":"center center","background-size":"auto","background-attachment":"scroll","background-type":"","background-media":"","overlay-type":"","overlay-color":"","overlay-opacity":"","overlay-gradient":""},"mobile":{"background-color":"","background-image":"","background-repeat":"repeat","background-position":"center center","background-size":"auto","background-attachment":"scroll","background-type":"","background-media":"","overlay-type":"","overlay-color":"","overlay-opacity":"","overlay-gradient":""}},"ast-content-background-meta":{"desktop":{"background-color":"var(--ast-global-color-4)","background-image":"","background-repeat":"repeat","background-position":"center center","background-size":"auto","background-attachment":"scroll","background-type":"","background-media":"","overlay-type":"","overlay-color":"","overlay-opacity":"","overlay-gradient":""},"tablet":{"background-color":"var(--ast-global-color-4)","background-image":"","background-repeat":"repeat","background-position":"center center","background-size":"auto","background-attachment":"scroll","background-type":"","background-media":"","overlay-type":"","overlay-color":"","overlay-opacity":"","overlay-gradient":""},"mobile":{"background-color":"var(--ast-global-color-4)","background-image":"","background-repeat":"repeat","background-position":"center center","background-size":"auto","background-attachment":"scroll","background-type":"","background-media":"","overlay-type":"","overlay-color":"","overlay-opacity":"","overlay-gradient":""}}},"product_brand":[],"product_cat":[9580],"product_tag":[3867,3868,2277,3865,1587,3866],"class_list":{"0":"post-18116","1":"product","2":"type-product","3":"status-publish","4":"has-post-thumbnail","6":"product_cat-psichologiniai-detektyvai","7":"product_tag-istorinis-trileris","8":"product_tag-kai-meyer","9":"product_tag-religija","10":"product_tag-samokslas","11":"product_tag-trileris","12":"product_tag-vatikanas","13":"desktop-align-left","14":"tablet-align-left","15":"mobile-align-left","17":"first","18":"instock","19":"shipping-taxable","20":"purchasable","21":"product-type-simple"},"acf":[],"yoast_head":"<!-- This site is optimized with the Yoast SEO plugin v27.0 - https:\/\/yoast.com\/product\/yoast-seo-wordpress\/ -->\n<title>Vatikano s\u0105mokslas<\/title>\n<meta name=\"description\" content=\"Meno k\u016brini\u0173 detektyvas Jupiteris susiduria Romoje su paslaptingojo Piranezio p\u0117dsakais. D\u017eovanio Batistos Piranezio ofort\u0173 serija Carceri \u012fkv\u0117p\u0117 i\u0161tisas\" \/>\n<meta name=\"robots\" content=\"index, follow, max-snippet:-1, max-image-preview:large, max-video-preview:-1\" \/>\n<link rel=\"canonical\" href=\"https:\/\/skaitytaknyga.lt\/en\/produktas\/vatikano-samokslas-kai-meyer\/\" \/>\n<meta property=\"og:locale\" content=\"en_GB\" \/>\n<meta property=\"og:locale:alternate\" content=\"lt_LT\" \/>\n<meta property=\"og:type\" content=\"article\" \/>\n<meta property=\"og:title\" content=\"Vatikano s\u0105mokslas\" \/>\n<meta property=\"og:description\" content=\"Meno k\u016brini\u0173 detektyvas Jupiteris susiduria Romoje su paslaptingojo Piranezio p\u0117dsakais. D\u017eovanio Batistos Piranezio ofort\u0173 serija Carceri \u012fkv\u0117p\u0117 i\u0161tisas\" \/>\n<meta property=\"og:url\" content=\"https:\/\/skaitytaknyga.lt\/en\/produktas\/vatikano-samokslas-kai-meyer\/\" \/>\n<meta property=\"og:site_name\" content=\"Skaitytaknyga\" \/>\n<meta property=\"article:publisher\" content=\"https:\/\/www.facebook.com\/skaitytaknyga\/\" \/>\n<meta property=\"article:modified_time\" content=\"2026-03-05T10:19:37+00:00\" \/>\n<meta property=\"og:image\" content=\"https:\/\/skaitytaknyga.lt\/wp-content\/uploads\/2025\/04\/Vatikano-samokslas.webp\" \/>\n\t<meta property=\"og:image:width\" content=\"288\" \/>\n\t<meta property=\"og:image:height\" content=\"475\" \/>\n\t<meta property=\"og:image:type\" content=\"image\/webp\" \/>\n<meta name=\"twitter:card\" content=\"summary_large_image\" \/>\n<meta name=\"twitter:label1\" content=\"Estimated reading time\" \/>\n\t<meta name=\"twitter:data1\" content=\"1 minute\" \/>\n<script type=\"application\/ld+json\" class=\"yoast-schema-graph\">{\"@context\":\"https:\/\/schema.org\",\"@graph\":[{\"@type\":\"WebPage\",\"@id\":\"https:\/\/skaitytaknyga.lt\/produktas\/vatikano-samokslas-kai-meyer\/\",\"url\":\"https:\/\/skaitytaknyga.lt\/produktas\/vatikano-samokslas-kai-meyer\/\",\"name\":\"Vatikano s\u0105mokslas\",\"isPartOf\":{\"@id\":\"https:\/\/skaitytaknyga.lt\/#website\"},\"primaryImageOfPage\":{\"@id\":\"https:\/\/skaitytaknyga.lt\/produktas\/vatikano-samokslas-kai-meyer\/#primaryimage\"},\"image\":{\"@id\":\"https:\/\/skaitytaknyga.lt\/produktas\/vatikano-samokslas-kai-meyer\/#primaryimage\"},\"thumbnailUrl\":\"https:\/\/skaitytaknyga.lt\/wp-content\/uploads\/2025\/04\/Vatikano-samokslas.webp\",\"datePublished\":\"2025-04-25T17:45:00+00:00\",\"dateModified\":\"2026-03-05T10:19:37+00:00\",\"description\":\"Meno k\u016brini\u0173 detektyvas Jupiteris susiduria Romoje su paslaptingojo Piranezio p\u0117dsakais. D\u017eovanio Batistos Piranezio ofort\u0173 serija Carceri \u012fkv\u0117p\u0117 i\u0161tisas\",\"breadcrumb\":{\"@id\":\"https:\/\/skaitytaknyga.lt\/produktas\/vatikano-samokslas-kai-meyer\/#breadcrumb\"},\"inLanguage\":\"en-GB\",\"potentialAction\":[{\"@type\":\"ReadAction\",\"target\":[\"https:\/\/skaitytaknyga.lt\/produktas\/vatikano-samokslas-kai-meyer\/\"]}]},{\"@type\":\"ImageObject\",\"inLanguage\":\"en-GB\",\"@id\":\"https:\/\/skaitytaknyga.lt\/produktas\/vatikano-samokslas-kai-meyer\/#primaryimage\",\"url\":\"https:\/\/skaitytaknyga.lt\/wp-content\/uploads\/2025\/04\/Vatikano-samokslas.webp\",\"contentUrl\":\"https:\/\/skaitytaknyga.lt\/wp-content\/uploads\/2025\/04\/Vatikano-samokslas.webp\",\"width\":288,\"height\":475,\"caption\":\"Vatikano s\u0105mokslas\"},{\"@type\":\"BreadcrumbList\",\"@id\":\"https:\/\/skaitytaknyga.lt\/produktas\/vatikano-samokslas-kai-meyer\/#breadcrumb\",\"itemListElement\":[{\"@type\":\"ListItem\",\"position\":1,\"name\":\"Home\",\"item\":\"https:\/\/skaitytaknyga.lt\/\"},{\"@type\":\"ListItem\",\"position\":2,\"name\":\"Parduotuv\u0117\",\"item\":\"https:\/\/skaitytaknyga.lt\/knygu-parduotuve\/\"},{\"@type\":\"ListItem\",\"position\":3,\"name\":\"Vatikano s\u0105mokslas\"}]},{\"@type\":\"WebSite\",\"@id\":\"https:\/\/skaitytaknyga.lt\/#website\",\"url\":\"https:\/\/skaitytaknyga.lt\/\",\"name\":\"skaitytaknyga.lt\",\"description\":\"Skaitytaknyga.lt \u2013 tai ma\u017eas \u0161eimos verslas, kuris prasid\u0117jo nuo meil\u0117s knygoms ir siekio i\u0161gelb\u0117ti knygas nuo likimo prie konteinerio. Kas vienam nereikalingas daiktas \u2013 kitam lobis, o mes esame tarpininkai, kurie padeda abiems tapti laimingesniems ???? \u017dinome kaip nelengva i\u0161gyventi ma\u017eiems verslams, tad nuo \u0161iol, \u010dia rasite ir kit\u0173, ma\u017e\u0173 \u0161eim\u0173 versl\u0173, rank\u0173 darbo, dovan\u0173 sau ir artimiesiems.\",\"publisher\":{\"@id\":\"https:\/\/skaitytaknyga.lt\/#organization\"},\"potentialAction\":[{\"@type\":\"SearchAction\",\"target\":{\"@type\":\"EntryPoint\",\"urlTemplate\":\"https:\/\/skaitytaknyga.lt\/?s={search_term_string}\"},\"query-input\":{\"@type\":\"PropertyValueSpecification\",\"valueRequired\":true,\"valueName\":\"search_term_string\"}}],\"inLanguage\":\"en-GB\"},{\"@type\":\"Organization\",\"@id\":\"https:\/\/skaitytaknyga.lt\/#organization\",\"name\":\"skaitytaknyga.lt\",\"url\":\"https:\/\/skaitytaknyga.lt\/\",\"logo\":{\"@type\":\"ImageObject\",\"inLanguage\":\"en-GB\",\"@id\":\"https:\/\/skaitytaknyga.lt\/#\/schema\/logo\/image\/\",\"url\":\"https:\/\/skaitytaknyga.lt\/wp-content\/uploads\/2024\/05\/cropped-cropped-cropped-02_00843_jt3bggkj1j3HLc7SyY6rEUpg.jpeg\",\"contentUrl\":\"https:\/\/skaitytaknyga.lt\/wp-content\/uploads\/2024\/05\/cropped-cropped-cropped-02_00843_jt3bggkj1j3HLc7SyY6rEUpg.jpeg\",\"width\":1600,\"height\":1600,\"caption\":\"skaitytaknyga.lt\"},\"image\":{\"@id\":\"https:\/\/skaitytaknyga.lt\/#\/schema\/logo\/image\/\"},\"sameAs\":[\"https:\/\/www.facebook.com\/skaitytaknyga\/\"]}]}<\/script>\n<!-- \/ Yoast SEO plugin. -->","yoast_head_json":{"title":"Vatikano s\u0105mokslas","description":"Meno k\u016brini\u0173 detektyvas Jupiteris susiduria Romoje su paslaptingojo Piranezio p\u0117dsakais. D\u017eovanio Batistos Piranezio ofort\u0173 serija Carceri \u012fkv\u0117p\u0117 i\u0161tisas","robots":{"index":"index","follow":"follow","max-snippet":"max-snippet:-1","max-image-preview":"max-image-preview:large","max-video-preview":"max-video-preview:-1"},"canonical":"https:\/\/skaitytaknyga.lt\/en\/produktas\/vatikano-samokslas-kai-meyer\/","og_locale":"en_GB","og_type":"article","og_title":"[:lt]Vatikano s\u0105mokslas[:] - Skaitytaknyga","og_description":"Meno k\u016brini\u0173 detektyvas Jupiteris susiduria Romoje su paslaptingojo Piranezio p\u0117dsakais. D\u017eovanio Batistos Piranezio ofort\u0173 serija Carceri \u012fkv\u0117p\u0117 i\u0161tisas","og_url":"https:\/\/skaitytaknyga.lt\/en\/produktas\/vatikano-samokslas-kai-meyer\/","og_site_name":"Skaitytaknyga","article_publisher":"https:\/\/www.facebook.com\/skaitytaknyga\/","article_modified_time":"2026-03-05T10:19:37+00:00","og_image":[{"width":288,"height":475,"url":"https:\/\/skaitytaknyga.lt\/wp-content\/uploads\/2025\/04\/Vatikano-samokslas.webp","type":"image\/webp"}],"twitter_card":"summary_large_image","twitter_misc":{"Estimated reading time":"1 minute"},"schema":{"@context":"https:\/\/schema.org","@graph":[{"@type":"WebPage","@id":"https:\/\/skaitytaknyga.lt\/produktas\/vatikano-samokslas-kai-meyer\/","url":"https:\/\/skaitytaknyga.lt\/produktas\/vatikano-samokslas-kai-meyer\/","name":"Vatikano s\u0105mokslas","isPartOf":{"@id":"https:\/\/skaitytaknyga.lt\/#website"},"primaryImageOfPage":{"@id":"https:\/\/skaitytaknyga.lt\/produktas\/vatikano-samokslas-kai-meyer\/#primaryimage"},"image":{"@id":"https:\/\/skaitytaknyga.lt\/produktas\/vatikano-samokslas-kai-meyer\/#primaryimage"},"thumbnailUrl":"https:\/\/skaitytaknyga.lt\/wp-content\/uploads\/2025\/04\/Vatikano-samokslas.webp","datePublished":"2025-04-25T17:45:00+00:00","dateModified":"2026-03-05T10:19:37+00:00","description":"Meno k\u016brini\u0173 detektyvas Jupiteris susiduria Romoje su paslaptingojo Piranezio p\u0117dsakais. D\u017eovanio Batistos Piranezio ofort\u0173 serija Carceri \u012fkv\u0117p\u0117 i\u0161tisas","breadcrumb":{"@id":"https:\/\/skaitytaknyga.lt\/produktas\/vatikano-samokslas-kai-meyer\/#breadcrumb"},"inLanguage":"en-GB","potentialAction":[{"@type":"ReadAction","target":["https:\/\/skaitytaknyga.lt\/produktas\/vatikano-samokslas-kai-meyer\/"]}]},{"@type":"ImageObject","inLanguage":"en-GB","@id":"https:\/\/skaitytaknyga.lt\/produktas\/vatikano-samokslas-kai-meyer\/#primaryimage","url":"https:\/\/skaitytaknyga.lt\/wp-content\/uploads\/2025\/04\/Vatikano-samokslas.webp","contentUrl":"https:\/\/skaitytaknyga.lt\/wp-content\/uploads\/2025\/04\/Vatikano-samokslas.webp","width":288,"height":475,"caption":"Vatikano s\u0105mokslas"},{"@type":"BreadcrumbList","@id":"https:\/\/skaitytaknyga.lt\/produktas\/vatikano-samokslas-kai-meyer\/#breadcrumb","itemListElement":[{"@type":"ListItem","position":1,"name":"Home","item":"https:\/\/skaitytaknyga.lt\/"},{"@type":"ListItem","position":2,"name":"Parduotuv\u0117","item":"https:\/\/skaitytaknyga.lt\/knygu-parduotuve\/"},{"@type":"ListItem","position":3,"name":"Vatikano s\u0105mokslas"}]},{"@type":"WebSite","@id":"https:\/\/skaitytaknyga.lt\/#website","url":"https:\/\/skaitytaknyga.lt\/","name":"skaitytaknyga.lt","description":"Skaitytaknyga.lt \u2013 tai ma\u017eas \u0161eimos verslas, kuris prasid\u0117jo nuo meil\u0117s knygoms ir siekio i\u0161gelb\u0117ti knygas nuo likimo prie konteinerio. Kas vienam nereikalingas daiktas \u2013 kitam lobis, o mes esame tarpininkai, kurie padeda abiems tapti laimingesniems ???? \u017dinome kaip nelengva i\u0161gyventi ma\u017eiems verslams, tad nuo \u0161iol, \u010dia rasite ir kit\u0173, ma\u017e\u0173 \u0161eim\u0173 versl\u0173, rank\u0173 darbo, dovan\u0173 sau ir artimiesiems.","publisher":{"@id":"https:\/\/skaitytaknyga.lt\/#organization"},"potentialAction":[{"@type":"SearchAction","target":{"@type":"EntryPoint","urlTemplate":"https:\/\/skaitytaknyga.lt\/?s={search_term_string}"},"query-input":{"@type":"PropertyValueSpecification","valueRequired":true,"valueName":"search_term_string"}}],"inLanguage":"en-GB"},{"@type":"Organization","@id":"https:\/\/skaitytaknyga.lt\/#organization","name":"skaitytaknyga.lt","url":"https:\/\/skaitytaknyga.lt\/","logo":{"@type":"ImageObject","inLanguage":"en-GB","@id":"https:\/\/skaitytaknyga.lt\/#\/schema\/logo\/image\/","url":"https:\/\/skaitytaknyga.lt\/wp-content\/uploads\/2024\/05\/cropped-cropped-cropped-02_00843_jt3bggkj1j3HLc7SyY6rEUpg.jpeg","contentUrl":"https:\/\/skaitytaknyga.lt\/wp-content\/uploads\/2024\/05\/cropped-cropped-cropped-02_00843_jt3bggkj1j3HLc7SyY6rEUpg.jpeg","width":1600,"height":1600,"caption":"skaitytaknyga.lt"},"image":{"@id":"https:\/\/skaitytaknyga.lt\/#\/schema\/logo\/image\/"},"sameAs":["https:\/\/www.facebook.com\/skaitytaknyga\/"]}]}},"_links":{"self":[{"href":"https:\/\/skaitytaknyga.lt\/en\/wp-json\/wp\/v2\/product\/18116","targetHints":{"allow":["GET"]}}],"collection":[{"href":"https:\/\/skaitytaknyga.lt\/en\/wp-json\/wp\/v2\/product"}],"about":[{"href":"https:\/\/skaitytaknyga.lt\/en\/wp-json\/wp\/v2\/types\/product"}],"replies":[{"embeddable":true,"href":"https:\/\/skaitytaknyga.lt\/en\/wp-json\/wp\/v2\/comments?post=18116"}],"wp:featuredmedia":[{"embeddable":true,"href":"https:\/\/skaitytaknyga.lt\/en\/wp-json\/wp\/v2\/media\/18224"}],"wp:attachment":[{"href":"https:\/\/skaitytaknyga.lt\/en\/wp-json\/wp\/v2\/media?parent=18116"}],"wp:term":[{"taxonomy":"product_brand","embeddable":true,"href":"https:\/\/skaitytaknyga.lt\/en\/wp-json\/wp\/v2\/product_brand?post=18116"},{"taxonomy":"product_cat","embeddable":true,"href":"https:\/\/skaitytaknyga.lt\/en\/wp-json\/wp\/v2\/product_cat?post=18116"},{"taxonomy":"product_tag","embeddable":true,"href":"https:\/\/skaitytaknyga.lt\/en\/wp-json\/wp\/v2\/product_tag?post=18116"}],"curies":[{"name":"wp","href":"https:\/\/api.w.org\/{rel}","templated":true}]}}