{"id":18113,"date":"2025-04-25T20:44:59","date_gmt":"2025-04-25T17:44:59","guid":{"rendered":"https:\/\/skaitytaknyga.lt\/?post_type=product&#038;p=18113"},"modified":"2026-03-18T11:08:12","modified_gmt":"2026-03-18T09:08:12","slug":"karalienes-juokdare-philippa-gregory","status":"publish","type":"product","link":"https:\/\/skaitytaknyga.lt\/en\/produktas\/karalienes-juokdare-philippa-gregory\/","title":{"rendered":"Karalien\u0117s juokdar\u0117"},"content":{"rendered":"<p><strong>Dvi karalien\u0117s. Dvi am\u017einos var\u017eov\u0117s d\u0117l sosto. Viena steb\u0117toja, apdovanota nepaprasta Dievo dovana.<\/strong><\/p>\n<p><em>\u201eDar geresnis u\u017e roman\u0105 \u201eKaralien\u0117s sesuo&#8221;. Malonum\u0105, kur\u012f jis suteikia, galima prilyginti tik malonumui s\u0117d\u0117ti kr\u0117sle prie\u0161ais \u017eidin\u012f \u0161alt\u0105 \u017eiemos vakar\u0105.&#8221;<\/em>&#8211; Independent on Sunday<\/p>\n<p>\u012e i\u0161davyst\u0119 rezgan\u010dius Tiudor\u0173 r\u016bmus atvyksta Hana Gryn, jauna, nuo Inkvizicijos b\u0117ganti \u017eyd\u0117. Prisiekusi tarnauti gra\u017euoliui Robertui Dadliui, ji i\u0161siun\u010diama \u0161nipin\u0117ti nustumtosios karaliaus Edvardo sosto paveld\u0117tojos, princes\u0117s Marijos Tiudor. Ta\u010diau Hana randa ne tiron\u0119, ne Kruvin\u0105j\u0105 Mer\u0119, kaip istorija pakrik\u0161tijo \u0161i\u0105 karalien\u0119, bet narsi\u0105 moter\u012f, fanati\u0161k\u0105 katalik\u0119, laukian\u010di\u0105 savo eil\u0117s u\u017eimti t\u0117vo sost\u0105 ir \u012fvykdyti tai, kas, jos nuomone, geriausia karalystei. Tuo pat metu princes\u0117s Marijos sesuo, protestant\u0117 El\u017ebieta laukia sesers klaid\u0173, kuriomis gal\u0117t\u0173 pasinaudoti, ir labiausiai \u2013 jos mirties.<\/p>\n<p>Atsid\u016brusi tarp am\u017ein\u0173 var\u017eovi\u0173, Henriko VIII dukter\u0173, pl\u0117\u0161oma meil\u0117s Dadliui ir pareigos \u0161eimai, priklausoma nuo mirtinai pavojingos Dievo dovanos \u2013 sugeb\u0117jimo dirstel\u0117ti \u012f ateit\u012f, Hana turi i\u0161gyventi pavojingais permain\u0173 laikais. Laikais, kuri\u0173 pagrindine liudininke ir veik\u0117ja tampa ne savo noru\u2026 Laikais, kai ne tos religijos pasirinkimas rei\u0161kia mirt\u012f, mokslas ir burtai susipyn\u0119, o tikra meil\u0117 gali reik\u0161ti mirt\u012f.<\/p>\n","protected":false},"excerpt":{"rendered":"<p>Dvi karalien\u0117s. Dvi am\u017einos var\u017eov\u0117s d\u0117l sosto. Viena steb\u0117toja, apdovanota nepaprasta Dievo dovana. \u201eDar geresnis u\u017e roman\u0105 \u201eKaralien\u0117s sesuo&#8221;. Malonum\u0105, kur\u012f jis suteikia, galima prilyginti tik malonumui s\u0117d\u0117ti kr\u0117sle prie\u0161ais \u017eidin\u012f \u0161alt\u0105 \u017eiemos vakar\u0105.&#8221;&#8211; Independent on Sunday \u012e i\u0161davyst\u0119 rezgan\u010dius Tiudor\u0173 r\u016bmus atvyksta Hana Gryn, jauna, nuo Inkvizicijos b\u0117ganti \u017eyd\u0117. Prisiekusi tarnauti gra\u017euoliui Robertui Dadliui, ji i\u0161siun\u010diama \u0161nipin\u0117ti nustumtosios karaliaus Edvardo sosto paveld\u0117tojos, princes\u0117s Marijos Tiudor. Ta\u010diau Hana randa ne tiron\u0119, ne Kruvin\u0105j\u0105 Mer\u0119, kaip istorija pakrik\u0161tijo \u0161i\u0105 karalien\u0119, bet narsi\u0105 moter\u012f, fanati\u0161k\u0105 katalik\u0119, laukian\u010di\u0105 savo eil\u0117s u\u017eimti t\u0117vo sost\u0105 ir \u012fvykdyti tai, kas, jos nuomone, geriausia karalystei. Tuo pat metu princes\u0117s Marijos sesuo, protestant\u0117 El\u017ebieta laukia sesers klaid\u0173, kuriomis gal\u0117t\u0173 pasinaudoti, ir labiausiai \u2013 jos mirties. Atsid\u016brusi tarp am\u017ein\u0173 var\u017eovi\u0173, Henriko VIII dukter\u0173, pl\u0117\u0161oma meil\u0117s Dadliui ir pareigos \u0161eimai, priklausoma nuo mirtinai pavojingos Dievo dovanos \u2013 sugeb\u0117jimo dirstel\u0117ti \u012f ateit\u012f, Hana turi i\u0161gyventi pavojingais permain\u0173 laikais. Laikais, kuri\u0173 pagrindine liudininke ir veik\u0117ja tampa ne savo noru\u2026 Laikais, kai ne tos religijos pasirinkimas rei\u0161kia mirt\u012f, mokslas ir burtai susipyn\u0119, o tikra meil\u0117 gali reik\u0161ti mirt\u012f.<\/p>\n","protected":false},"featured_media":18163,"comment_status":"open","ping_status":"closed","template":"","meta":{"_acf_changed":false,"site-sidebar-layout":"default","site-content-layout":"","ast-site-content-layout":"default","site-content-style":"default","site-sidebar-style":"default","ast-global-header-display":"","ast-banner-title-visibility":"","ast-main-header-display":"","ast-hfb-above-header-display":"","ast-hfb-below-header-display":"","ast-hfb-mobile-header-display":"","site-post-title":"","ast-breadcrumbs-content":"","ast-featured-img":"","footer-sml-layout":"","ast-disable-related-posts":"","theme-transparent-header-meta":"","adv-header-id-meta":"","stick-header-meta":"","header-above-stick-meta":"","header-main-stick-meta":"","header-below-stick-meta":"","astra-migrate-meta-layouts":"default","ast-page-background-enabled":"default","ast-page-background-meta":{"desktop":{"background-color":"","background-image":"","background-repeat":"repeat","background-position":"center center","background-size":"auto","background-attachment":"scroll","background-type":"","background-media":"","overlay-type":"","overlay-color":"","overlay-opacity":"","overlay-gradient":""},"tablet":{"background-color":"","background-image":"","background-repeat":"repeat","background-position":"center center","background-size":"auto","background-attachment":"scroll","background-type":"","background-media":"","overlay-type":"","overlay-color":"","overlay-opacity":"","overlay-gradient":""},"mobile":{"background-color":"","background-image":"","background-repeat":"repeat","background-position":"center center","background-size":"auto","background-attachment":"scroll","background-type":"","background-media":"","overlay-type":"","overlay-color":"","overlay-opacity":"","overlay-gradient":""}},"ast-content-background-meta":{"desktop":{"background-color":"var(--ast-global-color-4)","background-image":"","background-repeat":"repeat","background-position":"center center","background-size":"auto","background-attachment":"scroll","background-type":"","background-media":"","overlay-type":"","overlay-color":"","overlay-opacity":"","overlay-gradient":""},"tablet":{"background-color":"var(--ast-global-color-4)","background-image":"","background-repeat":"repeat","background-position":"center center","background-size":"auto","background-attachment":"scroll","background-type":"","background-media":"","overlay-type":"","overlay-color":"","overlay-opacity":"","overlay-gradient":""},"mobile":{"background-color":"var(--ast-global-color-4)","background-image":"","background-repeat":"repeat","background-position":"center center","background-size":"auto","background-attachment":"scroll","background-type":"","background-media":"","overlay-type":"","overlay-color":"","overlay-opacity":"","overlay-gradient":""}}},"product_brand":[],"product_cat":[9618],"product_tag":[1253],"class_list":{"0":"post-18113","1":"product","2":"type-product","3":"status-publish","4":"has-post-thumbnail","6":"product_cat-istoriniai-romanai","7":"product_tag-philippa-gregory","8":"desktop-align-left","9":"tablet-align-left","10":"mobile-align-left","12":"first","13":"instock","14":"shipping-taxable","15":"purchasable","16":"product-type-simple"},"acf":[],"yoast_head":"<!-- This site is optimized with the Yoast SEO plugin v27.0 - https:\/\/yoast.com\/product\/yoast-seo-wordpress\/ -->\n<title>Karalien\u0117s juokdar\u0117<\/title>\n<meta name=\"description\" content=\"Dvi karalien\u0117s. Dvi am\u017einos var\u017eov\u0117s d\u0117l sosto. Viena steb\u0117toja, apdovanota nepaprasta Dievo dovana. \u201eDar geresnis u\u017e roman\u0105 \u201eKaralien\u0117s sesuo&quot;. Malonum\u0105,\" \/>\n<meta name=\"robots\" content=\"index, follow, max-snippet:-1, max-image-preview:large, max-video-preview:-1\" \/>\n<link rel=\"canonical\" href=\"https:\/\/skaitytaknyga.lt\/en\/produktas\/karalienes-juokdare-philippa-gregory\/\" \/>\n<meta property=\"og:locale\" content=\"en_GB\" \/>\n<meta property=\"og:locale:alternate\" content=\"lt_LT\" \/>\n<meta property=\"og:type\" content=\"article\" \/>\n<meta property=\"og:title\" content=\"Karalien\u0117s juokdar\u0117\" \/>\n<meta property=\"og:description\" content=\"Dvi karalien\u0117s. Dvi am\u017einos var\u017eov\u0117s d\u0117l sosto. Viena steb\u0117toja, apdovanota nepaprasta Dievo dovana. \u201eDar geresnis u\u017e roman\u0105 \u201eKaralien\u0117s sesuo&quot;. Malonum\u0105,\" \/>\n<meta property=\"og:url\" content=\"https:\/\/skaitytaknyga.lt\/en\/produktas\/karalienes-juokdare-philippa-gregory\/\" \/>\n<meta property=\"og:site_name\" content=\"Skaitytaknyga\" \/>\n<meta property=\"article:publisher\" content=\"https:\/\/www.facebook.com\/skaitytaknyga\/\" \/>\n<meta property=\"article:modified_time\" content=\"2026-03-18T09:08:12+00:00\" \/>\n<meta property=\"og:image\" content=\"https:\/\/skaitytaknyga.lt\/wp-content\/uploads\/2025\/04\/Karalienes-juokdare.jpg\" \/>\n\t<meta property=\"og:image:width\" content=\"130\" \/>\n\t<meta property=\"og:image:height\" content=\"211\" \/>\n\t<meta property=\"og:image:type\" content=\"image\/jpeg\" \/>\n<meta name=\"twitter:card\" content=\"summary_large_image\" \/>\n<meta name=\"twitter:label1\" content=\"Estimated reading time\" \/>\n\t<meta name=\"twitter:data1\" content=\"1 minute\" \/>\n<script type=\"application\/ld+json\" class=\"yoast-schema-graph\">{\"@context\":\"https:\/\/schema.org\",\"@graph\":[{\"@type\":\"WebPage\",\"@id\":\"https:\/\/skaitytaknyga.lt\/produktas\/karalienes-juokdare-philippa-gregory\/\",\"url\":\"https:\/\/skaitytaknyga.lt\/produktas\/karalienes-juokdare-philippa-gregory\/\",\"name\":\"Karalien\u0117s juokdar\u0117\",\"isPartOf\":{\"@id\":\"https:\/\/skaitytaknyga.lt\/#website\"},\"primaryImageOfPage\":{\"@id\":\"https:\/\/skaitytaknyga.lt\/produktas\/karalienes-juokdare-philippa-gregory\/#primaryimage\"},\"image\":{\"@id\":\"https:\/\/skaitytaknyga.lt\/produktas\/karalienes-juokdare-philippa-gregory\/#primaryimage\"},\"thumbnailUrl\":\"https:\/\/skaitytaknyga.lt\/wp-content\/uploads\/2025\/04\/Karalienes-juokdare.jpg\",\"datePublished\":\"2025-04-25T17:44:59+00:00\",\"dateModified\":\"2026-03-18T09:08:12+00:00\",\"description\":\"Dvi karalien\u0117s. Dvi am\u017einos var\u017eov\u0117s d\u0117l sosto. Viena steb\u0117toja, apdovanota nepaprasta Dievo dovana. \u201eDar geresnis u\u017e roman\u0105 \u201eKaralien\u0117s sesuo\\\". Malonum\u0105,\",\"breadcrumb\":{\"@id\":\"https:\/\/skaitytaknyga.lt\/produktas\/karalienes-juokdare-philippa-gregory\/#breadcrumb\"},\"inLanguage\":\"en-GB\",\"potentialAction\":[{\"@type\":\"ReadAction\",\"target\":[\"https:\/\/skaitytaknyga.lt\/produktas\/karalienes-juokdare-philippa-gregory\/\"]}]},{\"@type\":\"ImageObject\",\"inLanguage\":\"en-GB\",\"@id\":\"https:\/\/skaitytaknyga.lt\/produktas\/karalienes-juokdare-philippa-gregory\/#primaryimage\",\"url\":\"https:\/\/skaitytaknyga.lt\/wp-content\/uploads\/2025\/04\/Karalienes-juokdare.jpg\",\"contentUrl\":\"https:\/\/skaitytaknyga.lt\/wp-content\/uploads\/2025\/04\/Karalienes-juokdare.jpg\",\"width\":130,\"height\":211},{\"@type\":\"BreadcrumbList\",\"@id\":\"https:\/\/skaitytaknyga.lt\/produktas\/karalienes-juokdare-philippa-gregory\/#breadcrumb\",\"itemListElement\":[{\"@type\":\"ListItem\",\"position\":1,\"name\":\"Home\",\"item\":\"https:\/\/skaitytaknyga.lt\/\"},{\"@type\":\"ListItem\",\"position\":2,\"name\":\"Parduotuv\u0117\",\"item\":\"https:\/\/skaitytaknyga.lt\/knygu-parduotuve\/\"},{\"@type\":\"ListItem\",\"position\":3,\"name\":\"Karalien\u0117s juokdar\u0117\"}]},{\"@type\":\"WebSite\",\"@id\":\"https:\/\/skaitytaknyga.lt\/#website\",\"url\":\"https:\/\/skaitytaknyga.lt\/\",\"name\":\"skaitytaknyga.lt\",\"description\":\"Skaitytaknyga.lt \u2013 tai ma\u017eas \u0161eimos verslas, kuris prasid\u0117jo nuo meil\u0117s knygoms ir siekio i\u0161gelb\u0117ti knygas nuo likimo prie konteinerio. Kas vienam nereikalingas daiktas \u2013 kitam lobis, o mes esame tarpininkai, kurie padeda abiems tapti laimingesniems ???? \u017dinome kaip nelengva i\u0161gyventi ma\u017eiems verslams, tad nuo \u0161iol, \u010dia rasite ir kit\u0173, ma\u017e\u0173 \u0161eim\u0173 versl\u0173, rank\u0173 darbo, dovan\u0173 sau ir artimiesiems.\",\"publisher\":{\"@id\":\"https:\/\/skaitytaknyga.lt\/#organization\"},\"potentialAction\":[{\"@type\":\"SearchAction\",\"target\":{\"@type\":\"EntryPoint\",\"urlTemplate\":\"https:\/\/skaitytaknyga.lt\/?s={search_term_string}\"},\"query-input\":{\"@type\":\"PropertyValueSpecification\",\"valueRequired\":true,\"valueName\":\"search_term_string\"}}],\"inLanguage\":\"en-GB\"},{\"@type\":\"Organization\",\"@id\":\"https:\/\/skaitytaknyga.lt\/#organization\",\"name\":\"skaitytaknyga.lt\",\"url\":\"https:\/\/skaitytaknyga.lt\/\",\"logo\":{\"@type\":\"ImageObject\",\"inLanguage\":\"en-GB\",\"@id\":\"https:\/\/skaitytaknyga.lt\/#\/schema\/logo\/image\/\",\"url\":\"https:\/\/skaitytaknyga.lt\/wp-content\/uploads\/2024\/05\/cropped-cropped-cropped-02_00843_jt3bggkj1j3HLc7SyY6rEUpg.jpeg\",\"contentUrl\":\"https:\/\/skaitytaknyga.lt\/wp-content\/uploads\/2024\/05\/cropped-cropped-cropped-02_00843_jt3bggkj1j3HLc7SyY6rEUpg.jpeg\",\"width\":1600,\"height\":1600,\"caption\":\"skaitytaknyga.lt\"},\"image\":{\"@id\":\"https:\/\/skaitytaknyga.lt\/#\/schema\/logo\/image\/\"},\"sameAs\":[\"https:\/\/www.facebook.com\/skaitytaknyga\/\"]}]}<\/script>\n<!-- \/ Yoast SEO plugin. -->","yoast_head_json":{"title":"Karalien\u0117s juokdar\u0117","description":"Dvi karalien\u0117s. Dvi am\u017einos var\u017eov\u0117s d\u0117l sosto. Viena steb\u0117toja, apdovanota nepaprasta Dievo dovana. \u201eDar geresnis u\u017e roman\u0105 \u201eKaralien\u0117s sesuo\". Malonum\u0105,","robots":{"index":"index","follow":"follow","max-snippet":"max-snippet:-1","max-image-preview":"max-image-preview:large","max-video-preview":"max-video-preview:-1"},"canonical":"https:\/\/skaitytaknyga.lt\/en\/produktas\/karalienes-juokdare-philippa-gregory\/","og_locale":"en_GB","og_type":"article","og_title":"[:lt]Karalien\u0117s juokdar\u0117[:] - Skaitytaknyga","og_description":"Dvi karalien\u0117s. Dvi am\u017einos var\u017eov\u0117s d\u0117l sosto. Viena steb\u0117toja, apdovanota nepaprasta Dievo dovana. \u201eDar geresnis u\u017e roman\u0105 \u201eKaralien\u0117s sesuo\". Malonum\u0105,","og_url":"https:\/\/skaitytaknyga.lt\/en\/produktas\/karalienes-juokdare-philippa-gregory\/","og_site_name":"Skaitytaknyga","article_publisher":"https:\/\/www.facebook.com\/skaitytaknyga\/","article_modified_time":"2026-03-18T09:08:12+00:00","og_image":[{"width":130,"height":211,"url":"https:\/\/skaitytaknyga.lt\/wp-content\/uploads\/2025\/04\/Karalienes-juokdare.jpg","type":"image\/jpeg"}],"twitter_card":"summary_large_image","twitter_misc":{"Estimated reading time":"1 minute"},"schema":{"@context":"https:\/\/schema.org","@graph":[{"@type":"WebPage","@id":"https:\/\/skaitytaknyga.lt\/produktas\/karalienes-juokdare-philippa-gregory\/","url":"https:\/\/skaitytaknyga.lt\/produktas\/karalienes-juokdare-philippa-gregory\/","name":"Karalien\u0117s juokdar\u0117","isPartOf":{"@id":"https:\/\/skaitytaknyga.lt\/#website"},"primaryImageOfPage":{"@id":"https:\/\/skaitytaknyga.lt\/produktas\/karalienes-juokdare-philippa-gregory\/#primaryimage"},"image":{"@id":"https:\/\/skaitytaknyga.lt\/produktas\/karalienes-juokdare-philippa-gregory\/#primaryimage"},"thumbnailUrl":"https:\/\/skaitytaknyga.lt\/wp-content\/uploads\/2025\/04\/Karalienes-juokdare.jpg","datePublished":"2025-04-25T17:44:59+00:00","dateModified":"2026-03-18T09:08:12+00:00","description":"Dvi karalien\u0117s. Dvi am\u017einos var\u017eov\u0117s d\u0117l sosto. Viena steb\u0117toja, apdovanota nepaprasta Dievo dovana. \u201eDar geresnis u\u017e roman\u0105 \u201eKaralien\u0117s sesuo\". Malonum\u0105,","breadcrumb":{"@id":"https:\/\/skaitytaknyga.lt\/produktas\/karalienes-juokdare-philippa-gregory\/#breadcrumb"},"inLanguage":"en-GB","potentialAction":[{"@type":"ReadAction","target":["https:\/\/skaitytaknyga.lt\/produktas\/karalienes-juokdare-philippa-gregory\/"]}]},{"@type":"ImageObject","inLanguage":"en-GB","@id":"https:\/\/skaitytaknyga.lt\/produktas\/karalienes-juokdare-philippa-gregory\/#primaryimage","url":"https:\/\/skaitytaknyga.lt\/wp-content\/uploads\/2025\/04\/Karalienes-juokdare.jpg","contentUrl":"https:\/\/skaitytaknyga.lt\/wp-content\/uploads\/2025\/04\/Karalienes-juokdare.jpg","width":130,"height":211},{"@type":"BreadcrumbList","@id":"https:\/\/skaitytaknyga.lt\/produktas\/karalienes-juokdare-philippa-gregory\/#breadcrumb","itemListElement":[{"@type":"ListItem","position":1,"name":"Home","item":"https:\/\/skaitytaknyga.lt\/"},{"@type":"ListItem","position":2,"name":"Parduotuv\u0117","item":"https:\/\/skaitytaknyga.lt\/knygu-parduotuve\/"},{"@type":"ListItem","position":3,"name":"Karalien\u0117s juokdar\u0117"}]},{"@type":"WebSite","@id":"https:\/\/skaitytaknyga.lt\/#website","url":"https:\/\/skaitytaknyga.lt\/","name":"skaitytaknyga.lt","description":"Skaitytaknyga.lt \u2013 tai ma\u017eas \u0161eimos verslas, kuris prasid\u0117jo nuo meil\u0117s knygoms ir siekio i\u0161gelb\u0117ti knygas nuo likimo prie konteinerio. Kas vienam nereikalingas daiktas \u2013 kitam lobis, o mes esame tarpininkai, kurie padeda abiems tapti laimingesniems ???? \u017dinome kaip nelengva i\u0161gyventi ma\u017eiems verslams, tad nuo \u0161iol, \u010dia rasite ir kit\u0173, ma\u017e\u0173 \u0161eim\u0173 versl\u0173, rank\u0173 darbo, dovan\u0173 sau ir artimiesiems.","publisher":{"@id":"https:\/\/skaitytaknyga.lt\/#organization"},"potentialAction":[{"@type":"SearchAction","target":{"@type":"EntryPoint","urlTemplate":"https:\/\/skaitytaknyga.lt\/?s={search_term_string}"},"query-input":{"@type":"PropertyValueSpecification","valueRequired":true,"valueName":"search_term_string"}}],"inLanguage":"en-GB"},{"@type":"Organization","@id":"https:\/\/skaitytaknyga.lt\/#organization","name":"skaitytaknyga.lt","url":"https:\/\/skaitytaknyga.lt\/","logo":{"@type":"ImageObject","inLanguage":"en-GB","@id":"https:\/\/skaitytaknyga.lt\/#\/schema\/logo\/image\/","url":"https:\/\/skaitytaknyga.lt\/wp-content\/uploads\/2024\/05\/cropped-cropped-cropped-02_00843_jt3bggkj1j3HLc7SyY6rEUpg.jpeg","contentUrl":"https:\/\/skaitytaknyga.lt\/wp-content\/uploads\/2024\/05\/cropped-cropped-cropped-02_00843_jt3bggkj1j3HLc7SyY6rEUpg.jpeg","width":1600,"height":1600,"caption":"skaitytaknyga.lt"},"image":{"@id":"https:\/\/skaitytaknyga.lt\/#\/schema\/logo\/image\/"},"sameAs":["https:\/\/www.facebook.com\/skaitytaknyga\/"]}]}},"_links":{"self":[{"href":"https:\/\/skaitytaknyga.lt\/en\/wp-json\/wp\/v2\/product\/18113","targetHints":{"allow":["GET"]}}],"collection":[{"href":"https:\/\/skaitytaknyga.lt\/en\/wp-json\/wp\/v2\/product"}],"about":[{"href":"https:\/\/skaitytaknyga.lt\/en\/wp-json\/wp\/v2\/types\/product"}],"replies":[{"embeddable":true,"href":"https:\/\/skaitytaknyga.lt\/en\/wp-json\/wp\/v2\/comments?post=18113"}],"wp:featuredmedia":[{"embeddable":true,"href":"https:\/\/skaitytaknyga.lt\/en\/wp-json\/wp\/v2\/media\/18163"}],"wp:attachment":[{"href":"https:\/\/skaitytaknyga.lt\/en\/wp-json\/wp\/v2\/media?parent=18113"}],"wp:term":[{"taxonomy":"product_brand","embeddable":true,"href":"https:\/\/skaitytaknyga.lt\/en\/wp-json\/wp\/v2\/product_brand?post=18113"},{"taxonomy":"product_cat","embeddable":true,"href":"https:\/\/skaitytaknyga.lt\/en\/wp-json\/wp\/v2\/product_cat?post=18113"},{"taxonomy":"product_tag","embeddable":true,"href":"https:\/\/skaitytaknyga.lt\/en\/wp-json\/wp\/v2\/product_tag?post=18113"}],"curies":[{"name":"wp","href":"https:\/\/api.w.org\/{rel}","templated":true}]}}