{"id":18109,"date":"2025-04-25T20:44:59","date_gmt":"2025-04-25T17:44:59","guid":{"rendered":"https:\/\/skaitytaknyga.lt\/?post_type=product&#038;p=18109"},"modified":"2025-07-07T09:26:55","modified_gmt":"2025-07-07T06:26:55","slug":"isminties-druska","status":"publish","type":"product","link":"https:\/\/skaitytaknyga.lt\/en\/produktas\/isminties-druska\/","title":{"rendered":"Prahos kapin\u0117s"},"content":{"rendered":"<p><em>Gra\u017eu i\u0161 nieko sukurpti notarin\u012f akt\u0105, padirbti lai\u0161k\u0105, kad \u0161is atrodyt\u0173 kaip tikras, sura\u0161yti kompromituojan\u010di\u0105 i\u0161pa\u017eint\u012f, sukurti dokument\u0105, kuris k\u0105 nors pra\u017eudys.<\/em><\/p>\n<p><strong>Umberto Eco<\/strong>\u00a0(Umbertas Ekas; g. 1932 m. Italijoje) \u2013 viena ry\u0161kiausi\u0173 kult\u016bros pasaulio asmenybi\u0173, ra\u0161ytojas, semiotikas, medievistas, literat\u016bros kritikas.<\/p>\n<p>\u201ePrahos kapin\u0117s\u201c \u2013 naujausias autoriaus romanas, \u012ftampos pilna \u0161piona\u017eo, falsifikacij\u0173 ir s\u0105moksl\u0173 istorija.<\/p>\n<p>Pary\u017eius, 1897 m. kovas. Avanti\u016bristas, falsifikatorius, slaptasis agentas kapitonas Simonas Simoninis savo dienora\u0161tyje prisimena, kaip buvo \u012ftrauktas \u012f politines intrigas, visam laikui pakeitusias Europos ateit\u012f.<\/p>\n<p>Tamsius istorijos u\u017ekulisius Simoninis stebi i\u0161 visai arti: per jo rankas pereina slapti popieriai, kuriuos \u017eyd\u0173 karininkas Dreifusas es\u0105 pardav\u0117 vokie\u010di\u0173 atstovybei, aplinkui sukiojasi Pjemonto, Pranc\u016bzijos ir Pr\u016bsijos slaptosios tarnybos, viena per kit\u0105 rezgan\u010dios klastingus planus, masonai, j\u0117zuitai ir revoliucionieriai \u2013 ir galiausiai \u012f dienos \u0161vies\u0105 i\u0161kyla \u012f\u017eymieji Siono i\u0161min\u010di\u0173 protokolai, falsifikuotas \u201edokumentas\u201c, pasakojantis apie pasaulin\u012f \u201e\u017eyd\u0173 s\u0105moksl\u0105\u201c. \u0160ie fatali\u0161ki \u201eprotokolai\u201c \u2013 dar viena knyga, kuri \u017eudo (pamenate \u201eRo\u017e\u0117s vard\u0105\u201c?).<\/p>\n<p>Viskas \u0161ioje knygoje \u2013 tiesa, paremta faktais. Vienintelis i\u0161galvotas herojus \u201ePrahos kapin\u0117se\u201c \u2013 blogio \u012fsik\u016bnijimas Simonas Simoninis. U. Eco meistri\u0161kai pasakoja ni\u016bri\u0105 ir avanti\u016bristi\u0161k\u0105 XIX a. istorij\u0105, atverdamas skaitytojui dvokian\u010dias Pary\u017eiaus kloakas ir bandit\u0173 landynes, verbuodamas veik\u0117jus \u012f Garibald\u017eio \u0161alinink\u0173 gretas, versdamas juos \u0161nipin\u0117ti vis\u0173 pasaulio \u017evalgyb\u0173 ir kontr\u017evalgyb\u0173 naudai, tramdyti isterikes daktaro Charcot klinikoje, gerti al\u0173 su Sigmundu Freudu ir netgi dalyvauti juodosiose mi\u0161iose.<\/p>\n<p>Ta\u010diau po nuotykinio romano priedanga autorius, vienas did\u017eiausi\u0173 Europos intelektual\u0173, slepia mil\u017eini\u0161k\u0105 id\u0117j\u0173 ir erudicijos u\u017etais\u0105.<\/p>\n","protected":false},"excerpt":{"rendered":"<p>Gra\u017eu i\u0161 nieko sukurpti notarin\u012f akt\u0105, padirbti lai\u0161k\u0105, kad \u0161is atrodyt\u0173 kaip tikras, sura\u0161yti kompromituojan\u010di\u0105 i\u0161pa\u017eint\u012f, sukurti dokument\u0105, kuris k\u0105 nors pra\u017eudys. Umberto Eco\u00a0(Umbertas Ekas; g. 1932 m. Italijoje) \u2013 viena ry\u0161kiausi\u0173 kult\u016bros pasaulio asmenybi\u0173, ra\u0161ytojas, semiotikas, medievistas, literat\u016bros kritikas. \u201ePrahos kapin\u0117s\u201c \u2013 naujausias autoriaus romanas, \u012ftampos pilna \u0161piona\u017eo, falsifikacij\u0173 ir s\u0105moksl\u0173 istorija. Pary\u017eius, 1897 m. kovas. Avanti\u016bristas, falsifikatorius, slaptasis agentas kapitonas Simonas Simoninis savo dienora\u0161tyje prisimena, kaip buvo \u012ftrauktas \u012f politines intrigas, visam laikui pakeitusias Europos ateit\u012f. Tamsius istorijos u\u017ekulisius Simoninis stebi i\u0161 visai arti: per jo rankas pereina slapti popieriai, kuriuos \u017eyd\u0173 karininkas Dreifusas es\u0105 pardav\u0117 vokie\u010di\u0173 atstovybei, aplinkui sukiojasi Pjemonto, Pranc\u016bzijos ir Pr\u016bsijos slaptosios tarnybos, viena per kit\u0105 rezgan\u010dios klastingus planus, masonai, j\u0117zuitai ir revoliucionieriai \u2013 ir galiausiai \u012f dienos \u0161vies\u0105 i\u0161kyla \u012f\u017eymieji Siono i\u0161min\u010di\u0173 protokolai, falsifikuotas \u201edokumentas\u201c, pasakojantis apie pasaulin\u012f \u201e\u017eyd\u0173 s\u0105moksl\u0105\u201c. \u0160ie fatali\u0161ki \u201eprotokolai\u201c \u2013 dar viena knyga, kuri \u017eudo (pamenate \u201eRo\u017e\u0117s vard\u0105\u201c?). Viskas \u0161ioje knygoje \u2013 tiesa, paremta faktais. Vienintelis i\u0161galvotas herojus \u201ePrahos kapin\u0117se\u201c \u2013 blogio \u012fsik\u016bnijimas Simonas Simoninis. U. Eco meistri\u0161kai pasakoja ni\u016bri\u0105 ir avanti\u016bristi\u0161k\u0105 XIX a. istorij\u0105, atverdamas skaitytojui dvokian\u010dias Pary\u017eiaus kloakas ir bandit\u0173 landynes, verbuodamas veik\u0117jus \u012f Garibald\u017eio \u0161alinink\u0173 gretas, versdamas juos \u0161nipin\u0117ti vis\u0173 pasaulio \u017evalgyb\u0173 ir kontr\u017evalgyb\u0173 naudai, tramdyti isterikes daktaro Charcot klinikoje, gerti al\u0173 su Sigmundu Freudu ir netgi dalyvauti juodosiose mi\u0161iose. Ta\u010diau po nuotykinio romano priedanga autorius, vienas did\u017eiausi\u0173 Europos intelektual\u0173, slepia mil\u017eini\u0161k\u0105 id\u0117j\u0173 ir erudicijos u\u017etais\u0105.<\/p>\n","protected":false},"featured_media":18243,"comment_status":"open","ping_status":"closed","template":"","meta":{"_acf_changed":false,"site-sidebar-layout":"default","site-content-layout":"","ast-site-content-layout":"default","site-content-style":"default","site-sidebar-style":"default","ast-global-header-display":"","ast-banner-title-visibility":"","ast-main-header-display":"","ast-hfb-above-header-display":"","ast-hfb-below-header-display":"","ast-hfb-mobile-header-display":"","site-post-title":"","ast-breadcrumbs-content":"","ast-featured-img":"","footer-sml-layout":"","ast-disable-related-posts":"","theme-transparent-header-meta":"","adv-header-id-meta":"","stick-header-meta":"","header-above-stick-meta":"","header-main-stick-meta":"","header-below-stick-meta":"","astra-migrate-meta-layouts":"default","ast-page-background-enabled":"default","ast-page-background-meta":{"desktop":{"background-color":"","background-image":"","background-repeat":"repeat","background-position":"center center","background-size":"auto","background-attachment":"scroll","background-type":"","background-media":"","overlay-type":"","overlay-color":"","overlay-opacity":"","overlay-gradient":""},"tablet":{"background-color":"","background-image":"","background-repeat":"repeat","background-position":"center center","background-size":"auto","background-attachment":"scroll","background-type":"","background-media":"","overlay-type":"","overlay-color":"","overlay-opacity":"","overlay-gradient":""},"mobile":{"background-color":"","background-image":"","background-repeat":"repeat","background-position":"center center","background-size":"auto","background-attachment":"scroll","background-type":"","background-media":"","overlay-type":"","overlay-color":"","overlay-opacity":"","overlay-gradient":""}},"ast-content-background-meta":{"desktop":{"background-color":"var(--ast-global-color-4)","background-image":"","background-repeat":"repeat","background-position":"center center","background-size":"auto","background-attachment":"scroll","background-type":"","background-media":"","overlay-type":"","overlay-color":"","overlay-opacity":"","overlay-gradient":""},"tablet":{"background-color":"var(--ast-global-color-4)","background-image":"","background-repeat":"repeat","background-position":"center center","background-size":"auto","background-attachment":"scroll","background-type":"","background-media":"","overlay-type":"","overlay-color":"","overlay-opacity":"","overlay-gradient":""},"mobile":{"background-color":"var(--ast-global-color-4)","background-image":"","background-repeat":"repeat","background-position":"center center","background-size":"auto","background-attachment":"scroll","background-type":"","background-media":"","overlay-type":"","overlay-color":"","overlay-opacity":"","overlay-gradient":""}}},"product_brand":[],"product_cat":[31],"product_tag":[1494,1489,1492,1493,1488,1490,1491,1463],"class_list":{"0":"post-18109","1":"product","2":"type-product","3":"status-publish","4":"has-post-thumbnail","6":"product_cat-grozine-literatura","7":"product_tag-antisemitizmas","8":"product_tag-istorine-fantastika","9":"product_tag-literatura","10":"product_tag-masonai","11":"product_tag-prahos-kapines","12":"product_tag-samokslai","13":"product_tag-slaptos-organizacijos","14":"product_tag-umberto-eco","15":"desktop-align-left","16":"tablet-align-left","17":"mobile-align-left","19":"first","20":"instock","21":"shipping-taxable","22":"purchasable","23":"product-type-simple"},"acf":[],"yoast_head":"<!-- This site is optimized with the Yoast SEO plugin v27.0 - https:\/\/yoast.com\/product\/yoast-seo-wordpress\/ -->\n<title>Prahos kapin\u0117s<\/title>\n<meta name=\"description\" content=\"Gra\u017eu i\u0161 nieko sukurpti notarin\u012f akt\u0105, padirbti lai\u0161k\u0105, kad \u0161is atrodyt\u0173 kaip tikras, sura\u0161yti kompromituojan\u010di\u0105 i\u0161pa\u017eint\u012f, sukurti dokument\u0105, kuris k\u0105\" \/>\n<meta name=\"robots\" content=\"index, follow, max-snippet:-1, max-image-preview:large, max-video-preview:-1\" \/>\n<link rel=\"canonical\" href=\"https:\/\/skaitytaknyga.lt\/en\/produktas\/isminties-druska\/\" \/>\n<meta property=\"og:locale\" content=\"en_GB\" \/>\n<meta property=\"og:locale:alternate\" content=\"lt_LT\" \/>\n<meta property=\"og:type\" content=\"article\" \/>\n<meta property=\"og:title\" content=\"Prahos kapin\u0117s\" \/>\n<meta property=\"og:description\" content=\"Gra\u017eu i\u0161 nieko sukurpti notarin\u012f akt\u0105, padirbti lai\u0161k\u0105, kad \u0161is atrodyt\u0173 kaip tikras, sura\u0161yti kompromituojan\u010di\u0105 i\u0161pa\u017eint\u012f, sukurti dokument\u0105, kuris k\u0105\" \/>\n<meta property=\"og:url\" content=\"https:\/\/skaitytaknyga.lt\/en\/produktas\/isminties-druska\/\" \/>\n<meta property=\"og:site_name\" content=\"Skaitytaknyga\" \/>\n<meta property=\"article:publisher\" content=\"https:\/\/www.facebook.com\/skaitytaknyga\/\" \/>\n<meta property=\"article:modified_time\" content=\"2025-07-07T06:26:55+00:00\" \/>\n<meta property=\"og:image\" content=\"https:\/\/skaitytaknyga.lt\/wp-content\/uploads\/2025\/05\/Prahos-kapines.webp\" \/>\n\t<meta property=\"og:image:width\" content=\"534\" \/>\n\t<meta property=\"og:image:height\" content=\"801\" \/>\n\t<meta property=\"og:image:type\" content=\"image\/webp\" \/>\n<meta name=\"twitter:card\" content=\"summary_large_image\" \/>\n<meta name=\"twitter:label1\" content=\"Estimated reading time\" \/>\n\t<meta name=\"twitter:data1\" content=\"1 minute\" \/>\n<script type=\"application\/ld+json\" class=\"yoast-schema-graph\">{\"@context\":\"https:\/\/schema.org\",\"@graph\":[{\"@type\":\"WebPage\",\"@id\":\"https:\/\/skaitytaknyga.lt\/produktas\/isminties-druska\/\",\"url\":\"https:\/\/skaitytaknyga.lt\/produktas\/isminties-druska\/\",\"name\":\"Prahos kapin\u0117s\",\"isPartOf\":{\"@id\":\"https:\/\/skaitytaknyga.lt\/#website\"},\"primaryImageOfPage\":{\"@id\":\"https:\/\/skaitytaknyga.lt\/produktas\/isminties-druska\/#primaryimage\"},\"image\":{\"@id\":\"https:\/\/skaitytaknyga.lt\/produktas\/isminties-druska\/#primaryimage\"},\"thumbnailUrl\":\"https:\/\/skaitytaknyga.lt\/wp-content\/uploads\/2025\/05\/Prahos-kapines.webp\",\"datePublished\":\"2025-04-25T17:44:59+00:00\",\"dateModified\":\"2025-07-07T06:26:55+00:00\",\"description\":\"Gra\u017eu i\u0161 nieko sukurpti notarin\u012f akt\u0105, padirbti lai\u0161k\u0105, kad \u0161is atrodyt\u0173 kaip tikras, sura\u0161yti kompromituojan\u010di\u0105 i\u0161pa\u017eint\u012f, sukurti dokument\u0105, kuris k\u0105\",\"breadcrumb\":{\"@id\":\"https:\/\/skaitytaknyga.lt\/produktas\/isminties-druska\/#breadcrumb\"},\"inLanguage\":\"en-GB\",\"potentialAction\":[{\"@type\":\"ReadAction\",\"target\":[\"https:\/\/skaitytaknyga.lt\/produktas\/isminties-druska\/\"]}]},{\"@type\":\"ImageObject\",\"inLanguage\":\"en-GB\",\"@id\":\"https:\/\/skaitytaknyga.lt\/produktas\/isminties-druska\/#primaryimage\",\"url\":\"https:\/\/skaitytaknyga.lt\/wp-content\/uploads\/2025\/05\/Prahos-kapines.webp\",\"contentUrl\":\"https:\/\/skaitytaknyga.lt\/wp-content\/uploads\/2025\/05\/Prahos-kapines.webp\",\"width\":534,\"height\":801,\"caption\":\"Prahos kapin\u0117s\"},{\"@type\":\"BreadcrumbList\",\"@id\":\"https:\/\/skaitytaknyga.lt\/produktas\/isminties-druska\/#breadcrumb\",\"itemListElement\":[{\"@type\":\"ListItem\",\"position\":1,\"name\":\"Home\",\"item\":\"https:\/\/skaitytaknyga.lt\/\"},{\"@type\":\"ListItem\",\"position\":2,\"name\":\"Parduotuv\u0117\",\"item\":\"https:\/\/skaitytaknyga.lt\/knygu-parduotuve\/\"},{\"@type\":\"ListItem\",\"position\":3,\"name\":\"Prahos kapin\u0117s\"}]},{\"@type\":\"WebSite\",\"@id\":\"https:\/\/skaitytaknyga.lt\/#website\",\"url\":\"https:\/\/skaitytaknyga.lt\/\",\"name\":\"skaitytaknyga.lt\",\"description\":\"Skaitytaknyga.lt \u2013 tai ma\u017eas \u0161eimos verslas, kuris prasid\u0117jo nuo meil\u0117s knygoms ir siekio i\u0161gelb\u0117ti knygas nuo likimo prie konteinerio. Kas vienam nereikalingas daiktas \u2013 kitam lobis, o mes esame tarpininkai, kurie padeda abiems tapti laimingesniems ???? \u017dinome kaip nelengva i\u0161gyventi ma\u017eiems verslams, tad nuo \u0161iol, \u010dia rasite ir kit\u0173, ma\u017e\u0173 \u0161eim\u0173 versl\u0173, rank\u0173 darbo, dovan\u0173 sau ir artimiesiems.\",\"publisher\":{\"@id\":\"https:\/\/skaitytaknyga.lt\/#organization\"},\"potentialAction\":[{\"@type\":\"SearchAction\",\"target\":{\"@type\":\"EntryPoint\",\"urlTemplate\":\"https:\/\/skaitytaknyga.lt\/?s={search_term_string}\"},\"query-input\":{\"@type\":\"PropertyValueSpecification\",\"valueRequired\":true,\"valueName\":\"search_term_string\"}}],\"inLanguage\":\"en-GB\"},{\"@type\":\"Organization\",\"@id\":\"https:\/\/skaitytaknyga.lt\/#organization\",\"name\":\"skaitytaknyga.lt\",\"url\":\"https:\/\/skaitytaknyga.lt\/\",\"logo\":{\"@type\":\"ImageObject\",\"inLanguage\":\"en-GB\",\"@id\":\"https:\/\/skaitytaknyga.lt\/#\/schema\/logo\/image\/\",\"url\":\"https:\/\/skaitytaknyga.lt\/wp-content\/uploads\/2024\/05\/cropped-cropped-cropped-02_00843_jt3bggkj1j3HLc7SyY6rEUpg.jpeg\",\"contentUrl\":\"https:\/\/skaitytaknyga.lt\/wp-content\/uploads\/2024\/05\/cropped-cropped-cropped-02_00843_jt3bggkj1j3HLc7SyY6rEUpg.jpeg\",\"width\":1600,\"height\":1600,\"caption\":\"skaitytaknyga.lt\"},\"image\":{\"@id\":\"https:\/\/skaitytaknyga.lt\/#\/schema\/logo\/image\/\"},\"sameAs\":[\"https:\/\/www.facebook.com\/skaitytaknyga\/\"]}]}<\/script>\n<!-- \/ Yoast SEO plugin. -->","yoast_head_json":{"title":"Prahos kapin\u0117s","description":"Gra\u017eu i\u0161 nieko sukurpti notarin\u012f akt\u0105, padirbti lai\u0161k\u0105, kad \u0161is atrodyt\u0173 kaip tikras, sura\u0161yti kompromituojan\u010di\u0105 i\u0161pa\u017eint\u012f, sukurti dokument\u0105, kuris k\u0105","robots":{"index":"index","follow":"follow","max-snippet":"max-snippet:-1","max-image-preview":"max-image-preview:large","max-video-preview":"max-video-preview:-1"},"canonical":"https:\/\/skaitytaknyga.lt\/en\/produktas\/isminties-druska\/","og_locale":"en_GB","og_type":"article","og_title":"[:lt]Prahos kapin\u0117s[:] - Skaitytaknyga","og_description":"Gra\u017eu i\u0161 nieko sukurpti notarin\u012f akt\u0105, padirbti lai\u0161k\u0105, kad \u0161is atrodyt\u0173 kaip tikras, sura\u0161yti kompromituojan\u010di\u0105 i\u0161pa\u017eint\u012f, sukurti dokument\u0105, kuris k\u0105","og_url":"https:\/\/skaitytaknyga.lt\/en\/produktas\/isminties-druska\/","og_site_name":"Skaitytaknyga","article_publisher":"https:\/\/www.facebook.com\/skaitytaknyga\/","article_modified_time":"2025-07-07T06:26:55+00:00","og_image":[{"width":534,"height":801,"url":"https:\/\/skaitytaknyga.lt\/wp-content\/uploads\/2025\/05\/Prahos-kapines.webp","type":"image\/webp"}],"twitter_card":"summary_large_image","twitter_misc":{"Estimated reading time":"1 minute"},"schema":{"@context":"https:\/\/schema.org","@graph":[{"@type":"WebPage","@id":"https:\/\/skaitytaknyga.lt\/produktas\/isminties-druska\/","url":"https:\/\/skaitytaknyga.lt\/produktas\/isminties-druska\/","name":"Prahos kapin\u0117s","isPartOf":{"@id":"https:\/\/skaitytaknyga.lt\/#website"},"primaryImageOfPage":{"@id":"https:\/\/skaitytaknyga.lt\/produktas\/isminties-druska\/#primaryimage"},"image":{"@id":"https:\/\/skaitytaknyga.lt\/produktas\/isminties-druska\/#primaryimage"},"thumbnailUrl":"https:\/\/skaitytaknyga.lt\/wp-content\/uploads\/2025\/05\/Prahos-kapines.webp","datePublished":"2025-04-25T17:44:59+00:00","dateModified":"2025-07-07T06:26:55+00:00","description":"Gra\u017eu i\u0161 nieko sukurpti notarin\u012f akt\u0105, padirbti lai\u0161k\u0105, kad \u0161is atrodyt\u0173 kaip tikras, sura\u0161yti kompromituojan\u010di\u0105 i\u0161pa\u017eint\u012f, sukurti dokument\u0105, kuris k\u0105","breadcrumb":{"@id":"https:\/\/skaitytaknyga.lt\/produktas\/isminties-druska\/#breadcrumb"},"inLanguage":"en-GB","potentialAction":[{"@type":"ReadAction","target":["https:\/\/skaitytaknyga.lt\/produktas\/isminties-druska\/"]}]},{"@type":"ImageObject","inLanguage":"en-GB","@id":"https:\/\/skaitytaknyga.lt\/produktas\/isminties-druska\/#primaryimage","url":"https:\/\/skaitytaknyga.lt\/wp-content\/uploads\/2025\/05\/Prahos-kapines.webp","contentUrl":"https:\/\/skaitytaknyga.lt\/wp-content\/uploads\/2025\/05\/Prahos-kapines.webp","width":534,"height":801,"caption":"Prahos kapin\u0117s"},{"@type":"BreadcrumbList","@id":"https:\/\/skaitytaknyga.lt\/produktas\/isminties-druska\/#breadcrumb","itemListElement":[{"@type":"ListItem","position":1,"name":"Home","item":"https:\/\/skaitytaknyga.lt\/"},{"@type":"ListItem","position":2,"name":"Parduotuv\u0117","item":"https:\/\/skaitytaknyga.lt\/knygu-parduotuve\/"},{"@type":"ListItem","position":3,"name":"Prahos kapin\u0117s"}]},{"@type":"WebSite","@id":"https:\/\/skaitytaknyga.lt\/#website","url":"https:\/\/skaitytaknyga.lt\/","name":"skaitytaknyga.lt","description":"Skaitytaknyga.lt \u2013 tai ma\u017eas \u0161eimos verslas, kuris prasid\u0117jo nuo meil\u0117s knygoms ir siekio i\u0161gelb\u0117ti knygas nuo likimo prie konteinerio. Kas vienam nereikalingas daiktas \u2013 kitam lobis, o mes esame tarpininkai, kurie padeda abiems tapti laimingesniems ???? \u017dinome kaip nelengva i\u0161gyventi ma\u017eiems verslams, tad nuo \u0161iol, \u010dia rasite ir kit\u0173, ma\u017e\u0173 \u0161eim\u0173 versl\u0173, rank\u0173 darbo, dovan\u0173 sau ir artimiesiems.","publisher":{"@id":"https:\/\/skaitytaknyga.lt\/#organization"},"potentialAction":[{"@type":"SearchAction","target":{"@type":"EntryPoint","urlTemplate":"https:\/\/skaitytaknyga.lt\/?s={search_term_string}"},"query-input":{"@type":"PropertyValueSpecification","valueRequired":true,"valueName":"search_term_string"}}],"inLanguage":"en-GB"},{"@type":"Organization","@id":"https:\/\/skaitytaknyga.lt\/#organization","name":"skaitytaknyga.lt","url":"https:\/\/skaitytaknyga.lt\/","logo":{"@type":"ImageObject","inLanguage":"en-GB","@id":"https:\/\/skaitytaknyga.lt\/#\/schema\/logo\/image\/","url":"https:\/\/skaitytaknyga.lt\/wp-content\/uploads\/2024\/05\/cropped-cropped-cropped-02_00843_jt3bggkj1j3HLc7SyY6rEUpg.jpeg","contentUrl":"https:\/\/skaitytaknyga.lt\/wp-content\/uploads\/2024\/05\/cropped-cropped-cropped-02_00843_jt3bggkj1j3HLc7SyY6rEUpg.jpeg","width":1600,"height":1600,"caption":"skaitytaknyga.lt"},"image":{"@id":"https:\/\/skaitytaknyga.lt\/#\/schema\/logo\/image\/"},"sameAs":["https:\/\/www.facebook.com\/skaitytaknyga\/"]}]}},"_links":{"self":[{"href":"https:\/\/skaitytaknyga.lt\/en\/wp-json\/wp\/v2\/product\/18109","targetHints":{"allow":["GET"]}}],"collection":[{"href":"https:\/\/skaitytaknyga.lt\/en\/wp-json\/wp\/v2\/product"}],"about":[{"href":"https:\/\/skaitytaknyga.lt\/en\/wp-json\/wp\/v2\/types\/product"}],"replies":[{"embeddable":true,"href":"https:\/\/skaitytaknyga.lt\/en\/wp-json\/wp\/v2\/comments?post=18109"}],"wp:featuredmedia":[{"embeddable":true,"href":"https:\/\/skaitytaknyga.lt\/en\/wp-json\/wp\/v2\/media\/18243"}],"wp:attachment":[{"href":"https:\/\/skaitytaknyga.lt\/en\/wp-json\/wp\/v2\/media?parent=18109"}],"wp:term":[{"taxonomy":"product_brand","embeddable":true,"href":"https:\/\/skaitytaknyga.lt\/en\/wp-json\/wp\/v2\/product_brand?post=18109"},{"taxonomy":"product_cat","embeddable":true,"href":"https:\/\/skaitytaknyga.lt\/en\/wp-json\/wp\/v2\/product_cat?post=18109"},{"taxonomy":"product_tag","embeddable":true,"href":"https:\/\/skaitytaknyga.lt\/en\/wp-json\/wp\/v2\/product_tag?post=18109"}],"curies":[{"name":"wp","href":"https:\/\/api.w.org\/{rel}","templated":true}]}}