{"id":18107,"date":"2025-04-25T20:44:58","date_gmt":"2025-04-25T17:44:58","guid":{"rendered":"https:\/\/skaitytaknyga.lt\/?post_type=product&#038;p=18107"},"modified":"2025-04-29T11:31:04","modified_gmt":"2025-04-29T08:31:04","slug":"kathleen-mcgowan-magdalenos-evangelija","status":"publish","type":"product","link":"https:\/\/skaitytaknyga.lt\/en\/produktas\/kathleen-mcgowan-magdalenos-evangelija\/","title":{"rendered":"Magdalenos  evangelija"},"content":{"rendered":"<p class=\"Sraopastraipa1\">Prie\u0161 du t\u016bkstan\u010dius met\u0173 Marija Magdaliet\u0117 pasl\u0117p\u0117 rankra\u0161\u010dius Pranc\u016bzijoje, uol\u0117toje Pir\u0117n\u0173 pap\u0117d\u0117je. Tai buvo Marijos evangelija, jos liudijimas apie Naujojo Testamento \u012fvykius ir \u017emones. \u0160ventuosius rankra\u0161\u010dius saugo antgamtin\u0117s j\u0117gos, juos gali rasti tik ypatinga ie\u0161kotoja, senov\u0117je i\u0161prana\u0161autoji\u00a0<em>l\u2019Attendue<\/em>\u00a0\u2013 Laukiamoji.<\/p>\n<p class=\"Sraopastraipa1\">Kai \u017eurnalist\u0117 Morina Paskal \u0117m\u0117 rinkti med\u017eiag\u0105 naujai knygai, ji n\u0117 nenuman\u0117, kad su\u017einos ne vien\u0105 perversm\u0105 sukelsian\u010di\u0105 paslapt\u012f; d\u0117l j\u0173 t\u016bkstan\u010diai \u017emoni\u0173 \u017eud\u0117 ir buvo \u017eudomi. J\u0105 sukre\u010dia mistin\u0117 piet\u0173 Pranc\u016bzijos kult\u016bra. Keistoji prana\u0161yst\u0117 apie Laukiamosios at\u0117jim\u0105 paveikia Morinos gyvenim\u0105 ir darb\u0105, \u012f pavir\u0161i\u0173 i\u0161kyla seniai palaidotos \u0161eimos paslaptys. Ji pati ir skaitytojas \u0161ioje jaudinan\u010dioje evangelijoje susitinka su J\u0117zumi Kristumi, Marija Magdaliete, Jonu Krik\u0161tytoju, Judu ir Salom\u0117ja.<\/p>\n","protected":false},"excerpt":{"rendered":"<p>Prie\u0161 du t\u016bkstan\u010dius met\u0173 Marija Magdaliet\u0117 pasl\u0117p\u0117 rankra\u0161\u010dius Pranc\u016bzijoje, uol\u0117toje Pir\u0117n\u0173 pap\u0117d\u0117je. Tai buvo Marijos evangelija, jos liudijimas apie Naujojo Testamento \u012fvykius ir \u017emones. \u0160ventuosius rankra\u0161\u010dius saugo antgamtin\u0117s j\u0117gos, juos gali rasti tik ypatinga ie\u0161kotoja, senov\u0117je i\u0161prana\u0161autoji\u00a0l\u2019Attendue\u00a0\u2013 Laukiamoji. Kai \u017eurnalist\u0117 Morina Paskal \u0117m\u0117 rinkti med\u017eiag\u0105 naujai knygai, ji n\u0117 nenuman\u0117, kad su\u017einos ne vien\u0105 perversm\u0105 sukelsian\u010di\u0105 paslapt\u012f; d\u0117l j\u0173 t\u016bkstan\u010diai \u017emoni\u0173 \u017eud\u0117 ir buvo \u017eudomi. J\u0105 sukre\u010dia mistin\u0117 piet\u0173 Pranc\u016bzijos kult\u016bra. Keistoji prana\u0161yst\u0117 apie Laukiamosios at\u0117jim\u0105 paveikia Morinos gyvenim\u0105 ir darb\u0105, \u012f pavir\u0161i\u0173 i\u0161kyla seniai palaidotos \u0161eimos paslaptys. Ji pati ir skaitytojas \u0161ioje jaudinan\u010dioje evangelijoje susitinka su J\u0117zumi Kristumi, Marija Magdaliete, Jonu Krik\u0161tytoju, Judu ir Salom\u0117ja.<\/p>\n","protected":false},"featured_media":18137,"comment_status":"open","ping_status":"closed","template":"","meta":{"_acf_changed":false,"site-sidebar-layout":"default","site-content-layout":"","ast-site-content-layout":"default","site-content-style":"default","site-sidebar-style":"default","ast-global-header-display":"","ast-banner-title-visibility":"","ast-main-header-display":"","ast-hfb-above-header-display":"","ast-hfb-below-header-display":"","ast-hfb-mobile-header-display":"","site-post-title":"","ast-breadcrumbs-content":"","ast-featured-img":"","footer-sml-layout":"","ast-disable-related-posts":"","theme-transparent-header-meta":"default","adv-header-id-meta":"","stick-header-meta":"","header-above-stick-meta":"","header-main-stick-meta":"","header-below-stick-meta":"","astra-migrate-meta-layouts":"set","ast-page-background-enabled":"default","ast-page-background-meta":{"desktop":{"background-color":"","background-image":"","background-repeat":"repeat","background-position":"center center","background-size":"auto","background-attachment":"scroll","background-type":"","background-media":"","overlay-type":"","overlay-color":"","overlay-opacity":"","overlay-gradient":""},"tablet":{"background-color":"","background-image":"","background-repeat":"repeat","background-position":"center center","background-size":"auto","background-attachment":"scroll","background-type":"","background-media":"","overlay-type":"","overlay-color":"","overlay-opacity":"","overlay-gradient":""},"mobile":{"background-color":"","background-image":"","background-repeat":"repeat","background-position":"center center","background-size":"auto","background-attachment":"scroll","background-type":"","background-media":"","overlay-type":"","overlay-color":"","overlay-opacity":"","overlay-gradient":""}},"ast-content-background-meta":{"desktop":{"background-color":"var(--ast-global-color-4)","background-image":"","background-repeat":"repeat","background-position":"center center","background-size":"auto","background-attachment":"scroll","background-type":"","background-media":"","overlay-type":"","overlay-color":"","overlay-opacity":"","overlay-gradient":""},"tablet":{"background-color":"var(--ast-global-color-4)","background-image":"","background-repeat":"repeat","background-position":"center center","background-size":"auto","background-attachment":"scroll","background-type":"","background-media":"","overlay-type":"","overlay-color":"","overlay-opacity":"","overlay-gradient":""},"mobile":{"background-color":"var(--ast-global-color-4)","background-image":"","background-repeat":"repeat","background-position":"center center","background-size":"auto","background-attachment":"scroll","background-type":"","background-media":"","overlay-type":"","overlay-color":"","overlay-opacity":"","overlay-gradient":""}}},"product_brand":[],"product_cat":[31,15],"product_tag":[],"class_list":{"0":"post-18107","1":"product","2":"type-product","3":"status-publish","4":"has-post-thumbnail","6":"product_cat-grozine-literatura","7":"product_cat-uncategorized","8":"desktop-align-left","9":"tablet-align-left","10":"mobile-align-left","12":"first","13":"instock","14":"shipping-taxable","15":"purchasable","16":"product-type-simple"},"acf":[],"yoast_head":"<!-- This site is optimized with the Yoast SEO plugin v27.4 - https:\/\/yoast.com\/product\/yoast-seo-wordpress\/ -->\n<title>Magdalenos evangelija<\/title>\n<meta name=\"description\" content=\"Prie\u0161 du t\u016bkstan\u010dius met\u0173 Marija Magdaliet\u0117 pasl\u0117p\u0117 rankra\u0161\u010dius Pranc\u016bzijoje, uol\u0117toje Pir\u0117n\u0173 pap\u0117d\u0117je. Tai buvo Marijos evangelija, jos liudijimas apie\" \/>\n<meta name=\"robots\" content=\"index, follow, max-snippet:-1, max-image-preview:large, max-video-preview:-1\" \/>\n<link rel=\"canonical\" href=\"https:\/\/skaitytaknyga.lt\/en\/produktas\/kathleen-mcgowan-magdalenos-evangelija\/\" \/>\n<meta property=\"og:locale\" content=\"en_GB\" \/>\n<meta property=\"og:locale:alternate\" content=\"lt_LT\" \/>\n<meta property=\"og:type\" content=\"article\" \/>\n<meta property=\"og:title\" content=\"Magdalenos evangelija\" \/>\n<meta property=\"og:description\" content=\"Prie\u0161 du t\u016bkstan\u010dius met\u0173 Marija Magdaliet\u0117 pasl\u0117p\u0117 rankra\u0161\u010dius Pranc\u016bzijoje, uol\u0117toje Pir\u0117n\u0173 pap\u0117d\u0117je. Tai buvo Marijos evangelija, jos liudijimas apie\" \/>\n<meta property=\"og:url\" content=\"https:\/\/skaitytaknyga.lt\/en\/produktas\/kathleen-mcgowan-magdalenos-evangelija\/\" \/>\n<meta property=\"og:site_name\" content=\"Skaitytaknyga\" \/>\n<meta property=\"article:publisher\" content=\"https:\/\/www.facebook.com\/skaitytaknyga\/\" \/>\n<meta property=\"article:modified_time\" content=\"2025-04-29T08:31:04+00:00\" \/>\n<meta property=\"og:image\" content=\"https:\/\/skaitytaknyga.lt\/wp-content\/uploads\/2025\/04\/Magdalenos-evangelija.webp\" \/>\n\t<meta property=\"og:image:width\" content=\"488\" \/>\n\t<meta property=\"og:image:height\" content=\"800\" \/>\n\t<meta property=\"og:image:type\" content=\"image\/webp\" \/>\n<meta name=\"twitter:card\" content=\"summary_large_image\" \/>\n<meta name=\"twitter:label1\" content=\"Estimated reading time\" \/>\n\t<meta name=\"twitter:data1\" content=\"1 minute\" \/>\n<script type=\"application\/ld+json\" class=\"yoast-schema-graph\">{\"@context\":\"https:\\\/\\\/schema.org\",\"@graph\":[{\"@type\":\"WebPage\",\"@id\":\"https:\\\/\\\/skaitytaknyga.lt\\\/produktas\\\/kathleen-mcgowan-magdalenos-evangelija\\\/\",\"url\":\"https:\\\/\\\/skaitytaknyga.lt\\\/produktas\\\/kathleen-mcgowan-magdalenos-evangelija\\\/\",\"name\":\"Magdalenos evangelija\",\"isPartOf\":{\"@id\":\"https:\\\/\\\/skaitytaknyga.lt\\\/#website\"},\"primaryImageOfPage\":{\"@id\":\"https:\\\/\\\/skaitytaknyga.lt\\\/produktas\\\/kathleen-mcgowan-magdalenos-evangelija\\\/#primaryimage\"},\"image\":{\"@id\":\"https:\\\/\\\/skaitytaknyga.lt\\\/produktas\\\/kathleen-mcgowan-magdalenos-evangelija\\\/#primaryimage\"},\"thumbnailUrl\":\"https:\\\/\\\/skaitytaknyga.lt\\\/wp-content\\\/uploads\\\/2025\\\/04\\\/Magdalenos-evangelija.webp\",\"datePublished\":\"2025-04-25T17:44:58+00:00\",\"dateModified\":\"2025-04-29T08:31:04+00:00\",\"description\":\"Prie\u0161 du t\u016bkstan\u010dius met\u0173 Marija Magdaliet\u0117 pasl\u0117p\u0117 rankra\u0161\u010dius Pranc\u016bzijoje, uol\u0117toje Pir\u0117n\u0173 pap\u0117d\u0117je. Tai buvo Marijos evangelija, jos liudijimas apie\",\"breadcrumb\":{\"@id\":\"https:\\\/\\\/skaitytaknyga.lt\\\/produktas\\\/kathleen-mcgowan-magdalenos-evangelija\\\/#breadcrumb\"},\"inLanguage\":\"en-GB\",\"potentialAction\":[{\"@type\":\"ReadAction\",\"target\":[\"https:\\\/\\\/skaitytaknyga.lt\\\/produktas\\\/kathleen-mcgowan-magdalenos-evangelija\\\/\"]}]},{\"@type\":\"ImageObject\",\"inLanguage\":\"en-GB\",\"@id\":\"https:\\\/\\\/skaitytaknyga.lt\\\/produktas\\\/kathleen-mcgowan-magdalenos-evangelija\\\/#primaryimage\",\"url\":\"https:\\\/\\\/skaitytaknyga.lt\\\/wp-content\\\/uploads\\\/2025\\\/04\\\/Magdalenos-evangelija.webp\",\"contentUrl\":\"https:\\\/\\\/skaitytaknyga.lt\\\/wp-content\\\/uploads\\\/2025\\\/04\\\/Magdalenos-evangelija.webp\",\"width\":488,\"height\":800,\"caption\":\"Magdalenos evangelija\"},{\"@type\":\"BreadcrumbList\",\"@id\":\"https:\\\/\\\/skaitytaknyga.lt\\\/produktas\\\/kathleen-mcgowan-magdalenos-evangelija\\\/#breadcrumb\",\"itemListElement\":[{\"@type\":\"ListItem\",\"position\":1,\"name\":\"Home\",\"item\":\"https:\\\/\\\/skaitytaknyga.lt\\\/\"},{\"@type\":\"ListItem\",\"position\":2,\"name\":\"Parduotuv\u0117\",\"item\":\"https:\\\/\\\/skaitytaknyga.lt\\\/knygu-parduotuve\\\/\"},{\"@type\":\"ListItem\",\"position\":3,\"name\":\"Magdalenos evangelija\"}]},{\"@type\":\"WebSite\",\"@id\":\"https:\\\/\\\/skaitytaknyga.lt\\\/#website\",\"url\":\"https:\\\/\\\/skaitytaknyga.lt\\\/\",\"name\":\"skaitytaknyga.lt\",\"description\":\"Skaitytaknyga.lt \u2013 tai ma\u017eas \u0161eimos verslas, kuris prasid\u0117jo nuo meil\u0117s knygoms ir siekio i\u0161gelb\u0117ti knygas nuo likimo prie konteinerio. Kas vienam nereikalingas daiktas \u2013 kitam lobis, o mes esame tarpininkai, kurie padeda abiems tapti laimingesniems ???? \u017dinome kaip nelengva i\u0161gyventi ma\u017eiems verslams, tad nuo \u0161iol, \u010dia rasite ir kit\u0173, ma\u017e\u0173 \u0161eim\u0173 versl\u0173, rank\u0173 darbo, dovan\u0173 sau ir artimiesiems.\",\"publisher\":{\"@id\":\"https:\\\/\\\/skaitytaknyga.lt\\\/#organization\"},\"potentialAction\":[{\"@type\":\"SearchAction\",\"target\":{\"@type\":\"EntryPoint\",\"urlTemplate\":\"https:\\\/\\\/skaitytaknyga.lt\\\/?s={search_term_string}\"},\"query-input\":{\"@type\":\"PropertyValueSpecification\",\"valueRequired\":true,\"valueName\":\"search_term_string\"}}],\"inLanguage\":\"en-GB\"},{\"@type\":\"Organization\",\"@id\":\"https:\\\/\\\/skaitytaknyga.lt\\\/#organization\",\"name\":\"skaitytaknyga.lt\",\"url\":\"https:\\\/\\\/skaitytaknyga.lt\\\/\",\"logo\":{\"@type\":\"ImageObject\",\"inLanguage\":\"en-GB\",\"@id\":\"https:\\\/\\\/skaitytaknyga.lt\\\/#\\\/schema\\\/logo\\\/image\\\/\",\"url\":\"https:\\\/\\\/skaitytaknyga.lt\\\/wp-content\\\/uploads\\\/2024\\\/05\\\/cropped-cropped-cropped-02_00843_jt3bggkj1j3HLc7SyY6rEUpg.jpeg\",\"contentUrl\":\"https:\\\/\\\/skaitytaknyga.lt\\\/wp-content\\\/uploads\\\/2024\\\/05\\\/cropped-cropped-cropped-02_00843_jt3bggkj1j3HLc7SyY6rEUpg.jpeg\",\"width\":1600,\"height\":1600,\"caption\":\"skaitytaknyga.lt\"},\"image\":{\"@id\":\"https:\\\/\\\/skaitytaknyga.lt\\\/#\\\/schema\\\/logo\\\/image\\\/\"},\"sameAs\":[\"https:\\\/\\\/www.facebook.com\\\/skaitytaknyga\\\/\"]}]}<\/script>\n<!-- \/ Yoast SEO plugin. -->","yoast_head_json":{"title":"Magdalenos evangelija","description":"Prie\u0161 du t\u016bkstan\u010dius met\u0173 Marija Magdaliet\u0117 pasl\u0117p\u0117 rankra\u0161\u010dius Pranc\u016bzijoje, uol\u0117toje Pir\u0117n\u0173 pap\u0117d\u0117je. Tai buvo Marijos evangelija, jos liudijimas apie","robots":{"index":"index","follow":"follow","max-snippet":"max-snippet:-1","max-image-preview":"max-image-preview:large","max-video-preview":"max-video-preview:-1"},"canonical":"https:\/\/skaitytaknyga.lt\/en\/produktas\/kathleen-mcgowan-magdalenos-evangelija\/","og_locale":"en_GB","og_type":"article","og_title":"[:lt]Magdalenos evangelija[:] - Skaitytaknyga","og_description":"Prie\u0161 du t\u016bkstan\u010dius met\u0173 Marija Magdaliet\u0117 pasl\u0117p\u0117 rankra\u0161\u010dius Pranc\u016bzijoje, uol\u0117toje Pir\u0117n\u0173 pap\u0117d\u0117je. Tai buvo Marijos evangelija, jos liudijimas apie","og_url":"https:\/\/skaitytaknyga.lt\/en\/produktas\/kathleen-mcgowan-magdalenos-evangelija\/","og_site_name":"Skaitytaknyga","article_publisher":"https:\/\/www.facebook.com\/skaitytaknyga\/","article_modified_time":"2025-04-29T08:31:04+00:00","og_image":[{"width":488,"height":800,"url":"https:\/\/skaitytaknyga.lt\/wp-content\/uploads\/2025\/04\/Magdalenos-evangelija.webp","type":"image\/webp"}],"twitter_card":"summary_large_image","twitter_misc":{"Estimated reading time":"1 minute"},"schema":{"@context":"https:\/\/schema.org","@graph":[{"@type":"WebPage","@id":"https:\/\/skaitytaknyga.lt\/produktas\/kathleen-mcgowan-magdalenos-evangelija\/","url":"https:\/\/skaitytaknyga.lt\/produktas\/kathleen-mcgowan-magdalenos-evangelija\/","name":"Magdalenos evangelija","isPartOf":{"@id":"https:\/\/skaitytaknyga.lt\/#website"},"primaryImageOfPage":{"@id":"https:\/\/skaitytaknyga.lt\/produktas\/kathleen-mcgowan-magdalenos-evangelija\/#primaryimage"},"image":{"@id":"https:\/\/skaitytaknyga.lt\/produktas\/kathleen-mcgowan-magdalenos-evangelija\/#primaryimage"},"thumbnailUrl":"https:\/\/skaitytaknyga.lt\/wp-content\/uploads\/2025\/04\/Magdalenos-evangelija.webp","datePublished":"2025-04-25T17:44:58+00:00","dateModified":"2025-04-29T08:31:04+00:00","description":"Prie\u0161 du t\u016bkstan\u010dius met\u0173 Marija Magdaliet\u0117 pasl\u0117p\u0117 rankra\u0161\u010dius Pranc\u016bzijoje, uol\u0117toje Pir\u0117n\u0173 pap\u0117d\u0117je. Tai buvo Marijos evangelija, jos liudijimas apie","breadcrumb":{"@id":"https:\/\/skaitytaknyga.lt\/produktas\/kathleen-mcgowan-magdalenos-evangelija\/#breadcrumb"},"inLanguage":"en-GB","potentialAction":[{"@type":"ReadAction","target":["https:\/\/skaitytaknyga.lt\/produktas\/kathleen-mcgowan-magdalenos-evangelija\/"]}]},{"@type":"ImageObject","inLanguage":"en-GB","@id":"https:\/\/skaitytaknyga.lt\/produktas\/kathleen-mcgowan-magdalenos-evangelija\/#primaryimage","url":"https:\/\/skaitytaknyga.lt\/wp-content\/uploads\/2025\/04\/Magdalenos-evangelija.webp","contentUrl":"https:\/\/skaitytaknyga.lt\/wp-content\/uploads\/2025\/04\/Magdalenos-evangelija.webp","width":488,"height":800,"caption":"Magdalenos evangelija"},{"@type":"BreadcrumbList","@id":"https:\/\/skaitytaknyga.lt\/produktas\/kathleen-mcgowan-magdalenos-evangelija\/#breadcrumb","itemListElement":[{"@type":"ListItem","position":1,"name":"Home","item":"https:\/\/skaitytaknyga.lt\/"},{"@type":"ListItem","position":2,"name":"Parduotuv\u0117","item":"https:\/\/skaitytaknyga.lt\/knygu-parduotuve\/"},{"@type":"ListItem","position":3,"name":"Magdalenos evangelija"}]},{"@type":"WebSite","@id":"https:\/\/skaitytaknyga.lt\/#website","url":"https:\/\/skaitytaknyga.lt\/","name":"skaitytaknyga.lt","description":"Skaitytaknyga.lt \u2013 tai ma\u017eas \u0161eimos verslas, kuris prasid\u0117jo nuo meil\u0117s knygoms ir siekio i\u0161gelb\u0117ti knygas nuo likimo prie konteinerio. Kas vienam nereikalingas daiktas \u2013 kitam lobis, o mes esame tarpininkai, kurie padeda abiems tapti laimingesniems ???? \u017dinome kaip nelengva i\u0161gyventi ma\u017eiems verslams, tad nuo \u0161iol, \u010dia rasite ir kit\u0173, ma\u017e\u0173 \u0161eim\u0173 versl\u0173, rank\u0173 darbo, dovan\u0173 sau ir artimiesiems.","publisher":{"@id":"https:\/\/skaitytaknyga.lt\/#organization"},"potentialAction":[{"@type":"SearchAction","target":{"@type":"EntryPoint","urlTemplate":"https:\/\/skaitytaknyga.lt\/?s={search_term_string}"},"query-input":{"@type":"PropertyValueSpecification","valueRequired":true,"valueName":"search_term_string"}}],"inLanguage":"en-GB"},{"@type":"Organization","@id":"https:\/\/skaitytaknyga.lt\/#organization","name":"skaitytaknyga.lt","url":"https:\/\/skaitytaknyga.lt\/","logo":{"@type":"ImageObject","inLanguage":"en-GB","@id":"https:\/\/skaitytaknyga.lt\/#\/schema\/logo\/image\/","url":"https:\/\/skaitytaknyga.lt\/wp-content\/uploads\/2024\/05\/cropped-cropped-cropped-02_00843_jt3bggkj1j3HLc7SyY6rEUpg.jpeg","contentUrl":"https:\/\/skaitytaknyga.lt\/wp-content\/uploads\/2024\/05\/cropped-cropped-cropped-02_00843_jt3bggkj1j3HLc7SyY6rEUpg.jpeg","width":1600,"height":1600,"caption":"skaitytaknyga.lt"},"image":{"@id":"https:\/\/skaitytaknyga.lt\/#\/schema\/logo\/image\/"},"sameAs":["https:\/\/www.facebook.com\/skaitytaknyga\/"]}]}},"_links":{"self":[{"href":"https:\/\/skaitytaknyga.lt\/en\/wp-json\/wp\/v2\/product\/18107","targetHints":{"allow":["GET"]}}],"collection":[{"href":"https:\/\/skaitytaknyga.lt\/en\/wp-json\/wp\/v2\/product"}],"about":[{"href":"https:\/\/skaitytaknyga.lt\/en\/wp-json\/wp\/v2\/types\/product"}],"replies":[{"embeddable":true,"href":"https:\/\/skaitytaknyga.lt\/en\/wp-json\/wp\/v2\/comments?post=18107"}],"wp:featuredmedia":[{"embeddable":true,"href":"https:\/\/skaitytaknyga.lt\/en\/wp-json\/wp\/v2\/media\/18137"}],"wp:attachment":[{"href":"https:\/\/skaitytaknyga.lt\/en\/wp-json\/wp\/v2\/media?parent=18107"}],"wp:term":[{"taxonomy":"product_brand","embeddable":true,"href":"https:\/\/skaitytaknyga.lt\/en\/wp-json\/wp\/v2\/product_brand?post=18107"},{"taxonomy":"product_cat","embeddable":true,"href":"https:\/\/skaitytaknyga.lt\/en\/wp-json\/wp\/v2\/product_cat?post=18107"},{"taxonomy":"product_tag","embeddable":true,"href":"https:\/\/skaitytaknyga.lt\/en\/wp-json\/wp\/v2\/product_tag?post=18107"}],"curies":[{"name":"wp","href":"https:\/\/api.w.org\/{rel}","templated":true}]}}