{"id":18106,"date":"2025-04-25T20:44:58","date_gmt":"2025-04-25T17:44:58","guid":{"rendered":"https:\/\/skaitytaknyga.lt\/?post_type=product&#038;p=18106"},"modified":"2026-03-18T11:08:12","modified_gmt":"2026-03-18T09:08:12","slug":"philippa-gregory-atstumtoji-karaliene","status":"publish","type":"product","link":"https:\/\/skaitytaknyga.lt\/en\/produktas\/philippa-gregory-atstumtoji-karaliene\/","title":{"rendered":"Atstumtoji karalien\u0117"},"content":{"rendered":"<p>Nuo mai\u0161tinink\u0173 i\u0161 savo \u0161alies pab\u0117gusi \u0160kotijos karalien\u0117 Marija priversta prisiglausti pusseser\u0117s El\u017ebietos Anglijoje. Protestanti\u0161kai Anglijai, kuriai nuolat kelia gr\u0117sm\u0119 Ispanija, Pranc\u016bzija ir Roma, visai nereikia charizmati\u0161kos katalik\u0117s karalien\u0117s, tod\u0117l El\u017ebietos patar\u0117jas Sesilis sugalvoja plan\u0105: Marija gyvens nuo\u0161alioje pilyje, pri\u017ei\u016brima jo patik\u0117tin\u0117s Bes\u0117s i\u0161 Hardviko.<\/p>\n<p>Bes\u0117 &#8211; visk\u0105 gyvenime pasiekusi guviu protu ir tvirta valia, d\u017eiaugiasi s\u0117kmingiausia ketvirt\u0105ja santuoka su kilminguoju \u0160riusberio grafu ir naujomis galimyb\u0117mis, kurias atvers kilmingos vie\u0161nios pri\u0117mimas. Tik kokia santuoka gali atsispirti \u017eavingos koket\u0117s Marijos kerams? Ir mai\u0161to gr\u0117smei, kuri\u0105 ji kelia? I\u0161taigingame kal\u0117jime pasmerktoji karalien\u0117 laukia, kol gal\u0117s gr\u012f\u017eti \u012f \u0160kotij\u0105 pas s\u016bnel\u012f. Ta\u010diau laukti &#8211; nerei\u0161kia nieko neveikti&#8230;<\/p>\n<p>Ilgas bibliografijos s\u0105ra\u0161as romano gale gali nustebinti tuos, kurie \u012fsitikin\u0119, jog tik dokumentikos autoriai \u012fsikib\u0119 kruop\u0161\u010di\u0173 mokslini\u0173 tyrim\u0173, nes bestseleri\u0173 \u201eKaralien\u0117s sesuo&#8221;, \u201eKaralien\u0117s juokdar\u0117&#8221;, \u201eKaralien\u0117s meilu\u017eis&#8221; autorei aistra istoriniam tikslumui yra k\u016brybos variklis. Nagingai ausdama faktus ir fantazij\u0105 \u012f romanti\u0161k\u0105 pasakojim\u0105, kuris i\u0161eina u\u017e da\u017enai nusp\u0117jamo istorinio romano rib\u0173, P. Gregory si\u016blo nauj\u0105 \u017evilgsn\u012f \u012f vien\u0105 i\u0161 labiausiai intriguojan\u010di\u0173, romanti\u0161k\u0173 ir kontroversi\u0161k\u0173 istorini\u0173 asmenybi\u0173, kuris spirs skaitytojus versti knygos lapus iki i\u0161nakt\u0173.<\/p>\n","protected":false},"excerpt":{"rendered":"<p>Nuo mai\u0161tinink\u0173 i\u0161 savo \u0161alies pab\u0117gusi \u0160kotijos karalien\u0117 Marija priversta prisiglausti pusseser\u0117s El\u017ebietos Anglijoje. Protestanti\u0161kai Anglijai, kuriai nuolat kelia gr\u0117sm\u0119 Ispanija, Pranc\u016bzija ir Roma, visai nereikia charizmati\u0161kos katalik\u0117s karalien\u0117s, tod\u0117l El\u017ebietos patar\u0117jas Sesilis sugalvoja plan\u0105: Marija gyvens nuo\u0161alioje pilyje, pri\u017ei\u016brima jo patik\u0117tin\u0117s Bes\u0117s i\u0161 Hardviko. Bes\u0117 &#8211; visk\u0105 gyvenime pasiekusi guviu protu ir tvirta valia, d\u017eiaugiasi s\u0117kmingiausia ketvirt\u0105ja santuoka su kilminguoju \u0160riusberio grafu ir naujomis galimyb\u0117mis, kurias atvers kilmingos vie\u0161nios pri\u0117mimas. Tik kokia santuoka gali atsispirti \u017eavingos koket\u0117s Marijos kerams? Ir mai\u0161to gr\u0117smei, kuri\u0105 ji kelia? I\u0161taigingame kal\u0117jime pasmerktoji karalien\u0117 laukia, kol gal\u0117s gr\u012f\u017eti \u012f \u0160kotij\u0105 pas s\u016bnel\u012f. Ta\u010diau laukti &#8211; nerei\u0161kia nieko neveikti&#8230; Ilgas bibliografijos s\u0105ra\u0161as romano gale gali nustebinti tuos, kurie \u012fsitikin\u0119, jog tik dokumentikos autoriai \u012fsikib\u0119 kruop\u0161\u010di\u0173 mokslini\u0173 tyrim\u0173, nes bestseleri\u0173 \u201eKaralien\u0117s sesuo&#8221;, \u201eKaralien\u0117s juokdar\u0117&#8221;, \u201eKaralien\u0117s meilu\u017eis&#8221; autorei aistra istoriniam tikslumui yra k\u016brybos variklis. Nagingai ausdama faktus ir fantazij\u0105 \u012f romanti\u0161k\u0105 pasakojim\u0105, kuris i\u0161eina u\u017e da\u017enai nusp\u0117jamo istorinio romano rib\u0173, P. Gregory si\u016blo nauj\u0105 \u017evilgsn\u012f \u012f vien\u0105 i\u0161 labiausiai intriguojan\u010di\u0173, romanti\u0161k\u0173 ir kontroversi\u0161k\u0173 istorini\u0173 asmenybi\u0173, kuris spirs skaitytojus versti knygos lapus iki i\u0161nakt\u0173.<\/p>\n","protected":false},"featured_media":18138,"comment_status":"open","ping_status":"closed","template":"","meta":{"_acf_changed":false,"site-sidebar-layout":"default","site-content-layout":"","ast-site-content-layout":"default","site-content-style":"default","site-sidebar-style":"default","ast-global-header-display":"","ast-banner-title-visibility":"","ast-main-header-display":"","ast-hfb-above-header-display":"","ast-hfb-below-header-display":"","ast-hfb-mobile-header-display":"","site-post-title":"","ast-breadcrumbs-content":"","ast-featured-img":"","footer-sml-layout":"","ast-disable-related-posts":"","theme-transparent-header-meta":"default","adv-header-id-meta":"","stick-header-meta":"","header-above-stick-meta":"","header-main-stick-meta":"","header-below-stick-meta":"","astra-migrate-meta-layouts":"set","ast-page-background-enabled":"default","ast-page-background-meta":{"desktop":{"background-color":"","background-image":"","background-repeat":"repeat","background-position":"center center","background-size":"auto","background-attachment":"scroll","background-type":"","background-media":"","overlay-type":"","overlay-color":"","overlay-opacity":"","overlay-gradient":""},"tablet":{"background-color":"","background-image":"","background-repeat":"repeat","background-position":"center center","background-size":"auto","background-attachment":"scroll","background-type":"","background-media":"","overlay-type":"","overlay-color":"","overlay-opacity":"","overlay-gradient":""},"mobile":{"background-color":"","background-image":"","background-repeat":"repeat","background-position":"center center","background-size":"auto","background-attachment":"scroll","background-type":"","background-media":"","overlay-type":"","overlay-color":"","overlay-opacity":"","overlay-gradient":""}},"ast-content-background-meta":{"desktop":{"background-color":"var(--ast-global-color-4)","background-image":"","background-repeat":"repeat","background-position":"center center","background-size":"auto","background-attachment":"scroll","background-type":"","background-media":"","overlay-type":"","overlay-color":"","overlay-opacity":"","overlay-gradient":""},"tablet":{"background-color":"var(--ast-global-color-4)","background-image":"","background-repeat":"repeat","background-position":"center center","background-size":"auto","background-attachment":"scroll","background-type":"","background-media":"","overlay-type":"","overlay-color":"","overlay-opacity":"","overlay-gradient":""},"mobile":{"background-color":"var(--ast-global-color-4)","background-image":"","background-repeat":"repeat","background-position":"center center","background-size":"auto","background-attachment":"scroll","background-type":"","background-media":"","overlay-type":"","overlay-color":"","overlay-opacity":"","overlay-gradient":""}}},"product_brand":[],"product_cat":[9618],"product_tag":[1198,1253],"class_list":{"0":"post-18106","1":"product","2":"type-product","3":"status-publish","4":"has-post-thumbnail","6":"product_cat-istoriniai-romanai","7":"product_tag-istoriniai-romanai","8":"product_tag-philippa-gregory","9":"pa_virselis-minksti-virseliai","10":"desktop-align-left","11":"tablet-align-left","12":"mobile-align-left","14":"first","15":"instock","16":"shipping-taxable","17":"purchasable","18":"product-type-simple"},"acf":[],"yoast_head":"<!-- This site is optimized with the Yoast SEO plugin v27.0 - https:\/\/yoast.com\/product\/yoast-seo-wordpress\/ -->\n<title>Atstumtoji karalien\u0117<\/title>\n<meta name=\"description\" content=\"Nuo mai\u0161tinink\u0173 i\u0161 savo \u0161alies pab\u0117gusi \u0160kotijos karalien\u0117 Marija priversta prisiglausti pusseser\u0117s El\u017ebietos Anglijoje. Protestanti\u0161kai Anglijai, kuriai\" \/>\n<meta name=\"robots\" content=\"index, follow, max-snippet:-1, max-image-preview:large, max-video-preview:-1\" \/>\n<link rel=\"canonical\" href=\"https:\/\/skaitytaknyga.lt\/en\/produktas\/philippa-gregory-atstumtoji-karaliene\/\" \/>\n<meta property=\"og:locale\" content=\"en_GB\" \/>\n<meta property=\"og:locale:alternate\" content=\"lt_LT\" \/>\n<meta property=\"og:type\" content=\"article\" \/>\n<meta property=\"og:title\" content=\"Atstumtoji karalien\u0117\" \/>\n<meta property=\"og:description\" content=\"Nuo mai\u0161tinink\u0173 i\u0161 savo \u0161alies pab\u0117gusi \u0160kotijos karalien\u0117 Marija priversta prisiglausti pusseser\u0117s El\u017ebietos Anglijoje. Protestanti\u0161kai Anglijai, kuriai\" \/>\n<meta property=\"og:url\" content=\"https:\/\/skaitytaknyga.lt\/en\/produktas\/philippa-gregory-atstumtoji-karaliene\/\" \/>\n<meta property=\"og:site_name\" content=\"Skaitytaknyga\" \/>\n<meta property=\"article:publisher\" content=\"https:\/\/www.facebook.com\/skaitytaknyga\/\" \/>\n<meta property=\"article:modified_time\" content=\"2026-03-18T09:08:12+00:00\" \/>\n<meta property=\"og:image\" content=\"https:\/\/skaitytaknyga.lt\/wp-content\/uploads\/2025\/04\/Atstumtoji-karalien4.jpg\" \/>\n\t<meta property=\"og:image:width\" content=\"295\" \/>\n\t<meta property=\"og:image:height\" content=\"430\" \/>\n\t<meta property=\"og:image:type\" content=\"image\/jpeg\" \/>\n<meta name=\"twitter:card\" content=\"summary_large_image\" \/>\n<meta name=\"twitter:label1\" content=\"Estimated reading time\" \/>\n\t<meta name=\"twitter:data1\" content=\"2 minutes\" \/>\n<script type=\"application\/ld+json\" class=\"yoast-schema-graph\">{\"@context\":\"https:\/\/schema.org\",\"@graph\":[{\"@type\":\"WebPage\",\"@id\":\"https:\/\/skaitytaknyga.lt\/produktas\/philippa-gregory-atstumtoji-karaliene\/\",\"url\":\"https:\/\/skaitytaknyga.lt\/produktas\/philippa-gregory-atstumtoji-karaliene\/\",\"name\":\"Atstumtoji karalien\u0117\",\"isPartOf\":{\"@id\":\"https:\/\/skaitytaknyga.lt\/#website\"},\"primaryImageOfPage\":{\"@id\":\"https:\/\/skaitytaknyga.lt\/produktas\/philippa-gregory-atstumtoji-karaliene\/#primaryimage\"},\"image\":{\"@id\":\"https:\/\/skaitytaknyga.lt\/produktas\/philippa-gregory-atstumtoji-karaliene\/#primaryimage\"},\"thumbnailUrl\":\"https:\/\/skaitytaknyga.lt\/wp-content\/uploads\/2025\/04\/Atstumtoji-karalien4.jpg\",\"datePublished\":\"2025-04-25T17:44:58+00:00\",\"dateModified\":\"2026-03-18T09:08:12+00:00\",\"description\":\"Nuo mai\u0161tinink\u0173 i\u0161 savo \u0161alies pab\u0117gusi \u0160kotijos karalien\u0117 Marija priversta prisiglausti pusseser\u0117s El\u017ebietos Anglijoje. Protestanti\u0161kai Anglijai, kuriai\",\"breadcrumb\":{\"@id\":\"https:\/\/skaitytaknyga.lt\/produktas\/philippa-gregory-atstumtoji-karaliene\/#breadcrumb\"},\"inLanguage\":\"en-GB\",\"potentialAction\":[{\"@type\":\"ReadAction\",\"target\":[\"https:\/\/skaitytaknyga.lt\/produktas\/philippa-gregory-atstumtoji-karaliene\/\"]}]},{\"@type\":\"ImageObject\",\"inLanguage\":\"en-GB\",\"@id\":\"https:\/\/skaitytaknyga.lt\/produktas\/philippa-gregory-atstumtoji-karaliene\/#primaryimage\",\"url\":\"https:\/\/skaitytaknyga.lt\/wp-content\/uploads\/2025\/04\/Atstumtoji-karalien4.jpg\",\"contentUrl\":\"https:\/\/skaitytaknyga.lt\/wp-content\/uploads\/2025\/04\/Atstumtoji-karalien4.jpg\",\"width\":295,\"height\":430,\"caption\":\"Atstumtoji karalien\u0117\"},{\"@type\":\"BreadcrumbList\",\"@id\":\"https:\/\/skaitytaknyga.lt\/produktas\/philippa-gregory-atstumtoji-karaliene\/#breadcrumb\",\"itemListElement\":[{\"@type\":\"ListItem\",\"position\":1,\"name\":\"Home\",\"item\":\"https:\/\/skaitytaknyga.lt\/\"},{\"@type\":\"ListItem\",\"position\":2,\"name\":\"Parduotuv\u0117\",\"item\":\"https:\/\/skaitytaknyga.lt\/knygu-parduotuve\/\"},{\"@type\":\"ListItem\",\"position\":3,\"name\":\"Atstumtoji karalien\u0117\"}]},{\"@type\":\"WebSite\",\"@id\":\"https:\/\/skaitytaknyga.lt\/#website\",\"url\":\"https:\/\/skaitytaknyga.lt\/\",\"name\":\"skaitytaknyga.lt\",\"description\":\"Skaitytaknyga.lt \u2013 tai ma\u017eas \u0161eimos verslas, kuris prasid\u0117jo nuo meil\u0117s knygoms ir siekio i\u0161gelb\u0117ti knygas nuo likimo prie konteinerio. Kas vienam nereikalingas daiktas \u2013 kitam lobis, o mes esame tarpininkai, kurie padeda abiems tapti laimingesniems ???? \u017dinome kaip nelengva i\u0161gyventi ma\u017eiems verslams, tad nuo \u0161iol, \u010dia rasite ir kit\u0173, ma\u017e\u0173 \u0161eim\u0173 versl\u0173, rank\u0173 darbo, dovan\u0173 sau ir artimiesiems.\",\"publisher\":{\"@id\":\"https:\/\/skaitytaknyga.lt\/#organization\"},\"potentialAction\":[{\"@type\":\"SearchAction\",\"target\":{\"@type\":\"EntryPoint\",\"urlTemplate\":\"https:\/\/skaitytaknyga.lt\/?s={search_term_string}\"},\"query-input\":{\"@type\":\"PropertyValueSpecification\",\"valueRequired\":true,\"valueName\":\"search_term_string\"}}],\"inLanguage\":\"en-GB\"},{\"@type\":\"Organization\",\"@id\":\"https:\/\/skaitytaknyga.lt\/#organization\",\"name\":\"skaitytaknyga.lt\",\"url\":\"https:\/\/skaitytaknyga.lt\/\",\"logo\":{\"@type\":\"ImageObject\",\"inLanguage\":\"en-GB\",\"@id\":\"https:\/\/skaitytaknyga.lt\/#\/schema\/logo\/image\/\",\"url\":\"https:\/\/skaitytaknyga.lt\/wp-content\/uploads\/2024\/05\/cropped-cropped-cropped-02_00843_jt3bggkj1j3HLc7SyY6rEUpg.jpeg\",\"contentUrl\":\"https:\/\/skaitytaknyga.lt\/wp-content\/uploads\/2024\/05\/cropped-cropped-cropped-02_00843_jt3bggkj1j3HLc7SyY6rEUpg.jpeg\",\"width\":1600,\"height\":1600,\"caption\":\"skaitytaknyga.lt\"},\"image\":{\"@id\":\"https:\/\/skaitytaknyga.lt\/#\/schema\/logo\/image\/\"},\"sameAs\":[\"https:\/\/www.facebook.com\/skaitytaknyga\/\"]}]}<\/script>\n<!-- \/ Yoast SEO plugin. -->","yoast_head_json":{"title":"Atstumtoji karalien\u0117","description":"Nuo mai\u0161tinink\u0173 i\u0161 savo \u0161alies pab\u0117gusi \u0160kotijos karalien\u0117 Marija priversta prisiglausti pusseser\u0117s El\u017ebietos Anglijoje. Protestanti\u0161kai Anglijai, kuriai","robots":{"index":"index","follow":"follow","max-snippet":"max-snippet:-1","max-image-preview":"max-image-preview:large","max-video-preview":"max-video-preview:-1"},"canonical":"https:\/\/skaitytaknyga.lt\/en\/produktas\/philippa-gregory-atstumtoji-karaliene\/","og_locale":"en_GB","og_type":"article","og_title":"[:lt]Atstumtoji karalien\u0117[:] - Skaitytaknyga","og_description":"Nuo mai\u0161tinink\u0173 i\u0161 savo \u0161alies pab\u0117gusi \u0160kotijos karalien\u0117 Marija priversta prisiglausti pusseser\u0117s El\u017ebietos Anglijoje. Protestanti\u0161kai Anglijai, kuriai","og_url":"https:\/\/skaitytaknyga.lt\/en\/produktas\/philippa-gregory-atstumtoji-karaliene\/","og_site_name":"Skaitytaknyga","article_publisher":"https:\/\/www.facebook.com\/skaitytaknyga\/","article_modified_time":"2026-03-18T09:08:12+00:00","og_image":[{"width":295,"height":430,"url":"https:\/\/skaitytaknyga.lt\/wp-content\/uploads\/2025\/04\/Atstumtoji-karalien4.jpg","type":"image\/jpeg"}],"twitter_card":"summary_large_image","twitter_misc":{"Estimated reading time":"2 minutes"},"schema":{"@context":"https:\/\/schema.org","@graph":[{"@type":"WebPage","@id":"https:\/\/skaitytaknyga.lt\/produktas\/philippa-gregory-atstumtoji-karaliene\/","url":"https:\/\/skaitytaknyga.lt\/produktas\/philippa-gregory-atstumtoji-karaliene\/","name":"Atstumtoji karalien\u0117","isPartOf":{"@id":"https:\/\/skaitytaknyga.lt\/#website"},"primaryImageOfPage":{"@id":"https:\/\/skaitytaknyga.lt\/produktas\/philippa-gregory-atstumtoji-karaliene\/#primaryimage"},"image":{"@id":"https:\/\/skaitytaknyga.lt\/produktas\/philippa-gregory-atstumtoji-karaliene\/#primaryimage"},"thumbnailUrl":"https:\/\/skaitytaknyga.lt\/wp-content\/uploads\/2025\/04\/Atstumtoji-karalien4.jpg","datePublished":"2025-04-25T17:44:58+00:00","dateModified":"2026-03-18T09:08:12+00:00","description":"Nuo mai\u0161tinink\u0173 i\u0161 savo \u0161alies pab\u0117gusi \u0160kotijos karalien\u0117 Marija priversta prisiglausti pusseser\u0117s El\u017ebietos Anglijoje. Protestanti\u0161kai Anglijai, kuriai","breadcrumb":{"@id":"https:\/\/skaitytaknyga.lt\/produktas\/philippa-gregory-atstumtoji-karaliene\/#breadcrumb"},"inLanguage":"en-GB","potentialAction":[{"@type":"ReadAction","target":["https:\/\/skaitytaknyga.lt\/produktas\/philippa-gregory-atstumtoji-karaliene\/"]}]},{"@type":"ImageObject","inLanguage":"en-GB","@id":"https:\/\/skaitytaknyga.lt\/produktas\/philippa-gregory-atstumtoji-karaliene\/#primaryimage","url":"https:\/\/skaitytaknyga.lt\/wp-content\/uploads\/2025\/04\/Atstumtoji-karalien4.jpg","contentUrl":"https:\/\/skaitytaknyga.lt\/wp-content\/uploads\/2025\/04\/Atstumtoji-karalien4.jpg","width":295,"height":430,"caption":"Atstumtoji karalien\u0117"},{"@type":"BreadcrumbList","@id":"https:\/\/skaitytaknyga.lt\/produktas\/philippa-gregory-atstumtoji-karaliene\/#breadcrumb","itemListElement":[{"@type":"ListItem","position":1,"name":"Home","item":"https:\/\/skaitytaknyga.lt\/"},{"@type":"ListItem","position":2,"name":"Parduotuv\u0117","item":"https:\/\/skaitytaknyga.lt\/knygu-parduotuve\/"},{"@type":"ListItem","position":3,"name":"Atstumtoji karalien\u0117"}]},{"@type":"WebSite","@id":"https:\/\/skaitytaknyga.lt\/#website","url":"https:\/\/skaitytaknyga.lt\/","name":"skaitytaknyga.lt","description":"Skaitytaknyga.lt \u2013 tai ma\u017eas \u0161eimos verslas, kuris prasid\u0117jo nuo meil\u0117s knygoms ir siekio i\u0161gelb\u0117ti knygas nuo likimo prie konteinerio. Kas vienam nereikalingas daiktas \u2013 kitam lobis, o mes esame tarpininkai, kurie padeda abiems tapti laimingesniems ???? \u017dinome kaip nelengva i\u0161gyventi ma\u017eiems verslams, tad nuo \u0161iol, \u010dia rasite ir kit\u0173, ma\u017e\u0173 \u0161eim\u0173 versl\u0173, rank\u0173 darbo, dovan\u0173 sau ir artimiesiems.","publisher":{"@id":"https:\/\/skaitytaknyga.lt\/#organization"},"potentialAction":[{"@type":"SearchAction","target":{"@type":"EntryPoint","urlTemplate":"https:\/\/skaitytaknyga.lt\/?s={search_term_string}"},"query-input":{"@type":"PropertyValueSpecification","valueRequired":true,"valueName":"search_term_string"}}],"inLanguage":"en-GB"},{"@type":"Organization","@id":"https:\/\/skaitytaknyga.lt\/#organization","name":"skaitytaknyga.lt","url":"https:\/\/skaitytaknyga.lt\/","logo":{"@type":"ImageObject","inLanguage":"en-GB","@id":"https:\/\/skaitytaknyga.lt\/#\/schema\/logo\/image\/","url":"https:\/\/skaitytaknyga.lt\/wp-content\/uploads\/2024\/05\/cropped-cropped-cropped-02_00843_jt3bggkj1j3HLc7SyY6rEUpg.jpeg","contentUrl":"https:\/\/skaitytaknyga.lt\/wp-content\/uploads\/2024\/05\/cropped-cropped-cropped-02_00843_jt3bggkj1j3HLc7SyY6rEUpg.jpeg","width":1600,"height":1600,"caption":"skaitytaknyga.lt"},"image":{"@id":"https:\/\/skaitytaknyga.lt\/#\/schema\/logo\/image\/"},"sameAs":["https:\/\/www.facebook.com\/skaitytaknyga\/"]}]}},"_links":{"self":[{"href":"https:\/\/skaitytaknyga.lt\/en\/wp-json\/wp\/v2\/product\/18106","targetHints":{"allow":["GET"]}}],"collection":[{"href":"https:\/\/skaitytaknyga.lt\/en\/wp-json\/wp\/v2\/product"}],"about":[{"href":"https:\/\/skaitytaknyga.lt\/en\/wp-json\/wp\/v2\/types\/product"}],"replies":[{"embeddable":true,"href":"https:\/\/skaitytaknyga.lt\/en\/wp-json\/wp\/v2\/comments?post=18106"}],"wp:featuredmedia":[{"embeddable":true,"href":"https:\/\/skaitytaknyga.lt\/en\/wp-json\/wp\/v2\/media\/18138"}],"wp:attachment":[{"href":"https:\/\/skaitytaknyga.lt\/en\/wp-json\/wp\/v2\/media?parent=18106"}],"wp:term":[{"taxonomy":"product_brand","embeddable":true,"href":"https:\/\/skaitytaknyga.lt\/en\/wp-json\/wp\/v2\/product_brand?post=18106"},{"taxonomy":"product_cat","embeddable":true,"href":"https:\/\/skaitytaknyga.lt\/en\/wp-json\/wp\/v2\/product_cat?post=18106"},{"taxonomy":"product_tag","embeddable":true,"href":"https:\/\/skaitytaknyga.lt\/en\/wp-json\/wp\/v2\/product_tag?post=18106"}],"curies":[{"name":"wp","href":"https:\/\/api.w.org\/{rel}","templated":true}]}}