{"id":18105,"date":"2025-04-25T20:44:58","date_gmt":"2025-04-25T17:44:58","guid":{"rendered":"https:\/\/skaitytaknyga.lt\/?post_type=product&#038;p=18105"},"modified":"2025-05-12T22:11:12","modified_gmt":"2025-05-12T19:11:12","slug":"laukiame-naujagimio","status":"publish","type":"product","link":"https:\/\/skaitytaknyga.lt\/en\/produktas\/laukiame-naujagimio\/","title":{"rendered":"Laukiame naujagimio. Apie devynis laukimo m\u0117nesius ir naujagimio prie\u017ei\u016br\u0105"},"content":{"rendered":"<p>Knygoje \u201eLaukiame naujagimio\u201c, parengtoje su garsiausiais Lietuvos gydytojais ir specialistais, i\u0161samiai ir \u0161iltai pasakojama apie nuostabiausi\u0105 bei prasmingiausi\u0105 met\u0105 \u2013 naujos gyvyb\u0117s laukim\u0105, naujagimio prie\u017ei\u016br\u0105, \u0161eimos k\u016brimosi ir darni\u0173 santyki\u0173 prad\u017ei\u0105. Viena i\u0161 autori\u0173 J\u016brat\u0117 Jadkonyt\u0117 Petraitien\u0117 sako: \u201eI\u0161 esm\u0117s knygoje kalbame viena tema \u2013 kaip susilaukti sveiko k\u016bdikio &#8211; tik su \u012fvairi\u0173 sri\u010di\u0173 specialistais, kuri\u0173 kiekvieno patirtis skirtinga, ta\u010diau vieninga i\u0161mintimi ir \u017einiomis, pagr\u012fstomis naujausiais mokslo pasiekimais, ilgamete praktika bei meile savo darbui. Tai &#8211; ginekologijos prof. dr. (HP) Gra\u017eina Dr\u0105sutien\u0117, neonatologijos prof. dr. (HP) Nijol\u0117 Drazdien\u0117, genetikos prof. dr. (HP) Algirdas Utkus, vaik\u0173 lig\u0173 prof. dr. (HP) Vytautas Usonis, prof. dr. (HP) Vytautas Basys, doc. dr. Violeta O\u017eeraitien\u0117, psichiatr\u0117 Goda Ba\u010dien\u0117, \u0161eimos konsultantas Vaidas Arvasevi\u010dius.\u201c Dar vienas knygos unikalumas, pasak autor\u0117s Auks\u0117s Kontrimien\u0117s, \u2013 ji yra suasmeninta: \u201eSkaitytojas ir skaitytojus t\u0117\u010dius maloniai nud\u017eiugins galimyb\u0117 pasi\u017eym\u0117ti asmenin\u0119 informacij\u0105 apie savo vaikut\u012f (vaisiaus judesius, pirm\u0173j\u0173 met\u0173 \u016bgio, svorio poky\u010dius diagramose). Knyga \u201eLaukiame naujagimio\u201c spausdinta ant specialaus popieriaus, tod\u0117l joje galima pie\u0161ti, spalvinti specialiai knygai sukurtas mandalas, pasitikrinti savo jausmus ir \u017einias atliekant testus t\u0117vams. Neabejojame, po daugelio met\u0173 u\u017eaug\u0119s vaikas su dideliu smalsumu vartys kiekvien\u0105 puslap\u012f ir su\u017einos, kaip jo t\u0117vai lauk\u0117.&#8221;<\/p>\n","protected":false},"excerpt":{"rendered":"<p>Knygoje \u201eLaukiame naujagimio\u201c, parengtoje su garsiausiais Lietuvos gydytojais ir specialistais, i\u0161samiai ir \u0161iltai pasakojama apie nuostabiausi\u0105 bei prasmingiausi\u0105 met\u0105 \u2013 naujos gyvyb\u0117s laukim\u0105, naujagimio prie\u017ei\u016br\u0105, \u0161eimos k\u016brimosi ir darni\u0173 santyki\u0173 prad\u017ei\u0105. Viena i\u0161 autori\u0173 J\u016brat\u0117 Jadkonyt\u0117 Petraitien\u0117 sako: \u201eI\u0161 esm\u0117s knygoje kalbame viena tema \u2013 kaip susilaukti sveiko k\u016bdikio &#8211; tik su \u012fvairi\u0173 sri\u010di\u0173 specialistais, kuri\u0173 kiekvieno patirtis skirtinga, ta\u010diau vieninga i\u0161mintimi ir \u017einiomis, pagr\u012fstomis naujausiais mokslo pasiekimais, ilgamete praktika bei meile savo darbui. Tai &#8211; ginekologijos prof. dr. (HP) Gra\u017eina Dr\u0105sutien\u0117, neonatologijos prof. dr. (HP) Nijol\u0117 Drazdien\u0117, genetikos prof. dr. (HP) Algirdas Utkus, vaik\u0173 lig\u0173 prof. dr. (HP) Vytautas Usonis, prof. dr. (HP) Vytautas Basys, doc. dr. Violeta O\u017eeraitien\u0117, psichiatr\u0117 Goda Ba\u010dien\u0117, \u0161eimos konsultantas Vaidas Arvasevi\u010dius.\u201c Dar vienas knygos unikalumas, pasak autor\u0117s Auks\u0117s Kontrimien\u0117s, \u2013 ji yra suasmeninta: \u201eSkaitytojas ir skaitytojus t\u0117\u010dius maloniai nud\u017eiugins galimyb\u0117 pasi\u017eym\u0117ti asmenin\u0119 informacij\u0105 apie savo vaikut\u012f (vaisiaus judesius, pirm\u0173j\u0173 met\u0173 \u016bgio, svorio poky\u010dius diagramose). Knyga \u201eLaukiame naujagimio\u201c spausdinta ant specialaus popieriaus, tod\u0117l joje galima pie\u0161ti, spalvinti specialiai knygai sukurtas mandalas, pasitikrinti savo jausmus ir \u017einias atliekant testus t\u0117vams. Neabejojame, po daugelio met\u0173 u\u017eaug\u0119s vaikas su dideliu smalsumu vartys kiekvien\u0105 puslap\u012f ir su\u017einos, kaip jo t\u0117vai lauk\u0117.&#8221;<\/p>\n","protected":false},"featured_media":18248,"comment_status":"open","ping_status":"closed","template":"","meta":{"_acf_changed":false,"site-sidebar-layout":"default","site-content-layout":"","ast-site-content-layout":"default","site-content-style":"default","site-sidebar-style":"default","ast-global-header-display":"","ast-banner-title-visibility":"","ast-main-header-display":"","ast-hfb-above-header-display":"","ast-hfb-below-header-display":"","ast-hfb-mobile-header-display":"","site-post-title":"","ast-breadcrumbs-content":"","ast-featured-img":"","footer-sml-layout":"","ast-disable-related-posts":"","theme-transparent-header-meta":"","adv-header-id-meta":"","stick-header-meta":"","header-above-stick-meta":"","header-main-stick-meta":"","header-below-stick-meta":"","astra-migrate-meta-layouts":"default","ast-page-background-enabled":"default","ast-page-background-meta":{"desktop":{"background-color":"","background-image":"","background-repeat":"repeat","background-position":"center center","background-size":"auto","background-attachment":"scroll","background-type":"","background-media":"","overlay-type":"","overlay-color":"","overlay-opacity":"","overlay-gradient":""},"tablet":{"background-color":"","background-image":"","background-repeat":"repeat","background-position":"center center","background-size":"auto","background-attachment":"scroll","background-type":"","background-media":"","overlay-type":"","overlay-color":"","overlay-opacity":"","overlay-gradient":""},"mobile":{"background-color":"","background-image":"","background-repeat":"repeat","background-position":"center center","background-size":"auto","background-attachment":"scroll","background-type":"","background-media":"","overlay-type":"","overlay-color":"","overlay-opacity":"","overlay-gradient":""}},"ast-content-background-meta":{"desktop":{"background-color":"var(--ast-global-color-4)","background-image":"","background-repeat":"repeat","background-position":"center center","background-size":"auto","background-attachment":"scroll","background-type":"","background-media":"","overlay-type":"","overlay-color":"","overlay-opacity":"","overlay-gradient":""},"tablet":{"background-color":"var(--ast-global-color-4)","background-image":"","background-repeat":"repeat","background-position":"center center","background-size":"auto","background-attachment":"scroll","background-type":"","background-media":"","overlay-type":"","overlay-color":"","overlay-opacity":"","overlay-gradient":""},"mobile":{"background-color":"var(--ast-global-color-4)","background-image":"","background-repeat":"repeat","background-position":"center center","background-size":"auto","background-attachment":"scroll","background-type":"","background-media":"","overlay-type":"","overlay-color":"","overlay-opacity":"","overlay-gradient":""}}},"product_brand":[],"product_cat":[15],"product_tag":[1739,1738,1740],"class_list":{"0":"post-18105","1":"product","2":"type-product","3":"status-publish","4":"has-post-thumbnail","6":"product_cat-uncategorized","7":"product_tag-aukse-kontrimiene","8":"product_tag-jurate-jadkonyte-petraitiene","9":"product_tag-nestumas","10":"desktop-align-left","11":"tablet-align-left","12":"mobile-align-left","14":"first","15":"instock","16":"shipping-taxable","17":"purchasable","18":"product-type-simple"},"acf":[],"yoast_head":"<!-- This site is optimized with the Yoast SEO plugin v27.0 - https:\/\/yoast.com\/product\/yoast-seo-wordpress\/ -->\n<title>Laukiame naujagimio. Apie devynis laukimo m\u0117nesius ir naujagimio prie\u017ei\u016br\u0105<\/title>\n<meta name=\"description\" content=\"Knygoje \u201eLaukiame naujagimio\u201c, parengtoje su garsiausiais Lietuvos gydytojais ir specialistais, i\u0161samiai ir \u0161iltai pasakojama apie nuostabiausi\u0105 bei\" \/>\n<meta name=\"robots\" content=\"index, follow, max-snippet:-1, max-image-preview:large, max-video-preview:-1\" \/>\n<link rel=\"canonical\" href=\"https:\/\/skaitytaknyga.lt\/en\/produktas\/laukiame-naujagimio\/\" \/>\n<meta property=\"og:locale\" content=\"en_GB\" \/>\n<meta property=\"og:locale:alternate\" content=\"lt_LT\" \/>\n<meta property=\"og:type\" content=\"article\" \/>\n<meta property=\"og:title\" content=\"Laukiame naujagimio. Apie devynis laukimo m\u0117nesius ir naujagimio prie\u017ei\u016br\u0105\" \/>\n<meta property=\"og:description\" content=\"Knygoje \u201eLaukiame naujagimio\u201c, parengtoje su garsiausiais Lietuvos gydytojais ir specialistais, i\u0161samiai ir \u0161iltai pasakojama apie nuostabiausi\u0105 bei\" \/>\n<meta property=\"og:url\" content=\"https:\/\/skaitytaknyga.lt\/en\/produktas\/laukiame-naujagimio\/\" \/>\n<meta property=\"og:site_name\" content=\"Skaitytaknyga\" \/>\n<meta property=\"article:publisher\" content=\"https:\/\/www.facebook.com\/skaitytaknyga\/\" \/>\n<meta property=\"article:modified_time\" content=\"2025-05-12T19:11:12+00:00\" \/>\n<meta property=\"og:image\" content=\"https:\/\/skaitytaknyga.lt\/wp-content\/uploads\/2025\/05\/Laukiame-naujagimio.-Apie-devynis-laukimo-menesius-ir-naujagimio-prieziura.jpg\" \/>\n\t<meta property=\"og:image:width\" content=\"394\" \/>\n\t<meta property=\"og:image:height\" content=\"575\" \/>\n\t<meta property=\"og:image:type\" content=\"image\/jpeg\" \/>\n<meta name=\"twitter:card\" content=\"summary_large_image\" \/>\n<meta name=\"twitter:label1\" content=\"Estimated reading time\" \/>\n\t<meta name=\"twitter:data1\" content=\"1 minute\" \/>\n<script type=\"application\/ld+json\" class=\"yoast-schema-graph\">{\"@context\":\"https:\/\/schema.org\",\"@graph\":[{\"@type\":\"WebPage\",\"@id\":\"https:\/\/skaitytaknyga.lt\/produktas\/laukiame-naujagimio\/\",\"url\":\"https:\/\/skaitytaknyga.lt\/produktas\/laukiame-naujagimio\/\",\"name\":\"Laukiame naujagimio. Apie devynis laukimo m\u0117nesius ir naujagimio prie\u017ei\u016br\u0105\",\"isPartOf\":{\"@id\":\"https:\/\/skaitytaknyga.lt\/#website\"},\"primaryImageOfPage\":{\"@id\":\"https:\/\/skaitytaknyga.lt\/produktas\/laukiame-naujagimio\/#primaryimage\"},\"image\":{\"@id\":\"https:\/\/skaitytaknyga.lt\/produktas\/laukiame-naujagimio\/#primaryimage\"},\"thumbnailUrl\":\"https:\/\/skaitytaknyga.lt\/wp-content\/uploads\/2025\/05\/Laukiame-naujagimio.-Apie-devynis-laukimo-menesius-ir-naujagimio-prieziura.jpg\",\"datePublished\":\"2025-04-25T17:44:58+00:00\",\"dateModified\":\"2025-05-12T19:11:12+00:00\",\"description\":\"Knygoje \u201eLaukiame naujagimio\u201c, parengtoje su garsiausiais Lietuvos gydytojais ir specialistais, i\u0161samiai ir \u0161iltai pasakojama apie nuostabiausi\u0105 bei\",\"breadcrumb\":{\"@id\":\"https:\/\/skaitytaknyga.lt\/produktas\/laukiame-naujagimio\/#breadcrumb\"},\"inLanguage\":\"en-GB\",\"potentialAction\":[{\"@type\":\"ReadAction\",\"target\":[\"https:\/\/skaitytaknyga.lt\/produktas\/laukiame-naujagimio\/\"]}]},{\"@type\":\"ImageObject\",\"inLanguage\":\"en-GB\",\"@id\":\"https:\/\/skaitytaknyga.lt\/produktas\/laukiame-naujagimio\/#primaryimage\",\"url\":\"https:\/\/skaitytaknyga.lt\/wp-content\/uploads\/2025\/05\/Laukiame-naujagimio.-Apie-devynis-laukimo-menesius-ir-naujagimio-prieziura.jpg\",\"contentUrl\":\"https:\/\/skaitytaknyga.lt\/wp-content\/uploads\/2025\/05\/Laukiame-naujagimio.-Apie-devynis-laukimo-menesius-ir-naujagimio-prieziura.jpg\",\"width\":394,\"height\":575},{\"@type\":\"BreadcrumbList\",\"@id\":\"https:\/\/skaitytaknyga.lt\/produktas\/laukiame-naujagimio\/#breadcrumb\",\"itemListElement\":[{\"@type\":\"ListItem\",\"position\":1,\"name\":\"Home\",\"item\":\"https:\/\/skaitytaknyga.lt\/\"},{\"@type\":\"ListItem\",\"position\":2,\"name\":\"Parduotuv\u0117\",\"item\":\"https:\/\/skaitytaknyga.lt\/knygu-parduotuve\/\"},{\"@type\":\"ListItem\",\"position\":3,\"name\":\"Laukiame naujagimio. Apie devynis laukimo m\u0117nesius ir naujagimio prie\u017ei\u016br\u0105\"}]},{\"@type\":\"WebSite\",\"@id\":\"https:\/\/skaitytaknyga.lt\/#website\",\"url\":\"https:\/\/skaitytaknyga.lt\/\",\"name\":\"skaitytaknyga.lt\",\"description\":\"Skaitytaknyga.lt \u2013 tai ma\u017eas \u0161eimos verslas, kuris prasid\u0117jo nuo meil\u0117s knygoms ir siekio i\u0161gelb\u0117ti knygas nuo likimo prie konteinerio. Kas vienam nereikalingas daiktas \u2013 kitam lobis, o mes esame tarpininkai, kurie padeda abiems tapti laimingesniems ???? \u017dinome kaip nelengva i\u0161gyventi ma\u017eiems verslams, tad nuo \u0161iol, \u010dia rasite ir kit\u0173, ma\u017e\u0173 \u0161eim\u0173 versl\u0173, rank\u0173 darbo, dovan\u0173 sau ir artimiesiems.\",\"publisher\":{\"@id\":\"https:\/\/skaitytaknyga.lt\/#organization\"},\"potentialAction\":[{\"@type\":\"SearchAction\",\"target\":{\"@type\":\"EntryPoint\",\"urlTemplate\":\"https:\/\/skaitytaknyga.lt\/?s={search_term_string}\"},\"query-input\":{\"@type\":\"PropertyValueSpecification\",\"valueRequired\":true,\"valueName\":\"search_term_string\"}}],\"inLanguage\":\"en-GB\"},{\"@type\":\"Organization\",\"@id\":\"https:\/\/skaitytaknyga.lt\/#organization\",\"name\":\"skaitytaknyga.lt\",\"url\":\"https:\/\/skaitytaknyga.lt\/\",\"logo\":{\"@type\":\"ImageObject\",\"inLanguage\":\"en-GB\",\"@id\":\"https:\/\/skaitytaknyga.lt\/#\/schema\/logo\/image\/\",\"url\":\"https:\/\/skaitytaknyga.lt\/wp-content\/uploads\/2024\/05\/cropped-cropped-cropped-02_00843_jt3bggkj1j3HLc7SyY6rEUpg.jpeg\",\"contentUrl\":\"https:\/\/skaitytaknyga.lt\/wp-content\/uploads\/2024\/05\/cropped-cropped-cropped-02_00843_jt3bggkj1j3HLc7SyY6rEUpg.jpeg\",\"width\":1600,\"height\":1600,\"caption\":\"skaitytaknyga.lt\"},\"image\":{\"@id\":\"https:\/\/skaitytaknyga.lt\/#\/schema\/logo\/image\/\"},\"sameAs\":[\"https:\/\/www.facebook.com\/skaitytaknyga\/\"]}]}<\/script>\n<!-- \/ Yoast SEO plugin. -->","yoast_head_json":{"title":"Laukiame naujagimio. Apie devynis laukimo m\u0117nesius ir naujagimio prie\u017ei\u016br\u0105","description":"Knygoje \u201eLaukiame naujagimio\u201c, parengtoje su garsiausiais Lietuvos gydytojais ir specialistais, i\u0161samiai ir \u0161iltai pasakojama apie nuostabiausi\u0105 bei","robots":{"index":"index","follow":"follow","max-snippet":"max-snippet:-1","max-image-preview":"max-image-preview:large","max-video-preview":"max-video-preview:-1"},"canonical":"https:\/\/skaitytaknyga.lt\/en\/produktas\/laukiame-naujagimio\/","og_locale":"en_GB","og_type":"article","og_title":"[:lt]Laukiame naujagimio. Apie devynis laukimo m\u0117nesius ir naujagimio prie\u017ei\u016br\u0105[:] - Skaitytaknyga","og_description":"Knygoje \u201eLaukiame naujagimio\u201c, parengtoje su garsiausiais Lietuvos gydytojais ir specialistais, i\u0161samiai ir \u0161iltai pasakojama apie nuostabiausi\u0105 bei","og_url":"https:\/\/skaitytaknyga.lt\/en\/produktas\/laukiame-naujagimio\/","og_site_name":"Skaitytaknyga","article_publisher":"https:\/\/www.facebook.com\/skaitytaknyga\/","article_modified_time":"2025-05-12T19:11:12+00:00","og_image":[{"width":394,"height":575,"url":"https:\/\/skaitytaknyga.lt\/wp-content\/uploads\/2025\/05\/Laukiame-naujagimio.-Apie-devynis-laukimo-menesius-ir-naujagimio-prieziura.jpg","type":"image\/jpeg"}],"twitter_card":"summary_large_image","twitter_misc":{"Estimated reading time":"1 minute"},"schema":{"@context":"https:\/\/schema.org","@graph":[{"@type":"WebPage","@id":"https:\/\/skaitytaknyga.lt\/produktas\/laukiame-naujagimio\/","url":"https:\/\/skaitytaknyga.lt\/produktas\/laukiame-naujagimio\/","name":"Laukiame naujagimio. Apie devynis laukimo m\u0117nesius ir naujagimio prie\u017ei\u016br\u0105","isPartOf":{"@id":"https:\/\/skaitytaknyga.lt\/#website"},"primaryImageOfPage":{"@id":"https:\/\/skaitytaknyga.lt\/produktas\/laukiame-naujagimio\/#primaryimage"},"image":{"@id":"https:\/\/skaitytaknyga.lt\/produktas\/laukiame-naujagimio\/#primaryimage"},"thumbnailUrl":"https:\/\/skaitytaknyga.lt\/wp-content\/uploads\/2025\/05\/Laukiame-naujagimio.-Apie-devynis-laukimo-menesius-ir-naujagimio-prieziura.jpg","datePublished":"2025-04-25T17:44:58+00:00","dateModified":"2025-05-12T19:11:12+00:00","description":"Knygoje \u201eLaukiame naujagimio\u201c, parengtoje su garsiausiais Lietuvos gydytojais ir specialistais, i\u0161samiai ir \u0161iltai pasakojama apie nuostabiausi\u0105 bei","breadcrumb":{"@id":"https:\/\/skaitytaknyga.lt\/produktas\/laukiame-naujagimio\/#breadcrumb"},"inLanguage":"en-GB","potentialAction":[{"@type":"ReadAction","target":["https:\/\/skaitytaknyga.lt\/produktas\/laukiame-naujagimio\/"]}]},{"@type":"ImageObject","inLanguage":"en-GB","@id":"https:\/\/skaitytaknyga.lt\/produktas\/laukiame-naujagimio\/#primaryimage","url":"https:\/\/skaitytaknyga.lt\/wp-content\/uploads\/2025\/05\/Laukiame-naujagimio.-Apie-devynis-laukimo-menesius-ir-naujagimio-prieziura.jpg","contentUrl":"https:\/\/skaitytaknyga.lt\/wp-content\/uploads\/2025\/05\/Laukiame-naujagimio.-Apie-devynis-laukimo-menesius-ir-naujagimio-prieziura.jpg","width":394,"height":575},{"@type":"BreadcrumbList","@id":"https:\/\/skaitytaknyga.lt\/produktas\/laukiame-naujagimio\/#breadcrumb","itemListElement":[{"@type":"ListItem","position":1,"name":"Home","item":"https:\/\/skaitytaknyga.lt\/"},{"@type":"ListItem","position":2,"name":"Parduotuv\u0117","item":"https:\/\/skaitytaknyga.lt\/knygu-parduotuve\/"},{"@type":"ListItem","position":3,"name":"Laukiame naujagimio. Apie devynis laukimo m\u0117nesius ir naujagimio prie\u017ei\u016br\u0105"}]},{"@type":"WebSite","@id":"https:\/\/skaitytaknyga.lt\/#website","url":"https:\/\/skaitytaknyga.lt\/","name":"skaitytaknyga.lt","description":"Skaitytaknyga.lt \u2013 tai ma\u017eas \u0161eimos verslas, kuris prasid\u0117jo nuo meil\u0117s knygoms ir siekio i\u0161gelb\u0117ti knygas nuo likimo prie konteinerio. Kas vienam nereikalingas daiktas \u2013 kitam lobis, o mes esame tarpininkai, kurie padeda abiems tapti laimingesniems ???? \u017dinome kaip nelengva i\u0161gyventi ma\u017eiems verslams, tad nuo \u0161iol, \u010dia rasite ir kit\u0173, ma\u017e\u0173 \u0161eim\u0173 versl\u0173, rank\u0173 darbo, dovan\u0173 sau ir artimiesiems.","publisher":{"@id":"https:\/\/skaitytaknyga.lt\/#organization"},"potentialAction":[{"@type":"SearchAction","target":{"@type":"EntryPoint","urlTemplate":"https:\/\/skaitytaknyga.lt\/?s={search_term_string}"},"query-input":{"@type":"PropertyValueSpecification","valueRequired":true,"valueName":"search_term_string"}}],"inLanguage":"en-GB"},{"@type":"Organization","@id":"https:\/\/skaitytaknyga.lt\/#organization","name":"skaitytaknyga.lt","url":"https:\/\/skaitytaknyga.lt\/","logo":{"@type":"ImageObject","inLanguage":"en-GB","@id":"https:\/\/skaitytaknyga.lt\/#\/schema\/logo\/image\/","url":"https:\/\/skaitytaknyga.lt\/wp-content\/uploads\/2024\/05\/cropped-cropped-cropped-02_00843_jt3bggkj1j3HLc7SyY6rEUpg.jpeg","contentUrl":"https:\/\/skaitytaknyga.lt\/wp-content\/uploads\/2024\/05\/cropped-cropped-cropped-02_00843_jt3bggkj1j3HLc7SyY6rEUpg.jpeg","width":1600,"height":1600,"caption":"skaitytaknyga.lt"},"image":{"@id":"https:\/\/skaitytaknyga.lt\/#\/schema\/logo\/image\/"},"sameAs":["https:\/\/www.facebook.com\/skaitytaknyga\/"]}]}},"_links":{"self":[{"href":"https:\/\/skaitytaknyga.lt\/en\/wp-json\/wp\/v2\/product\/18105","targetHints":{"allow":["GET"]}}],"collection":[{"href":"https:\/\/skaitytaknyga.lt\/en\/wp-json\/wp\/v2\/product"}],"about":[{"href":"https:\/\/skaitytaknyga.lt\/en\/wp-json\/wp\/v2\/types\/product"}],"replies":[{"embeddable":true,"href":"https:\/\/skaitytaknyga.lt\/en\/wp-json\/wp\/v2\/comments?post=18105"}],"wp:featuredmedia":[{"embeddable":true,"href":"https:\/\/skaitytaknyga.lt\/en\/wp-json\/wp\/v2\/media\/18248"}],"wp:attachment":[{"href":"https:\/\/skaitytaknyga.lt\/en\/wp-json\/wp\/v2\/media?parent=18105"}],"wp:term":[{"taxonomy":"product_brand","embeddable":true,"href":"https:\/\/skaitytaknyga.lt\/en\/wp-json\/wp\/v2\/product_brand?post=18105"},{"taxonomy":"product_cat","embeddable":true,"href":"https:\/\/skaitytaknyga.lt\/en\/wp-json\/wp\/v2\/product_cat?post=18105"},{"taxonomy":"product_tag","embeddable":true,"href":"https:\/\/skaitytaknyga.lt\/en\/wp-json\/wp\/v2\/product_tag?post=18105"}],"curies":[{"name":"wp","href":"https:\/\/api.w.org\/{rel}","templated":true}]}}