{"id":18104,"date":"2025-04-25T20:44:58","date_gmt":"2025-04-25T17:44:58","guid":{"rendered":"https:\/\/skaitytaknyga.lt\/?post_type=product&#038;p=18104"},"modified":"2026-03-18T12:42:35","modified_gmt":"2026-03-18T10:42:35","slug":"gabriella-magrini-madam-de-lenklio-aistros","status":"publish","type":"product","link":"https:\/\/skaitytaknyga.lt\/en\/produktas\/gabriella-magrini-madam-de-lenklio-aistros\/","title":{"rendered":"Madam de  Lenklo aistros"},"content":{"rendered":"<p>\u201eMadam<br \/>\nde Lenklo aistros\u201c \u2013 nuostabus, \u012ftikinamas ir dokumentais paremtas romanas \u2013<br \/>\natveria skaitytojui \u0161ios moters audring\u0105 gyvenim\u0105. Knyga \u012ftraukia skaitytoj\u0105<br \/>\n\u012f savo s\u016bkur\u012f, panardindama j\u012f \u012f aukso am\u017eiaus Pranc\u016bzij\u0105 \u2013 nuo trij\u0173<br \/>\nmu\u0161kietinink\u0173 laik\u0173 iki Versalio ir Karaliaus Saul\u0117s spindesio met\u0173. Kilusi<br \/>\ni\u0161 smulki\u0173 bajor\u0173 \u0161eimos, bet siekusi gyventi laisva tarsi vyras ir tro\u0161kusi<br \/>\npasirinkti, kas jai patinka, Ninon u\u017ekariavo Pary\u017ei\u0173 savo \u017eavesiu ir dr\u0105sa,<br \/>\nbe abejo, labai papiktindama teisuolius. B\u016bdama dar visai jaunut\u0117 sugund\u0117<br \/>\n\u012ftaking\u0105j\u012f kardinol\u0105 Ri\u0161elj\u0117, pirm\u0105j\u012f i\u0161 daugelio \u012f\u017eymi\u0173 asmen\u0173, puolusi\u0173 jai<br \/>\npo kojomis. Vis d\u0117lto Ninon n\u0117ra tikra kurtizan\u0117, jos \u017eavesys subtilus,<br \/>\nkylantis i\u0161 seksualumo ir proto. Savo salone ji sugeb\u0117jo suburti \u0161viesiausius<br \/>\ntos epochos \u017emones. Ninon i\u0161siskiria i\u0161 savo laik\u0173 visuomen\u0117s, kurioje<br \/>\nkunkuliuoja meil\u0117s aistros, rezgamos politin\u0117s intrigos, verda intelektualios<br \/>\ndiskusijos, skleid\u017eiamos paskalos ir gimsta skandalai, \u012f j\u0105 nepana\u0161i jokia<br \/>\nkita moteris, visos nor\u0117t\u0173 j\u0105 pam\u0117gd\u017eioti. Net ir gyvenimo pabaigoje ji<br \/>\nsugeba visus nustebinti.<\/p>\n","protected":false},"excerpt":{"rendered":"<p>\u201eMadam de Lenklo aistros\u201c \u2013 nuostabus, \u012ftikinamas ir dokumentais paremtas romanas \u2013 atveria skaitytojui \u0161ios moters audring\u0105 gyvenim\u0105. Knyga \u012ftraukia skaitytoj\u0105 \u012f savo s\u016bkur\u012f, panardindama j\u012f \u012f aukso am\u017eiaus Pranc\u016bzij\u0105 \u2013 nuo trij\u0173 mu\u0161kietinink\u0173 laik\u0173 iki Versalio ir Karaliaus Saul\u0117s spindesio met\u0173. Kilusi i\u0161 smulki\u0173 bajor\u0173 \u0161eimos, bet siekusi gyventi laisva tarsi vyras ir tro\u0161kusi pasirinkti, kas jai patinka, Ninon u\u017ekariavo Pary\u017ei\u0173 savo \u017eavesiu ir dr\u0105sa, be abejo, labai papiktindama teisuolius. B\u016bdama dar visai jaunut\u0117 sugund\u0117 \u012ftaking\u0105j\u012f kardinol\u0105 Ri\u0161elj\u0117, pirm\u0105j\u012f i\u0161 daugelio \u012f\u017eymi\u0173 asmen\u0173, puolusi\u0173 jai po kojomis. Vis d\u0117lto Ninon n\u0117ra tikra kurtizan\u0117, jos \u017eavesys subtilus, kylantis i\u0161 seksualumo ir proto. Savo salone ji sugeb\u0117jo suburti \u0161viesiausius tos epochos \u017emones. Ninon i\u0161siskiria i\u0161 savo laik\u0173 visuomen\u0117s, kurioje kunkuliuoja meil\u0117s aistros, rezgamos politin\u0117s intrigos, verda intelektualios diskusijos, skleid\u017eiamos paskalos ir gimsta skandalai, \u012f j\u0105 nepana\u0161i jokia kita moteris, visos nor\u0117t\u0173 j\u0105 pam\u0117gd\u017eioti. Net ir gyvenimo pabaigoje ji sugeba visus nustebinti.<\/p>\n","protected":false},"featured_media":18135,"comment_status":"open","ping_status":"closed","template":"","meta":{"_acf_changed":false,"site-sidebar-layout":"default","site-content-layout":"","ast-site-content-layout":"default","site-content-style":"default","site-sidebar-style":"default","ast-global-header-display":"","ast-banner-title-visibility":"","ast-main-header-display":"","ast-hfb-above-header-display":"","ast-hfb-below-header-display":"","ast-hfb-mobile-header-display":"","site-post-title":"","ast-breadcrumbs-content":"","ast-featured-img":"","footer-sml-layout":"","ast-disable-related-posts":"","theme-transparent-header-meta":"default","adv-header-id-meta":"","stick-header-meta":"","header-above-stick-meta":"","header-main-stick-meta":"","header-below-stick-meta":"","astra-migrate-meta-layouts":"set","ast-page-background-enabled":"default","ast-page-background-meta":{"desktop":{"background-color":"","background-image":"","background-repeat":"repeat","background-position":"center center","background-size":"auto","background-attachment":"scroll","background-type":"","background-media":"","overlay-type":"","overlay-color":"","overlay-opacity":"","overlay-gradient":""},"tablet":{"background-color":"","background-image":"","background-repeat":"repeat","background-position":"center center","background-size":"auto","background-attachment":"scroll","background-type":"","background-media":"","overlay-type":"","overlay-color":"","overlay-opacity":"","overlay-gradient":""},"mobile":{"background-color":"","background-image":"","background-repeat":"repeat","background-position":"center center","background-size":"auto","background-attachment":"scroll","background-type":"","background-media":"","overlay-type":"","overlay-color":"","overlay-opacity":"","overlay-gradient":""}},"ast-content-background-meta":{"desktop":{"background-color":"var(--ast-global-color-4)","background-image":"","background-repeat":"repeat","background-position":"center center","background-size":"auto","background-attachment":"scroll","background-type":"","background-media":"","overlay-type":"","overlay-color":"","overlay-opacity":"","overlay-gradient":""},"tablet":{"background-color":"var(--ast-global-color-4)","background-image":"","background-repeat":"repeat","background-position":"center center","background-size":"auto","background-attachment":"scroll","background-type":"","background-media":"","overlay-type":"","overlay-color":"","overlay-opacity":"","overlay-gradient":""},"mobile":{"background-color":"var(--ast-global-color-4)","background-image":"","background-repeat":"repeat","background-position":"center center","background-size":"auto","background-attachment":"scroll","background-type":"","background-media":"","overlay-type":"","overlay-color":"","overlay-opacity":"","overlay-gradient":""}}},"product_brand":[],"product_cat":[9618],"product_tag":[4805,4807,2069,4806,4507,2831],"class_list":{"0":"post-18104","1":"product","2":"type-product","3":"status-publish","4":"has-post-thumbnail","6":"product_cat-istoriniai-romanai","7":"product_tag-biografinis-romanas","8":"product_tag-gabriella-magrini","9":"product_tag-istorinis-romanas","10":"product_tag-karalius-saule","11":"product_tag-kurtizanes","12":"product_tag-prancuzija","13":"desktop-align-left","14":"tablet-align-left","15":"mobile-align-left","17":"first","18":"instock","19":"shipping-taxable","20":"purchasable","21":"product-type-simple"},"acf":[],"yoast_head":"<!-- This site is optimized with the Yoast SEO plugin v27.0 - https:\/\/yoast.com\/product\/yoast-seo-wordpress\/ -->\n<title>Madam de Lenklo aistros<\/title>\n<meta name=\"description\" content=\"\u201eMadam de Lenklo aistros\u201c \u2013 nuostabus, \u012ftikinamas ir dokumentais paremtas romanas \u2013 atveria skaitytojui \u0161ios moters audring\u0105 gyvenim\u0105. Knyga \u012ftraukia\" \/>\n<meta name=\"robots\" content=\"index, follow, max-snippet:-1, max-image-preview:large, max-video-preview:-1\" \/>\n<link rel=\"canonical\" href=\"https:\/\/skaitytaknyga.lt\/en\/produktas\/gabriella-magrini-madam-de-lenklio-aistros\/\" \/>\n<meta property=\"og:locale\" content=\"en_GB\" \/>\n<meta property=\"og:locale:alternate\" content=\"lt_LT\" \/>\n<meta property=\"og:type\" content=\"article\" \/>\n<meta property=\"og:title\" content=\"Madam de Lenklo aistros\" \/>\n<meta property=\"og:description\" content=\"\u201eMadam de Lenklo aistros\u201c \u2013 nuostabus, \u012ftikinamas ir dokumentais paremtas romanas \u2013 atveria skaitytojui \u0161ios moters audring\u0105 gyvenim\u0105. Knyga \u012ftraukia\" \/>\n<meta property=\"og:url\" content=\"https:\/\/skaitytaknyga.lt\/en\/produktas\/gabriella-magrini-madam-de-lenklio-aistros\/\" \/>\n<meta property=\"og:site_name\" content=\"Skaitytaknyga\" \/>\n<meta property=\"article:publisher\" content=\"https:\/\/www.facebook.com\/skaitytaknyga\/\" \/>\n<meta property=\"article:modified_time\" content=\"2026-03-18T10:42:35+00:00\" \/>\n<meta property=\"og:image\" content=\"https:\/\/skaitytaknyga.lt\/wp-content\/uploads\/2025\/04\/Madam-de-Lenklo-aistros.webp\" \/>\n\t<meta property=\"og:image:width\" content=\"357\" \/>\n\t<meta property=\"og:image:height\" content=\"550\" \/>\n\t<meta property=\"og:image:type\" content=\"image\/webp\" \/>\n<meta name=\"twitter:card\" content=\"summary_large_image\" \/>\n<meta name=\"twitter:label1\" content=\"Estimated reading time\" \/>\n\t<meta name=\"twitter:data1\" content=\"2 minutes\" \/>\n<script type=\"application\/ld+json\" class=\"yoast-schema-graph\">{\"@context\":\"https:\/\/schema.org\",\"@graph\":[{\"@type\":\"WebPage\",\"@id\":\"https:\/\/skaitytaknyga.lt\/produktas\/gabriella-magrini-madam-de-lenklio-aistros\/\",\"url\":\"https:\/\/skaitytaknyga.lt\/produktas\/gabriella-magrini-madam-de-lenklio-aistros\/\",\"name\":\"Madam de Lenklo aistros\",\"isPartOf\":{\"@id\":\"https:\/\/skaitytaknyga.lt\/#website\"},\"primaryImageOfPage\":{\"@id\":\"https:\/\/skaitytaknyga.lt\/produktas\/gabriella-magrini-madam-de-lenklio-aistros\/#primaryimage\"},\"image\":{\"@id\":\"https:\/\/skaitytaknyga.lt\/produktas\/gabriella-magrini-madam-de-lenklio-aistros\/#primaryimage\"},\"thumbnailUrl\":\"https:\/\/skaitytaknyga.lt\/wp-content\/uploads\/2025\/04\/Madam-de-Lenklo-aistros.webp\",\"datePublished\":\"2025-04-25T17:44:58+00:00\",\"dateModified\":\"2026-03-18T10:42:35+00:00\",\"description\":\"\u201eMadam de Lenklo aistros\u201c \u2013 nuostabus, \u012ftikinamas ir dokumentais paremtas romanas \u2013 atveria skaitytojui \u0161ios moters audring\u0105 gyvenim\u0105. Knyga \u012ftraukia\",\"breadcrumb\":{\"@id\":\"https:\/\/skaitytaknyga.lt\/produktas\/gabriella-magrini-madam-de-lenklio-aistros\/#breadcrumb\"},\"inLanguage\":\"en-GB\",\"potentialAction\":[{\"@type\":\"ReadAction\",\"target\":[\"https:\/\/skaitytaknyga.lt\/produktas\/gabriella-magrini-madam-de-lenklio-aistros\/\"]}]},{\"@type\":\"ImageObject\",\"inLanguage\":\"en-GB\",\"@id\":\"https:\/\/skaitytaknyga.lt\/produktas\/gabriella-magrini-madam-de-lenklio-aistros\/#primaryimage\",\"url\":\"https:\/\/skaitytaknyga.lt\/wp-content\/uploads\/2025\/04\/Madam-de-Lenklo-aistros.webp\",\"contentUrl\":\"https:\/\/skaitytaknyga.lt\/wp-content\/uploads\/2025\/04\/Madam-de-Lenklo-aistros.webp\",\"width\":357,\"height\":550,\"caption\":\"Madam de Lenklo aistros\"},{\"@type\":\"BreadcrumbList\",\"@id\":\"https:\/\/skaitytaknyga.lt\/produktas\/gabriella-magrini-madam-de-lenklio-aistros\/#breadcrumb\",\"itemListElement\":[{\"@type\":\"ListItem\",\"position\":1,\"name\":\"Home\",\"item\":\"https:\/\/skaitytaknyga.lt\/\"},{\"@type\":\"ListItem\",\"position\":2,\"name\":\"Parduotuv\u0117\",\"item\":\"https:\/\/skaitytaknyga.lt\/knygu-parduotuve\/\"},{\"@type\":\"ListItem\",\"position\":3,\"name\":\"Madam de Lenklo aistros\"}]},{\"@type\":\"WebSite\",\"@id\":\"https:\/\/skaitytaknyga.lt\/#website\",\"url\":\"https:\/\/skaitytaknyga.lt\/\",\"name\":\"skaitytaknyga.lt\",\"description\":\"Skaitytaknyga.lt \u2013 tai ma\u017eas \u0161eimos verslas, kuris prasid\u0117jo nuo meil\u0117s knygoms ir siekio i\u0161gelb\u0117ti knygas nuo likimo prie konteinerio. Kas vienam nereikalingas daiktas \u2013 kitam lobis, o mes esame tarpininkai, kurie padeda abiems tapti laimingesniems ???? \u017dinome kaip nelengva i\u0161gyventi ma\u017eiems verslams, tad nuo \u0161iol, \u010dia rasite ir kit\u0173, ma\u017e\u0173 \u0161eim\u0173 versl\u0173, rank\u0173 darbo, dovan\u0173 sau ir artimiesiems.\",\"publisher\":{\"@id\":\"https:\/\/skaitytaknyga.lt\/#organization\"},\"potentialAction\":[{\"@type\":\"SearchAction\",\"target\":{\"@type\":\"EntryPoint\",\"urlTemplate\":\"https:\/\/skaitytaknyga.lt\/?s={search_term_string}\"},\"query-input\":{\"@type\":\"PropertyValueSpecification\",\"valueRequired\":true,\"valueName\":\"search_term_string\"}}],\"inLanguage\":\"en-GB\"},{\"@type\":\"Organization\",\"@id\":\"https:\/\/skaitytaknyga.lt\/#organization\",\"name\":\"skaitytaknyga.lt\",\"url\":\"https:\/\/skaitytaknyga.lt\/\",\"logo\":{\"@type\":\"ImageObject\",\"inLanguage\":\"en-GB\",\"@id\":\"https:\/\/skaitytaknyga.lt\/#\/schema\/logo\/image\/\",\"url\":\"https:\/\/skaitytaknyga.lt\/wp-content\/uploads\/2024\/05\/cropped-cropped-cropped-02_00843_jt3bggkj1j3HLc7SyY6rEUpg.jpeg\",\"contentUrl\":\"https:\/\/skaitytaknyga.lt\/wp-content\/uploads\/2024\/05\/cropped-cropped-cropped-02_00843_jt3bggkj1j3HLc7SyY6rEUpg.jpeg\",\"width\":1600,\"height\":1600,\"caption\":\"skaitytaknyga.lt\"},\"image\":{\"@id\":\"https:\/\/skaitytaknyga.lt\/#\/schema\/logo\/image\/\"},\"sameAs\":[\"https:\/\/www.facebook.com\/skaitytaknyga\/\"]}]}<\/script>\n<!-- \/ Yoast SEO plugin. -->","yoast_head_json":{"title":"Madam de Lenklo aistros","description":"\u201eMadam de Lenklo aistros\u201c \u2013 nuostabus, \u012ftikinamas ir dokumentais paremtas romanas \u2013 atveria skaitytojui \u0161ios moters audring\u0105 gyvenim\u0105. Knyga \u012ftraukia","robots":{"index":"index","follow":"follow","max-snippet":"max-snippet:-1","max-image-preview":"max-image-preview:large","max-video-preview":"max-video-preview:-1"},"canonical":"https:\/\/skaitytaknyga.lt\/en\/produktas\/gabriella-magrini-madam-de-lenklio-aistros\/","og_locale":"en_GB","og_type":"article","og_title":"[:lt]Madam de Lenklo aistros[:] - Skaitytaknyga","og_description":"\u201eMadam de Lenklo aistros\u201c \u2013 nuostabus, \u012ftikinamas ir dokumentais paremtas romanas \u2013 atveria skaitytojui \u0161ios moters audring\u0105 gyvenim\u0105. Knyga \u012ftraukia","og_url":"https:\/\/skaitytaknyga.lt\/en\/produktas\/gabriella-magrini-madam-de-lenklio-aistros\/","og_site_name":"Skaitytaknyga","article_publisher":"https:\/\/www.facebook.com\/skaitytaknyga\/","article_modified_time":"2026-03-18T10:42:35+00:00","og_image":[{"width":357,"height":550,"url":"https:\/\/skaitytaknyga.lt\/wp-content\/uploads\/2025\/04\/Madam-de-Lenklo-aistros.webp","type":"image\/webp"}],"twitter_card":"summary_large_image","twitter_misc":{"Estimated reading time":"2 minutes"},"schema":{"@context":"https:\/\/schema.org","@graph":[{"@type":"WebPage","@id":"https:\/\/skaitytaknyga.lt\/produktas\/gabriella-magrini-madam-de-lenklio-aistros\/","url":"https:\/\/skaitytaknyga.lt\/produktas\/gabriella-magrini-madam-de-lenklio-aistros\/","name":"Madam de Lenklo aistros","isPartOf":{"@id":"https:\/\/skaitytaknyga.lt\/#website"},"primaryImageOfPage":{"@id":"https:\/\/skaitytaknyga.lt\/produktas\/gabriella-magrini-madam-de-lenklio-aistros\/#primaryimage"},"image":{"@id":"https:\/\/skaitytaknyga.lt\/produktas\/gabriella-magrini-madam-de-lenklio-aistros\/#primaryimage"},"thumbnailUrl":"https:\/\/skaitytaknyga.lt\/wp-content\/uploads\/2025\/04\/Madam-de-Lenklo-aistros.webp","datePublished":"2025-04-25T17:44:58+00:00","dateModified":"2026-03-18T10:42:35+00:00","description":"\u201eMadam de Lenklo aistros\u201c \u2013 nuostabus, \u012ftikinamas ir dokumentais paremtas romanas \u2013 atveria skaitytojui \u0161ios moters audring\u0105 gyvenim\u0105. Knyga \u012ftraukia","breadcrumb":{"@id":"https:\/\/skaitytaknyga.lt\/produktas\/gabriella-magrini-madam-de-lenklio-aistros\/#breadcrumb"},"inLanguage":"en-GB","potentialAction":[{"@type":"ReadAction","target":["https:\/\/skaitytaknyga.lt\/produktas\/gabriella-magrini-madam-de-lenklio-aistros\/"]}]},{"@type":"ImageObject","inLanguage":"en-GB","@id":"https:\/\/skaitytaknyga.lt\/produktas\/gabriella-magrini-madam-de-lenklio-aistros\/#primaryimage","url":"https:\/\/skaitytaknyga.lt\/wp-content\/uploads\/2025\/04\/Madam-de-Lenklo-aistros.webp","contentUrl":"https:\/\/skaitytaknyga.lt\/wp-content\/uploads\/2025\/04\/Madam-de-Lenklo-aistros.webp","width":357,"height":550,"caption":"Madam de Lenklo aistros"},{"@type":"BreadcrumbList","@id":"https:\/\/skaitytaknyga.lt\/produktas\/gabriella-magrini-madam-de-lenklio-aistros\/#breadcrumb","itemListElement":[{"@type":"ListItem","position":1,"name":"Home","item":"https:\/\/skaitytaknyga.lt\/"},{"@type":"ListItem","position":2,"name":"Parduotuv\u0117","item":"https:\/\/skaitytaknyga.lt\/knygu-parduotuve\/"},{"@type":"ListItem","position":3,"name":"Madam de Lenklo aistros"}]},{"@type":"WebSite","@id":"https:\/\/skaitytaknyga.lt\/#website","url":"https:\/\/skaitytaknyga.lt\/","name":"skaitytaknyga.lt","description":"Skaitytaknyga.lt \u2013 tai ma\u017eas \u0161eimos verslas, kuris prasid\u0117jo nuo meil\u0117s knygoms ir siekio i\u0161gelb\u0117ti knygas nuo likimo prie konteinerio. Kas vienam nereikalingas daiktas \u2013 kitam lobis, o mes esame tarpininkai, kurie padeda abiems tapti laimingesniems ???? \u017dinome kaip nelengva i\u0161gyventi ma\u017eiems verslams, tad nuo \u0161iol, \u010dia rasite ir kit\u0173, ma\u017e\u0173 \u0161eim\u0173 versl\u0173, rank\u0173 darbo, dovan\u0173 sau ir artimiesiems.","publisher":{"@id":"https:\/\/skaitytaknyga.lt\/#organization"},"potentialAction":[{"@type":"SearchAction","target":{"@type":"EntryPoint","urlTemplate":"https:\/\/skaitytaknyga.lt\/?s={search_term_string}"},"query-input":{"@type":"PropertyValueSpecification","valueRequired":true,"valueName":"search_term_string"}}],"inLanguage":"en-GB"},{"@type":"Organization","@id":"https:\/\/skaitytaknyga.lt\/#organization","name":"skaitytaknyga.lt","url":"https:\/\/skaitytaknyga.lt\/","logo":{"@type":"ImageObject","inLanguage":"en-GB","@id":"https:\/\/skaitytaknyga.lt\/#\/schema\/logo\/image\/","url":"https:\/\/skaitytaknyga.lt\/wp-content\/uploads\/2024\/05\/cropped-cropped-cropped-02_00843_jt3bggkj1j3HLc7SyY6rEUpg.jpeg","contentUrl":"https:\/\/skaitytaknyga.lt\/wp-content\/uploads\/2024\/05\/cropped-cropped-cropped-02_00843_jt3bggkj1j3HLc7SyY6rEUpg.jpeg","width":1600,"height":1600,"caption":"skaitytaknyga.lt"},"image":{"@id":"https:\/\/skaitytaknyga.lt\/#\/schema\/logo\/image\/"},"sameAs":["https:\/\/www.facebook.com\/skaitytaknyga\/"]}]}},"_links":{"self":[{"href":"https:\/\/skaitytaknyga.lt\/en\/wp-json\/wp\/v2\/product\/18104","targetHints":{"allow":["GET"]}}],"collection":[{"href":"https:\/\/skaitytaknyga.lt\/en\/wp-json\/wp\/v2\/product"}],"about":[{"href":"https:\/\/skaitytaknyga.lt\/en\/wp-json\/wp\/v2\/types\/product"}],"replies":[{"embeddable":true,"href":"https:\/\/skaitytaknyga.lt\/en\/wp-json\/wp\/v2\/comments?post=18104"}],"wp:featuredmedia":[{"embeddable":true,"href":"https:\/\/skaitytaknyga.lt\/en\/wp-json\/wp\/v2\/media\/18135"}],"wp:attachment":[{"href":"https:\/\/skaitytaknyga.lt\/en\/wp-json\/wp\/v2\/media?parent=18104"}],"wp:term":[{"taxonomy":"product_brand","embeddable":true,"href":"https:\/\/skaitytaknyga.lt\/en\/wp-json\/wp\/v2\/product_brand?post=18104"},{"taxonomy":"product_cat","embeddable":true,"href":"https:\/\/skaitytaknyga.lt\/en\/wp-json\/wp\/v2\/product_cat?post=18104"},{"taxonomy":"product_tag","embeddable":true,"href":"https:\/\/skaitytaknyga.lt\/en\/wp-json\/wp\/v2\/product_tag?post=18104"}],"curies":[{"name":"wp","href":"https:\/\/api.w.org\/{rel}","templated":true}]}}