{"id":18102,"date":"2025-04-25T20:44:58","date_gmt":"2025-04-25T17:44:58","guid":{"rendered":"https:\/\/skaitytaknyga.lt\/?post_type=product&#038;p=18102"},"modified":"2026-03-18T14:59:47","modified_gmt":"2026-03-18T12:59:47","slug":"lietuvos-miesteliai","status":"publish","type":"product","link":"https:\/\/skaitytaknyga.lt\/en\/produktas\/lietuvos-miesteliai\/","title":{"rendered":"153 \u012fdomiausi Lietuvos miesteliai"},"content":{"rendered":"<p>Nepaparasto gro\u017eio m\u016bs\u0173 kra\u0161tas: nedidel\u0117s kalvel\u0117s, \u017ealiuojan\u010dios lygumos. Ramiai sruvenan\u010dios up\u0117s, kur ne kur boluojantys sodyb\u0173 stogai bei nedideli miestai, pana\u0161\u016bs \u012f draug\u0117n susib\u0117gusius ir besi\u0161neku\u010diuojan\u010dius kaimynus. Toke ir nedideli\u0173 miesteli\u0173 \u017emon\u0117s: darb\u0161t\u016bs ir kantr\u016bs, dori ir svetingi, bendromis j\u0117gomis saugantys savo kra\u0161to praeit\u012f kuriantys dabart\u012f ir galvojantys apie ateit\u012f.<\/p>\n<p>Iliustruotamne \u017einyne \u201e153 \u012fdomiausi Lietuvos miesteliai\u201c pateikiama daugiau kaip 150 \u012fdomiausi\u0173 Lietuvos ma\u017eesni\u0173 miest\u0173 ir miesteli\u0173 apra\u0161ym\u0173, publikuota daugiau kaip 750 spalvot\u0173 iliustracij\u0173. Gyvenviet\u0117s atrinktos atsi\u017evelgiant \u012f vietos architekt\u016bros, archeologijos, istorijos, kult\u016bros paveldo objektus, organizuojamus renginius. Rengdami knyg\u0105, leid\u0117jai taip pat \u012fvertino paveldo objekt\u0173 b\u016bkl\u0119, prie\u017ei\u016br\u0105, vietov\u0117s infrastrukt\u016br\u0105, bendruomen\u0117s aktyvum\u0105. Leidinys skiriamas visiems, kurie keliauja ar domisi savo kra\u0161to istorija, architekt\u016bra, gamta.<\/p>\n<p>&nbsp;<\/p>\n","protected":false},"excerpt":{"rendered":"<p>Nepaparasto gro\u017eio m\u016bs\u0173 kra\u0161tas: nedidel\u0117s kalvel\u0117s, \u017ealiuojan\u010dios lygumos. Ramiai sruvenan\u010dios up\u0117s, kur ne kur boluojantys sodyb\u0173 stogai bei nedideli miestai, pana\u0161\u016bs \u012f draug\u0117n susib\u0117gusius ir besi\u0161neku\u010diuojan\u010dius kaimynus. Toke ir nedideli\u0173 miesteli\u0173 \u017emon\u0117s: darb\u0161t\u016bs ir kantr\u016bs, dori ir svetingi, bendromis j\u0117gomis saugantys savo kra\u0161to praeit\u012f kuriantys dabart\u012f ir galvojantys apie ateit\u012f. Iliustruotamne \u017einyne \u201e153 \u012fdomiausi Lietuvos miesteliai\u201c pateikiama daugiau kaip 150 \u012fdomiausi\u0173 Lietuvos ma\u017eesni\u0173 miest\u0173 ir miesteli\u0173 apra\u0161ym\u0173, publikuota daugiau kaip 750 spalvot\u0173 iliustracij\u0173. Gyvenviet\u0117s atrinktos atsi\u017evelgiant \u012f vietos architekt\u016bros, archeologijos, istorijos, kult\u016bros paveldo objektus, organizuojamus renginius. Rengdami knyg\u0105, leid\u0117jai taip pat \u012fvertino paveldo objekt\u0173 b\u016bkl\u0119, prie\u017ei\u016br\u0105, vietov\u0117s infrastrukt\u016br\u0105, bendruomen\u0117s aktyvum\u0105. Leidinys skiriamas visiems, kurie keliauja ar domisi savo kra\u0161to istorija, architekt\u016bra, gamta. &nbsp;<\/p>\n","protected":false},"featured_media":18133,"comment_status":"open","ping_status":"closed","template":"","meta":{"_acf_changed":false,"site-sidebar-layout":"default","site-content-layout":"","ast-site-content-layout":"default","site-content-style":"default","site-sidebar-style":"default","ast-global-header-display":"","ast-banner-title-visibility":"","ast-main-header-display":"","ast-hfb-above-header-display":"","ast-hfb-below-header-display":"","ast-hfb-mobile-header-display":"","site-post-title":"","ast-breadcrumbs-content":"","ast-featured-img":"","footer-sml-layout":"","ast-disable-related-posts":"","theme-transparent-header-meta":"default","adv-header-id-meta":"","stick-header-meta":"","header-above-stick-meta":"","header-main-stick-meta":"","header-below-stick-meta":"","astra-migrate-meta-layouts":"set","ast-page-background-enabled":"default","ast-page-background-meta":{"desktop":{"background-color":"","background-image":"","background-repeat":"repeat","background-position":"center center","background-size":"auto","background-attachment":"scroll","background-type":"","background-media":"","overlay-type":"","overlay-color":"","overlay-opacity":"","overlay-gradient":""},"tablet":{"background-color":"","background-image":"","background-repeat":"repeat","background-position":"center center","background-size":"auto","background-attachment":"scroll","background-type":"","background-media":"","overlay-type":"","overlay-color":"","overlay-opacity":"","overlay-gradient":""},"mobile":{"background-color":"","background-image":"","background-repeat":"repeat","background-position":"center center","background-size":"auto","background-attachment":"scroll","background-type":"","background-media":"","overlay-type":"","overlay-color":"","overlay-opacity":"","overlay-gradient":""}},"ast-content-background-meta":{"desktop":{"background-color":"var(--ast-global-color-4)","background-image":"","background-repeat":"repeat","background-position":"center center","background-size":"auto","background-attachment":"scroll","background-type":"","background-media":"","overlay-type":"","overlay-color":"","overlay-opacity":"","overlay-gradient":""},"tablet":{"background-color":"var(--ast-global-color-4)","background-image":"","background-repeat":"repeat","background-position":"center center","background-size":"auto","background-attachment":"scroll","background-type":"","background-media":"","overlay-type":"","overlay-color":"","overlay-opacity":"","overlay-gradient":""},"mobile":{"background-color":"var(--ast-global-color-4)","background-image":"","background-repeat":"repeat","background-position":"center center","background-size":"auto","background-attachment":"scroll","background-type":"","background-media":"","overlay-type":"","overlay-color":"","overlay-opacity":"","overlay-gradient":""}}},"product_brand":[],"product_cat":[174,9862,15],"product_tag":[],"class_list":{"0":"post-18102","1":"product","2":"type-product","3":"status-publish","4":"has-post-thumbnail","6":"product_cat-istorija-ir-politologija","7":"product_cat-lietuvos-istorija","8":"product_cat-uncategorized","9":"desktop-align-left","10":"tablet-align-left","11":"mobile-align-left","13":"first","14":"instock","15":"shipping-taxable","16":"purchasable","17":"product-type-simple"},"acf":[],"yoast_head":"<!-- This site is optimized with the Yoast SEO plugin v27.4 - https:\/\/yoast.com\/product\/yoast-seo-wordpress\/ -->\n<title>153 \u012fdomiausi Lietuvos miesteliai<\/title>\n<meta name=\"description\" content=\"Nepaparasto gro\u017eio m\u016bs\u0173 kra\u0161tas: nedidel\u0117s kalvel\u0117s, \u017ealiuojan\u010dios lygumos. Ramiai sruvenan\u010dios up\u0117s, kur ne kur boluojantys sodyb\u0173 stogai bei nedideli\" \/>\n<meta name=\"robots\" content=\"index, follow, max-snippet:-1, max-image-preview:large, max-video-preview:-1\" \/>\n<link rel=\"canonical\" href=\"https:\/\/skaitytaknyga.lt\/en\/produktas\/lietuvos-miesteliai\/\" \/>\n<meta property=\"og:locale\" content=\"en_GB\" \/>\n<meta property=\"og:locale:alternate\" content=\"lt_LT\" \/>\n<meta property=\"og:type\" content=\"article\" \/>\n<meta property=\"og:title\" content=\"153 \u012fdomiausi Lietuvos miesteliai\" \/>\n<meta property=\"og:description\" content=\"Nepaparasto gro\u017eio m\u016bs\u0173 kra\u0161tas: nedidel\u0117s kalvel\u0117s, \u017ealiuojan\u010dios lygumos. Ramiai sruvenan\u010dios up\u0117s, kur ne kur boluojantys sodyb\u0173 stogai bei nedideli\" \/>\n<meta property=\"og:url\" content=\"https:\/\/skaitytaknyga.lt\/en\/produktas\/lietuvos-miesteliai\/\" \/>\n<meta property=\"og:site_name\" content=\"Skaitytaknyga\" \/>\n<meta property=\"article:publisher\" content=\"https:\/\/www.facebook.com\/skaitytaknyga\/\" \/>\n<meta property=\"article:modified_time\" content=\"2026-03-18T12:59:47+00:00\" \/>\n<meta property=\"og:image\" content=\"https:\/\/skaitytaknyga.lt\/wp-content\/uploads\/2025\/04\/153-idomiausi-Lietuvos-miesteliai.webp\" \/>\n\t<meta property=\"og:image:width\" content=\"553\" \/>\n\t<meta property=\"og:image:height\" content=\"800\" \/>\n\t<meta property=\"og:image:type\" content=\"image\/webp\" \/>\n<meta name=\"twitter:card\" content=\"summary_large_image\" \/>\n<meta name=\"twitter:label1\" content=\"Estimated reading time\" \/>\n\t<meta name=\"twitter:data1\" content=\"1 minute\" \/>\n<script type=\"application\/ld+json\" class=\"yoast-schema-graph\">{\"@context\":\"https:\\\/\\\/schema.org\",\"@graph\":[{\"@type\":\"WebPage\",\"@id\":\"https:\\\/\\\/skaitytaknyga.lt\\\/produktas\\\/lietuvos-miesteliai\\\/\",\"url\":\"https:\\\/\\\/skaitytaknyga.lt\\\/produktas\\\/lietuvos-miesteliai\\\/\",\"name\":\"153 \u012fdomiausi Lietuvos miesteliai\",\"isPartOf\":{\"@id\":\"https:\\\/\\\/skaitytaknyga.lt\\\/#website\"},\"primaryImageOfPage\":{\"@id\":\"https:\\\/\\\/skaitytaknyga.lt\\\/produktas\\\/lietuvos-miesteliai\\\/#primaryimage\"},\"image\":{\"@id\":\"https:\\\/\\\/skaitytaknyga.lt\\\/produktas\\\/lietuvos-miesteliai\\\/#primaryimage\"},\"thumbnailUrl\":\"https:\\\/\\\/skaitytaknyga.lt\\\/wp-content\\\/uploads\\\/2025\\\/04\\\/153-idomiausi-Lietuvos-miesteliai.webp\",\"datePublished\":\"2025-04-25T17:44:58+00:00\",\"dateModified\":\"2026-03-18T12:59:47+00:00\",\"description\":\"Nepaparasto gro\u017eio m\u016bs\u0173 kra\u0161tas: nedidel\u0117s kalvel\u0117s, \u017ealiuojan\u010dios lygumos. Ramiai sruvenan\u010dios up\u0117s, kur ne kur boluojantys sodyb\u0173 stogai bei nedideli\",\"breadcrumb\":{\"@id\":\"https:\\\/\\\/skaitytaknyga.lt\\\/produktas\\\/lietuvos-miesteliai\\\/#breadcrumb\"},\"inLanguage\":\"en-GB\",\"potentialAction\":[{\"@type\":\"ReadAction\",\"target\":[\"https:\\\/\\\/skaitytaknyga.lt\\\/produktas\\\/lietuvos-miesteliai\\\/\"]}]},{\"@type\":\"ImageObject\",\"inLanguage\":\"en-GB\",\"@id\":\"https:\\\/\\\/skaitytaknyga.lt\\\/produktas\\\/lietuvos-miesteliai\\\/#primaryimage\",\"url\":\"https:\\\/\\\/skaitytaknyga.lt\\\/wp-content\\\/uploads\\\/2025\\\/04\\\/153-idomiausi-Lietuvos-miesteliai.webp\",\"contentUrl\":\"https:\\\/\\\/skaitytaknyga.lt\\\/wp-content\\\/uploads\\\/2025\\\/04\\\/153-idomiausi-Lietuvos-miesteliai.webp\",\"width\":553,\"height\":800,\"caption\":\"153 \u012fdomiausi Lietuvos miesteliai\"},{\"@type\":\"BreadcrumbList\",\"@id\":\"https:\\\/\\\/skaitytaknyga.lt\\\/produktas\\\/lietuvos-miesteliai\\\/#breadcrumb\",\"itemListElement\":[{\"@type\":\"ListItem\",\"position\":1,\"name\":\"Home\",\"item\":\"https:\\\/\\\/skaitytaknyga.lt\\\/\"},{\"@type\":\"ListItem\",\"position\":2,\"name\":\"Parduotuv\u0117\",\"item\":\"https:\\\/\\\/skaitytaknyga.lt\\\/knygu-parduotuve\\\/\"},{\"@type\":\"ListItem\",\"position\":3,\"name\":\"153 \u012fdomiausi Lietuvos miesteliai\"}]},{\"@type\":\"WebSite\",\"@id\":\"https:\\\/\\\/skaitytaknyga.lt\\\/#website\",\"url\":\"https:\\\/\\\/skaitytaknyga.lt\\\/\",\"name\":\"skaitytaknyga.lt\",\"description\":\"Skaitytaknyga.lt \u2013 tai ma\u017eas \u0161eimos verslas, kuris prasid\u0117jo nuo meil\u0117s knygoms ir siekio i\u0161gelb\u0117ti knygas nuo likimo prie konteinerio. Kas vienam nereikalingas daiktas \u2013 kitam lobis, o mes esame tarpininkai, kurie padeda abiems tapti laimingesniems ???? \u017dinome kaip nelengva i\u0161gyventi ma\u017eiems verslams, tad nuo \u0161iol, \u010dia rasite ir kit\u0173, ma\u017e\u0173 \u0161eim\u0173 versl\u0173, rank\u0173 darbo, dovan\u0173 sau ir artimiesiems.\",\"publisher\":{\"@id\":\"https:\\\/\\\/skaitytaknyga.lt\\\/#organization\"},\"potentialAction\":[{\"@type\":\"SearchAction\",\"target\":{\"@type\":\"EntryPoint\",\"urlTemplate\":\"https:\\\/\\\/skaitytaknyga.lt\\\/?s={search_term_string}\"},\"query-input\":{\"@type\":\"PropertyValueSpecification\",\"valueRequired\":true,\"valueName\":\"search_term_string\"}}],\"inLanguage\":\"en-GB\"},{\"@type\":\"Organization\",\"@id\":\"https:\\\/\\\/skaitytaknyga.lt\\\/#organization\",\"name\":\"skaitytaknyga.lt\",\"url\":\"https:\\\/\\\/skaitytaknyga.lt\\\/\",\"logo\":{\"@type\":\"ImageObject\",\"inLanguage\":\"en-GB\",\"@id\":\"https:\\\/\\\/skaitytaknyga.lt\\\/#\\\/schema\\\/logo\\\/image\\\/\",\"url\":\"https:\\\/\\\/skaitytaknyga.lt\\\/wp-content\\\/uploads\\\/2024\\\/05\\\/cropped-cropped-cropped-02_00843_jt3bggkj1j3HLc7SyY6rEUpg.jpeg\",\"contentUrl\":\"https:\\\/\\\/skaitytaknyga.lt\\\/wp-content\\\/uploads\\\/2024\\\/05\\\/cropped-cropped-cropped-02_00843_jt3bggkj1j3HLc7SyY6rEUpg.jpeg\",\"width\":1600,\"height\":1600,\"caption\":\"skaitytaknyga.lt\"},\"image\":{\"@id\":\"https:\\\/\\\/skaitytaknyga.lt\\\/#\\\/schema\\\/logo\\\/image\\\/\"},\"sameAs\":[\"https:\\\/\\\/www.facebook.com\\\/skaitytaknyga\\\/\"]}]}<\/script>\n<!-- \/ Yoast SEO plugin. -->","yoast_head_json":{"title":"153 \u012fdomiausi Lietuvos miesteliai","description":"Nepaparasto gro\u017eio m\u016bs\u0173 kra\u0161tas: nedidel\u0117s kalvel\u0117s, \u017ealiuojan\u010dios lygumos. Ramiai sruvenan\u010dios up\u0117s, kur ne kur boluojantys sodyb\u0173 stogai bei nedideli","robots":{"index":"index","follow":"follow","max-snippet":"max-snippet:-1","max-image-preview":"max-image-preview:large","max-video-preview":"max-video-preview:-1"},"canonical":"https:\/\/skaitytaknyga.lt\/en\/produktas\/lietuvos-miesteliai\/","og_locale":"en_GB","og_type":"article","og_title":"[:lt]153 \u012fdomiausi Lietuvos miesteliai[:] - Skaitytaknyga","og_description":"Nepaparasto gro\u017eio m\u016bs\u0173 kra\u0161tas: nedidel\u0117s kalvel\u0117s, \u017ealiuojan\u010dios lygumos. Ramiai sruvenan\u010dios up\u0117s, kur ne kur boluojantys sodyb\u0173 stogai bei nedideli","og_url":"https:\/\/skaitytaknyga.lt\/en\/produktas\/lietuvos-miesteliai\/","og_site_name":"Skaitytaknyga","article_publisher":"https:\/\/www.facebook.com\/skaitytaknyga\/","article_modified_time":"2026-03-18T12:59:47+00:00","og_image":[{"width":553,"height":800,"url":"https:\/\/skaitytaknyga.lt\/wp-content\/uploads\/2025\/04\/153-idomiausi-Lietuvos-miesteliai.webp","type":"image\/webp"}],"twitter_card":"summary_large_image","twitter_misc":{"Estimated reading time":"1 minute"},"schema":{"@context":"https:\/\/schema.org","@graph":[{"@type":"WebPage","@id":"https:\/\/skaitytaknyga.lt\/produktas\/lietuvos-miesteliai\/","url":"https:\/\/skaitytaknyga.lt\/produktas\/lietuvos-miesteliai\/","name":"153 \u012fdomiausi Lietuvos miesteliai","isPartOf":{"@id":"https:\/\/skaitytaknyga.lt\/#website"},"primaryImageOfPage":{"@id":"https:\/\/skaitytaknyga.lt\/produktas\/lietuvos-miesteliai\/#primaryimage"},"image":{"@id":"https:\/\/skaitytaknyga.lt\/produktas\/lietuvos-miesteliai\/#primaryimage"},"thumbnailUrl":"https:\/\/skaitytaknyga.lt\/wp-content\/uploads\/2025\/04\/153-idomiausi-Lietuvos-miesteliai.webp","datePublished":"2025-04-25T17:44:58+00:00","dateModified":"2026-03-18T12:59:47+00:00","description":"Nepaparasto gro\u017eio m\u016bs\u0173 kra\u0161tas: nedidel\u0117s kalvel\u0117s, \u017ealiuojan\u010dios lygumos. Ramiai sruvenan\u010dios up\u0117s, kur ne kur boluojantys sodyb\u0173 stogai bei nedideli","breadcrumb":{"@id":"https:\/\/skaitytaknyga.lt\/produktas\/lietuvos-miesteliai\/#breadcrumb"},"inLanguage":"en-GB","potentialAction":[{"@type":"ReadAction","target":["https:\/\/skaitytaknyga.lt\/produktas\/lietuvos-miesteliai\/"]}]},{"@type":"ImageObject","inLanguage":"en-GB","@id":"https:\/\/skaitytaknyga.lt\/produktas\/lietuvos-miesteliai\/#primaryimage","url":"https:\/\/skaitytaknyga.lt\/wp-content\/uploads\/2025\/04\/153-idomiausi-Lietuvos-miesteliai.webp","contentUrl":"https:\/\/skaitytaknyga.lt\/wp-content\/uploads\/2025\/04\/153-idomiausi-Lietuvos-miesteliai.webp","width":553,"height":800,"caption":"153 \u012fdomiausi Lietuvos miesteliai"},{"@type":"BreadcrumbList","@id":"https:\/\/skaitytaknyga.lt\/produktas\/lietuvos-miesteliai\/#breadcrumb","itemListElement":[{"@type":"ListItem","position":1,"name":"Home","item":"https:\/\/skaitytaknyga.lt\/"},{"@type":"ListItem","position":2,"name":"Parduotuv\u0117","item":"https:\/\/skaitytaknyga.lt\/knygu-parduotuve\/"},{"@type":"ListItem","position":3,"name":"153 \u012fdomiausi Lietuvos miesteliai"}]},{"@type":"WebSite","@id":"https:\/\/skaitytaknyga.lt\/#website","url":"https:\/\/skaitytaknyga.lt\/","name":"skaitytaknyga.lt","description":"Skaitytaknyga.lt \u2013 tai ma\u017eas \u0161eimos verslas, kuris prasid\u0117jo nuo meil\u0117s knygoms ir siekio i\u0161gelb\u0117ti knygas nuo likimo prie konteinerio. Kas vienam nereikalingas daiktas \u2013 kitam lobis, o mes esame tarpininkai, kurie padeda abiems tapti laimingesniems ???? \u017dinome kaip nelengva i\u0161gyventi ma\u017eiems verslams, tad nuo \u0161iol, \u010dia rasite ir kit\u0173, ma\u017e\u0173 \u0161eim\u0173 versl\u0173, rank\u0173 darbo, dovan\u0173 sau ir artimiesiems.","publisher":{"@id":"https:\/\/skaitytaknyga.lt\/#organization"},"potentialAction":[{"@type":"SearchAction","target":{"@type":"EntryPoint","urlTemplate":"https:\/\/skaitytaknyga.lt\/?s={search_term_string}"},"query-input":{"@type":"PropertyValueSpecification","valueRequired":true,"valueName":"search_term_string"}}],"inLanguage":"en-GB"},{"@type":"Organization","@id":"https:\/\/skaitytaknyga.lt\/#organization","name":"skaitytaknyga.lt","url":"https:\/\/skaitytaknyga.lt\/","logo":{"@type":"ImageObject","inLanguage":"en-GB","@id":"https:\/\/skaitytaknyga.lt\/#\/schema\/logo\/image\/","url":"https:\/\/skaitytaknyga.lt\/wp-content\/uploads\/2024\/05\/cropped-cropped-cropped-02_00843_jt3bggkj1j3HLc7SyY6rEUpg.jpeg","contentUrl":"https:\/\/skaitytaknyga.lt\/wp-content\/uploads\/2024\/05\/cropped-cropped-cropped-02_00843_jt3bggkj1j3HLc7SyY6rEUpg.jpeg","width":1600,"height":1600,"caption":"skaitytaknyga.lt"},"image":{"@id":"https:\/\/skaitytaknyga.lt\/#\/schema\/logo\/image\/"},"sameAs":["https:\/\/www.facebook.com\/skaitytaknyga\/"]}]}},"_links":{"self":[{"href":"https:\/\/skaitytaknyga.lt\/en\/wp-json\/wp\/v2\/product\/18102","targetHints":{"allow":["GET"]}}],"collection":[{"href":"https:\/\/skaitytaknyga.lt\/en\/wp-json\/wp\/v2\/product"}],"about":[{"href":"https:\/\/skaitytaknyga.lt\/en\/wp-json\/wp\/v2\/types\/product"}],"replies":[{"embeddable":true,"href":"https:\/\/skaitytaknyga.lt\/en\/wp-json\/wp\/v2\/comments?post=18102"}],"wp:featuredmedia":[{"embeddable":true,"href":"https:\/\/skaitytaknyga.lt\/en\/wp-json\/wp\/v2\/media\/18133"}],"wp:attachment":[{"href":"https:\/\/skaitytaknyga.lt\/en\/wp-json\/wp\/v2\/media?parent=18102"}],"wp:term":[{"taxonomy":"product_brand","embeddable":true,"href":"https:\/\/skaitytaknyga.lt\/en\/wp-json\/wp\/v2\/product_brand?post=18102"},{"taxonomy":"product_cat","embeddable":true,"href":"https:\/\/skaitytaknyga.lt\/en\/wp-json\/wp\/v2\/product_cat?post=18102"},{"taxonomy":"product_tag","embeddable":true,"href":"https:\/\/skaitytaknyga.lt\/en\/wp-json\/wp\/v2\/product_tag?post=18102"}],"curies":[{"name":"wp","href":"https:\/\/api.w.org\/{rel}","templated":true}]}}