{"id":18099,"date":"2025-04-25T20:44:57","date_gmt":"2025-04-25T17:44:57","guid":{"rendered":"https:\/\/skaitytaknyga.lt\/?post_type=product&#038;p=18099"},"modified":"2026-03-18T11:28:12","modified_gmt":"2026-03-18T09:28:12","slug":"sapnu-sala","status":"publish","type":"product","link":"https:\/\/skaitytaknyga.lt\/en\/produktas\/sapnu-sala\/","title":{"rendered":"Sapn\u0173 sala"},"content":{"rendered":"<p>Romanas\u00a0<strong>\u201eSapn\u0173 sala&#8221;<\/strong>\u00a0prasideda pasakotojo Isako Severino apsisprendimu para\u0161yti garsaus Stokholmo menininko Vernerio H. Bergerio biografij\u0105. Severinas jau i\u0161leid\u0119s vien\u0105 knyg\u0105 apie Verner\u012f, bet nutaria para\u0161yti i\u0161samesn\u0119, \u012ftraukti \u012f j\u0105 ir pasakojim\u0105 apie Bergeri\u0173 gimin\u0117s vasarviet\u0119 Sapn\u0173 saloje prie Stokholmo. Apie paslaptingus \u012fvykius saloje ra\u0161o net bulvariniai laikra\u0161\u010diai, kuri\u0173 r\u0117ksmingos antra\u0161t\u0117s klausia, kas i\u0161 ties\u0173 ten atsitiko. Nor\u0117damas kuo daugiau su\u017einoti apie Berger\u012f, Severinas susitinka su jo giminai\u010diais, draugais, \u017emona \u2013 keistais ir nemaloniais \u017emon\u0117mis, kuri\u0173 prisiminimai ir pasakojimai padeda sukurti \u012fvairiapusi\u0161k\u0105 dailininko paveiksl\u0105.<\/p>\n<p>Vernerio \u0161eimos istorija Severin\u0105 nuveda \u012f Belgijos Kong\u0105, \u0160vedij\u0105, Niujork\u0105, Pranc\u016bzij\u0105, Vokietij\u0105, Austrij\u0105, Azij\u0105 ir ra\u0161oma biografija pama\u017eu virsta gimin\u0117s saga.<\/p>\n<p><strong>\u201eSapn\u0173 sala&#8221;<\/strong>\u00a0\u2013 menininko istorija, bet H. K\u00e4nn\u00f6 romanas apr\u0117pia labai daug tem\u0173. Ra\u0161ytojas fikcij\u0105 supina su faktais, pasakodamas persona\u017e\u0173 istorijas pasinaudoja Naujojo am\u017eiaus dvasinio jud\u0117jimo id\u0117jomis, meno pasaulio keistyb\u0117mis, Afrikos dievais, Kongo mitologija, mokslo faktais ir mokslo ribas per\u017eengian\u010dia mistika, \u012fvairiomis religijomis, nes dauguma veik\u0117j\u0173 beveik fanati\u0161kai tiki kokia nors didesne j\u0117ga. Gimin\u0117s pradininkui \u0160maliui dvasinio gyvenimo krypt\u012f rodo Kongo prana\u0161as Simonas Kimbangu, Verneris, i\u0161 prigimties link\u0119s \u012f pami\u0161im\u0105, savo mokytoju laiko G. I. Gurd\u017eijev\u0105, o Vernerio s\u016bnus, visi\u0161kai atmet\u0119s ankstesni\u0173 kart\u0173 pasaul\u0117\u017ei\u016bras, sakosi es\u0105s matriksistas \u2013 jis tiki, kad gyvenimas \u2013 tai kompiuterin\u0117 simuliacija, pana\u0161i \u012f t\u0105, kuri vaizduojama kino filme \u201eMatrica&#8221;.<\/p>\n<p>Knyg\u0105 i\u0161 suomi\u0173 kalbos i\u0161vert\u0117 profesionali vert\u0117ja Aida Krilavi\u010dien\u0117, apdovanota Lietuvos PEN centro \u012fsteigta premija \u201eMet\u0173 vert\u0117jo kr\u0117slas&#8221;.<\/p>\n","protected":false},"excerpt":{"rendered":"<p>Romanas\u00a0\u201eSapn\u0173 sala&#8221;\u00a0prasideda pasakotojo Isako Severino apsisprendimu para\u0161yti garsaus Stokholmo menininko Vernerio H. Bergerio biografij\u0105. Severinas jau i\u0161leid\u0119s vien\u0105 knyg\u0105 apie Verner\u012f, bet nutaria para\u0161yti i\u0161samesn\u0119, \u012ftraukti \u012f j\u0105 ir pasakojim\u0105 apie Bergeri\u0173 gimin\u0117s vasarviet\u0119 Sapn\u0173 saloje prie Stokholmo. Apie paslaptingus \u012fvykius saloje ra\u0161o net bulvariniai laikra\u0161\u010diai, kuri\u0173 r\u0117ksmingos antra\u0161t\u0117s klausia, kas i\u0161 ties\u0173 ten atsitiko. Nor\u0117damas kuo daugiau su\u017einoti apie Berger\u012f, Severinas susitinka su jo giminai\u010diais, draugais, \u017emona \u2013 keistais ir nemaloniais \u017emon\u0117mis, kuri\u0173 prisiminimai ir pasakojimai padeda sukurti \u012fvairiapusi\u0161k\u0105 dailininko paveiksl\u0105. Vernerio \u0161eimos istorija Severin\u0105 nuveda \u012f Belgijos Kong\u0105, \u0160vedij\u0105, Niujork\u0105, Pranc\u016bzij\u0105, Vokietij\u0105, Austrij\u0105, Azij\u0105 ir ra\u0161oma biografija pama\u017eu virsta gimin\u0117s saga. \u201eSapn\u0173 sala&#8221;\u00a0\u2013 menininko istorija, bet H. K\u00e4nn\u00f6 romanas apr\u0117pia labai daug tem\u0173. Ra\u0161ytojas fikcij\u0105 supina su faktais, pasakodamas persona\u017e\u0173 istorijas pasinaudoja Naujojo am\u017eiaus dvasinio jud\u0117jimo id\u0117jomis, meno pasaulio keistyb\u0117mis, Afrikos dievais, Kongo mitologija, mokslo faktais ir mokslo ribas per\u017eengian\u010dia mistika, \u012fvairiomis religijomis, nes dauguma veik\u0117j\u0173 beveik fanati\u0161kai tiki kokia nors didesne j\u0117ga. Gimin\u0117s pradininkui \u0160maliui dvasinio gyvenimo krypt\u012f rodo Kongo prana\u0161as Simonas Kimbangu, Verneris, i\u0161 prigimties link\u0119s \u012f pami\u0161im\u0105, savo mokytoju laiko G. I. Gurd\u017eijev\u0105, o Vernerio s\u016bnus, visi\u0161kai atmet\u0119s ankstesni\u0173 kart\u0173 pasaul\u0117\u017ei\u016bras, sakosi es\u0105s matriksistas \u2013 jis tiki, kad gyvenimas \u2013 tai kompiuterin\u0117 simuliacija, pana\u0161i \u012f t\u0105, kuri vaizduojama kino filme \u201eMatrica&#8221;. Knyg\u0105 i\u0161 suomi\u0173 kalbos i\u0161vert\u0117 profesionali vert\u0117ja Aida Krilavi\u010dien\u0117, apdovanota Lietuvos PEN centro \u012fsteigta premija \u201eMet\u0173 vert\u0117jo kr\u0117slas&#8221;.<\/p>\n","protected":false},"featured_media":18249,"comment_status":"open","ping_status":"closed","template":"","meta":{"_acf_changed":false,"site-sidebar-layout":"default","site-content-layout":"","ast-site-content-layout":"default","site-content-style":"default","site-sidebar-style":"default","ast-global-header-display":"","ast-banner-title-visibility":"","ast-main-header-display":"","ast-hfb-above-header-display":"","ast-hfb-below-header-display":"","ast-hfb-mobile-header-display":"","site-post-title":"","ast-breadcrumbs-content":"","ast-featured-img":"","footer-sml-layout":"","ast-disable-related-posts":"","theme-transparent-header-meta":"","adv-header-id-meta":"","stick-header-meta":"","header-above-stick-meta":"","header-main-stick-meta":"","header-below-stick-meta":"","astra-migrate-meta-layouts":"default","ast-page-background-enabled":"default","ast-page-background-meta":{"desktop":{"background-color":"","background-image":"","background-repeat":"repeat","background-position":"center center","background-size":"auto","background-attachment":"scroll","background-type":"","background-media":"","overlay-type":"","overlay-color":"","overlay-opacity":"","overlay-gradient":""},"tablet":{"background-color":"","background-image":"","background-repeat":"repeat","background-position":"center center","background-size":"auto","background-attachment":"scroll","background-type":"","background-media":"","overlay-type":"","overlay-color":"","overlay-opacity":"","overlay-gradient":""},"mobile":{"background-color":"","background-image":"","background-repeat":"repeat","background-position":"center center","background-size":"auto","background-attachment":"scroll","background-type":"","background-media":"","overlay-type":"","overlay-color":"","overlay-opacity":"","overlay-gradient":""}},"ast-content-background-meta":{"desktop":{"background-color":"var(--ast-global-color-4)","background-image":"","background-repeat":"repeat","background-position":"center center","background-size":"auto","background-attachment":"scroll","background-type":"","background-media":"","overlay-type":"","overlay-color":"","overlay-opacity":"","overlay-gradient":""},"tablet":{"background-color":"var(--ast-global-color-4)","background-image":"","background-repeat":"repeat","background-position":"center center","background-size":"auto","background-attachment":"scroll","background-type":"","background-media":"","overlay-type":"","overlay-color":"","overlay-opacity":"","overlay-gradient":""},"mobile":{"background-color":"var(--ast-global-color-4)","background-image":"","background-repeat":"repeat","background-position":"center center","background-size":"auto","background-attachment":"scroll","background-type":"","background-media":"","overlay-type":"","overlay-color":"","overlay-opacity":"","overlay-gradient":""}}},"product_brand":[],"product_cat":[9734],"product_tag":[1742],"class_list":{"0":"post-18099","1":"product","2":"type-product","3":"status-publish","4":"has-post-thumbnail","6":"product_cat-romanai","7":"product_tag-heikki-kanno","8":"desktop-align-left","9":"tablet-align-left","10":"mobile-align-left","12":"first","13":"instock","14":"shipping-taxable","15":"purchasable","16":"product-type-simple"},"acf":[],"yoast_head":"<!-- This site is optimized with the Yoast SEO plugin v27.4 - https:\/\/yoast.com\/product\/yoast-seo-wordpress\/ -->\n<title>Sapn\u0173 sala<\/title>\n<meta name=\"description\" content=\"Romanas\u00a0\u201eSapn\u0173 sala&quot;\u00a0prasideda pasakotojo Isako Severino apsisprendimu para\u0161yti garsaus Stokholmo menininko Vernerio H. Bergerio biografij\u0105. Severinas jau\" \/>\n<meta name=\"robots\" content=\"index, follow, max-snippet:-1, max-image-preview:large, max-video-preview:-1\" \/>\n<link rel=\"canonical\" href=\"https:\/\/skaitytaknyga.lt\/en\/produktas\/sapnu-sala\/\" \/>\n<meta property=\"og:locale\" content=\"en_GB\" \/>\n<meta property=\"og:locale:alternate\" content=\"lt_LT\" \/>\n<meta property=\"og:type\" content=\"article\" \/>\n<meta property=\"og:title\" content=\"Sapn\u0173 sala\" \/>\n<meta property=\"og:description\" content=\"Romanas\u00a0\u201eSapn\u0173 sala&quot;\u00a0prasideda pasakotojo Isako Severino apsisprendimu para\u0161yti garsaus Stokholmo menininko Vernerio H. Bergerio biografij\u0105. Severinas jau\" \/>\n<meta property=\"og:url\" content=\"https:\/\/skaitytaknyga.lt\/en\/produktas\/sapnu-sala\/\" \/>\n<meta property=\"og:site_name\" content=\"Skaitytaknyga\" \/>\n<meta property=\"article:publisher\" content=\"https:\/\/www.facebook.com\/skaitytaknyga\/\" \/>\n<meta property=\"article:modified_time\" content=\"2026-03-18T09:28:12+00:00\" \/>\n<meta property=\"og:image\" content=\"https:\/\/skaitytaknyga.lt\/wp-content\/uploads\/2025\/05\/Sapnu-sala.webp\" \/>\n\t<meta property=\"og:image:width\" content=\"537\" \/>\n\t<meta property=\"og:image:height\" content=\"800\" \/>\n\t<meta property=\"og:image:type\" content=\"image\/webp\" \/>\n<meta name=\"twitter:card\" content=\"summary_large_image\" \/>\n<meta name=\"twitter:label1\" content=\"Estimated reading time\" \/>\n\t<meta name=\"twitter:data1\" content=\"1 minute\" \/>\n<script type=\"application\/ld+json\" class=\"yoast-schema-graph\">{\"@context\":\"https:\\\/\\\/schema.org\",\"@graph\":[{\"@type\":\"WebPage\",\"@id\":\"https:\\\/\\\/skaitytaknyga.lt\\\/produktas\\\/sapnu-sala\\\/\",\"url\":\"https:\\\/\\\/skaitytaknyga.lt\\\/produktas\\\/sapnu-sala\\\/\",\"name\":\"Sapn\u0173 sala\",\"isPartOf\":{\"@id\":\"https:\\\/\\\/skaitytaknyga.lt\\\/#website\"},\"primaryImageOfPage\":{\"@id\":\"https:\\\/\\\/skaitytaknyga.lt\\\/produktas\\\/sapnu-sala\\\/#primaryimage\"},\"image\":{\"@id\":\"https:\\\/\\\/skaitytaknyga.lt\\\/produktas\\\/sapnu-sala\\\/#primaryimage\"},\"thumbnailUrl\":\"https:\\\/\\\/skaitytaknyga.lt\\\/wp-content\\\/uploads\\\/2025\\\/05\\\/Sapnu-sala.webp\",\"datePublished\":\"2025-04-25T17:44:57+00:00\",\"dateModified\":\"2026-03-18T09:28:12+00:00\",\"description\":\"Romanas\u00a0\u201eSapn\u0173 sala\\\"\u00a0prasideda pasakotojo Isako Severino apsisprendimu para\u0161yti garsaus Stokholmo menininko Vernerio H. Bergerio biografij\u0105. Severinas jau\",\"breadcrumb\":{\"@id\":\"https:\\\/\\\/skaitytaknyga.lt\\\/produktas\\\/sapnu-sala\\\/#breadcrumb\"},\"inLanguage\":\"en-GB\",\"potentialAction\":[{\"@type\":\"ReadAction\",\"target\":[\"https:\\\/\\\/skaitytaknyga.lt\\\/produktas\\\/sapnu-sala\\\/\"]}]},{\"@type\":\"ImageObject\",\"inLanguage\":\"en-GB\",\"@id\":\"https:\\\/\\\/skaitytaknyga.lt\\\/produktas\\\/sapnu-sala\\\/#primaryimage\",\"url\":\"https:\\\/\\\/skaitytaknyga.lt\\\/wp-content\\\/uploads\\\/2025\\\/05\\\/Sapnu-sala.webp\",\"contentUrl\":\"https:\\\/\\\/skaitytaknyga.lt\\\/wp-content\\\/uploads\\\/2025\\\/05\\\/Sapnu-sala.webp\",\"width\":537,\"height\":800,\"caption\":\"Sapn\u0173 sala\"},{\"@type\":\"BreadcrumbList\",\"@id\":\"https:\\\/\\\/skaitytaknyga.lt\\\/produktas\\\/sapnu-sala\\\/#breadcrumb\",\"itemListElement\":[{\"@type\":\"ListItem\",\"position\":1,\"name\":\"Home\",\"item\":\"https:\\\/\\\/skaitytaknyga.lt\\\/\"},{\"@type\":\"ListItem\",\"position\":2,\"name\":\"Parduotuv\u0117\",\"item\":\"https:\\\/\\\/skaitytaknyga.lt\\\/knygu-parduotuve\\\/\"},{\"@type\":\"ListItem\",\"position\":3,\"name\":\"Sapn\u0173 sala\"}]},{\"@type\":\"WebSite\",\"@id\":\"https:\\\/\\\/skaitytaknyga.lt\\\/#website\",\"url\":\"https:\\\/\\\/skaitytaknyga.lt\\\/\",\"name\":\"skaitytaknyga.lt\",\"description\":\"Skaitytaknyga.lt \u2013 tai ma\u017eas \u0161eimos verslas, kuris prasid\u0117jo nuo meil\u0117s knygoms ir siekio i\u0161gelb\u0117ti knygas nuo likimo prie konteinerio. Kas vienam nereikalingas daiktas \u2013 kitam lobis, o mes esame tarpininkai, kurie padeda abiems tapti laimingesniems ???? \u017dinome kaip nelengva i\u0161gyventi ma\u017eiems verslams, tad nuo \u0161iol, \u010dia rasite ir kit\u0173, ma\u017e\u0173 \u0161eim\u0173 versl\u0173, rank\u0173 darbo, dovan\u0173 sau ir artimiesiems.\",\"publisher\":{\"@id\":\"https:\\\/\\\/skaitytaknyga.lt\\\/#organization\"},\"potentialAction\":[{\"@type\":\"SearchAction\",\"target\":{\"@type\":\"EntryPoint\",\"urlTemplate\":\"https:\\\/\\\/skaitytaknyga.lt\\\/?s={search_term_string}\"},\"query-input\":{\"@type\":\"PropertyValueSpecification\",\"valueRequired\":true,\"valueName\":\"search_term_string\"}}],\"inLanguage\":\"en-GB\"},{\"@type\":\"Organization\",\"@id\":\"https:\\\/\\\/skaitytaknyga.lt\\\/#organization\",\"name\":\"skaitytaknyga.lt\",\"url\":\"https:\\\/\\\/skaitytaknyga.lt\\\/\",\"logo\":{\"@type\":\"ImageObject\",\"inLanguage\":\"en-GB\",\"@id\":\"https:\\\/\\\/skaitytaknyga.lt\\\/#\\\/schema\\\/logo\\\/image\\\/\",\"url\":\"https:\\\/\\\/skaitytaknyga.lt\\\/wp-content\\\/uploads\\\/2024\\\/05\\\/cropped-cropped-cropped-02_00843_jt3bggkj1j3HLc7SyY6rEUpg.jpeg\",\"contentUrl\":\"https:\\\/\\\/skaitytaknyga.lt\\\/wp-content\\\/uploads\\\/2024\\\/05\\\/cropped-cropped-cropped-02_00843_jt3bggkj1j3HLc7SyY6rEUpg.jpeg\",\"width\":1600,\"height\":1600,\"caption\":\"skaitytaknyga.lt\"},\"image\":{\"@id\":\"https:\\\/\\\/skaitytaknyga.lt\\\/#\\\/schema\\\/logo\\\/image\\\/\"},\"sameAs\":[\"https:\\\/\\\/www.facebook.com\\\/skaitytaknyga\\\/\"]}]}<\/script>\n<!-- \/ Yoast SEO plugin. -->","yoast_head_json":{"title":"Sapn\u0173 sala","description":"Romanas\u00a0\u201eSapn\u0173 sala\"\u00a0prasideda pasakotojo Isako Severino apsisprendimu para\u0161yti garsaus Stokholmo menininko Vernerio H. Bergerio biografij\u0105. Severinas jau","robots":{"index":"index","follow":"follow","max-snippet":"max-snippet:-1","max-image-preview":"max-image-preview:large","max-video-preview":"max-video-preview:-1"},"canonical":"https:\/\/skaitytaknyga.lt\/en\/produktas\/sapnu-sala\/","og_locale":"en_GB","og_type":"article","og_title":"[:lt]Sapn\u0173 sala[:] - Skaitytaknyga","og_description":"Romanas\u00a0\u201eSapn\u0173 sala\"\u00a0prasideda pasakotojo Isako Severino apsisprendimu para\u0161yti garsaus Stokholmo menininko Vernerio H. Bergerio biografij\u0105. Severinas jau","og_url":"https:\/\/skaitytaknyga.lt\/en\/produktas\/sapnu-sala\/","og_site_name":"Skaitytaknyga","article_publisher":"https:\/\/www.facebook.com\/skaitytaknyga\/","article_modified_time":"2026-03-18T09:28:12+00:00","og_image":[{"width":537,"height":800,"url":"https:\/\/skaitytaknyga.lt\/wp-content\/uploads\/2025\/05\/Sapnu-sala.webp","type":"image\/webp"}],"twitter_card":"summary_large_image","twitter_misc":{"Estimated reading time":"1 minute"},"schema":{"@context":"https:\/\/schema.org","@graph":[{"@type":"WebPage","@id":"https:\/\/skaitytaknyga.lt\/produktas\/sapnu-sala\/","url":"https:\/\/skaitytaknyga.lt\/produktas\/sapnu-sala\/","name":"Sapn\u0173 sala","isPartOf":{"@id":"https:\/\/skaitytaknyga.lt\/#website"},"primaryImageOfPage":{"@id":"https:\/\/skaitytaknyga.lt\/produktas\/sapnu-sala\/#primaryimage"},"image":{"@id":"https:\/\/skaitytaknyga.lt\/produktas\/sapnu-sala\/#primaryimage"},"thumbnailUrl":"https:\/\/skaitytaknyga.lt\/wp-content\/uploads\/2025\/05\/Sapnu-sala.webp","datePublished":"2025-04-25T17:44:57+00:00","dateModified":"2026-03-18T09:28:12+00:00","description":"Romanas\u00a0\u201eSapn\u0173 sala\"\u00a0prasideda pasakotojo Isako Severino apsisprendimu para\u0161yti garsaus Stokholmo menininko Vernerio H. Bergerio biografij\u0105. Severinas jau","breadcrumb":{"@id":"https:\/\/skaitytaknyga.lt\/produktas\/sapnu-sala\/#breadcrumb"},"inLanguage":"en-GB","potentialAction":[{"@type":"ReadAction","target":["https:\/\/skaitytaknyga.lt\/produktas\/sapnu-sala\/"]}]},{"@type":"ImageObject","inLanguage":"en-GB","@id":"https:\/\/skaitytaknyga.lt\/produktas\/sapnu-sala\/#primaryimage","url":"https:\/\/skaitytaknyga.lt\/wp-content\/uploads\/2025\/05\/Sapnu-sala.webp","contentUrl":"https:\/\/skaitytaknyga.lt\/wp-content\/uploads\/2025\/05\/Sapnu-sala.webp","width":537,"height":800,"caption":"Sapn\u0173 sala"},{"@type":"BreadcrumbList","@id":"https:\/\/skaitytaknyga.lt\/produktas\/sapnu-sala\/#breadcrumb","itemListElement":[{"@type":"ListItem","position":1,"name":"Home","item":"https:\/\/skaitytaknyga.lt\/"},{"@type":"ListItem","position":2,"name":"Parduotuv\u0117","item":"https:\/\/skaitytaknyga.lt\/knygu-parduotuve\/"},{"@type":"ListItem","position":3,"name":"Sapn\u0173 sala"}]},{"@type":"WebSite","@id":"https:\/\/skaitytaknyga.lt\/#website","url":"https:\/\/skaitytaknyga.lt\/","name":"skaitytaknyga.lt","description":"Skaitytaknyga.lt \u2013 tai ma\u017eas \u0161eimos verslas, kuris prasid\u0117jo nuo meil\u0117s knygoms ir siekio i\u0161gelb\u0117ti knygas nuo likimo prie konteinerio. Kas vienam nereikalingas daiktas \u2013 kitam lobis, o mes esame tarpininkai, kurie padeda abiems tapti laimingesniems ???? \u017dinome kaip nelengva i\u0161gyventi ma\u017eiems verslams, tad nuo \u0161iol, \u010dia rasite ir kit\u0173, ma\u017e\u0173 \u0161eim\u0173 versl\u0173, rank\u0173 darbo, dovan\u0173 sau ir artimiesiems.","publisher":{"@id":"https:\/\/skaitytaknyga.lt\/#organization"},"potentialAction":[{"@type":"SearchAction","target":{"@type":"EntryPoint","urlTemplate":"https:\/\/skaitytaknyga.lt\/?s={search_term_string}"},"query-input":{"@type":"PropertyValueSpecification","valueRequired":true,"valueName":"search_term_string"}}],"inLanguage":"en-GB"},{"@type":"Organization","@id":"https:\/\/skaitytaknyga.lt\/#organization","name":"skaitytaknyga.lt","url":"https:\/\/skaitytaknyga.lt\/","logo":{"@type":"ImageObject","inLanguage":"en-GB","@id":"https:\/\/skaitytaknyga.lt\/#\/schema\/logo\/image\/","url":"https:\/\/skaitytaknyga.lt\/wp-content\/uploads\/2024\/05\/cropped-cropped-cropped-02_00843_jt3bggkj1j3HLc7SyY6rEUpg.jpeg","contentUrl":"https:\/\/skaitytaknyga.lt\/wp-content\/uploads\/2024\/05\/cropped-cropped-cropped-02_00843_jt3bggkj1j3HLc7SyY6rEUpg.jpeg","width":1600,"height":1600,"caption":"skaitytaknyga.lt"},"image":{"@id":"https:\/\/skaitytaknyga.lt\/#\/schema\/logo\/image\/"},"sameAs":["https:\/\/www.facebook.com\/skaitytaknyga\/"]}]}},"_links":{"self":[{"href":"https:\/\/skaitytaknyga.lt\/en\/wp-json\/wp\/v2\/product\/18099","targetHints":{"allow":["GET"]}}],"collection":[{"href":"https:\/\/skaitytaknyga.lt\/en\/wp-json\/wp\/v2\/product"}],"about":[{"href":"https:\/\/skaitytaknyga.lt\/en\/wp-json\/wp\/v2\/types\/product"}],"replies":[{"embeddable":true,"href":"https:\/\/skaitytaknyga.lt\/en\/wp-json\/wp\/v2\/comments?post=18099"}],"wp:featuredmedia":[{"embeddable":true,"href":"https:\/\/skaitytaknyga.lt\/en\/wp-json\/wp\/v2\/media\/18249"}],"wp:attachment":[{"href":"https:\/\/skaitytaknyga.lt\/en\/wp-json\/wp\/v2\/media?parent=18099"}],"wp:term":[{"taxonomy":"product_brand","embeddable":true,"href":"https:\/\/skaitytaknyga.lt\/en\/wp-json\/wp\/v2\/product_brand?post=18099"},{"taxonomy":"product_cat","embeddable":true,"href":"https:\/\/skaitytaknyga.lt\/en\/wp-json\/wp\/v2\/product_cat?post=18099"},{"taxonomy":"product_tag","embeddable":true,"href":"https:\/\/skaitytaknyga.lt\/en\/wp-json\/wp\/v2\/product_tag?post=18099"}],"curies":[{"name":"wp","href":"https:\/\/api.w.org\/{rel}","templated":true}]}}