{"id":18096,"date":"2025-04-25T20:44:57","date_gmt":"2025-04-25T17:44:57","guid":{"rendered":"https:\/\/skaitytaknyga.lt\/?post_type=product&#038;p=18096"},"modified":"2026-04-23T12:32:04","modified_gmt":"2026-04-23T09:32:04","slug":"sekspyras","status":"publish","type":"product","link":"https:\/\/skaitytaknyga.lt\/en\/produktas\/sekspyras\/","title":{"rendered":"\u0160ekspyro Hamletas. Literat\u016bros vadov\u0117liai 11-12 klasei"},"content":{"rendered":"<p>\u0160ios serijos vadov\u0117liuose greta chrestomatini\u0173 tekst\u0173 dedamas istorinis-kult\u016brinis j\u0173 komentaras, interpretacijos bei u\u017eduotys moksleiviams.<\/p>\n<ul>\n<li>S. \u017dukas. Homero\u00a0<em>Iliada ir Odis\u0117ja<\/em><\/li>\n<li>I. Kani\u0161auskait\u0117. Antikos teatras (Sofoklio\u00a0<em>Antigon\u0117<\/em>)<\/li>\n<li>V. Dailidien\u0117. Viduram\u017ei\u0173 literat\u016bra<\/li>\n<li>I. Kani\u0161auskait\u0117. Renesanso literat\u016bra<\/li>\n<li>V. Dailidien\u0117. V. \u0160ekspyro\u00a0<em>Hamletas<\/em><\/li>\n<li>J. Perminait\u0117-Katkuvien\u0117. M. Servanteso\u00a0<em>Don Kichotas<\/em><\/li>\n<li>S. \u017dukas. Klasicizmo literat\u016bra.<\/li>\n<li>I. Kani\u0161auskait\u0117. \u0160vie\u010diamojo am\u017eiaus literat\u016bra<\/li>\n<li>I. Kani\u0161auskait\u0117. J.V. G\u0117t\u0117\u00a0<em>Faustas<\/em><\/li>\n<li>S. \u017dukas. K. Donelai\u010dio k\u016bryba<\/li>\n<\/ul>\n","protected":false},"excerpt":{"rendered":"<p>\u0160ios serijos vadov\u0117liuose greta chrestomatini\u0173 tekst\u0173 dedamas istorinis-kult\u016brinis j\u0173 komentaras, interpretacijos bei u\u017eduotys moksleiviams. S. \u017dukas. Homero\u00a0Iliada ir Odis\u0117ja I. Kani\u0161auskait\u0117. Antikos teatras (Sofoklio\u00a0Antigon\u0117) V. Dailidien\u0117. Viduram\u017ei\u0173 literat\u016bra I. Kani\u0161auskait\u0117. Renesanso literat\u016bra V. Dailidien\u0117. V. \u0160ekspyro\u00a0Hamletas J. Perminait\u0117-Katkuvien\u0117. M. Servanteso\u00a0Don Kichotas S. \u017dukas. Klasicizmo literat\u016bra. I. Kani\u0161auskait\u0117. \u0160vie\u010diamojo am\u017eiaus literat\u016bra I. Kani\u0161auskait\u0117. J.V. G\u0117t\u0117\u00a0Faustas S. \u017dukas. K. Donelai\u010dio k\u016bryba<\/p>\n","protected":false},"featured_media":26351,"comment_status":"open","ping_status":"closed","template":"","meta":{"_acf_changed":false,"site-sidebar-layout":"default","site-content-layout":"","ast-site-content-layout":"default","site-content-style":"default","site-sidebar-style":"default","ast-global-header-display":"","ast-banner-title-visibility":"","ast-main-header-display":"","ast-hfb-above-header-display":"","ast-hfb-below-header-display":"","ast-hfb-mobile-header-display":"","site-post-title":"","ast-breadcrumbs-content":"","ast-featured-img":"","footer-sml-layout":"","ast-disable-related-posts":"","theme-transparent-header-meta":"default","adv-header-id-meta":"","stick-header-meta":"","header-above-stick-meta":"","header-main-stick-meta":"","header-below-stick-meta":"","astra-migrate-meta-layouts":"set","ast-page-background-enabled":"default","ast-page-background-meta":{"desktop":{"background-color":"","background-image":"","background-repeat":"repeat","background-position":"center center","background-size":"auto","background-attachment":"scroll","background-type":"","background-media":"","overlay-type":"","overlay-color":"","overlay-opacity":"","overlay-gradient":""},"tablet":{"background-color":"","background-image":"","background-repeat":"repeat","background-position":"center center","background-size":"auto","background-attachment":"scroll","background-type":"","background-media":"","overlay-type":"","overlay-color":"","overlay-opacity":"","overlay-gradient":""},"mobile":{"background-color":"","background-image":"","background-repeat":"repeat","background-position":"center center","background-size":"auto","background-attachment":"scroll","background-type":"","background-media":"","overlay-type":"","overlay-color":"","overlay-opacity":"","overlay-gradient":""}},"ast-content-background-meta":{"desktop":{"background-color":"var(--ast-global-color-4)","background-image":"","background-repeat":"repeat","background-position":"center center","background-size":"auto","background-attachment":"scroll","background-type":"","background-media":"","overlay-type":"","overlay-color":"","overlay-opacity":"","overlay-gradient":""},"tablet":{"background-color":"var(--ast-global-color-4)","background-image":"","background-repeat":"repeat","background-position":"center center","background-size":"auto","background-attachment":"scroll","background-type":"","background-media":"","overlay-type":"","overlay-color":"","overlay-opacity":"","overlay-gradient":""},"mobile":{"background-color":"var(--ast-global-color-4)","background-image":"","background-repeat":"repeat","background-position":"center center","background-size":"auto","background-attachment":"scroll","background-type":"","background-media":"","overlay-type":"","overlay-color":"","overlay-opacity":"","overlay-gradient":""}}},"product_brand":[],"product_cat":[15],"product_tag":[],"class_list":{"0":"post-18096","1":"product","2":"type-product","3":"status-publish","4":"has-post-thumbnail","6":"product_cat-uncategorized","7":"desktop-align-left","8":"tablet-align-left","9":"mobile-align-left","11":"first","12":"instock","13":"shipping-taxable","14":"purchasable","15":"product-type-simple"},"acf":[],"yoast_head":"<!-- This site is optimized with the Yoast SEO plugin v27.4 - https:\/\/yoast.com\/product\/yoast-seo-wordpress\/ -->\n<title>\u0160ekspyro Hamletas. Literat\u016bros vadov\u0117liai 11-12 klasei<\/title>\n<meta name=\"description\" content=\"\u0160ios serijos vadov\u0117liuose greta chrestomatini\u0173 tekst\u0173 dedamas istorinis-kult\u016brinis j\u0173 komentaras, interpretacijos bei u\u017eduotys moksleiviams. S. \u017dukas.\" \/>\n<meta name=\"robots\" content=\"index, follow, max-snippet:-1, max-image-preview:large, max-video-preview:-1\" \/>\n<link rel=\"canonical\" href=\"https:\/\/skaitytaknyga.lt\/en\/produktas\/sekspyras\/\" \/>\n<meta property=\"og:locale\" content=\"en_GB\" \/>\n<meta property=\"og:locale:alternate\" content=\"lt_LT\" \/>\n<meta property=\"og:type\" content=\"article\" \/>\n<meta property=\"og:title\" content=\"\u0160ekspyro Hamletas. Literat\u016bros vadov\u0117liai 11-12 klasei\" \/>\n<meta property=\"og:description\" content=\"\u0160ios serijos vadov\u0117liuose greta chrestomatini\u0173 tekst\u0173 dedamas istorinis-kult\u016brinis j\u0173 komentaras, interpretacijos bei u\u017eduotys moksleiviams. S. \u017dukas.\" \/>\n<meta property=\"og:url\" content=\"https:\/\/skaitytaknyga.lt\/en\/produktas\/sekspyras\/\" \/>\n<meta property=\"og:site_name\" content=\"Skaitytaknyga\" \/>\n<meta property=\"article:publisher\" content=\"https:\/\/www.facebook.com\/skaitytaknyga\/\" \/>\n<meta property=\"article:modified_time\" content=\"2026-04-23T09:32:04+00:00\" \/>\n<meta property=\"og:image\" content=\"https:\/\/skaitytaknyga.lt\/wp-content\/uploads\/2024\/07\/skaitytaknyga.png\" \/>\n\t<meta property=\"og:image:width\" content=\"747\" \/>\n\t<meta property=\"og:image:height\" content=\"496\" \/>\n\t<meta property=\"og:image:type\" content=\"image\/png\" \/>\n<meta name=\"twitter:card\" content=\"summary_large_image\" \/>\n<meta name=\"twitter:label1\" content=\"Estimated reading time\" \/>\n\t<meta name=\"twitter:data1\" content=\"1 minute\" \/>\n<script type=\"application\/ld+json\" class=\"yoast-schema-graph\">{\"@context\":\"https:\\\/\\\/schema.org\",\"@graph\":[{\"@type\":\"WebPage\",\"@id\":\"https:\\\/\\\/skaitytaknyga.lt\\\/produktas\\\/sekspyras\\\/\",\"url\":\"https:\\\/\\\/skaitytaknyga.lt\\\/produktas\\\/sekspyras\\\/\",\"name\":\"\u0160ekspyro Hamletas. Literat\u016bros vadov\u0117liai 11-12 klasei\",\"isPartOf\":{\"@id\":\"https:\\\/\\\/skaitytaknyga.lt\\\/#website\"},\"primaryImageOfPage\":{\"@id\":\"https:\\\/\\\/skaitytaknyga.lt\\\/produktas\\\/sekspyras\\\/#primaryimage\"},\"image\":{\"@id\":\"https:\\\/\\\/skaitytaknyga.lt\\\/produktas\\\/sekspyras\\\/#primaryimage\"},\"thumbnailUrl\":\"https:\\\/\\\/skaitytaknyga.lt\\\/wp-content\\\/uploads\\\/2025\\\/04\\\/Sekspyro-Hamletas.-Literaturos-vadoveliai-11-12-klasei.webp\",\"datePublished\":\"2025-04-25T17:44:57+00:00\",\"dateModified\":\"2026-04-23T09:32:04+00:00\",\"description\":\"\u0160ios serijos vadov\u0117liuose greta chrestomatini\u0173 tekst\u0173 dedamas istorinis-kult\u016brinis j\u0173 komentaras, interpretacijos bei u\u017eduotys moksleiviams. S. \u017dukas.\",\"breadcrumb\":{\"@id\":\"https:\\\/\\\/skaitytaknyga.lt\\\/produktas\\\/sekspyras\\\/#breadcrumb\"},\"inLanguage\":\"en-GB\",\"potentialAction\":[{\"@type\":\"ReadAction\",\"target\":[\"https:\\\/\\\/skaitytaknyga.lt\\\/produktas\\\/sekspyras\\\/\"]}]},{\"@type\":\"ImageObject\",\"inLanguage\":\"en-GB\",\"@id\":\"https:\\\/\\\/skaitytaknyga.lt\\\/produktas\\\/sekspyras\\\/#primaryimage\",\"url\":\"https:\\\/\\\/skaitytaknyga.lt\\\/wp-content\\\/uploads\\\/2025\\\/04\\\/Sekspyro-Hamletas.-Literaturos-vadoveliai-11-12-klasei.webp\",\"contentUrl\":\"https:\\\/\\\/skaitytaknyga.lt\\\/wp-content\\\/uploads\\\/2025\\\/04\\\/Sekspyro-Hamletas.-Literaturos-vadoveliai-11-12-klasei.webp\",\"width\":275,\"height\":393,\"caption\":\"\u0160ekspyro Hamletas. Literat\u016bros vadov\u0117liai 11 12 klasei\"},{\"@type\":\"BreadcrumbList\",\"@id\":\"https:\\\/\\\/skaitytaknyga.lt\\\/produktas\\\/sekspyras\\\/#breadcrumb\",\"itemListElement\":[{\"@type\":\"ListItem\",\"position\":1,\"name\":\"Home\",\"item\":\"https:\\\/\\\/skaitytaknyga.lt\\\/\"},{\"@type\":\"ListItem\",\"position\":2,\"name\":\"Parduotuv\u0117\",\"item\":\"https:\\\/\\\/skaitytaknyga.lt\\\/knygu-parduotuve\\\/\"},{\"@type\":\"ListItem\",\"position\":3,\"name\":\"\u0160ekspyro Hamletas. Literat\u016bros vadov\u0117liai 11-12 klasei\"}]},{\"@type\":\"WebSite\",\"@id\":\"https:\\\/\\\/skaitytaknyga.lt\\\/#website\",\"url\":\"https:\\\/\\\/skaitytaknyga.lt\\\/\",\"name\":\"skaitytaknyga.lt\",\"description\":\"Skaitytaknyga.lt \u2013 tai ma\u017eas \u0161eimos verslas, kuris prasid\u0117jo nuo meil\u0117s knygoms ir siekio i\u0161gelb\u0117ti knygas nuo likimo prie konteinerio. Kas vienam nereikalingas daiktas \u2013 kitam lobis, o mes esame tarpininkai, kurie padeda abiems tapti laimingesniems ???? \u017dinome kaip nelengva i\u0161gyventi ma\u017eiems verslams, tad nuo \u0161iol, \u010dia rasite ir kit\u0173, ma\u017e\u0173 \u0161eim\u0173 versl\u0173, rank\u0173 darbo, dovan\u0173 sau ir artimiesiems.\",\"publisher\":{\"@id\":\"https:\\\/\\\/skaitytaknyga.lt\\\/#organization\"},\"potentialAction\":[{\"@type\":\"SearchAction\",\"target\":{\"@type\":\"EntryPoint\",\"urlTemplate\":\"https:\\\/\\\/skaitytaknyga.lt\\\/?s={search_term_string}\"},\"query-input\":{\"@type\":\"PropertyValueSpecification\",\"valueRequired\":true,\"valueName\":\"search_term_string\"}}],\"inLanguage\":\"en-GB\"},{\"@type\":\"Organization\",\"@id\":\"https:\\\/\\\/skaitytaknyga.lt\\\/#organization\",\"name\":\"skaitytaknyga.lt\",\"url\":\"https:\\\/\\\/skaitytaknyga.lt\\\/\",\"logo\":{\"@type\":\"ImageObject\",\"inLanguage\":\"en-GB\",\"@id\":\"https:\\\/\\\/skaitytaknyga.lt\\\/#\\\/schema\\\/logo\\\/image\\\/\",\"url\":\"https:\\\/\\\/skaitytaknyga.lt\\\/wp-content\\\/uploads\\\/2024\\\/05\\\/cropped-cropped-cropped-02_00843_jt3bggkj1j3HLc7SyY6rEUpg.jpeg\",\"contentUrl\":\"https:\\\/\\\/skaitytaknyga.lt\\\/wp-content\\\/uploads\\\/2024\\\/05\\\/cropped-cropped-cropped-02_00843_jt3bggkj1j3HLc7SyY6rEUpg.jpeg\",\"width\":1600,\"height\":1600,\"caption\":\"skaitytaknyga.lt\"},\"image\":{\"@id\":\"https:\\\/\\\/skaitytaknyga.lt\\\/#\\\/schema\\\/logo\\\/image\\\/\"},\"sameAs\":[\"https:\\\/\\\/www.facebook.com\\\/skaitytaknyga\\\/\"]}]}<\/script>\n<!-- \/ Yoast SEO plugin. -->","yoast_head_json":{"title":"\u0160ekspyro Hamletas. Literat\u016bros vadov\u0117liai 11-12 klasei","description":"\u0160ios serijos vadov\u0117liuose greta chrestomatini\u0173 tekst\u0173 dedamas istorinis-kult\u016brinis j\u0173 komentaras, interpretacijos bei u\u017eduotys moksleiviams. S. \u017dukas.","robots":{"index":"index","follow":"follow","max-snippet":"max-snippet:-1","max-image-preview":"max-image-preview:large","max-video-preview":"max-video-preview:-1"},"canonical":"https:\/\/skaitytaknyga.lt\/en\/produktas\/sekspyras\/","og_locale":"en_GB","og_type":"article","og_title":"[:lt]\u0160ekspyro Hamletas. Literat\u016bros vadov\u0117liai 11-12 klasei[:] - Skaitytaknyga","og_description":"\u0160ios serijos vadov\u0117liuose greta chrestomatini\u0173 tekst\u0173 dedamas istorinis-kult\u016brinis j\u0173 komentaras, interpretacijos bei u\u017eduotys moksleiviams. S. \u017dukas.","og_url":"https:\/\/skaitytaknyga.lt\/en\/produktas\/sekspyras\/","og_site_name":"Skaitytaknyga","article_publisher":"https:\/\/www.facebook.com\/skaitytaknyga\/","article_modified_time":"2026-04-23T09:32:04+00:00","og_image":[{"width":747,"height":496,"url":"https:\/\/skaitytaknyga.lt\/wp-content\/uploads\/2024\/07\/skaitytaknyga.png","type":"image\/png"}],"twitter_card":"summary_large_image","twitter_misc":{"Estimated reading time":"1 minute"},"schema":{"@context":"https:\/\/schema.org","@graph":[{"@type":"WebPage","@id":"https:\/\/skaitytaknyga.lt\/produktas\/sekspyras\/","url":"https:\/\/skaitytaknyga.lt\/produktas\/sekspyras\/","name":"\u0160ekspyro Hamletas. Literat\u016bros vadov\u0117liai 11-12 klasei","isPartOf":{"@id":"https:\/\/skaitytaknyga.lt\/#website"},"primaryImageOfPage":{"@id":"https:\/\/skaitytaknyga.lt\/produktas\/sekspyras\/#primaryimage"},"image":{"@id":"https:\/\/skaitytaknyga.lt\/produktas\/sekspyras\/#primaryimage"},"thumbnailUrl":"https:\/\/skaitytaknyga.lt\/wp-content\/uploads\/2025\/04\/Sekspyro-Hamletas.-Literaturos-vadoveliai-11-12-klasei.webp","datePublished":"2025-04-25T17:44:57+00:00","dateModified":"2026-04-23T09:32:04+00:00","description":"\u0160ios serijos vadov\u0117liuose greta chrestomatini\u0173 tekst\u0173 dedamas istorinis-kult\u016brinis j\u0173 komentaras, interpretacijos bei u\u017eduotys moksleiviams. S. \u017dukas.","breadcrumb":{"@id":"https:\/\/skaitytaknyga.lt\/produktas\/sekspyras\/#breadcrumb"},"inLanguage":"en-GB","potentialAction":[{"@type":"ReadAction","target":["https:\/\/skaitytaknyga.lt\/produktas\/sekspyras\/"]}]},{"@type":"ImageObject","inLanguage":"en-GB","@id":"https:\/\/skaitytaknyga.lt\/produktas\/sekspyras\/#primaryimage","url":"https:\/\/skaitytaknyga.lt\/wp-content\/uploads\/2025\/04\/Sekspyro-Hamletas.-Literaturos-vadoveliai-11-12-klasei.webp","contentUrl":"https:\/\/skaitytaknyga.lt\/wp-content\/uploads\/2025\/04\/Sekspyro-Hamletas.-Literaturos-vadoveliai-11-12-klasei.webp","width":275,"height":393,"caption":"\u0160ekspyro Hamletas. Literat\u016bros vadov\u0117liai 11 12 klasei"},{"@type":"BreadcrumbList","@id":"https:\/\/skaitytaknyga.lt\/produktas\/sekspyras\/#breadcrumb","itemListElement":[{"@type":"ListItem","position":1,"name":"Home","item":"https:\/\/skaitytaknyga.lt\/"},{"@type":"ListItem","position":2,"name":"Parduotuv\u0117","item":"https:\/\/skaitytaknyga.lt\/knygu-parduotuve\/"},{"@type":"ListItem","position":3,"name":"\u0160ekspyro Hamletas. Literat\u016bros vadov\u0117liai 11-12 klasei"}]},{"@type":"WebSite","@id":"https:\/\/skaitytaknyga.lt\/#website","url":"https:\/\/skaitytaknyga.lt\/","name":"skaitytaknyga.lt","description":"Skaitytaknyga.lt \u2013 tai ma\u017eas \u0161eimos verslas, kuris prasid\u0117jo nuo meil\u0117s knygoms ir siekio i\u0161gelb\u0117ti knygas nuo likimo prie konteinerio. Kas vienam nereikalingas daiktas \u2013 kitam lobis, o mes esame tarpininkai, kurie padeda abiems tapti laimingesniems ???? \u017dinome kaip nelengva i\u0161gyventi ma\u017eiems verslams, tad nuo \u0161iol, \u010dia rasite ir kit\u0173, ma\u017e\u0173 \u0161eim\u0173 versl\u0173, rank\u0173 darbo, dovan\u0173 sau ir artimiesiems.","publisher":{"@id":"https:\/\/skaitytaknyga.lt\/#organization"},"potentialAction":[{"@type":"SearchAction","target":{"@type":"EntryPoint","urlTemplate":"https:\/\/skaitytaknyga.lt\/?s={search_term_string}"},"query-input":{"@type":"PropertyValueSpecification","valueRequired":true,"valueName":"search_term_string"}}],"inLanguage":"en-GB"},{"@type":"Organization","@id":"https:\/\/skaitytaknyga.lt\/#organization","name":"skaitytaknyga.lt","url":"https:\/\/skaitytaknyga.lt\/","logo":{"@type":"ImageObject","inLanguage":"en-GB","@id":"https:\/\/skaitytaknyga.lt\/#\/schema\/logo\/image\/","url":"https:\/\/skaitytaknyga.lt\/wp-content\/uploads\/2024\/05\/cropped-cropped-cropped-02_00843_jt3bggkj1j3HLc7SyY6rEUpg.jpeg","contentUrl":"https:\/\/skaitytaknyga.lt\/wp-content\/uploads\/2024\/05\/cropped-cropped-cropped-02_00843_jt3bggkj1j3HLc7SyY6rEUpg.jpeg","width":1600,"height":1600,"caption":"skaitytaknyga.lt"},"image":{"@id":"https:\/\/skaitytaknyga.lt\/#\/schema\/logo\/image\/"},"sameAs":["https:\/\/www.facebook.com\/skaitytaknyga\/"]}]}},"_links":{"self":[{"href":"https:\/\/skaitytaknyga.lt\/en\/wp-json\/wp\/v2\/product\/18096","targetHints":{"allow":["GET"]}}],"collection":[{"href":"https:\/\/skaitytaknyga.lt\/en\/wp-json\/wp\/v2\/product"}],"about":[{"href":"https:\/\/skaitytaknyga.lt\/en\/wp-json\/wp\/v2\/types\/product"}],"replies":[{"embeddable":true,"href":"https:\/\/skaitytaknyga.lt\/en\/wp-json\/wp\/v2\/comments?post=18096"}],"wp:featuredmedia":[{"embeddable":true,"href":"https:\/\/skaitytaknyga.lt\/en\/wp-json\/wp\/v2\/media\/26351"}],"wp:attachment":[{"href":"https:\/\/skaitytaknyga.lt\/en\/wp-json\/wp\/v2\/media?parent=18096"}],"wp:term":[{"taxonomy":"product_brand","embeddable":true,"href":"https:\/\/skaitytaknyga.lt\/en\/wp-json\/wp\/v2\/product_brand?post=18096"},{"taxonomy":"product_cat","embeddable":true,"href":"https:\/\/skaitytaknyga.lt\/en\/wp-json\/wp\/v2\/product_cat?post=18096"},{"taxonomy":"product_tag","embeddable":true,"href":"https:\/\/skaitytaknyga.lt\/en\/wp-json\/wp\/v2\/product_tag?post=18096"}],"curies":[{"name":"wp","href":"https:\/\/api.w.org\/{rel}","templated":true}]}}