{"id":18091,"date":"2025-04-25T20:44:56","date_gmt":"2025-04-25T17:44:56","guid":{"rendered":"https:\/\/skaitytaknyga.lt\/?post_type=product&#038;p=18091"},"modified":"2025-06-11T08:36:17","modified_gmt":"2025-06-11T05:36:17","slug":"suzanne-collins-pavojinga-meile-2","status":"publish","type":"product","link":"https:\/\/skaitytaknyga.lt\/en\/produktas\/suzanne-collins-pavojinga-meile-2\/","title":{"rendered":"Pavojinga meil\u0117"},"content":{"rendered":"<p>Parvykusi \u012f 12-\u0105 apygard\u0105, Mirties \u017eaidyni\u0173 nugal\u0117toja Ketn\u0117 Everdin m\u0117gina gr\u0105\u017einti gyvenim\u0105 \u012f \u012fprastas v\u0117\u017ees. Bet namie viskas pasikeit\u0119: Geilas dirba kasyklose ir stengiasi laikytis atstu, jai nebereikia med\u017eioti, kad \u0161eima i\u0161gyvent\u0173 dar vien\u0105 sunki\u0105 dien\u0105, kasdienyb\u0117 Laim\u0117toj\u0173 kalvoje primena savit\u0105 kal\u0117jim\u0105, o Pitas \u2013 vis dar ne\u012fveikiama sp\u0117lion\u0117. Kas juos sieja dabar, kai \u017daidyn\u0117s baig\u0117si? Tik netrukus prasid\u0117siantis Nugal\u0117toj\u0173 turas, kur v\u0117l teks vaidinti nei\u0161skiriam\u0173 \u012fsimyl\u0117j\u0117li\u0173 porel\u0119? O gal visgi toji meil\u0117 buvo tikra?..<\/p>\n<p>Ketn\u0117 viliasi, kad kelios savait\u0117s kelyje ir viskas baigsis \u2013 daugiau joki\u0173 kankinan\u010di\u0173 klausim\u0173 ir apsimetin\u0117jim\u0173, jokio \u017eaidimo pagal primestas taisykles. Ta\u010diau, prie\u0161 pat i\u0161vykdama \u012f tur\u0105, mergina sulaukia netik\u0117to sve\u010dio i\u0161 Sostin\u0117s. Staiga ji ima suvokti, kad, kartu su Pitu laim\u0117j\u0119, jiedu pa\u017eeid\u0117 taisykles ir \u012ferzino Sostin\u0119, privert\u0117 apygardas suabejoti nepalau\u017eiama prezidento Snou galia. Saujel\u0117 uog\u0173 ne tik padovanojo gyvenim\u0105, bet ir \u012f mirtin\u0105 pavoj\u0173 \u012fst\u016bm\u0117 visus jai brangiausius \u017emones. Sostin\u0117 niekada ir nieko nepamir\u0161ta, tad dabar telieka tik\u0117tis blogiausio&#8230;<\/p>\n","protected":false},"excerpt":{"rendered":"<p>Parvykusi \u012f 12-\u0105 apygard\u0105, Mirties \u017eaidyni\u0173 nugal\u0117toja Ketn\u0117 Everdin m\u0117gina gr\u0105\u017einti gyvenim\u0105 \u012f \u012fprastas v\u0117\u017ees. Bet namie viskas pasikeit\u0119: Geilas dirba kasyklose ir stengiasi laikytis atstu, jai nebereikia med\u017eioti, kad \u0161eima i\u0161gyvent\u0173 dar vien\u0105 sunki\u0105 dien\u0105, kasdienyb\u0117 Laim\u0117toj\u0173 kalvoje primena savit\u0105 kal\u0117jim\u0105, o Pitas \u2013 vis dar ne\u012fveikiama sp\u0117lion\u0117. Kas juos sieja dabar, kai \u017daidyn\u0117s baig\u0117si? Tik netrukus prasid\u0117siantis Nugal\u0117toj\u0173 turas, kur v\u0117l teks vaidinti nei\u0161skiriam\u0173 \u012fsimyl\u0117j\u0117li\u0173 porel\u0119? O gal visgi toji meil\u0117 buvo tikra?.. Ketn\u0117 viliasi, kad kelios savait\u0117s kelyje ir viskas baigsis \u2013 daugiau joki\u0173 kankinan\u010di\u0173 klausim\u0173 ir apsimetin\u0117jim\u0173, jokio \u017eaidimo pagal primestas taisykles. Ta\u010diau, prie\u0161 pat i\u0161vykdama \u012f tur\u0105, mergina sulaukia netik\u0117to sve\u010dio i\u0161 Sostin\u0117s. Staiga ji ima suvokti, kad, kartu su Pitu laim\u0117j\u0119, jiedu pa\u017eeid\u0117 taisykles ir \u012ferzino Sostin\u0119, privert\u0117 apygardas suabejoti nepalau\u017eiama prezidento Snou galia. Saujel\u0117 uog\u0173 ne tik padovanojo gyvenim\u0105, bet ir \u012f mirtin\u0105 pavoj\u0173 \u012fst\u016bm\u0117 visus jai brangiausius \u017emones. Sostin\u0117 niekada ir nieko nepamir\u0161ta, tad dabar telieka tik\u0117tis blogiausio&#8230;<\/p>\n","protected":false},"featured_media":18141,"comment_status":"open","ping_status":"closed","template":"","meta":{"_acf_changed":false,"site-sidebar-layout":"default","site-content-layout":"","ast-site-content-layout":"default","site-content-style":"default","site-sidebar-style":"default","ast-global-header-display":"","ast-banner-title-visibility":"","ast-main-header-display":"","ast-hfb-above-header-display":"","ast-hfb-below-header-display":"","ast-hfb-mobile-header-display":"","site-post-title":"","ast-breadcrumbs-content":"","ast-featured-img":"","footer-sml-layout":"","ast-disable-related-posts":"","theme-transparent-header-meta":"","adv-header-id-meta":"","stick-header-meta":"","header-above-stick-meta":"","header-main-stick-meta":"","header-below-stick-meta":"","astra-migrate-meta-layouts":"default","ast-page-background-enabled":"default","ast-page-background-meta":{"desktop":{"background-color":"","background-image":"","background-repeat":"repeat","background-position":"center center","background-size":"auto","background-attachment":"scroll","background-type":"","background-media":"","overlay-type":"","overlay-color":"","overlay-opacity":"","overlay-gradient":""},"tablet":{"background-color":"","background-image":"","background-repeat":"repeat","background-position":"center center","background-size":"auto","background-attachment":"scroll","background-type":"","background-media":"","overlay-type":"","overlay-color":"","overlay-opacity":"","overlay-gradient":""},"mobile":{"background-color":"","background-image":"","background-repeat":"repeat","background-position":"center center","background-size":"auto","background-attachment":"scroll","background-type":"","background-media":"","overlay-type":"","overlay-color":"","overlay-opacity":"","overlay-gradient":""}},"ast-content-background-meta":{"desktop":{"background-color":"var(--ast-global-color-4)","background-image":"","background-repeat":"repeat","background-position":"center center","background-size":"auto","background-attachment":"scroll","background-type":"","background-media":"","overlay-type":"","overlay-color":"","overlay-opacity":"","overlay-gradient":""},"tablet":{"background-color":"var(--ast-global-color-4)","background-image":"","background-repeat":"repeat","background-position":"center center","background-size":"auto","background-attachment":"scroll","background-type":"","background-media":"","overlay-type":"","overlay-color":"","overlay-opacity":"","overlay-gradient":""},"mobile":{"background-color":"var(--ast-global-color-4)","background-image":"","background-repeat":"repeat","background-position":"center center","background-size":"auto","background-attachment":"scroll","background-type":"","background-media":"","overlay-type":"","overlay-color":"","overlay-opacity":"","overlay-gradient":""}}},"product_brand":[],"product_cat":[15],"product_tag":[4848,1673,3537,1796,1451,1231],"class_list":{"0":"post-18091","1":"product","2":"type-product","3":"status-publish","4":"has-post-thumbnail","6":"product_cat-uncategorized","7":"product_tag-12-oji-apygarda","8":"product_tag-distopija","9":"product_tag-islikimas","10":"product_tag-meile","11":"product_tag-nuotykiai","12":"product_tag-suzanne-collins","13":"desktop-align-left","14":"tablet-align-left","15":"mobile-align-left","17":"first","18":"instock","19":"shipping-taxable","20":"purchasable","21":"product-type-simple"},"acf":[],"yoast_head":"<!-- This site is optimized with the Yoast SEO plugin v27.0 - https:\/\/yoast.com\/product\/yoast-seo-wordpress\/ -->\n<title>Pavojinga meil\u0117<\/title>\n<meta name=\"description\" content=\"Parvykusi \u012f 12-\u0105 apygard\u0105, Mirties \u017eaidyni\u0173 nugal\u0117toja Ketn\u0117 Everdin m\u0117gina gr\u0105\u017einti gyvenim\u0105 \u012f \u012fprastas v\u0117\u017ees. Bet namie viskas pasikeit\u0119: Geilas dirba\" \/>\n<meta name=\"robots\" content=\"index, follow, max-snippet:-1, max-image-preview:large, max-video-preview:-1\" \/>\n<link rel=\"canonical\" href=\"https:\/\/skaitytaknyga.lt\/en\/produktas\/suzanne-collins-pavojinga-meile-2\/\" \/>\n<meta property=\"og:locale\" content=\"en_GB\" \/>\n<meta property=\"og:locale:alternate\" content=\"lt_LT\" \/>\n<meta property=\"og:type\" content=\"article\" \/>\n<meta property=\"og:title\" content=\"Pavojinga meil\u0117\" \/>\n<meta property=\"og:description\" content=\"Parvykusi \u012f 12-\u0105 apygard\u0105, Mirties \u017eaidyni\u0173 nugal\u0117toja Ketn\u0117 Everdin m\u0117gina gr\u0105\u017einti gyvenim\u0105 \u012f \u012fprastas v\u0117\u017ees. Bet namie viskas pasikeit\u0119: Geilas dirba\" \/>\n<meta property=\"og:url\" content=\"https:\/\/skaitytaknyga.lt\/en\/produktas\/suzanne-collins-pavojinga-meile-2\/\" \/>\n<meta property=\"og:site_name\" content=\"Skaitytaknyga\" \/>\n<meta property=\"article:publisher\" content=\"https:\/\/www.facebook.com\/skaitytaknyga\/\" \/>\n<meta property=\"article:modified_time\" content=\"2025-06-11T05:36:17+00:00\" \/>\n<meta property=\"og:image\" content=\"https:\/\/skaitytaknyga.lt\/wp-content\/uploads\/2025\/04\/Suzanne-Collins-\u2013-Pavojinga-meile.jpg\" \/>\n\t<meta property=\"og:image:width\" content=\"600\" \/>\n\t<meta property=\"og:image:height\" content=\"882\" \/>\n\t<meta property=\"og:image:type\" content=\"image\/jpeg\" \/>\n<meta name=\"twitter:card\" content=\"summary_large_image\" \/>\n<meta name=\"twitter:label1\" content=\"Estimated reading time\" \/>\n\t<meta name=\"twitter:data1\" content=\"1 minute\" \/>\n<script type=\"application\/ld+json\" class=\"yoast-schema-graph\">{\"@context\":\"https:\/\/schema.org\",\"@graph\":[{\"@type\":\"WebPage\",\"@id\":\"https:\/\/skaitytaknyga.lt\/produktas\/suzanne-collins-pavojinga-meile-2\/\",\"url\":\"https:\/\/skaitytaknyga.lt\/produktas\/suzanne-collins-pavojinga-meile-2\/\",\"name\":\"Pavojinga meil\u0117\",\"isPartOf\":{\"@id\":\"https:\/\/skaitytaknyga.lt\/#website\"},\"primaryImageOfPage\":{\"@id\":\"https:\/\/skaitytaknyga.lt\/produktas\/suzanne-collins-pavojinga-meile-2\/#primaryimage\"},\"image\":{\"@id\":\"https:\/\/skaitytaknyga.lt\/produktas\/suzanne-collins-pavojinga-meile-2\/#primaryimage\"},\"thumbnailUrl\":\"https:\/\/skaitytaknyga.lt\/wp-content\/uploads\/2025\/04\/Suzanne-Collins-\u2013-Pavojinga-meile.jpg\",\"datePublished\":\"2025-04-25T17:44:56+00:00\",\"dateModified\":\"2025-06-11T05:36:17+00:00\",\"description\":\"Parvykusi \u012f 12-\u0105 apygard\u0105, Mirties \u017eaidyni\u0173 nugal\u0117toja Ketn\u0117 Everdin m\u0117gina gr\u0105\u017einti gyvenim\u0105 \u012f \u012fprastas v\u0117\u017ees. Bet namie viskas pasikeit\u0119: Geilas dirba\",\"breadcrumb\":{\"@id\":\"https:\/\/skaitytaknyga.lt\/produktas\/suzanne-collins-pavojinga-meile-2\/#breadcrumb\"},\"inLanguage\":\"en-GB\",\"potentialAction\":[{\"@type\":\"ReadAction\",\"target\":[\"https:\/\/skaitytaknyga.lt\/produktas\/suzanne-collins-pavojinga-meile-2\/\"]}]},{\"@type\":\"ImageObject\",\"inLanguage\":\"en-GB\",\"@id\":\"https:\/\/skaitytaknyga.lt\/produktas\/suzanne-collins-pavojinga-meile-2\/#primaryimage\",\"url\":\"https:\/\/skaitytaknyga.lt\/wp-content\/uploads\/2025\/04\/Suzanne-Collins-\u2013-Pavojinga-meile.jpg\",\"contentUrl\":\"https:\/\/skaitytaknyga.lt\/wp-content\/uploads\/2025\/04\/Suzanne-Collins-\u2013-Pavojinga-meile.jpg\",\"width\":600,\"height\":882,\"caption\":\"Suzanne Collins \u2013 Pavojinga meil\u0117\"},{\"@type\":\"BreadcrumbList\",\"@id\":\"https:\/\/skaitytaknyga.lt\/produktas\/suzanne-collins-pavojinga-meile-2\/#breadcrumb\",\"itemListElement\":[{\"@type\":\"ListItem\",\"position\":1,\"name\":\"Home\",\"item\":\"https:\/\/skaitytaknyga.lt\/\"},{\"@type\":\"ListItem\",\"position\":2,\"name\":\"Parduotuv\u0117\",\"item\":\"https:\/\/skaitytaknyga.lt\/knygu-parduotuve\/\"},{\"@type\":\"ListItem\",\"position\":3,\"name\":\"Pavojinga meil\u0117\"}]},{\"@type\":\"WebSite\",\"@id\":\"https:\/\/skaitytaknyga.lt\/#website\",\"url\":\"https:\/\/skaitytaknyga.lt\/\",\"name\":\"skaitytaknyga.lt\",\"description\":\"Skaitytaknyga.lt \u2013 tai ma\u017eas \u0161eimos verslas, kuris prasid\u0117jo nuo meil\u0117s knygoms ir siekio i\u0161gelb\u0117ti knygas nuo likimo prie konteinerio. Kas vienam nereikalingas daiktas \u2013 kitam lobis, o mes esame tarpininkai, kurie padeda abiems tapti laimingesniems ???? \u017dinome kaip nelengva i\u0161gyventi ma\u017eiems verslams, tad nuo \u0161iol, \u010dia rasite ir kit\u0173, ma\u017e\u0173 \u0161eim\u0173 versl\u0173, rank\u0173 darbo, dovan\u0173 sau ir artimiesiems.\",\"publisher\":{\"@id\":\"https:\/\/skaitytaknyga.lt\/#organization\"},\"potentialAction\":[{\"@type\":\"SearchAction\",\"target\":{\"@type\":\"EntryPoint\",\"urlTemplate\":\"https:\/\/skaitytaknyga.lt\/?s={search_term_string}\"},\"query-input\":{\"@type\":\"PropertyValueSpecification\",\"valueRequired\":true,\"valueName\":\"search_term_string\"}}],\"inLanguage\":\"en-GB\"},{\"@type\":\"Organization\",\"@id\":\"https:\/\/skaitytaknyga.lt\/#organization\",\"name\":\"skaitytaknyga.lt\",\"url\":\"https:\/\/skaitytaknyga.lt\/\",\"logo\":{\"@type\":\"ImageObject\",\"inLanguage\":\"en-GB\",\"@id\":\"https:\/\/skaitytaknyga.lt\/#\/schema\/logo\/image\/\",\"url\":\"https:\/\/skaitytaknyga.lt\/wp-content\/uploads\/2024\/05\/cropped-cropped-cropped-02_00843_jt3bggkj1j3HLc7SyY6rEUpg.jpeg\",\"contentUrl\":\"https:\/\/skaitytaknyga.lt\/wp-content\/uploads\/2024\/05\/cropped-cropped-cropped-02_00843_jt3bggkj1j3HLc7SyY6rEUpg.jpeg\",\"width\":1600,\"height\":1600,\"caption\":\"skaitytaknyga.lt\"},\"image\":{\"@id\":\"https:\/\/skaitytaknyga.lt\/#\/schema\/logo\/image\/\"},\"sameAs\":[\"https:\/\/www.facebook.com\/skaitytaknyga\/\"]}]}<\/script>\n<!-- \/ Yoast SEO plugin. -->","yoast_head_json":{"title":"Pavojinga meil\u0117","description":"Parvykusi \u012f 12-\u0105 apygard\u0105, Mirties \u017eaidyni\u0173 nugal\u0117toja Ketn\u0117 Everdin m\u0117gina gr\u0105\u017einti gyvenim\u0105 \u012f \u012fprastas v\u0117\u017ees. Bet namie viskas pasikeit\u0119: Geilas dirba","robots":{"index":"index","follow":"follow","max-snippet":"max-snippet:-1","max-image-preview":"max-image-preview:large","max-video-preview":"max-video-preview:-1"},"canonical":"https:\/\/skaitytaknyga.lt\/en\/produktas\/suzanne-collins-pavojinga-meile-2\/","og_locale":"en_GB","og_type":"article","og_title":"[:lt]Pavojinga meil\u0117[:] - Skaitytaknyga","og_description":"Parvykusi \u012f 12-\u0105 apygard\u0105, Mirties \u017eaidyni\u0173 nugal\u0117toja Ketn\u0117 Everdin m\u0117gina gr\u0105\u017einti gyvenim\u0105 \u012f \u012fprastas v\u0117\u017ees. Bet namie viskas pasikeit\u0119: Geilas dirba","og_url":"https:\/\/skaitytaknyga.lt\/en\/produktas\/suzanne-collins-pavojinga-meile-2\/","og_site_name":"Skaitytaknyga","article_publisher":"https:\/\/www.facebook.com\/skaitytaknyga\/","article_modified_time":"2025-06-11T05:36:17+00:00","og_image":[{"width":600,"height":882,"url":"https:\/\/skaitytaknyga.lt\/wp-content\/uploads\/2025\/04\/Suzanne-Collins-\u2013-Pavojinga-meile.jpg","type":"image\/jpeg"}],"twitter_card":"summary_large_image","twitter_misc":{"Estimated reading time":"1 minute"},"schema":{"@context":"https:\/\/schema.org","@graph":[{"@type":"WebPage","@id":"https:\/\/skaitytaknyga.lt\/produktas\/suzanne-collins-pavojinga-meile-2\/","url":"https:\/\/skaitytaknyga.lt\/produktas\/suzanne-collins-pavojinga-meile-2\/","name":"Pavojinga meil\u0117","isPartOf":{"@id":"https:\/\/skaitytaknyga.lt\/#website"},"primaryImageOfPage":{"@id":"https:\/\/skaitytaknyga.lt\/produktas\/suzanne-collins-pavojinga-meile-2\/#primaryimage"},"image":{"@id":"https:\/\/skaitytaknyga.lt\/produktas\/suzanne-collins-pavojinga-meile-2\/#primaryimage"},"thumbnailUrl":"https:\/\/skaitytaknyga.lt\/wp-content\/uploads\/2025\/04\/Suzanne-Collins-\u2013-Pavojinga-meile.jpg","datePublished":"2025-04-25T17:44:56+00:00","dateModified":"2025-06-11T05:36:17+00:00","description":"Parvykusi \u012f 12-\u0105 apygard\u0105, Mirties \u017eaidyni\u0173 nugal\u0117toja Ketn\u0117 Everdin m\u0117gina gr\u0105\u017einti gyvenim\u0105 \u012f \u012fprastas v\u0117\u017ees. Bet namie viskas pasikeit\u0119: Geilas dirba","breadcrumb":{"@id":"https:\/\/skaitytaknyga.lt\/produktas\/suzanne-collins-pavojinga-meile-2\/#breadcrumb"},"inLanguage":"en-GB","potentialAction":[{"@type":"ReadAction","target":["https:\/\/skaitytaknyga.lt\/produktas\/suzanne-collins-pavojinga-meile-2\/"]}]},{"@type":"ImageObject","inLanguage":"en-GB","@id":"https:\/\/skaitytaknyga.lt\/produktas\/suzanne-collins-pavojinga-meile-2\/#primaryimage","url":"https:\/\/skaitytaknyga.lt\/wp-content\/uploads\/2025\/04\/Suzanne-Collins-\u2013-Pavojinga-meile.jpg","contentUrl":"https:\/\/skaitytaknyga.lt\/wp-content\/uploads\/2025\/04\/Suzanne-Collins-\u2013-Pavojinga-meile.jpg","width":600,"height":882,"caption":"Suzanne Collins \u2013 Pavojinga meil\u0117"},{"@type":"BreadcrumbList","@id":"https:\/\/skaitytaknyga.lt\/produktas\/suzanne-collins-pavojinga-meile-2\/#breadcrumb","itemListElement":[{"@type":"ListItem","position":1,"name":"Home","item":"https:\/\/skaitytaknyga.lt\/"},{"@type":"ListItem","position":2,"name":"Parduotuv\u0117","item":"https:\/\/skaitytaknyga.lt\/knygu-parduotuve\/"},{"@type":"ListItem","position":3,"name":"Pavojinga meil\u0117"}]},{"@type":"WebSite","@id":"https:\/\/skaitytaknyga.lt\/#website","url":"https:\/\/skaitytaknyga.lt\/","name":"skaitytaknyga.lt","description":"Skaitytaknyga.lt \u2013 tai ma\u017eas \u0161eimos verslas, kuris prasid\u0117jo nuo meil\u0117s knygoms ir siekio i\u0161gelb\u0117ti knygas nuo likimo prie konteinerio. Kas vienam nereikalingas daiktas \u2013 kitam lobis, o mes esame tarpininkai, kurie padeda abiems tapti laimingesniems ???? \u017dinome kaip nelengva i\u0161gyventi ma\u017eiems verslams, tad nuo \u0161iol, \u010dia rasite ir kit\u0173, ma\u017e\u0173 \u0161eim\u0173 versl\u0173, rank\u0173 darbo, dovan\u0173 sau ir artimiesiems.","publisher":{"@id":"https:\/\/skaitytaknyga.lt\/#organization"},"potentialAction":[{"@type":"SearchAction","target":{"@type":"EntryPoint","urlTemplate":"https:\/\/skaitytaknyga.lt\/?s={search_term_string}"},"query-input":{"@type":"PropertyValueSpecification","valueRequired":true,"valueName":"search_term_string"}}],"inLanguage":"en-GB"},{"@type":"Organization","@id":"https:\/\/skaitytaknyga.lt\/#organization","name":"skaitytaknyga.lt","url":"https:\/\/skaitytaknyga.lt\/","logo":{"@type":"ImageObject","inLanguage":"en-GB","@id":"https:\/\/skaitytaknyga.lt\/#\/schema\/logo\/image\/","url":"https:\/\/skaitytaknyga.lt\/wp-content\/uploads\/2024\/05\/cropped-cropped-cropped-02_00843_jt3bggkj1j3HLc7SyY6rEUpg.jpeg","contentUrl":"https:\/\/skaitytaknyga.lt\/wp-content\/uploads\/2024\/05\/cropped-cropped-cropped-02_00843_jt3bggkj1j3HLc7SyY6rEUpg.jpeg","width":1600,"height":1600,"caption":"skaitytaknyga.lt"},"image":{"@id":"https:\/\/skaitytaknyga.lt\/#\/schema\/logo\/image\/"},"sameAs":["https:\/\/www.facebook.com\/skaitytaknyga\/"]}]}},"_links":{"self":[{"href":"https:\/\/skaitytaknyga.lt\/en\/wp-json\/wp\/v2\/product\/18091","targetHints":{"allow":["GET"]}}],"collection":[{"href":"https:\/\/skaitytaknyga.lt\/en\/wp-json\/wp\/v2\/product"}],"about":[{"href":"https:\/\/skaitytaknyga.lt\/en\/wp-json\/wp\/v2\/types\/product"}],"replies":[{"embeddable":true,"href":"https:\/\/skaitytaknyga.lt\/en\/wp-json\/wp\/v2\/comments?post=18091"}],"wp:featuredmedia":[{"embeddable":true,"href":"https:\/\/skaitytaknyga.lt\/en\/wp-json\/wp\/v2\/media\/18141"}],"wp:attachment":[{"href":"https:\/\/skaitytaknyga.lt\/en\/wp-json\/wp\/v2\/media?parent=18091"}],"wp:term":[{"taxonomy":"product_brand","embeddable":true,"href":"https:\/\/skaitytaknyga.lt\/en\/wp-json\/wp\/v2\/product_brand?post=18091"},{"taxonomy":"product_cat","embeddable":true,"href":"https:\/\/skaitytaknyga.lt\/en\/wp-json\/wp\/v2\/product_cat?post=18091"},{"taxonomy":"product_tag","embeddable":true,"href":"https:\/\/skaitytaknyga.lt\/en\/wp-json\/wp\/v2\/product_tag?post=18091"}],"curies":[{"name":"wp","href":"https:\/\/api.w.org\/{rel}","templated":true}]}}