{"id":18088,"date":"2025-04-25T20:44:56","date_gmt":"2025-04-25T17:44:56","guid":{"rendered":"https:\/\/skaitytaknyga.lt\/?post_type=product&#038;p=18088"},"modified":"2025-05-11T19:22:47","modified_gmt":"2025-05-11T16:22:47","slug":"liekneti-be-streso","status":"publish","type":"product","link":"https:\/\/skaitytaknyga.lt\/en\/produktas\/liekneti-be-streso\/","title":{"rendered":"Liekn\u0117ti be streso"},"content":{"rendered":"<p>J\u016bs jau\u010diate stres\u0105? Kod\u0117l? Ir kod\u0117l d\u0117l streso priaugama svorio?<\/p>\n<p>Teigiama, kad d\u0117l streso svoris did\u0117ja, o nusiraminus suliekn\u0117ti lengviau. Tod\u0117l norint i\u0161saugoti pageidaujam\u0105 svor\u012f ilgai, tenka keisti mitybos \u012fpro\u010dius ir nustoti u\u017ekand\u017eiauti susinervinus. Ta\u010diau vis\u0173 pirma b\u016btina suprasti, kod\u0117l patirdami stres\u0105, griebiam\u0117s u\u017ekand\u017ei\u0173 ir kaip \u0161io \u012fpro\u010dio atsikratyti.<\/p>\n<p>Tai, kaip maitinat\u0117s, priklauso nuo to, kaip patys \u012f save \u017ei\u016brite \u2013 tod\u0117l norint numesti svorio, svarbiausia neprarasti pasitik\u0117jimo savimi. Skaitydami \u0161i\u0105 knyg\u0105, liausit\u0117s ie\u0161koti paguodos l\u0117k\u0161t\u0117je, geriau pa\u017einsite save kaip asmenyb\u0119 ir suprasite, kod\u0117l stresin\u0117je situacijoje elgiat\u0117s vienaip ar kitaip.<\/p>\n<p>Tod\u0117l sudarydami svorio metimo programas, paremtas asmenybi\u0173 psichologija, \u012ftrauk\u0117me ir streso valdym\u0105. Suvald\u0119 stres\u0105, tikrai ne tik lengviau atsikratysite nereikaling\u0173 kilogram\u0173, bet ir patys jausit\u0117s daug geriau.<\/p>\n<p>\u0160ioje knygoje rasite daug nauding\u0173 patarim\u0173, kaip liekn\u0117ti be streso, o svarbiausia \u2013 kaip i\u0161saugoti pageidaujam\u0105 svor\u012f nekintam\u0105. Jos esm\u0117 labai ai\u0161ki: i\u0161mokyti jus kuo ramiau reaguoti stresin\u0117se situacijose, pagerinti gyvenimo kokyb\u0119, liekn\u0117ti be streso ir daugiau niekada nebepriaugti papildomo svorio.<\/p>\n<p>Diabetologas profesorius Alain\u2018as Golay dirba \u017denevos universitetin\u0117je ligonin\u0117je daugiausia su per didelio svorio varginamais pacientais, jo tyrimai \u017einomi visame pasaulyje. Jis paskelb\u0117 daugiau kaip 450 jo straipsni\u0173 ir mokslini\u0173 darb\u0173, i\u0161leido septynias knygas, tapusias bestseleriais, jos i\u0161verstos \u012f a\u0161tuonias kalbas.<\/p>\n","protected":false},"excerpt":{"rendered":"<p>J\u016bs jau\u010diate stres\u0105? Kod\u0117l? Ir kod\u0117l d\u0117l streso priaugama svorio? Teigiama, kad d\u0117l streso svoris did\u0117ja, o nusiraminus suliekn\u0117ti lengviau. Tod\u0117l norint i\u0161saugoti pageidaujam\u0105 svor\u012f ilgai, tenka keisti mitybos \u012fpro\u010dius ir nustoti u\u017ekand\u017eiauti susinervinus. Ta\u010diau vis\u0173 pirma b\u016btina suprasti, kod\u0117l patirdami stres\u0105, griebiam\u0117s u\u017ekand\u017ei\u0173 ir kaip \u0161io \u012fpro\u010dio atsikratyti. Tai, kaip maitinat\u0117s, priklauso nuo to, kaip patys \u012f save \u017ei\u016brite \u2013 tod\u0117l norint numesti svorio, svarbiausia neprarasti pasitik\u0117jimo savimi. Skaitydami \u0161i\u0105 knyg\u0105, liausit\u0117s ie\u0161koti paguodos l\u0117k\u0161t\u0117je, geriau pa\u017einsite save kaip asmenyb\u0119 ir suprasite, kod\u0117l stresin\u0117je situacijoje elgiat\u0117s vienaip ar kitaip. Tod\u0117l sudarydami svorio metimo programas, paremtas asmenybi\u0173 psichologija, \u012ftrauk\u0117me ir streso valdym\u0105. Suvald\u0119 stres\u0105, tikrai ne tik lengviau atsikratysite nereikaling\u0173 kilogram\u0173, bet ir patys jausit\u0117s daug geriau. \u0160ioje knygoje rasite daug nauding\u0173 patarim\u0173, kaip liekn\u0117ti be streso, o svarbiausia \u2013 kaip i\u0161saugoti pageidaujam\u0105 svor\u012f nekintam\u0105. Jos esm\u0117 labai ai\u0161ki: i\u0161mokyti jus kuo ramiau reaguoti stresin\u0117se situacijose, pagerinti gyvenimo kokyb\u0119, liekn\u0117ti be streso ir daugiau niekada nebepriaugti papildomo svorio. Diabetologas profesorius Alain\u2018as Golay dirba \u017denevos universitetin\u0117je ligonin\u0117je daugiausia su per didelio svorio varginamais pacientais, jo tyrimai \u017einomi visame pasaulyje. Jis paskelb\u0117 daugiau kaip 450 jo straipsni\u0173 ir mokslini\u0173 darb\u0173, i\u0161leido septynias knygas, tapusias bestseleriais, jos i\u0161verstos \u012f a\u0161tuonias kalbas.<\/p>\n","protected":false},"featured_media":18237,"comment_status":"open","ping_status":"closed","template":"","meta":{"_acf_changed":false,"site-sidebar-layout":"default","site-content-layout":"","ast-site-content-layout":"default","site-content-style":"default","site-sidebar-style":"default","ast-global-header-display":"","ast-banner-title-visibility":"","ast-main-header-display":"","ast-hfb-above-header-display":"","ast-hfb-below-header-display":"","ast-hfb-mobile-header-display":"","site-post-title":"","ast-breadcrumbs-content":"","ast-featured-img":"","footer-sml-layout":"","ast-disable-related-posts":"","theme-transparent-header-meta":"","adv-header-id-meta":"","stick-header-meta":"","header-above-stick-meta":"","header-main-stick-meta":"","header-below-stick-meta":"","astra-migrate-meta-layouts":"default","ast-page-background-enabled":"default","ast-page-background-meta":{"desktop":{"background-color":"","background-image":"","background-repeat":"repeat","background-position":"center center","background-size":"auto","background-attachment":"scroll","background-type":"","background-media":"","overlay-type":"","overlay-color":"","overlay-opacity":"","overlay-gradient":""},"tablet":{"background-color":"","background-image":"","background-repeat":"repeat","background-position":"center center","background-size":"auto","background-attachment":"scroll","background-type":"","background-media":"","overlay-type":"","overlay-color":"","overlay-opacity":"","overlay-gradient":""},"mobile":{"background-color":"","background-image":"","background-repeat":"repeat","background-position":"center center","background-size":"auto","background-attachment":"scroll","background-type":"","background-media":"","overlay-type":"","overlay-color":"","overlay-opacity":"","overlay-gradient":""}},"ast-content-background-meta":{"desktop":{"background-color":"var(--ast-global-color-4)","background-image":"","background-repeat":"repeat","background-position":"center center","background-size":"auto","background-attachment":"scroll","background-type":"","background-media":"","overlay-type":"","overlay-color":"","overlay-opacity":"","overlay-gradient":""},"tablet":{"background-color":"var(--ast-global-color-4)","background-image":"","background-repeat":"repeat","background-position":"center center","background-size":"auto","background-attachment":"scroll","background-type":"","background-media":"","overlay-type":"","overlay-color":"","overlay-opacity":"","overlay-gradient":""},"mobile":{"background-color":"var(--ast-global-color-4)","background-image":"","background-repeat":"repeat","background-position":"center center","background-size":"auto","background-attachment":"scroll","background-type":"","background-media":"","overlay-type":"","overlay-color":"","overlay-opacity":"","overlay-gradient":""}}},"product_brand":[],"product_cat":[15],"product_tag":[1387,1388],"class_list":{"0":"post-18088","1":"product","2":"type-product","3":"status-publish","4":"has-post-thumbnail","6":"product_cat-uncategorized","7":"product_tag-alain-golay","8":"product_tag-dieta","9":"desktop-align-left","10":"tablet-align-left","11":"mobile-align-left","13":"first","14":"instock","15":"shipping-taxable","16":"purchasable","17":"product-type-simple"},"acf":[],"yoast_head":"<!-- This site is optimized with the Yoast SEO plugin v27.0 - https:\/\/yoast.com\/product\/yoast-seo-wordpress\/ -->\n<title>Liekn\u0117ti be streso<\/title>\n<meta name=\"description\" content=\"J\u016bs jau\u010diate stres\u0105? Kod\u0117l? Ir kod\u0117l d\u0117l streso priaugama svorio? Teigiama, kad d\u0117l streso svoris did\u0117ja, o nusiraminus suliekn\u0117ti lengviau. Tod\u0117l norint\" \/>\n<meta name=\"robots\" content=\"index, follow, max-snippet:-1, max-image-preview:large, max-video-preview:-1\" \/>\n<link rel=\"canonical\" href=\"https:\/\/skaitytaknyga.lt\/en\/produktas\/liekneti-be-streso\/\" \/>\n<meta property=\"og:locale\" content=\"en_GB\" \/>\n<meta property=\"og:locale:alternate\" content=\"lt_LT\" \/>\n<meta property=\"og:type\" content=\"article\" \/>\n<meta property=\"og:title\" content=\"Liekn\u0117ti be streso\" \/>\n<meta property=\"og:description\" content=\"J\u016bs jau\u010diate stres\u0105? Kod\u0117l? Ir kod\u0117l d\u0117l streso priaugama svorio? Teigiama, kad d\u0117l streso svoris did\u0117ja, o nusiraminus suliekn\u0117ti lengviau. Tod\u0117l norint\" \/>\n<meta property=\"og:url\" content=\"https:\/\/skaitytaknyga.lt\/en\/produktas\/liekneti-be-streso\/\" \/>\n<meta property=\"og:site_name\" content=\"Skaitytaknyga\" \/>\n<meta property=\"article:publisher\" content=\"https:\/\/www.facebook.com\/skaitytaknyga\/\" \/>\n<meta property=\"article:modified_time\" content=\"2025-05-11T16:22:47+00:00\" \/>\n<meta property=\"og:image\" content=\"https:\/\/skaitytaknyga.lt\/wp-content\/uploads\/2025\/05\/Liekneti-be-streso.webp\" \/>\n\t<meta property=\"og:image:width\" content=\"538\" \/>\n\t<meta property=\"og:image:height\" content=\"801\" \/>\n\t<meta property=\"og:image:type\" content=\"image\/webp\" \/>\n<meta name=\"twitter:card\" content=\"summary_large_image\" \/>\n<meta name=\"twitter:label1\" content=\"Estimated reading time\" \/>\n\t<meta name=\"twitter:data1\" content=\"1 minute\" \/>\n<script type=\"application\/ld+json\" class=\"yoast-schema-graph\">{\"@context\":\"https:\/\/schema.org\",\"@graph\":[{\"@type\":\"WebPage\",\"@id\":\"https:\/\/skaitytaknyga.lt\/produktas\/liekneti-be-streso\/\",\"url\":\"https:\/\/skaitytaknyga.lt\/produktas\/liekneti-be-streso\/\",\"name\":\"Liekn\u0117ti be streso\",\"isPartOf\":{\"@id\":\"https:\/\/skaitytaknyga.lt\/#website\"},\"primaryImageOfPage\":{\"@id\":\"https:\/\/skaitytaknyga.lt\/produktas\/liekneti-be-streso\/#primaryimage\"},\"image\":{\"@id\":\"https:\/\/skaitytaknyga.lt\/produktas\/liekneti-be-streso\/#primaryimage\"},\"thumbnailUrl\":\"https:\/\/skaitytaknyga.lt\/wp-content\/uploads\/2025\/05\/Liekneti-be-streso.webp\",\"datePublished\":\"2025-04-25T17:44:56+00:00\",\"dateModified\":\"2025-05-11T16:22:47+00:00\",\"description\":\"J\u016bs jau\u010diate stres\u0105? Kod\u0117l? Ir kod\u0117l d\u0117l streso priaugama svorio? Teigiama, kad d\u0117l streso svoris did\u0117ja, o nusiraminus suliekn\u0117ti lengviau. Tod\u0117l norint\",\"breadcrumb\":{\"@id\":\"https:\/\/skaitytaknyga.lt\/produktas\/liekneti-be-streso\/#breadcrumb\"},\"inLanguage\":\"en-GB\",\"potentialAction\":[{\"@type\":\"ReadAction\",\"target\":[\"https:\/\/skaitytaknyga.lt\/produktas\/liekneti-be-streso\/\"]}]},{\"@type\":\"ImageObject\",\"inLanguage\":\"en-GB\",\"@id\":\"https:\/\/skaitytaknyga.lt\/produktas\/liekneti-be-streso\/#primaryimage\",\"url\":\"https:\/\/skaitytaknyga.lt\/wp-content\/uploads\/2025\/05\/Liekneti-be-streso.webp\",\"contentUrl\":\"https:\/\/skaitytaknyga.lt\/wp-content\/uploads\/2025\/05\/Liekneti-be-streso.webp\",\"width\":538,\"height\":801,\"caption\":\"Liekn\u0117ti be streso\"},{\"@type\":\"BreadcrumbList\",\"@id\":\"https:\/\/skaitytaknyga.lt\/produktas\/liekneti-be-streso\/#breadcrumb\",\"itemListElement\":[{\"@type\":\"ListItem\",\"position\":1,\"name\":\"Home\",\"item\":\"https:\/\/skaitytaknyga.lt\/\"},{\"@type\":\"ListItem\",\"position\":2,\"name\":\"Parduotuv\u0117\",\"item\":\"https:\/\/skaitytaknyga.lt\/knygu-parduotuve\/\"},{\"@type\":\"ListItem\",\"position\":3,\"name\":\"Liekn\u0117ti be streso\"}]},{\"@type\":\"WebSite\",\"@id\":\"https:\/\/skaitytaknyga.lt\/#website\",\"url\":\"https:\/\/skaitytaknyga.lt\/\",\"name\":\"skaitytaknyga.lt\",\"description\":\"Skaitytaknyga.lt \u2013 tai ma\u017eas \u0161eimos verslas, kuris prasid\u0117jo nuo meil\u0117s knygoms ir siekio i\u0161gelb\u0117ti knygas nuo likimo prie konteinerio. Kas vienam nereikalingas daiktas \u2013 kitam lobis, o mes esame tarpininkai, kurie padeda abiems tapti laimingesniems ???? \u017dinome kaip nelengva i\u0161gyventi ma\u017eiems verslams, tad nuo \u0161iol, \u010dia rasite ir kit\u0173, ma\u017e\u0173 \u0161eim\u0173 versl\u0173, rank\u0173 darbo, dovan\u0173 sau ir artimiesiems.\",\"publisher\":{\"@id\":\"https:\/\/skaitytaknyga.lt\/#organization\"},\"potentialAction\":[{\"@type\":\"SearchAction\",\"target\":{\"@type\":\"EntryPoint\",\"urlTemplate\":\"https:\/\/skaitytaknyga.lt\/?s={search_term_string}\"},\"query-input\":{\"@type\":\"PropertyValueSpecification\",\"valueRequired\":true,\"valueName\":\"search_term_string\"}}],\"inLanguage\":\"en-GB\"},{\"@type\":\"Organization\",\"@id\":\"https:\/\/skaitytaknyga.lt\/#organization\",\"name\":\"skaitytaknyga.lt\",\"url\":\"https:\/\/skaitytaknyga.lt\/\",\"logo\":{\"@type\":\"ImageObject\",\"inLanguage\":\"en-GB\",\"@id\":\"https:\/\/skaitytaknyga.lt\/#\/schema\/logo\/image\/\",\"url\":\"https:\/\/skaitytaknyga.lt\/wp-content\/uploads\/2024\/05\/cropped-cropped-cropped-02_00843_jt3bggkj1j3HLc7SyY6rEUpg.jpeg\",\"contentUrl\":\"https:\/\/skaitytaknyga.lt\/wp-content\/uploads\/2024\/05\/cropped-cropped-cropped-02_00843_jt3bggkj1j3HLc7SyY6rEUpg.jpeg\",\"width\":1600,\"height\":1600,\"caption\":\"skaitytaknyga.lt\"},\"image\":{\"@id\":\"https:\/\/skaitytaknyga.lt\/#\/schema\/logo\/image\/\"},\"sameAs\":[\"https:\/\/www.facebook.com\/skaitytaknyga\/\"]}]}<\/script>\n<!-- \/ Yoast SEO plugin. -->","yoast_head_json":{"title":"Liekn\u0117ti be streso","description":"J\u016bs jau\u010diate stres\u0105? Kod\u0117l? Ir kod\u0117l d\u0117l streso priaugama svorio? Teigiama, kad d\u0117l streso svoris did\u0117ja, o nusiraminus suliekn\u0117ti lengviau. Tod\u0117l norint","robots":{"index":"index","follow":"follow","max-snippet":"max-snippet:-1","max-image-preview":"max-image-preview:large","max-video-preview":"max-video-preview:-1"},"canonical":"https:\/\/skaitytaknyga.lt\/en\/produktas\/liekneti-be-streso\/","og_locale":"en_GB","og_type":"article","og_title":"[:lt]Liekn\u0117ti be streso[:] - Skaitytaknyga","og_description":"J\u016bs jau\u010diate stres\u0105? Kod\u0117l? Ir kod\u0117l d\u0117l streso priaugama svorio? Teigiama, kad d\u0117l streso svoris did\u0117ja, o nusiraminus suliekn\u0117ti lengviau. Tod\u0117l norint","og_url":"https:\/\/skaitytaknyga.lt\/en\/produktas\/liekneti-be-streso\/","og_site_name":"Skaitytaknyga","article_publisher":"https:\/\/www.facebook.com\/skaitytaknyga\/","article_modified_time":"2025-05-11T16:22:47+00:00","og_image":[{"width":538,"height":801,"url":"https:\/\/skaitytaknyga.lt\/wp-content\/uploads\/2025\/05\/Liekneti-be-streso.webp","type":"image\/webp"}],"twitter_card":"summary_large_image","twitter_misc":{"Estimated reading time":"1 minute"},"schema":{"@context":"https:\/\/schema.org","@graph":[{"@type":"WebPage","@id":"https:\/\/skaitytaknyga.lt\/produktas\/liekneti-be-streso\/","url":"https:\/\/skaitytaknyga.lt\/produktas\/liekneti-be-streso\/","name":"Liekn\u0117ti be streso","isPartOf":{"@id":"https:\/\/skaitytaknyga.lt\/#website"},"primaryImageOfPage":{"@id":"https:\/\/skaitytaknyga.lt\/produktas\/liekneti-be-streso\/#primaryimage"},"image":{"@id":"https:\/\/skaitytaknyga.lt\/produktas\/liekneti-be-streso\/#primaryimage"},"thumbnailUrl":"https:\/\/skaitytaknyga.lt\/wp-content\/uploads\/2025\/05\/Liekneti-be-streso.webp","datePublished":"2025-04-25T17:44:56+00:00","dateModified":"2025-05-11T16:22:47+00:00","description":"J\u016bs jau\u010diate stres\u0105? Kod\u0117l? Ir kod\u0117l d\u0117l streso priaugama svorio? Teigiama, kad d\u0117l streso svoris did\u0117ja, o nusiraminus suliekn\u0117ti lengviau. Tod\u0117l norint","breadcrumb":{"@id":"https:\/\/skaitytaknyga.lt\/produktas\/liekneti-be-streso\/#breadcrumb"},"inLanguage":"en-GB","potentialAction":[{"@type":"ReadAction","target":["https:\/\/skaitytaknyga.lt\/produktas\/liekneti-be-streso\/"]}]},{"@type":"ImageObject","inLanguage":"en-GB","@id":"https:\/\/skaitytaknyga.lt\/produktas\/liekneti-be-streso\/#primaryimage","url":"https:\/\/skaitytaknyga.lt\/wp-content\/uploads\/2025\/05\/Liekneti-be-streso.webp","contentUrl":"https:\/\/skaitytaknyga.lt\/wp-content\/uploads\/2025\/05\/Liekneti-be-streso.webp","width":538,"height":801,"caption":"Liekn\u0117ti be streso"},{"@type":"BreadcrumbList","@id":"https:\/\/skaitytaknyga.lt\/produktas\/liekneti-be-streso\/#breadcrumb","itemListElement":[{"@type":"ListItem","position":1,"name":"Home","item":"https:\/\/skaitytaknyga.lt\/"},{"@type":"ListItem","position":2,"name":"Parduotuv\u0117","item":"https:\/\/skaitytaknyga.lt\/knygu-parduotuve\/"},{"@type":"ListItem","position":3,"name":"Liekn\u0117ti be streso"}]},{"@type":"WebSite","@id":"https:\/\/skaitytaknyga.lt\/#website","url":"https:\/\/skaitytaknyga.lt\/","name":"skaitytaknyga.lt","description":"Skaitytaknyga.lt \u2013 tai ma\u017eas \u0161eimos verslas, kuris prasid\u0117jo nuo meil\u0117s knygoms ir siekio i\u0161gelb\u0117ti knygas nuo likimo prie konteinerio. Kas vienam nereikalingas daiktas \u2013 kitam lobis, o mes esame tarpininkai, kurie padeda abiems tapti laimingesniems ???? \u017dinome kaip nelengva i\u0161gyventi ma\u017eiems verslams, tad nuo \u0161iol, \u010dia rasite ir kit\u0173, ma\u017e\u0173 \u0161eim\u0173 versl\u0173, rank\u0173 darbo, dovan\u0173 sau ir artimiesiems.","publisher":{"@id":"https:\/\/skaitytaknyga.lt\/#organization"},"potentialAction":[{"@type":"SearchAction","target":{"@type":"EntryPoint","urlTemplate":"https:\/\/skaitytaknyga.lt\/?s={search_term_string}"},"query-input":{"@type":"PropertyValueSpecification","valueRequired":true,"valueName":"search_term_string"}}],"inLanguage":"en-GB"},{"@type":"Organization","@id":"https:\/\/skaitytaknyga.lt\/#organization","name":"skaitytaknyga.lt","url":"https:\/\/skaitytaknyga.lt\/","logo":{"@type":"ImageObject","inLanguage":"en-GB","@id":"https:\/\/skaitytaknyga.lt\/#\/schema\/logo\/image\/","url":"https:\/\/skaitytaknyga.lt\/wp-content\/uploads\/2024\/05\/cropped-cropped-cropped-02_00843_jt3bggkj1j3HLc7SyY6rEUpg.jpeg","contentUrl":"https:\/\/skaitytaknyga.lt\/wp-content\/uploads\/2024\/05\/cropped-cropped-cropped-02_00843_jt3bggkj1j3HLc7SyY6rEUpg.jpeg","width":1600,"height":1600,"caption":"skaitytaknyga.lt"},"image":{"@id":"https:\/\/skaitytaknyga.lt\/#\/schema\/logo\/image\/"},"sameAs":["https:\/\/www.facebook.com\/skaitytaknyga\/"]}]}},"_links":{"self":[{"href":"https:\/\/skaitytaknyga.lt\/en\/wp-json\/wp\/v2\/product\/18088","targetHints":{"allow":["GET"]}}],"collection":[{"href":"https:\/\/skaitytaknyga.lt\/en\/wp-json\/wp\/v2\/product"}],"about":[{"href":"https:\/\/skaitytaknyga.lt\/en\/wp-json\/wp\/v2\/types\/product"}],"replies":[{"embeddable":true,"href":"https:\/\/skaitytaknyga.lt\/en\/wp-json\/wp\/v2\/comments?post=18088"}],"wp:featuredmedia":[{"embeddable":true,"href":"https:\/\/skaitytaknyga.lt\/en\/wp-json\/wp\/v2\/media\/18237"}],"wp:attachment":[{"href":"https:\/\/skaitytaknyga.lt\/en\/wp-json\/wp\/v2\/media?parent=18088"}],"wp:term":[{"taxonomy":"product_brand","embeddable":true,"href":"https:\/\/skaitytaknyga.lt\/en\/wp-json\/wp\/v2\/product_brand?post=18088"},{"taxonomy":"product_cat","embeddable":true,"href":"https:\/\/skaitytaknyga.lt\/en\/wp-json\/wp\/v2\/product_cat?post=18088"},{"taxonomy":"product_tag","embeddable":true,"href":"https:\/\/skaitytaknyga.lt\/en\/wp-json\/wp\/v2\/product_tag?post=18088"}],"curies":[{"name":"wp","href":"https:\/\/api.w.org\/{rel}","templated":true}]}}