{"id":18086,"date":"2025-04-25T20:44:56","date_gmt":"2025-04-25T17:44:56","guid":{"rendered":"https:\/\/skaitytaknyga.lt\/?post_type=product&#038;p=18086"},"modified":"2026-03-21T21:11:02","modified_gmt":"2026-03-21T19:11:02","slug":"nustok-nerimauti-ir-pradek-gyventi","status":"publish","type":"product","link":"https:\/\/skaitytaknyga.lt\/en\/produktas\/nustok-nerimauti-ir-pradek-gyventi\/","title":{"rendered":"Nustok nerimauti ir prad\u0117k gyventi: \u012fveik savo nerim\u0105 laiko patikrintais b\u016bdais"},"content":{"rendered":"<p>Knyga\u00a0<strong>\u201eNustok nerimauti ir prad\u0117k gyventi: \u012fveik savo nerim\u0105 laiko patikrintais b\u016bdais&#8221;<\/strong>\u00a0gali pakeisti tavo gyvenim\u0105. Ji pad\u0117jo milijonams \u017emoni\u0173 \u012fveikti \u012fprot\u012f nerimauti.<\/p>\n<p>Daugelio negalavim\u0173 ir lig\u0173 prie\u017eastis yra nerimas. Nerimaujame d\u0117l darbo, pinig\u0173, rytdienos&#8230; Kaip galima i\u0161saugoti d\u017eiaugsm\u0105, sveikat\u0105, \u012fveikti nes\u0117kmes, atsikratyti pyk\u010dio, prailginti gyvenim\u0105 ir visada jaunai atrodyti? Apie tai \u0161i knyga &#8220;Nustok nerimauti ir prad\u0117k gyventi: \u012fveik savo nerim\u0105 laiko patikrintais b\u016bdais&#8221;<\/p>\n<p>\u017dymus psichologas ir daugyb\u0117s bestseleri\u0173 autorius\u00a0<strong>Dale Carnegie<\/strong>, remdamasis savo ir kit\u0173 patirtimi, pateikia daug prakti\u0161k\u0173 metod\u0173, kuriuos galima s\u0117kmingai taikyti dabartiniame kar\u0161tligi\u0161kame pasaulyje &#8211; ir tie metodai bus naudingi vis\u0105 gyvenim\u0105!<\/p>\n<p>Tad su\u017einok:<br \/>\n\u2022 kaip nedelsiant atsikratyti pus\u0117s nuog\u0105stavim\u0173, susijusi\u0173 su tavo verslu<br \/>\n\u2022 kaip suma\u017einti nerim\u0105 d\u0117l finansin\u0117s pad\u0117ties<br \/>\n\u2022 kaip kritik\u0105 paversti savo prana\u0161umu<br \/>\n\u2022 kaip i\u0161vengti nuovargio ir visada jaunai atrodyti<br \/>\n\u2022 kaip po valand\u0105 per dien\u0105 prailginti veikli\u0105j\u0105 gyvenimo dal\u012f<br \/>\n\u2022 kaip atrasti save ir b\u016bti savimi<\/p>\n<p>Knygos\u00a0<strong>\u201eNustok nerimauti ir prad\u0117k gyventi: \u012fveik savo nerim\u0105 laiko patikrintais b\u016bdais&#8221;<\/strong>\u00a0pagrindas &#8211; fundamentalios emocijos ir id\u0117jos. J\u0105 \u012fdomu skaityti, o jos \u012f\u017evalgas lengva \u012fgyvendinti. Leisk jai tave pakeisti \u012f gera. Mes neprivalome gyventi slegiami bereikalingo nerimo ir nuog\u0105stavim\u0173, kurie u\u017etveria keli\u0105 \u012f turining\u0105, aktyv\u0173 ir laiming\u0105 gyvenim\u0105!<\/p>\n","protected":false},"excerpt":{"rendered":"<p>Knyga\u00a0\u201eNustok nerimauti ir prad\u0117k gyventi: \u012fveik savo nerim\u0105 laiko patikrintais b\u016bdais&#8221;\u00a0gali pakeisti tavo gyvenim\u0105. Ji pad\u0117jo milijonams \u017emoni\u0173 \u012fveikti \u012fprot\u012f nerimauti. Daugelio negalavim\u0173 ir lig\u0173 prie\u017eastis yra nerimas. Nerimaujame d\u0117l darbo, pinig\u0173, rytdienos&#8230; Kaip galima i\u0161saugoti d\u017eiaugsm\u0105, sveikat\u0105, \u012fveikti nes\u0117kmes, atsikratyti pyk\u010dio, prailginti gyvenim\u0105 ir visada jaunai atrodyti? Apie tai \u0161i knyga &#8220;Nustok nerimauti ir prad\u0117k gyventi: \u012fveik savo nerim\u0105 laiko patikrintais b\u016bdais&#8221; \u017dymus psichologas ir daugyb\u0117s bestseleri\u0173 autorius\u00a0Dale Carnegie, remdamasis savo ir kit\u0173 patirtimi, pateikia daug prakti\u0161k\u0173 metod\u0173, kuriuos galima s\u0117kmingai taikyti dabartiniame kar\u0161tligi\u0161kame pasaulyje &#8211; ir tie metodai bus naudingi vis\u0105 gyvenim\u0105! Tad su\u017einok: \u2022 kaip nedelsiant atsikratyti pus\u0117s nuog\u0105stavim\u0173, susijusi\u0173 su tavo verslu \u2022 kaip suma\u017einti nerim\u0105 d\u0117l finansin\u0117s pad\u0117ties \u2022 kaip kritik\u0105 paversti savo prana\u0161umu \u2022 kaip i\u0161vengti nuovargio ir visada jaunai atrodyti \u2022 kaip po valand\u0105 per dien\u0105 prailginti veikli\u0105j\u0105 gyvenimo dal\u012f \u2022 kaip atrasti save ir b\u016bti savimi Knygos\u00a0\u201eNustok nerimauti ir prad\u0117k gyventi: \u012fveik savo nerim\u0105 laiko patikrintais b\u016bdais&#8221;\u00a0pagrindas &#8211; fundamentalios emocijos ir id\u0117jos. J\u0105 \u012fdomu skaityti, o jos \u012f\u017evalgas lengva \u012fgyvendinti. Leisk jai tave pakeisti \u012f gera. Mes neprivalome gyventi slegiami bereikalingo nerimo ir nuog\u0105stavim\u0173, kurie u\u017etveria keli\u0105 \u012f turining\u0105, aktyv\u0173 ir laiming\u0105 gyvenim\u0105!<\/p>\n","protected":false},"featured_media":18238,"comment_status":"open","ping_status":"closed","template":"","meta":{"_acf_changed":false,"site-sidebar-layout":"default","site-content-layout":"","ast-site-content-layout":"default","site-content-style":"default","site-sidebar-style":"default","ast-global-header-display":"","ast-banner-title-visibility":"","ast-main-header-display":"","ast-hfb-above-header-display":"","ast-hfb-below-header-display":"","ast-hfb-mobile-header-display":"","site-post-title":"","ast-breadcrumbs-content":"","ast-featured-img":"","footer-sml-layout":"","ast-disable-related-posts":"","theme-transparent-header-meta":"","adv-header-id-meta":"","stick-header-meta":"","header-above-stick-meta":"","header-main-stick-meta":"","header-below-stick-meta":"","astra-migrate-meta-layouts":"default","ast-page-background-enabled":"default","ast-page-background-meta":{"desktop":{"background-color":"","background-image":"","background-repeat":"repeat","background-position":"center center","background-size":"auto","background-attachment":"scroll","background-type":"","background-media":"","overlay-type":"","overlay-color":"","overlay-opacity":"","overlay-gradient":""},"tablet":{"background-color":"","background-image":"","background-repeat":"repeat","background-position":"center center","background-size":"auto","background-attachment":"scroll","background-type":"","background-media":"","overlay-type":"","overlay-color":"","overlay-opacity":"","overlay-gradient":""},"mobile":{"background-color":"","background-image":"","background-repeat":"repeat","background-position":"center center","background-size":"auto","background-attachment":"scroll","background-type":"","background-media":"","overlay-type":"","overlay-color":"","overlay-opacity":"","overlay-gradient":""}},"ast-content-background-meta":{"desktop":{"background-color":"var(--ast-global-color-4)","background-image":"","background-repeat":"repeat","background-position":"center center","background-size":"auto","background-attachment":"scroll","background-type":"","background-media":"","overlay-type":"","overlay-color":"","overlay-opacity":"","overlay-gradient":""},"tablet":{"background-color":"var(--ast-global-color-4)","background-image":"","background-repeat":"repeat","background-position":"center center","background-size":"auto","background-attachment":"scroll","background-type":"","background-media":"","overlay-type":"","overlay-color":"","overlay-opacity":"","overlay-gradient":""},"mobile":{"background-color":"var(--ast-global-color-4)","background-image":"","background-repeat":"repeat","background-position":"center center","background-size":"auto","background-attachment":"scroll","background-type":"","background-media":"","overlay-type":"","overlay-color":"","overlay-opacity":"","overlay-gradient":""}}},"product_brand":[],"product_cat":[15],"product_tag":[1399,1391,1397,1395,1392,1396,1398],"class_list":{"0":"post-18086","1":"product","2":"type-product","3":"status-publish","4":"has-post-thumbnail","6":"product_cat-uncategorized","7":"product_tag-asmeninis-tobulejimas","8":"product_tag-dale-carnegie","9":"product_tag-emocinis-intelektas","10":"product_tag-nerimo-valdymas","11":"product_tag-psichologija","12":"product_tag-saviugda","13":"product_tag-streso-valdymas","14":"desktop-align-left","15":"tablet-align-left","16":"mobile-align-left","18":"first","19":"outofstock","20":"shipping-taxable","21":"purchasable","22":"product-type-simple"},"acf":[],"yoast_head":"<!-- This site is optimized with the Yoast SEO plugin v27.4 - https:\/\/yoast.com\/product\/yoast-seo-wordpress\/ -->\n<title>Nustok nerimauti ir prad\u0117k gyventi: \u012fveik savo nerim\u0105 laiko patikrintais b\u016bdais<\/title>\n<meta name=\"description\" content=\"Knyga\u00a0\u201eNustok nerimauti ir prad\u0117k gyventi: \u012fveik savo nerim\u0105 laiko patikrintais b\u016bdais&quot;\u00a0gali pakeisti tavo gyvenim\u0105. Ji pad\u0117jo milijonams \u017emoni\u0173 \u012fveikti\" \/>\n<meta name=\"robots\" content=\"index, follow, max-snippet:-1, max-image-preview:large, max-video-preview:-1\" \/>\n<link rel=\"canonical\" href=\"https:\/\/skaitytaknyga.lt\/en\/produktas\/nustok-nerimauti-ir-pradek-gyventi\/\" \/>\n<meta property=\"og:locale\" content=\"en_GB\" \/>\n<meta property=\"og:locale:alternate\" content=\"lt_LT\" \/>\n<meta property=\"og:type\" content=\"article\" \/>\n<meta property=\"og:title\" content=\"Nustok nerimauti ir prad\u0117k gyventi: \u012fveik savo nerim\u0105 laiko patikrintais b\u016bdais\" \/>\n<meta property=\"og:description\" content=\"Knyga\u00a0\u201eNustok nerimauti ir prad\u0117k gyventi: \u012fveik savo nerim\u0105 laiko patikrintais b\u016bdais&quot;\u00a0gali pakeisti tavo gyvenim\u0105. Ji pad\u0117jo milijonams \u017emoni\u0173 \u012fveikti\" \/>\n<meta property=\"og:url\" content=\"https:\/\/skaitytaknyga.lt\/en\/produktas\/nustok-nerimauti-ir-pradek-gyventi\/\" \/>\n<meta property=\"og:site_name\" content=\"Skaitytaknyga\" \/>\n<meta property=\"article:publisher\" content=\"https:\/\/www.facebook.com\/skaitytaknyga\/\" \/>\n<meta property=\"article:modified_time\" content=\"2026-03-21T19:11:02+00:00\" \/>\n<meta property=\"og:image\" content=\"https:\/\/skaitytaknyga.lt\/wp-content\/uploads\/2025\/05\/Nustok-nerimauti-ir-pradek-gyventi-iveik-savo-nerima-laiko-patikrintais-budais.webp\" \/>\n\t<meta property=\"og:image:width\" content=\"307\" \/>\n\t<meta property=\"og:image:height\" content=\"450\" \/>\n\t<meta property=\"og:image:type\" content=\"image\/webp\" \/>\n<meta name=\"twitter:card\" content=\"summary_large_image\" \/>\n<meta name=\"twitter:label1\" content=\"Estimated reading time\" \/>\n\t<meta name=\"twitter:data1\" content=\"1 minute\" \/>\n<script type=\"application\/ld+json\" class=\"yoast-schema-graph\">{\"@context\":\"https:\\\/\\\/schema.org\",\"@graph\":[{\"@type\":\"WebPage\",\"@id\":\"https:\\\/\\\/skaitytaknyga.lt\\\/produktas\\\/nustok-nerimauti-ir-pradek-gyventi\\\/\",\"url\":\"https:\\\/\\\/skaitytaknyga.lt\\\/produktas\\\/nustok-nerimauti-ir-pradek-gyventi\\\/\",\"name\":\"Nustok nerimauti ir prad\u0117k gyventi: \u012fveik savo nerim\u0105 laiko patikrintais b\u016bdais\",\"isPartOf\":{\"@id\":\"https:\\\/\\\/skaitytaknyga.lt\\\/#website\"},\"primaryImageOfPage\":{\"@id\":\"https:\\\/\\\/skaitytaknyga.lt\\\/produktas\\\/nustok-nerimauti-ir-pradek-gyventi\\\/#primaryimage\"},\"image\":{\"@id\":\"https:\\\/\\\/skaitytaknyga.lt\\\/produktas\\\/nustok-nerimauti-ir-pradek-gyventi\\\/#primaryimage\"},\"thumbnailUrl\":\"https:\\\/\\\/skaitytaknyga.lt\\\/wp-content\\\/uploads\\\/2025\\\/05\\\/Nustok-nerimauti-ir-pradek-gyventi-iveik-savo-nerima-laiko-patikrintais-budais.webp\",\"datePublished\":\"2025-04-25T17:44:56+00:00\",\"dateModified\":\"2026-03-21T19:11:02+00:00\",\"description\":\"Knyga\u00a0\u201eNustok nerimauti ir prad\u0117k gyventi: \u012fveik savo nerim\u0105 laiko patikrintais b\u016bdais\\\"\u00a0gali pakeisti tavo gyvenim\u0105. Ji pad\u0117jo milijonams \u017emoni\u0173 \u012fveikti\",\"breadcrumb\":{\"@id\":\"https:\\\/\\\/skaitytaknyga.lt\\\/produktas\\\/nustok-nerimauti-ir-pradek-gyventi\\\/#breadcrumb\"},\"inLanguage\":\"en-GB\",\"potentialAction\":[{\"@type\":\"ReadAction\",\"target\":[\"https:\\\/\\\/skaitytaknyga.lt\\\/produktas\\\/nustok-nerimauti-ir-pradek-gyventi\\\/\"]}]},{\"@type\":\"ImageObject\",\"inLanguage\":\"en-GB\",\"@id\":\"https:\\\/\\\/skaitytaknyga.lt\\\/produktas\\\/nustok-nerimauti-ir-pradek-gyventi\\\/#primaryimage\",\"url\":\"https:\\\/\\\/skaitytaknyga.lt\\\/wp-content\\\/uploads\\\/2025\\\/05\\\/Nustok-nerimauti-ir-pradek-gyventi-iveik-savo-nerima-laiko-patikrintais-budais.webp\",\"contentUrl\":\"https:\\\/\\\/skaitytaknyga.lt\\\/wp-content\\\/uploads\\\/2025\\\/05\\\/Nustok-nerimauti-ir-pradek-gyventi-iveik-savo-nerima-laiko-patikrintais-budais.webp\",\"width\":307,\"height\":450,\"caption\":\"Nustok nerimauti ir prad\u0117k gyventi: \u012fveik savo nerim\u0105 laiko patikrintais b\u016bdais\"},{\"@type\":\"BreadcrumbList\",\"@id\":\"https:\\\/\\\/skaitytaknyga.lt\\\/produktas\\\/nustok-nerimauti-ir-pradek-gyventi\\\/#breadcrumb\",\"itemListElement\":[{\"@type\":\"ListItem\",\"position\":1,\"name\":\"Home\",\"item\":\"https:\\\/\\\/skaitytaknyga.lt\\\/\"},{\"@type\":\"ListItem\",\"position\":2,\"name\":\"Parduotuv\u0117\",\"item\":\"https:\\\/\\\/skaitytaknyga.lt\\\/knygu-parduotuve\\\/\"},{\"@type\":\"ListItem\",\"position\":3,\"name\":\"Nustok nerimauti ir prad\u0117k gyventi: \u012fveik savo nerim\u0105 laiko patikrintais b\u016bdais\"}]},{\"@type\":\"WebSite\",\"@id\":\"https:\\\/\\\/skaitytaknyga.lt\\\/#website\",\"url\":\"https:\\\/\\\/skaitytaknyga.lt\\\/\",\"name\":\"skaitytaknyga.lt\",\"description\":\"Skaitytaknyga.lt \u2013 tai ma\u017eas \u0161eimos verslas, kuris prasid\u0117jo nuo meil\u0117s knygoms ir siekio i\u0161gelb\u0117ti knygas nuo likimo prie konteinerio. Kas vienam nereikalingas daiktas \u2013 kitam lobis, o mes esame tarpininkai, kurie padeda abiems tapti laimingesniems ???? \u017dinome kaip nelengva i\u0161gyventi ma\u017eiems verslams, tad nuo \u0161iol, \u010dia rasite ir kit\u0173, ma\u017e\u0173 \u0161eim\u0173 versl\u0173, rank\u0173 darbo, dovan\u0173 sau ir artimiesiems.\",\"publisher\":{\"@id\":\"https:\\\/\\\/skaitytaknyga.lt\\\/#organization\"},\"potentialAction\":[{\"@type\":\"SearchAction\",\"target\":{\"@type\":\"EntryPoint\",\"urlTemplate\":\"https:\\\/\\\/skaitytaknyga.lt\\\/?s={search_term_string}\"},\"query-input\":{\"@type\":\"PropertyValueSpecification\",\"valueRequired\":true,\"valueName\":\"search_term_string\"}}],\"inLanguage\":\"en-GB\"},{\"@type\":\"Organization\",\"@id\":\"https:\\\/\\\/skaitytaknyga.lt\\\/#organization\",\"name\":\"skaitytaknyga.lt\",\"url\":\"https:\\\/\\\/skaitytaknyga.lt\\\/\",\"logo\":{\"@type\":\"ImageObject\",\"inLanguage\":\"en-GB\",\"@id\":\"https:\\\/\\\/skaitytaknyga.lt\\\/#\\\/schema\\\/logo\\\/image\\\/\",\"url\":\"https:\\\/\\\/skaitytaknyga.lt\\\/wp-content\\\/uploads\\\/2024\\\/05\\\/cropped-cropped-cropped-02_00843_jt3bggkj1j3HLc7SyY6rEUpg.jpeg\",\"contentUrl\":\"https:\\\/\\\/skaitytaknyga.lt\\\/wp-content\\\/uploads\\\/2024\\\/05\\\/cropped-cropped-cropped-02_00843_jt3bggkj1j3HLc7SyY6rEUpg.jpeg\",\"width\":1600,\"height\":1600,\"caption\":\"skaitytaknyga.lt\"},\"image\":{\"@id\":\"https:\\\/\\\/skaitytaknyga.lt\\\/#\\\/schema\\\/logo\\\/image\\\/\"},\"sameAs\":[\"https:\\\/\\\/www.facebook.com\\\/skaitytaknyga\\\/\"]}]}<\/script>\n<!-- \/ Yoast SEO plugin. -->","yoast_head_json":{"title":"Nustok nerimauti ir prad\u0117k gyventi: \u012fveik savo nerim\u0105 laiko patikrintais b\u016bdais","description":"Knyga\u00a0\u201eNustok nerimauti ir prad\u0117k gyventi: \u012fveik savo nerim\u0105 laiko patikrintais b\u016bdais\"\u00a0gali pakeisti tavo gyvenim\u0105. Ji pad\u0117jo milijonams \u017emoni\u0173 \u012fveikti","robots":{"index":"index","follow":"follow","max-snippet":"max-snippet:-1","max-image-preview":"max-image-preview:large","max-video-preview":"max-video-preview:-1"},"canonical":"https:\/\/skaitytaknyga.lt\/en\/produktas\/nustok-nerimauti-ir-pradek-gyventi\/","og_locale":"en_GB","og_type":"article","og_title":"[:lt]Nustok nerimauti ir prad\u0117k gyventi: \u012fveik savo nerim\u0105 laiko patikrintais b\u016bdais[:] - Skaitytaknyga","og_description":"Knyga\u00a0\u201eNustok nerimauti ir prad\u0117k gyventi: \u012fveik savo nerim\u0105 laiko patikrintais b\u016bdais\"\u00a0gali pakeisti tavo gyvenim\u0105. Ji pad\u0117jo milijonams \u017emoni\u0173 \u012fveikti","og_url":"https:\/\/skaitytaknyga.lt\/en\/produktas\/nustok-nerimauti-ir-pradek-gyventi\/","og_site_name":"Skaitytaknyga","article_publisher":"https:\/\/www.facebook.com\/skaitytaknyga\/","article_modified_time":"2026-03-21T19:11:02+00:00","og_image":[{"width":307,"height":450,"url":"https:\/\/skaitytaknyga.lt\/wp-content\/uploads\/2025\/05\/Nustok-nerimauti-ir-pradek-gyventi-iveik-savo-nerima-laiko-patikrintais-budais.webp","type":"image\/webp"}],"twitter_card":"summary_large_image","twitter_misc":{"Estimated reading time":"1 minute"},"schema":{"@context":"https:\/\/schema.org","@graph":[{"@type":"WebPage","@id":"https:\/\/skaitytaknyga.lt\/produktas\/nustok-nerimauti-ir-pradek-gyventi\/","url":"https:\/\/skaitytaknyga.lt\/produktas\/nustok-nerimauti-ir-pradek-gyventi\/","name":"Nustok nerimauti ir prad\u0117k gyventi: \u012fveik savo nerim\u0105 laiko patikrintais b\u016bdais","isPartOf":{"@id":"https:\/\/skaitytaknyga.lt\/#website"},"primaryImageOfPage":{"@id":"https:\/\/skaitytaknyga.lt\/produktas\/nustok-nerimauti-ir-pradek-gyventi\/#primaryimage"},"image":{"@id":"https:\/\/skaitytaknyga.lt\/produktas\/nustok-nerimauti-ir-pradek-gyventi\/#primaryimage"},"thumbnailUrl":"https:\/\/skaitytaknyga.lt\/wp-content\/uploads\/2025\/05\/Nustok-nerimauti-ir-pradek-gyventi-iveik-savo-nerima-laiko-patikrintais-budais.webp","datePublished":"2025-04-25T17:44:56+00:00","dateModified":"2026-03-21T19:11:02+00:00","description":"Knyga\u00a0\u201eNustok nerimauti ir prad\u0117k gyventi: \u012fveik savo nerim\u0105 laiko patikrintais b\u016bdais\"\u00a0gali pakeisti tavo gyvenim\u0105. Ji pad\u0117jo milijonams \u017emoni\u0173 \u012fveikti","breadcrumb":{"@id":"https:\/\/skaitytaknyga.lt\/produktas\/nustok-nerimauti-ir-pradek-gyventi\/#breadcrumb"},"inLanguage":"en-GB","potentialAction":[{"@type":"ReadAction","target":["https:\/\/skaitytaknyga.lt\/produktas\/nustok-nerimauti-ir-pradek-gyventi\/"]}]},{"@type":"ImageObject","inLanguage":"en-GB","@id":"https:\/\/skaitytaknyga.lt\/produktas\/nustok-nerimauti-ir-pradek-gyventi\/#primaryimage","url":"https:\/\/skaitytaknyga.lt\/wp-content\/uploads\/2025\/05\/Nustok-nerimauti-ir-pradek-gyventi-iveik-savo-nerima-laiko-patikrintais-budais.webp","contentUrl":"https:\/\/skaitytaknyga.lt\/wp-content\/uploads\/2025\/05\/Nustok-nerimauti-ir-pradek-gyventi-iveik-savo-nerima-laiko-patikrintais-budais.webp","width":307,"height":450,"caption":"Nustok nerimauti ir prad\u0117k gyventi: \u012fveik savo nerim\u0105 laiko patikrintais b\u016bdais"},{"@type":"BreadcrumbList","@id":"https:\/\/skaitytaknyga.lt\/produktas\/nustok-nerimauti-ir-pradek-gyventi\/#breadcrumb","itemListElement":[{"@type":"ListItem","position":1,"name":"Home","item":"https:\/\/skaitytaknyga.lt\/"},{"@type":"ListItem","position":2,"name":"Parduotuv\u0117","item":"https:\/\/skaitytaknyga.lt\/knygu-parduotuve\/"},{"@type":"ListItem","position":3,"name":"Nustok nerimauti ir prad\u0117k gyventi: \u012fveik savo nerim\u0105 laiko patikrintais b\u016bdais"}]},{"@type":"WebSite","@id":"https:\/\/skaitytaknyga.lt\/#website","url":"https:\/\/skaitytaknyga.lt\/","name":"skaitytaknyga.lt","description":"Skaitytaknyga.lt \u2013 tai ma\u017eas \u0161eimos verslas, kuris prasid\u0117jo nuo meil\u0117s knygoms ir siekio i\u0161gelb\u0117ti knygas nuo likimo prie konteinerio. Kas vienam nereikalingas daiktas \u2013 kitam lobis, o mes esame tarpininkai, kurie padeda abiems tapti laimingesniems ???? \u017dinome kaip nelengva i\u0161gyventi ma\u017eiems verslams, tad nuo \u0161iol, \u010dia rasite ir kit\u0173, ma\u017e\u0173 \u0161eim\u0173 versl\u0173, rank\u0173 darbo, dovan\u0173 sau ir artimiesiems.","publisher":{"@id":"https:\/\/skaitytaknyga.lt\/#organization"},"potentialAction":[{"@type":"SearchAction","target":{"@type":"EntryPoint","urlTemplate":"https:\/\/skaitytaknyga.lt\/?s={search_term_string}"},"query-input":{"@type":"PropertyValueSpecification","valueRequired":true,"valueName":"search_term_string"}}],"inLanguage":"en-GB"},{"@type":"Organization","@id":"https:\/\/skaitytaknyga.lt\/#organization","name":"skaitytaknyga.lt","url":"https:\/\/skaitytaknyga.lt\/","logo":{"@type":"ImageObject","inLanguage":"en-GB","@id":"https:\/\/skaitytaknyga.lt\/#\/schema\/logo\/image\/","url":"https:\/\/skaitytaknyga.lt\/wp-content\/uploads\/2024\/05\/cropped-cropped-cropped-02_00843_jt3bggkj1j3HLc7SyY6rEUpg.jpeg","contentUrl":"https:\/\/skaitytaknyga.lt\/wp-content\/uploads\/2024\/05\/cropped-cropped-cropped-02_00843_jt3bggkj1j3HLc7SyY6rEUpg.jpeg","width":1600,"height":1600,"caption":"skaitytaknyga.lt"},"image":{"@id":"https:\/\/skaitytaknyga.lt\/#\/schema\/logo\/image\/"},"sameAs":["https:\/\/www.facebook.com\/skaitytaknyga\/"]}]}},"_links":{"self":[{"href":"https:\/\/skaitytaknyga.lt\/en\/wp-json\/wp\/v2\/product\/18086","targetHints":{"allow":["GET"]}}],"collection":[{"href":"https:\/\/skaitytaknyga.lt\/en\/wp-json\/wp\/v2\/product"}],"about":[{"href":"https:\/\/skaitytaknyga.lt\/en\/wp-json\/wp\/v2\/types\/product"}],"replies":[{"embeddable":true,"href":"https:\/\/skaitytaknyga.lt\/en\/wp-json\/wp\/v2\/comments?post=18086"}],"wp:featuredmedia":[{"embeddable":true,"href":"https:\/\/skaitytaknyga.lt\/en\/wp-json\/wp\/v2\/media\/18238"}],"wp:attachment":[{"href":"https:\/\/skaitytaknyga.lt\/en\/wp-json\/wp\/v2\/media?parent=18086"}],"wp:term":[{"taxonomy":"product_brand","embeddable":true,"href":"https:\/\/skaitytaknyga.lt\/en\/wp-json\/wp\/v2\/product_brand?post=18086"},{"taxonomy":"product_cat","embeddable":true,"href":"https:\/\/skaitytaknyga.lt\/en\/wp-json\/wp\/v2\/product_cat?post=18086"},{"taxonomy":"product_tag","embeddable":true,"href":"https:\/\/skaitytaknyga.lt\/en\/wp-json\/wp\/v2\/product_tag?post=18086"}],"curies":[{"name":"wp","href":"https:\/\/api.w.org\/{rel}","templated":true}]}}