{"id":18083,"date":"2025-04-25T20:14:26","date_gmt":"2025-04-25T17:14:26","guid":{"rendered":"https:\/\/skaitytaknyga.lt\/?post_type=product&#038;p=18083"},"modified":"2025-07-30T22:15:06","modified_gmt":"2025-07-30T19:15:06","slug":"patriarcho-ruduo","status":"publish","type":"product","link":"https:\/\/skaitytaknyga.lt\/en\/produktas\/patriarcho-ruduo\/","title":{"rendered":"Patriarcho ruduo"},"content":{"rendered":"<p>\u201ePatriarcho ruduo\u201c \u2013 tai romanas apie vald\u017eios vienatv\u0119. Visatos ir Laiko generolo istorija, kritik\u0173 dar vadinama \u201epoema apie diktatori\u0173\u201c. G. Garcia Marquezas suk\u016br\u0117 hiperbolizuot\u0105, i\u0161galvot\u0105 (nei\u0161galvot\u0105?) tipi\u0161ko Lotyn\u0173 Amerikos generolo diktatoriaus paveiksl\u0105.<\/p>\n<p>Groteskas, fantasmagorija, absurdas, juodasis humoras? Viskas drauge, ta\u010diau tai \u2013 magi\u0161koji tikrov\u0117, regima Kolumbijos ra\u0161ytojo, Nobelio premijos laureato G. Garcia Marquezo akimis.<\/p>\n<p>Paskutinieji du \u0161imtai keturiolika gyvenimo met\u0173 diktatoriaus, Generolo, Patriarcho, mylimiausio savo motinos Bendisionos Alvarado vaiko, kuris, ie\u0161kodamas am\u017einyb\u0117s, nebesuvokdamas, kuriame \u0161imtmetyje gyvena, slankioja po tu\u0161\u010dius r\u016bmus, pasiklyd\u0119s sintaks\u0117s labirintuose, kur persipina viskas \u2013 a\u0161, tu, jis, mes, j\u016bs, kur jo paties gyvenimo nuotrupos susilieja su tautos gyvenimu, kur sunku atskirti ties\u0105 nuo melo. Patriarchui, tam \u201eypatingam, i\u0161skirtiniam\u201c asmeniui, \u201epolitinio pasitik\u0117jimo valstyb\u0117s vyrui\u201c, svarbiausia i\u0161silaikyti vald\u017eioje. Tam tinka visos priemon\u0117s.<\/p>\n<p>I\u0161davyste \u012ftartas bendra\u017eygis patiekiamas \u012f stal\u0105 pos\u0117d\u017eio laukiantiems ministrams i\u0161keptas su petra\u017eole burnoje, o vald\u017eiai sutvirtinti pritr\u016bkus pinig\u0173 parduodami \u0161alies teritoriniai vandenys&#8230;<\/p>\n","protected":false},"excerpt":{"rendered":"<p>\u201ePatriarcho ruduo\u201c \u2013 tai romanas apie vald\u017eios vienatv\u0119. Visatos ir Laiko generolo istorija, kritik\u0173 dar vadinama \u201epoema apie diktatori\u0173\u201c. G. Garcia Marquezas suk\u016br\u0117 hiperbolizuot\u0105, i\u0161galvot\u0105 (nei\u0161galvot\u0105?) tipi\u0161ko Lotyn\u0173 Amerikos generolo diktatoriaus paveiksl\u0105. Groteskas, fantasmagorija, absurdas, juodasis humoras? Viskas drauge, ta\u010diau tai \u2013 magi\u0161koji tikrov\u0117, regima Kolumbijos ra\u0161ytojo, Nobelio premijos laureato G. Garcia Marquezo akimis. Paskutinieji du \u0161imtai keturiolika gyvenimo met\u0173 diktatoriaus, Generolo, Patriarcho, mylimiausio savo motinos Bendisionos Alvarado vaiko, kuris, ie\u0161kodamas am\u017einyb\u0117s, nebesuvokdamas, kuriame \u0161imtmetyje gyvena, slankioja po tu\u0161\u010dius r\u016bmus, pasiklyd\u0119s sintaks\u0117s labirintuose, kur persipina viskas \u2013 a\u0161, tu, jis, mes, j\u016bs, kur jo paties gyvenimo nuotrupos susilieja su tautos gyvenimu, kur sunku atskirti ties\u0105 nuo melo. Patriarchui, tam \u201eypatingam, i\u0161skirtiniam\u201c asmeniui, \u201epolitinio pasitik\u0117jimo valstyb\u0117s vyrui\u201c, svarbiausia i\u0161silaikyti vald\u017eioje. Tam tinka visos priemon\u0117s. I\u0161davyste \u012ftartas bendra\u017eygis patiekiamas \u012f stal\u0105 pos\u0117d\u017eio laukiantiems ministrams i\u0161keptas su petra\u017eole burnoje, o vald\u017eiai sutvirtinti pritr\u016bkus pinig\u0173 parduodami \u0161alies teritoriniai vandenys&#8230;<\/p>\n","protected":false},"featured_media":0,"comment_status":"open","ping_status":"closed","template":"","meta":{"_acf_changed":false,"site-sidebar-layout":"default","site-content-layout":"","ast-site-content-layout":"default","site-content-style":"default","site-sidebar-style":"default","ast-global-header-display":"","ast-banner-title-visibility":"","ast-main-header-display":"","ast-hfb-above-header-display":"","ast-hfb-below-header-display":"","ast-hfb-mobile-header-display":"","site-post-title":"","ast-breadcrumbs-content":"","ast-featured-img":"","footer-sml-layout":"","ast-disable-related-posts":"","theme-transparent-header-meta":"default","adv-header-id-meta":"","stick-header-meta":"","header-above-stick-meta":"","header-main-stick-meta":"","header-below-stick-meta":"","astra-migrate-meta-layouts":"set","ast-page-background-enabled":"default","ast-page-background-meta":{"desktop":{"background-color":"","background-image":"","background-repeat":"repeat","background-position":"center center","background-size":"auto","background-attachment":"scroll","background-type":"","background-media":"","overlay-type":"","overlay-color":"","overlay-opacity":"","overlay-gradient":""},"tablet":{"background-color":"","background-image":"","background-repeat":"repeat","background-position":"center center","background-size":"auto","background-attachment":"scroll","background-type":"","background-media":"","overlay-type":"","overlay-color":"","overlay-opacity":"","overlay-gradient":""},"mobile":{"background-color":"","background-image":"","background-repeat":"repeat","background-position":"center center","background-size":"auto","background-attachment":"scroll","background-type":"","background-media":"","overlay-type":"","overlay-color":"","overlay-opacity":"","overlay-gradient":""}},"ast-content-background-meta":{"desktop":{"background-color":"var(--ast-global-color-4)","background-image":"","background-repeat":"repeat","background-position":"center center","background-size":"auto","background-attachment":"scroll","background-type":"","background-media":"","overlay-type":"","overlay-color":"","overlay-opacity":"","overlay-gradient":""},"tablet":{"background-color":"var(--ast-global-color-4)","background-image":"","background-repeat":"repeat","background-position":"center center","background-size":"auto","background-attachment":"scroll","background-type":"","background-media":"","overlay-type":"","overlay-color":"","overlay-opacity":"","overlay-gradient":""},"mobile":{"background-color":"var(--ast-global-color-4)","background-image":"","background-repeat":"repeat","background-position":"center center","background-size":"auto","background-attachment":"scroll","background-type":"","background-media":"","overlay-type":"","overlay-color":"","overlay-opacity":"","overlay-gradient":""}}},"product_brand":[],"product_cat":[15],"product_tag":[],"class_list":{"0":"post-18083","1":"product","2":"type-product","3":"status-publish","5":"product_cat-uncategorized","6":"desktop-align-left","7":"tablet-align-left","8":"mobile-align-left","10":"first","11":"instock","12":"shipping-taxable","13":"purchasable","14":"product-type-simple"},"acf":[],"yoast_head":"<!-- This site is optimized with the Yoast SEO plugin v27.4 - https:\/\/yoast.com\/product\/yoast-seo-wordpress\/ -->\n<title>Patriarcho ruduo<\/title>\n<meta name=\"description\" content=\"\u201ePatriarcho ruduo\u201c \u2013 tai romanas apie vald\u017eios vienatv\u0119. Visatos ir Laiko generolo istorija, kritik\u0173 dar vadinama \u201epoema apie diktatori\u0173\u201c. G. Garcia\" \/>\n<meta name=\"robots\" content=\"index, follow, max-snippet:-1, max-image-preview:large, max-video-preview:-1\" \/>\n<link rel=\"canonical\" href=\"https:\/\/skaitytaknyga.lt\/en\/produktas\/patriarcho-ruduo\/\" \/>\n<meta property=\"og:locale\" content=\"en_GB\" \/>\n<meta property=\"og:locale:alternate\" content=\"lt_LT\" \/>\n<meta property=\"og:type\" content=\"article\" \/>\n<meta property=\"og:title\" content=\"Patriarcho ruduo\" \/>\n<meta property=\"og:description\" content=\"\u201ePatriarcho ruduo\u201c \u2013 tai romanas apie vald\u017eios vienatv\u0119. Visatos ir Laiko generolo istorija, kritik\u0173 dar vadinama \u201epoema apie diktatori\u0173\u201c. G. Garcia\" \/>\n<meta property=\"og:url\" content=\"https:\/\/skaitytaknyga.lt\/en\/produktas\/patriarcho-ruduo\/\" \/>\n<meta property=\"og:site_name\" content=\"Skaitytaknyga\" \/>\n<meta property=\"article:publisher\" content=\"https:\/\/www.facebook.com\/skaitytaknyga\/\" \/>\n<meta property=\"article:modified_time\" content=\"2025-07-30T19:15:06+00:00\" \/>\n<meta property=\"og:image\" content=\"https:\/\/skaitytaknyga.lt\/wp-content\/uploads\/2024\/07\/skaitytaknyga.png\" \/>\n\t<meta property=\"og:image:width\" content=\"747\" \/>\n\t<meta property=\"og:image:height\" content=\"496\" \/>\n\t<meta property=\"og:image:type\" content=\"image\/png\" \/>\n<meta name=\"twitter:card\" content=\"summary_large_image\" \/>\n<meta name=\"twitter:label1\" content=\"Estimated reading time\" \/>\n\t<meta name=\"twitter:data1\" content=\"1 minute\" \/>\n<script type=\"application\/ld+json\" class=\"yoast-schema-graph\">{\"@context\":\"https:\\\/\\\/schema.org\",\"@graph\":[{\"@type\":\"WebPage\",\"@id\":\"https:\\\/\\\/skaitytaknyga.lt\\\/produktas\\\/patriarcho-ruduo\\\/\",\"url\":\"https:\\\/\\\/skaitytaknyga.lt\\\/produktas\\\/patriarcho-ruduo\\\/\",\"name\":\"Patriarcho ruduo\",\"isPartOf\":{\"@id\":\"https:\\\/\\\/skaitytaknyga.lt\\\/#website\"},\"datePublished\":\"2025-04-25T17:14:26+00:00\",\"dateModified\":\"2025-07-30T19:15:06+00:00\",\"description\":\"\u201ePatriarcho ruduo\u201c \u2013 tai romanas apie vald\u017eios vienatv\u0119. Visatos ir Laiko generolo istorija, kritik\u0173 dar vadinama \u201epoema apie diktatori\u0173\u201c. G. Garcia\",\"breadcrumb\":{\"@id\":\"https:\\\/\\\/skaitytaknyga.lt\\\/produktas\\\/patriarcho-ruduo\\\/#breadcrumb\"},\"inLanguage\":\"en-GB\",\"potentialAction\":[{\"@type\":\"ReadAction\",\"target\":[\"https:\\\/\\\/skaitytaknyga.lt\\\/produktas\\\/patriarcho-ruduo\\\/\"]}]},{\"@type\":\"BreadcrumbList\",\"@id\":\"https:\\\/\\\/skaitytaknyga.lt\\\/produktas\\\/patriarcho-ruduo\\\/#breadcrumb\",\"itemListElement\":[{\"@type\":\"ListItem\",\"position\":1,\"name\":\"Home\",\"item\":\"https:\\\/\\\/skaitytaknyga.lt\\\/\"},{\"@type\":\"ListItem\",\"position\":2,\"name\":\"Parduotuv\u0117\",\"item\":\"https:\\\/\\\/skaitytaknyga.lt\\\/knygu-parduotuve\\\/\"},{\"@type\":\"ListItem\",\"position\":3,\"name\":\"Patriarcho ruduo\"}]},{\"@type\":\"WebSite\",\"@id\":\"https:\\\/\\\/skaitytaknyga.lt\\\/#website\",\"url\":\"https:\\\/\\\/skaitytaknyga.lt\\\/\",\"name\":\"skaitytaknyga.lt\",\"description\":\"Skaitytaknyga.lt \u2013 tai ma\u017eas \u0161eimos verslas, kuris prasid\u0117jo nuo meil\u0117s knygoms ir siekio i\u0161gelb\u0117ti knygas nuo likimo prie konteinerio. Kas vienam nereikalingas daiktas \u2013 kitam lobis, o mes esame tarpininkai, kurie padeda abiems tapti laimingesniems ???? \u017dinome kaip nelengva i\u0161gyventi ma\u017eiems verslams, tad nuo \u0161iol, \u010dia rasite ir kit\u0173, ma\u017e\u0173 \u0161eim\u0173 versl\u0173, rank\u0173 darbo, dovan\u0173 sau ir artimiesiems.\",\"publisher\":{\"@id\":\"https:\\\/\\\/skaitytaknyga.lt\\\/#organization\"},\"potentialAction\":[{\"@type\":\"SearchAction\",\"target\":{\"@type\":\"EntryPoint\",\"urlTemplate\":\"https:\\\/\\\/skaitytaknyga.lt\\\/?s={search_term_string}\"},\"query-input\":{\"@type\":\"PropertyValueSpecification\",\"valueRequired\":true,\"valueName\":\"search_term_string\"}}],\"inLanguage\":\"en-GB\"},{\"@type\":\"Organization\",\"@id\":\"https:\\\/\\\/skaitytaknyga.lt\\\/#organization\",\"name\":\"skaitytaknyga.lt\",\"url\":\"https:\\\/\\\/skaitytaknyga.lt\\\/\",\"logo\":{\"@type\":\"ImageObject\",\"inLanguage\":\"en-GB\",\"@id\":\"https:\\\/\\\/skaitytaknyga.lt\\\/#\\\/schema\\\/logo\\\/image\\\/\",\"url\":\"https:\\\/\\\/skaitytaknyga.lt\\\/wp-content\\\/uploads\\\/2024\\\/05\\\/cropped-cropped-cropped-02_00843_jt3bggkj1j3HLc7SyY6rEUpg.jpeg\",\"contentUrl\":\"https:\\\/\\\/skaitytaknyga.lt\\\/wp-content\\\/uploads\\\/2024\\\/05\\\/cropped-cropped-cropped-02_00843_jt3bggkj1j3HLc7SyY6rEUpg.jpeg\",\"width\":1600,\"height\":1600,\"caption\":\"skaitytaknyga.lt\"},\"image\":{\"@id\":\"https:\\\/\\\/skaitytaknyga.lt\\\/#\\\/schema\\\/logo\\\/image\\\/\"},\"sameAs\":[\"https:\\\/\\\/www.facebook.com\\\/skaitytaknyga\\\/\"]}]}<\/script>\n<!-- \/ Yoast SEO plugin. -->","yoast_head_json":{"title":"Patriarcho ruduo","description":"\u201ePatriarcho ruduo\u201c \u2013 tai romanas apie vald\u017eios vienatv\u0119. Visatos ir Laiko generolo istorija, kritik\u0173 dar vadinama \u201epoema apie diktatori\u0173\u201c. G. Garcia","robots":{"index":"index","follow":"follow","max-snippet":"max-snippet:-1","max-image-preview":"max-image-preview:large","max-video-preview":"max-video-preview:-1"},"canonical":"https:\/\/skaitytaknyga.lt\/en\/produktas\/patriarcho-ruduo\/","og_locale":"en_GB","og_type":"article","og_title":"[:lt]Patriarcho ruduo[:] - Skaitytaknyga","og_description":"\u201ePatriarcho ruduo\u201c \u2013 tai romanas apie vald\u017eios vienatv\u0119. Visatos ir Laiko generolo istorija, kritik\u0173 dar vadinama \u201epoema apie diktatori\u0173\u201c. G. Garcia","og_url":"https:\/\/skaitytaknyga.lt\/en\/produktas\/patriarcho-ruduo\/","og_site_name":"Skaitytaknyga","article_publisher":"https:\/\/www.facebook.com\/skaitytaknyga\/","article_modified_time":"2025-07-30T19:15:06+00:00","og_image":[{"width":747,"height":496,"url":"https:\/\/skaitytaknyga.lt\/wp-content\/uploads\/2024\/07\/skaitytaknyga.png","type":"image\/png"}],"twitter_card":"summary_large_image","twitter_misc":{"Estimated reading time":"1 minute"},"schema":{"@context":"https:\/\/schema.org","@graph":[{"@type":"WebPage","@id":"https:\/\/skaitytaknyga.lt\/produktas\/patriarcho-ruduo\/","url":"https:\/\/skaitytaknyga.lt\/produktas\/patriarcho-ruduo\/","name":"Patriarcho ruduo","isPartOf":{"@id":"https:\/\/skaitytaknyga.lt\/#website"},"datePublished":"2025-04-25T17:14:26+00:00","dateModified":"2025-07-30T19:15:06+00:00","description":"\u201ePatriarcho ruduo\u201c \u2013 tai romanas apie vald\u017eios vienatv\u0119. Visatos ir Laiko generolo istorija, kritik\u0173 dar vadinama \u201epoema apie diktatori\u0173\u201c. G. Garcia","breadcrumb":{"@id":"https:\/\/skaitytaknyga.lt\/produktas\/patriarcho-ruduo\/#breadcrumb"},"inLanguage":"en-GB","potentialAction":[{"@type":"ReadAction","target":["https:\/\/skaitytaknyga.lt\/produktas\/patriarcho-ruduo\/"]}]},{"@type":"BreadcrumbList","@id":"https:\/\/skaitytaknyga.lt\/produktas\/patriarcho-ruduo\/#breadcrumb","itemListElement":[{"@type":"ListItem","position":1,"name":"Home","item":"https:\/\/skaitytaknyga.lt\/"},{"@type":"ListItem","position":2,"name":"Parduotuv\u0117","item":"https:\/\/skaitytaknyga.lt\/knygu-parduotuve\/"},{"@type":"ListItem","position":3,"name":"Patriarcho ruduo"}]},{"@type":"WebSite","@id":"https:\/\/skaitytaknyga.lt\/#website","url":"https:\/\/skaitytaknyga.lt\/","name":"skaitytaknyga.lt","description":"Skaitytaknyga.lt \u2013 tai ma\u017eas \u0161eimos verslas, kuris prasid\u0117jo nuo meil\u0117s knygoms ir siekio i\u0161gelb\u0117ti knygas nuo likimo prie konteinerio. Kas vienam nereikalingas daiktas \u2013 kitam lobis, o mes esame tarpininkai, kurie padeda abiems tapti laimingesniems ???? \u017dinome kaip nelengva i\u0161gyventi ma\u017eiems verslams, tad nuo \u0161iol, \u010dia rasite ir kit\u0173, ma\u017e\u0173 \u0161eim\u0173 versl\u0173, rank\u0173 darbo, dovan\u0173 sau ir artimiesiems.","publisher":{"@id":"https:\/\/skaitytaknyga.lt\/#organization"},"potentialAction":[{"@type":"SearchAction","target":{"@type":"EntryPoint","urlTemplate":"https:\/\/skaitytaknyga.lt\/?s={search_term_string}"},"query-input":{"@type":"PropertyValueSpecification","valueRequired":true,"valueName":"search_term_string"}}],"inLanguage":"en-GB"},{"@type":"Organization","@id":"https:\/\/skaitytaknyga.lt\/#organization","name":"skaitytaknyga.lt","url":"https:\/\/skaitytaknyga.lt\/","logo":{"@type":"ImageObject","inLanguage":"en-GB","@id":"https:\/\/skaitytaknyga.lt\/#\/schema\/logo\/image\/","url":"https:\/\/skaitytaknyga.lt\/wp-content\/uploads\/2024\/05\/cropped-cropped-cropped-02_00843_jt3bggkj1j3HLc7SyY6rEUpg.jpeg","contentUrl":"https:\/\/skaitytaknyga.lt\/wp-content\/uploads\/2024\/05\/cropped-cropped-cropped-02_00843_jt3bggkj1j3HLc7SyY6rEUpg.jpeg","width":1600,"height":1600,"caption":"skaitytaknyga.lt"},"image":{"@id":"https:\/\/skaitytaknyga.lt\/#\/schema\/logo\/image\/"},"sameAs":["https:\/\/www.facebook.com\/skaitytaknyga\/"]}]}},"_links":{"self":[{"href":"https:\/\/skaitytaknyga.lt\/en\/wp-json\/wp\/v2\/product\/18083","targetHints":{"allow":["GET"]}}],"collection":[{"href":"https:\/\/skaitytaknyga.lt\/en\/wp-json\/wp\/v2\/product"}],"about":[{"href":"https:\/\/skaitytaknyga.lt\/en\/wp-json\/wp\/v2\/types\/product"}],"replies":[{"embeddable":true,"href":"https:\/\/skaitytaknyga.lt\/en\/wp-json\/wp\/v2\/comments?post=18083"}],"wp:attachment":[{"href":"https:\/\/skaitytaknyga.lt\/en\/wp-json\/wp\/v2\/media?parent=18083"}],"wp:term":[{"taxonomy":"product_brand","embeddable":true,"href":"https:\/\/skaitytaknyga.lt\/en\/wp-json\/wp\/v2\/product_brand?post=18083"},{"taxonomy":"product_cat","embeddable":true,"href":"https:\/\/skaitytaknyga.lt\/en\/wp-json\/wp\/v2\/product_cat?post=18083"},{"taxonomy":"product_tag","embeddable":true,"href":"https:\/\/skaitytaknyga.lt\/en\/wp-json\/wp\/v2\/product_tag?post=18083"}],"curies":[{"name":"wp","href":"https:\/\/api.w.org\/{rel}","templated":true}]}}