{"id":18080,"date":"2025-04-25T20:14:26","date_gmt":"2025-04-25T17:14:26","guid":{"rendered":"https:\/\/skaitytaknyga.lt\/?post_type=product&#038;p=18080"},"modified":"2025-07-07T09:26:57","modified_gmt":"2025-07-07T06:26:57","slug":"%d1%80%d0%b0%d0%b4%d0%be%d1%81-%d0%b1%d0%bb%d0%b0%d0%b3%d0%be%d1%98%d0%b5%d0%b2%d0%b8%d1%9b-pirminiai-skaiciai-vienatve","status":"publish","type":"product","link":"https:\/\/skaitytaknyga.lt\/en\/produktas\/%d1%80%d0%b0%d0%b4%d0%be%d1%81-%d0%b1%d0%bb%d0%b0%d0%b3%d0%be%d1%98%d0%b5%d0%b2%d0%b8%d1%9b-pirminiai-skaiciai-vienatve\/","title":{"rendered":"Pirmini\u0173 skai\u010di\u0173  vienatv\u0117"},"content":{"rendered":"<p>JIS, JI, J\u0172 VIENATV\u0116 IR&#8230; AUK\u0160TOJI MATEMATIKA<\/p>\n<p>Paolo Giordano romanas \u201ePirmini\u0173 skai\u010di\u0173 vienatv\u0117\u201c \u2013 tai priblo\u0161kianti istorija apie vienatv\u0119 ir meil\u0119.<\/p>\n<p>Pirminiai skai\u010diai dalijasi tik i\u0161 vieno ir i\u0161 sav\u0119s. Nors nepatikl\u016bs ir vieni\u0161i, vis d\u0117lto yra skai\u010di\u0173, turin\u010di\u0173 skai\u010di\u0173 dvyn\u012f, nuo kurio juos skiria tik porinis skai\u010dius.<\/p>\n<p>Romano \u201ePirmini\u0173 skai\u010di\u0173 vienatv\u0117\u201c herojus, nepaprastai gabus matematikas Matija, yra tikras, kad ir jis \u2013 vienas toki\u0173 skai\u010di\u0173, o lic\u0117juje sutikta Ali\u010d\u0117 \u2013 jo dvyn\u0117. Jie pana\u0161\u016bs daug kuo&#8230; Tokia pati skausminga praeitis, tokia pat vienatv\u0117, rodos, taip trok\u0161tama, bet ir be galo skaudi&#8230; Ir tas nesugeb\u0117jimas \u012fveikti am\u017eino atstumo tarp sav\u0119s ir kit\u0173. Nuo pat vaikyst\u0117s dien\u0173 iki brandaus am\u017eiaus j\u0173 gyvenimo keliai vis susikirs, susilies ir nutols atkakliai stengiantis sugriauti juos skirian\u010dias kli\u016btis.<\/p>\n<p>Sant\u016briai, bet su trikdan\u010diu tikslumu Paolo Giordano tyrin\u0117ja skausmingai br\u0119stan\u010di\u0173 ir ie\u0161kan\u010di\u0173 savo vietos gyvenime jaunuoli\u0173 jausmus.<\/p>\n","protected":false},"excerpt":{"rendered":"<p>JIS, JI, J\u0172 VIENATV\u0116 IR&#8230; AUK\u0160TOJI MATEMATIKA Paolo Giordano romanas \u201ePirmini\u0173 skai\u010di\u0173 vienatv\u0117\u201c \u2013 tai priblo\u0161kianti istorija apie vienatv\u0119 ir meil\u0119. Pirminiai skai\u010diai dalijasi tik i\u0161 vieno ir i\u0161 sav\u0119s. Nors nepatikl\u016bs ir vieni\u0161i, vis d\u0117lto yra skai\u010di\u0173, turin\u010di\u0173 skai\u010di\u0173 dvyn\u012f, nuo kurio juos skiria tik porinis skai\u010dius. Romano \u201ePirmini\u0173 skai\u010di\u0173 vienatv\u0117\u201c herojus, nepaprastai gabus matematikas Matija, yra tikras, kad ir jis \u2013 vienas toki\u0173 skai\u010di\u0173, o lic\u0117juje sutikta Ali\u010d\u0117 \u2013 jo dvyn\u0117. Jie pana\u0161\u016bs daug kuo&#8230; Tokia pati skausminga praeitis, tokia pat vienatv\u0117, rodos, taip trok\u0161tama, bet ir be galo skaudi&#8230; Ir tas nesugeb\u0117jimas \u012fveikti am\u017eino atstumo tarp sav\u0119s ir kit\u0173. Nuo pat vaikyst\u0117s dien\u0173 iki brandaus am\u017eiaus j\u0173 gyvenimo keliai vis susikirs, susilies ir nutols atkakliai stengiantis sugriauti juos skirian\u010dias kli\u016btis. Sant\u016briai, bet su trikdan\u010diu tikslumu Paolo Giordano tyrin\u0117ja skausmingai br\u0119stan\u010di\u0173 ir ie\u0161kan\u010di\u0173 savo vietos gyvenime jaunuoli\u0173 jausmus.<\/p>\n","protected":false},"featured_media":18207,"comment_status":"open","ping_status":"closed","template":"","meta":{"_acf_changed":false,"site-sidebar-layout":"default","site-content-layout":"","ast-site-content-layout":"default","site-content-style":"default","site-sidebar-style":"default","ast-global-header-display":"","ast-banner-title-visibility":"","ast-main-header-display":"","ast-hfb-above-header-display":"","ast-hfb-below-header-display":"","ast-hfb-mobile-header-display":"","site-post-title":"","ast-breadcrumbs-content":"","ast-featured-img":"","footer-sml-layout":"","ast-disable-related-posts":"","theme-transparent-header-meta":"","adv-header-id-meta":"","stick-header-meta":"","header-above-stick-meta":"","header-main-stick-meta":"","header-below-stick-meta":"","astra-migrate-meta-layouts":"default","ast-page-background-enabled":"default","ast-page-background-meta":{"desktop":{"background-color":"","background-image":"","background-repeat":"repeat","background-position":"center center","background-size":"auto","background-attachment":"scroll","background-type":"","background-media":"","overlay-type":"","overlay-color":"","overlay-opacity":"","overlay-gradient":""},"tablet":{"background-color":"","background-image":"","background-repeat":"repeat","background-position":"center center","background-size":"auto","background-attachment":"scroll","background-type":"","background-media":"","overlay-type":"","overlay-color":"","overlay-opacity":"","overlay-gradient":""},"mobile":{"background-color":"","background-image":"","background-repeat":"repeat","background-position":"center center","background-size":"auto","background-attachment":"scroll","background-type":"","background-media":"","overlay-type":"","overlay-color":"","overlay-opacity":"","overlay-gradient":""}},"ast-content-background-meta":{"desktop":{"background-color":"var(--ast-global-color-4)","background-image":"","background-repeat":"repeat","background-position":"center center","background-size":"auto","background-attachment":"scroll","background-type":"","background-media":"","overlay-type":"","overlay-color":"","overlay-opacity":"","overlay-gradient":""},"tablet":{"background-color":"var(--ast-global-color-4)","background-image":"","background-repeat":"repeat","background-position":"center center","background-size":"auto","background-attachment":"scroll","background-type":"","background-media":"","overlay-type":"","overlay-color":"","overlay-opacity":"","overlay-gradient":""},"mobile":{"background-color":"var(--ast-global-color-4)","background-image":"","background-repeat":"repeat","background-position":"center center","background-size":"auto","background-attachment":"scroll","background-type":"","background-media":"","overlay-type":"","overlay-color":"","overlay-opacity":"","overlay-gradient":""}}},"product_brand":[],"product_cat":[31],"product_tag":[1525,4847,4846,1796,1273,3241],"class_list":{"0":"post-18080","1":"product","2":"type-product","3":"status-publish","4":"has-post-thumbnail","6":"product_cat-grozine-literatura","7":"product_tag-emocijos","8":"product_tag-gyvenimo-paieskos","9":"product_tag-matematika","10":"product_tag-meile","11":"product_tag-paolo-giordano","12":"product_tag-vienatve","13":"desktop-align-left","14":"tablet-align-left","15":"mobile-align-left","17":"first","18":"instock","19":"shipping-taxable","20":"purchasable","21":"product-type-simple"},"acf":[],"yoast_head":"<!-- This site is optimized with the Yoast SEO plugin v27.0 - https:\/\/yoast.com\/product\/yoast-seo-wordpress\/ -->\n<title>Pirmini\u0173 skai\u010di\u0173 vienatv\u0117<\/title>\n<meta name=\"description\" content=\"JIS, JI, J\u0172 VIENATV\u0116 IR... AUK\u0160TOJI MATEMATIKA Paolo Giordano romanas \u201ePirmini\u0173 skai\u010di\u0173 vienatv\u0117\u201c \u2013 tai priblo\u0161kianti istorija apie vienatv\u0119 ir meil\u0119.\" \/>\n<meta name=\"robots\" content=\"index, follow, max-snippet:-1, max-image-preview:large, max-video-preview:-1\" \/>\n<link rel=\"canonical\" href=\"https:\/\/skaitytaknyga.lt\/en\/produktas\/\u0440\u0430\u0434\u043e\u0441-\u0431\u043b\u0430\u0433\u043e\u0458\u0435\u0432\u0438\u045b-pirminiai-skaiciai-vienatve\/\" \/>\n<meta property=\"og:locale\" content=\"en_GB\" \/>\n<meta property=\"og:locale:alternate\" content=\"lt_LT\" \/>\n<meta property=\"og:type\" content=\"article\" \/>\n<meta property=\"og:title\" content=\"Pirmini\u0173 skai\u010di\u0173 vienatv\u0117\" \/>\n<meta property=\"og:description\" content=\"JIS, JI, J\u0172 VIENATV\u0116 IR... AUK\u0160TOJI MATEMATIKA Paolo Giordano romanas \u201ePirmini\u0173 skai\u010di\u0173 vienatv\u0117\u201c \u2013 tai priblo\u0161kianti istorija apie vienatv\u0119 ir meil\u0119.\" \/>\n<meta property=\"og:url\" content=\"https:\/\/skaitytaknyga.lt\/en\/produktas\/\u0440\u0430\u0434\u043e\u0441-\u0431\u043b\u0430\u0433\u043e\u0458\u0435\u0432\u0438\u045b-pirminiai-skaiciai-vienatve\/\" \/>\n<meta property=\"og:site_name\" content=\"Skaitytaknyga\" \/>\n<meta property=\"article:publisher\" content=\"https:\/\/www.facebook.com\/skaitytaknyga\/\" \/>\n<meta property=\"article:modified_time\" content=\"2025-07-07T06:26:57+00:00\" \/>\n<meta property=\"og:image\" content=\"https:\/\/skaitytaknyga.lt\/wp-content\/uploads\/2025\/04\/pirm.webp\" \/>\n\t<meta property=\"og:image:width\" content=\"429\" \/>\n\t<meta property=\"og:image:height\" content=\"642\" \/>\n\t<meta property=\"og:image:type\" content=\"image\/webp\" \/>\n<meta name=\"twitter:card\" content=\"summary_large_image\" \/>\n<meta name=\"twitter:label1\" content=\"Estimated reading time\" \/>\n\t<meta name=\"twitter:data1\" content=\"1 minute\" \/>\n<script type=\"application\/ld+json\" class=\"yoast-schema-graph\">{\"@context\":\"https:\/\/schema.org\",\"@graph\":[{\"@type\":\"WebPage\",\"@id\":\"https:\/\/skaitytaknyga.lt\/produktas\/%d1%80%d0%b0%d0%b4%d0%be%d1%81-%d0%b1%d0%bb%d0%b0%d0%b3%d0%be%d1%98%d0%b5%d0%b2%d0%b8%d1%9b-pirminiai-skaiciai-vienatve\/\",\"url\":\"https:\/\/skaitytaknyga.lt\/produktas\/%d1%80%d0%b0%d0%b4%d0%be%d1%81-%d0%b1%d0%bb%d0%b0%d0%b3%d0%be%d1%98%d0%b5%d0%b2%d0%b8%d1%9b-pirminiai-skaiciai-vienatve\/\",\"name\":\"Pirmini\u0173 skai\u010di\u0173 vienatv\u0117\",\"isPartOf\":{\"@id\":\"https:\/\/skaitytaknyga.lt\/#website\"},\"primaryImageOfPage\":{\"@id\":\"https:\/\/skaitytaknyga.lt\/produktas\/%d1%80%d0%b0%d0%b4%d0%be%d1%81-%d0%b1%d0%bb%d0%b0%d0%b3%d0%be%d1%98%d0%b5%d0%b2%d0%b8%d1%9b-pirminiai-skaiciai-vienatve\/#primaryimage\"},\"image\":{\"@id\":\"https:\/\/skaitytaknyga.lt\/produktas\/%d1%80%d0%b0%d0%b4%d0%be%d1%81-%d0%b1%d0%bb%d0%b0%d0%b3%d0%be%d1%98%d0%b5%d0%b2%d0%b8%d1%9b-pirminiai-skaiciai-vienatve\/#primaryimage\"},\"thumbnailUrl\":\"https:\/\/skaitytaknyga.lt\/wp-content\/uploads\/2025\/04\/pirm.webp\",\"datePublished\":\"2025-04-25T17:14:26+00:00\",\"dateModified\":\"2025-07-07T06:26:57+00:00\",\"description\":\"JIS, JI, J\u0172 VIENATV\u0116 IR... AUK\u0160TOJI MATEMATIKA Paolo Giordano romanas \u201ePirmini\u0173 skai\u010di\u0173 vienatv\u0117\u201c \u2013 tai priblo\u0161kianti istorija apie vienatv\u0119 ir meil\u0119.\",\"breadcrumb\":{\"@id\":\"https:\/\/skaitytaknyga.lt\/produktas\/%d1%80%d0%b0%d0%b4%d0%be%d1%81-%d0%b1%d0%bb%d0%b0%d0%b3%d0%be%d1%98%d0%b5%d0%b2%d0%b8%d1%9b-pirminiai-skaiciai-vienatve\/#breadcrumb\"},\"inLanguage\":\"en-GB\",\"potentialAction\":[{\"@type\":\"ReadAction\",\"target\":[\"https:\/\/skaitytaknyga.lt\/produktas\/%d1%80%d0%b0%d0%b4%d0%be%d1%81-%d0%b1%d0%bb%d0%b0%d0%b3%d0%be%d1%98%d0%b5%d0%b2%d0%b8%d1%9b-pirminiai-skaiciai-vienatve\/\"]}]},{\"@type\":\"ImageObject\",\"inLanguage\":\"en-GB\",\"@id\":\"https:\/\/skaitytaknyga.lt\/produktas\/%d1%80%d0%b0%d0%b4%d0%be%d1%81-%d0%b1%d0%bb%d0%b0%d0%b3%d0%be%d1%98%d0%b5%d0%b2%d0%b8%d1%9b-pirminiai-skaiciai-vienatve\/#primaryimage\",\"url\":\"https:\/\/skaitytaknyga.lt\/wp-content\/uploads\/2025\/04\/pirm.webp\",\"contentUrl\":\"https:\/\/skaitytaknyga.lt\/wp-content\/uploads\/2025\/04\/pirm.webp\",\"width\":429,\"height\":642,\"caption\":\"Pirmini\u0173 skai\u010di\u0173 vienatv\u0117\"},{\"@type\":\"BreadcrumbList\",\"@id\":\"https:\/\/skaitytaknyga.lt\/produktas\/%d1%80%d0%b0%d0%b4%d0%be%d1%81-%d0%b1%d0%bb%d0%b0%d0%b3%d0%be%d1%98%d0%b5%d0%b2%d0%b8%d1%9b-pirminiai-skaiciai-vienatve\/#breadcrumb\",\"itemListElement\":[{\"@type\":\"ListItem\",\"position\":1,\"name\":\"Home\",\"item\":\"https:\/\/skaitytaknyga.lt\/\"},{\"@type\":\"ListItem\",\"position\":2,\"name\":\"Parduotuv\u0117\",\"item\":\"https:\/\/skaitytaknyga.lt\/knygu-parduotuve\/\"},{\"@type\":\"ListItem\",\"position\":3,\"name\":\"Pirmini\u0173 skai\u010di\u0173 vienatv\u0117\"}]},{\"@type\":\"WebSite\",\"@id\":\"https:\/\/skaitytaknyga.lt\/#website\",\"url\":\"https:\/\/skaitytaknyga.lt\/\",\"name\":\"skaitytaknyga.lt\",\"description\":\"Skaitytaknyga.lt \u2013 tai ma\u017eas \u0161eimos verslas, kuris prasid\u0117jo nuo meil\u0117s knygoms ir siekio i\u0161gelb\u0117ti knygas nuo likimo prie konteinerio. Kas vienam nereikalingas daiktas \u2013 kitam lobis, o mes esame tarpininkai, kurie padeda abiems tapti laimingesniems ???? \u017dinome kaip nelengva i\u0161gyventi ma\u017eiems verslams, tad nuo \u0161iol, \u010dia rasite ir kit\u0173, ma\u017e\u0173 \u0161eim\u0173 versl\u0173, rank\u0173 darbo, dovan\u0173 sau ir artimiesiems.\",\"publisher\":{\"@id\":\"https:\/\/skaitytaknyga.lt\/#organization\"},\"potentialAction\":[{\"@type\":\"SearchAction\",\"target\":{\"@type\":\"EntryPoint\",\"urlTemplate\":\"https:\/\/skaitytaknyga.lt\/?s={search_term_string}\"},\"query-input\":{\"@type\":\"PropertyValueSpecification\",\"valueRequired\":true,\"valueName\":\"search_term_string\"}}],\"inLanguage\":\"en-GB\"},{\"@type\":\"Organization\",\"@id\":\"https:\/\/skaitytaknyga.lt\/#organization\",\"name\":\"skaitytaknyga.lt\",\"url\":\"https:\/\/skaitytaknyga.lt\/\",\"logo\":{\"@type\":\"ImageObject\",\"inLanguage\":\"en-GB\",\"@id\":\"https:\/\/skaitytaknyga.lt\/#\/schema\/logo\/image\/\",\"url\":\"https:\/\/skaitytaknyga.lt\/wp-content\/uploads\/2024\/05\/cropped-cropped-cropped-02_00843_jt3bggkj1j3HLc7SyY6rEUpg.jpeg\",\"contentUrl\":\"https:\/\/skaitytaknyga.lt\/wp-content\/uploads\/2024\/05\/cropped-cropped-cropped-02_00843_jt3bggkj1j3HLc7SyY6rEUpg.jpeg\",\"width\":1600,\"height\":1600,\"caption\":\"skaitytaknyga.lt\"},\"image\":{\"@id\":\"https:\/\/skaitytaknyga.lt\/#\/schema\/logo\/image\/\"},\"sameAs\":[\"https:\/\/www.facebook.com\/skaitytaknyga\/\"]}]}<\/script>\n<!-- \/ Yoast SEO plugin. -->","yoast_head_json":{"title":"Pirmini\u0173 skai\u010di\u0173 vienatv\u0117","description":"JIS, JI, J\u0172 VIENATV\u0116 IR... AUK\u0160TOJI MATEMATIKA Paolo Giordano romanas \u201ePirmini\u0173 skai\u010di\u0173 vienatv\u0117\u201c \u2013 tai priblo\u0161kianti istorija apie vienatv\u0119 ir meil\u0119.","robots":{"index":"index","follow":"follow","max-snippet":"max-snippet:-1","max-image-preview":"max-image-preview:large","max-video-preview":"max-video-preview:-1"},"canonical":"https:\/\/skaitytaknyga.lt\/en\/produktas\/\u0440\u0430\u0434\u043e\u0441-\u0431\u043b\u0430\u0433\u043e\u0458\u0435\u0432\u0438\u045b-pirminiai-skaiciai-vienatve\/","og_locale":"en_GB","og_type":"article","og_title":"[:lt]Pirmini\u0173 skai\u010di\u0173 vienatv\u0117[:] - Skaitytaknyga","og_description":"JIS, JI, J\u0172 VIENATV\u0116 IR... AUK\u0160TOJI MATEMATIKA Paolo Giordano romanas \u201ePirmini\u0173 skai\u010di\u0173 vienatv\u0117\u201c \u2013 tai priblo\u0161kianti istorija apie vienatv\u0119 ir meil\u0119.","og_url":"https:\/\/skaitytaknyga.lt\/en\/produktas\/\u0440\u0430\u0434\u043e\u0441-\u0431\u043b\u0430\u0433\u043e\u0458\u0435\u0432\u0438\u045b-pirminiai-skaiciai-vienatve\/","og_site_name":"Skaitytaknyga","article_publisher":"https:\/\/www.facebook.com\/skaitytaknyga\/","article_modified_time":"2025-07-07T06:26:57+00:00","og_image":[{"width":429,"height":642,"url":"https:\/\/skaitytaknyga.lt\/wp-content\/uploads\/2025\/04\/pirm.webp","type":"image\/webp"}],"twitter_card":"summary_large_image","twitter_misc":{"Estimated reading time":"1 minute"},"schema":{"@context":"https:\/\/schema.org","@graph":[{"@type":"WebPage","@id":"https:\/\/skaitytaknyga.lt\/produktas\/%d1%80%d0%b0%d0%b4%d0%be%d1%81-%d0%b1%d0%bb%d0%b0%d0%b3%d0%be%d1%98%d0%b5%d0%b2%d0%b8%d1%9b-pirminiai-skaiciai-vienatve\/","url":"https:\/\/skaitytaknyga.lt\/produktas\/%d1%80%d0%b0%d0%b4%d0%be%d1%81-%d0%b1%d0%bb%d0%b0%d0%b3%d0%be%d1%98%d0%b5%d0%b2%d0%b8%d1%9b-pirminiai-skaiciai-vienatve\/","name":"Pirmini\u0173 skai\u010di\u0173 vienatv\u0117","isPartOf":{"@id":"https:\/\/skaitytaknyga.lt\/#website"},"primaryImageOfPage":{"@id":"https:\/\/skaitytaknyga.lt\/produktas\/%d1%80%d0%b0%d0%b4%d0%be%d1%81-%d0%b1%d0%bb%d0%b0%d0%b3%d0%be%d1%98%d0%b5%d0%b2%d0%b8%d1%9b-pirminiai-skaiciai-vienatve\/#primaryimage"},"image":{"@id":"https:\/\/skaitytaknyga.lt\/produktas\/%d1%80%d0%b0%d0%b4%d0%be%d1%81-%d0%b1%d0%bb%d0%b0%d0%b3%d0%be%d1%98%d0%b5%d0%b2%d0%b8%d1%9b-pirminiai-skaiciai-vienatve\/#primaryimage"},"thumbnailUrl":"https:\/\/skaitytaknyga.lt\/wp-content\/uploads\/2025\/04\/pirm.webp","datePublished":"2025-04-25T17:14:26+00:00","dateModified":"2025-07-07T06:26:57+00:00","description":"JIS, JI, J\u0172 VIENATV\u0116 IR... AUK\u0160TOJI MATEMATIKA Paolo Giordano romanas \u201ePirmini\u0173 skai\u010di\u0173 vienatv\u0117\u201c \u2013 tai priblo\u0161kianti istorija apie vienatv\u0119 ir meil\u0119.","breadcrumb":{"@id":"https:\/\/skaitytaknyga.lt\/produktas\/%d1%80%d0%b0%d0%b4%d0%be%d1%81-%d0%b1%d0%bb%d0%b0%d0%b3%d0%be%d1%98%d0%b5%d0%b2%d0%b8%d1%9b-pirminiai-skaiciai-vienatve\/#breadcrumb"},"inLanguage":"en-GB","potentialAction":[{"@type":"ReadAction","target":["https:\/\/skaitytaknyga.lt\/produktas\/%d1%80%d0%b0%d0%b4%d0%be%d1%81-%d0%b1%d0%bb%d0%b0%d0%b3%d0%be%d1%98%d0%b5%d0%b2%d0%b8%d1%9b-pirminiai-skaiciai-vienatve\/"]}]},{"@type":"ImageObject","inLanguage":"en-GB","@id":"https:\/\/skaitytaknyga.lt\/produktas\/%d1%80%d0%b0%d0%b4%d0%be%d1%81-%d0%b1%d0%bb%d0%b0%d0%b3%d0%be%d1%98%d0%b5%d0%b2%d0%b8%d1%9b-pirminiai-skaiciai-vienatve\/#primaryimage","url":"https:\/\/skaitytaknyga.lt\/wp-content\/uploads\/2025\/04\/pirm.webp","contentUrl":"https:\/\/skaitytaknyga.lt\/wp-content\/uploads\/2025\/04\/pirm.webp","width":429,"height":642,"caption":"Pirmini\u0173 skai\u010di\u0173 vienatv\u0117"},{"@type":"BreadcrumbList","@id":"https:\/\/skaitytaknyga.lt\/produktas\/%d1%80%d0%b0%d0%b4%d0%be%d1%81-%d0%b1%d0%bb%d0%b0%d0%b3%d0%be%d1%98%d0%b5%d0%b2%d0%b8%d1%9b-pirminiai-skaiciai-vienatve\/#breadcrumb","itemListElement":[{"@type":"ListItem","position":1,"name":"Home","item":"https:\/\/skaitytaknyga.lt\/"},{"@type":"ListItem","position":2,"name":"Parduotuv\u0117","item":"https:\/\/skaitytaknyga.lt\/knygu-parduotuve\/"},{"@type":"ListItem","position":3,"name":"Pirmini\u0173 skai\u010di\u0173 vienatv\u0117"}]},{"@type":"WebSite","@id":"https:\/\/skaitytaknyga.lt\/#website","url":"https:\/\/skaitytaknyga.lt\/","name":"skaitytaknyga.lt","description":"Skaitytaknyga.lt \u2013 tai ma\u017eas \u0161eimos verslas, kuris prasid\u0117jo nuo meil\u0117s knygoms ir siekio i\u0161gelb\u0117ti knygas nuo likimo prie konteinerio. Kas vienam nereikalingas daiktas \u2013 kitam lobis, o mes esame tarpininkai, kurie padeda abiems tapti laimingesniems ???? \u017dinome kaip nelengva i\u0161gyventi ma\u017eiems verslams, tad nuo \u0161iol, \u010dia rasite ir kit\u0173, ma\u017e\u0173 \u0161eim\u0173 versl\u0173, rank\u0173 darbo, dovan\u0173 sau ir artimiesiems.","publisher":{"@id":"https:\/\/skaitytaknyga.lt\/#organization"},"potentialAction":[{"@type":"SearchAction","target":{"@type":"EntryPoint","urlTemplate":"https:\/\/skaitytaknyga.lt\/?s={search_term_string}"},"query-input":{"@type":"PropertyValueSpecification","valueRequired":true,"valueName":"search_term_string"}}],"inLanguage":"en-GB"},{"@type":"Organization","@id":"https:\/\/skaitytaknyga.lt\/#organization","name":"skaitytaknyga.lt","url":"https:\/\/skaitytaknyga.lt\/","logo":{"@type":"ImageObject","inLanguage":"en-GB","@id":"https:\/\/skaitytaknyga.lt\/#\/schema\/logo\/image\/","url":"https:\/\/skaitytaknyga.lt\/wp-content\/uploads\/2024\/05\/cropped-cropped-cropped-02_00843_jt3bggkj1j3HLc7SyY6rEUpg.jpeg","contentUrl":"https:\/\/skaitytaknyga.lt\/wp-content\/uploads\/2024\/05\/cropped-cropped-cropped-02_00843_jt3bggkj1j3HLc7SyY6rEUpg.jpeg","width":1600,"height":1600,"caption":"skaitytaknyga.lt"},"image":{"@id":"https:\/\/skaitytaknyga.lt\/#\/schema\/logo\/image\/"},"sameAs":["https:\/\/www.facebook.com\/skaitytaknyga\/"]}]}},"_links":{"self":[{"href":"https:\/\/skaitytaknyga.lt\/en\/wp-json\/wp\/v2\/product\/18080","targetHints":{"allow":["GET"]}}],"collection":[{"href":"https:\/\/skaitytaknyga.lt\/en\/wp-json\/wp\/v2\/product"}],"about":[{"href":"https:\/\/skaitytaknyga.lt\/en\/wp-json\/wp\/v2\/types\/product"}],"replies":[{"embeddable":true,"href":"https:\/\/skaitytaknyga.lt\/en\/wp-json\/wp\/v2\/comments?post=18080"}],"wp:featuredmedia":[{"embeddable":true,"href":"https:\/\/skaitytaknyga.lt\/en\/wp-json\/wp\/v2\/media\/18207"}],"wp:attachment":[{"href":"https:\/\/skaitytaknyga.lt\/en\/wp-json\/wp\/v2\/media?parent=18080"}],"wp:term":[{"taxonomy":"product_brand","embeddable":true,"href":"https:\/\/skaitytaknyga.lt\/en\/wp-json\/wp\/v2\/product_brand?post=18080"},{"taxonomy":"product_cat","embeddable":true,"href":"https:\/\/skaitytaknyga.lt\/en\/wp-json\/wp\/v2\/product_cat?post=18080"},{"taxonomy":"product_tag","embeddable":true,"href":"https:\/\/skaitytaknyga.lt\/en\/wp-json\/wp\/v2\/product_tag?post=18080"}],"curies":[{"name":"wp","href":"https:\/\/api.w.org\/{rel}","templated":true}]}}