{"id":18077,"date":"2025-04-25T20:14:26","date_gmt":"2025-04-25T17:14:26","guid":{"rendered":"https:\/\/skaitytaknyga.lt\/?post_type=product&#038;p=18077"},"modified":"2025-05-12T10:55:24","modified_gmt":"2025-05-12T07:55:24","slug":"anna-maria-sigmund-naciu-moterys","status":"publish","type":"product","link":"https:\/\/skaitytaknyga.lt\/en\/produktas\/anna-maria-sigmund-naciu-moterys\/","title":{"rendered":"Naci\u0173 moterys"},"content":{"rendered":"<p>Adolfas Hitleris su\u017eav\u0117davo moteris per masinius renginius, paversdavo jas pami\u0161\u0117li\u0161ka isteriki\u0173 minia. Auk\u0161tuomen\u0117s damos \u017eav\u0117josi juo ir ties\u0117 jam keli\u0105 \u012f vir\u0161\u016bn\u0119.<\/p>\n<p>Tokios \u201eparadin\u0117s\u201c moterys kaip Hana Rai\u010d, Leni Braun ir Vinifred Vagner liaupsino j\u012f ir peln\u0117 jam \u0161lov\u0119.<\/p>\n<p>Hitlerio seser\u0117\u010dia Geli Raubal del jo nusi\u017eud\u0117. Eva Braun drauge \u017eeng\u0117 \u012f mirt\u012f.<\/p>\n<p>Netgi Hitlerio pagalbinink\u0173 \u017emonos buvo jo pasek\u0117jos.<\/p>\n<p>Kaip klost\u0117si naci\u0173 elito aplinkos moter\u0173 gyvenimas? Kok\u012f vaidmen\u012f jos atliko oficialiai ir u\u017ekulisiuose? Kaip jaut\u0117si Magda Gebels, kuri 1945 metais nu\u017eud\u0117 \u0161e\u0161is savo vaikus? Kaip elg\u0117si su G\u0117ringu dvi jo \u017emonos Karina ir Emi? Kaip jaut\u0117si Henrieta fon \u0160irak, kai jos vyras deportavo i\u0161 Vienos 60 000 \u017eyd\u0173?<\/p>\n<p>Ar atitiko Junita Mitford ir kitos moterys naci\u0173 elito aplinkoje propaguojam\u0105 ideal\u0105 \u201evyras skirtas tautai, moteris &#8211; \u0161eimai\u201c?<\/p>\n<p>Anna Maria Sigmund kaip tik ir bando atsakyti \u012f t\u0105 klausim\u0105. \u0160ioje patrauklioje knygoje pateikiamos i\u0161vados apie moteris Tre\u010diajame reiche.<\/p>\n","protected":false},"excerpt":{"rendered":"<p>Adolfas Hitleris su\u017eav\u0117davo moteris per masinius renginius, paversdavo jas pami\u0161\u0117li\u0161ka isteriki\u0173 minia. Auk\u0161tuomen\u0117s damos \u017eav\u0117josi juo ir ties\u0117 jam keli\u0105 \u012f vir\u0161\u016bn\u0119. Tokios \u201eparadin\u0117s\u201c moterys kaip Hana Rai\u010d, Leni Braun ir Vinifred Vagner liaupsino j\u012f ir peln\u0117 jam \u0161lov\u0119. Hitlerio seser\u0117\u010dia Geli Raubal del jo nusi\u017eud\u0117. Eva Braun drauge \u017eeng\u0117 \u012f mirt\u012f. Netgi Hitlerio pagalbinink\u0173 \u017emonos buvo jo pasek\u0117jos. Kaip klost\u0117si naci\u0173 elito aplinkos moter\u0173 gyvenimas? Kok\u012f vaidmen\u012f jos atliko oficialiai ir u\u017ekulisiuose? Kaip jaut\u0117si Magda Gebels, kuri 1945 metais nu\u017eud\u0117 \u0161e\u0161is savo vaikus? Kaip elg\u0117si su G\u0117ringu dvi jo \u017emonos Karina ir Emi? Kaip jaut\u0117si Henrieta fon \u0160irak, kai jos vyras deportavo i\u0161 Vienos 60 000 \u017eyd\u0173? Ar atitiko Junita Mitford ir kitos moterys naci\u0173 elito aplinkoje propaguojam\u0105 ideal\u0105 \u201evyras skirtas tautai, moteris &#8211; \u0161eimai\u201c? Anna Maria Sigmund kaip tik ir bando atsakyti \u012f t\u0105 klausim\u0105. \u0160ioje patrauklioje knygoje pateikiamos i\u0161vados apie moteris Tre\u010diajame reiche.<\/p>\n","protected":false},"featured_media":18226,"comment_status":"open","ping_status":"closed","template":"","meta":{"_acf_changed":false,"site-sidebar-layout":"default","site-content-layout":"","ast-site-content-layout":"default","site-content-style":"default","site-sidebar-style":"default","ast-global-header-display":"","ast-banner-title-visibility":"","ast-main-header-display":"","ast-hfb-above-header-display":"","ast-hfb-below-header-display":"","ast-hfb-mobile-header-display":"","site-post-title":"","ast-breadcrumbs-content":"","ast-featured-img":"","footer-sml-layout":"","ast-disable-related-posts":"","theme-transparent-header-meta":"","adv-header-id-meta":"","stick-header-meta":"","header-above-stick-meta":"","header-main-stick-meta":"","header-below-stick-meta":"","astra-migrate-meta-layouts":"default","ast-page-background-enabled":"default","ast-page-background-meta":{"desktop":{"background-color":"","background-image":"","background-repeat":"repeat","background-position":"center center","background-size":"auto","background-attachment":"scroll","background-type":"","background-media":"","overlay-type":"","overlay-color":"","overlay-opacity":"","overlay-gradient":""},"tablet":{"background-color":"","background-image":"","background-repeat":"repeat","background-position":"center center","background-size":"auto","background-attachment":"scroll","background-type":"","background-media":"","overlay-type":"","overlay-color":"","overlay-opacity":"","overlay-gradient":""},"mobile":{"background-color":"","background-image":"","background-repeat":"repeat","background-position":"center center","background-size":"auto","background-attachment":"scroll","background-type":"","background-media":"","overlay-type":"","overlay-color":"","overlay-opacity":"","overlay-gradient":""}},"ast-content-background-meta":{"desktop":{"background-color":"var(--ast-global-color-4)","background-image":"","background-repeat":"repeat","background-position":"center center","background-size":"auto","background-attachment":"scroll","background-type":"","background-media":"","overlay-type":"","overlay-color":"","overlay-opacity":"","overlay-gradient":""},"tablet":{"background-color":"var(--ast-global-color-4)","background-image":"","background-repeat":"repeat","background-position":"center center","background-size":"auto","background-attachment":"scroll","background-type":"","background-media":"","overlay-type":"","overlay-color":"","overlay-opacity":"","overlay-gradient":""},"mobile":{"background-color":"var(--ast-global-color-4)","background-image":"","background-repeat":"repeat","background-position":"center center","background-size":"auto","background-attachment":"scroll","background-type":"","background-media":"","overlay-type":"","overlay-color":"","overlay-opacity":"","overlay-gradient":""}}},"product_brand":[],"product_cat":[15],"product_tag":[1331,1095],"class_list":{"0":"post-18077","1":"product","2":"type-product","3":"status-publish","4":"has-post-thumbnail","6":"product_cat-uncategorized","7":"product_tag-anna-maria-sigmund","8":"product_tag-antrasis-pasaulinis-karas","9":"desktop-align-left","10":"tablet-align-left","11":"mobile-align-left","13":"first","14":"instock","15":"shipping-taxable","16":"purchasable","17":"product-type-simple"},"acf":[],"yoast_head":"<!-- This site is optimized with the Yoast SEO plugin v27.0 - https:\/\/yoast.com\/product\/yoast-seo-wordpress\/ -->\n<title>Naci\u0173 moterys<\/title>\n<meta name=\"description\" content=\"Adolfas Hitleris su\u017eav\u0117davo moteris per masinius renginius, paversdavo jas pami\u0161\u0117li\u0161ka isteriki\u0173 minia. Auk\u0161tuomen\u0117s damos \u017eav\u0117josi juo ir ties\u0117 jam keli\u0105\" \/>\n<meta name=\"robots\" content=\"index, follow, max-snippet:-1, max-image-preview:large, max-video-preview:-1\" \/>\n<link rel=\"canonical\" href=\"https:\/\/skaitytaknyga.lt\/en\/produktas\/anna-maria-sigmund-naciu-moterys\/\" \/>\n<meta property=\"og:locale\" content=\"en_GB\" \/>\n<meta property=\"og:locale:alternate\" content=\"lt_LT\" \/>\n<meta property=\"og:type\" content=\"article\" \/>\n<meta property=\"og:title\" content=\"Naci\u0173 moterys\" \/>\n<meta property=\"og:description\" content=\"Adolfas Hitleris su\u017eav\u0117davo moteris per masinius renginius, paversdavo jas pami\u0161\u0117li\u0161ka isteriki\u0173 minia. Auk\u0161tuomen\u0117s damos \u017eav\u0117josi juo ir ties\u0117 jam keli\u0105\" \/>\n<meta property=\"og:url\" content=\"https:\/\/skaitytaknyga.lt\/en\/produktas\/anna-maria-sigmund-naciu-moterys\/\" \/>\n<meta property=\"og:site_name\" content=\"Skaitytaknyga\" \/>\n<meta property=\"article:publisher\" content=\"https:\/\/www.facebook.com\/skaitytaknyga\/\" \/>\n<meta property=\"article:modified_time\" content=\"2025-05-12T07:55:24+00:00\" \/>\n<meta property=\"og:image\" content=\"https:\/\/skaitytaknyga.lt\/wp-content\/uploads\/2025\/05\/Naciu-moterys.webp\" \/>\n\t<meta property=\"og:image:width\" content=\"536\" \/>\n\t<meta property=\"og:image:height\" content=\"800\" \/>\n\t<meta property=\"og:image:type\" content=\"image\/webp\" \/>\n<meta name=\"twitter:card\" content=\"summary_large_image\" \/>\n<meta name=\"twitter:label1\" content=\"Estimated reading time\" \/>\n\t<meta name=\"twitter:data1\" content=\"1 minute\" \/>\n<script type=\"application\/ld+json\" class=\"yoast-schema-graph\">{\"@context\":\"https:\/\/schema.org\",\"@graph\":[{\"@type\":\"WebPage\",\"@id\":\"https:\/\/skaitytaknyga.lt\/produktas\/anna-maria-sigmund-naciu-moterys\/\",\"url\":\"https:\/\/skaitytaknyga.lt\/produktas\/anna-maria-sigmund-naciu-moterys\/\",\"name\":\"Naci\u0173 moterys\",\"isPartOf\":{\"@id\":\"https:\/\/skaitytaknyga.lt\/#website\"},\"primaryImageOfPage\":{\"@id\":\"https:\/\/skaitytaknyga.lt\/produktas\/anna-maria-sigmund-naciu-moterys\/#primaryimage\"},\"image\":{\"@id\":\"https:\/\/skaitytaknyga.lt\/produktas\/anna-maria-sigmund-naciu-moterys\/#primaryimage\"},\"thumbnailUrl\":\"https:\/\/skaitytaknyga.lt\/wp-content\/uploads\/2025\/05\/Naciu-moterys.webp\",\"datePublished\":\"2025-04-25T17:14:26+00:00\",\"dateModified\":\"2025-05-12T07:55:24+00:00\",\"description\":\"Adolfas Hitleris su\u017eav\u0117davo moteris per masinius renginius, paversdavo jas pami\u0161\u0117li\u0161ka isteriki\u0173 minia. Auk\u0161tuomen\u0117s damos \u017eav\u0117josi juo ir ties\u0117 jam keli\u0105\",\"breadcrumb\":{\"@id\":\"https:\/\/skaitytaknyga.lt\/produktas\/anna-maria-sigmund-naciu-moterys\/#breadcrumb\"},\"inLanguage\":\"en-GB\",\"potentialAction\":[{\"@type\":\"ReadAction\",\"target\":[\"https:\/\/skaitytaknyga.lt\/produktas\/anna-maria-sigmund-naciu-moterys\/\"]}]},{\"@type\":\"ImageObject\",\"inLanguage\":\"en-GB\",\"@id\":\"https:\/\/skaitytaknyga.lt\/produktas\/anna-maria-sigmund-naciu-moterys\/#primaryimage\",\"url\":\"https:\/\/skaitytaknyga.lt\/wp-content\/uploads\/2025\/05\/Naciu-moterys.webp\",\"contentUrl\":\"https:\/\/skaitytaknyga.lt\/wp-content\/uploads\/2025\/05\/Naciu-moterys.webp\",\"width\":536,\"height\":800,\"caption\":\"Naci\u0173 moterys\"},{\"@type\":\"BreadcrumbList\",\"@id\":\"https:\/\/skaitytaknyga.lt\/produktas\/anna-maria-sigmund-naciu-moterys\/#breadcrumb\",\"itemListElement\":[{\"@type\":\"ListItem\",\"position\":1,\"name\":\"Home\",\"item\":\"https:\/\/skaitytaknyga.lt\/\"},{\"@type\":\"ListItem\",\"position\":2,\"name\":\"Parduotuv\u0117\",\"item\":\"https:\/\/skaitytaknyga.lt\/knygu-parduotuve\/\"},{\"@type\":\"ListItem\",\"position\":3,\"name\":\"Naci\u0173 moterys\"}]},{\"@type\":\"WebSite\",\"@id\":\"https:\/\/skaitytaknyga.lt\/#website\",\"url\":\"https:\/\/skaitytaknyga.lt\/\",\"name\":\"skaitytaknyga.lt\",\"description\":\"Skaitytaknyga.lt \u2013 tai ma\u017eas \u0161eimos verslas, kuris prasid\u0117jo nuo meil\u0117s knygoms ir siekio i\u0161gelb\u0117ti knygas nuo likimo prie konteinerio. Kas vienam nereikalingas daiktas \u2013 kitam lobis, o mes esame tarpininkai, kurie padeda abiems tapti laimingesniems ???? \u017dinome kaip nelengva i\u0161gyventi ma\u017eiems verslams, tad nuo \u0161iol, \u010dia rasite ir kit\u0173, ma\u017e\u0173 \u0161eim\u0173 versl\u0173, rank\u0173 darbo, dovan\u0173 sau ir artimiesiems.\",\"publisher\":{\"@id\":\"https:\/\/skaitytaknyga.lt\/#organization\"},\"potentialAction\":[{\"@type\":\"SearchAction\",\"target\":{\"@type\":\"EntryPoint\",\"urlTemplate\":\"https:\/\/skaitytaknyga.lt\/?s={search_term_string}\"},\"query-input\":{\"@type\":\"PropertyValueSpecification\",\"valueRequired\":true,\"valueName\":\"search_term_string\"}}],\"inLanguage\":\"en-GB\"},{\"@type\":\"Organization\",\"@id\":\"https:\/\/skaitytaknyga.lt\/#organization\",\"name\":\"skaitytaknyga.lt\",\"url\":\"https:\/\/skaitytaknyga.lt\/\",\"logo\":{\"@type\":\"ImageObject\",\"inLanguage\":\"en-GB\",\"@id\":\"https:\/\/skaitytaknyga.lt\/#\/schema\/logo\/image\/\",\"url\":\"https:\/\/skaitytaknyga.lt\/wp-content\/uploads\/2024\/05\/cropped-cropped-cropped-02_00843_jt3bggkj1j3HLc7SyY6rEUpg.jpeg\",\"contentUrl\":\"https:\/\/skaitytaknyga.lt\/wp-content\/uploads\/2024\/05\/cropped-cropped-cropped-02_00843_jt3bggkj1j3HLc7SyY6rEUpg.jpeg\",\"width\":1600,\"height\":1600,\"caption\":\"skaitytaknyga.lt\"},\"image\":{\"@id\":\"https:\/\/skaitytaknyga.lt\/#\/schema\/logo\/image\/\"},\"sameAs\":[\"https:\/\/www.facebook.com\/skaitytaknyga\/\"]}]}<\/script>\n<!-- \/ Yoast SEO plugin. -->","yoast_head_json":{"title":"Naci\u0173 moterys","description":"Adolfas Hitleris su\u017eav\u0117davo moteris per masinius renginius, paversdavo jas pami\u0161\u0117li\u0161ka isteriki\u0173 minia. Auk\u0161tuomen\u0117s damos \u017eav\u0117josi juo ir ties\u0117 jam keli\u0105","robots":{"index":"index","follow":"follow","max-snippet":"max-snippet:-1","max-image-preview":"max-image-preview:large","max-video-preview":"max-video-preview:-1"},"canonical":"https:\/\/skaitytaknyga.lt\/en\/produktas\/anna-maria-sigmund-naciu-moterys\/","og_locale":"en_GB","og_type":"article","og_title":"[:lt]Naci\u0173 moterys[:] - Skaitytaknyga","og_description":"Adolfas Hitleris su\u017eav\u0117davo moteris per masinius renginius, paversdavo jas pami\u0161\u0117li\u0161ka isteriki\u0173 minia. Auk\u0161tuomen\u0117s damos \u017eav\u0117josi juo ir ties\u0117 jam keli\u0105","og_url":"https:\/\/skaitytaknyga.lt\/en\/produktas\/anna-maria-sigmund-naciu-moterys\/","og_site_name":"Skaitytaknyga","article_publisher":"https:\/\/www.facebook.com\/skaitytaknyga\/","article_modified_time":"2025-05-12T07:55:24+00:00","og_image":[{"width":536,"height":800,"url":"https:\/\/skaitytaknyga.lt\/wp-content\/uploads\/2025\/05\/Naciu-moterys.webp","type":"image\/webp"}],"twitter_card":"summary_large_image","twitter_misc":{"Estimated reading time":"1 minute"},"schema":{"@context":"https:\/\/schema.org","@graph":[{"@type":"WebPage","@id":"https:\/\/skaitytaknyga.lt\/produktas\/anna-maria-sigmund-naciu-moterys\/","url":"https:\/\/skaitytaknyga.lt\/produktas\/anna-maria-sigmund-naciu-moterys\/","name":"Naci\u0173 moterys","isPartOf":{"@id":"https:\/\/skaitytaknyga.lt\/#website"},"primaryImageOfPage":{"@id":"https:\/\/skaitytaknyga.lt\/produktas\/anna-maria-sigmund-naciu-moterys\/#primaryimage"},"image":{"@id":"https:\/\/skaitytaknyga.lt\/produktas\/anna-maria-sigmund-naciu-moterys\/#primaryimage"},"thumbnailUrl":"https:\/\/skaitytaknyga.lt\/wp-content\/uploads\/2025\/05\/Naciu-moterys.webp","datePublished":"2025-04-25T17:14:26+00:00","dateModified":"2025-05-12T07:55:24+00:00","description":"Adolfas Hitleris su\u017eav\u0117davo moteris per masinius renginius, paversdavo jas pami\u0161\u0117li\u0161ka isteriki\u0173 minia. Auk\u0161tuomen\u0117s damos \u017eav\u0117josi juo ir ties\u0117 jam keli\u0105","breadcrumb":{"@id":"https:\/\/skaitytaknyga.lt\/produktas\/anna-maria-sigmund-naciu-moterys\/#breadcrumb"},"inLanguage":"en-GB","potentialAction":[{"@type":"ReadAction","target":["https:\/\/skaitytaknyga.lt\/produktas\/anna-maria-sigmund-naciu-moterys\/"]}]},{"@type":"ImageObject","inLanguage":"en-GB","@id":"https:\/\/skaitytaknyga.lt\/produktas\/anna-maria-sigmund-naciu-moterys\/#primaryimage","url":"https:\/\/skaitytaknyga.lt\/wp-content\/uploads\/2025\/05\/Naciu-moterys.webp","contentUrl":"https:\/\/skaitytaknyga.lt\/wp-content\/uploads\/2025\/05\/Naciu-moterys.webp","width":536,"height":800,"caption":"Naci\u0173 moterys"},{"@type":"BreadcrumbList","@id":"https:\/\/skaitytaknyga.lt\/produktas\/anna-maria-sigmund-naciu-moterys\/#breadcrumb","itemListElement":[{"@type":"ListItem","position":1,"name":"Home","item":"https:\/\/skaitytaknyga.lt\/"},{"@type":"ListItem","position":2,"name":"Parduotuv\u0117","item":"https:\/\/skaitytaknyga.lt\/knygu-parduotuve\/"},{"@type":"ListItem","position":3,"name":"Naci\u0173 moterys"}]},{"@type":"WebSite","@id":"https:\/\/skaitytaknyga.lt\/#website","url":"https:\/\/skaitytaknyga.lt\/","name":"skaitytaknyga.lt","description":"Skaitytaknyga.lt \u2013 tai ma\u017eas \u0161eimos verslas, kuris prasid\u0117jo nuo meil\u0117s knygoms ir siekio i\u0161gelb\u0117ti knygas nuo likimo prie konteinerio. Kas vienam nereikalingas daiktas \u2013 kitam lobis, o mes esame tarpininkai, kurie padeda abiems tapti laimingesniems ???? \u017dinome kaip nelengva i\u0161gyventi ma\u017eiems verslams, tad nuo \u0161iol, \u010dia rasite ir kit\u0173, ma\u017e\u0173 \u0161eim\u0173 versl\u0173, rank\u0173 darbo, dovan\u0173 sau ir artimiesiems.","publisher":{"@id":"https:\/\/skaitytaknyga.lt\/#organization"},"potentialAction":[{"@type":"SearchAction","target":{"@type":"EntryPoint","urlTemplate":"https:\/\/skaitytaknyga.lt\/?s={search_term_string}"},"query-input":{"@type":"PropertyValueSpecification","valueRequired":true,"valueName":"search_term_string"}}],"inLanguage":"en-GB"},{"@type":"Organization","@id":"https:\/\/skaitytaknyga.lt\/#organization","name":"skaitytaknyga.lt","url":"https:\/\/skaitytaknyga.lt\/","logo":{"@type":"ImageObject","inLanguage":"en-GB","@id":"https:\/\/skaitytaknyga.lt\/#\/schema\/logo\/image\/","url":"https:\/\/skaitytaknyga.lt\/wp-content\/uploads\/2024\/05\/cropped-cropped-cropped-02_00843_jt3bggkj1j3HLc7SyY6rEUpg.jpeg","contentUrl":"https:\/\/skaitytaknyga.lt\/wp-content\/uploads\/2024\/05\/cropped-cropped-cropped-02_00843_jt3bggkj1j3HLc7SyY6rEUpg.jpeg","width":1600,"height":1600,"caption":"skaitytaknyga.lt"},"image":{"@id":"https:\/\/skaitytaknyga.lt\/#\/schema\/logo\/image\/"},"sameAs":["https:\/\/www.facebook.com\/skaitytaknyga\/"]}]}},"_links":{"self":[{"href":"https:\/\/skaitytaknyga.lt\/en\/wp-json\/wp\/v2\/product\/18077","targetHints":{"allow":["GET"]}}],"collection":[{"href":"https:\/\/skaitytaknyga.lt\/en\/wp-json\/wp\/v2\/product"}],"about":[{"href":"https:\/\/skaitytaknyga.lt\/en\/wp-json\/wp\/v2\/types\/product"}],"replies":[{"embeddable":true,"href":"https:\/\/skaitytaknyga.lt\/en\/wp-json\/wp\/v2\/comments?post=18077"}],"wp:featuredmedia":[{"embeddable":true,"href":"https:\/\/skaitytaknyga.lt\/en\/wp-json\/wp\/v2\/media\/18226"}],"wp:attachment":[{"href":"https:\/\/skaitytaknyga.lt\/en\/wp-json\/wp\/v2\/media?parent=18077"}],"wp:term":[{"taxonomy":"product_brand","embeddable":true,"href":"https:\/\/skaitytaknyga.lt\/en\/wp-json\/wp\/v2\/product_brand?post=18077"},{"taxonomy":"product_cat","embeddable":true,"href":"https:\/\/skaitytaknyga.lt\/en\/wp-json\/wp\/v2\/product_cat?post=18077"},{"taxonomy":"product_tag","embeddable":true,"href":"https:\/\/skaitytaknyga.lt\/en\/wp-json\/wp\/v2\/product_tag?post=18077"}],"curies":[{"name":"wp","href":"https:\/\/api.w.org\/{rel}","templated":true}]}}