{"id":18074,"date":"2025-04-25T20:14:25","date_gmt":"2025-04-25T17:14:25","guid":{"rendered":"https:\/\/skaitytaknyga.lt\/?post_type=product&#038;p=18074"},"modified":"2025-05-12T22:14:21","modified_gmt":"2025-05-12T19:14:21","slug":"benjamin-black-kristina-fols","status":"publish","type":"product","link":"https:\/\/skaitytaknyga.lt\/en\/produktas\/benjamin-black-kristina-fols\/","title":{"rendered":"Kristina Fols"},"content":{"rendered":"<p><em>Booker premijos laureatas Johnas Banville\u2019is, pasira\u0161antis Benjamino Blacko literat\u016briniu slapyvard\u017eiu, debiutuoja detektyviniu romanu. Jo herojus dublinietis patologas susidomi paslaptingos moters lavonu ir meta i\u0161\u0161\u016bk\u012f kataliki\u0161kajai miesto auk\u0161tuomenei.<\/em><\/p>\n<p>Kvirkui keisti atrodo ne mirusieji, bet gyvieji. Vien\u0105 vakar\u0105 \u0161iek tiek i\u0161g\u0117r\u0119s darbe surengtame vakar\u0117lyje, jis nusigauna \u012f savo darbo viet\u0105 \u2013 morg\u0105 \u2013 ir ten sutinka \u012fbrol\u012f Malach\u012f, taisant\u012f dokumentus, kuri\u0173 \u0161iam neder\u0117t\u0173 net skaityti. Labai keista tokioje vietoje u\u017etikti Malach\u012f, bet dar keis\u010diau kit\u0105 ryt\u0105, kiek pra\u0161vies\u0117jus mintims, suvokti, jog \u012fbrolis, vis\u0173 did\u017eiai vertinamas gydytojas, buvo priki\u0161\u0119s nagus prie paslapting\u0173j\u0173 palaik\u0173, o paskui nusl\u0117p\u0117 tikr\u0105j\u0105 moters mirties prie\u017east\u012f.<\/p>\n<p>Nors ir nenoromis, ta\u010diau vis tiek besikapstydamas po faktus ir ie\u0161kodamas tikrosios moters mirties prie\u017easties, Kvirkas i\u0161siai\u0161kina kruop\u0161\u010diai slepiamas ir uoliai saugomas kataliki\u0161kosios Dublino auk\u0161tuomen\u0117s, kuriai priklauso ir jo paties \u0161eimos nariai, nusikalstamas paslaptis.<\/p>\n<p>Pirmojo Kvirko serijos romano veiksmas vyksta Dubline ir Bostone; \u0161iame intriguojan\u010diame detektyviniame romane gausu skvarbi\u0173 psichologini\u0173 \u012f\u017evalg\u0173. Kvirkas \u2013 \u017eavus, subtiliai kitoni\u0161kas persona\u017eas; \u201eKristina Fols\u201c \u2013 klasikinis intrig\u0173 prisotintas pasakojimas, o \u0161is Benjamino Blacko romanas dar kart\u0105 patvirtina, kad autorius \u2013 tikras formos meistras.<\/p>\n","protected":false},"excerpt":{"rendered":"<p>Booker premijos laureatas Johnas Banville\u2019is, pasira\u0161antis Benjamino Blacko literat\u016briniu slapyvard\u017eiu, debiutuoja detektyviniu romanu. Jo herojus dublinietis patologas susidomi paslaptingos moters lavonu ir meta i\u0161\u0161\u016bk\u012f kataliki\u0161kajai miesto auk\u0161tuomenei. Kvirkui keisti atrodo ne mirusieji, bet gyvieji. Vien\u0105 vakar\u0105 \u0161iek tiek i\u0161g\u0117r\u0119s darbe surengtame vakar\u0117lyje, jis nusigauna \u012f savo darbo viet\u0105 \u2013 morg\u0105 \u2013 ir ten sutinka \u012fbrol\u012f Malach\u012f, taisant\u012f dokumentus, kuri\u0173 \u0161iam neder\u0117t\u0173 net skaityti. Labai keista tokioje vietoje u\u017etikti Malach\u012f, bet dar keis\u010diau kit\u0105 ryt\u0105, kiek pra\u0161vies\u0117jus mintims, suvokti, jog \u012fbrolis, vis\u0173 did\u017eiai vertinamas gydytojas, buvo priki\u0161\u0119s nagus prie paslapting\u0173j\u0173 palaik\u0173, o paskui nusl\u0117p\u0117 tikr\u0105j\u0105 moters mirties prie\u017east\u012f. Nors ir nenoromis, ta\u010diau vis tiek besikapstydamas po faktus ir ie\u0161kodamas tikrosios moters mirties prie\u017easties, Kvirkas i\u0161siai\u0161kina kruop\u0161\u010diai slepiamas ir uoliai saugomas kataliki\u0161kosios Dublino auk\u0161tuomen\u0117s, kuriai priklauso ir jo paties \u0161eimos nariai, nusikalstamas paslaptis. Pirmojo Kvirko serijos romano veiksmas vyksta Dubline ir Bostone; \u0161iame intriguojan\u010diame detektyviniame romane gausu skvarbi\u0173 psichologini\u0173 \u012f\u017evalg\u0173. Kvirkas \u2013 \u017eavus, subtiliai kitoni\u0161kas persona\u017eas; \u201eKristina Fols\u201c \u2013 klasikinis intrig\u0173 prisotintas pasakojimas, o \u0161is Benjamino Blacko romanas dar kart\u0105 patvirtina, kad autorius \u2013 tikras formos meistras.<\/p>\n","protected":false},"featured_media":18254,"comment_status":"open","ping_status":"closed","template":"","meta":{"_acf_changed":false,"site-sidebar-layout":"default","site-content-layout":"","ast-site-content-layout":"default","site-content-style":"default","site-sidebar-style":"default","ast-global-header-display":"","ast-banner-title-visibility":"","ast-main-header-display":"","ast-hfb-above-header-display":"","ast-hfb-below-header-display":"","ast-hfb-mobile-header-display":"","site-post-title":"","ast-breadcrumbs-content":"","ast-featured-img":"","footer-sml-layout":"","ast-disable-related-posts":"","theme-transparent-header-meta":"","adv-header-id-meta":"","stick-header-meta":"","header-above-stick-meta":"","header-main-stick-meta":"","header-below-stick-meta":"","astra-migrate-meta-layouts":"default","ast-page-background-enabled":"default","ast-page-background-meta":{"desktop":{"background-color":"","background-image":"","background-repeat":"repeat","background-position":"center center","background-size":"auto","background-attachment":"scroll","background-type":"","background-media":"","overlay-type":"","overlay-color":"","overlay-opacity":"","overlay-gradient":""},"tablet":{"background-color":"","background-image":"","background-repeat":"repeat","background-position":"center center","background-size":"auto","background-attachment":"scroll","background-type":"","background-media":"","overlay-type":"","overlay-color":"","overlay-opacity":"","overlay-gradient":""},"mobile":{"background-color":"","background-image":"","background-repeat":"repeat","background-position":"center center","background-size":"auto","background-attachment":"scroll","background-type":"","background-media":"","overlay-type":"","overlay-color":"","overlay-opacity":"","overlay-gradient":""}},"ast-content-background-meta":{"desktop":{"background-color":"var(--ast-global-color-4)","background-image":"","background-repeat":"repeat","background-position":"center center","background-size":"auto","background-attachment":"scroll","background-type":"","background-media":"","overlay-type":"","overlay-color":"","overlay-opacity":"","overlay-gradient":""},"tablet":{"background-color":"var(--ast-global-color-4)","background-image":"","background-repeat":"repeat","background-position":"center center","background-size":"auto","background-attachment":"scroll","background-type":"","background-media":"","overlay-type":"","overlay-color":"","overlay-opacity":"","overlay-gradient":""},"mobile":{"background-color":"var(--ast-global-color-4)","background-image":"","background-repeat":"repeat","background-position":"center center","background-size":"auto","background-attachment":"scroll","background-type":"","background-media":"","overlay-type":"","overlay-color":"","overlay-opacity":"","overlay-gradient":""}}},"product_brand":[],"product_cat":[15],"product_tag":[1833,1832,1831,1476,1834,1835,1478],"class_list":{"0":"post-18074","1":"product","2":"type-product","3":"status-publish","4":"has-post-thumbnail","6":"product_cat-uncategorized","7":"product_tag-1950-ieji","8":"product_tag-airiu-literatura","9":"product_tag-benjamin-black","10":"product_tag-detektyvas","11":"product_tag-dublinas","12":"product_tag-kataliku-baznycia","13":"product_tag-paslaptys","14":"desktop-align-left","15":"tablet-align-left","16":"mobile-align-left","18":"first","19":"instock","20":"shipping-taxable","21":"purchasable","22":"product-type-simple"},"acf":[],"yoast_head":"<!-- This site is optimized with the Yoast SEO plugin v27.0 - https:\/\/yoast.com\/product\/yoast-seo-wordpress\/ -->\n<title>Kristina Fols<\/title>\n<meta name=\"description\" content=\"Booker premijos laureatas Johnas Banville\u2019is, pasira\u0161antis Benjamino Blacko literat\u016briniu slapyvard\u017eiu, debiutuoja detektyviniu romanu. Jo herojus\" \/>\n<meta name=\"robots\" content=\"index, follow, max-snippet:-1, max-image-preview:large, max-video-preview:-1\" \/>\n<link rel=\"canonical\" href=\"https:\/\/skaitytaknyga.lt\/en\/produktas\/benjamin-black-kristina-fols\/\" \/>\n<meta property=\"og:locale\" content=\"en_GB\" \/>\n<meta property=\"og:locale:alternate\" content=\"lt_LT\" \/>\n<meta property=\"og:type\" content=\"article\" \/>\n<meta property=\"og:title\" content=\"Kristina Fols\" \/>\n<meta property=\"og:description\" content=\"Booker premijos laureatas Johnas Banville\u2019is, pasira\u0161antis Benjamino Blacko literat\u016briniu slapyvard\u017eiu, debiutuoja detektyviniu romanu. Jo herojus\" \/>\n<meta property=\"og:url\" content=\"https:\/\/skaitytaknyga.lt\/en\/produktas\/benjamin-black-kristina-fols\/\" \/>\n<meta property=\"og:site_name\" content=\"Skaitytaknyga\" \/>\n<meta property=\"article:publisher\" content=\"https:\/\/www.facebook.com\/skaitytaknyga\/\" \/>\n<meta property=\"article:modified_time\" content=\"2025-05-12T19:14:21+00:00\" \/>\n<meta property=\"og:image\" content=\"https:\/\/skaitytaknyga.lt\/wp-content\/uploads\/2025\/05\/Kristina-Fols.webp\" \/>\n\t<meta property=\"og:image:width\" content=\"513\" \/>\n\t<meta property=\"og:image:height\" content=\"800\" \/>\n\t<meta property=\"og:image:type\" content=\"image\/webp\" \/>\n<meta name=\"twitter:card\" content=\"summary_large_image\" \/>\n<meta name=\"twitter:label1\" content=\"Estimated reading time\" \/>\n\t<meta name=\"twitter:data1\" content=\"1 minute\" \/>\n<script type=\"application\/ld+json\" class=\"yoast-schema-graph\">{\"@context\":\"https:\/\/schema.org\",\"@graph\":[{\"@type\":\"WebPage\",\"@id\":\"https:\/\/skaitytaknyga.lt\/produktas\/benjamin-black-kristina-fols\/\",\"url\":\"https:\/\/skaitytaknyga.lt\/produktas\/benjamin-black-kristina-fols\/\",\"name\":\"Kristina Fols\",\"isPartOf\":{\"@id\":\"https:\/\/skaitytaknyga.lt\/#website\"},\"primaryImageOfPage\":{\"@id\":\"https:\/\/skaitytaknyga.lt\/produktas\/benjamin-black-kristina-fols\/#primaryimage\"},\"image\":{\"@id\":\"https:\/\/skaitytaknyga.lt\/produktas\/benjamin-black-kristina-fols\/#primaryimage\"},\"thumbnailUrl\":\"https:\/\/skaitytaknyga.lt\/wp-content\/uploads\/2025\/05\/Kristina-Fols.webp\",\"datePublished\":\"2025-04-25T17:14:25+00:00\",\"dateModified\":\"2025-05-12T19:14:21+00:00\",\"description\":\"Booker premijos laureatas Johnas Banville\u2019is, pasira\u0161antis Benjamino Blacko literat\u016briniu slapyvard\u017eiu, debiutuoja detektyviniu romanu. Jo herojus\",\"breadcrumb\":{\"@id\":\"https:\/\/skaitytaknyga.lt\/produktas\/benjamin-black-kristina-fols\/#breadcrumb\"},\"inLanguage\":\"en-GB\",\"potentialAction\":[{\"@type\":\"ReadAction\",\"target\":[\"https:\/\/skaitytaknyga.lt\/produktas\/benjamin-black-kristina-fols\/\"]}]},{\"@type\":\"ImageObject\",\"inLanguage\":\"en-GB\",\"@id\":\"https:\/\/skaitytaknyga.lt\/produktas\/benjamin-black-kristina-fols\/#primaryimage\",\"url\":\"https:\/\/skaitytaknyga.lt\/wp-content\/uploads\/2025\/05\/Kristina-Fols.webp\",\"contentUrl\":\"https:\/\/skaitytaknyga.lt\/wp-content\/uploads\/2025\/05\/Kristina-Fols.webp\",\"width\":513,\"height\":800,\"caption\":\"Kristina Fols\"},{\"@type\":\"BreadcrumbList\",\"@id\":\"https:\/\/skaitytaknyga.lt\/produktas\/benjamin-black-kristina-fols\/#breadcrumb\",\"itemListElement\":[{\"@type\":\"ListItem\",\"position\":1,\"name\":\"Home\",\"item\":\"https:\/\/skaitytaknyga.lt\/\"},{\"@type\":\"ListItem\",\"position\":2,\"name\":\"Parduotuv\u0117\",\"item\":\"https:\/\/skaitytaknyga.lt\/knygu-parduotuve\/\"},{\"@type\":\"ListItem\",\"position\":3,\"name\":\"Kristina Fols\"}]},{\"@type\":\"WebSite\",\"@id\":\"https:\/\/skaitytaknyga.lt\/#website\",\"url\":\"https:\/\/skaitytaknyga.lt\/\",\"name\":\"skaitytaknyga.lt\",\"description\":\"Skaitytaknyga.lt \u2013 tai ma\u017eas \u0161eimos verslas, kuris prasid\u0117jo nuo meil\u0117s knygoms ir siekio i\u0161gelb\u0117ti knygas nuo likimo prie konteinerio. Kas vienam nereikalingas daiktas \u2013 kitam lobis, o mes esame tarpininkai, kurie padeda abiems tapti laimingesniems ???? \u017dinome kaip nelengva i\u0161gyventi ma\u017eiems verslams, tad nuo \u0161iol, \u010dia rasite ir kit\u0173, ma\u017e\u0173 \u0161eim\u0173 versl\u0173, rank\u0173 darbo, dovan\u0173 sau ir artimiesiems.\",\"publisher\":{\"@id\":\"https:\/\/skaitytaknyga.lt\/#organization\"},\"potentialAction\":[{\"@type\":\"SearchAction\",\"target\":{\"@type\":\"EntryPoint\",\"urlTemplate\":\"https:\/\/skaitytaknyga.lt\/?s={search_term_string}\"},\"query-input\":{\"@type\":\"PropertyValueSpecification\",\"valueRequired\":true,\"valueName\":\"search_term_string\"}}],\"inLanguage\":\"en-GB\"},{\"@type\":\"Organization\",\"@id\":\"https:\/\/skaitytaknyga.lt\/#organization\",\"name\":\"skaitytaknyga.lt\",\"url\":\"https:\/\/skaitytaknyga.lt\/\",\"logo\":{\"@type\":\"ImageObject\",\"inLanguage\":\"en-GB\",\"@id\":\"https:\/\/skaitytaknyga.lt\/#\/schema\/logo\/image\/\",\"url\":\"https:\/\/skaitytaknyga.lt\/wp-content\/uploads\/2024\/05\/cropped-cropped-cropped-02_00843_jt3bggkj1j3HLc7SyY6rEUpg.jpeg\",\"contentUrl\":\"https:\/\/skaitytaknyga.lt\/wp-content\/uploads\/2024\/05\/cropped-cropped-cropped-02_00843_jt3bggkj1j3HLc7SyY6rEUpg.jpeg\",\"width\":1600,\"height\":1600,\"caption\":\"skaitytaknyga.lt\"},\"image\":{\"@id\":\"https:\/\/skaitytaknyga.lt\/#\/schema\/logo\/image\/\"},\"sameAs\":[\"https:\/\/www.facebook.com\/skaitytaknyga\/\"]}]}<\/script>\n<!-- \/ Yoast SEO plugin. -->","yoast_head_json":{"title":"Kristina Fols","description":"Booker premijos laureatas Johnas Banville\u2019is, pasira\u0161antis Benjamino Blacko literat\u016briniu slapyvard\u017eiu, debiutuoja detektyviniu romanu. Jo herojus","robots":{"index":"index","follow":"follow","max-snippet":"max-snippet:-1","max-image-preview":"max-image-preview:large","max-video-preview":"max-video-preview:-1"},"canonical":"https:\/\/skaitytaknyga.lt\/en\/produktas\/benjamin-black-kristina-fols\/","og_locale":"en_GB","og_type":"article","og_title":"[:lt]Kristina Fols[:] - Skaitytaknyga","og_description":"Booker premijos laureatas Johnas Banville\u2019is, pasira\u0161antis Benjamino Blacko literat\u016briniu slapyvard\u017eiu, debiutuoja detektyviniu romanu. Jo herojus","og_url":"https:\/\/skaitytaknyga.lt\/en\/produktas\/benjamin-black-kristina-fols\/","og_site_name":"Skaitytaknyga","article_publisher":"https:\/\/www.facebook.com\/skaitytaknyga\/","article_modified_time":"2025-05-12T19:14:21+00:00","og_image":[{"width":513,"height":800,"url":"https:\/\/skaitytaknyga.lt\/wp-content\/uploads\/2025\/05\/Kristina-Fols.webp","type":"image\/webp"}],"twitter_card":"summary_large_image","twitter_misc":{"Estimated reading time":"1 minute"},"schema":{"@context":"https:\/\/schema.org","@graph":[{"@type":"WebPage","@id":"https:\/\/skaitytaknyga.lt\/produktas\/benjamin-black-kristina-fols\/","url":"https:\/\/skaitytaknyga.lt\/produktas\/benjamin-black-kristina-fols\/","name":"Kristina Fols","isPartOf":{"@id":"https:\/\/skaitytaknyga.lt\/#website"},"primaryImageOfPage":{"@id":"https:\/\/skaitytaknyga.lt\/produktas\/benjamin-black-kristina-fols\/#primaryimage"},"image":{"@id":"https:\/\/skaitytaknyga.lt\/produktas\/benjamin-black-kristina-fols\/#primaryimage"},"thumbnailUrl":"https:\/\/skaitytaknyga.lt\/wp-content\/uploads\/2025\/05\/Kristina-Fols.webp","datePublished":"2025-04-25T17:14:25+00:00","dateModified":"2025-05-12T19:14:21+00:00","description":"Booker premijos laureatas Johnas Banville\u2019is, pasira\u0161antis Benjamino Blacko literat\u016briniu slapyvard\u017eiu, debiutuoja detektyviniu romanu. Jo herojus","breadcrumb":{"@id":"https:\/\/skaitytaknyga.lt\/produktas\/benjamin-black-kristina-fols\/#breadcrumb"},"inLanguage":"en-GB","potentialAction":[{"@type":"ReadAction","target":["https:\/\/skaitytaknyga.lt\/produktas\/benjamin-black-kristina-fols\/"]}]},{"@type":"ImageObject","inLanguage":"en-GB","@id":"https:\/\/skaitytaknyga.lt\/produktas\/benjamin-black-kristina-fols\/#primaryimage","url":"https:\/\/skaitytaknyga.lt\/wp-content\/uploads\/2025\/05\/Kristina-Fols.webp","contentUrl":"https:\/\/skaitytaknyga.lt\/wp-content\/uploads\/2025\/05\/Kristina-Fols.webp","width":513,"height":800,"caption":"Kristina Fols"},{"@type":"BreadcrumbList","@id":"https:\/\/skaitytaknyga.lt\/produktas\/benjamin-black-kristina-fols\/#breadcrumb","itemListElement":[{"@type":"ListItem","position":1,"name":"Home","item":"https:\/\/skaitytaknyga.lt\/"},{"@type":"ListItem","position":2,"name":"Parduotuv\u0117","item":"https:\/\/skaitytaknyga.lt\/knygu-parduotuve\/"},{"@type":"ListItem","position":3,"name":"Kristina Fols"}]},{"@type":"WebSite","@id":"https:\/\/skaitytaknyga.lt\/#website","url":"https:\/\/skaitytaknyga.lt\/","name":"skaitytaknyga.lt","description":"Skaitytaknyga.lt \u2013 tai ma\u017eas \u0161eimos verslas, kuris prasid\u0117jo nuo meil\u0117s knygoms ir siekio i\u0161gelb\u0117ti knygas nuo likimo prie konteinerio. Kas vienam nereikalingas daiktas \u2013 kitam lobis, o mes esame tarpininkai, kurie padeda abiems tapti laimingesniems ???? \u017dinome kaip nelengva i\u0161gyventi ma\u017eiems verslams, tad nuo \u0161iol, \u010dia rasite ir kit\u0173, ma\u017e\u0173 \u0161eim\u0173 versl\u0173, rank\u0173 darbo, dovan\u0173 sau ir artimiesiems.","publisher":{"@id":"https:\/\/skaitytaknyga.lt\/#organization"},"potentialAction":[{"@type":"SearchAction","target":{"@type":"EntryPoint","urlTemplate":"https:\/\/skaitytaknyga.lt\/?s={search_term_string}"},"query-input":{"@type":"PropertyValueSpecification","valueRequired":true,"valueName":"search_term_string"}}],"inLanguage":"en-GB"},{"@type":"Organization","@id":"https:\/\/skaitytaknyga.lt\/#organization","name":"skaitytaknyga.lt","url":"https:\/\/skaitytaknyga.lt\/","logo":{"@type":"ImageObject","inLanguage":"en-GB","@id":"https:\/\/skaitytaknyga.lt\/#\/schema\/logo\/image\/","url":"https:\/\/skaitytaknyga.lt\/wp-content\/uploads\/2024\/05\/cropped-cropped-cropped-02_00843_jt3bggkj1j3HLc7SyY6rEUpg.jpeg","contentUrl":"https:\/\/skaitytaknyga.lt\/wp-content\/uploads\/2024\/05\/cropped-cropped-cropped-02_00843_jt3bggkj1j3HLc7SyY6rEUpg.jpeg","width":1600,"height":1600,"caption":"skaitytaknyga.lt"},"image":{"@id":"https:\/\/skaitytaknyga.lt\/#\/schema\/logo\/image\/"},"sameAs":["https:\/\/www.facebook.com\/skaitytaknyga\/"]}]}},"_links":{"self":[{"href":"https:\/\/skaitytaknyga.lt\/en\/wp-json\/wp\/v2\/product\/18074","targetHints":{"allow":["GET"]}}],"collection":[{"href":"https:\/\/skaitytaknyga.lt\/en\/wp-json\/wp\/v2\/product"}],"about":[{"href":"https:\/\/skaitytaknyga.lt\/en\/wp-json\/wp\/v2\/types\/product"}],"replies":[{"embeddable":true,"href":"https:\/\/skaitytaknyga.lt\/en\/wp-json\/wp\/v2\/comments?post=18074"}],"wp:featuredmedia":[{"embeddable":true,"href":"https:\/\/skaitytaknyga.lt\/en\/wp-json\/wp\/v2\/media\/18254"}],"wp:attachment":[{"href":"https:\/\/skaitytaknyga.lt\/en\/wp-json\/wp\/v2\/media?parent=18074"}],"wp:term":[{"taxonomy":"product_brand","embeddable":true,"href":"https:\/\/skaitytaknyga.lt\/en\/wp-json\/wp\/v2\/product_brand?post=18074"},{"taxonomy":"product_cat","embeddable":true,"href":"https:\/\/skaitytaknyga.lt\/en\/wp-json\/wp\/v2\/product_cat?post=18074"},{"taxonomy":"product_tag","embeddable":true,"href":"https:\/\/skaitytaknyga.lt\/en\/wp-json\/wp\/v2\/product_tag?post=18074"}],"curies":[{"name":"wp","href":"https:\/\/api.w.org\/{rel}","templated":true}]}}