{"id":18067,"date":"2025-04-25T20:14:24","date_gmt":"2025-04-25T17:14:24","guid":{"rendered":"https:\/\/skaitytaknyga.lt\/?post_type=product&#038;p=18067"},"modified":"2025-07-07T09:26:58","modified_gmt":"2025-07-07T06:26:58","slug":"fred-vargas-o-sena-teka","status":"publish","type":"product","link":"https:\/\/skaitytaknyga.lt\/en\/produktas\/fred-vargas-o-sena-teka\/","title":{"rendered":"O sena teka"},"content":{"rendered":"<p>Leitenantas Danglaras su komisaru Adamsbergu labai skirtingai vertino tai, kas vadinama \u201e\u012fdomiu dalyku&#8221;.\u00a0 Pavyzd\u017eiui, komisarui buvo gana \u012fdomu nieko neveikti, o Danglarui \u201e\u012fdomu&#8221; k\u0117l\u0117 mirtin\u0105 panik\u0105. Adamsbergas pasitik\u0117jo instinktu ir tik\u0117jo \u017emonijos galia, Danglaras pasitik\u0117jo protu ir tik\u0117jo baltojo vyno galia.<\/p>\n<p>Adamsbergas da\u017eniausiai vaik\u0161\u010diodavo susiki\u0161\u0119s rankas \u012f ki\u0161enes. Svajing\u0105 komisaro atsainum\u0105 retai sutrikdydavo kriminalini\u0173 nusikaltim\u0173 verpetai. Jis kantriai leisdavosi ne\u0161amas tyrimo aplinkybi\u0173 iki atomazgos, kuri\u0105 nujausdavo. Prireikus mok\u0117jo laukti savaites ir m\u0117nesius, kol nusitaikydavo \u012f tiksl\u0105, ir tai var\u0117 \u012f nevilt\u012f Danglar\u0105.<\/p>\n<p>Juodu skirtingi, ta\u010diau vieno tikslo vedami, nes ir per \u0161v. Kal\u0117das ka\u017ekas \u0161oka nuo tilto vir\u0161 Senos, negyv\u0117liai i\u0161plaukia \u012f up\u0117s pavir\u0161i\u0173 ir Vis\u0173 \u0160vent\u0173j\u0173 dien\u0105, o kasdien prie j\u016bs\u0173 laukuj\u0173 dur\u0173 tr\u016bnijantis elgeta, pasirodo, siuntin\u0117ja grasinamus ar intriguojamus lai\u0161kus&#8230;\u00a0 Pasirodo\u2026 visi gyvenimai verti vieni kit\u0173, baltojo vyno galia nenugin\u010dijama, o Sena teka\u2026<\/p>\n","protected":false},"excerpt":{"rendered":"<p>Leitenantas Danglaras su komisaru Adamsbergu labai skirtingai vertino tai, kas vadinama \u201e\u012fdomiu dalyku&#8221;.\u00a0 Pavyzd\u017eiui, komisarui buvo gana \u012fdomu nieko neveikti, o Danglarui \u201e\u012fdomu&#8221; k\u0117l\u0117 mirtin\u0105 panik\u0105. Adamsbergas pasitik\u0117jo instinktu ir tik\u0117jo \u017emonijos galia, Danglaras pasitik\u0117jo protu ir tik\u0117jo baltojo vyno galia. Adamsbergas da\u017eniausiai vaik\u0161\u010diodavo susiki\u0161\u0119s rankas \u012f ki\u0161enes. Svajing\u0105 komisaro atsainum\u0105 retai sutrikdydavo kriminalini\u0173 nusikaltim\u0173 verpetai. Jis kantriai leisdavosi ne\u0161amas tyrimo aplinkybi\u0173 iki atomazgos, kuri\u0105 nujausdavo. Prireikus mok\u0117jo laukti savaites ir m\u0117nesius, kol nusitaikydavo \u012f tiksl\u0105, ir tai var\u0117 \u012f nevilt\u012f Danglar\u0105. Juodu skirtingi, ta\u010diau vieno tikslo vedami, nes ir per \u0161v. Kal\u0117das ka\u017ekas \u0161oka nuo tilto vir\u0161 Senos, negyv\u0117liai i\u0161plaukia \u012f up\u0117s pavir\u0161i\u0173 ir Vis\u0173 \u0160vent\u0173j\u0173 dien\u0105, o kasdien prie j\u016bs\u0173 laukuj\u0173 dur\u0173 tr\u016bnijantis elgeta, pasirodo, siuntin\u0117ja grasinamus ar intriguojamus lai\u0161kus&#8230;\u00a0 Pasirodo\u2026 visi gyvenimai verti vieni kit\u0173, baltojo vyno galia nenugin\u010dijama, o Sena teka\u2026<\/p>\n","protected":false},"featured_media":18258,"comment_status":"open","ping_status":"closed","template":"","meta":{"_acf_changed":false,"site-sidebar-layout":"default","site-content-layout":"","ast-site-content-layout":"default","site-content-style":"default","site-sidebar-style":"default","ast-global-header-display":"","ast-banner-title-visibility":"","ast-main-header-display":"","ast-hfb-above-header-display":"","ast-hfb-below-header-display":"","ast-hfb-mobile-header-display":"","site-post-title":"","ast-breadcrumbs-content":"","ast-featured-img":"","footer-sml-layout":"","ast-disable-related-posts":"","theme-transparent-header-meta":"","adv-header-id-meta":"","stick-header-meta":"","header-above-stick-meta":"","header-main-stick-meta":"","header-below-stick-meta":"","astra-migrate-meta-layouts":"default","ast-page-background-enabled":"default","ast-page-background-meta":{"desktop":{"background-color":"","background-image":"","background-repeat":"repeat","background-position":"center center","background-size":"auto","background-attachment":"scroll","background-type":"","background-media":"","overlay-type":"","overlay-color":"","overlay-opacity":"","overlay-gradient":""},"tablet":{"background-color":"","background-image":"","background-repeat":"repeat","background-position":"center center","background-size":"auto","background-attachment":"scroll","background-type":"","background-media":"","overlay-type":"","overlay-color":"","overlay-opacity":"","overlay-gradient":""},"mobile":{"background-color":"","background-image":"","background-repeat":"repeat","background-position":"center center","background-size":"auto","background-attachment":"scroll","background-type":"","background-media":"","overlay-type":"","overlay-color":"","overlay-opacity":"","overlay-gradient":""}},"ast-content-background-meta":{"desktop":{"background-color":"var(--ast-global-color-4)","background-image":"","background-repeat":"repeat","background-position":"center center","background-size":"auto","background-attachment":"scroll","background-type":"","background-media":"","overlay-type":"","overlay-color":"","overlay-opacity":"","overlay-gradient":""},"tablet":{"background-color":"var(--ast-global-color-4)","background-image":"","background-repeat":"repeat","background-position":"center center","background-size":"auto","background-attachment":"scroll","background-type":"","background-media":"","overlay-type":"","overlay-color":"","overlay-opacity":"","overlay-gradient":""},"mobile":{"background-color":"var(--ast-global-color-4)","background-image":"","background-repeat":"repeat","background-position":"center center","background-size":"auto","background-attachment":"scroll","background-type":"","background-media":"","overlay-type":"","overlay-color":"","overlay-opacity":"","overlay-gradient":""}}},"product_brand":[],"product_cat":[31],"product_tag":[1476,1889,1891,1890,1764,1892,1761,1587],"class_list":{"0":"post-18067","1":"product","2":"type-product","3":"status-publish","4":"has-post-thumbnail","6":"product_cat-grozine-literatura","7":"product_tag-detektyvas","8":"product_tag-fred-vargas","9":"product_tag-komisaro-adamsbergo-serija","10":"product_tag-o-sena-teka","11":"product_tag-paryzius","12":"product_tag-paslaptingi-ivykiai","13":"product_tag-prancuzu-literatura","14":"product_tag-trileris","15":"desktop-align-left","16":"tablet-align-left","17":"mobile-align-left","19":"first","20":"instock","21":"shipping-taxable","22":"purchasable","23":"product-type-simple"},"acf":[],"yoast_head":"<!-- This site is optimized with the Yoast SEO plugin v27.0 - https:\/\/yoast.com\/product\/yoast-seo-wordpress\/ -->\n<title>O sena teka<\/title>\n<meta name=\"description\" content=\"Leitenantas Danglaras su komisaru Adamsbergu labai skirtingai vertino tai, kas vadinama \u201e\u012fdomiu dalyku&quot;.\u00a0 Pavyzd\u017eiui, komisarui buvo gana \u012fdomu nieko\" \/>\n<meta name=\"robots\" content=\"index, follow, max-snippet:-1, max-image-preview:large, max-video-preview:-1\" \/>\n<link rel=\"canonical\" href=\"https:\/\/skaitytaknyga.lt\/en\/produktas\/fred-vargas-o-sena-teka\/\" \/>\n<meta property=\"og:locale\" content=\"en_GB\" \/>\n<meta property=\"og:locale:alternate\" content=\"lt_LT\" \/>\n<meta property=\"og:type\" content=\"article\" \/>\n<meta property=\"og:title\" content=\"O sena teka\" \/>\n<meta property=\"og:description\" content=\"Leitenantas Danglaras su komisaru Adamsbergu labai skirtingai vertino tai, kas vadinama \u201e\u012fdomiu dalyku&quot;.\u00a0 Pavyzd\u017eiui, komisarui buvo gana \u012fdomu nieko\" \/>\n<meta property=\"og:url\" content=\"https:\/\/skaitytaknyga.lt\/en\/produktas\/fred-vargas-o-sena-teka\/\" \/>\n<meta property=\"og:site_name\" content=\"Skaitytaknyga\" \/>\n<meta property=\"article:publisher\" content=\"https:\/\/www.facebook.com\/skaitytaknyga\/\" \/>\n<meta property=\"article:modified_time\" content=\"2025-07-07T06:26:58+00:00\" \/>\n<meta property=\"og:image\" content=\"https:\/\/skaitytaknyga.lt\/wp-content\/uploads\/2025\/05\/Fred-Vargas-\u2013-O-sena-teka.webp\" \/>\n\t<meta property=\"og:image:width\" content=\"402\" \/>\n\t<meta property=\"og:image:height\" content=\"627\" \/>\n\t<meta property=\"og:image:type\" content=\"image\/webp\" \/>\n<meta name=\"twitter:card\" content=\"summary_large_image\" \/>\n<meta name=\"twitter:label1\" content=\"Estimated reading time\" \/>\n\t<meta name=\"twitter:data1\" content=\"1 minute\" \/>\n<script type=\"application\/ld+json\" class=\"yoast-schema-graph\">{\"@context\":\"https:\/\/schema.org\",\"@graph\":[{\"@type\":\"WebPage\",\"@id\":\"https:\/\/skaitytaknyga.lt\/produktas\/fred-vargas-o-sena-teka\/\",\"url\":\"https:\/\/skaitytaknyga.lt\/produktas\/fred-vargas-o-sena-teka\/\",\"name\":\"O sena teka\",\"isPartOf\":{\"@id\":\"https:\/\/skaitytaknyga.lt\/#website\"},\"primaryImageOfPage\":{\"@id\":\"https:\/\/skaitytaknyga.lt\/produktas\/fred-vargas-o-sena-teka\/#primaryimage\"},\"image\":{\"@id\":\"https:\/\/skaitytaknyga.lt\/produktas\/fred-vargas-o-sena-teka\/#primaryimage\"},\"thumbnailUrl\":\"https:\/\/skaitytaknyga.lt\/wp-content\/uploads\/2025\/05\/Fred-Vargas-\u2013-O-sena-teka.webp\",\"datePublished\":\"2025-04-25T17:14:24+00:00\",\"dateModified\":\"2025-07-07T06:26:58+00:00\",\"description\":\"Leitenantas Danglaras su komisaru Adamsbergu labai skirtingai vertino tai, kas vadinama \u201e\u012fdomiu dalyku\\\".\u00a0 Pavyzd\u017eiui, komisarui buvo gana \u012fdomu nieko\",\"breadcrumb\":{\"@id\":\"https:\/\/skaitytaknyga.lt\/produktas\/fred-vargas-o-sena-teka\/#breadcrumb\"},\"inLanguage\":\"en-GB\",\"potentialAction\":[{\"@type\":\"ReadAction\",\"target\":[\"https:\/\/skaitytaknyga.lt\/produktas\/fred-vargas-o-sena-teka\/\"]}]},{\"@type\":\"ImageObject\",\"inLanguage\":\"en-GB\",\"@id\":\"https:\/\/skaitytaknyga.lt\/produktas\/fred-vargas-o-sena-teka\/#primaryimage\",\"url\":\"https:\/\/skaitytaknyga.lt\/wp-content\/uploads\/2025\/05\/Fred-Vargas-\u2013-O-sena-teka.webp\",\"contentUrl\":\"https:\/\/skaitytaknyga.lt\/wp-content\/uploads\/2025\/05\/Fred-Vargas-\u2013-O-sena-teka.webp\",\"width\":402,\"height\":627},{\"@type\":\"BreadcrumbList\",\"@id\":\"https:\/\/skaitytaknyga.lt\/produktas\/fred-vargas-o-sena-teka\/#breadcrumb\",\"itemListElement\":[{\"@type\":\"ListItem\",\"position\":1,\"name\":\"Home\",\"item\":\"https:\/\/skaitytaknyga.lt\/\"},{\"@type\":\"ListItem\",\"position\":2,\"name\":\"Parduotuv\u0117\",\"item\":\"https:\/\/skaitytaknyga.lt\/knygu-parduotuve\/\"},{\"@type\":\"ListItem\",\"position\":3,\"name\":\"O sena teka\"}]},{\"@type\":\"WebSite\",\"@id\":\"https:\/\/skaitytaknyga.lt\/#website\",\"url\":\"https:\/\/skaitytaknyga.lt\/\",\"name\":\"skaitytaknyga.lt\",\"description\":\"Skaitytaknyga.lt \u2013 tai ma\u017eas \u0161eimos verslas, kuris prasid\u0117jo nuo meil\u0117s knygoms ir siekio i\u0161gelb\u0117ti knygas nuo likimo prie konteinerio. Kas vienam nereikalingas daiktas \u2013 kitam lobis, o mes esame tarpininkai, kurie padeda abiems tapti laimingesniems ???? \u017dinome kaip nelengva i\u0161gyventi ma\u017eiems verslams, tad nuo \u0161iol, \u010dia rasite ir kit\u0173, ma\u017e\u0173 \u0161eim\u0173 versl\u0173, rank\u0173 darbo, dovan\u0173 sau ir artimiesiems.\",\"publisher\":{\"@id\":\"https:\/\/skaitytaknyga.lt\/#organization\"},\"potentialAction\":[{\"@type\":\"SearchAction\",\"target\":{\"@type\":\"EntryPoint\",\"urlTemplate\":\"https:\/\/skaitytaknyga.lt\/?s={search_term_string}\"},\"query-input\":{\"@type\":\"PropertyValueSpecification\",\"valueRequired\":true,\"valueName\":\"search_term_string\"}}],\"inLanguage\":\"en-GB\"},{\"@type\":\"Organization\",\"@id\":\"https:\/\/skaitytaknyga.lt\/#organization\",\"name\":\"skaitytaknyga.lt\",\"url\":\"https:\/\/skaitytaknyga.lt\/\",\"logo\":{\"@type\":\"ImageObject\",\"inLanguage\":\"en-GB\",\"@id\":\"https:\/\/skaitytaknyga.lt\/#\/schema\/logo\/image\/\",\"url\":\"https:\/\/skaitytaknyga.lt\/wp-content\/uploads\/2024\/05\/cropped-cropped-cropped-02_00843_jt3bggkj1j3HLc7SyY6rEUpg.jpeg\",\"contentUrl\":\"https:\/\/skaitytaknyga.lt\/wp-content\/uploads\/2024\/05\/cropped-cropped-cropped-02_00843_jt3bggkj1j3HLc7SyY6rEUpg.jpeg\",\"width\":1600,\"height\":1600,\"caption\":\"skaitytaknyga.lt\"},\"image\":{\"@id\":\"https:\/\/skaitytaknyga.lt\/#\/schema\/logo\/image\/\"},\"sameAs\":[\"https:\/\/www.facebook.com\/skaitytaknyga\/\"]}]}<\/script>\n<!-- \/ Yoast SEO plugin. -->","yoast_head_json":{"title":"O sena teka","description":"Leitenantas Danglaras su komisaru Adamsbergu labai skirtingai vertino tai, kas vadinama \u201e\u012fdomiu dalyku\".\u00a0 Pavyzd\u017eiui, komisarui buvo gana \u012fdomu nieko","robots":{"index":"index","follow":"follow","max-snippet":"max-snippet:-1","max-image-preview":"max-image-preview:large","max-video-preview":"max-video-preview:-1"},"canonical":"https:\/\/skaitytaknyga.lt\/en\/produktas\/fred-vargas-o-sena-teka\/","og_locale":"en_GB","og_type":"article","og_title":"[:lt]O sena teka[:] - Skaitytaknyga","og_description":"Leitenantas Danglaras su komisaru Adamsbergu labai skirtingai vertino tai, kas vadinama \u201e\u012fdomiu dalyku\".\u00a0 Pavyzd\u017eiui, komisarui buvo gana \u012fdomu nieko","og_url":"https:\/\/skaitytaknyga.lt\/en\/produktas\/fred-vargas-o-sena-teka\/","og_site_name":"Skaitytaknyga","article_publisher":"https:\/\/www.facebook.com\/skaitytaknyga\/","article_modified_time":"2025-07-07T06:26:58+00:00","og_image":[{"width":402,"height":627,"url":"https:\/\/skaitytaknyga.lt\/wp-content\/uploads\/2025\/05\/Fred-Vargas-\u2013-O-sena-teka.webp","type":"image\/webp"}],"twitter_card":"summary_large_image","twitter_misc":{"Estimated reading time":"1 minute"},"schema":{"@context":"https:\/\/schema.org","@graph":[{"@type":"WebPage","@id":"https:\/\/skaitytaknyga.lt\/produktas\/fred-vargas-o-sena-teka\/","url":"https:\/\/skaitytaknyga.lt\/produktas\/fred-vargas-o-sena-teka\/","name":"O sena teka","isPartOf":{"@id":"https:\/\/skaitytaknyga.lt\/#website"},"primaryImageOfPage":{"@id":"https:\/\/skaitytaknyga.lt\/produktas\/fred-vargas-o-sena-teka\/#primaryimage"},"image":{"@id":"https:\/\/skaitytaknyga.lt\/produktas\/fred-vargas-o-sena-teka\/#primaryimage"},"thumbnailUrl":"https:\/\/skaitytaknyga.lt\/wp-content\/uploads\/2025\/05\/Fred-Vargas-\u2013-O-sena-teka.webp","datePublished":"2025-04-25T17:14:24+00:00","dateModified":"2025-07-07T06:26:58+00:00","description":"Leitenantas Danglaras su komisaru Adamsbergu labai skirtingai vertino tai, kas vadinama \u201e\u012fdomiu dalyku\".\u00a0 Pavyzd\u017eiui, komisarui buvo gana \u012fdomu nieko","breadcrumb":{"@id":"https:\/\/skaitytaknyga.lt\/produktas\/fred-vargas-o-sena-teka\/#breadcrumb"},"inLanguage":"en-GB","potentialAction":[{"@type":"ReadAction","target":["https:\/\/skaitytaknyga.lt\/produktas\/fred-vargas-o-sena-teka\/"]}]},{"@type":"ImageObject","inLanguage":"en-GB","@id":"https:\/\/skaitytaknyga.lt\/produktas\/fred-vargas-o-sena-teka\/#primaryimage","url":"https:\/\/skaitytaknyga.lt\/wp-content\/uploads\/2025\/05\/Fred-Vargas-\u2013-O-sena-teka.webp","contentUrl":"https:\/\/skaitytaknyga.lt\/wp-content\/uploads\/2025\/05\/Fred-Vargas-\u2013-O-sena-teka.webp","width":402,"height":627},{"@type":"BreadcrumbList","@id":"https:\/\/skaitytaknyga.lt\/produktas\/fred-vargas-o-sena-teka\/#breadcrumb","itemListElement":[{"@type":"ListItem","position":1,"name":"Home","item":"https:\/\/skaitytaknyga.lt\/"},{"@type":"ListItem","position":2,"name":"Parduotuv\u0117","item":"https:\/\/skaitytaknyga.lt\/knygu-parduotuve\/"},{"@type":"ListItem","position":3,"name":"O sena teka"}]},{"@type":"WebSite","@id":"https:\/\/skaitytaknyga.lt\/#website","url":"https:\/\/skaitytaknyga.lt\/","name":"skaitytaknyga.lt","description":"Skaitytaknyga.lt \u2013 tai ma\u017eas \u0161eimos verslas, kuris prasid\u0117jo nuo meil\u0117s knygoms ir siekio i\u0161gelb\u0117ti knygas nuo likimo prie konteinerio. Kas vienam nereikalingas daiktas \u2013 kitam lobis, o mes esame tarpininkai, kurie padeda abiems tapti laimingesniems ???? \u017dinome kaip nelengva i\u0161gyventi ma\u017eiems verslams, tad nuo \u0161iol, \u010dia rasite ir kit\u0173, ma\u017e\u0173 \u0161eim\u0173 versl\u0173, rank\u0173 darbo, dovan\u0173 sau ir artimiesiems.","publisher":{"@id":"https:\/\/skaitytaknyga.lt\/#organization"},"potentialAction":[{"@type":"SearchAction","target":{"@type":"EntryPoint","urlTemplate":"https:\/\/skaitytaknyga.lt\/?s={search_term_string}"},"query-input":{"@type":"PropertyValueSpecification","valueRequired":true,"valueName":"search_term_string"}}],"inLanguage":"en-GB"},{"@type":"Organization","@id":"https:\/\/skaitytaknyga.lt\/#organization","name":"skaitytaknyga.lt","url":"https:\/\/skaitytaknyga.lt\/","logo":{"@type":"ImageObject","inLanguage":"en-GB","@id":"https:\/\/skaitytaknyga.lt\/#\/schema\/logo\/image\/","url":"https:\/\/skaitytaknyga.lt\/wp-content\/uploads\/2024\/05\/cropped-cropped-cropped-02_00843_jt3bggkj1j3HLc7SyY6rEUpg.jpeg","contentUrl":"https:\/\/skaitytaknyga.lt\/wp-content\/uploads\/2024\/05\/cropped-cropped-cropped-02_00843_jt3bggkj1j3HLc7SyY6rEUpg.jpeg","width":1600,"height":1600,"caption":"skaitytaknyga.lt"},"image":{"@id":"https:\/\/skaitytaknyga.lt\/#\/schema\/logo\/image\/"},"sameAs":["https:\/\/www.facebook.com\/skaitytaknyga\/"]}]}},"_links":{"self":[{"href":"https:\/\/skaitytaknyga.lt\/en\/wp-json\/wp\/v2\/product\/18067","targetHints":{"allow":["GET"]}}],"collection":[{"href":"https:\/\/skaitytaknyga.lt\/en\/wp-json\/wp\/v2\/product"}],"about":[{"href":"https:\/\/skaitytaknyga.lt\/en\/wp-json\/wp\/v2\/types\/product"}],"replies":[{"embeddable":true,"href":"https:\/\/skaitytaknyga.lt\/en\/wp-json\/wp\/v2\/comments?post=18067"}],"wp:featuredmedia":[{"embeddable":true,"href":"https:\/\/skaitytaknyga.lt\/en\/wp-json\/wp\/v2\/media\/18258"}],"wp:attachment":[{"href":"https:\/\/skaitytaknyga.lt\/en\/wp-json\/wp\/v2\/media?parent=18067"}],"wp:term":[{"taxonomy":"product_brand","embeddable":true,"href":"https:\/\/skaitytaknyga.lt\/en\/wp-json\/wp\/v2\/product_brand?post=18067"},{"taxonomy":"product_cat","embeddable":true,"href":"https:\/\/skaitytaknyga.lt\/en\/wp-json\/wp\/v2\/product_cat?post=18067"},{"taxonomy":"product_tag","embeddable":true,"href":"https:\/\/skaitytaknyga.lt\/en\/wp-json\/wp\/v2\/product_tag?post=18067"}],"curies":[{"name":"wp","href":"https:\/\/api.w.org\/{rel}","templated":true}]}}