{"id":18062,"date":"2025-04-25T20:14:24","date_gmt":"2025-04-25T17:14:24","guid":{"rendered":"https:\/\/skaitytaknyga.lt\/?post_type=product&#038;p=18062"},"modified":"2025-07-07T09:26:57","modified_gmt":"2025-07-07T06:26:57","slug":"eduardas-miezelaitis-mano-lyra","status":"publish","type":"product","link":"https:\/\/skaitytaknyga.lt\/en\/produktas\/eduardas-miezelaitis-mano-lyra\/","title":{"rendered":"Mano lyra"},"content":{"rendered":"<p>Eil\u0117ra\u0161\u010di\u0173 bryd\u0117, \u012fsi\u017eiebusi kadaise rasos \u017evaig\u017ed\u0117mis ankstyvo mano rytme\u010dio paskliaut\u0117je ir nusidriekusi gintariniais vidurdienio takais, tebe\u017eai\u017earuoja dar ir vakarin\u0117s \u0161viesotamsos metu.. Lyrin\u0117 vienos trapios kaip \u017emogaus gyvenimas dienos mozaika ir sudaro \u0161ios rinktin\u0117s pagrind\u0105, vis\u0105 t\u0105 laik\u0105 rankos tarsi lietuvi\u0161ko med\u017eio \u0161akos stipriai laik\u0117 delnuos saul\u0117s kompas\u0105, akys bast\u0117si u\u017e devyni\u0173 kaln\u0173 ir devyni\u0173 giri\u0173, o \u0161irdis plasnojo \u0161alia m\u0117lynosios pauk\u0161t\u0117s.<\/p>\n<p>Beje, i\u0161 vakaro prieangio daug geriau matoma dabar jau gana nutolusi tosios eil\u0117ra\u0161\u010di\u0173 bryd\u0117s prad\u017eia ir visi tolimesni jos vingiai, beliko tik padaryti kruop\u0161tesn\u0119 atrank\u0105 ir t\u0173 rasos \u017evaig\u017ed\u017ei\u0173 \u017eybsnius i\u0161 naujo pateikti reiklaus dabartinio poezijos skaitytojo nuo\u017ei\u016brai. Art\u0117jan\u010dio vakaro prieblandoje dar jau\u010diu aksomin\u012f minties pla\u0161taki\u0173 \u0161okio plazdes\u012f. Vidurnaktis dar toli.<\/p>\n","protected":false},"excerpt":{"rendered":"<p>Eil\u0117ra\u0161\u010di\u0173 bryd\u0117, \u012fsi\u017eiebusi kadaise rasos \u017evaig\u017ed\u0117mis ankstyvo mano rytme\u010dio paskliaut\u0117je ir nusidriekusi gintariniais vidurdienio takais, tebe\u017eai\u017earuoja dar ir vakarin\u0117s \u0161viesotamsos metu.. Lyrin\u0117 vienos trapios kaip \u017emogaus gyvenimas dienos mozaika ir sudaro \u0161ios rinktin\u0117s pagrind\u0105, vis\u0105 t\u0105 laik\u0105 rankos tarsi lietuvi\u0161ko med\u017eio \u0161akos stipriai laik\u0117 delnuos saul\u0117s kompas\u0105, akys bast\u0117si u\u017e devyni\u0173 kaln\u0173 ir devyni\u0173 giri\u0173, o \u0161irdis plasnojo \u0161alia m\u0117lynosios pauk\u0161t\u0117s. Beje, i\u0161 vakaro prieangio daug geriau matoma dabar jau gana nutolusi tosios eil\u0117ra\u0161\u010di\u0173 bryd\u0117s prad\u017eia ir visi tolimesni jos vingiai, beliko tik padaryti kruop\u0161tesn\u0119 atrank\u0105 ir t\u0173 rasos \u017evaig\u017ed\u017ei\u0173 \u017eybsnius i\u0161 naujo pateikti reiklaus dabartinio poezijos skaitytojo nuo\u017ei\u016brai. Art\u0117jan\u010dio vakaro prieblandoje dar jau\u010diu aksomin\u012f minties pla\u0161taki\u0173 \u0161okio plazdes\u012f. Vidurnaktis dar toli.<\/p>\n","protected":false},"featured_media":18260,"comment_status":"open","ping_status":"closed","template":"","meta":{"_acf_changed":false,"site-sidebar-layout":"default","site-content-layout":"","ast-site-content-layout":"default","site-content-style":"default","site-sidebar-style":"default","ast-global-header-display":"","ast-banner-title-visibility":"","ast-main-header-display":"","ast-hfb-above-header-display":"","ast-hfb-below-header-display":"","ast-hfb-mobile-header-display":"","site-post-title":"","ast-breadcrumbs-content":"","ast-featured-img":"","footer-sml-layout":"","ast-disable-related-posts":"","theme-transparent-header-meta":"","adv-header-id-meta":"","stick-header-meta":"","header-above-stick-meta":"","header-main-stick-meta":"","header-below-stick-meta":"","astra-migrate-meta-layouts":"default","ast-page-background-enabled":"default","ast-page-background-meta":{"desktop":{"background-color":"","background-image":"","background-repeat":"repeat","background-position":"center center","background-size":"auto","background-attachment":"scroll","background-type":"","background-media":"","overlay-type":"","overlay-color":"","overlay-opacity":"","overlay-gradient":""},"tablet":{"background-color":"","background-image":"","background-repeat":"repeat","background-position":"center center","background-size":"auto","background-attachment":"scroll","background-type":"","background-media":"","overlay-type":"","overlay-color":"","overlay-opacity":"","overlay-gradient":""},"mobile":{"background-color":"","background-image":"","background-repeat":"repeat","background-position":"center center","background-size":"auto","background-attachment":"scroll","background-type":"","background-media":"","overlay-type":"","overlay-color":"","overlay-opacity":"","overlay-gradient":""}},"ast-content-background-meta":{"desktop":{"background-color":"var(--ast-global-color-4)","background-image":"","background-repeat":"repeat","background-position":"center center","background-size":"auto","background-attachment":"scroll","background-type":"","background-media":"","overlay-type":"","overlay-color":"","overlay-opacity":"","overlay-gradient":""},"tablet":{"background-color":"var(--ast-global-color-4)","background-image":"","background-repeat":"repeat","background-position":"center center","background-size":"auto","background-attachment":"scroll","background-type":"","background-media":"","overlay-type":"","overlay-color":"","overlay-opacity":"","overlay-gradient":""},"mobile":{"background-color":"var(--ast-global-color-4)","background-image":"","background-repeat":"repeat","background-position":"center center","background-size":"auto","background-attachment":"scroll","background-type":"","background-media":"","overlay-type":"","overlay-color":"","overlay-opacity":"","overlay-gradient":""}}},"product_brand":[],"product_cat":[31],"product_tag":[1909,1437,1910,1911,1913,1912],"class_list":{"0":"post-18062","1":"product","2":"type-product","3":"status-publish","4":"has-post-thumbnail","6":"product_cat-grozine-literatura","7":"product_tag-eduardas-miezelaitis","8":"product_tag-klasika","9":"product_tag-lietuviu-poezija","10":"product_tag-lyrika","11":"product_tag-rinktine","12":"product_tag-xx-a-literatura","13":"desktop-align-left","14":"tablet-align-left","15":"mobile-align-left","17":"first","18":"instock","19":"shipping-taxable","20":"purchasable","21":"product-type-simple"},"acf":[],"yoast_head":"<!-- This site is optimized with the Yoast SEO plugin v27.0 - https:\/\/yoast.com\/product\/yoast-seo-wordpress\/ -->\n<title>Mano lyra<\/title>\n<meta name=\"description\" content=\"Eil\u0117ra\u0161\u010di\u0173 bryd\u0117, \u012fsi\u017eiebusi kadaise rasos \u017evaig\u017ed\u0117mis ankstyvo mano rytme\u010dio paskliaut\u0117je ir nusidriekusi gintariniais vidurdienio takais, tebe\u017eai\u017earuoja\" \/>\n<meta name=\"robots\" content=\"index, follow, max-snippet:-1, max-image-preview:large, max-video-preview:-1\" \/>\n<link rel=\"canonical\" href=\"https:\/\/skaitytaknyga.lt\/en\/produktas\/eduardas-miezelaitis-mano-lyra\/\" \/>\n<meta property=\"og:locale\" content=\"en_GB\" \/>\n<meta property=\"og:locale:alternate\" content=\"lt_LT\" \/>\n<meta property=\"og:type\" content=\"article\" \/>\n<meta property=\"og:title\" content=\"Mano lyra\" \/>\n<meta property=\"og:description\" content=\"Eil\u0117ra\u0161\u010di\u0173 bryd\u0117, \u012fsi\u017eiebusi kadaise rasos \u017evaig\u017ed\u0117mis ankstyvo mano rytme\u010dio paskliaut\u0117je ir nusidriekusi gintariniais vidurdienio takais, tebe\u017eai\u017earuoja\" \/>\n<meta property=\"og:url\" content=\"https:\/\/skaitytaknyga.lt\/en\/produktas\/eduardas-miezelaitis-mano-lyra\/\" \/>\n<meta property=\"og:site_name\" content=\"Skaitytaknyga\" \/>\n<meta property=\"article:publisher\" content=\"https:\/\/www.facebook.com\/skaitytaknyga\/\" \/>\n<meta property=\"article:modified_time\" content=\"2025-07-07T06:26:57+00:00\" \/>\n<meta property=\"og:image\" content=\"https:\/\/skaitytaknyga.lt\/wp-content\/uploads\/2025\/05\/Mano-lyra.webp\" \/>\n\t<meta property=\"og:image:width\" content=\"519\" \/>\n\t<meta property=\"og:image:height\" content=\"801\" \/>\n\t<meta property=\"og:image:type\" content=\"image\/webp\" \/>\n<meta name=\"twitter:card\" content=\"summary_large_image\" \/>\n<meta name=\"twitter:label1\" content=\"Estimated reading time\" \/>\n\t<meta name=\"twitter:data1\" content=\"1 minute\" \/>\n<script type=\"application\/ld+json\" class=\"yoast-schema-graph\">{\"@context\":\"https:\/\/schema.org\",\"@graph\":[{\"@type\":\"WebPage\",\"@id\":\"https:\/\/skaitytaknyga.lt\/produktas\/eduardas-miezelaitis-mano-lyra\/\",\"url\":\"https:\/\/skaitytaknyga.lt\/produktas\/eduardas-miezelaitis-mano-lyra\/\",\"name\":\"Mano lyra\",\"isPartOf\":{\"@id\":\"https:\/\/skaitytaknyga.lt\/#website\"},\"primaryImageOfPage\":{\"@id\":\"https:\/\/skaitytaknyga.lt\/produktas\/eduardas-miezelaitis-mano-lyra\/#primaryimage\"},\"image\":{\"@id\":\"https:\/\/skaitytaknyga.lt\/produktas\/eduardas-miezelaitis-mano-lyra\/#primaryimage\"},\"thumbnailUrl\":\"https:\/\/skaitytaknyga.lt\/wp-content\/uploads\/2025\/05\/Mano-lyra.webp\",\"datePublished\":\"2025-04-25T17:14:24+00:00\",\"dateModified\":\"2025-07-07T06:26:57+00:00\",\"description\":\"Eil\u0117ra\u0161\u010di\u0173 bryd\u0117, \u012fsi\u017eiebusi kadaise rasos \u017evaig\u017ed\u0117mis ankstyvo mano rytme\u010dio paskliaut\u0117je ir nusidriekusi gintariniais vidurdienio takais, tebe\u017eai\u017earuoja\",\"breadcrumb\":{\"@id\":\"https:\/\/skaitytaknyga.lt\/produktas\/eduardas-miezelaitis-mano-lyra\/#breadcrumb\"},\"inLanguage\":\"en-GB\",\"potentialAction\":[{\"@type\":\"ReadAction\",\"target\":[\"https:\/\/skaitytaknyga.lt\/produktas\/eduardas-miezelaitis-mano-lyra\/\"]}]},{\"@type\":\"ImageObject\",\"inLanguage\":\"en-GB\",\"@id\":\"https:\/\/skaitytaknyga.lt\/produktas\/eduardas-miezelaitis-mano-lyra\/#primaryimage\",\"url\":\"https:\/\/skaitytaknyga.lt\/wp-content\/uploads\/2025\/05\/Mano-lyra.webp\",\"contentUrl\":\"https:\/\/skaitytaknyga.lt\/wp-content\/uploads\/2025\/05\/Mano-lyra.webp\",\"width\":519,\"height\":801,\"caption\":\"Mano lyra\"},{\"@type\":\"BreadcrumbList\",\"@id\":\"https:\/\/skaitytaknyga.lt\/produktas\/eduardas-miezelaitis-mano-lyra\/#breadcrumb\",\"itemListElement\":[{\"@type\":\"ListItem\",\"position\":1,\"name\":\"Home\",\"item\":\"https:\/\/skaitytaknyga.lt\/\"},{\"@type\":\"ListItem\",\"position\":2,\"name\":\"Parduotuv\u0117\",\"item\":\"https:\/\/skaitytaknyga.lt\/knygu-parduotuve\/\"},{\"@type\":\"ListItem\",\"position\":3,\"name\":\"Mano lyra\"}]},{\"@type\":\"WebSite\",\"@id\":\"https:\/\/skaitytaknyga.lt\/#website\",\"url\":\"https:\/\/skaitytaknyga.lt\/\",\"name\":\"skaitytaknyga.lt\",\"description\":\"Skaitytaknyga.lt \u2013 tai ma\u017eas \u0161eimos verslas, kuris prasid\u0117jo nuo meil\u0117s knygoms ir siekio i\u0161gelb\u0117ti knygas nuo likimo prie konteinerio. Kas vienam nereikalingas daiktas \u2013 kitam lobis, o mes esame tarpininkai, kurie padeda abiems tapti laimingesniems ???? \u017dinome kaip nelengva i\u0161gyventi ma\u017eiems verslams, tad nuo \u0161iol, \u010dia rasite ir kit\u0173, ma\u017e\u0173 \u0161eim\u0173 versl\u0173, rank\u0173 darbo, dovan\u0173 sau ir artimiesiems.\",\"publisher\":{\"@id\":\"https:\/\/skaitytaknyga.lt\/#organization\"},\"potentialAction\":[{\"@type\":\"SearchAction\",\"target\":{\"@type\":\"EntryPoint\",\"urlTemplate\":\"https:\/\/skaitytaknyga.lt\/?s={search_term_string}\"},\"query-input\":{\"@type\":\"PropertyValueSpecification\",\"valueRequired\":true,\"valueName\":\"search_term_string\"}}],\"inLanguage\":\"en-GB\"},{\"@type\":\"Organization\",\"@id\":\"https:\/\/skaitytaknyga.lt\/#organization\",\"name\":\"skaitytaknyga.lt\",\"url\":\"https:\/\/skaitytaknyga.lt\/\",\"logo\":{\"@type\":\"ImageObject\",\"inLanguage\":\"en-GB\",\"@id\":\"https:\/\/skaitytaknyga.lt\/#\/schema\/logo\/image\/\",\"url\":\"https:\/\/skaitytaknyga.lt\/wp-content\/uploads\/2024\/05\/cropped-cropped-cropped-02_00843_jt3bggkj1j3HLc7SyY6rEUpg.jpeg\",\"contentUrl\":\"https:\/\/skaitytaknyga.lt\/wp-content\/uploads\/2024\/05\/cropped-cropped-cropped-02_00843_jt3bggkj1j3HLc7SyY6rEUpg.jpeg\",\"width\":1600,\"height\":1600,\"caption\":\"skaitytaknyga.lt\"},\"image\":{\"@id\":\"https:\/\/skaitytaknyga.lt\/#\/schema\/logo\/image\/\"},\"sameAs\":[\"https:\/\/www.facebook.com\/skaitytaknyga\/\"]}]}<\/script>\n<!-- \/ Yoast SEO plugin. -->","yoast_head_json":{"title":"Mano lyra","description":"Eil\u0117ra\u0161\u010di\u0173 bryd\u0117, \u012fsi\u017eiebusi kadaise rasos \u017evaig\u017ed\u0117mis ankstyvo mano rytme\u010dio paskliaut\u0117je ir nusidriekusi gintariniais vidurdienio takais, tebe\u017eai\u017earuoja","robots":{"index":"index","follow":"follow","max-snippet":"max-snippet:-1","max-image-preview":"max-image-preview:large","max-video-preview":"max-video-preview:-1"},"canonical":"https:\/\/skaitytaknyga.lt\/en\/produktas\/eduardas-miezelaitis-mano-lyra\/","og_locale":"en_GB","og_type":"article","og_title":"[:lt]Mano lyra[:] - Skaitytaknyga","og_description":"Eil\u0117ra\u0161\u010di\u0173 bryd\u0117, \u012fsi\u017eiebusi kadaise rasos \u017evaig\u017ed\u0117mis ankstyvo mano rytme\u010dio paskliaut\u0117je ir nusidriekusi gintariniais vidurdienio takais, tebe\u017eai\u017earuoja","og_url":"https:\/\/skaitytaknyga.lt\/en\/produktas\/eduardas-miezelaitis-mano-lyra\/","og_site_name":"Skaitytaknyga","article_publisher":"https:\/\/www.facebook.com\/skaitytaknyga\/","article_modified_time":"2025-07-07T06:26:57+00:00","og_image":[{"width":519,"height":801,"url":"https:\/\/skaitytaknyga.lt\/wp-content\/uploads\/2025\/05\/Mano-lyra.webp","type":"image\/webp"}],"twitter_card":"summary_large_image","twitter_misc":{"Estimated reading time":"1 minute"},"schema":{"@context":"https:\/\/schema.org","@graph":[{"@type":"WebPage","@id":"https:\/\/skaitytaknyga.lt\/produktas\/eduardas-miezelaitis-mano-lyra\/","url":"https:\/\/skaitytaknyga.lt\/produktas\/eduardas-miezelaitis-mano-lyra\/","name":"Mano lyra","isPartOf":{"@id":"https:\/\/skaitytaknyga.lt\/#website"},"primaryImageOfPage":{"@id":"https:\/\/skaitytaknyga.lt\/produktas\/eduardas-miezelaitis-mano-lyra\/#primaryimage"},"image":{"@id":"https:\/\/skaitytaknyga.lt\/produktas\/eduardas-miezelaitis-mano-lyra\/#primaryimage"},"thumbnailUrl":"https:\/\/skaitytaknyga.lt\/wp-content\/uploads\/2025\/05\/Mano-lyra.webp","datePublished":"2025-04-25T17:14:24+00:00","dateModified":"2025-07-07T06:26:57+00:00","description":"Eil\u0117ra\u0161\u010di\u0173 bryd\u0117, \u012fsi\u017eiebusi kadaise rasos \u017evaig\u017ed\u0117mis ankstyvo mano rytme\u010dio paskliaut\u0117je ir nusidriekusi gintariniais vidurdienio takais, tebe\u017eai\u017earuoja","breadcrumb":{"@id":"https:\/\/skaitytaknyga.lt\/produktas\/eduardas-miezelaitis-mano-lyra\/#breadcrumb"},"inLanguage":"en-GB","potentialAction":[{"@type":"ReadAction","target":["https:\/\/skaitytaknyga.lt\/produktas\/eduardas-miezelaitis-mano-lyra\/"]}]},{"@type":"ImageObject","inLanguage":"en-GB","@id":"https:\/\/skaitytaknyga.lt\/produktas\/eduardas-miezelaitis-mano-lyra\/#primaryimage","url":"https:\/\/skaitytaknyga.lt\/wp-content\/uploads\/2025\/05\/Mano-lyra.webp","contentUrl":"https:\/\/skaitytaknyga.lt\/wp-content\/uploads\/2025\/05\/Mano-lyra.webp","width":519,"height":801,"caption":"Mano lyra"},{"@type":"BreadcrumbList","@id":"https:\/\/skaitytaknyga.lt\/produktas\/eduardas-miezelaitis-mano-lyra\/#breadcrumb","itemListElement":[{"@type":"ListItem","position":1,"name":"Home","item":"https:\/\/skaitytaknyga.lt\/"},{"@type":"ListItem","position":2,"name":"Parduotuv\u0117","item":"https:\/\/skaitytaknyga.lt\/knygu-parduotuve\/"},{"@type":"ListItem","position":3,"name":"Mano lyra"}]},{"@type":"WebSite","@id":"https:\/\/skaitytaknyga.lt\/#website","url":"https:\/\/skaitytaknyga.lt\/","name":"skaitytaknyga.lt","description":"Skaitytaknyga.lt \u2013 tai ma\u017eas \u0161eimos verslas, kuris prasid\u0117jo nuo meil\u0117s knygoms ir siekio i\u0161gelb\u0117ti knygas nuo likimo prie konteinerio. Kas vienam nereikalingas daiktas \u2013 kitam lobis, o mes esame tarpininkai, kurie padeda abiems tapti laimingesniems ???? \u017dinome kaip nelengva i\u0161gyventi ma\u017eiems verslams, tad nuo \u0161iol, \u010dia rasite ir kit\u0173, ma\u017e\u0173 \u0161eim\u0173 versl\u0173, rank\u0173 darbo, dovan\u0173 sau ir artimiesiems.","publisher":{"@id":"https:\/\/skaitytaknyga.lt\/#organization"},"potentialAction":[{"@type":"SearchAction","target":{"@type":"EntryPoint","urlTemplate":"https:\/\/skaitytaknyga.lt\/?s={search_term_string}"},"query-input":{"@type":"PropertyValueSpecification","valueRequired":true,"valueName":"search_term_string"}}],"inLanguage":"en-GB"},{"@type":"Organization","@id":"https:\/\/skaitytaknyga.lt\/#organization","name":"skaitytaknyga.lt","url":"https:\/\/skaitytaknyga.lt\/","logo":{"@type":"ImageObject","inLanguage":"en-GB","@id":"https:\/\/skaitytaknyga.lt\/#\/schema\/logo\/image\/","url":"https:\/\/skaitytaknyga.lt\/wp-content\/uploads\/2024\/05\/cropped-cropped-cropped-02_00843_jt3bggkj1j3HLc7SyY6rEUpg.jpeg","contentUrl":"https:\/\/skaitytaknyga.lt\/wp-content\/uploads\/2024\/05\/cropped-cropped-cropped-02_00843_jt3bggkj1j3HLc7SyY6rEUpg.jpeg","width":1600,"height":1600,"caption":"skaitytaknyga.lt"},"image":{"@id":"https:\/\/skaitytaknyga.lt\/#\/schema\/logo\/image\/"},"sameAs":["https:\/\/www.facebook.com\/skaitytaknyga\/"]}]}},"_links":{"self":[{"href":"https:\/\/skaitytaknyga.lt\/en\/wp-json\/wp\/v2\/product\/18062","targetHints":{"allow":["GET"]}}],"collection":[{"href":"https:\/\/skaitytaknyga.lt\/en\/wp-json\/wp\/v2\/product"}],"about":[{"href":"https:\/\/skaitytaknyga.lt\/en\/wp-json\/wp\/v2\/types\/product"}],"replies":[{"embeddable":true,"href":"https:\/\/skaitytaknyga.lt\/en\/wp-json\/wp\/v2\/comments?post=18062"}],"wp:featuredmedia":[{"embeddable":true,"href":"https:\/\/skaitytaknyga.lt\/en\/wp-json\/wp\/v2\/media\/18260"}],"wp:attachment":[{"href":"https:\/\/skaitytaknyga.lt\/en\/wp-json\/wp\/v2\/media?parent=18062"}],"wp:term":[{"taxonomy":"product_brand","embeddable":true,"href":"https:\/\/skaitytaknyga.lt\/en\/wp-json\/wp\/v2\/product_brand?post=18062"},{"taxonomy":"product_cat","embeddable":true,"href":"https:\/\/skaitytaknyga.lt\/en\/wp-json\/wp\/v2\/product_cat?post=18062"},{"taxonomy":"product_tag","embeddable":true,"href":"https:\/\/skaitytaknyga.lt\/en\/wp-json\/wp\/v2\/product_tag?post=18062"}],"curies":[{"name":"wp","href":"https:\/\/api.w.org\/{rel}","templated":true}]}}