{"id":18061,"date":"2025-04-25T20:14:24","date_gmt":"2025-04-25T17:14:24","guid":{"rendered":"https:\/\/skaitytaknyga.lt\/?post_type=product&#038;p=18061"},"modified":"2026-03-18T20:03:26","modified_gmt":"2026-03-18T18:03:26","slug":"grokime-gitara-naglis-ritosas","status":"publish","type":"product","link":"https:\/\/skaitytaknyga.lt\/en\/produktas\/grokime-gitara-naglis-ritosas\/","title":{"rendered":"Grokime gitara. Akustin\u0117s ir elektrin\u0117s gitaros prad\u017eiamokslis"},"content":{"rendered":"<p>\u201eGrokime gitara\u201c &#8211; tai nesud\u0117tingos, iliustruotos ir daug laiko neatiman\u010dios pamokos. \u010cia rasite visk\u0105, k\u0105 reikia \u017einoti norint prad\u0117ti rimtai ir skoningai groti, pradedant gitaros pasirinkimu bei tabulat\u016bros skaitymu ir baigiant grojimo plektru b\u016bdais bei galios akordais.<\/p>\n","protected":false},"excerpt":{"rendered":"<p>\u201eGrokime gitara\u201c &#8211; tai nesud\u0117tingos, iliustruotos ir daug laiko neatiman\u010dios pamokos. \u010cia rasite visk\u0105, k\u0105 reikia \u017einoti norint prad\u0117ti rimtai ir skoningai groti, pradedant gitaros pasirinkimu bei tabulat\u016bros skaitymu ir baigiant grojimo plektru b\u016bdais bei galios akordais.<\/p>\n","protected":false},"featured_media":18262,"comment_status":"open","ping_status":"closed","template":"","meta":{"_acf_changed":false,"site-sidebar-layout":"default","site-content-layout":"","ast-site-content-layout":"default","site-content-style":"default","site-sidebar-style":"default","ast-global-header-display":"","ast-banner-title-visibility":"","ast-main-header-display":"","ast-hfb-above-header-display":"","ast-hfb-below-header-display":"","ast-hfb-mobile-header-display":"","site-post-title":"","ast-breadcrumbs-content":"","ast-featured-img":"","footer-sml-layout":"","ast-disable-related-posts":"","theme-transparent-header-meta":"","adv-header-id-meta":"","stick-header-meta":"","header-above-stick-meta":"","header-main-stick-meta":"","header-below-stick-meta":"","astra-migrate-meta-layouts":"default","ast-page-background-enabled":"default","ast-page-background-meta":{"desktop":{"background-color":"","background-image":"","background-repeat":"repeat","background-position":"center center","background-size":"auto","background-attachment":"scroll","background-type":"","background-media":"","overlay-type":"","overlay-color":"","overlay-opacity":"","overlay-gradient":""},"tablet":{"background-color":"","background-image":"","background-repeat":"repeat","background-position":"center center","background-size":"auto","background-attachment":"scroll","background-type":"","background-media":"","overlay-type":"","overlay-color":"","overlay-opacity":"","overlay-gradient":""},"mobile":{"background-color":"","background-image":"","background-repeat":"repeat","background-position":"center center","background-size":"auto","background-attachment":"scroll","background-type":"","background-media":"","overlay-type":"","overlay-color":"","overlay-opacity":"","overlay-gradient":""}},"ast-content-background-meta":{"desktop":{"background-color":"var(--ast-global-color-4)","background-image":"","background-repeat":"repeat","background-position":"center center","background-size":"auto","background-attachment":"scroll","background-type":"","background-media":"","overlay-type":"","overlay-color":"","overlay-opacity":"","overlay-gradient":""},"tablet":{"background-color":"var(--ast-global-color-4)","background-image":"","background-repeat":"repeat","background-position":"center center","background-size":"auto","background-attachment":"scroll","background-type":"","background-media":"","overlay-type":"","overlay-color":"","overlay-opacity":"","overlay-gradient":""},"mobile":{"background-color":"var(--ast-global-color-4)","background-image":"","background-repeat":"repeat","background-position":"center center","background-size":"auto","background-attachment":"scroll","background-type":"","background-media":"","overlay-type":"","overlay-color":"","overlay-opacity":"","overlay-gradient":""}}},"product_brand":[],"product_cat":[57],"product_tag":[1903,1904,1900,1901,1905,1899,1902],"class_list":{"0":"post-18061","1":"product","2":"type-product","3":"status-publish","4":"has-post-thumbnail","6":"product_cat-menas-ir-albumai","7":"product_tag-akustine-gitara","8":"product_tag-elektrine-gitara","9":"product_tag-gitara","10":"product_tag-muzikos-mokymas","11":"product_tag-muzikos-teorija","12":"product_tag-phil-capone","13":"product_tag-pradedantiesiems","14":"desktop-align-left","15":"tablet-align-left","16":"mobile-align-left","18":"first","19":"instock","20":"shipping-taxable","21":"purchasable","22":"product-type-simple"},"acf":[],"yoast_head":"<!-- This site is optimized with the Yoast SEO plugin v27.0 - https:\/\/yoast.com\/product\/yoast-seo-wordpress\/ -->\n<title>Grokime gitara. Akustin\u0117s ir elektrin\u0117s gitaros prad\u017eiamokslis<\/title>\n<meta name=\"description\" content=\"\u201eGrokime gitara\u201c - tai nesud\u0117tingos, iliustruotos ir daug laiko neatiman\u010dios pamokos. \u010cia rasite visk\u0105, k\u0105 reikia \u017einoti norint prad\u0117ti rimtai ir\" \/>\n<meta name=\"robots\" content=\"index, follow, max-snippet:-1, max-image-preview:large, max-video-preview:-1\" \/>\n<link rel=\"canonical\" href=\"https:\/\/skaitytaknyga.lt\/en\/produktas\/grokime-gitara-naglis-ritosas\/\" \/>\n<meta property=\"og:locale\" content=\"en_GB\" \/>\n<meta property=\"og:locale:alternate\" content=\"lt_LT\" \/>\n<meta property=\"og:type\" content=\"article\" \/>\n<meta property=\"og:title\" content=\"Grokime gitara. Akustin\u0117s ir elektrin\u0117s gitaros prad\u017eiamokslis\" \/>\n<meta property=\"og:description\" content=\"\u201eGrokime gitara\u201c - tai nesud\u0117tingos, iliustruotos ir daug laiko neatiman\u010dios pamokos. \u010cia rasite visk\u0105, k\u0105 reikia \u017einoti norint prad\u0117ti rimtai ir\" \/>\n<meta property=\"og:url\" content=\"https:\/\/skaitytaknyga.lt\/en\/produktas\/grokime-gitara-naglis-ritosas\/\" \/>\n<meta property=\"og:site_name\" content=\"Skaitytaknyga\" \/>\n<meta property=\"article:publisher\" content=\"https:\/\/www.facebook.com\/skaitytaknyga\/\" \/>\n<meta property=\"article:modified_time\" content=\"2026-03-18T18:03:26+00:00\" \/>\n<meta property=\"og:image\" content=\"https:\/\/skaitytaknyga.lt\/wp-content\/uploads\/2025\/05\/Grokime-gitara.-Akustines-ir-elektrines-gitaros-pradziamokslis.webp\" \/>\n\t<meta property=\"og:image:width\" content=\"628\" \/>\n\t<meta property=\"og:image:height\" content=\"800\" \/>\n\t<meta property=\"og:image:type\" content=\"image\/webp\" \/>\n<meta name=\"twitter:card\" content=\"summary_large_image\" \/>\n<script type=\"application\/ld+json\" class=\"yoast-schema-graph\">{\"@context\":\"https:\/\/schema.org\",\"@graph\":[{\"@type\":\"WebPage\",\"@id\":\"https:\/\/skaitytaknyga.lt\/produktas\/grokime-gitara-naglis-ritosas\/\",\"url\":\"https:\/\/skaitytaknyga.lt\/produktas\/grokime-gitara-naglis-ritosas\/\",\"name\":\"Grokime gitara. Akustin\u0117s ir elektrin\u0117s gitaros prad\u017eiamokslis\",\"isPartOf\":{\"@id\":\"https:\/\/skaitytaknyga.lt\/#website\"},\"primaryImageOfPage\":{\"@id\":\"https:\/\/skaitytaknyga.lt\/produktas\/grokime-gitara-naglis-ritosas\/#primaryimage\"},\"image\":{\"@id\":\"https:\/\/skaitytaknyga.lt\/produktas\/grokime-gitara-naglis-ritosas\/#primaryimage\"},\"thumbnailUrl\":\"https:\/\/skaitytaknyga.lt\/wp-content\/uploads\/2025\/05\/Grokime-gitara.-Akustines-ir-elektrines-gitaros-pradziamokslis.webp\",\"datePublished\":\"2025-04-25T17:14:24+00:00\",\"dateModified\":\"2026-03-18T18:03:26+00:00\",\"description\":\"\u201eGrokime gitara\u201c - tai nesud\u0117tingos, iliustruotos ir daug laiko neatiman\u010dios pamokos. \u010cia rasite visk\u0105, k\u0105 reikia \u017einoti norint prad\u0117ti rimtai ir\",\"breadcrumb\":{\"@id\":\"https:\/\/skaitytaknyga.lt\/produktas\/grokime-gitara-naglis-ritosas\/#breadcrumb\"},\"inLanguage\":\"en-GB\",\"potentialAction\":[{\"@type\":\"ReadAction\",\"target\":[\"https:\/\/skaitytaknyga.lt\/produktas\/grokime-gitara-naglis-ritosas\/\"]}]},{\"@type\":\"ImageObject\",\"inLanguage\":\"en-GB\",\"@id\":\"https:\/\/skaitytaknyga.lt\/produktas\/grokime-gitara-naglis-ritosas\/#primaryimage\",\"url\":\"https:\/\/skaitytaknyga.lt\/wp-content\/uploads\/2025\/05\/Grokime-gitara.-Akustines-ir-elektrines-gitaros-pradziamokslis.webp\",\"contentUrl\":\"https:\/\/skaitytaknyga.lt\/wp-content\/uploads\/2025\/05\/Grokime-gitara.-Akustines-ir-elektrines-gitaros-pradziamokslis.webp\",\"width\":628,\"height\":800,\"caption\":\"Grokime gitara. Akustin\u0117s ir elektrin\u0117s gitaros prad\u017eiamokslis\"},{\"@type\":\"BreadcrumbList\",\"@id\":\"https:\/\/skaitytaknyga.lt\/produktas\/grokime-gitara-naglis-ritosas\/#breadcrumb\",\"itemListElement\":[{\"@type\":\"ListItem\",\"position\":1,\"name\":\"Home\",\"item\":\"https:\/\/skaitytaknyga.lt\/\"},{\"@type\":\"ListItem\",\"position\":2,\"name\":\"Parduotuv\u0117\",\"item\":\"https:\/\/skaitytaknyga.lt\/knygu-parduotuve\/\"},{\"@type\":\"ListItem\",\"position\":3,\"name\":\"Grokime gitara. Akustin\u0117s ir elektrin\u0117s gitaros prad\u017eiamokslis\"}]},{\"@type\":\"WebSite\",\"@id\":\"https:\/\/skaitytaknyga.lt\/#website\",\"url\":\"https:\/\/skaitytaknyga.lt\/\",\"name\":\"skaitytaknyga.lt\",\"description\":\"Skaitytaknyga.lt \u2013 tai ma\u017eas \u0161eimos verslas, kuris prasid\u0117jo nuo meil\u0117s knygoms ir siekio i\u0161gelb\u0117ti knygas nuo likimo prie konteinerio. Kas vienam nereikalingas daiktas \u2013 kitam lobis, o mes esame tarpininkai, kurie padeda abiems tapti laimingesniems ???? \u017dinome kaip nelengva i\u0161gyventi ma\u017eiems verslams, tad nuo \u0161iol, \u010dia rasite ir kit\u0173, ma\u017e\u0173 \u0161eim\u0173 versl\u0173, rank\u0173 darbo, dovan\u0173 sau ir artimiesiems.\",\"publisher\":{\"@id\":\"https:\/\/skaitytaknyga.lt\/#organization\"},\"potentialAction\":[{\"@type\":\"SearchAction\",\"target\":{\"@type\":\"EntryPoint\",\"urlTemplate\":\"https:\/\/skaitytaknyga.lt\/?s={search_term_string}\"},\"query-input\":{\"@type\":\"PropertyValueSpecification\",\"valueRequired\":true,\"valueName\":\"search_term_string\"}}],\"inLanguage\":\"en-GB\"},{\"@type\":\"Organization\",\"@id\":\"https:\/\/skaitytaknyga.lt\/#organization\",\"name\":\"skaitytaknyga.lt\",\"url\":\"https:\/\/skaitytaknyga.lt\/\",\"logo\":{\"@type\":\"ImageObject\",\"inLanguage\":\"en-GB\",\"@id\":\"https:\/\/skaitytaknyga.lt\/#\/schema\/logo\/image\/\",\"url\":\"https:\/\/skaitytaknyga.lt\/wp-content\/uploads\/2024\/05\/cropped-cropped-cropped-02_00843_jt3bggkj1j3HLc7SyY6rEUpg.jpeg\",\"contentUrl\":\"https:\/\/skaitytaknyga.lt\/wp-content\/uploads\/2024\/05\/cropped-cropped-cropped-02_00843_jt3bggkj1j3HLc7SyY6rEUpg.jpeg\",\"width\":1600,\"height\":1600,\"caption\":\"skaitytaknyga.lt\"},\"image\":{\"@id\":\"https:\/\/skaitytaknyga.lt\/#\/schema\/logo\/image\/\"},\"sameAs\":[\"https:\/\/www.facebook.com\/skaitytaknyga\/\"]}]}<\/script>\n<!-- \/ Yoast SEO plugin. -->","yoast_head_json":{"title":"Grokime gitara. Akustin\u0117s ir elektrin\u0117s gitaros prad\u017eiamokslis","description":"\u201eGrokime gitara\u201c - tai nesud\u0117tingos, iliustruotos ir daug laiko neatiman\u010dios pamokos. \u010cia rasite visk\u0105, k\u0105 reikia \u017einoti norint prad\u0117ti rimtai ir","robots":{"index":"index","follow":"follow","max-snippet":"max-snippet:-1","max-image-preview":"max-image-preview:large","max-video-preview":"max-video-preview:-1"},"canonical":"https:\/\/skaitytaknyga.lt\/en\/produktas\/grokime-gitara-naglis-ritosas\/","og_locale":"en_GB","og_type":"article","og_title":"[:lt]Grokime gitara. Akustin\u0117s ir elektrin\u0117s gitaros prad\u017eiamokslis[:] - Skaitytaknyga","og_description":"\u201eGrokime gitara\u201c - tai nesud\u0117tingos, iliustruotos ir daug laiko neatiman\u010dios pamokos. \u010cia rasite visk\u0105, k\u0105 reikia \u017einoti norint prad\u0117ti rimtai ir","og_url":"https:\/\/skaitytaknyga.lt\/en\/produktas\/grokime-gitara-naglis-ritosas\/","og_site_name":"Skaitytaknyga","article_publisher":"https:\/\/www.facebook.com\/skaitytaknyga\/","article_modified_time":"2026-03-18T18:03:26+00:00","og_image":[{"width":628,"height":800,"url":"https:\/\/skaitytaknyga.lt\/wp-content\/uploads\/2025\/05\/Grokime-gitara.-Akustines-ir-elektrines-gitaros-pradziamokslis.webp","type":"image\/webp"}],"twitter_card":"summary_large_image","schema":{"@context":"https:\/\/schema.org","@graph":[{"@type":"WebPage","@id":"https:\/\/skaitytaknyga.lt\/produktas\/grokime-gitara-naglis-ritosas\/","url":"https:\/\/skaitytaknyga.lt\/produktas\/grokime-gitara-naglis-ritosas\/","name":"Grokime gitara. Akustin\u0117s ir elektrin\u0117s gitaros prad\u017eiamokslis","isPartOf":{"@id":"https:\/\/skaitytaknyga.lt\/#website"},"primaryImageOfPage":{"@id":"https:\/\/skaitytaknyga.lt\/produktas\/grokime-gitara-naglis-ritosas\/#primaryimage"},"image":{"@id":"https:\/\/skaitytaknyga.lt\/produktas\/grokime-gitara-naglis-ritosas\/#primaryimage"},"thumbnailUrl":"https:\/\/skaitytaknyga.lt\/wp-content\/uploads\/2025\/05\/Grokime-gitara.-Akustines-ir-elektrines-gitaros-pradziamokslis.webp","datePublished":"2025-04-25T17:14:24+00:00","dateModified":"2026-03-18T18:03:26+00:00","description":"\u201eGrokime gitara\u201c - tai nesud\u0117tingos, iliustruotos ir daug laiko neatiman\u010dios pamokos. \u010cia rasite visk\u0105, k\u0105 reikia \u017einoti norint prad\u0117ti rimtai ir","breadcrumb":{"@id":"https:\/\/skaitytaknyga.lt\/produktas\/grokime-gitara-naglis-ritosas\/#breadcrumb"},"inLanguage":"en-GB","potentialAction":[{"@type":"ReadAction","target":["https:\/\/skaitytaknyga.lt\/produktas\/grokime-gitara-naglis-ritosas\/"]}]},{"@type":"ImageObject","inLanguage":"en-GB","@id":"https:\/\/skaitytaknyga.lt\/produktas\/grokime-gitara-naglis-ritosas\/#primaryimage","url":"https:\/\/skaitytaknyga.lt\/wp-content\/uploads\/2025\/05\/Grokime-gitara.-Akustines-ir-elektrines-gitaros-pradziamokslis.webp","contentUrl":"https:\/\/skaitytaknyga.lt\/wp-content\/uploads\/2025\/05\/Grokime-gitara.-Akustines-ir-elektrines-gitaros-pradziamokslis.webp","width":628,"height":800,"caption":"Grokime gitara. Akustin\u0117s ir elektrin\u0117s gitaros prad\u017eiamokslis"},{"@type":"BreadcrumbList","@id":"https:\/\/skaitytaknyga.lt\/produktas\/grokime-gitara-naglis-ritosas\/#breadcrumb","itemListElement":[{"@type":"ListItem","position":1,"name":"Home","item":"https:\/\/skaitytaknyga.lt\/"},{"@type":"ListItem","position":2,"name":"Parduotuv\u0117","item":"https:\/\/skaitytaknyga.lt\/knygu-parduotuve\/"},{"@type":"ListItem","position":3,"name":"Grokime gitara. Akustin\u0117s ir elektrin\u0117s gitaros prad\u017eiamokslis"}]},{"@type":"WebSite","@id":"https:\/\/skaitytaknyga.lt\/#website","url":"https:\/\/skaitytaknyga.lt\/","name":"skaitytaknyga.lt","description":"Skaitytaknyga.lt \u2013 tai ma\u017eas \u0161eimos verslas, kuris prasid\u0117jo nuo meil\u0117s knygoms ir siekio i\u0161gelb\u0117ti knygas nuo likimo prie konteinerio. Kas vienam nereikalingas daiktas \u2013 kitam lobis, o mes esame tarpininkai, kurie padeda abiems tapti laimingesniems ???? \u017dinome kaip nelengva i\u0161gyventi ma\u017eiems verslams, tad nuo \u0161iol, \u010dia rasite ir kit\u0173, ma\u017e\u0173 \u0161eim\u0173 versl\u0173, rank\u0173 darbo, dovan\u0173 sau ir artimiesiems.","publisher":{"@id":"https:\/\/skaitytaknyga.lt\/#organization"},"potentialAction":[{"@type":"SearchAction","target":{"@type":"EntryPoint","urlTemplate":"https:\/\/skaitytaknyga.lt\/?s={search_term_string}"},"query-input":{"@type":"PropertyValueSpecification","valueRequired":true,"valueName":"search_term_string"}}],"inLanguage":"en-GB"},{"@type":"Organization","@id":"https:\/\/skaitytaknyga.lt\/#organization","name":"skaitytaknyga.lt","url":"https:\/\/skaitytaknyga.lt\/","logo":{"@type":"ImageObject","inLanguage":"en-GB","@id":"https:\/\/skaitytaknyga.lt\/#\/schema\/logo\/image\/","url":"https:\/\/skaitytaknyga.lt\/wp-content\/uploads\/2024\/05\/cropped-cropped-cropped-02_00843_jt3bggkj1j3HLc7SyY6rEUpg.jpeg","contentUrl":"https:\/\/skaitytaknyga.lt\/wp-content\/uploads\/2024\/05\/cropped-cropped-cropped-02_00843_jt3bggkj1j3HLc7SyY6rEUpg.jpeg","width":1600,"height":1600,"caption":"skaitytaknyga.lt"},"image":{"@id":"https:\/\/skaitytaknyga.lt\/#\/schema\/logo\/image\/"},"sameAs":["https:\/\/www.facebook.com\/skaitytaknyga\/"]}]}},"_links":{"self":[{"href":"https:\/\/skaitytaknyga.lt\/en\/wp-json\/wp\/v2\/product\/18061","targetHints":{"allow":["GET"]}}],"collection":[{"href":"https:\/\/skaitytaknyga.lt\/en\/wp-json\/wp\/v2\/product"}],"about":[{"href":"https:\/\/skaitytaknyga.lt\/en\/wp-json\/wp\/v2\/types\/product"}],"replies":[{"embeddable":true,"href":"https:\/\/skaitytaknyga.lt\/en\/wp-json\/wp\/v2\/comments?post=18061"}],"wp:featuredmedia":[{"embeddable":true,"href":"https:\/\/skaitytaknyga.lt\/en\/wp-json\/wp\/v2\/media\/18262"}],"wp:attachment":[{"href":"https:\/\/skaitytaknyga.lt\/en\/wp-json\/wp\/v2\/media?parent=18061"}],"wp:term":[{"taxonomy":"product_brand","embeddable":true,"href":"https:\/\/skaitytaknyga.lt\/en\/wp-json\/wp\/v2\/product_brand?post=18061"},{"taxonomy":"product_cat","embeddable":true,"href":"https:\/\/skaitytaknyga.lt\/en\/wp-json\/wp\/v2\/product_cat?post=18061"},{"taxonomy":"product_tag","embeddable":true,"href":"https:\/\/skaitytaknyga.lt\/en\/wp-json\/wp\/v2\/product_tag?post=18061"}],"curies":[{"name":"wp","href":"https:\/\/api.w.org\/{rel}","templated":true}]}}