{"id":18055,"date":"2025-04-25T20:14:23","date_gmt":"2025-04-25T17:14:23","guid":{"rendered":"https:\/\/skaitytaknyga.lt\/?post_type=product&#038;p=18055"},"modified":"2026-03-10T15:41:33","modified_gmt":"2026-03-10T13:41:33","slug":"ramybe-tau","status":"publish","type":"product","link":"https:\/\/skaitytaknyga.lt\/en\/produktas\/ramybe-tau\/","title":{"rendered":"Ramyb\u0117 tau"},"content":{"rendered":"<p><strong>Algirdas Toliatas<\/strong>\u00a0(g. 1978 m.) gyvena ir dirba Vilniuje, bet yra \u017einomas ir mylimas visoje Lietuvoje. Trys jo pamoksl\u0173 knygos \u2013 \u201e\u017dmogaus ir Dievo metai&#8221;, \u201eGerumo li\u016bnas&#8221;, \u201e\u0160e\u0161tas jausmas yra pirmas&#8221; \u2013 nuolat perleid\u017eiamos ir sulaukia vis nauj\u0173 skaitytoj\u0173 d\u0117mesio.<\/p>\n<p>\u0160i knyga \u2013\u00a0<strong>\u201eRAMYB\u0116 TAU&#8221;<\/strong>\u00a0\u2013 tarptautinis projektas, gim\u0119s Vilniaus knyg\u0173 mug\u0117je. Para\u0161yta ispan\u0173 kalba ir skirta pasaulinei auditorijai.<\/p>\n<p>Apie k\u0105 kalba kunigas Algirdas Toliatas? Kaip visada \u012ftaigiai ir u\u017eburian\u010diai?<br \/>\nVis\u0173 pirma \u2013 apie santarv\u0119 su pa\u010diu savimi.<br \/>\nTada ir pasaulis taps harmoningas.<\/p>\n<p>Ir dar:<br \/>\nKas atima i\u0161 m\u016bs\u0173 ramyb\u0119 ir laim\u0119?<br \/>\nAr reikia \u012frodin\u0117ti savo vert\u0119?<br \/>\nAr gali kli\u016btys gyvenime tapti galimyb\u0117mis?<br \/>\nKod\u0117l reikia paleisti praeit\u012f ?<br \/>\nKaip per smulkmenas nepamesti tikslo?<br \/>\nAr verta siekti tobulumo?<br \/>\nKaip i\u0161mokti ne tik \u017ei\u016br\u0117ti, bet ir matyti?<\/p>\n<p>\u201eSu d\u0117kingumu ir meile atsiduok tam, k\u0105 atne\u0161a nauja diena, ir susitaikysi ne tik su savimi. Susitaikysi su gyvenimu.&#8221;<\/p>\n<p>Algirdas Toliatas<\/p>\n","protected":false},"excerpt":{"rendered":"<p>Algirdas Toliatas\u00a0(g. 1978 m.) gyvena ir dirba Vilniuje, bet yra \u017einomas ir mylimas visoje Lietuvoje. Trys jo pamoksl\u0173 knygos \u2013 \u201e\u017dmogaus ir Dievo metai&#8221;, \u201eGerumo li\u016bnas&#8221;, \u201e\u0160e\u0161tas jausmas yra pirmas&#8221; \u2013 nuolat perleid\u017eiamos ir sulaukia vis nauj\u0173 skaitytoj\u0173 d\u0117mesio. \u0160i knyga \u2013\u00a0\u201eRAMYB\u0116 TAU&#8221;\u00a0\u2013 tarptautinis projektas, gim\u0119s Vilniaus knyg\u0173 mug\u0117je. Para\u0161yta ispan\u0173 kalba ir skirta pasaulinei auditorijai. Apie k\u0105 kalba kunigas Algirdas Toliatas? Kaip visada \u012ftaigiai ir u\u017eburian\u010diai? Vis\u0173 pirma \u2013 apie santarv\u0119 su pa\u010diu savimi. Tada ir pasaulis taps harmoningas. Ir dar: Kas atima i\u0161 m\u016bs\u0173 ramyb\u0119 ir laim\u0119? Ar reikia \u012frodin\u0117ti savo vert\u0119? Ar gali kli\u016btys gyvenime tapti galimyb\u0117mis? Kod\u0117l reikia paleisti praeit\u012f ? Kaip per smulkmenas nepamesti tikslo? Ar verta siekti tobulumo? Kaip i\u0161mokti ne tik \u017ei\u016br\u0117ti, bet ir matyti? \u201eSu d\u0117kingumu ir meile atsiduok tam, k\u0105 atne\u0161a nauja diena, ir susitaikysi ne tik su savimi. Susitaikysi su gyvenimu.&#8221; Algirdas Toliatas<\/p>\n","protected":false},"featured_media":18234,"comment_status":"open","ping_status":"closed","template":"","meta":{"_acf_changed":false,"site-sidebar-layout":"default","site-content-layout":"","ast-site-content-layout":"default","site-content-style":"default","site-sidebar-style":"default","ast-global-header-display":"","ast-banner-title-visibility":"","ast-main-header-display":"","ast-hfb-above-header-display":"","ast-hfb-below-header-display":"","ast-hfb-mobile-header-display":"","site-post-title":"","ast-breadcrumbs-content":"","ast-featured-img":"","footer-sml-layout":"","ast-disable-related-posts":"","theme-transparent-header-meta":"default","adv-header-id-meta":"","stick-header-meta":"","header-above-stick-meta":"","header-main-stick-meta":"","header-below-stick-meta":"","astra-migrate-meta-layouts":"set","ast-page-background-enabled":"default","ast-page-background-meta":{"desktop":{"background-color":"","background-image":"","background-repeat":"repeat","background-position":"center center","background-size":"auto","background-attachment":"scroll","background-type":"","background-media":"","overlay-type":"","overlay-color":"","overlay-opacity":"","overlay-gradient":""},"tablet":{"background-color":"","background-image":"","background-repeat":"repeat","background-position":"center center","background-size":"auto","background-attachment":"scroll","background-type":"","background-media":"","overlay-type":"","overlay-color":"","overlay-opacity":"","overlay-gradient":""},"mobile":{"background-color":"","background-image":"","background-repeat":"repeat","background-position":"center center","background-size":"auto","background-attachment":"scroll","background-type":"","background-media":"","overlay-type":"","overlay-color":"","overlay-opacity":"","overlay-gradient":""}},"ast-content-background-meta":{"desktop":{"background-color":"var(--ast-global-color-4)","background-image":"","background-repeat":"repeat","background-position":"center center","background-size":"auto","background-attachment":"scroll","background-type":"","background-media":"","overlay-type":"","overlay-color":"","overlay-opacity":"","overlay-gradient":""},"tablet":{"background-color":"var(--ast-global-color-4)","background-image":"","background-repeat":"repeat","background-position":"center center","background-size":"auto","background-attachment":"scroll","background-type":"","background-media":"","overlay-type":"","overlay-color":"","overlay-opacity":"","overlay-gradient":""},"mobile":{"background-color":"var(--ast-global-color-4)","background-image":"","background-repeat":"repeat","background-position":"center center","background-size":"auto","background-attachment":"scroll","background-type":"","background-media":"","overlay-type":"","overlay-color":"","overlay-opacity":"","overlay-gradient":""}}},"product_brand":[],"product_cat":[15],"product_tag":[1992,1994,1993,1381,1996,1968,1581,1995],"class_list":{"0":"post-18055","1":"product","2":"type-product","3":"status-publish","4":"has-post-thumbnail","6":"product_cat-uncategorized","7":"product_tag-algirdas-toliatas","8":"product_tag-dvasinis-augimas","9":"product_tag-francesc-miralles","10":"product_tag-ltlina-ever","11":"product_tag-pokalbiai-apie-gyvenima","12":"product_tag-samoningumas","13":"product_tag-tikejimas","14":"product_tag-vidine-ramybe","15":"desktop-align-left","16":"tablet-align-left","17":"mobile-align-left","19":"first","20":"outofstock","21":"shipping-taxable","22":"purchasable","23":"product-type-simple"},"acf":[],"yoast_head":"<!-- This site is optimized with the Yoast SEO plugin v27.0 - https:\/\/yoast.com\/product\/yoast-seo-wordpress\/ -->\n<title>Ramyb\u0117 tau<\/title>\n<meta name=\"description\" content=\"Algirdas Toliatas\u00a0(g. 1978 m.) gyvena ir dirba Vilniuje, bet yra \u017einomas ir mylimas visoje Lietuvoje. Trys jo pamoksl\u0173 knygos \u2013 \u201e\u017dmogaus ir Dievo metai&quot;,\" \/>\n<meta name=\"robots\" content=\"index, follow, max-snippet:-1, max-image-preview:large, max-video-preview:-1\" \/>\n<link rel=\"canonical\" href=\"https:\/\/skaitytaknyga.lt\/en\/produktas\/ramybe-tau\/\" \/>\n<meta property=\"og:locale\" content=\"en_GB\" \/>\n<meta property=\"og:locale:alternate\" content=\"lt_LT\" \/>\n<meta property=\"og:type\" content=\"article\" \/>\n<meta property=\"og:title\" content=\"Ramyb\u0117 tau\" \/>\n<meta property=\"og:description\" content=\"Algirdas Toliatas\u00a0(g. 1978 m.) gyvena ir dirba Vilniuje, bet yra \u017einomas ir mylimas visoje Lietuvoje. Trys jo pamoksl\u0173 knygos \u2013 \u201e\u017dmogaus ir Dievo metai&quot;,\" \/>\n<meta property=\"og:url\" content=\"https:\/\/skaitytaknyga.lt\/en\/produktas\/ramybe-tau\/\" \/>\n<meta property=\"og:site_name\" content=\"Skaitytaknyga\" \/>\n<meta property=\"article:publisher\" content=\"https:\/\/www.facebook.com\/skaitytaknyga\/\" \/>\n<meta property=\"article:modified_time\" content=\"2026-03-10T13:41:33+00:00\" \/>\n<meta property=\"og:image\" content=\"https:\/\/skaitytaknyga.lt\/wp-content\/uploads\/2025\/04\/Ramybe-tau.webp\" \/>\n\t<meta property=\"og:image:width\" content=\"534\" \/>\n\t<meta property=\"og:image:height\" content=\"801\" \/>\n\t<meta property=\"og:image:type\" content=\"image\/webp\" \/>\n<meta name=\"twitter:card\" content=\"summary_large_image\" \/>\n<meta name=\"twitter:label1\" content=\"Estimated reading time\" \/>\n\t<meta name=\"twitter:data1\" content=\"1 minute\" \/>\n<script type=\"application\/ld+json\" class=\"yoast-schema-graph\">{\"@context\":\"https:\/\/schema.org\",\"@graph\":[{\"@type\":\"WebPage\",\"@id\":\"https:\/\/skaitytaknyga.lt\/produktas\/ramybe-tau\/\",\"url\":\"https:\/\/skaitytaknyga.lt\/produktas\/ramybe-tau\/\",\"name\":\"Ramyb\u0117 tau\",\"isPartOf\":{\"@id\":\"https:\/\/skaitytaknyga.lt\/#website\"},\"primaryImageOfPage\":{\"@id\":\"https:\/\/skaitytaknyga.lt\/produktas\/ramybe-tau\/#primaryimage\"},\"image\":{\"@id\":\"https:\/\/skaitytaknyga.lt\/produktas\/ramybe-tau\/#primaryimage\"},\"thumbnailUrl\":\"https:\/\/skaitytaknyga.lt\/wp-content\/uploads\/2025\/04\/Ramybe-tau.webp\",\"datePublished\":\"2025-04-25T17:14:23+00:00\",\"dateModified\":\"2026-03-10T13:41:33+00:00\",\"description\":\"Algirdas Toliatas\u00a0(g. 1978 m.) gyvena ir dirba Vilniuje, bet yra \u017einomas ir mylimas visoje Lietuvoje. Trys jo pamoksl\u0173 knygos \u2013 \u201e\u017dmogaus ir Dievo metai\\\",\",\"breadcrumb\":{\"@id\":\"https:\/\/skaitytaknyga.lt\/produktas\/ramybe-tau\/#breadcrumb\"},\"inLanguage\":\"en-GB\",\"potentialAction\":[{\"@type\":\"ReadAction\",\"target\":[\"https:\/\/skaitytaknyga.lt\/produktas\/ramybe-tau\/\"]}]},{\"@type\":\"ImageObject\",\"inLanguage\":\"en-GB\",\"@id\":\"https:\/\/skaitytaknyga.lt\/produktas\/ramybe-tau\/#primaryimage\",\"url\":\"https:\/\/skaitytaknyga.lt\/wp-content\/uploads\/2025\/04\/Ramybe-tau.webp\",\"contentUrl\":\"https:\/\/skaitytaknyga.lt\/wp-content\/uploads\/2025\/04\/Ramybe-tau.webp\",\"width\":534,\"height\":801,\"caption\":\"Ramyb\u0117 tau\"},{\"@type\":\"BreadcrumbList\",\"@id\":\"https:\/\/skaitytaknyga.lt\/produktas\/ramybe-tau\/#breadcrumb\",\"itemListElement\":[{\"@type\":\"ListItem\",\"position\":1,\"name\":\"Home\",\"item\":\"https:\/\/skaitytaknyga.lt\/\"},{\"@type\":\"ListItem\",\"position\":2,\"name\":\"Parduotuv\u0117\",\"item\":\"https:\/\/skaitytaknyga.lt\/knygu-parduotuve\/\"},{\"@type\":\"ListItem\",\"position\":3,\"name\":\"Ramyb\u0117 tau\"}]},{\"@type\":\"WebSite\",\"@id\":\"https:\/\/skaitytaknyga.lt\/#website\",\"url\":\"https:\/\/skaitytaknyga.lt\/\",\"name\":\"skaitytaknyga.lt\",\"description\":\"Skaitytaknyga.lt \u2013 tai ma\u017eas \u0161eimos verslas, kuris prasid\u0117jo nuo meil\u0117s knygoms ir siekio i\u0161gelb\u0117ti knygas nuo likimo prie konteinerio. Kas vienam nereikalingas daiktas \u2013 kitam lobis, o mes esame tarpininkai, kurie padeda abiems tapti laimingesniems ???? \u017dinome kaip nelengva i\u0161gyventi ma\u017eiems verslams, tad nuo \u0161iol, \u010dia rasite ir kit\u0173, ma\u017e\u0173 \u0161eim\u0173 versl\u0173, rank\u0173 darbo, dovan\u0173 sau ir artimiesiems.\",\"publisher\":{\"@id\":\"https:\/\/skaitytaknyga.lt\/#organization\"},\"potentialAction\":[{\"@type\":\"SearchAction\",\"target\":{\"@type\":\"EntryPoint\",\"urlTemplate\":\"https:\/\/skaitytaknyga.lt\/?s={search_term_string}\"},\"query-input\":{\"@type\":\"PropertyValueSpecification\",\"valueRequired\":true,\"valueName\":\"search_term_string\"}}],\"inLanguage\":\"en-GB\"},{\"@type\":\"Organization\",\"@id\":\"https:\/\/skaitytaknyga.lt\/#organization\",\"name\":\"skaitytaknyga.lt\",\"url\":\"https:\/\/skaitytaknyga.lt\/\",\"logo\":{\"@type\":\"ImageObject\",\"inLanguage\":\"en-GB\",\"@id\":\"https:\/\/skaitytaknyga.lt\/#\/schema\/logo\/image\/\",\"url\":\"https:\/\/skaitytaknyga.lt\/wp-content\/uploads\/2024\/05\/cropped-cropped-cropped-02_00843_jt3bggkj1j3HLc7SyY6rEUpg.jpeg\",\"contentUrl\":\"https:\/\/skaitytaknyga.lt\/wp-content\/uploads\/2024\/05\/cropped-cropped-cropped-02_00843_jt3bggkj1j3HLc7SyY6rEUpg.jpeg\",\"width\":1600,\"height\":1600,\"caption\":\"skaitytaknyga.lt\"},\"image\":{\"@id\":\"https:\/\/skaitytaknyga.lt\/#\/schema\/logo\/image\/\"},\"sameAs\":[\"https:\/\/www.facebook.com\/skaitytaknyga\/\"]}]}<\/script>\n<!-- \/ Yoast SEO plugin. -->","yoast_head_json":{"title":"Ramyb\u0117 tau","description":"Algirdas Toliatas\u00a0(g. 1978 m.) gyvena ir dirba Vilniuje, bet yra \u017einomas ir mylimas visoje Lietuvoje. Trys jo pamoksl\u0173 knygos \u2013 \u201e\u017dmogaus ir Dievo metai\",","robots":{"index":"index","follow":"follow","max-snippet":"max-snippet:-1","max-image-preview":"max-image-preview:large","max-video-preview":"max-video-preview:-1"},"canonical":"https:\/\/skaitytaknyga.lt\/en\/produktas\/ramybe-tau\/","og_locale":"en_GB","og_type":"article","og_title":"[:lt]Ramyb\u0117 tau[:] - Skaitytaknyga","og_description":"Algirdas Toliatas\u00a0(g. 1978 m.) gyvena ir dirba Vilniuje, bet yra \u017einomas ir mylimas visoje Lietuvoje. Trys jo pamoksl\u0173 knygos \u2013 \u201e\u017dmogaus ir Dievo metai\",","og_url":"https:\/\/skaitytaknyga.lt\/en\/produktas\/ramybe-tau\/","og_site_name":"Skaitytaknyga","article_publisher":"https:\/\/www.facebook.com\/skaitytaknyga\/","article_modified_time":"2026-03-10T13:41:33+00:00","og_image":[{"width":534,"height":801,"url":"https:\/\/skaitytaknyga.lt\/wp-content\/uploads\/2025\/04\/Ramybe-tau.webp","type":"image\/webp"}],"twitter_card":"summary_large_image","twitter_misc":{"Estimated reading time":"1 minute"},"schema":{"@context":"https:\/\/schema.org","@graph":[{"@type":"WebPage","@id":"https:\/\/skaitytaknyga.lt\/produktas\/ramybe-tau\/","url":"https:\/\/skaitytaknyga.lt\/produktas\/ramybe-tau\/","name":"Ramyb\u0117 tau","isPartOf":{"@id":"https:\/\/skaitytaknyga.lt\/#website"},"primaryImageOfPage":{"@id":"https:\/\/skaitytaknyga.lt\/produktas\/ramybe-tau\/#primaryimage"},"image":{"@id":"https:\/\/skaitytaknyga.lt\/produktas\/ramybe-tau\/#primaryimage"},"thumbnailUrl":"https:\/\/skaitytaknyga.lt\/wp-content\/uploads\/2025\/04\/Ramybe-tau.webp","datePublished":"2025-04-25T17:14:23+00:00","dateModified":"2026-03-10T13:41:33+00:00","description":"Algirdas Toliatas\u00a0(g. 1978 m.) gyvena ir dirba Vilniuje, bet yra \u017einomas ir mylimas visoje Lietuvoje. Trys jo pamoksl\u0173 knygos \u2013 \u201e\u017dmogaus ir Dievo metai\",","breadcrumb":{"@id":"https:\/\/skaitytaknyga.lt\/produktas\/ramybe-tau\/#breadcrumb"},"inLanguage":"en-GB","potentialAction":[{"@type":"ReadAction","target":["https:\/\/skaitytaknyga.lt\/produktas\/ramybe-tau\/"]}]},{"@type":"ImageObject","inLanguage":"en-GB","@id":"https:\/\/skaitytaknyga.lt\/produktas\/ramybe-tau\/#primaryimage","url":"https:\/\/skaitytaknyga.lt\/wp-content\/uploads\/2025\/04\/Ramybe-tau.webp","contentUrl":"https:\/\/skaitytaknyga.lt\/wp-content\/uploads\/2025\/04\/Ramybe-tau.webp","width":534,"height":801,"caption":"Ramyb\u0117 tau"},{"@type":"BreadcrumbList","@id":"https:\/\/skaitytaknyga.lt\/produktas\/ramybe-tau\/#breadcrumb","itemListElement":[{"@type":"ListItem","position":1,"name":"Home","item":"https:\/\/skaitytaknyga.lt\/"},{"@type":"ListItem","position":2,"name":"Parduotuv\u0117","item":"https:\/\/skaitytaknyga.lt\/knygu-parduotuve\/"},{"@type":"ListItem","position":3,"name":"Ramyb\u0117 tau"}]},{"@type":"WebSite","@id":"https:\/\/skaitytaknyga.lt\/#website","url":"https:\/\/skaitytaknyga.lt\/","name":"skaitytaknyga.lt","description":"Skaitytaknyga.lt \u2013 tai ma\u017eas \u0161eimos verslas, kuris prasid\u0117jo nuo meil\u0117s knygoms ir siekio i\u0161gelb\u0117ti knygas nuo likimo prie konteinerio. Kas vienam nereikalingas daiktas \u2013 kitam lobis, o mes esame tarpininkai, kurie padeda abiems tapti laimingesniems ???? \u017dinome kaip nelengva i\u0161gyventi ma\u017eiems verslams, tad nuo \u0161iol, \u010dia rasite ir kit\u0173, ma\u017e\u0173 \u0161eim\u0173 versl\u0173, rank\u0173 darbo, dovan\u0173 sau ir artimiesiems.","publisher":{"@id":"https:\/\/skaitytaknyga.lt\/#organization"},"potentialAction":[{"@type":"SearchAction","target":{"@type":"EntryPoint","urlTemplate":"https:\/\/skaitytaknyga.lt\/?s={search_term_string}"},"query-input":{"@type":"PropertyValueSpecification","valueRequired":true,"valueName":"search_term_string"}}],"inLanguage":"en-GB"},{"@type":"Organization","@id":"https:\/\/skaitytaknyga.lt\/#organization","name":"skaitytaknyga.lt","url":"https:\/\/skaitytaknyga.lt\/","logo":{"@type":"ImageObject","inLanguage":"en-GB","@id":"https:\/\/skaitytaknyga.lt\/#\/schema\/logo\/image\/","url":"https:\/\/skaitytaknyga.lt\/wp-content\/uploads\/2024\/05\/cropped-cropped-cropped-02_00843_jt3bggkj1j3HLc7SyY6rEUpg.jpeg","contentUrl":"https:\/\/skaitytaknyga.lt\/wp-content\/uploads\/2024\/05\/cropped-cropped-cropped-02_00843_jt3bggkj1j3HLc7SyY6rEUpg.jpeg","width":1600,"height":1600,"caption":"skaitytaknyga.lt"},"image":{"@id":"https:\/\/skaitytaknyga.lt\/#\/schema\/logo\/image\/"},"sameAs":["https:\/\/www.facebook.com\/skaitytaknyga\/"]}]}},"_links":{"self":[{"href":"https:\/\/skaitytaknyga.lt\/en\/wp-json\/wp\/v2\/product\/18055","targetHints":{"allow":["GET"]}}],"collection":[{"href":"https:\/\/skaitytaknyga.lt\/en\/wp-json\/wp\/v2\/product"}],"about":[{"href":"https:\/\/skaitytaknyga.lt\/en\/wp-json\/wp\/v2\/types\/product"}],"replies":[{"embeddable":true,"href":"https:\/\/skaitytaknyga.lt\/en\/wp-json\/wp\/v2\/comments?post=18055"}],"wp:featuredmedia":[{"embeddable":true,"href":"https:\/\/skaitytaknyga.lt\/en\/wp-json\/wp\/v2\/media\/18234"}],"wp:attachment":[{"href":"https:\/\/skaitytaknyga.lt\/en\/wp-json\/wp\/v2\/media?parent=18055"}],"wp:term":[{"taxonomy":"product_brand","embeddable":true,"href":"https:\/\/skaitytaknyga.lt\/en\/wp-json\/wp\/v2\/product_brand?post=18055"},{"taxonomy":"product_cat","embeddable":true,"href":"https:\/\/skaitytaknyga.lt\/en\/wp-json\/wp\/v2\/product_cat?post=18055"},{"taxonomy":"product_tag","embeddable":true,"href":"https:\/\/skaitytaknyga.lt\/en\/wp-json\/wp\/v2\/product_tag?post=18055"}],"curies":[{"name":"wp","href":"https:\/\/api.w.org\/{rel}","templated":true}]}}