{"id":18054,"date":"2025-04-25T20:14:22","date_gmt":"2025-04-25T17:14:22","guid":{"rendered":"https:\/\/skaitytaknyga.lt\/?post_type=product&#038;p=18054"},"modified":"2025-12-20T21:27:41","modified_gmt":"2025-12-20T19:27:41","slug":"ne-velnio-nebijau","status":"publish","type":"product","link":"https:\/\/skaitytaknyga.lt\/en\/produktas\/ne-velnio-nebijau\/","title":{"rendered":"N\u0117 velnio nebijau"},"content":{"rendered":"<p>Lietuvi\u0173 liaudies pasakos<\/p>\n<p>\u201e&#8230; IR TAIP SUKIOJOSI VELNIAS PO \u017dMOGAUS TROB\u0104 IR LAUK\u0104, PO JAUJ\u0104 IR PO PIRT\u012e, lind\u0117jo po akmeniu, sek\u0117 i\u0161 paskos \u012f med\u017eiokl\u0119 ir \u017e\u016bkl\u0119, dalyvaudavo vestuv\u0117se ir subuvimuose, \u0161okindavo merginas, leisdavo savo vaikus su \u017emoni\u0173 vaikais \u017eaisti. Velnias materialus, ap\u010diuopiamas, kaip ir kitos \u017eemesniosios mitologin\u0117s b\u016btyb\u0117s, jis tvirtas, kaip kadaise mil\u017einas, jis gali vienu mostu darbus nudirbti, paskolinti \u017emogui pinig\u0173, jis gali su \u017emogum galyn\u0117tis ir visada b\u016bti \u012fveiktas, nurungtas, i\u0161juoktas, jis bijo \u017emogaus gudrumo, apsukrumo, proto, bet dar labiau bijo Perk\u016bno.\u201c<\/p>\n<ul class=\"about-product d-none d-xl-block mt-4\">\n<li><strong>Leid\u0117jas<\/strong>\u00a0Vyturys<\/li>\n<li><strong>Metai:<\/strong>\u00a01988<\/li>\n<li><strong>Puslapiai:<\/strong>\u00a0254<\/li>\n<li class=\"toggleable type-new-formats \"><strong>Formatas:<\/strong>\u00a020,5 x 22,5 x 2 cm, kieti vir\u0161eliai<\/li>\n<li><strong>Kalba:<\/strong>\u00a0Lietuvi\u0173<\/li>\n<\/ul>\n","protected":false},"excerpt":{"rendered":"<p>Lietuvi\u0173 liaudies pasakos \u201e&#8230; IR TAIP SUKIOJOSI VELNIAS PO \u017dMOGAUS TROB\u0104 IR LAUK\u0104, PO JAUJ\u0104 IR PO PIRT\u012e, lind\u0117jo po akmeniu, sek\u0117 i\u0161 paskos \u012f med\u017eiokl\u0119 ir \u017e\u016bkl\u0119, dalyvaudavo vestuv\u0117se ir subuvimuose, \u0161okindavo merginas, leisdavo savo vaikus su \u017emoni\u0173 vaikais \u017eaisti. Velnias materialus, ap\u010diuopiamas, kaip ir kitos \u017eemesniosios mitologin\u0117s b\u016btyb\u0117s, jis tvirtas, kaip kadaise mil\u017einas, jis gali vienu mostu darbus nudirbti, paskolinti \u017emogui pinig\u0173, jis gali su \u017emogum galyn\u0117tis ir visada b\u016bti \u012fveiktas, nurungtas, i\u0161juoktas, jis bijo \u017emogaus gudrumo, apsukrumo, proto, bet dar labiau bijo Perk\u016bno.\u201c Leid\u0117jas\u00a0Vyturys Metai:\u00a01988 Puslapiai:\u00a0254 Formatas:\u00a020,5 x 22,5 x 2 cm, kieti vir\u0161eliai Kalba:\u00a0Lietuvi\u0173<\/p>\n","protected":false},"featured_media":18084,"comment_status":"open","ping_status":"closed","template":"","meta":{"_acf_changed":false,"site-sidebar-layout":"default","site-content-layout":"","ast-site-content-layout":"default","site-content-style":"default","site-sidebar-style":"default","ast-global-header-display":"","ast-banner-title-visibility":"","ast-main-header-display":"","ast-hfb-above-header-display":"","ast-hfb-below-header-display":"","ast-hfb-mobile-header-display":"","site-post-title":"","ast-breadcrumbs-content":"","ast-featured-img":"","footer-sml-layout":"","ast-disable-related-posts":"","theme-transparent-header-meta":"default","adv-header-id-meta":"","stick-header-meta":"","header-above-stick-meta":"","header-main-stick-meta":"","header-below-stick-meta":"","astra-migrate-meta-layouts":"set","ast-page-background-enabled":"default","ast-page-background-meta":{"desktop":{"background-color":"","background-image":"","background-repeat":"repeat","background-position":"center center","background-size":"auto","background-attachment":"scroll","background-type":"","background-media":"","overlay-type":"","overlay-color":"","overlay-opacity":"","overlay-gradient":""},"tablet":{"background-color":"","background-image":"","background-repeat":"repeat","background-position":"center center","background-size":"auto","background-attachment":"scroll","background-type":"","background-media":"","overlay-type":"","overlay-color":"","overlay-opacity":"","overlay-gradient":""},"mobile":{"background-color":"","background-image":"","background-repeat":"repeat","background-position":"center center","background-size":"auto","background-attachment":"scroll","background-type":"","background-media":"","overlay-type":"","overlay-color":"","overlay-opacity":"","overlay-gradient":""}},"ast-content-background-meta":{"desktop":{"background-color":"var(--ast-global-color-4)","background-image":"","background-repeat":"repeat","background-position":"center center","background-size":"auto","background-attachment":"scroll","background-type":"","background-media":"","overlay-type":"","overlay-color":"","overlay-opacity":"","overlay-gradient":""},"tablet":{"background-color":"var(--ast-global-color-4)","background-image":"","background-repeat":"repeat","background-position":"center center","background-size":"auto","background-attachment":"scroll","background-type":"","background-media":"","overlay-type":"","overlay-color":"","overlay-opacity":"","overlay-gradient":""},"mobile":{"background-color":"var(--ast-global-color-4)","background-image":"","background-repeat":"repeat","background-position":"center center","background-size":"auto","background-attachment":"scroll","background-type":"","background-media":"","overlay-type":"","overlay-color":"","overlay-opacity":"","overlay-gradient":""}}},"product_brand":[],"product_cat":[15,35],"product_tag":[2062,1114,1645],"class_list":{"0":"post-18054","1":"product","2":"type-product","3":"status-publish","4":"has-post-thumbnail","6":"product_cat-uncategorized","7":"product_cat-vaikams-ir-paaugliams","8":"product_tag-aldona-liobyte","9":"product_tag-lietuviu-liaudies-pasakos","10":"product_tag-vaiku-literatura","11":"desktop-align-left","12":"tablet-align-left","13":"mobile-align-left","15":"first","16":"instock","17":"shipping-taxable","18":"purchasable","19":"product-type-simple"},"acf":[],"yoast_head":"<!-- This site is optimized with the Yoast SEO plugin v27.0 - https:\/\/yoast.com\/product\/yoast-seo-wordpress\/ -->\n<title>N\u0117 velnio nebijau<\/title>\n<meta name=\"description\" content=\"Lietuvi\u0173 liaudies pasakos \u201e... IR TAIP SUKIOJOSI VELNIAS PO \u017dMOGAUS TROB\u0104 IR LAUK\u0104, PO JAUJ\u0104 IR PO PIRT\u012e, lind\u0117jo po akmeniu, sek\u0117 i\u0161 paskos \u012f med\u017eiokl\u0119\" \/>\n<meta name=\"robots\" content=\"index, follow, max-snippet:-1, max-image-preview:large, max-video-preview:-1\" \/>\n<link rel=\"canonical\" href=\"https:\/\/skaitytaknyga.lt\/en\/produktas\/ne-velnio-nebijau\/\" \/>\n<meta property=\"og:locale\" content=\"en_GB\" \/>\n<meta property=\"og:locale:alternate\" content=\"lt_LT\" \/>\n<meta property=\"og:type\" content=\"article\" \/>\n<meta property=\"og:title\" content=\"N\u0117 velnio nebijau\" \/>\n<meta property=\"og:description\" content=\"Lietuvi\u0173 liaudies pasakos \u201e... IR TAIP SUKIOJOSI VELNIAS PO \u017dMOGAUS TROB\u0104 IR LAUK\u0104, PO JAUJ\u0104 IR PO PIRT\u012e, lind\u0117jo po akmeniu, sek\u0117 i\u0161 paskos \u012f med\u017eiokl\u0119\" \/>\n<meta property=\"og:url\" content=\"https:\/\/skaitytaknyga.lt\/en\/produktas\/ne-velnio-nebijau\/\" \/>\n<meta property=\"og:site_name\" content=\"Skaitytaknyga\" \/>\n<meta property=\"article:publisher\" content=\"https:\/\/www.facebook.com\/skaitytaknyga\/\" \/>\n<meta property=\"article:modified_time\" content=\"2025-12-20T19:27:41+00:00\" \/>\n<meta property=\"og:image\" content=\"https:\/\/skaitytaknyga.lt\/wp-content\/uploads\/2025\/04\/Ne-velnio-nebijau.webp\" \/>\n\t<meta property=\"og:image:width\" content=\"742\" \/>\n\t<meta property=\"og:image:height\" content=\"800\" \/>\n\t<meta property=\"og:image:type\" content=\"image\/webp\" \/>\n<meta name=\"twitter:card\" content=\"summary_large_image\" \/>\n<meta name=\"twitter:label1\" content=\"Estimated reading time\" \/>\n\t<meta name=\"twitter:data1\" content=\"1 minute\" \/>\n<script type=\"application\/ld+json\" class=\"yoast-schema-graph\">{\"@context\":\"https:\/\/schema.org\",\"@graph\":[{\"@type\":\"WebPage\",\"@id\":\"https:\/\/skaitytaknyga.lt\/produktas\/ne-velnio-nebijau\/\",\"url\":\"https:\/\/skaitytaknyga.lt\/produktas\/ne-velnio-nebijau\/\",\"name\":\"N\u0117 velnio nebijau\",\"isPartOf\":{\"@id\":\"https:\/\/skaitytaknyga.lt\/#website\"},\"primaryImageOfPage\":{\"@id\":\"https:\/\/skaitytaknyga.lt\/produktas\/ne-velnio-nebijau\/#primaryimage\"},\"image\":{\"@id\":\"https:\/\/skaitytaknyga.lt\/produktas\/ne-velnio-nebijau\/#primaryimage\"},\"thumbnailUrl\":\"https:\/\/skaitytaknyga.lt\/wp-content\/uploads\/2025\/04\/Ne-velnio-nebijau.webp\",\"datePublished\":\"2025-04-25T17:14:22+00:00\",\"dateModified\":\"2025-12-20T19:27:41+00:00\",\"description\":\"Lietuvi\u0173 liaudies pasakos \u201e... IR TAIP SUKIOJOSI VELNIAS PO \u017dMOGAUS TROB\u0104 IR LAUK\u0104, PO JAUJ\u0104 IR PO PIRT\u012e, lind\u0117jo po akmeniu, sek\u0117 i\u0161 paskos \u012f med\u017eiokl\u0119\",\"breadcrumb\":{\"@id\":\"https:\/\/skaitytaknyga.lt\/produktas\/ne-velnio-nebijau\/#breadcrumb\"},\"inLanguage\":\"en-GB\",\"potentialAction\":[{\"@type\":\"ReadAction\",\"target\":[\"https:\/\/skaitytaknyga.lt\/produktas\/ne-velnio-nebijau\/\"]}]},{\"@type\":\"ImageObject\",\"inLanguage\":\"en-GB\",\"@id\":\"https:\/\/skaitytaknyga.lt\/produktas\/ne-velnio-nebijau\/#primaryimage\",\"url\":\"https:\/\/skaitytaknyga.lt\/wp-content\/uploads\/2025\/04\/Ne-velnio-nebijau.webp\",\"contentUrl\":\"https:\/\/skaitytaknyga.lt\/wp-content\/uploads\/2025\/04\/Ne-velnio-nebijau.webp\",\"width\":742,\"height\":800,\"caption\":\"N\u0117 velnio nebijau\"},{\"@type\":\"BreadcrumbList\",\"@id\":\"https:\/\/skaitytaknyga.lt\/produktas\/ne-velnio-nebijau\/#breadcrumb\",\"itemListElement\":[{\"@type\":\"ListItem\",\"position\":1,\"name\":\"Home\",\"item\":\"https:\/\/skaitytaknyga.lt\/\"},{\"@type\":\"ListItem\",\"position\":2,\"name\":\"Parduotuv\u0117\",\"item\":\"https:\/\/skaitytaknyga.lt\/knygu-parduotuve\/\"},{\"@type\":\"ListItem\",\"position\":3,\"name\":\"N\u0117 velnio nebijau\"}]},{\"@type\":\"WebSite\",\"@id\":\"https:\/\/skaitytaknyga.lt\/#website\",\"url\":\"https:\/\/skaitytaknyga.lt\/\",\"name\":\"skaitytaknyga.lt\",\"description\":\"Skaitytaknyga.lt \u2013 tai ma\u017eas \u0161eimos verslas, kuris prasid\u0117jo nuo meil\u0117s knygoms ir siekio i\u0161gelb\u0117ti knygas nuo likimo prie konteinerio. Kas vienam nereikalingas daiktas \u2013 kitam lobis, o mes esame tarpininkai, kurie padeda abiems tapti laimingesniems ???? \u017dinome kaip nelengva i\u0161gyventi ma\u017eiems verslams, tad nuo \u0161iol, \u010dia rasite ir kit\u0173, ma\u017e\u0173 \u0161eim\u0173 versl\u0173, rank\u0173 darbo, dovan\u0173 sau ir artimiesiems.\",\"publisher\":{\"@id\":\"https:\/\/skaitytaknyga.lt\/#organization\"},\"potentialAction\":[{\"@type\":\"SearchAction\",\"target\":{\"@type\":\"EntryPoint\",\"urlTemplate\":\"https:\/\/skaitytaknyga.lt\/?s={search_term_string}\"},\"query-input\":{\"@type\":\"PropertyValueSpecification\",\"valueRequired\":true,\"valueName\":\"search_term_string\"}}],\"inLanguage\":\"en-GB\"},{\"@type\":\"Organization\",\"@id\":\"https:\/\/skaitytaknyga.lt\/#organization\",\"name\":\"skaitytaknyga.lt\",\"url\":\"https:\/\/skaitytaknyga.lt\/\",\"logo\":{\"@type\":\"ImageObject\",\"inLanguage\":\"en-GB\",\"@id\":\"https:\/\/skaitytaknyga.lt\/#\/schema\/logo\/image\/\",\"url\":\"https:\/\/skaitytaknyga.lt\/wp-content\/uploads\/2024\/05\/cropped-cropped-cropped-02_00843_jt3bggkj1j3HLc7SyY6rEUpg.jpeg\",\"contentUrl\":\"https:\/\/skaitytaknyga.lt\/wp-content\/uploads\/2024\/05\/cropped-cropped-cropped-02_00843_jt3bggkj1j3HLc7SyY6rEUpg.jpeg\",\"width\":1600,\"height\":1600,\"caption\":\"skaitytaknyga.lt\"},\"image\":{\"@id\":\"https:\/\/skaitytaknyga.lt\/#\/schema\/logo\/image\/\"},\"sameAs\":[\"https:\/\/www.facebook.com\/skaitytaknyga\/\"]}]}<\/script>\n<!-- \/ Yoast SEO plugin. -->","yoast_head_json":{"title":"N\u0117 velnio nebijau","description":"Lietuvi\u0173 liaudies pasakos \u201e... IR TAIP SUKIOJOSI VELNIAS PO \u017dMOGAUS TROB\u0104 IR LAUK\u0104, PO JAUJ\u0104 IR PO PIRT\u012e, lind\u0117jo po akmeniu, sek\u0117 i\u0161 paskos \u012f med\u017eiokl\u0119","robots":{"index":"index","follow":"follow","max-snippet":"max-snippet:-1","max-image-preview":"max-image-preview:large","max-video-preview":"max-video-preview:-1"},"canonical":"https:\/\/skaitytaknyga.lt\/en\/produktas\/ne-velnio-nebijau\/","og_locale":"en_GB","og_type":"article","og_title":"[:lt]N\u0117 velnio nebijau[:] - Skaitytaknyga","og_description":"Lietuvi\u0173 liaudies pasakos \u201e... IR TAIP SUKIOJOSI VELNIAS PO \u017dMOGAUS TROB\u0104 IR LAUK\u0104, PO JAUJ\u0104 IR PO PIRT\u012e, lind\u0117jo po akmeniu, sek\u0117 i\u0161 paskos \u012f med\u017eiokl\u0119","og_url":"https:\/\/skaitytaknyga.lt\/en\/produktas\/ne-velnio-nebijau\/","og_site_name":"Skaitytaknyga","article_publisher":"https:\/\/www.facebook.com\/skaitytaknyga\/","article_modified_time":"2025-12-20T19:27:41+00:00","og_image":[{"width":742,"height":800,"url":"https:\/\/skaitytaknyga.lt\/wp-content\/uploads\/2025\/04\/Ne-velnio-nebijau.webp","type":"image\/webp"}],"twitter_card":"summary_large_image","twitter_misc":{"Estimated reading time":"1 minute"},"schema":{"@context":"https:\/\/schema.org","@graph":[{"@type":"WebPage","@id":"https:\/\/skaitytaknyga.lt\/produktas\/ne-velnio-nebijau\/","url":"https:\/\/skaitytaknyga.lt\/produktas\/ne-velnio-nebijau\/","name":"N\u0117 velnio nebijau","isPartOf":{"@id":"https:\/\/skaitytaknyga.lt\/#website"},"primaryImageOfPage":{"@id":"https:\/\/skaitytaknyga.lt\/produktas\/ne-velnio-nebijau\/#primaryimage"},"image":{"@id":"https:\/\/skaitytaknyga.lt\/produktas\/ne-velnio-nebijau\/#primaryimage"},"thumbnailUrl":"https:\/\/skaitytaknyga.lt\/wp-content\/uploads\/2025\/04\/Ne-velnio-nebijau.webp","datePublished":"2025-04-25T17:14:22+00:00","dateModified":"2025-12-20T19:27:41+00:00","description":"Lietuvi\u0173 liaudies pasakos \u201e... IR TAIP SUKIOJOSI VELNIAS PO \u017dMOGAUS TROB\u0104 IR LAUK\u0104, PO JAUJ\u0104 IR PO PIRT\u012e, lind\u0117jo po akmeniu, sek\u0117 i\u0161 paskos \u012f med\u017eiokl\u0119","breadcrumb":{"@id":"https:\/\/skaitytaknyga.lt\/produktas\/ne-velnio-nebijau\/#breadcrumb"},"inLanguage":"en-GB","potentialAction":[{"@type":"ReadAction","target":["https:\/\/skaitytaknyga.lt\/produktas\/ne-velnio-nebijau\/"]}]},{"@type":"ImageObject","inLanguage":"en-GB","@id":"https:\/\/skaitytaknyga.lt\/produktas\/ne-velnio-nebijau\/#primaryimage","url":"https:\/\/skaitytaknyga.lt\/wp-content\/uploads\/2025\/04\/Ne-velnio-nebijau.webp","contentUrl":"https:\/\/skaitytaknyga.lt\/wp-content\/uploads\/2025\/04\/Ne-velnio-nebijau.webp","width":742,"height":800,"caption":"N\u0117 velnio nebijau"},{"@type":"BreadcrumbList","@id":"https:\/\/skaitytaknyga.lt\/produktas\/ne-velnio-nebijau\/#breadcrumb","itemListElement":[{"@type":"ListItem","position":1,"name":"Home","item":"https:\/\/skaitytaknyga.lt\/"},{"@type":"ListItem","position":2,"name":"Parduotuv\u0117","item":"https:\/\/skaitytaknyga.lt\/knygu-parduotuve\/"},{"@type":"ListItem","position":3,"name":"N\u0117 velnio nebijau"}]},{"@type":"WebSite","@id":"https:\/\/skaitytaknyga.lt\/#website","url":"https:\/\/skaitytaknyga.lt\/","name":"skaitytaknyga.lt","description":"Skaitytaknyga.lt \u2013 tai ma\u017eas \u0161eimos verslas, kuris prasid\u0117jo nuo meil\u0117s knygoms ir siekio i\u0161gelb\u0117ti knygas nuo likimo prie konteinerio. Kas vienam nereikalingas daiktas \u2013 kitam lobis, o mes esame tarpininkai, kurie padeda abiems tapti laimingesniems ???? \u017dinome kaip nelengva i\u0161gyventi ma\u017eiems verslams, tad nuo \u0161iol, \u010dia rasite ir kit\u0173, ma\u017e\u0173 \u0161eim\u0173 versl\u0173, rank\u0173 darbo, dovan\u0173 sau ir artimiesiems.","publisher":{"@id":"https:\/\/skaitytaknyga.lt\/#organization"},"potentialAction":[{"@type":"SearchAction","target":{"@type":"EntryPoint","urlTemplate":"https:\/\/skaitytaknyga.lt\/?s={search_term_string}"},"query-input":{"@type":"PropertyValueSpecification","valueRequired":true,"valueName":"search_term_string"}}],"inLanguage":"en-GB"},{"@type":"Organization","@id":"https:\/\/skaitytaknyga.lt\/#organization","name":"skaitytaknyga.lt","url":"https:\/\/skaitytaknyga.lt\/","logo":{"@type":"ImageObject","inLanguage":"en-GB","@id":"https:\/\/skaitytaknyga.lt\/#\/schema\/logo\/image\/","url":"https:\/\/skaitytaknyga.lt\/wp-content\/uploads\/2024\/05\/cropped-cropped-cropped-02_00843_jt3bggkj1j3HLc7SyY6rEUpg.jpeg","contentUrl":"https:\/\/skaitytaknyga.lt\/wp-content\/uploads\/2024\/05\/cropped-cropped-cropped-02_00843_jt3bggkj1j3HLc7SyY6rEUpg.jpeg","width":1600,"height":1600,"caption":"skaitytaknyga.lt"},"image":{"@id":"https:\/\/skaitytaknyga.lt\/#\/schema\/logo\/image\/"},"sameAs":["https:\/\/www.facebook.com\/skaitytaknyga\/"]}]}},"_links":{"self":[{"href":"https:\/\/skaitytaknyga.lt\/en\/wp-json\/wp\/v2\/product\/18054","targetHints":{"allow":["GET"]}}],"collection":[{"href":"https:\/\/skaitytaknyga.lt\/en\/wp-json\/wp\/v2\/product"}],"about":[{"href":"https:\/\/skaitytaknyga.lt\/en\/wp-json\/wp\/v2\/types\/product"}],"replies":[{"embeddable":true,"href":"https:\/\/skaitytaknyga.lt\/en\/wp-json\/wp\/v2\/comments?post=18054"}],"wp:featuredmedia":[{"embeddable":true,"href":"https:\/\/skaitytaknyga.lt\/en\/wp-json\/wp\/v2\/media\/18084"}],"wp:attachment":[{"href":"https:\/\/skaitytaknyga.lt\/en\/wp-json\/wp\/v2\/media?parent=18054"}],"wp:term":[{"taxonomy":"product_brand","embeddable":true,"href":"https:\/\/skaitytaknyga.lt\/en\/wp-json\/wp\/v2\/product_brand?post=18054"},{"taxonomy":"product_cat","embeddable":true,"href":"https:\/\/skaitytaknyga.lt\/en\/wp-json\/wp\/v2\/product_cat?post=18054"},{"taxonomy":"product_tag","embeddable":true,"href":"https:\/\/skaitytaknyga.lt\/en\/wp-json\/wp\/v2\/product_tag?post=18054"}],"curies":[{"name":"wp","href":"https:\/\/api.w.org\/{rel}","templated":true}]}}