{"id":18045,"date":"2025-04-25T13:13:24","date_gmt":"2025-04-25T10:13:24","guid":{"rendered":"https:\/\/skaitytaknyga.lt\/?post_type=product&#038;p=18045"},"modified":"2026-03-05T16:17:57","modified_gmt":"2026-03-05T14:17:57","slug":"kake-make-enciklopedija-noriu-suzinoti-apie-gyvunus","status":"publish","type":"product","link":"https:\/\/skaitytaknyga.lt\/en\/produktas\/kake-make-enciklopedija-noriu-suzinoti-apie-gyvunus\/","title":{"rendered":"Kak\u0117 Mak\u0117. Enciklopedija. Noriu su\u017einoti apie gyv\u016bnus"},"content":{"rendered":"<p>\u201eKak\u0117 Mak\u0117. Enciklopedija. Noriu su\u017einoti apie GYV\u016aNUS\u201c skirta 4\u20137 met\u0173 vaikams.<\/p>\n<p><strong>D\u0116MESIO:<\/strong>\u00a0tai pakartotas leidimas nauju vir\u0161eliu. 2016 m. \u0161i enciklopedija buvo i\u0161leista pavadinimu \u201eKak\u0117s Mak\u0117s enciklopedija. Gyv\u016bnai\u201c.<\/p>\n<p>Daugyb\u0117 klausim\u0173 kirba Kak\u0117s Mak\u0117s galvoje, kai ji laksto po piev\u0105, kapsto \u017eemes prie upelio ar uogauja mi\u0161ke:\u00a0<em>Kam ma\u017eam vabaliukui reikalingos \u017enypl\u0117s? Kaip sliekas mato, jeigu jis neturi aki\u0173? Ar i\u0161 ties\u0173 varnos tokios gudrios ir smalsios, o vilk\u0173 reikia bijoti, kaip sekama pasakose?<br \/>\n<\/em><\/p>\n<p>\u0160\u012fkart Kakei Makei \u012f pagalb\u0105 skuba gamtininkas Lizdenis. Jis \u017eino visk\u0105 apie kiekvien\u0105 Lietuvoje gyvenant\u012f gyv\u016bn\u0105.<\/p>\n<ul>\n<li>Su\u017einokite, kod\u0117l vieni gyv\u016bnai deda kiau\u0161inius, o kiti ne.<\/li>\n<li>Pamatykite, kokie gyv\u016bnai plaukioja vandenyje, vaik\u0161to \u017eeme, laipioja med\u017eiais ar skraido danguje.<\/li>\n<li>I\u0161siai\u0161kinkite, kas yra bestuburiai ir kaip jie i\u0161gyvena be kaul\u0173.<\/li>\n<li>Atsakykite \u012f klausim\u0105: kod\u0117l gyv\u016bnams reikalingas kalendorius ir k\u0105 jie veikia skirtingais met\u0173 laikais?<\/li>\n<li><strong>Leid\u0117jas<\/strong>\u00a0Alma littera<\/li>\n<li><strong>Metai:<\/strong>\u00a02021<\/li>\n<li><strong>Puslapiai:<\/strong>\u00a0144<\/li>\n<li class=\"toggleable type-new-formats \"><strong>ISBN :\u00a0<\/strong>9786090146996<\/li>\n<li class=\"toggleable type-new-formats \"><strong>Formatas:<\/strong>\u00a020,6 x 25 x 1,6 cm, kieti vir\u0161eliai<\/li>\n<li><strong>Kalba:<\/strong>\u00a0Lietuvi\u0173<\/li>\n<\/ul>\n","protected":false},"excerpt":{"rendered":"<p>\u201eKak\u0117 Mak\u0117. Enciklopedija. Noriu su\u017einoti apie GYV\u016aNUS\u201c skirta 4\u20137 met\u0173 vaikams. D\u0116MESIO:\u00a0tai pakartotas leidimas nauju vir\u0161eliu. 2016 m. \u0161i enciklopedija buvo i\u0161leista pavadinimu \u201eKak\u0117s Mak\u0117s enciklopedija. Gyv\u016bnai\u201c. Daugyb\u0117 klausim\u0173 kirba Kak\u0117s Mak\u0117s galvoje, kai ji laksto po piev\u0105, kapsto \u017eemes prie upelio ar uogauja mi\u0161ke:\u00a0Kam ma\u017eam vabaliukui reikalingos \u017enypl\u0117s? Kaip sliekas mato, jeigu jis neturi aki\u0173? Ar i\u0161 ties\u0173 varnos tokios gudrios ir smalsios, o vilk\u0173 reikia bijoti, kaip sekama pasakose? \u0160\u012fkart Kakei Makei \u012f pagalb\u0105 skuba gamtininkas Lizdenis. Jis \u017eino visk\u0105 apie kiekvien\u0105 Lietuvoje gyvenant\u012f gyv\u016bn\u0105. Su\u017einokite, kod\u0117l vieni gyv\u016bnai deda kiau\u0161inius, o kiti ne. Pamatykite, kokie gyv\u016bnai plaukioja vandenyje, vaik\u0161to \u017eeme, laipioja med\u017eiais ar skraido danguje. I\u0161siai\u0161kinkite, kas yra bestuburiai ir kaip jie i\u0161gyvena be kaul\u0173. Atsakykite \u012f klausim\u0105: kod\u0117l gyv\u016bnams reikalingas kalendorius ir k\u0105 jie veikia skirtingais met\u0173 laikais? Leid\u0117jas\u00a0Alma littera Metai:\u00a02021 Puslapiai:\u00a0144 ISBN :\u00a09786090146996 Formatas:\u00a020,6 x 25 x 1,6 cm, kieti vir\u0161eliai Kalba:\u00a0Lietuvi\u0173<\/p>\n","protected":false},"featured_media":18046,"comment_status":"open","ping_status":"closed","template":"","meta":{"_acf_changed":false,"site-sidebar-layout":"default","site-content-layout":"","ast-site-content-layout":"default","site-content-style":"default","site-sidebar-style":"default","ast-global-header-display":"","ast-banner-title-visibility":"","ast-main-header-display":"","ast-hfb-above-header-display":"","ast-hfb-below-header-display":"","ast-hfb-mobile-header-display":"","site-post-title":"","ast-breadcrumbs-content":"","ast-featured-img":"","footer-sml-layout":"","ast-disable-related-posts":"","theme-transparent-header-meta":"default","adv-header-id-meta":"","stick-header-meta":"","header-above-stick-meta":"","header-main-stick-meta":"","header-below-stick-meta":"","astra-migrate-meta-layouts":"set","ast-page-background-enabled":"default","ast-page-background-meta":{"desktop":{"background-color":"","background-image":"","background-repeat":"repeat","background-position":"center center","background-size":"auto","background-attachment":"scroll","background-type":"","background-media":"","overlay-type":"","overlay-color":"","overlay-opacity":"","overlay-gradient":""},"tablet":{"background-color":"","background-image":"","background-repeat":"repeat","background-position":"center center","background-size":"auto","background-attachment":"scroll","background-type":"","background-media":"","overlay-type":"","overlay-color":"","overlay-opacity":"","overlay-gradient":""},"mobile":{"background-color":"","background-image":"","background-repeat":"repeat","background-position":"center center","background-size":"auto","background-attachment":"scroll","background-type":"","background-media":"","overlay-type":"","overlay-color":"","overlay-opacity":"","overlay-gradient":""}},"ast-content-background-meta":{"desktop":{"background-color":"var(--ast-global-color-4)","background-image":"","background-repeat":"repeat","background-position":"center center","background-size":"auto","background-attachment":"scroll","background-type":"","background-media":"","overlay-type":"","overlay-color":"","overlay-opacity":"","overlay-gradient":""},"tablet":{"background-color":"var(--ast-global-color-4)","background-image":"","background-repeat":"repeat","background-position":"center center","background-size":"auto","background-attachment":"scroll","background-type":"","background-media":"","overlay-type":"","overlay-color":"","overlay-opacity":"","overlay-gradient":""},"mobile":{"background-color":"var(--ast-global-color-4)","background-image":"","background-repeat":"repeat","background-position":"center center","background-size":"auto","background-attachment":"scroll","background-type":"","background-media":"","overlay-type":"","overlay-color":"","overlay-opacity":"","overlay-gradient":""}}},"product_brand":[],"product_cat":[9674],"product_tag":[2060,2054,2050,1645],"class_list":{"0":"post-18045","1":"product","2":"type-product","3":"status-publish","4":"has-post-thumbnail","6":"product_cat-pradinukams","7":"product_tag-enciklopedija","8":"product_tag-gyvunai","9":"product_tag-kake-make","10":"product_tag-vaiku-literatura","11":"desktop-align-left","12":"tablet-align-left","13":"mobile-align-left","15":"first","16":"instock","17":"shipping-taxable","18":"purchasable","19":"product-type-simple"},"acf":[],"yoast_head":"<!-- This site is optimized with the Yoast SEO plugin v27.0 - https:\/\/yoast.com\/product\/yoast-seo-wordpress\/ -->\n<title>Kak\u0117 Mak\u0117. Enciklopedija. Noriu su\u017einoti apie gyv\u016bnus<\/title>\n<meta name=\"description\" content=\"\u201eKak\u0117 Mak\u0117. Enciklopedija. Noriu su\u017einoti apie GYV\u016aNUS\u201c skirta 4\u20137 met\u0173 vaikams. D\u0116MESIO:\u00a0tai pakartotas leidimas nauju vir\u0161eliu. 2016 m. \u0161i enciklopedija\" \/>\n<meta name=\"robots\" content=\"index, follow, max-snippet:-1, max-image-preview:large, max-video-preview:-1\" \/>\n<link rel=\"canonical\" href=\"https:\/\/skaitytaknyga.lt\/en\/produktas\/kake-make-enciklopedija-noriu-suzinoti-apie-gyvunus\/\" \/>\n<meta property=\"og:locale\" content=\"en_GB\" \/>\n<meta property=\"og:locale:alternate\" content=\"lt_LT\" \/>\n<meta property=\"og:type\" content=\"article\" \/>\n<meta property=\"og:title\" content=\"Kak\u0117 Mak\u0117. Enciklopedija. Noriu su\u017einoti apie gyv\u016bnus\" \/>\n<meta property=\"og:description\" content=\"\u201eKak\u0117 Mak\u0117. Enciklopedija. Noriu su\u017einoti apie GYV\u016aNUS\u201c skirta 4\u20137 met\u0173 vaikams. D\u0116MESIO:\u00a0tai pakartotas leidimas nauju vir\u0161eliu. 2016 m. \u0161i enciklopedija\" \/>\n<meta property=\"og:url\" content=\"https:\/\/skaitytaknyga.lt\/en\/produktas\/kake-make-enciklopedija-noriu-suzinoti-apie-gyvunus\/\" \/>\n<meta property=\"og:site_name\" content=\"Skaitytaknyga\" \/>\n<meta property=\"article:publisher\" content=\"https:\/\/www.facebook.com\/skaitytaknyga\/\" \/>\n<meta property=\"article:modified_time\" content=\"2026-03-05T14:17:57+00:00\" \/>\n<meta property=\"og:image\" content=\"https:\/\/skaitytaknyga.lt\/wp-content\/uploads\/2025\/04\/Kake-Make.-Enciklopedija.-Noriu-suzinoti-apie-gyvunus.webp\" \/>\n\t<meta property=\"og:image:width\" content=\"683\" \/>\n\t<meta property=\"og:image:height\" content=\"800\" \/>\n\t<meta property=\"og:image:type\" content=\"image\/webp\" \/>\n<meta name=\"twitter:card\" content=\"summary_large_image\" \/>\n<meta name=\"twitter:label1\" content=\"Estimated reading time\" \/>\n\t<meta name=\"twitter:data1\" content=\"2 minutes\" \/>\n<script type=\"application\/ld+json\" class=\"yoast-schema-graph\">{\"@context\":\"https:\/\/schema.org\",\"@graph\":[{\"@type\":\"WebPage\",\"@id\":\"https:\/\/skaitytaknyga.lt\/produktas\/kake-make-enciklopedija-noriu-suzinoti-apie-gyvunus\/\",\"url\":\"https:\/\/skaitytaknyga.lt\/produktas\/kake-make-enciklopedija-noriu-suzinoti-apie-gyvunus\/\",\"name\":\"Kak\u0117 Mak\u0117. Enciklopedija. Noriu su\u017einoti apie gyv\u016bnus\",\"isPartOf\":{\"@id\":\"https:\/\/skaitytaknyga.lt\/#website\"},\"primaryImageOfPage\":{\"@id\":\"https:\/\/skaitytaknyga.lt\/produktas\/kake-make-enciklopedija-noriu-suzinoti-apie-gyvunus\/#primaryimage\"},\"image\":{\"@id\":\"https:\/\/skaitytaknyga.lt\/produktas\/kake-make-enciklopedija-noriu-suzinoti-apie-gyvunus\/#primaryimage\"},\"thumbnailUrl\":\"https:\/\/skaitytaknyga.lt\/wp-content\/uploads\/2025\/04\/Kake-Make.-Enciklopedija.-Noriu-suzinoti-apie-gyvunus.webp\",\"datePublished\":\"2025-04-25T10:13:24+00:00\",\"dateModified\":\"2026-03-05T14:17:57+00:00\",\"description\":\"\u201eKak\u0117 Mak\u0117. Enciklopedija. Noriu su\u017einoti apie GYV\u016aNUS\u201c skirta 4\u20137 met\u0173 vaikams. D\u0116MESIO:\u00a0tai pakartotas leidimas nauju vir\u0161eliu. 2016 m. \u0161i enciklopedija\",\"breadcrumb\":{\"@id\":\"https:\/\/skaitytaknyga.lt\/produktas\/kake-make-enciklopedija-noriu-suzinoti-apie-gyvunus\/#breadcrumb\"},\"inLanguage\":\"en-GB\",\"potentialAction\":[{\"@type\":\"ReadAction\",\"target\":[\"https:\/\/skaitytaknyga.lt\/produktas\/kake-make-enciklopedija-noriu-suzinoti-apie-gyvunus\/\"]}]},{\"@type\":\"ImageObject\",\"inLanguage\":\"en-GB\",\"@id\":\"https:\/\/skaitytaknyga.lt\/produktas\/kake-make-enciklopedija-noriu-suzinoti-apie-gyvunus\/#primaryimage\",\"url\":\"https:\/\/skaitytaknyga.lt\/wp-content\/uploads\/2025\/04\/Kake-Make.-Enciklopedija.-Noriu-suzinoti-apie-gyvunus.webp\",\"contentUrl\":\"https:\/\/skaitytaknyga.lt\/wp-content\/uploads\/2025\/04\/Kake-Make.-Enciklopedija.-Noriu-suzinoti-apie-gyvunus.webp\",\"width\":683,\"height\":800,\"caption\":\"Kak\u0117 Mak\u0117. Enciklopedija. Noriu su\u017einoti apie gyv\u016bnus\"},{\"@type\":\"BreadcrumbList\",\"@id\":\"https:\/\/skaitytaknyga.lt\/produktas\/kake-make-enciklopedija-noriu-suzinoti-apie-gyvunus\/#breadcrumb\",\"itemListElement\":[{\"@type\":\"ListItem\",\"position\":1,\"name\":\"Home\",\"item\":\"https:\/\/skaitytaknyga.lt\/\"},{\"@type\":\"ListItem\",\"position\":2,\"name\":\"Parduotuv\u0117\",\"item\":\"https:\/\/skaitytaknyga.lt\/knygu-parduotuve\/\"},{\"@type\":\"ListItem\",\"position\":3,\"name\":\"Kak\u0117 Mak\u0117. Enciklopedija. Noriu su\u017einoti apie gyv\u016bnus\"}]},{\"@type\":\"WebSite\",\"@id\":\"https:\/\/skaitytaknyga.lt\/#website\",\"url\":\"https:\/\/skaitytaknyga.lt\/\",\"name\":\"skaitytaknyga.lt\",\"description\":\"Skaitytaknyga.lt \u2013 tai ma\u017eas \u0161eimos verslas, kuris prasid\u0117jo nuo meil\u0117s knygoms ir siekio i\u0161gelb\u0117ti knygas nuo likimo prie konteinerio. Kas vienam nereikalingas daiktas \u2013 kitam lobis, o mes esame tarpininkai, kurie padeda abiems tapti laimingesniems ???? \u017dinome kaip nelengva i\u0161gyventi ma\u017eiems verslams, tad nuo \u0161iol, \u010dia rasite ir kit\u0173, ma\u017e\u0173 \u0161eim\u0173 versl\u0173, rank\u0173 darbo, dovan\u0173 sau ir artimiesiems.\",\"publisher\":{\"@id\":\"https:\/\/skaitytaknyga.lt\/#organization\"},\"potentialAction\":[{\"@type\":\"SearchAction\",\"target\":{\"@type\":\"EntryPoint\",\"urlTemplate\":\"https:\/\/skaitytaknyga.lt\/?s={search_term_string}\"},\"query-input\":{\"@type\":\"PropertyValueSpecification\",\"valueRequired\":true,\"valueName\":\"search_term_string\"}}],\"inLanguage\":\"en-GB\"},{\"@type\":\"Organization\",\"@id\":\"https:\/\/skaitytaknyga.lt\/#organization\",\"name\":\"skaitytaknyga.lt\",\"url\":\"https:\/\/skaitytaknyga.lt\/\",\"logo\":{\"@type\":\"ImageObject\",\"inLanguage\":\"en-GB\",\"@id\":\"https:\/\/skaitytaknyga.lt\/#\/schema\/logo\/image\/\",\"url\":\"https:\/\/skaitytaknyga.lt\/wp-content\/uploads\/2024\/05\/cropped-cropped-cropped-02_00843_jt3bggkj1j3HLc7SyY6rEUpg.jpeg\",\"contentUrl\":\"https:\/\/skaitytaknyga.lt\/wp-content\/uploads\/2024\/05\/cropped-cropped-cropped-02_00843_jt3bggkj1j3HLc7SyY6rEUpg.jpeg\",\"width\":1600,\"height\":1600,\"caption\":\"skaitytaknyga.lt\"},\"image\":{\"@id\":\"https:\/\/skaitytaknyga.lt\/#\/schema\/logo\/image\/\"},\"sameAs\":[\"https:\/\/www.facebook.com\/skaitytaknyga\/\"]}]}<\/script>\n<!-- \/ Yoast SEO plugin. -->","yoast_head_json":{"title":"Kak\u0117 Mak\u0117. Enciklopedija. Noriu su\u017einoti apie gyv\u016bnus","description":"\u201eKak\u0117 Mak\u0117. Enciklopedija. Noriu su\u017einoti apie GYV\u016aNUS\u201c skirta 4\u20137 met\u0173 vaikams. D\u0116MESIO:\u00a0tai pakartotas leidimas nauju vir\u0161eliu. 2016 m. \u0161i enciklopedija","robots":{"index":"index","follow":"follow","max-snippet":"max-snippet:-1","max-image-preview":"max-image-preview:large","max-video-preview":"max-video-preview:-1"},"canonical":"https:\/\/skaitytaknyga.lt\/en\/produktas\/kake-make-enciklopedija-noriu-suzinoti-apie-gyvunus\/","og_locale":"en_GB","og_type":"article","og_title":"[:lt]Kak\u0117 Mak\u0117. Enciklopedija. Noriu su\u017einoti apie gyv\u016bnus[:] - Skaitytaknyga","og_description":"\u201eKak\u0117 Mak\u0117. Enciklopedija. Noriu su\u017einoti apie GYV\u016aNUS\u201c skirta 4\u20137 met\u0173 vaikams. D\u0116MESIO:\u00a0tai pakartotas leidimas nauju vir\u0161eliu. 2016 m. \u0161i enciklopedija","og_url":"https:\/\/skaitytaknyga.lt\/en\/produktas\/kake-make-enciklopedija-noriu-suzinoti-apie-gyvunus\/","og_site_name":"Skaitytaknyga","article_publisher":"https:\/\/www.facebook.com\/skaitytaknyga\/","article_modified_time":"2026-03-05T14:17:57+00:00","og_image":[{"width":683,"height":800,"url":"https:\/\/skaitytaknyga.lt\/wp-content\/uploads\/2025\/04\/Kake-Make.-Enciklopedija.-Noriu-suzinoti-apie-gyvunus.webp","type":"image\/webp"}],"twitter_card":"summary_large_image","twitter_misc":{"Estimated reading time":"2 minutes"},"schema":{"@context":"https:\/\/schema.org","@graph":[{"@type":"WebPage","@id":"https:\/\/skaitytaknyga.lt\/produktas\/kake-make-enciklopedija-noriu-suzinoti-apie-gyvunus\/","url":"https:\/\/skaitytaknyga.lt\/produktas\/kake-make-enciklopedija-noriu-suzinoti-apie-gyvunus\/","name":"Kak\u0117 Mak\u0117. Enciklopedija. Noriu su\u017einoti apie gyv\u016bnus","isPartOf":{"@id":"https:\/\/skaitytaknyga.lt\/#website"},"primaryImageOfPage":{"@id":"https:\/\/skaitytaknyga.lt\/produktas\/kake-make-enciklopedija-noriu-suzinoti-apie-gyvunus\/#primaryimage"},"image":{"@id":"https:\/\/skaitytaknyga.lt\/produktas\/kake-make-enciklopedija-noriu-suzinoti-apie-gyvunus\/#primaryimage"},"thumbnailUrl":"https:\/\/skaitytaknyga.lt\/wp-content\/uploads\/2025\/04\/Kake-Make.-Enciklopedija.-Noriu-suzinoti-apie-gyvunus.webp","datePublished":"2025-04-25T10:13:24+00:00","dateModified":"2026-03-05T14:17:57+00:00","description":"\u201eKak\u0117 Mak\u0117. Enciklopedija. Noriu su\u017einoti apie GYV\u016aNUS\u201c skirta 4\u20137 met\u0173 vaikams. D\u0116MESIO:\u00a0tai pakartotas leidimas nauju vir\u0161eliu. 2016 m. \u0161i enciklopedija","breadcrumb":{"@id":"https:\/\/skaitytaknyga.lt\/produktas\/kake-make-enciklopedija-noriu-suzinoti-apie-gyvunus\/#breadcrumb"},"inLanguage":"en-GB","potentialAction":[{"@type":"ReadAction","target":["https:\/\/skaitytaknyga.lt\/produktas\/kake-make-enciklopedija-noriu-suzinoti-apie-gyvunus\/"]}]},{"@type":"ImageObject","inLanguage":"en-GB","@id":"https:\/\/skaitytaknyga.lt\/produktas\/kake-make-enciklopedija-noriu-suzinoti-apie-gyvunus\/#primaryimage","url":"https:\/\/skaitytaknyga.lt\/wp-content\/uploads\/2025\/04\/Kake-Make.-Enciklopedija.-Noriu-suzinoti-apie-gyvunus.webp","contentUrl":"https:\/\/skaitytaknyga.lt\/wp-content\/uploads\/2025\/04\/Kake-Make.-Enciklopedija.-Noriu-suzinoti-apie-gyvunus.webp","width":683,"height":800,"caption":"Kak\u0117 Mak\u0117. Enciklopedija. Noriu su\u017einoti apie gyv\u016bnus"},{"@type":"BreadcrumbList","@id":"https:\/\/skaitytaknyga.lt\/produktas\/kake-make-enciklopedija-noriu-suzinoti-apie-gyvunus\/#breadcrumb","itemListElement":[{"@type":"ListItem","position":1,"name":"Home","item":"https:\/\/skaitytaknyga.lt\/"},{"@type":"ListItem","position":2,"name":"Parduotuv\u0117","item":"https:\/\/skaitytaknyga.lt\/knygu-parduotuve\/"},{"@type":"ListItem","position":3,"name":"Kak\u0117 Mak\u0117. Enciklopedija. Noriu su\u017einoti apie gyv\u016bnus"}]},{"@type":"WebSite","@id":"https:\/\/skaitytaknyga.lt\/#website","url":"https:\/\/skaitytaknyga.lt\/","name":"skaitytaknyga.lt","description":"Skaitytaknyga.lt \u2013 tai ma\u017eas \u0161eimos verslas, kuris prasid\u0117jo nuo meil\u0117s knygoms ir siekio i\u0161gelb\u0117ti knygas nuo likimo prie konteinerio. Kas vienam nereikalingas daiktas \u2013 kitam lobis, o mes esame tarpininkai, kurie padeda abiems tapti laimingesniems ???? \u017dinome kaip nelengva i\u0161gyventi ma\u017eiems verslams, tad nuo \u0161iol, \u010dia rasite ir kit\u0173, ma\u017e\u0173 \u0161eim\u0173 versl\u0173, rank\u0173 darbo, dovan\u0173 sau ir artimiesiems.","publisher":{"@id":"https:\/\/skaitytaknyga.lt\/#organization"},"potentialAction":[{"@type":"SearchAction","target":{"@type":"EntryPoint","urlTemplate":"https:\/\/skaitytaknyga.lt\/?s={search_term_string}"},"query-input":{"@type":"PropertyValueSpecification","valueRequired":true,"valueName":"search_term_string"}}],"inLanguage":"en-GB"},{"@type":"Organization","@id":"https:\/\/skaitytaknyga.lt\/#organization","name":"skaitytaknyga.lt","url":"https:\/\/skaitytaknyga.lt\/","logo":{"@type":"ImageObject","inLanguage":"en-GB","@id":"https:\/\/skaitytaknyga.lt\/#\/schema\/logo\/image\/","url":"https:\/\/skaitytaknyga.lt\/wp-content\/uploads\/2024\/05\/cropped-cropped-cropped-02_00843_jt3bggkj1j3HLc7SyY6rEUpg.jpeg","contentUrl":"https:\/\/skaitytaknyga.lt\/wp-content\/uploads\/2024\/05\/cropped-cropped-cropped-02_00843_jt3bggkj1j3HLc7SyY6rEUpg.jpeg","width":1600,"height":1600,"caption":"skaitytaknyga.lt"},"image":{"@id":"https:\/\/skaitytaknyga.lt\/#\/schema\/logo\/image\/"},"sameAs":["https:\/\/www.facebook.com\/skaitytaknyga\/"]}]}},"_links":{"self":[{"href":"https:\/\/skaitytaknyga.lt\/en\/wp-json\/wp\/v2\/product\/18045","targetHints":{"allow":["GET"]}}],"collection":[{"href":"https:\/\/skaitytaknyga.lt\/en\/wp-json\/wp\/v2\/product"}],"about":[{"href":"https:\/\/skaitytaknyga.lt\/en\/wp-json\/wp\/v2\/types\/product"}],"replies":[{"embeddable":true,"href":"https:\/\/skaitytaknyga.lt\/en\/wp-json\/wp\/v2\/comments?post=18045"}],"wp:featuredmedia":[{"embeddable":true,"href":"https:\/\/skaitytaknyga.lt\/en\/wp-json\/wp\/v2\/media\/18046"}],"wp:attachment":[{"href":"https:\/\/skaitytaknyga.lt\/en\/wp-json\/wp\/v2\/media?parent=18045"}],"wp:term":[{"taxonomy":"product_brand","embeddable":true,"href":"https:\/\/skaitytaknyga.lt\/en\/wp-json\/wp\/v2\/product_brand?post=18045"},{"taxonomy":"product_cat","embeddable":true,"href":"https:\/\/skaitytaknyga.lt\/en\/wp-json\/wp\/v2\/product_cat?post=18045"},{"taxonomy":"product_tag","embeddable":true,"href":"https:\/\/skaitytaknyga.lt\/en\/wp-json\/wp\/v2\/product_tag?post=18045"}],"curies":[{"name":"wp","href":"https:\/\/api.w.org\/{rel}","templated":true}]}}