{"id":18038,"date":"2025-04-25T12:52:50","date_gmt":"2025-04-25T09:52:50","guid":{"rendered":"https:\/\/skaitytaknyga.lt\/?post_type=product&#038;p=18038"},"modified":"2025-05-12T14:39:00","modified_gmt":"2025-05-12T11:39:00","slug":"gamink-su-manimi-2","status":"publish","type":"product","link":"https:\/\/skaitytaknyga.lt\/en\/produktas\/gamink-su-manimi-2\/","title":{"rendered":"Gamink su manimi 2"},"content":{"rendered":"<p>\u017dinomi Lietuvos \u017emon\u0117s pasiri\u0161o prijuostes ir stojo prie virykli\u0173. Vir\u0117 sriubas, kep\u0117 \u017euvis, tro\u0161kino \u017ev\u0117rien\u0105, mink\u0117 pyragams te\u0161l\u0105&#8230; M\u0117gstamiausi\u0173 j\u0173 valgi\u0173 receptai sugul\u0117 jau \u012f antr\u0105 spalvot\u0105 ir \u017eaisming\u0105 knyg\u0105, kurioje kiekvienas ras, kuo praturtinti ir savo virtuv\u0117s repertuar\u0105.<\/p>\n<p>Visi receptai buvo spausdinti populiariame \u017eurnale \u201e\u017dmon\u0117s\u201c. Prie\u0161 kelet\u0105 met\u0173 i\u0161leista pirmoji \u201eGamink su manimi\u201c knyga sulauk\u0117 didelio skaitytoj\u0173 d\u0117mesio.<\/p>\n<ul class=\"about-product d-none d-xl-block mt-4\">\n<li><strong>Leid\u0117jas<\/strong>\u00a0\u017durnal\u0173 leidybos grup\u0117<\/li>\n<li><strong>Metai:<\/strong>\u00a02013<\/li>\n<li><strong>Puslapiai:<\/strong>\u00a0304<\/li>\n<li class=\"toggleable type-new-formats \"><strong>ISBN :\u00a0<\/strong>9786094100635<\/li>\n<li><strong>Versijos kodas:<\/strong>\u00a0PT.<\/li>\n<li class=\"toggleable type-new-formats \"><strong>Formatas:<\/strong>\u00a020 x 25 cm, kieti vir\u0161eliai<\/li>\n<li><strong>Kalba:<\/strong>\u00a0Lietuvi\u0173<\/li>\n<\/ul>\n","protected":false},"excerpt":{"rendered":"<p>\u017dinomi Lietuvos \u017emon\u0117s pasiri\u0161o prijuostes ir stojo prie virykli\u0173. Vir\u0117 sriubas, kep\u0117 \u017euvis, tro\u0161kino \u017ev\u0117rien\u0105, mink\u0117 pyragams te\u0161l\u0105&#8230; M\u0117gstamiausi\u0173 j\u0173 valgi\u0173 receptai sugul\u0117 jau \u012f antr\u0105 spalvot\u0105 ir \u017eaisming\u0105 knyg\u0105, kurioje kiekvienas ras, kuo praturtinti ir savo virtuv\u0117s repertuar\u0105. Visi receptai buvo spausdinti populiariame \u017eurnale \u201e\u017dmon\u0117s\u201c. Prie\u0161 kelet\u0105 met\u0173 i\u0161leista pirmoji \u201eGamink su manimi\u201c knyga sulauk\u0117 didelio skaitytoj\u0173 d\u0117mesio. Leid\u0117jas\u00a0\u017durnal\u0173 leidybos grup\u0117 Metai:\u00a02013 Puslapiai:\u00a0304 ISBN :\u00a09786094100635 Versijos kodas:\u00a0PT. Formatas:\u00a020 x 25 cm, kieti vir\u0161eliai Kalba:\u00a0Lietuvi\u0173<\/p>\n","protected":false},"featured_media":18039,"comment_status":"open","ping_status":"closed","template":"","meta":{"_acf_changed":false,"site-sidebar-layout":"default","site-content-layout":"","ast-site-content-layout":"default","site-content-style":"default","site-sidebar-style":"default","ast-global-header-display":"","ast-banner-title-visibility":"","ast-main-header-display":"","ast-hfb-above-header-display":"","ast-hfb-below-header-display":"","ast-hfb-mobile-header-display":"","site-post-title":"","ast-breadcrumbs-content":"","ast-featured-img":"","footer-sml-layout":"","ast-disable-related-posts":"","theme-transparent-header-meta":"default","adv-header-id-meta":"","stick-header-meta":"","header-above-stick-meta":"","header-main-stick-meta":"","header-below-stick-meta":"","astra-migrate-meta-layouts":"set","ast-page-background-enabled":"default","ast-page-background-meta":{"desktop":{"background-color":"","background-image":"","background-repeat":"repeat","background-position":"center center","background-size":"auto","background-attachment":"scroll","background-type":"","background-media":"","overlay-type":"","overlay-color":"","overlay-opacity":"","overlay-gradient":""},"tablet":{"background-color":"","background-image":"","background-repeat":"repeat","background-position":"center center","background-size":"auto","background-attachment":"scroll","background-type":"","background-media":"","overlay-type":"","overlay-color":"","overlay-opacity":"","overlay-gradient":""},"mobile":{"background-color":"","background-image":"","background-repeat":"repeat","background-position":"center center","background-size":"auto","background-attachment":"scroll","background-type":"","background-media":"","overlay-type":"","overlay-color":"","overlay-opacity":"","overlay-gradient":""}},"ast-content-background-meta":{"desktop":{"background-color":"var(--ast-global-color-4)","background-image":"","background-repeat":"repeat","background-position":"center center","background-size":"auto","background-attachment":"scroll","background-type":"","background-media":"","overlay-type":"","overlay-color":"","overlay-opacity":"","overlay-gradient":""},"tablet":{"background-color":"var(--ast-global-color-4)","background-image":"","background-repeat":"repeat","background-position":"center center","background-size":"auto","background-attachment":"scroll","background-type":"","background-media":"","overlay-type":"","overlay-color":"","overlay-opacity":"","overlay-gradient":""},"mobile":{"background-color":"var(--ast-global-color-4)","background-image":"","background-repeat":"repeat","background-position":"center center","background-size":"auto","background-attachment":"scroll","background-type":"","background-media":"","overlay-type":"","overlay-color":"","overlay-opacity":"","overlay-gradient":""}}},"product_brand":[],"product_cat":[15,58],"product_tag":[1881,1883],"class_list":{"0":"post-18038","1":"product","2":"type-product","3":"status-publish","4":"has-post-thumbnail","6":"product_cat-uncategorized","7":"product_cat-receptai","8":"product_tag-kulinarija","9":"product_tag-receptai","10":"desktop-align-left","11":"tablet-align-left","12":"mobile-align-left","14":"first","15":"instock","16":"shipping-taxable","17":"purchasable","18":"product-type-simple"},"acf":[],"yoast_head":"<!-- This site is optimized with the Yoast SEO plugin v27.0 - https:\/\/yoast.com\/product\/yoast-seo-wordpress\/ -->\n<title>Gamink su manimi 2<\/title>\n<meta name=\"description\" content=\"\u017dinomi Lietuvos \u017emon\u0117s pasiri\u0161o prijuostes ir stojo prie virykli\u0173. Vir\u0117 sriubas, kep\u0117 \u017euvis, tro\u0161kino \u017ev\u0117rien\u0105, mink\u0117 pyragams te\u0161l\u0105... M\u0117gstamiausi\u0173 j\u0173\" \/>\n<meta name=\"robots\" content=\"index, follow, max-snippet:-1, max-image-preview:large, max-video-preview:-1\" \/>\n<link rel=\"canonical\" href=\"https:\/\/skaitytaknyga.lt\/en\/produktas\/gamink-su-manimi-2\/\" \/>\n<meta property=\"og:locale\" content=\"en_GB\" \/>\n<meta property=\"og:locale:alternate\" content=\"lt_LT\" \/>\n<meta property=\"og:type\" content=\"article\" \/>\n<meta property=\"og:title\" content=\"Gamink su manimi 2\" \/>\n<meta property=\"og:description\" content=\"\u017dinomi Lietuvos \u017emon\u0117s pasiri\u0161o prijuostes ir stojo prie virykli\u0173. Vir\u0117 sriubas, kep\u0117 \u017euvis, tro\u0161kino \u017ev\u0117rien\u0105, mink\u0117 pyragams te\u0161l\u0105... M\u0117gstamiausi\u0173 j\u0173\" \/>\n<meta property=\"og:url\" content=\"https:\/\/skaitytaknyga.lt\/en\/produktas\/gamink-su-manimi-2\/\" \/>\n<meta property=\"og:site_name\" content=\"Skaitytaknyga\" \/>\n<meta property=\"article:publisher\" content=\"https:\/\/www.facebook.com\/skaitytaknyga\/\" \/>\n<meta property=\"article:modified_time\" content=\"2025-05-12T11:39:00+00:00\" \/>\n<meta property=\"og:image\" content=\"https:\/\/skaitytaknyga.lt\/wp-content\/uploads\/2025\/04\/Gamink-su-manimi-2.webp\" \/>\n\t<meta property=\"og:image:width\" content=\"644\" \/>\n\t<meta property=\"og:image:height\" content=\"799\" \/>\n\t<meta property=\"og:image:type\" content=\"image\/webp\" \/>\n<meta name=\"twitter:card\" content=\"summary_large_image\" \/>\n<meta name=\"twitter:label1\" content=\"Estimated reading time\" \/>\n\t<meta name=\"twitter:data1\" content=\"1 minute\" \/>\n<script type=\"application\/ld+json\" class=\"yoast-schema-graph\">{\"@context\":\"https:\/\/schema.org\",\"@graph\":[{\"@type\":\"WebPage\",\"@id\":\"https:\/\/skaitytaknyga.lt\/produktas\/gamink-su-manimi-2\/\",\"url\":\"https:\/\/skaitytaknyga.lt\/produktas\/gamink-su-manimi-2\/\",\"name\":\"Gamink su manimi 2\",\"isPartOf\":{\"@id\":\"https:\/\/skaitytaknyga.lt\/#website\"},\"primaryImageOfPage\":{\"@id\":\"https:\/\/skaitytaknyga.lt\/produktas\/gamink-su-manimi-2\/#primaryimage\"},\"image\":{\"@id\":\"https:\/\/skaitytaknyga.lt\/produktas\/gamink-su-manimi-2\/#primaryimage\"},\"thumbnailUrl\":\"https:\/\/skaitytaknyga.lt\/wp-content\/uploads\/2025\/04\/Gamink-su-manimi-2.webp\",\"datePublished\":\"2025-04-25T09:52:50+00:00\",\"dateModified\":\"2025-05-12T11:39:00+00:00\",\"description\":\"\u017dinomi Lietuvos \u017emon\u0117s pasiri\u0161o prijuostes ir stojo prie virykli\u0173. Vir\u0117 sriubas, kep\u0117 \u017euvis, tro\u0161kino \u017ev\u0117rien\u0105, mink\u0117 pyragams te\u0161l\u0105... M\u0117gstamiausi\u0173 j\u0173\",\"breadcrumb\":{\"@id\":\"https:\/\/skaitytaknyga.lt\/produktas\/gamink-su-manimi-2\/#breadcrumb\"},\"inLanguage\":\"en-GB\",\"potentialAction\":[{\"@type\":\"ReadAction\",\"target\":[\"https:\/\/skaitytaknyga.lt\/produktas\/gamink-su-manimi-2\/\"]}]},{\"@type\":\"ImageObject\",\"inLanguage\":\"en-GB\",\"@id\":\"https:\/\/skaitytaknyga.lt\/produktas\/gamink-su-manimi-2\/#primaryimage\",\"url\":\"https:\/\/skaitytaknyga.lt\/wp-content\/uploads\/2025\/04\/Gamink-su-manimi-2.webp\",\"contentUrl\":\"https:\/\/skaitytaknyga.lt\/wp-content\/uploads\/2025\/04\/Gamink-su-manimi-2.webp\",\"width\":644,\"height\":799,\"caption\":\"Gamink su manimi 2\"},{\"@type\":\"BreadcrumbList\",\"@id\":\"https:\/\/skaitytaknyga.lt\/produktas\/gamink-su-manimi-2\/#breadcrumb\",\"itemListElement\":[{\"@type\":\"ListItem\",\"position\":1,\"name\":\"Home\",\"item\":\"https:\/\/skaitytaknyga.lt\/\"},{\"@type\":\"ListItem\",\"position\":2,\"name\":\"Parduotuv\u0117\",\"item\":\"https:\/\/skaitytaknyga.lt\/knygu-parduotuve\/\"},{\"@type\":\"ListItem\",\"position\":3,\"name\":\"Gamink su manimi 2\"}]},{\"@type\":\"WebSite\",\"@id\":\"https:\/\/skaitytaknyga.lt\/#website\",\"url\":\"https:\/\/skaitytaknyga.lt\/\",\"name\":\"skaitytaknyga.lt\",\"description\":\"Skaitytaknyga.lt \u2013 tai ma\u017eas \u0161eimos verslas, kuris prasid\u0117jo nuo meil\u0117s knygoms ir siekio i\u0161gelb\u0117ti knygas nuo likimo prie konteinerio. Kas vienam nereikalingas daiktas \u2013 kitam lobis, o mes esame tarpininkai, kurie padeda abiems tapti laimingesniems ???? \u017dinome kaip nelengva i\u0161gyventi ma\u017eiems verslams, tad nuo \u0161iol, \u010dia rasite ir kit\u0173, ma\u017e\u0173 \u0161eim\u0173 versl\u0173, rank\u0173 darbo, dovan\u0173 sau ir artimiesiems.\",\"publisher\":{\"@id\":\"https:\/\/skaitytaknyga.lt\/#organization\"},\"potentialAction\":[{\"@type\":\"SearchAction\",\"target\":{\"@type\":\"EntryPoint\",\"urlTemplate\":\"https:\/\/skaitytaknyga.lt\/?s={search_term_string}\"},\"query-input\":{\"@type\":\"PropertyValueSpecification\",\"valueRequired\":true,\"valueName\":\"search_term_string\"}}],\"inLanguage\":\"en-GB\"},{\"@type\":\"Organization\",\"@id\":\"https:\/\/skaitytaknyga.lt\/#organization\",\"name\":\"skaitytaknyga.lt\",\"url\":\"https:\/\/skaitytaknyga.lt\/\",\"logo\":{\"@type\":\"ImageObject\",\"inLanguage\":\"en-GB\",\"@id\":\"https:\/\/skaitytaknyga.lt\/#\/schema\/logo\/image\/\",\"url\":\"https:\/\/skaitytaknyga.lt\/wp-content\/uploads\/2024\/05\/cropped-cropped-cropped-02_00843_jt3bggkj1j3HLc7SyY6rEUpg.jpeg\",\"contentUrl\":\"https:\/\/skaitytaknyga.lt\/wp-content\/uploads\/2024\/05\/cropped-cropped-cropped-02_00843_jt3bggkj1j3HLc7SyY6rEUpg.jpeg\",\"width\":1600,\"height\":1600,\"caption\":\"skaitytaknyga.lt\"},\"image\":{\"@id\":\"https:\/\/skaitytaknyga.lt\/#\/schema\/logo\/image\/\"},\"sameAs\":[\"https:\/\/www.facebook.com\/skaitytaknyga\/\"]}]}<\/script>\n<!-- \/ Yoast SEO plugin. -->","yoast_head_json":{"title":"Gamink su manimi 2","description":"\u017dinomi Lietuvos \u017emon\u0117s pasiri\u0161o prijuostes ir stojo prie virykli\u0173. Vir\u0117 sriubas, kep\u0117 \u017euvis, tro\u0161kino \u017ev\u0117rien\u0105, mink\u0117 pyragams te\u0161l\u0105... M\u0117gstamiausi\u0173 j\u0173","robots":{"index":"index","follow":"follow","max-snippet":"max-snippet:-1","max-image-preview":"max-image-preview:large","max-video-preview":"max-video-preview:-1"},"canonical":"https:\/\/skaitytaknyga.lt\/en\/produktas\/gamink-su-manimi-2\/","og_locale":"en_GB","og_type":"article","og_title":"[:lt]Gamink su manimi 2[:] - Skaitytaknyga","og_description":"\u017dinomi Lietuvos \u017emon\u0117s pasiri\u0161o prijuostes ir stojo prie virykli\u0173. Vir\u0117 sriubas, kep\u0117 \u017euvis, tro\u0161kino \u017ev\u0117rien\u0105, mink\u0117 pyragams te\u0161l\u0105... M\u0117gstamiausi\u0173 j\u0173","og_url":"https:\/\/skaitytaknyga.lt\/en\/produktas\/gamink-su-manimi-2\/","og_site_name":"Skaitytaknyga","article_publisher":"https:\/\/www.facebook.com\/skaitytaknyga\/","article_modified_time":"2025-05-12T11:39:00+00:00","og_image":[{"width":644,"height":799,"url":"https:\/\/skaitytaknyga.lt\/wp-content\/uploads\/2025\/04\/Gamink-su-manimi-2.webp","type":"image\/webp"}],"twitter_card":"summary_large_image","twitter_misc":{"Estimated reading time":"1 minute"},"schema":{"@context":"https:\/\/schema.org","@graph":[{"@type":"WebPage","@id":"https:\/\/skaitytaknyga.lt\/produktas\/gamink-su-manimi-2\/","url":"https:\/\/skaitytaknyga.lt\/produktas\/gamink-su-manimi-2\/","name":"Gamink su manimi 2","isPartOf":{"@id":"https:\/\/skaitytaknyga.lt\/#website"},"primaryImageOfPage":{"@id":"https:\/\/skaitytaknyga.lt\/produktas\/gamink-su-manimi-2\/#primaryimage"},"image":{"@id":"https:\/\/skaitytaknyga.lt\/produktas\/gamink-su-manimi-2\/#primaryimage"},"thumbnailUrl":"https:\/\/skaitytaknyga.lt\/wp-content\/uploads\/2025\/04\/Gamink-su-manimi-2.webp","datePublished":"2025-04-25T09:52:50+00:00","dateModified":"2025-05-12T11:39:00+00:00","description":"\u017dinomi Lietuvos \u017emon\u0117s pasiri\u0161o prijuostes ir stojo prie virykli\u0173. Vir\u0117 sriubas, kep\u0117 \u017euvis, tro\u0161kino \u017ev\u0117rien\u0105, mink\u0117 pyragams te\u0161l\u0105... M\u0117gstamiausi\u0173 j\u0173","breadcrumb":{"@id":"https:\/\/skaitytaknyga.lt\/produktas\/gamink-su-manimi-2\/#breadcrumb"},"inLanguage":"en-GB","potentialAction":[{"@type":"ReadAction","target":["https:\/\/skaitytaknyga.lt\/produktas\/gamink-su-manimi-2\/"]}]},{"@type":"ImageObject","inLanguage":"en-GB","@id":"https:\/\/skaitytaknyga.lt\/produktas\/gamink-su-manimi-2\/#primaryimage","url":"https:\/\/skaitytaknyga.lt\/wp-content\/uploads\/2025\/04\/Gamink-su-manimi-2.webp","contentUrl":"https:\/\/skaitytaknyga.lt\/wp-content\/uploads\/2025\/04\/Gamink-su-manimi-2.webp","width":644,"height":799,"caption":"Gamink su manimi 2"},{"@type":"BreadcrumbList","@id":"https:\/\/skaitytaknyga.lt\/produktas\/gamink-su-manimi-2\/#breadcrumb","itemListElement":[{"@type":"ListItem","position":1,"name":"Home","item":"https:\/\/skaitytaknyga.lt\/"},{"@type":"ListItem","position":2,"name":"Parduotuv\u0117","item":"https:\/\/skaitytaknyga.lt\/knygu-parduotuve\/"},{"@type":"ListItem","position":3,"name":"Gamink su manimi 2"}]},{"@type":"WebSite","@id":"https:\/\/skaitytaknyga.lt\/#website","url":"https:\/\/skaitytaknyga.lt\/","name":"skaitytaknyga.lt","description":"Skaitytaknyga.lt \u2013 tai ma\u017eas \u0161eimos verslas, kuris prasid\u0117jo nuo meil\u0117s knygoms ir siekio i\u0161gelb\u0117ti knygas nuo likimo prie konteinerio. Kas vienam nereikalingas daiktas \u2013 kitam lobis, o mes esame tarpininkai, kurie padeda abiems tapti laimingesniems ???? \u017dinome kaip nelengva i\u0161gyventi ma\u017eiems verslams, tad nuo \u0161iol, \u010dia rasite ir kit\u0173, ma\u017e\u0173 \u0161eim\u0173 versl\u0173, rank\u0173 darbo, dovan\u0173 sau ir artimiesiems.","publisher":{"@id":"https:\/\/skaitytaknyga.lt\/#organization"},"potentialAction":[{"@type":"SearchAction","target":{"@type":"EntryPoint","urlTemplate":"https:\/\/skaitytaknyga.lt\/?s={search_term_string}"},"query-input":{"@type":"PropertyValueSpecification","valueRequired":true,"valueName":"search_term_string"}}],"inLanguage":"en-GB"},{"@type":"Organization","@id":"https:\/\/skaitytaknyga.lt\/#organization","name":"skaitytaknyga.lt","url":"https:\/\/skaitytaknyga.lt\/","logo":{"@type":"ImageObject","inLanguage":"en-GB","@id":"https:\/\/skaitytaknyga.lt\/#\/schema\/logo\/image\/","url":"https:\/\/skaitytaknyga.lt\/wp-content\/uploads\/2024\/05\/cropped-cropped-cropped-02_00843_jt3bggkj1j3HLc7SyY6rEUpg.jpeg","contentUrl":"https:\/\/skaitytaknyga.lt\/wp-content\/uploads\/2024\/05\/cropped-cropped-cropped-02_00843_jt3bggkj1j3HLc7SyY6rEUpg.jpeg","width":1600,"height":1600,"caption":"skaitytaknyga.lt"},"image":{"@id":"https:\/\/skaitytaknyga.lt\/#\/schema\/logo\/image\/"},"sameAs":["https:\/\/www.facebook.com\/skaitytaknyga\/"]}]}},"_links":{"self":[{"href":"https:\/\/skaitytaknyga.lt\/en\/wp-json\/wp\/v2\/product\/18038","targetHints":{"allow":["GET"]}}],"collection":[{"href":"https:\/\/skaitytaknyga.lt\/en\/wp-json\/wp\/v2\/product"}],"about":[{"href":"https:\/\/skaitytaknyga.lt\/en\/wp-json\/wp\/v2\/types\/product"}],"replies":[{"embeddable":true,"href":"https:\/\/skaitytaknyga.lt\/en\/wp-json\/wp\/v2\/comments?post=18038"}],"wp:featuredmedia":[{"embeddable":true,"href":"https:\/\/skaitytaknyga.lt\/en\/wp-json\/wp\/v2\/media\/18039"}],"wp:attachment":[{"href":"https:\/\/skaitytaknyga.lt\/en\/wp-json\/wp\/v2\/media?parent=18038"}],"wp:term":[{"taxonomy":"product_brand","embeddable":true,"href":"https:\/\/skaitytaknyga.lt\/en\/wp-json\/wp\/v2\/product_brand?post=18038"},{"taxonomy":"product_cat","embeddable":true,"href":"https:\/\/skaitytaknyga.lt\/en\/wp-json\/wp\/v2\/product_cat?post=18038"},{"taxonomy":"product_tag","embeddable":true,"href":"https:\/\/skaitytaknyga.lt\/en\/wp-json\/wp\/v2\/product_tag?post=18038"}],"curies":[{"name":"wp","href":"https:\/\/api.w.org\/{rel}","templated":true}]}}