{"id":18013,"date":"2025-04-25T10:03:20","date_gmt":"2025-04-25T07:03:20","guid":{"rendered":"https:\/\/skaitytaknyga.lt\/?post_type=product&#038;p=18013"},"modified":"2026-03-05T16:17:48","modified_gmt":"2026-03-05T14:17:48","slug":"kakes-makes-enciklopedija-gyvunai","status":"publish","type":"product","link":"https:\/\/skaitytaknyga.lt\/en\/produktas\/kakes-makes-enciklopedija-gyvunai\/","title":{"rendered":"Kak\u0117s Mak\u0117s enciklopedija. Gyv\u016bnai (vir\u0161elio defektas)"},"content":{"rendered":"<p><strong>\u201eKak\u0117s Mak\u0117s enciklopedija. Gyv\u016bnai\u201c<\/strong>\u00a0\u2013 tai knyga, skatinanti pasaulio pa\u017einim\u0105, dom\u0117jim\u0105si mus supan\u010dia aplinka ir gamta. Kam ma\u017eam vabaliukui reikalingos \u017enypl\u0117s? Kod\u0117l uodai siurbia krauj\u0105? Kaip sliekas mato, jeigu neturi aki\u0173? Ar i\u0161 ties\u0173 varnos tokios gudrios ir smalsios? Ar briedis nepasigedo savo rag\u0173, kuriuos Kak\u0117 Mak\u0117 su t\u0117\u010diu parne\u0161\u0117 i\u0161 mi\u0161ko kaip did\u017eiausi\u0105 lob\u012f?\u00a0\u0160ioje knygoje Kakei Makei atsakym\u0173 ie\u0161koti padeda gamtininkas Lizdenis.<\/p>\n<p>Kas? Kaip? Kam? KOD\u0116L? Vaik\u0173 galvose nuolat sukasi galyb\u0117 klausim\u0173. Klausin\u0117dami vaikai tyrin\u0117ja suaugusi\u0173j\u0173 pasaul\u012f, su\u017eino daikt\u0173, j\u0173 savybi\u0173 ir veiksm\u0173 pavadinimus. Vaikai tiki, kad suaugusieji \u017eino visus atsakymus ir gali papasakoti daug istorij\u0173 apie vis\u0105 pasaul\u012f. Ta\u010diau \u0161iuolaikiniai vaikai neretai u\u017eduoda nelengv\u0173 klausim\u0173, \u012f kuriuos atsakymus tikrai \u017eino ne visi. Svarbiausia nebijoti vaikams parodyti, kad ne\u017einote, ir paskatinti atsakym\u0173 ie\u0161koti kartu.<\/p>\n<p>Kak\u0117s Mak\u0117s enciklopedijos \u2013 tai \u017eaismingai, vaizdingai ir \u012fdomiai pateikta informacija vaikams aktualiomis temomis.<\/p>\n<p>\u201eTikriausiai esate mat\u0119, kaip ma\u017eas vaikas sukl\u016bsta, i\u0161gird\u0119s skani\u0173 nauj\u0173 \u017eod\u017ei\u0173. Karkvabalis, peteli\u0161k\u0117 \u2013 tikri saldainiukai vaiko ausiai. I\u0161 kur toks tro\u0161kulys? Ma\u017ei vaikai da\u017eniausiai \u012fsupami \u012f i\u0161galvotas istorijas, gana buitinio \u017eodyno. Enciklopedijose kaip tik rasite turting\u0105 \u017eodyn\u0105, tikro pasaulio atvaizd\u0173. Kak\u0117s Mak\u0117s enciklopedija apie gyv\u016bnus i\u0161ties geras pavyzdys, kaip rimta informacija gali b\u016bti tinkamai adaptuota vaik\u0173 pa\u017einimui. Tai vienas t\u0173 leidini\u0173, kuriuos rekomenduojame Ma\u017e\u0173j\u0173 valdose ir 7 intelekt\u0173 lavinimo programose\u201c, \u00a0\u2013 sako edukolog\u0117, knygos \u201eVienas vaikas \u2013 7 intelektai\u201c autor\u0117 Renata Lazdin.<\/p>\n<p>Rekomenduojama 5\u20138 met\u0173 vaikams, ta\u010diau skaitant kartu su t\u0117veliais tinka ir ma\u017eesniems.<\/p>\n<ul class=\"about-product d-none d-xl-block mt-4\">\n<li><strong>Leid\u0117jas<\/strong>\u00a0Alma littera<\/li>\n<li><strong>Metai:<\/strong>\u00a02016<\/li>\n<li><strong>Puslapiai:<\/strong>\u00a0144<\/li>\n<li class=\"toggleable type-new-formats \"><strong>ISBN :\u00a0<\/strong>9786090122259<\/li>\n<li><strong>Versijos kodas:<\/strong>\u00a0PT.<\/li>\n<li class=\"toggleable type-new-formats \"><strong>Formatas:<\/strong>\u00a020,5 x 25 x 1,7 cm, kieti vir\u0161eliai<\/li>\n<li><strong>Kalba:<\/strong>\u00a0Lietuvi\u0173<\/li>\n<\/ul>\n","protected":false},"excerpt":{"rendered":"<p>\u201eKak\u0117s Mak\u0117s enciklopedija. Gyv\u016bnai\u201c\u00a0\u2013 tai knyga, skatinanti pasaulio pa\u017einim\u0105, dom\u0117jim\u0105si mus supan\u010dia aplinka ir gamta. Kam ma\u017eam vabaliukui reikalingos \u017enypl\u0117s? Kod\u0117l uodai siurbia krauj\u0105? Kaip sliekas mato, jeigu neturi aki\u0173? Ar i\u0161 ties\u0173 varnos tokios gudrios ir smalsios? Ar briedis nepasigedo savo rag\u0173, kuriuos Kak\u0117 Mak\u0117 su t\u0117\u010diu parne\u0161\u0117 i\u0161 mi\u0161ko kaip did\u017eiausi\u0105 lob\u012f?\u00a0\u0160ioje knygoje Kakei Makei atsakym\u0173 ie\u0161koti padeda gamtininkas Lizdenis. Kas? Kaip? Kam? KOD\u0116L? Vaik\u0173 galvose nuolat sukasi galyb\u0117 klausim\u0173. Klausin\u0117dami vaikai tyrin\u0117ja suaugusi\u0173j\u0173 pasaul\u012f, su\u017eino daikt\u0173, j\u0173 savybi\u0173 ir veiksm\u0173 pavadinimus. Vaikai tiki, kad suaugusieji \u017eino visus atsakymus ir gali papasakoti daug istorij\u0173 apie vis\u0105 pasaul\u012f. Ta\u010diau \u0161iuolaikiniai vaikai neretai u\u017eduoda nelengv\u0173 klausim\u0173, \u012f kuriuos atsakymus tikrai \u017eino ne visi. Svarbiausia nebijoti vaikams parodyti, kad ne\u017einote, ir paskatinti atsakym\u0173 ie\u0161koti kartu. Kak\u0117s Mak\u0117s enciklopedijos \u2013 tai \u017eaismingai, vaizdingai ir \u012fdomiai pateikta informacija vaikams aktualiomis temomis. \u201eTikriausiai esate mat\u0119, kaip ma\u017eas vaikas sukl\u016bsta, i\u0161gird\u0119s skani\u0173 nauj\u0173 \u017eod\u017ei\u0173. Karkvabalis, peteli\u0161k\u0117 \u2013 tikri saldainiukai vaiko ausiai. I\u0161 kur toks tro\u0161kulys? Ma\u017ei vaikai da\u017eniausiai \u012fsupami \u012f i\u0161galvotas istorijas, gana buitinio \u017eodyno. Enciklopedijose kaip tik rasite turting\u0105 \u017eodyn\u0105, tikro pasaulio atvaizd\u0173. Kak\u0117s Mak\u0117s enciklopedija apie gyv\u016bnus i\u0161ties geras pavyzdys, kaip rimta informacija gali b\u016bti tinkamai adaptuota vaik\u0173 pa\u017einimui. Tai vienas t\u0173 leidini\u0173, kuriuos rekomenduojame Ma\u017e\u0173j\u0173 valdose ir 7 intelekt\u0173 lavinimo programose\u201c, \u00a0\u2013 sako edukolog\u0117, knygos \u201eVienas vaikas \u2013 7 intelektai\u201c autor\u0117 Renata Lazdin. Rekomenduojama 5\u20138 met\u0173 vaikams, ta\u010diau skaitant kartu su t\u0117veliais tinka ir ma\u017eesniems. Leid\u0117jas\u00a0Alma littera Metai:\u00a02016 Puslapiai:\u00a0144 ISBN :\u00a09786090122259 Versijos kodas:\u00a0PT. Formatas:\u00a020,5 x 25 x 1,7 cm, kieti vir\u0161eliai Kalba:\u00a0Lietuvi\u0173<\/p>\n","protected":false},"featured_media":18043,"comment_status":"open","ping_status":"closed","template":"","meta":{"_acf_changed":false,"site-sidebar-layout":"default","site-content-layout":"","ast-site-content-layout":"default","site-content-style":"default","site-sidebar-style":"default","ast-global-header-display":"","ast-banner-title-visibility":"","ast-main-header-display":"","ast-hfb-above-header-display":"","ast-hfb-below-header-display":"","ast-hfb-mobile-header-display":"","site-post-title":"","ast-breadcrumbs-content":"","ast-featured-img":"","footer-sml-layout":"","ast-disable-related-posts":"","theme-transparent-header-meta":"default","adv-header-id-meta":"","stick-header-meta":"","header-above-stick-meta":"","header-main-stick-meta":"","header-below-stick-meta":"","astra-migrate-meta-layouts":"set","ast-page-background-enabled":"default","ast-page-background-meta":{"desktop":{"background-color":"","background-image":"","background-repeat":"repeat","background-position":"center center","background-size":"auto","background-attachment":"scroll","background-type":"","background-media":"","overlay-type":"","overlay-color":"","overlay-opacity":"","overlay-gradient":""},"tablet":{"background-color":"","background-image":"","background-repeat":"repeat","background-position":"center center","background-size":"auto","background-attachment":"scroll","background-type":"","background-media":"","overlay-type":"","overlay-color":"","overlay-opacity":"","overlay-gradient":""},"mobile":{"background-color":"","background-image":"","background-repeat":"repeat","background-position":"center center","background-size":"auto","background-attachment":"scroll","background-type":"","background-media":"","overlay-type":"","overlay-color":"","overlay-opacity":"","overlay-gradient":""}},"ast-content-background-meta":{"desktop":{"background-color":"var(--ast-global-color-4)","background-image":"","background-repeat":"repeat","background-position":"center center","background-size":"auto","background-attachment":"scroll","background-type":"","background-media":"","overlay-type":"","overlay-color":"","overlay-opacity":"","overlay-gradient":""},"tablet":{"background-color":"var(--ast-global-color-4)","background-image":"","background-repeat":"repeat","background-position":"center center","background-size":"auto","background-attachment":"scroll","background-type":"","background-media":"","overlay-type":"","overlay-color":"","overlay-opacity":"","overlay-gradient":""},"mobile":{"background-color":"var(--ast-global-color-4)","background-image":"","background-repeat":"repeat","background-position":"center center","background-size":"auto","background-attachment":"scroll","background-type":"","background-media":"","overlay-type":"","overlay-color":"","overlay-opacity":"","overlay-gradient":""}}},"product_brand":[],"product_cat":[9674],"product_tag":[2054,2053,1645],"class_list":{"0":"post-18013","1":"product","2":"type-product","3":"status-publish","4":"has-post-thumbnail","6":"product_cat-pradinukams","7":"product_tag-gyvunai","8":"product_tag-kakes-makes-enciklopedija","9":"product_tag-vaiku-literatura","10":"desktop-align-left","11":"tablet-align-left","12":"mobile-align-left","14":"first","15":"instock","16":"shipping-taxable","17":"purchasable","18":"product-type-simple"},"acf":[],"yoast_head":"<!-- This site is optimized with the Yoast SEO plugin v27.0 - https:\/\/yoast.com\/product\/yoast-seo-wordpress\/ -->\n<title>Kak\u0117s Mak\u0117s enciklopedija. Gyv\u016bnai (vir\u0161elio defektas)<\/title>\n<meta name=\"description\" content=\"\u201eKak\u0117s Mak\u0117s enciklopedija. Gyv\u016bnai\u201c\u00a0\u2013 tai knyga, skatinanti pasaulio pa\u017einim\u0105, dom\u0117jim\u0105si mus supan\u010dia aplinka ir gamta. Kam ma\u017eam vabaliukui reikalingos\" \/>\n<meta name=\"robots\" content=\"index, follow, max-snippet:-1, max-image-preview:large, max-video-preview:-1\" \/>\n<link rel=\"canonical\" href=\"https:\/\/skaitytaknyga.lt\/en\/produktas\/kakes-makes-enciklopedija-gyvunai\/\" \/>\n<meta property=\"og:locale\" content=\"en_GB\" \/>\n<meta property=\"og:locale:alternate\" content=\"lt_LT\" \/>\n<meta property=\"og:type\" content=\"article\" \/>\n<meta property=\"og:title\" content=\"Kak\u0117s Mak\u0117s enciklopedija. Gyv\u016bnai (vir\u0161elio defektas)\" \/>\n<meta property=\"og:description\" content=\"\u201eKak\u0117s Mak\u0117s enciklopedija. Gyv\u016bnai\u201c\u00a0\u2013 tai knyga, skatinanti pasaulio pa\u017einim\u0105, dom\u0117jim\u0105si mus supan\u010dia aplinka ir gamta. Kam ma\u017eam vabaliukui reikalingos\" \/>\n<meta property=\"og:url\" content=\"https:\/\/skaitytaknyga.lt\/en\/produktas\/kakes-makes-enciklopedija-gyvunai\/\" \/>\n<meta property=\"og:site_name\" content=\"Skaitytaknyga\" \/>\n<meta property=\"article:publisher\" content=\"https:\/\/www.facebook.com\/skaitytaknyga\/\" \/>\n<meta property=\"article:modified_time\" content=\"2026-03-05T14:17:48+00:00\" \/>\n<meta property=\"og:image\" content=\"https:\/\/skaitytaknyga.lt\/wp-content\/uploads\/2025\/04\/Kakes-Makes-enciklopedija.-Gyvunai.webp\" \/>\n\t<meta property=\"og:image:width\" content=\"322\" \/>\n\t<meta property=\"og:image:height\" content=\"395\" \/>\n\t<meta property=\"og:image:type\" content=\"image\/webp\" \/>\n<meta name=\"twitter:card\" content=\"summary_large_image\" \/>\n<meta name=\"twitter:label1\" content=\"Estimated reading time\" \/>\n\t<meta name=\"twitter:data1\" content=\"2 minutes\" \/>\n<script type=\"application\/ld+json\" class=\"yoast-schema-graph\">{\"@context\":\"https:\/\/schema.org\",\"@graph\":[{\"@type\":\"WebPage\",\"@id\":\"https:\/\/skaitytaknyga.lt\/produktas\/kakes-makes-enciklopedija-gyvunai\/\",\"url\":\"https:\/\/skaitytaknyga.lt\/produktas\/kakes-makes-enciklopedija-gyvunai\/\",\"name\":\"Kak\u0117s Mak\u0117s enciklopedija. Gyv\u016bnai (vir\u0161elio defektas)\",\"isPartOf\":{\"@id\":\"https:\/\/skaitytaknyga.lt\/#website\"},\"primaryImageOfPage\":{\"@id\":\"https:\/\/skaitytaknyga.lt\/produktas\/kakes-makes-enciklopedija-gyvunai\/#primaryimage\"},\"image\":{\"@id\":\"https:\/\/skaitytaknyga.lt\/produktas\/kakes-makes-enciklopedija-gyvunai\/#primaryimage\"},\"thumbnailUrl\":\"https:\/\/skaitytaknyga.lt\/wp-content\/uploads\/2025\/04\/Kakes-Makes-enciklopedija.-Gyvunai.webp\",\"datePublished\":\"2025-04-25T07:03:20+00:00\",\"dateModified\":\"2026-03-05T14:17:48+00:00\",\"description\":\"\u201eKak\u0117s Mak\u0117s enciklopedija. Gyv\u016bnai\u201c\u00a0\u2013 tai knyga, skatinanti pasaulio pa\u017einim\u0105, dom\u0117jim\u0105si mus supan\u010dia aplinka ir gamta. Kam ma\u017eam vabaliukui reikalingos\",\"breadcrumb\":{\"@id\":\"https:\/\/skaitytaknyga.lt\/produktas\/kakes-makes-enciklopedija-gyvunai\/#breadcrumb\"},\"inLanguage\":\"en-GB\",\"potentialAction\":[{\"@type\":\"ReadAction\",\"target\":[\"https:\/\/skaitytaknyga.lt\/produktas\/kakes-makes-enciklopedija-gyvunai\/\"]}]},{\"@type\":\"ImageObject\",\"inLanguage\":\"en-GB\",\"@id\":\"https:\/\/skaitytaknyga.lt\/produktas\/kakes-makes-enciklopedija-gyvunai\/#primaryimage\",\"url\":\"https:\/\/skaitytaknyga.lt\/wp-content\/uploads\/2025\/04\/Kakes-Makes-enciklopedija.-Gyvunai.webp\",\"contentUrl\":\"https:\/\/skaitytaknyga.lt\/wp-content\/uploads\/2025\/04\/Kakes-Makes-enciklopedija.-Gyvunai.webp\",\"width\":322,\"height\":395,\"caption\":\"Kak\u0117s Mak\u0117s enciklopedija. Gyv\u016bnai\"},{\"@type\":\"BreadcrumbList\",\"@id\":\"https:\/\/skaitytaknyga.lt\/produktas\/kakes-makes-enciklopedija-gyvunai\/#breadcrumb\",\"itemListElement\":[{\"@type\":\"ListItem\",\"position\":1,\"name\":\"Home\",\"item\":\"https:\/\/skaitytaknyga.lt\/\"},{\"@type\":\"ListItem\",\"position\":2,\"name\":\"Parduotuv\u0117\",\"item\":\"https:\/\/skaitytaknyga.lt\/knygu-parduotuve\/\"},{\"@type\":\"ListItem\",\"position\":3,\"name\":\"Kak\u0117s Mak\u0117s enciklopedija. Gyv\u016bnai (vir\u0161elio defektas)\"}]},{\"@type\":\"WebSite\",\"@id\":\"https:\/\/skaitytaknyga.lt\/#website\",\"url\":\"https:\/\/skaitytaknyga.lt\/\",\"name\":\"skaitytaknyga.lt\",\"description\":\"Skaitytaknyga.lt \u2013 tai ma\u017eas \u0161eimos verslas, kuris prasid\u0117jo nuo meil\u0117s knygoms ir siekio i\u0161gelb\u0117ti knygas nuo likimo prie konteinerio. Kas vienam nereikalingas daiktas \u2013 kitam lobis, o mes esame tarpininkai, kurie padeda abiems tapti laimingesniems ???? \u017dinome kaip nelengva i\u0161gyventi ma\u017eiems verslams, tad nuo \u0161iol, \u010dia rasite ir kit\u0173, ma\u017e\u0173 \u0161eim\u0173 versl\u0173, rank\u0173 darbo, dovan\u0173 sau ir artimiesiems.\",\"publisher\":{\"@id\":\"https:\/\/skaitytaknyga.lt\/#organization\"},\"potentialAction\":[{\"@type\":\"SearchAction\",\"target\":{\"@type\":\"EntryPoint\",\"urlTemplate\":\"https:\/\/skaitytaknyga.lt\/?s={search_term_string}\"},\"query-input\":{\"@type\":\"PropertyValueSpecification\",\"valueRequired\":true,\"valueName\":\"search_term_string\"}}],\"inLanguage\":\"en-GB\"},{\"@type\":\"Organization\",\"@id\":\"https:\/\/skaitytaknyga.lt\/#organization\",\"name\":\"skaitytaknyga.lt\",\"url\":\"https:\/\/skaitytaknyga.lt\/\",\"logo\":{\"@type\":\"ImageObject\",\"inLanguage\":\"en-GB\",\"@id\":\"https:\/\/skaitytaknyga.lt\/#\/schema\/logo\/image\/\",\"url\":\"https:\/\/skaitytaknyga.lt\/wp-content\/uploads\/2024\/05\/cropped-cropped-cropped-02_00843_jt3bggkj1j3HLc7SyY6rEUpg.jpeg\",\"contentUrl\":\"https:\/\/skaitytaknyga.lt\/wp-content\/uploads\/2024\/05\/cropped-cropped-cropped-02_00843_jt3bggkj1j3HLc7SyY6rEUpg.jpeg\",\"width\":1600,\"height\":1600,\"caption\":\"skaitytaknyga.lt\"},\"image\":{\"@id\":\"https:\/\/skaitytaknyga.lt\/#\/schema\/logo\/image\/\"},\"sameAs\":[\"https:\/\/www.facebook.com\/skaitytaknyga\/\"]}]}<\/script>\n<!-- \/ Yoast SEO plugin. -->","yoast_head_json":{"title":"Kak\u0117s Mak\u0117s enciklopedija. Gyv\u016bnai (vir\u0161elio defektas)","description":"\u201eKak\u0117s Mak\u0117s enciklopedija. Gyv\u016bnai\u201c\u00a0\u2013 tai knyga, skatinanti pasaulio pa\u017einim\u0105, dom\u0117jim\u0105si mus supan\u010dia aplinka ir gamta. Kam ma\u017eam vabaliukui reikalingos","robots":{"index":"index","follow":"follow","max-snippet":"max-snippet:-1","max-image-preview":"max-image-preview:large","max-video-preview":"max-video-preview:-1"},"canonical":"https:\/\/skaitytaknyga.lt\/en\/produktas\/kakes-makes-enciklopedija-gyvunai\/","og_locale":"en_GB","og_type":"article","og_title":"[:lt]Kak\u0117s Mak\u0117s enciklopedija. Gyv\u016bnai (vir\u0161elio defektas)[:] - Skaitytaknyga","og_description":"\u201eKak\u0117s Mak\u0117s enciklopedija. Gyv\u016bnai\u201c\u00a0\u2013 tai knyga, skatinanti pasaulio pa\u017einim\u0105, dom\u0117jim\u0105si mus supan\u010dia aplinka ir gamta. Kam ma\u017eam vabaliukui reikalingos","og_url":"https:\/\/skaitytaknyga.lt\/en\/produktas\/kakes-makes-enciklopedija-gyvunai\/","og_site_name":"Skaitytaknyga","article_publisher":"https:\/\/www.facebook.com\/skaitytaknyga\/","article_modified_time":"2026-03-05T14:17:48+00:00","og_image":[{"width":322,"height":395,"url":"https:\/\/skaitytaknyga.lt\/wp-content\/uploads\/2025\/04\/Kakes-Makes-enciklopedija.-Gyvunai.webp","type":"image\/webp"}],"twitter_card":"summary_large_image","twitter_misc":{"Estimated reading time":"2 minutes"},"schema":{"@context":"https:\/\/schema.org","@graph":[{"@type":"WebPage","@id":"https:\/\/skaitytaknyga.lt\/produktas\/kakes-makes-enciklopedija-gyvunai\/","url":"https:\/\/skaitytaknyga.lt\/produktas\/kakes-makes-enciklopedija-gyvunai\/","name":"Kak\u0117s Mak\u0117s enciklopedija. Gyv\u016bnai (vir\u0161elio defektas)","isPartOf":{"@id":"https:\/\/skaitytaknyga.lt\/#website"},"primaryImageOfPage":{"@id":"https:\/\/skaitytaknyga.lt\/produktas\/kakes-makes-enciklopedija-gyvunai\/#primaryimage"},"image":{"@id":"https:\/\/skaitytaknyga.lt\/produktas\/kakes-makes-enciklopedija-gyvunai\/#primaryimage"},"thumbnailUrl":"https:\/\/skaitytaknyga.lt\/wp-content\/uploads\/2025\/04\/Kakes-Makes-enciklopedija.-Gyvunai.webp","datePublished":"2025-04-25T07:03:20+00:00","dateModified":"2026-03-05T14:17:48+00:00","description":"\u201eKak\u0117s Mak\u0117s enciklopedija. Gyv\u016bnai\u201c\u00a0\u2013 tai knyga, skatinanti pasaulio pa\u017einim\u0105, dom\u0117jim\u0105si mus supan\u010dia aplinka ir gamta. Kam ma\u017eam vabaliukui reikalingos","breadcrumb":{"@id":"https:\/\/skaitytaknyga.lt\/produktas\/kakes-makes-enciklopedija-gyvunai\/#breadcrumb"},"inLanguage":"en-GB","potentialAction":[{"@type":"ReadAction","target":["https:\/\/skaitytaknyga.lt\/produktas\/kakes-makes-enciklopedija-gyvunai\/"]}]},{"@type":"ImageObject","inLanguage":"en-GB","@id":"https:\/\/skaitytaknyga.lt\/produktas\/kakes-makes-enciklopedija-gyvunai\/#primaryimage","url":"https:\/\/skaitytaknyga.lt\/wp-content\/uploads\/2025\/04\/Kakes-Makes-enciklopedija.-Gyvunai.webp","contentUrl":"https:\/\/skaitytaknyga.lt\/wp-content\/uploads\/2025\/04\/Kakes-Makes-enciklopedija.-Gyvunai.webp","width":322,"height":395,"caption":"Kak\u0117s Mak\u0117s enciklopedija. Gyv\u016bnai"},{"@type":"BreadcrumbList","@id":"https:\/\/skaitytaknyga.lt\/produktas\/kakes-makes-enciklopedija-gyvunai\/#breadcrumb","itemListElement":[{"@type":"ListItem","position":1,"name":"Home","item":"https:\/\/skaitytaknyga.lt\/"},{"@type":"ListItem","position":2,"name":"Parduotuv\u0117","item":"https:\/\/skaitytaknyga.lt\/knygu-parduotuve\/"},{"@type":"ListItem","position":3,"name":"Kak\u0117s Mak\u0117s enciklopedija. Gyv\u016bnai (vir\u0161elio defektas)"}]},{"@type":"WebSite","@id":"https:\/\/skaitytaknyga.lt\/#website","url":"https:\/\/skaitytaknyga.lt\/","name":"skaitytaknyga.lt","description":"Skaitytaknyga.lt \u2013 tai ma\u017eas \u0161eimos verslas, kuris prasid\u0117jo nuo meil\u0117s knygoms ir siekio i\u0161gelb\u0117ti knygas nuo likimo prie konteinerio. Kas vienam nereikalingas daiktas \u2013 kitam lobis, o mes esame tarpininkai, kurie padeda abiems tapti laimingesniems ???? \u017dinome kaip nelengva i\u0161gyventi ma\u017eiems verslams, tad nuo \u0161iol, \u010dia rasite ir kit\u0173, ma\u017e\u0173 \u0161eim\u0173 versl\u0173, rank\u0173 darbo, dovan\u0173 sau ir artimiesiems.","publisher":{"@id":"https:\/\/skaitytaknyga.lt\/#organization"},"potentialAction":[{"@type":"SearchAction","target":{"@type":"EntryPoint","urlTemplate":"https:\/\/skaitytaknyga.lt\/?s={search_term_string}"},"query-input":{"@type":"PropertyValueSpecification","valueRequired":true,"valueName":"search_term_string"}}],"inLanguage":"en-GB"},{"@type":"Organization","@id":"https:\/\/skaitytaknyga.lt\/#organization","name":"skaitytaknyga.lt","url":"https:\/\/skaitytaknyga.lt\/","logo":{"@type":"ImageObject","inLanguage":"en-GB","@id":"https:\/\/skaitytaknyga.lt\/#\/schema\/logo\/image\/","url":"https:\/\/skaitytaknyga.lt\/wp-content\/uploads\/2024\/05\/cropped-cropped-cropped-02_00843_jt3bggkj1j3HLc7SyY6rEUpg.jpeg","contentUrl":"https:\/\/skaitytaknyga.lt\/wp-content\/uploads\/2024\/05\/cropped-cropped-cropped-02_00843_jt3bggkj1j3HLc7SyY6rEUpg.jpeg","width":1600,"height":1600,"caption":"skaitytaknyga.lt"},"image":{"@id":"https:\/\/skaitytaknyga.lt\/#\/schema\/logo\/image\/"},"sameAs":["https:\/\/www.facebook.com\/skaitytaknyga\/"]}]}},"_links":{"self":[{"href":"https:\/\/skaitytaknyga.lt\/en\/wp-json\/wp\/v2\/product\/18013","targetHints":{"allow":["GET"]}}],"collection":[{"href":"https:\/\/skaitytaknyga.lt\/en\/wp-json\/wp\/v2\/product"}],"about":[{"href":"https:\/\/skaitytaknyga.lt\/en\/wp-json\/wp\/v2\/types\/product"}],"replies":[{"embeddable":true,"href":"https:\/\/skaitytaknyga.lt\/en\/wp-json\/wp\/v2\/comments?post=18013"}],"wp:featuredmedia":[{"embeddable":true,"href":"https:\/\/skaitytaknyga.lt\/en\/wp-json\/wp\/v2\/media\/18043"}],"wp:attachment":[{"href":"https:\/\/skaitytaknyga.lt\/en\/wp-json\/wp\/v2\/media?parent=18013"}],"wp:term":[{"taxonomy":"product_brand","embeddable":true,"href":"https:\/\/skaitytaknyga.lt\/en\/wp-json\/wp\/v2\/product_brand?post=18013"},{"taxonomy":"product_cat","embeddable":true,"href":"https:\/\/skaitytaknyga.lt\/en\/wp-json\/wp\/v2\/product_cat?post=18013"},{"taxonomy":"product_tag","embeddable":true,"href":"https:\/\/skaitytaknyga.lt\/en\/wp-json\/wp\/v2\/product_tag?post=18013"}],"curies":[{"name":"wp","href":"https:\/\/api.w.org\/{rel}","templated":true}]}}