{"id":18012,"date":"2025-04-25T10:03:20","date_gmt":"2025-04-25T07:03:20","guid":{"rendered":"https:\/\/skaitytaknyga.lt\/?post_type=product&#038;p=18012"},"modified":"2026-03-05T11:04:37","modified_gmt":"2026-03-05T09:04:37","slug":"7-ingredientai-vaikams","status":"publish","type":"product","link":"https:\/\/skaitytaknyga.lt\/en\/produktas\/7-ingredientai-vaikams\/","title":{"rendered":"7 ingredientai vaikams"},"content":{"rendered":"<p><strong>VMG kulinarin\u0117 knyga vaikams \u2013 k\u016brybingumo u\u017etaisas + subalansuotos mitybos vadovas vaikams ir esamiems bei dar tik b\u016bsimiems t\u0117vams!<\/strong><\/p>\n<p>Sukate galv\u0105, kaip suformuoti tinkamus vaiko mitybos \u012fpro\u010dius? Ne\u017einote, kaip spr\u0119sti situacijas \u201enenoriu, nem\u0117gstu, nevalgysiu&#8221;? Norite, kad vaikas u\u017eaugt\u0173 k\u016brybingas ir savaranki\u0161kas?<\/p>\n<p>VMG per daugiau nei dvejus metus, bendradarbiaudami su dietologais, pedagogais ir vaik\u0173 psichologais, suk\u016br\u0117 rakt\u0105, i\u0161spr\u0119siant\u012f daugyb\u0119 j\u016bs\u0173 problem\u0173. Jus ir j\u016bs\u0173 vaikus kvie\u010diame leistis \u012f nepakartojam\u0105 kelion\u0119 po kulinarin\u012f pasaul\u012f su Septynrankiu ir jo draugais.<\/p>\n<p>\u201ePer beveik trejus metus i\u0161nars\u010diau vis\u0105 pasaul\u012f, ie\u0161kodamas k\u016brybi\u0161kos ir \u012fdomios kulinarin\u0117s knygos vaikams. Deja, neradau tokios, kuri leist\u0173 po kulinarin\u012f pasaul\u012f keliauti i\u0161radingai, tad su komanda nusprend\u017eiau sukurti toki\u0105 knyg\u0105, kurioje jos pagrindinis herojus su 7 draugais, keliaudami po fantasti\u0161k\u0105 kulinarin\u012f pasaul\u012f, atskleid\u017eia, kad kiekviename vaike gyvena Septynrankis \u2013 ypatingas vaikas, kuriam n\u0117ra ne\u012fmanom\u0173 dalyk\u0173&#8221;, \u2013 sako knygos autorius Alfas Ivanauskas, prie\u0161 metus i\u0161leid\u0119s pirm\u0105j\u012f \u0161alyje kulinarin\u012f vadov\u0117l\u012f Lietuvos mokykloms.<\/p>\n<p>Naujoji VMG knyga skirta vaikams<strong>\u00a0nuo 3 iki 13 met\u0173<\/strong>. I\u0161 \u0161ios knygos vaikai patys i\u0161moks pa\u017einti ne tik \u012fvairius virtuv\u0117s ir stalo \u012frankius bei prietaisus, bet ir skirtingus ingredientus, kurie neatsiejami nuo sveiko ir skanaus maisto. \u012etraukian\u010diai vaikams atskleid\u0117me, kaip vyksta maisto gamybos procesas ir k\u0105 galima aptikti sode, dar\u017ee ar mi\u0161ke. Neb\u0117gome ir nuo toki\u0173 tem\u0173 kaip tra\u0161ku\u010diai ar gazuoti g\u0117rimai, nes tikime, kad pa\u017einimo procesas turi b\u016bti visapusis.<\/p>\n<ul class=\"about-product d-none d-xl-block mt-4\">\n<li><strong>Autorius:<\/strong>\u00a0Alfas Ivanauskas<\/li>\n<li><strong>Leid\u0117jas<\/strong>\u00a0UAB \u201eVirtuv\u0117s mit\u0173 griov\u0117jai\u201c<\/li>\n<li><strong>Metai:<\/strong>\u00a02016<\/li>\n<li><strong>Puslapiai:<\/strong>\u00a0322<\/li>\n<li class=\"toggleable type-new-formats \"><strong>ISBN :\u00a0<\/strong>9786099567228<\/li>\n<li><strong>Versijos kodas:<\/strong>\u00a0PT.<\/li>\n<li><strong>Kalba:<\/strong>\u00a0Lietuvi\u0173<\/li>\n<\/ul>\n","protected":false},"excerpt":{"rendered":"<p>VMG kulinarin\u0117 knyga vaikams \u2013 k\u016brybingumo u\u017etaisas + subalansuotos mitybos vadovas vaikams ir esamiems bei dar tik b\u016bsimiems t\u0117vams! Sukate galv\u0105, kaip suformuoti tinkamus vaiko mitybos \u012fpro\u010dius? Ne\u017einote, kaip spr\u0119sti situacijas \u201enenoriu, nem\u0117gstu, nevalgysiu&#8221;? Norite, kad vaikas u\u017eaugt\u0173 k\u016brybingas ir savaranki\u0161kas? VMG per daugiau nei dvejus metus, bendradarbiaudami su dietologais, pedagogais ir vaik\u0173 psichologais, suk\u016br\u0117 rakt\u0105, i\u0161spr\u0119siant\u012f daugyb\u0119 j\u016bs\u0173 problem\u0173. Jus ir j\u016bs\u0173 vaikus kvie\u010diame leistis \u012f nepakartojam\u0105 kelion\u0119 po kulinarin\u012f pasaul\u012f su Septynrankiu ir jo draugais. \u201ePer beveik trejus metus i\u0161nars\u010diau vis\u0105 pasaul\u012f, ie\u0161kodamas k\u016brybi\u0161kos ir \u012fdomios kulinarin\u0117s knygos vaikams. Deja, neradau tokios, kuri leist\u0173 po kulinarin\u012f pasaul\u012f keliauti i\u0161radingai, tad su komanda nusprend\u017eiau sukurti toki\u0105 knyg\u0105, kurioje jos pagrindinis herojus su 7 draugais, keliaudami po fantasti\u0161k\u0105 kulinarin\u012f pasaul\u012f, atskleid\u017eia, kad kiekviename vaike gyvena Septynrankis \u2013 ypatingas vaikas, kuriam n\u0117ra ne\u012fmanom\u0173 dalyk\u0173&#8221;, \u2013 sako knygos autorius Alfas Ivanauskas, prie\u0161 metus i\u0161leid\u0119s pirm\u0105j\u012f \u0161alyje kulinarin\u012f vadov\u0117l\u012f Lietuvos mokykloms. Naujoji VMG knyga skirta vaikams\u00a0nuo 3 iki 13 met\u0173. I\u0161 \u0161ios knygos vaikai patys i\u0161moks pa\u017einti ne tik \u012fvairius virtuv\u0117s ir stalo \u012frankius bei prietaisus, bet ir skirtingus ingredientus, kurie neatsiejami nuo sveiko ir skanaus maisto. \u012etraukian\u010diai vaikams atskleid\u0117me, kaip vyksta maisto gamybos procesas ir k\u0105 galima aptikti sode, dar\u017ee ar mi\u0161ke. Neb\u0117gome ir nuo toki\u0173 tem\u0173 kaip tra\u0161ku\u010diai ar gazuoti g\u0117rimai, nes tikime, kad pa\u017einimo procesas turi b\u016bti visapusis. Autorius:\u00a0Alfas Ivanauskas Leid\u0117jas\u00a0UAB \u201eVirtuv\u0117s mit\u0173 griov\u0117jai\u201c Metai:\u00a02016 Puslapiai:\u00a0322 ISBN :\u00a09786099567228 Versijos kodas:\u00a0PT. Kalba:\u00a0Lietuvi\u0173<\/p>\n","protected":false},"featured_media":18042,"comment_status":"open","ping_status":"closed","template":"","meta":{"_acf_changed":false,"site-sidebar-layout":"default","site-content-layout":"","ast-site-content-layout":"default","site-content-style":"default","site-sidebar-style":"default","ast-global-header-display":"","ast-banner-title-visibility":"","ast-main-header-display":"","ast-hfb-above-header-display":"","ast-hfb-below-header-display":"","ast-hfb-mobile-header-display":"","site-post-title":"","ast-breadcrumbs-content":"","ast-featured-img":"","footer-sml-layout":"","ast-disable-related-posts":"","theme-transparent-header-meta":"default","adv-header-id-meta":"","stick-header-meta":"","header-above-stick-meta":"","header-main-stick-meta":"","header-below-stick-meta":"","astra-migrate-meta-layouts":"set","ast-page-background-enabled":"default","ast-page-background-meta":{"desktop":{"background-color":"","background-image":"","background-repeat":"repeat","background-position":"center center","background-size":"auto","background-attachment":"scroll","background-type":"","background-media":"","overlay-type":"","overlay-color":"","overlay-opacity":"","overlay-gradient":""},"tablet":{"background-color":"","background-image":"","background-repeat":"repeat","background-position":"center center","background-size":"auto","background-attachment":"scroll","background-type":"","background-media":"","overlay-type":"","overlay-color":"","overlay-opacity":"","overlay-gradient":""},"mobile":{"background-color":"","background-image":"","background-repeat":"repeat","background-position":"center center","background-size":"auto","background-attachment":"scroll","background-type":"","background-media":"","overlay-type":"","overlay-color":"","overlay-opacity":"","overlay-gradient":""}},"ast-content-background-meta":{"desktop":{"background-color":"var(--ast-global-color-4)","background-image":"","background-repeat":"repeat","background-position":"center center","background-size":"auto","background-attachment":"scroll","background-type":"","background-media":"","overlay-type":"","overlay-color":"","overlay-opacity":"","overlay-gradient":""},"tablet":{"background-color":"var(--ast-global-color-4)","background-image":"","background-repeat":"repeat","background-position":"center center","background-size":"auto","background-attachment":"scroll","background-type":"","background-media":"","overlay-type":"","overlay-color":"","overlay-opacity":"","overlay-gradient":""},"mobile":{"background-color":"var(--ast-global-color-4)","background-image":"","background-repeat":"repeat","background-position":"center center","background-size":"auto","background-attachment":"scroll","background-type":"","background-media":"","overlay-type":"","overlay-color":"","overlay-opacity":"","overlay-gradient":""}}},"product_brand":[],"product_cat":[37,58,15],"product_tag":[],"class_list":{"0":"post-18012","1":"product","2":"type-product","3":"status-publish","4":"has-post-thumbnail","6":"product_cat-nestumas-ir-vaiku-prieziura-bei-auklejimas","7":"product_cat-receptai","8":"product_cat-uncategorized","9":"desktop-align-left","10":"tablet-align-left","11":"mobile-align-left","13":"first","14":"instock","15":"shipping-taxable","16":"purchasable","17":"product-type-simple"},"acf":[],"yoast_head":"<!-- This site is optimized with the Yoast SEO plugin v27.4 - https:\/\/yoast.com\/product\/yoast-seo-wordpress\/ -->\n<title>7 ingredientai vaikams<\/title>\n<meta name=\"description\" content=\"VMG kulinarin\u0117 knyga vaikams \u2013 k\u016brybingumo u\u017etaisas + subalansuotos mitybos vadovas vaikams ir esamiems bei dar tik b\u016bsimiems t\u0117vams! Sukate galv\u0105, kaip\" \/>\n<meta name=\"robots\" content=\"index, follow, max-snippet:-1, max-image-preview:large, max-video-preview:-1\" \/>\n<link rel=\"canonical\" href=\"https:\/\/skaitytaknyga.lt\/en\/produktas\/7-ingredientai-vaikams\/\" \/>\n<meta property=\"og:locale\" content=\"en_GB\" \/>\n<meta property=\"og:locale:alternate\" content=\"lt_LT\" \/>\n<meta property=\"og:type\" content=\"article\" \/>\n<meta property=\"og:title\" content=\"7 ingredientai vaikams\" \/>\n<meta property=\"og:description\" content=\"VMG kulinarin\u0117 knyga vaikams \u2013 k\u016brybingumo u\u017etaisas + subalansuotos mitybos vadovas vaikams ir esamiems bei dar tik b\u016bsimiems t\u0117vams! Sukate galv\u0105, kaip\" \/>\n<meta property=\"og:url\" content=\"https:\/\/skaitytaknyga.lt\/en\/produktas\/7-ingredientai-vaikams\/\" \/>\n<meta property=\"og:site_name\" content=\"Skaitytaknyga\" \/>\n<meta property=\"article:publisher\" content=\"https:\/\/www.facebook.com\/skaitytaknyga\/\" \/>\n<meta property=\"article:modified_time\" content=\"2026-03-05T09:04:37+00:00\" \/>\n<meta property=\"og:image\" content=\"https:\/\/skaitytaknyga.lt\/wp-content\/uploads\/2025\/04\/7-ingredientai-vaikams.webp\" \/>\n\t<meta property=\"og:image:width\" content=\"618\" \/>\n\t<meta property=\"og:image:height\" content=\"800\" \/>\n\t<meta property=\"og:image:type\" content=\"image\/webp\" \/>\n<meta name=\"twitter:card\" content=\"summary_large_image\" \/>\n<meta name=\"twitter:label1\" content=\"Estimated reading time\" \/>\n\t<meta name=\"twitter:data1\" content=\"2 minutes\" \/>\n<script type=\"application\/ld+json\" class=\"yoast-schema-graph\">{\"@context\":\"https:\\\/\\\/schema.org\",\"@graph\":[{\"@type\":\"WebPage\",\"@id\":\"https:\\\/\\\/skaitytaknyga.lt\\\/produktas\\\/7-ingredientai-vaikams\\\/\",\"url\":\"https:\\\/\\\/skaitytaknyga.lt\\\/produktas\\\/7-ingredientai-vaikams\\\/\",\"name\":\"7 ingredientai vaikams\",\"isPartOf\":{\"@id\":\"https:\\\/\\\/skaitytaknyga.lt\\\/#website\"},\"primaryImageOfPage\":{\"@id\":\"https:\\\/\\\/skaitytaknyga.lt\\\/produktas\\\/7-ingredientai-vaikams\\\/#primaryimage\"},\"image\":{\"@id\":\"https:\\\/\\\/skaitytaknyga.lt\\\/produktas\\\/7-ingredientai-vaikams\\\/#primaryimage\"},\"thumbnailUrl\":\"https:\\\/\\\/skaitytaknyga.lt\\\/wp-content\\\/uploads\\\/2025\\\/04\\\/7-ingredientai-vaikams.webp\",\"datePublished\":\"2025-04-25T07:03:20+00:00\",\"dateModified\":\"2026-03-05T09:04:37+00:00\",\"description\":\"VMG kulinarin\u0117 knyga vaikams \u2013 k\u016brybingumo u\u017etaisas + subalansuotos mitybos vadovas vaikams ir esamiems bei dar tik b\u016bsimiems t\u0117vams! Sukate galv\u0105, kaip\",\"breadcrumb\":{\"@id\":\"https:\\\/\\\/skaitytaknyga.lt\\\/produktas\\\/7-ingredientai-vaikams\\\/#breadcrumb\"},\"inLanguage\":\"en-GB\",\"potentialAction\":[{\"@type\":\"ReadAction\",\"target\":[\"https:\\\/\\\/skaitytaknyga.lt\\\/produktas\\\/7-ingredientai-vaikams\\\/\"]}]},{\"@type\":\"ImageObject\",\"inLanguage\":\"en-GB\",\"@id\":\"https:\\\/\\\/skaitytaknyga.lt\\\/produktas\\\/7-ingredientai-vaikams\\\/#primaryimage\",\"url\":\"https:\\\/\\\/skaitytaknyga.lt\\\/wp-content\\\/uploads\\\/2025\\\/04\\\/7-ingredientai-vaikams.webp\",\"contentUrl\":\"https:\\\/\\\/skaitytaknyga.lt\\\/wp-content\\\/uploads\\\/2025\\\/04\\\/7-ingredientai-vaikams.webp\",\"width\":618,\"height\":800,\"caption\":\"7 ingredientai vaikams\"},{\"@type\":\"BreadcrumbList\",\"@id\":\"https:\\\/\\\/skaitytaknyga.lt\\\/produktas\\\/7-ingredientai-vaikams\\\/#breadcrumb\",\"itemListElement\":[{\"@type\":\"ListItem\",\"position\":1,\"name\":\"Home\",\"item\":\"https:\\\/\\\/skaitytaknyga.lt\\\/\"},{\"@type\":\"ListItem\",\"position\":2,\"name\":\"Parduotuv\u0117\",\"item\":\"https:\\\/\\\/skaitytaknyga.lt\\\/knygu-parduotuve\\\/\"},{\"@type\":\"ListItem\",\"position\":3,\"name\":\"7 ingredientai vaikams\"}]},{\"@type\":\"WebSite\",\"@id\":\"https:\\\/\\\/skaitytaknyga.lt\\\/#website\",\"url\":\"https:\\\/\\\/skaitytaknyga.lt\\\/\",\"name\":\"skaitytaknyga.lt\",\"description\":\"Skaitytaknyga.lt \u2013 tai ma\u017eas \u0161eimos verslas, kuris prasid\u0117jo nuo meil\u0117s knygoms ir siekio i\u0161gelb\u0117ti knygas nuo likimo prie konteinerio. Kas vienam nereikalingas daiktas \u2013 kitam lobis, o mes esame tarpininkai, kurie padeda abiems tapti laimingesniems ???? \u017dinome kaip nelengva i\u0161gyventi ma\u017eiems verslams, tad nuo \u0161iol, \u010dia rasite ir kit\u0173, ma\u017e\u0173 \u0161eim\u0173 versl\u0173, rank\u0173 darbo, dovan\u0173 sau ir artimiesiems.\",\"publisher\":{\"@id\":\"https:\\\/\\\/skaitytaknyga.lt\\\/#organization\"},\"potentialAction\":[{\"@type\":\"SearchAction\",\"target\":{\"@type\":\"EntryPoint\",\"urlTemplate\":\"https:\\\/\\\/skaitytaknyga.lt\\\/?s={search_term_string}\"},\"query-input\":{\"@type\":\"PropertyValueSpecification\",\"valueRequired\":true,\"valueName\":\"search_term_string\"}}],\"inLanguage\":\"en-GB\"},{\"@type\":\"Organization\",\"@id\":\"https:\\\/\\\/skaitytaknyga.lt\\\/#organization\",\"name\":\"skaitytaknyga.lt\",\"url\":\"https:\\\/\\\/skaitytaknyga.lt\\\/\",\"logo\":{\"@type\":\"ImageObject\",\"inLanguage\":\"en-GB\",\"@id\":\"https:\\\/\\\/skaitytaknyga.lt\\\/#\\\/schema\\\/logo\\\/image\\\/\",\"url\":\"https:\\\/\\\/skaitytaknyga.lt\\\/wp-content\\\/uploads\\\/2024\\\/05\\\/cropped-cropped-cropped-02_00843_jt3bggkj1j3HLc7SyY6rEUpg.jpeg\",\"contentUrl\":\"https:\\\/\\\/skaitytaknyga.lt\\\/wp-content\\\/uploads\\\/2024\\\/05\\\/cropped-cropped-cropped-02_00843_jt3bggkj1j3HLc7SyY6rEUpg.jpeg\",\"width\":1600,\"height\":1600,\"caption\":\"skaitytaknyga.lt\"},\"image\":{\"@id\":\"https:\\\/\\\/skaitytaknyga.lt\\\/#\\\/schema\\\/logo\\\/image\\\/\"},\"sameAs\":[\"https:\\\/\\\/www.facebook.com\\\/skaitytaknyga\\\/\"]}]}<\/script>\n<!-- \/ Yoast SEO plugin. -->","yoast_head_json":{"title":"7 ingredientai vaikams","description":"VMG kulinarin\u0117 knyga vaikams \u2013 k\u016brybingumo u\u017etaisas + subalansuotos mitybos vadovas vaikams ir esamiems bei dar tik b\u016bsimiems t\u0117vams! Sukate galv\u0105, kaip","robots":{"index":"index","follow":"follow","max-snippet":"max-snippet:-1","max-image-preview":"max-image-preview:large","max-video-preview":"max-video-preview:-1"},"canonical":"https:\/\/skaitytaknyga.lt\/en\/produktas\/7-ingredientai-vaikams\/","og_locale":"en_GB","og_type":"article","og_title":"[:lt]7 ingredientai vaikams[:] - Skaitytaknyga","og_description":"VMG kulinarin\u0117 knyga vaikams \u2013 k\u016brybingumo u\u017etaisas + subalansuotos mitybos vadovas vaikams ir esamiems bei dar tik b\u016bsimiems t\u0117vams! Sukate galv\u0105, kaip","og_url":"https:\/\/skaitytaknyga.lt\/en\/produktas\/7-ingredientai-vaikams\/","og_site_name":"Skaitytaknyga","article_publisher":"https:\/\/www.facebook.com\/skaitytaknyga\/","article_modified_time":"2026-03-05T09:04:37+00:00","og_image":[{"width":618,"height":800,"url":"https:\/\/skaitytaknyga.lt\/wp-content\/uploads\/2025\/04\/7-ingredientai-vaikams.webp","type":"image\/webp"}],"twitter_card":"summary_large_image","twitter_misc":{"Estimated reading time":"2 minutes"},"schema":{"@context":"https:\/\/schema.org","@graph":[{"@type":"WebPage","@id":"https:\/\/skaitytaknyga.lt\/produktas\/7-ingredientai-vaikams\/","url":"https:\/\/skaitytaknyga.lt\/produktas\/7-ingredientai-vaikams\/","name":"7 ingredientai vaikams","isPartOf":{"@id":"https:\/\/skaitytaknyga.lt\/#website"},"primaryImageOfPage":{"@id":"https:\/\/skaitytaknyga.lt\/produktas\/7-ingredientai-vaikams\/#primaryimage"},"image":{"@id":"https:\/\/skaitytaknyga.lt\/produktas\/7-ingredientai-vaikams\/#primaryimage"},"thumbnailUrl":"https:\/\/skaitytaknyga.lt\/wp-content\/uploads\/2025\/04\/7-ingredientai-vaikams.webp","datePublished":"2025-04-25T07:03:20+00:00","dateModified":"2026-03-05T09:04:37+00:00","description":"VMG kulinarin\u0117 knyga vaikams \u2013 k\u016brybingumo u\u017etaisas + subalansuotos mitybos vadovas vaikams ir esamiems bei dar tik b\u016bsimiems t\u0117vams! Sukate galv\u0105, kaip","breadcrumb":{"@id":"https:\/\/skaitytaknyga.lt\/produktas\/7-ingredientai-vaikams\/#breadcrumb"},"inLanguage":"en-GB","potentialAction":[{"@type":"ReadAction","target":["https:\/\/skaitytaknyga.lt\/produktas\/7-ingredientai-vaikams\/"]}]},{"@type":"ImageObject","inLanguage":"en-GB","@id":"https:\/\/skaitytaknyga.lt\/produktas\/7-ingredientai-vaikams\/#primaryimage","url":"https:\/\/skaitytaknyga.lt\/wp-content\/uploads\/2025\/04\/7-ingredientai-vaikams.webp","contentUrl":"https:\/\/skaitytaknyga.lt\/wp-content\/uploads\/2025\/04\/7-ingredientai-vaikams.webp","width":618,"height":800,"caption":"7 ingredientai vaikams"},{"@type":"BreadcrumbList","@id":"https:\/\/skaitytaknyga.lt\/produktas\/7-ingredientai-vaikams\/#breadcrumb","itemListElement":[{"@type":"ListItem","position":1,"name":"Home","item":"https:\/\/skaitytaknyga.lt\/"},{"@type":"ListItem","position":2,"name":"Parduotuv\u0117","item":"https:\/\/skaitytaknyga.lt\/knygu-parduotuve\/"},{"@type":"ListItem","position":3,"name":"7 ingredientai vaikams"}]},{"@type":"WebSite","@id":"https:\/\/skaitytaknyga.lt\/#website","url":"https:\/\/skaitytaknyga.lt\/","name":"skaitytaknyga.lt","description":"Skaitytaknyga.lt \u2013 tai ma\u017eas \u0161eimos verslas, kuris prasid\u0117jo nuo meil\u0117s knygoms ir siekio i\u0161gelb\u0117ti knygas nuo likimo prie konteinerio. Kas vienam nereikalingas daiktas \u2013 kitam lobis, o mes esame tarpininkai, kurie padeda abiems tapti laimingesniems ???? \u017dinome kaip nelengva i\u0161gyventi ma\u017eiems verslams, tad nuo \u0161iol, \u010dia rasite ir kit\u0173, ma\u017e\u0173 \u0161eim\u0173 versl\u0173, rank\u0173 darbo, dovan\u0173 sau ir artimiesiems.","publisher":{"@id":"https:\/\/skaitytaknyga.lt\/#organization"},"potentialAction":[{"@type":"SearchAction","target":{"@type":"EntryPoint","urlTemplate":"https:\/\/skaitytaknyga.lt\/?s={search_term_string}"},"query-input":{"@type":"PropertyValueSpecification","valueRequired":true,"valueName":"search_term_string"}}],"inLanguage":"en-GB"},{"@type":"Organization","@id":"https:\/\/skaitytaknyga.lt\/#organization","name":"skaitytaknyga.lt","url":"https:\/\/skaitytaknyga.lt\/","logo":{"@type":"ImageObject","inLanguage":"en-GB","@id":"https:\/\/skaitytaknyga.lt\/#\/schema\/logo\/image\/","url":"https:\/\/skaitytaknyga.lt\/wp-content\/uploads\/2024\/05\/cropped-cropped-cropped-02_00843_jt3bggkj1j3HLc7SyY6rEUpg.jpeg","contentUrl":"https:\/\/skaitytaknyga.lt\/wp-content\/uploads\/2024\/05\/cropped-cropped-cropped-02_00843_jt3bggkj1j3HLc7SyY6rEUpg.jpeg","width":1600,"height":1600,"caption":"skaitytaknyga.lt"},"image":{"@id":"https:\/\/skaitytaknyga.lt\/#\/schema\/logo\/image\/"},"sameAs":["https:\/\/www.facebook.com\/skaitytaknyga\/"]}]}},"_links":{"self":[{"href":"https:\/\/skaitytaknyga.lt\/en\/wp-json\/wp\/v2\/product\/18012","targetHints":{"allow":["GET"]}}],"collection":[{"href":"https:\/\/skaitytaknyga.lt\/en\/wp-json\/wp\/v2\/product"}],"about":[{"href":"https:\/\/skaitytaknyga.lt\/en\/wp-json\/wp\/v2\/types\/product"}],"replies":[{"embeddable":true,"href":"https:\/\/skaitytaknyga.lt\/en\/wp-json\/wp\/v2\/comments?post=18012"}],"wp:featuredmedia":[{"embeddable":true,"href":"https:\/\/skaitytaknyga.lt\/en\/wp-json\/wp\/v2\/media\/18042"}],"wp:attachment":[{"href":"https:\/\/skaitytaknyga.lt\/en\/wp-json\/wp\/v2\/media?parent=18012"}],"wp:term":[{"taxonomy":"product_brand","embeddable":true,"href":"https:\/\/skaitytaknyga.lt\/en\/wp-json\/wp\/v2\/product_brand?post=18012"},{"taxonomy":"product_cat","embeddable":true,"href":"https:\/\/skaitytaknyga.lt\/en\/wp-json\/wp\/v2\/product_cat?post=18012"},{"taxonomy":"product_tag","embeddable":true,"href":"https:\/\/skaitytaknyga.lt\/en\/wp-json\/wp\/v2\/product_tag?post=18012"}],"curies":[{"name":"wp","href":"https:\/\/api.w.org\/{rel}","templated":true}]}}