{"id":18007,"date":"2025-04-25T10:03:19","date_gmt":"2025-04-25T07:03:19","guid":{"rendered":"https:\/\/skaitytaknyga.lt\/?post_type=product&#038;p=18007"},"modified":"2025-05-15T15:11:18","modified_gmt":"2025-05-15T12:11:18","slug":"berniukas-kuris-mate-tamsoje","status":"publish","type":"product","link":"https:\/\/skaitytaknyga.lt\/en\/produktas\/berniukas-kuris-mate-tamsoje\/","title":{"rendered":"Berniukas, kuris  mat\u0117 tamsoje"},"content":{"rendered":"<p><strong>\u201eBerniukas, kuris mat\u0117 tamsoje\u201c<\/strong>\u00a0\u2013 tikra istorija paremtas skaud\u017eiai atviras pasakojimas apie vaik\u0105, gimus\u012f neregi\u0173 \u0161eimoje. Jok\u016bbas yra savo t\u0117v\u0173 akys, tod\u0117l j\u012f labai anksti u\u017egri\u016bva dideli\u0173 r\u016bpes\u010di\u0173 ir atsakomyb\u0117s na\u0161ta. Jok\u016bbas visur yra kitoks: ir regin\u010di\u0173j\u0173 visuomen\u0117je, ir tarp neregi\u0173, o toks \u201eypatingumas\u201c neretai yra slegiantis, keliantis nor\u0105 mai\u0161tauti. Talent\u0105 myl\u0117ti turintis vaikas auga ir br\u0119sta, prie\u0161tar\u0173 piln\u0105 tikrov\u0119 atrasdamas per tragikomi\u0161kus nesusipratimus, skaud\u017eius kluptel\u0117jimus ir netik\u0117tus kasdienius d\u017eiaugsmus. Pasak latvi\u0173 kritik\u0117s B\u0101rbalos Simson\u0117s, \u0161is pasakojimas \u2013 ne apie matym\u0105 ar nematym\u0105, o apie tai, kas \u012f\u017evelgiama ne akimis. Apie tai, kas svarbiausia. Veiksmas vyksta pra\u0117jusio am\u017eiaus de\u0161imtajame de\u0161imtmetyje Latvijoje.<\/p>\n<p><strong>Rasos Bugavi\u010dutes-P\u0113ces<\/strong>\u00a0knyga \u012ftraukta \u012f 2020-\u0173j\u0173 tarptautin\u012f literat\u016bros katalog\u0105 \u201eWhite Ravens\u201c ir 2021-\u0173j\u0173 Europos S\u0105jungos literat\u016bros premijos trump\u0105j\u012f s\u0105ra\u0161\u0105. Latvijos nacionaliniame teatre pastatytas spektaklis \u201eBerniukas, kuris mat\u0117 tamsoje\u201c (re\u017e. Valters S\u012blis) pripa\u017eintas geriausiu 2019\u20132020 m. sezono spektakliu.<\/p>\n<p><strong>Rasa Bugavi\u010dute-P\u0113ce<\/strong>\u00a0(g. 1988) \u2013 lietuvi\u0173 kilm\u0117s latvi\u0173 dramaturg\u0117, prozinink\u0117, kino film\u0173 ir televizijos serial\u0173 scenarij\u0173 autor\u0117. Tarptautin\u0117s J\u0101nio Baltvilko premijos laureat\u0117 (2020). \u201eBerniukas, kuris mat\u0117 tamsoje\u201c (2019) \u2013 antra jos knyga.<\/p>\n<ul class=\"about-product d-none d-xl-block mt-4\">\n<li><strong>Autorius:<\/strong>\u00a0Rasa Bugavi\u010dute-P\u0113ce<\/li>\n<li><strong>Leid\u0117jas<\/strong>\u00a0Odil\u0117<\/li>\n<li><strong>Metai:<\/strong>\u00a02021<\/li>\n<li><strong>Puslapiai:<\/strong>\u00a0144<\/li>\n<li class=\"toggleable type-new-formats \"><strong>ISBN :\u00a0<\/strong>9786098222463<\/li>\n<li class=\"toggleable type-new-formats \"><strong>Formatas:<\/strong>\u00a013 x 20 x 1,3 cm, mink\u0161ti vir\u0161eliai<\/li>\n<li><strong>Kalba:<\/strong>\u00a0Lietuvi\u0173<\/li>\n<li><strong>Vert\u0117jas:<\/strong>\u00a0Audrius Musteikis<\/li>\n<\/ul>\n","protected":false},"excerpt":{"rendered":"<p>\u201eBerniukas, kuris mat\u0117 tamsoje\u201c\u00a0\u2013 tikra istorija paremtas skaud\u017eiai atviras pasakojimas apie vaik\u0105, gimus\u012f neregi\u0173 \u0161eimoje. Jok\u016bbas yra savo t\u0117v\u0173 akys, tod\u0117l j\u012f labai anksti u\u017egri\u016bva dideli\u0173 r\u016bpes\u010di\u0173 ir atsakomyb\u0117s na\u0161ta. Jok\u016bbas visur yra kitoks: ir regin\u010di\u0173j\u0173 visuomen\u0117je, ir tarp neregi\u0173, o toks \u201eypatingumas\u201c neretai yra slegiantis, keliantis nor\u0105 mai\u0161tauti. Talent\u0105 myl\u0117ti turintis vaikas auga ir br\u0119sta, prie\u0161tar\u0173 piln\u0105 tikrov\u0119 atrasdamas per tragikomi\u0161kus nesusipratimus, skaud\u017eius kluptel\u0117jimus ir netik\u0117tus kasdienius d\u017eiaugsmus. Pasak latvi\u0173 kritik\u0117s B\u0101rbalos Simson\u0117s, \u0161is pasakojimas \u2013 ne apie matym\u0105 ar nematym\u0105, o apie tai, kas \u012f\u017evelgiama ne akimis. Apie tai, kas svarbiausia. Veiksmas vyksta pra\u0117jusio am\u017eiaus de\u0161imtajame de\u0161imtmetyje Latvijoje. Rasos Bugavi\u010dutes-P\u0113ces\u00a0knyga \u012ftraukta \u012f 2020-\u0173j\u0173 tarptautin\u012f literat\u016bros katalog\u0105 \u201eWhite Ravens\u201c ir 2021-\u0173j\u0173 Europos S\u0105jungos literat\u016bros premijos trump\u0105j\u012f s\u0105ra\u0161\u0105. Latvijos nacionaliniame teatre pastatytas spektaklis \u201eBerniukas, kuris mat\u0117 tamsoje\u201c (re\u017e. Valters S\u012blis) pripa\u017eintas geriausiu 2019\u20132020 m. sezono spektakliu. Rasa Bugavi\u010dute-P\u0113ce\u00a0(g. 1988) \u2013 lietuvi\u0173 kilm\u0117s latvi\u0173 dramaturg\u0117, prozinink\u0117, kino film\u0173 ir televizijos serial\u0173 scenarij\u0173 autor\u0117. Tarptautin\u0117s J\u0101nio Baltvilko premijos laureat\u0117 (2020). \u201eBerniukas, kuris mat\u0117 tamsoje\u201c (2019) \u2013 antra jos knyga. Autorius:\u00a0Rasa Bugavi\u010dute-P\u0113ce Leid\u0117jas\u00a0Odil\u0117 Metai:\u00a02021 Puslapiai:\u00a0144 ISBN :\u00a09786098222463 Formatas:\u00a013 x 20 x 1,3 cm, mink\u0161ti vir\u0161eliai Kalba:\u00a0Lietuvi\u0173 Vert\u0117jas:\u00a0Audrius Musteikis<\/p>\n","protected":false},"featured_media":18023,"comment_status":"open","ping_status":"closed","template":"","meta":{"_acf_changed":false,"site-sidebar-layout":"default","site-content-layout":"","ast-site-content-layout":"default","site-content-style":"default","site-sidebar-style":"default","ast-global-header-display":"","ast-banner-title-visibility":"","ast-main-header-display":"","ast-hfb-above-header-display":"","ast-hfb-below-header-display":"","ast-hfb-mobile-header-display":"","site-post-title":"","ast-breadcrumbs-content":"","ast-featured-img":"","footer-sml-layout":"","ast-disable-related-posts":"","theme-transparent-header-meta":"default","adv-header-id-meta":"","stick-header-meta":"","header-above-stick-meta":"","header-main-stick-meta":"","header-below-stick-meta":"","astra-migrate-meta-layouts":"set","ast-page-background-enabled":"default","ast-page-background-meta":{"desktop":{"background-color":"","background-image":"","background-repeat":"repeat","background-position":"center center","background-size":"auto","background-attachment":"scroll","background-type":"","background-media":"","overlay-type":"","overlay-color":"","overlay-opacity":"","overlay-gradient":""},"tablet":{"background-color":"","background-image":"","background-repeat":"repeat","background-position":"center center","background-size":"auto","background-attachment":"scroll","background-type":"","background-media":"","overlay-type":"","overlay-color":"","overlay-opacity":"","overlay-gradient":""},"mobile":{"background-color":"","background-image":"","background-repeat":"repeat","background-position":"center center","background-size":"auto","background-attachment":"scroll","background-type":"","background-media":"","overlay-type":"","overlay-color":"","overlay-opacity":"","overlay-gradient":""}},"ast-content-background-meta":{"desktop":{"background-color":"var(--ast-global-color-4)","background-image":"","background-repeat":"repeat","background-position":"center center","background-size":"auto","background-attachment":"scroll","background-type":"","background-media":"","overlay-type":"","overlay-color":"","overlay-opacity":"","overlay-gradient":""},"tablet":{"background-color":"var(--ast-global-color-4)","background-image":"","background-repeat":"repeat","background-position":"center center","background-size":"auto","background-attachment":"scroll","background-type":"","background-media":"","overlay-type":"","overlay-color":"","overlay-opacity":"","overlay-gradient":""},"mobile":{"background-color":"var(--ast-global-color-4)","background-image":"","background-repeat":"repeat","background-position":"center center","background-size":"auto","background-attachment":"scroll","background-type":"","background-media":"","overlay-type":"","overlay-color":"","overlay-opacity":"","overlay-gradient":""}}},"product_brand":[],"product_cat":[15,35],"product_tag":[5751,5753,4631,1796,5750,5752,1646,1645],"class_list":{"0":"post-18007","1":"product","2":"type-product","3":"status-publish","4":"has-post-thumbnail","6":"product_cat-uncategorized","7":"product_cat-vaikams-ir-paaugliams","8":"product_tag-autobiografine","9":"product_tag-issukiai","10":"product_tag-latvija","11":"product_tag-meile","12":"product_tag-rasa-bugavicute-pece","13":"product_tag-regejimo-negalia","14":"product_tag-seima","15":"product_tag-vaiku-literatura","16":"desktop-align-left","17":"tablet-align-left","18":"mobile-align-left","20":"first","21":"instock","22":"shipping-taxable","23":"purchasable","24":"product-type-simple"},"acf":[],"yoast_head":"<!-- This site is optimized with the Yoast SEO plugin v27.0 - https:\/\/yoast.com\/product\/yoast-seo-wordpress\/ -->\n<title>Berniukas, kuris mat\u0117 tamsoje<\/title>\n<meta name=\"description\" content=\"\u201eBerniukas, kuris mat\u0117 tamsoje\u201c\u00a0\u2013 tikra istorija paremtas skaud\u017eiai atviras pasakojimas apie vaik\u0105, gimus\u012f neregi\u0173 \u0161eimoje. Jok\u016bbas yra savo t\u0117v\u0173 akys,\" \/>\n<meta name=\"robots\" content=\"index, follow, max-snippet:-1, max-image-preview:large, max-video-preview:-1\" \/>\n<link rel=\"canonical\" href=\"https:\/\/skaitytaknyga.lt\/en\/produktas\/berniukas-kuris-mate-tamsoje\/\" \/>\n<meta property=\"og:locale\" content=\"en_GB\" \/>\n<meta property=\"og:locale:alternate\" content=\"lt_LT\" \/>\n<meta property=\"og:type\" content=\"article\" \/>\n<meta property=\"og:title\" content=\"Berniukas, kuris mat\u0117 tamsoje\" \/>\n<meta property=\"og:description\" content=\"\u201eBerniukas, kuris mat\u0117 tamsoje\u201c\u00a0\u2013 tikra istorija paremtas skaud\u017eiai atviras pasakojimas apie vaik\u0105, gimus\u012f neregi\u0173 \u0161eimoje. Jok\u016bbas yra savo t\u0117v\u0173 akys,\" \/>\n<meta property=\"og:url\" content=\"https:\/\/skaitytaknyga.lt\/en\/produktas\/berniukas-kuris-mate-tamsoje\/\" \/>\n<meta property=\"og:site_name\" content=\"Skaitytaknyga\" \/>\n<meta property=\"article:publisher\" content=\"https:\/\/www.facebook.com\/skaitytaknyga\/\" \/>\n<meta property=\"article:modified_time\" content=\"2025-05-15T12:11:18+00:00\" \/>\n<meta property=\"og:image\" content=\"https:\/\/skaitytaknyga.lt\/wp-content\/uploads\/2025\/04\/berniukas.webp\" \/>\n\t<meta property=\"og:image:width\" content=\"523\" \/>\n\t<meta property=\"og:image:height\" content=\"800\" \/>\n\t<meta property=\"og:image:type\" content=\"image\/webp\" \/>\n<meta name=\"twitter:card\" content=\"summary_large_image\" \/>\n<meta name=\"twitter:label1\" content=\"Estimated reading time\" \/>\n\t<meta name=\"twitter:data1\" content=\"2 minutes\" \/>\n<script type=\"application\/ld+json\" class=\"yoast-schema-graph\">{\"@context\":\"https:\/\/schema.org\",\"@graph\":[{\"@type\":\"WebPage\",\"@id\":\"https:\/\/skaitytaknyga.lt\/produktas\/berniukas-kuris-mate-tamsoje\/\",\"url\":\"https:\/\/skaitytaknyga.lt\/produktas\/berniukas-kuris-mate-tamsoje\/\",\"name\":\"Berniukas, kuris mat\u0117 tamsoje\",\"isPartOf\":{\"@id\":\"https:\/\/skaitytaknyga.lt\/#website\"},\"primaryImageOfPage\":{\"@id\":\"https:\/\/skaitytaknyga.lt\/produktas\/berniukas-kuris-mate-tamsoje\/#primaryimage\"},\"image\":{\"@id\":\"https:\/\/skaitytaknyga.lt\/produktas\/berniukas-kuris-mate-tamsoje\/#primaryimage\"},\"thumbnailUrl\":\"https:\/\/skaitytaknyga.lt\/wp-content\/uploads\/2025\/04\/berniukas.webp\",\"datePublished\":\"2025-04-25T07:03:19+00:00\",\"dateModified\":\"2025-05-15T12:11:18+00:00\",\"description\":\"\u201eBerniukas, kuris mat\u0117 tamsoje\u201c\u00a0\u2013 tikra istorija paremtas skaud\u017eiai atviras pasakojimas apie vaik\u0105, gimus\u012f neregi\u0173 \u0161eimoje. Jok\u016bbas yra savo t\u0117v\u0173 akys,\",\"breadcrumb\":{\"@id\":\"https:\/\/skaitytaknyga.lt\/produktas\/berniukas-kuris-mate-tamsoje\/#breadcrumb\"},\"inLanguage\":\"en-GB\",\"potentialAction\":[{\"@type\":\"ReadAction\",\"target\":[\"https:\/\/skaitytaknyga.lt\/produktas\/berniukas-kuris-mate-tamsoje\/\"]}]},{\"@type\":\"ImageObject\",\"inLanguage\":\"en-GB\",\"@id\":\"https:\/\/skaitytaknyga.lt\/produktas\/berniukas-kuris-mate-tamsoje\/#primaryimage\",\"url\":\"https:\/\/skaitytaknyga.lt\/wp-content\/uploads\/2025\/04\/berniukas.webp\",\"contentUrl\":\"https:\/\/skaitytaknyga.lt\/wp-content\/uploads\/2025\/04\/berniukas.webp\",\"width\":523,\"height\":800,\"caption\":\"Berniukas, kuris mat\u0117 tamsoje\"},{\"@type\":\"BreadcrumbList\",\"@id\":\"https:\/\/skaitytaknyga.lt\/produktas\/berniukas-kuris-mate-tamsoje\/#breadcrumb\",\"itemListElement\":[{\"@type\":\"ListItem\",\"position\":1,\"name\":\"Home\",\"item\":\"https:\/\/skaitytaknyga.lt\/\"},{\"@type\":\"ListItem\",\"position\":2,\"name\":\"Parduotuv\u0117\",\"item\":\"https:\/\/skaitytaknyga.lt\/knygu-parduotuve\/\"},{\"@type\":\"ListItem\",\"position\":3,\"name\":\"Berniukas, kuris mat\u0117 tamsoje\"}]},{\"@type\":\"WebSite\",\"@id\":\"https:\/\/skaitytaknyga.lt\/#website\",\"url\":\"https:\/\/skaitytaknyga.lt\/\",\"name\":\"skaitytaknyga.lt\",\"description\":\"Skaitytaknyga.lt \u2013 tai ma\u017eas \u0161eimos verslas, kuris prasid\u0117jo nuo meil\u0117s knygoms ir siekio i\u0161gelb\u0117ti knygas nuo likimo prie konteinerio. Kas vienam nereikalingas daiktas \u2013 kitam lobis, o mes esame tarpininkai, kurie padeda abiems tapti laimingesniems ???? \u017dinome kaip nelengva i\u0161gyventi ma\u017eiems verslams, tad nuo \u0161iol, \u010dia rasite ir kit\u0173, ma\u017e\u0173 \u0161eim\u0173 versl\u0173, rank\u0173 darbo, dovan\u0173 sau ir artimiesiems.\",\"publisher\":{\"@id\":\"https:\/\/skaitytaknyga.lt\/#organization\"},\"potentialAction\":[{\"@type\":\"SearchAction\",\"target\":{\"@type\":\"EntryPoint\",\"urlTemplate\":\"https:\/\/skaitytaknyga.lt\/?s={search_term_string}\"},\"query-input\":{\"@type\":\"PropertyValueSpecification\",\"valueRequired\":true,\"valueName\":\"search_term_string\"}}],\"inLanguage\":\"en-GB\"},{\"@type\":\"Organization\",\"@id\":\"https:\/\/skaitytaknyga.lt\/#organization\",\"name\":\"skaitytaknyga.lt\",\"url\":\"https:\/\/skaitytaknyga.lt\/\",\"logo\":{\"@type\":\"ImageObject\",\"inLanguage\":\"en-GB\",\"@id\":\"https:\/\/skaitytaknyga.lt\/#\/schema\/logo\/image\/\",\"url\":\"https:\/\/skaitytaknyga.lt\/wp-content\/uploads\/2024\/05\/cropped-cropped-cropped-02_00843_jt3bggkj1j3HLc7SyY6rEUpg.jpeg\",\"contentUrl\":\"https:\/\/skaitytaknyga.lt\/wp-content\/uploads\/2024\/05\/cropped-cropped-cropped-02_00843_jt3bggkj1j3HLc7SyY6rEUpg.jpeg\",\"width\":1600,\"height\":1600,\"caption\":\"skaitytaknyga.lt\"},\"image\":{\"@id\":\"https:\/\/skaitytaknyga.lt\/#\/schema\/logo\/image\/\"},\"sameAs\":[\"https:\/\/www.facebook.com\/skaitytaknyga\/\"]}]}<\/script>\n<!-- \/ Yoast SEO plugin. -->","yoast_head_json":{"title":"Berniukas, kuris mat\u0117 tamsoje","description":"\u201eBerniukas, kuris mat\u0117 tamsoje\u201c\u00a0\u2013 tikra istorija paremtas skaud\u017eiai atviras pasakojimas apie vaik\u0105, gimus\u012f neregi\u0173 \u0161eimoje. Jok\u016bbas yra savo t\u0117v\u0173 akys,","robots":{"index":"index","follow":"follow","max-snippet":"max-snippet:-1","max-image-preview":"max-image-preview:large","max-video-preview":"max-video-preview:-1"},"canonical":"https:\/\/skaitytaknyga.lt\/en\/produktas\/berniukas-kuris-mate-tamsoje\/","og_locale":"en_GB","og_type":"article","og_title":"[:lt]Berniukas, kuris mat\u0117 tamsoje[:] - Skaitytaknyga","og_description":"\u201eBerniukas, kuris mat\u0117 tamsoje\u201c\u00a0\u2013 tikra istorija paremtas skaud\u017eiai atviras pasakojimas apie vaik\u0105, gimus\u012f neregi\u0173 \u0161eimoje. Jok\u016bbas yra savo t\u0117v\u0173 akys,","og_url":"https:\/\/skaitytaknyga.lt\/en\/produktas\/berniukas-kuris-mate-tamsoje\/","og_site_name":"Skaitytaknyga","article_publisher":"https:\/\/www.facebook.com\/skaitytaknyga\/","article_modified_time":"2025-05-15T12:11:18+00:00","og_image":[{"width":523,"height":800,"url":"https:\/\/skaitytaknyga.lt\/wp-content\/uploads\/2025\/04\/berniukas.webp","type":"image\/webp"}],"twitter_card":"summary_large_image","twitter_misc":{"Estimated reading time":"2 minutes"},"schema":{"@context":"https:\/\/schema.org","@graph":[{"@type":"WebPage","@id":"https:\/\/skaitytaknyga.lt\/produktas\/berniukas-kuris-mate-tamsoje\/","url":"https:\/\/skaitytaknyga.lt\/produktas\/berniukas-kuris-mate-tamsoje\/","name":"Berniukas, kuris mat\u0117 tamsoje","isPartOf":{"@id":"https:\/\/skaitytaknyga.lt\/#website"},"primaryImageOfPage":{"@id":"https:\/\/skaitytaknyga.lt\/produktas\/berniukas-kuris-mate-tamsoje\/#primaryimage"},"image":{"@id":"https:\/\/skaitytaknyga.lt\/produktas\/berniukas-kuris-mate-tamsoje\/#primaryimage"},"thumbnailUrl":"https:\/\/skaitytaknyga.lt\/wp-content\/uploads\/2025\/04\/berniukas.webp","datePublished":"2025-04-25T07:03:19+00:00","dateModified":"2025-05-15T12:11:18+00:00","description":"\u201eBerniukas, kuris mat\u0117 tamsoje\u201c\u00a0\u2013 tikra istorija paremtas skaud\u017eiai atviras pasakojimas apie vaik\u0105, gimus\u012f neregi\u0173 \u0161eimoje. Jok\u016bbas yra savo t\u0117v\u0173 akys,","breadcrumb":{"@id":"https:\/\/skaitytaknyga.lt\/produktas\/berniukas-kuris-mate-tamsoje\/#breadcrumb"},"inLanguage":"en-GB","potentialAction":[{"@type":"ReadAction","target":["https:\/\/skaitytaknyga.lt\/produktas\/berniukas-kuris-mate-tamsoje\/"]}]},{"@type":"ImageObject","inLanguage":"en-GB","@id":"https:\/\/skaitytaknyga.lt\/produktas\/berniukas-kuris-mate-tamsoje\/#primaryimage","url":"https:\/\/skaitytaknyga.lt\/wp-content\/uploads\/2025\/04\/berniukas.webp","contentUrl":"https:\/\/skaitytaknyga.lt\/wp-content\/uploads\/2025\/04\/berniukas.webp","width":523,"height":800,"caption":"Berniukas, kuris mat\u0117 tamsoje"},{"@type":"BreadcrumbList","@id":"https:\/\/skaitytaknyga.lt\/produktas\/berniukas-kuris-mate-tamsoje\/#breadcrumb","itemListElement":[{"@type":"ListItem","position":1,"name":"Home","item":"https:\/\/skaitytaknyga.lt\/"},{"@type":"ListItem","position":2,"name":"Parduotuv\u0117","item":"https:\/\/skaitytaknyga.lt\/knygu-parduotuve\/"},{"@type":"ListItem","position":3,"name":"Berniukas, kuris mat\u0117 tamsoje"}]},{"@type":"WebSite","@id":"https:\/\/skaitytaknyga.lt\/#website","url":"https:\/\/skaitytaknyga.lt\/","name":"skaitytaknyga.lt","description":"Skaitytaknyga.lt \u2013 tai ma\u017eas \u0161eimos verslas, kuris prasid\u0117jo nuo meil\u0117s knygoms ir siekio i\u0161gelb\u0117ti knygas nuo likimo prie konteinerio. Kas vienam nereikalingas daiktas \u2013 kitam lobis, o mes esame tarpininkai, kurie padeda abiems tapti laimingesniems ???? \u017dinome kaip nelengva i\u0161gyventi ma\u017eiems verslams, tad nuo \u0161iol, \u010dia rasite ir kit\u0173, ma\u017e\u0173 \u0161eim\u0173 versl\u0173, rank\u0173 darbo, dovan\u0173 sau ir artimiesiems.","publisher":{"@id":"https:\/\/skaitytaknyga.lt\/#organization"},"potentialAction":[{"@type":"SearchAction","target":{"@type":"EntryPoint","urlTemplate":"https:\/\/skaitytaknyga.lt\/?s={search_term_string}"},"query-input":{"@type":"PropertyValueSpecification","valueRequired":true,"valueName":"search_term_string"}}],"inLanguage":"en-GB"},{"@type":"Organization","@id":"https:\/\/skaitytaknyga.lt\/#organization","name":"skaitytaknyga.lt","url":"https:\/\/skaitytaknyga.lt\/","logo":{"@type":"ImageObject","inLanguage":"en-GB","@id":"https:\/\/skaitytaknyga.lt\/#\/schema\/logo\/image\/","url":"https:\/\/skaitytaknyga.lt\/wp-content\/uploads\/2024\/05\/cropped-cropped-cropped-02_00843_jt3bggkj1j3HLc7SyY6rEUpg.jpeg","contentUrl":"https:\/\/skaitytaknyga.lt\/wp-content\/uploads\/2024\/05\/cropped-cropped-cropped-02_00843_jt3bggkj1j3HLc7SyY6rEUpg.jpeg","width":1600,"height":1600,"caption":"skaitytaknyga.lt"},"image":{"@id":"https:\/\/skaitytaknyga.lt\/#\/schema\/logo\/image\/"},"sameAs":["https:\/\/www.facebook.com\/skaitytaknyga\/"]}]}},"_links":{"self":[{"href":"https:\/\/skaitytaknyga.lt\/en\/wp-json\/wp\/v2\/product\/18007","targetHints":{"allow":["GET"]}}],"collection":[{"href":"https:\/\/skaitytaknyga.lt\/en\/wp-json\/wp\/v2\/product"}],"about":[{"href":"https:\/\/skaitytaknyga.lt\/en\/wp-json\/wp\/v2\/types\/product"}],"replies":[{"embeddable":true,"href":"https:\/\/skaitytaknyga.lt\/en\/wp-json\/wp\/v2\/comments?post=18007"}],"wp:featuredmedia":[{"embeddable":true,"href":"https:\/\/skaitytaknyga.lt\/en\/wp-json\/wp\/v2\/media\/18023"}],"wp:attachment":[{"href":"https:\/\/skaitytaknyga.lt\/en\/wp-json\/wp\/v2\/media?parent=18007"}],"wp:term":[{"taxonomy":"product_brand","embeddable":true,"href":"https:\/\/skaitytaknyga.lt\/en\/wp-json\/wp\/v2\/product_brand?post=18007"},{"taxonomy":"product_cat","embeddable":true,"href":"https:\/\/skaitytaknyga.lt\/en\/wp-json\/wp\/v2\/product_cat?post=18007"},{"taxonomy":"product_tag","embeddable":true,"href":"https:\/\/skaitytaknyga.lt\/en\/wp-json\/wp\/v2\/product_tag?post=18007"}],"curies":[{"name":"wp","href":"https:\/\/api.w.org\/{rel}","templated":true}]}}