{"id":17997,"date":"2025-04-25T10:03:18","date_gmt":"2025-04-25T07:03:18","guid":{"rendered":"https:\/\/skaitytaknyga.lt\/?post_type=product&#038;p=17997"},"modified":"2025-09-06T19:02:26","modified_gmt":"2025-09-06T16:02:26","slug":"anzelika-ir-jos-meile-ana-golon-serzas-golonas","status":"publish","type":"product","link":"https:\/\/skaitytaknyga.lt\/en\/produktas\/anzelika-ir-jos-meile-ana-golon-serzas-golonas\/","title":{"rendered":"An\u017eelika ir jos meil\u0117"},"content":{"rendered":"<p>An\u017eelika palieka La Ro\u0161el\u0117s tvirtov\u0119, kurioje tiek kent\u0117jo, bet tur\u0117jo kasdien duonos. Ji \u012fs\u0117da \u012f paslapting\u0105 laiv\u0105, kurio kapitonas yra kauk\u0117tas piratas Reskatoras. Per \u0161i\u0105 kelion\u0119 \u012fvyksta \u012fvairiausi\u0173 netik\u0117tum\u0173: An\u017eelika pamato pa\u017e\u012fstam\u0105 veid\u0105, i\u0161girsta jau gird\u0117tus \u017eod\u017eius,bals\u0105&#8230; Ji prisimena tolim\u0105 praeit\u012f. Kokie vaizdai jai netik\u0117tai i\u0161kyla prie\u0161 akis?.. K\u0105 jai \u017eada Amerika? Ar laim\u0119, kurios nesitiki rasti, ar visi\u0161kai sugriaut\u0105 gyvenim\u0105?<\/p>\n","protected":false},"excerpt":{"rendered":"<p>An\u017eelika palieka La Ro\u0161el\u0117s tvirtov\u0119, kurioje tiek kent\u0117jo, bet tur\u0117jo kasdien duonos. Ji \u012fs\u0117da \u012f paslapting\u0105 laiv\u0105, kurio kapitonas yra kauk\u0117tas piratas Reskatoras. Per \u0161i\u0105 kelion\u0119 \u012fvyksta \u012fvairiausi\u0173 netik\u0117tum\u0173: An\u017eelika pamato pa\u017e\u012fstam\u0105 veid\u0105, i\u0161girsta jau gird\u0117tus \u017eod\u017eius,bals\u0105&#8230; Ji prisimena tolim\u0105 praeit\u012f. Kokie vaizdai jai netik\u0117tai i\u0161kyla prie\u0161 akis?.. K\u0105 jai \u017eada Amerika? Ar laim\u0119, kurios nesitiki rasti, ar visi\u0161kai sugriaut\u0105 gyvenim\u0105?<\/p>\n","protected":false},"featured_media":18031,"comment_status":"open","ping_status":"closed","template":"","meta":{"_acf_changed":false,"site-sidebar-layout":"default","site-content-layout":"","ast-site-content-layout":"default","site-content-style":"default","site-sidebar-style":"default","ast-global-header-display":"","ast-banner-title-visibility":"","ast-main-header-display":"","ast-hfb-above-header-display":"","ast-hfb-below-header-display":"","ast-hfb-mobile-header-display":"","site-post-title":"","ast-breadcrumbs-content":"","ast-featured-img":"","footer-sml-layout":"","ast-disable-related-posts":"","theme-transparent-header-meta":"default","adv-header-id-meta":"","stick-header-meta":"","header-above-stick-meta":"","header-main-stick-meta":"","header-below-stick-meta":"","astra-migrate-meta-layouts":"set","ast-page-background-enabled":"default","ast-page-background-meta":{"desktop":{"background-color":"","background-image":"","background-repeat":"repeat","background-position":"center center","background-size":"auto","background-attachment":"scroll","background-type":"","background-media":"","overlay-type":"","overlay-color":"","overlay-opacity":"","overlay-gradient":""},"tablet":{"background-color":"","background-image":"","background-repeat":"repeat","background-position":"center center","background-size":"auto","background-attachment":"scroll","background-type":"","background-media":"","overlay-type":"","overlay-color":"","overlay-opacity":"","overlay-gradient":""},"mobile":{"background-color":"","background-image":"","background-repeat":"repeat","background-position":"center center","background-size":"auto","background-attachment":"scroll","background-type":"","background-media":"","overlay-type":"","overlay-color":"","overlay-opacity":"","overlay-gradient":""}},"ast-content-background-meta":{"desktop":{"background-color":"var(--ast-global-color-4)","background-image":"","background-repeat":"repeat","background-position":"center center","background-size":"auto","background-attachment":"scroll","background-type":"","background-media":"","overlay-type":"","overlay-color":"","overlay-opacity":"","overlay-gradient":""},"tablet":{"background-color":"var(--ast-global-color-4)","background-image":"","background-repeat":"repeat","background-position":"center center","background-size":"auto","background-attachment":"scroll","background-type":"","background-media":"","overlay-type":"","overlay-color":"","overlay-opacity":"","overlay-gradient":""},"mobile":{"background-color":"var(--ast-global-color-4)","background-image":"","background-repeat":"repeat","background-position":"center center","background-size":"auto","background-attachment":"scroll","background-type":"","background-media":"","overlay-type":"","overlay-color":"","overlay-opacity":"","overlay-gradient":""}}},"product_brand":[],"product_cat":[31,15],"product_tag":[3258,3365,2069,4802,1796,3366],"class_list":{"0":"post-17997","1":"product","2":"type-product","3":"status-publish","4":"has-post-thumbnail","6":"product_cat-grozine-literatura","7":"product_cat-uncategorized","8":"product_tag-amerika","9":"product_tag-ana-golon","10":"product_tag-istorinis-romanas","11":"product_tag-juru-nuotykiai","12":"product_tag-meile","13":"product_tag-serzas-golonas","14":"desktop-align-left","15":"tablet-align-left","16":"mobile-align-left","18":"first","19":"outofstock","20":"shipping-taxable","21":"purchasable","22":"product-type-simple"},"acf":[],"yoast_head":"<!-- This site is optimized with the Yoast SEO plugin v27.0 - https:\/\/yoast.com\/product\/yoast-seo-wordpress\/ -->\n<title>An\u017eelika ir jos meil\u0117<\/title>\n<meta name=\"description\" content=\"An\u017eelika palieka La Ro\u0161el\u0117s tvirtov\u0119, kurioje tiek kent\u0117jo, bet tur\u0117jo kasdien duonos. Ji \u012fs\u0117da \u012f paslapting\u0105 laiv\u0105, kurio kapitonas yra kauk\u0117tas piratas\" \/>\n<meta name=\"robots\" content=\"index, follow, max-snippet:-1, max-image-preview:large, max-video-preview:-1\" \/>\n<link rel=\"canonical\" href=\"https:\/\/skaitytaknyga.lt\/en\/produktas\/anzelika-ir-jos-meile-ana-golon-serzas-golonas\/\" \/>\n<meta property=\"og:locale\" content=\"en_GB\" \/>\n<meta property=\"og:locale:alternate\" content=\"lt_LT\" \/>\n<meta property=\"og:type\" content=\"article\" \/>\n<meta property=\"og:title\" content=\"An\u017eelika ir jos meil\u0117\" \/>\n<meta property=\"og:description\" content=\"An\u017eelika palieka La Ro\u0161el\u0117s tvirtov\u0119, kurioje tiek kent\u0117jo, bet tur\u0117jo kasdien duonos. Ji \u012fs\u0117da \u012f paslapting\u0105 laiv\u0105, kurio kapitonas yra kauk\u0117tas piratas\" \/>\n<meta property=\"og:url\" content=\"https:\/\/skaitytaknyga.lt\/en\/produktas\/anzelika-ir-jos-meile-ana-golon-serzas-golonas\/\" \/>\n<meta property=\"og:site_name\" content=\"Skaitytaknyga\" \/>\n<meta property=\"article:publisher\" content=\"https:\/\/www.facebook.com\/skaitytaknyga\/\" \/>\n<meta property=\"article:modified_time\" content=\"2025-09-06T16:02:26+00:00\" \/>\n<meta property=\"og:image\" content=\"https:\/\/skaitytaknyga.lt\/wp-content\/uploads\/2025\/04\/Anzelika-ir-jos-meile.webp\" \/>\n\t<meta property=\"og:image:width\" content=\"514\" \/>\n\t<meta property=\"og:image:height\" content=\"799\" \/>\n\t<meta property=\"og:image:type\" content=\"image\/webp\" \/>\n<meta name=\"twitter:card\" content=\"summary_large_image\" \/>\n<meta name=\"twitter:label1\" content=\"Estimated reading time\" \/>\n\t<meta name=\"twitter:data1\" content=\"1 minute\" \/>\n<script type=\"application\/ld+json\" class=\"yoast-schema-graph\">{\"@context\":\"https:\/\/schema.org\",\"@graph\":[{\"@type\":\"WebPage\",\"@id\":\"https:\/\/skaitytaknyga.lt\/produktas\/anzelika-ir-jos-meile-ana-golon-serzas-golonas\/\",\"url\":\"https:\/\/skaitytaknyga.lt\/produktas\/anzelika-ir-jos-meile-ana-golon-serzas-golonas\/\",\"name\":\"An\u017eelika ir jos meil\u0117\",\"isPartOf\":{\"@id\":\"https:\/\/skaitytaknyga.lt\/#website\"},\"primaryImageOfPage\":{\"@id\":\"https:\/\/skaitytaknyga.lt\/produktas\/anzelika-ir-jos-meile-ana-golon-serzas-golonas\/#primaryimage\"},\"image\":{\"@id\":\"https:\/\/skaitytaknyga.lt\/produktas\/anzelika-ir-jos-meile-ana-golon-serzas-golonas\/#primaryimage\"},\"thumbnailUrl\":\"https:\/\/skaitytaknyga.lt\/wp-content\/uploads\/2025\/04\/Anzelika-ir-jos-meile.webp\",\"datePublished\":\"2025-04-25T07:03:18+00:00\",\"dateModified\":\"2025-09-06T16:02:26+00:00\",\"description\":\"An\u017eelika palieka La Ro\u0161el\u0117s tvirtov\u0119, kurioje tiek kent\u0117jo, bet tur\u0117jo kasdien duonos. Ji \u012fs\u0117da \u012f paslapting\u0105 laiv\u0105, kurio kapitonas yra kauk\u0117tas piratas\",\"breadcrumb\":{\"@id\":\"https:\/\/skaitytaknyga.lt\/produktas\/anzelika-ir-jos-meile-ana-golon-serzas-golonas\/#breadcrumb\"},\"inLanguage\":\"en-GB\",\"potentialAction\":[{\"@type\":\"ReadAction\",\"target\":[\"https:\/\/skaitytaknyga.lt\/produktas\/anzelika-ir-jos-meile-ana-golon-serzas-golonas\/\"]}]},{\"@type\":\"ImageObject\",\"inLanguage\":\"en-GB\",\"@id\":\"https:\/\/skaitytaknyga.lt\/produktas\/anzelika-ir-jos-meile-ana-golon-serzas-golonas\/#primaryimage\",\"url\":\"https:\/\/skaitytaknyga.lt\/wp-content\/uploads\/2025\/04\/Anzelika-ir-jos-meile.webp\",\"contentUrl\":\"https:\/\/skaitytaknyga.lt\/wp-content\/uploads\/2025\/04\/Anzelika-ir-jos-meile.webp\",\"width\":514,\"height\":799,\"caption\":\"An\u017eelika ir jos meil\u0117\"},{\"@type\":\"BreadcrumbList\",\"@id\":\"https:\/\/skaitytaknyga.lt\/produktas\/anzelika-ir-jos-meile-ana-golon-serzas-golonas\/#breadcrumb\",\"itemListElement\":[{\"@type\":\"ListItem\",\"position\":1,\"name\":\"Home\",\"item\":\"https:\/\/skaitytaknyga.lt\/\"},{\"@type\":\"ListItem\",\"position\":2,\"name\":\"Parduotuv\u0117\",\"item\":\"https:\/\/skaitytaknyga.lt\/knygu-parduotuve\/\"},{\"@type\":\"ListItem\",\"position\":3,\"name\":\"An\u017eelika ir jos meil\u0117\"}]},{\"@type\":\"WebSite\",\"@id\":\"https:\/\/skaitytaknyga.lt\/#website\",\"url\":\"https:\/\/skaitytaknyga.lt\/\",\"name\":\"skaitytaknyga.lt\",\"description\":\"Skaitytaknyga.lt \u2013 tai ma\u017eas \u0161eimos verslas, kuris prasid\u0117jo nuo meil\u0117s knygoms ir siekio i\u0161gelb\u0117ti knygas nuo likimo prie konteinerio. Kas vienam nereikalingas daiktas \u2013 kitam lobis, o mes esame tarpininkai, kurie padeda abiems tapti laimingesniems ???? \u017dinome kaip nelengva i\u0161gyventi ma\u017eiems verslams, tad nuo \u0161iol, \u010dia rasite ir kit\u0173, ma\u017e\u0173 \u0161eim\u0173 versl\u0173, rank\u0173 darbo, dovan\u0173 sau ir artimiesiems.\",\"publisher\":{\"@id\":\"https:\/\/skaitytaknyga.lt\/#organization\"},\"potentialAction\":[{\"@type\":\"SearchAction\",\"target\":{\"@type\":\"EntryPoint\",\"urlTemplate\":\"https:\/\/skaitytaknyga.lt\/?s={search_term_string}\"},\"query-input\":{\"@type\":\"PropertyValueSpecification\",\"valueRequired\":true,\"valueName\":\"search_term_string\"}}],\"inLanguage\":\"en-GB\"},{\"@type\":\"Organization\",\"@id\":\"https:\/\/skaitytaknyga.lt\/#organization\",\"name\":\"skaitytaknyga.lt\",\"url\":\"https:\/\/skaitytaknyga.lt\/\",\"logo\":{\"@type\":\"ImageObject\",\"inLanguage\":\"en-GB\",\"@id\":\"https:\/\/skaitytaknyga.lt\/#\/schema\/logo\/image\/\",\"url\":\"https:\/\/skaitytaknyga.lt\/wp-content\/uploads\/2024\/05\/cropped-cropped-cropped-02_00843_jt3bggkj1j3HLc7SyY6rEUpg.jpeg\",\"contentUrl\":\"https:\/\/skaitytaknyga.lt\/wp-content\/uploads\/2024\/05\/cropped-cropped-cropped-02_00843_jt3bggkj1j3HLc7SyY6rEUpg.jpeg\",\"width\":1600,\"height\":1600,\"caption\":\"skaitytaknyga.lt\"},\"image\":{\"@id\":\"https:\/\/skaitytaknyga.lt\/#\/schema\/logo\/image\/\"},\"sameAs\":[\"https:\/\/www.facebook.com\/skaitytaknyga\/\"]}]}<\/script>\n<!-- \/ Yoast SEO plugin. -->","yoast_head_json":{"title":"An\u017eelika ir jos meil\u0117","description":"An\u017eelika palieka La Ro\u0161el\u0117s tvirtov\u0119, kurioje tiek kent\u0117jo, bet tur\u0117jo kasdien duonos. Ji \u012fs\u0117da \u012f paslapting\u0105 laiv\u0105, kurio kapitonas yra kauk\u0117tas piratas","robots":{"index":"index","follow":"follow","max-snippet":"max-snippet:-1","max-image-preview":"max-image-preview:large","max-video-preview":"max-video-preview:-1"},"canonical":"https:\/\/skaitytaknyga.lt\/en\/produktas\/anzelika-ir-jos-meile-ana-golon-serzas-golonas\/","og_locale":"en_GB","og_type":"article","og_title":"[:lt]An\u017eelika ir jos meil\u0117[:] - Skaitytaknyga","og_description":"An\u017eelika palieka La Ro\u0161el\u0117s tvirtov\u0119, kurioje tiek kent\u0117jo, bet tur\u0117jo kasdien duonos. Ji \u012fs\u0117da \u012f paslapting\u0105 laiv\u0105, kurio kapitonas yra kauk\u0117tas piratas","og_url":"https:\/\/skaitytaknyga.lt\/en\/produktas\/anzelika-ir-jos-meile-ana-golon-serzas-golonas\/","og_site_name":"Skaitytaknyga","article_publisher":"https:\/\/www.facebook.com\/skaitytaknyga\/","article_modified_time":"2025-09-06T16:02:26+00:00","og_image":[{"width":514,"height":799,"url":"https:\/\/skaitytaknyga.lt\/wp-content\/uploads\/2025\/04\/Anzelika-ir-jos-meile.webp","type":"image\/webp"}],"twitter_card":"summary_large_image","twitter_misc":{"Estimated reading time":"1 minute"},"schema":{"@context":"https:\/\/schema.org","@graph":[{"@type":"WebPage","@id":"https:\/\/skaitytaknyga.lt\/produktas\/anzelika-ir-jos-meile-ana-golon-serzas-golonas\/","url":"https:\/\/skaitytaknyga.lt\/produktas\/anzelika-ir-jos-meile-ana-golon-serzas-golonas\/","name":"An\u017eelika ir jos meil\u0117","isPartOf":{"@id":"https:\/\/skaitytaknyga.lt\/#website"},"primaryImageOfPage":{"@id":"https:\/\/skaitytaknyga.lt\/produktas\/anzelika-ir-jos-meile-ana-golon-serzas-golonas\/#primaryimage"},"image":{"@id":"https:\/\/skaitytaknyga.lt\/produktas\/anzelika-ir-jos-meile-ana-golon-serzas-golonas\/#primaryimage"},"thumbnailUrl":"https:\/\/skaitytaknyga.lt\/wp-content\/uploads\/2025\/04\/Anzelika-ir-jos-meile.webp","datePublished":"2025-04-25T07:03:18+00:00","dateModified":"2025-09-06T16:02:26+00:00","description":"An\u017eelika palieka La Ro\u0161el\u0117s tvirtov\u0119, kurioje tiek kent\u0117jo, bet tur\u0117jo kasdien duonos. Ji \u012fs\u0117da \u012f paslapting\u0105 laiv\u0105, kurio kapitonas yra kauk\u0117tas piratas","breadcrumb":{"@id":"https:\/\/skaitytaknyga.lt\/produktas\/anzelika-ir-jos-meile-ana-golon-serzas-golonas\/#breadcrumb"},"inLanguage":"en-GB","potentialAction":[{"@type":"ReadAction","target":["https:\/\/skaitytaknyga.lt\/produktas\/anzelika-ir-jos-meile-ana-golon-serzas-golonas\/"]}]},{"@type":"ImageObject","inLanguage":"en-GB","@id":"https:\/\/skaitytaknyga.lt\/produktas\/anzelika-ir-jos-meile-ana-golon-serzas-golonas\/#primaryimage","url":"https:\/\/skaitytaknyga.lt\/wp-content\/uploads\/2025\/04\/Anzelika-ir-jos-meile.webp","contentUrl":"https:\/\/skaitytaknyga.lt\/wp-content\/uploads\/2025\/04\/Anzelika-ir-jos-meile.webp","width":514,"height":799,"caption":"An\u017eelika ir jos meil\u0117"},{"@type":"BreadcrumbList","@id":"https:\/\/skaitytaknyga.lt\/produktas\/anzelika-ir-jos-meile-ana-golon-serzas-golonas\/#breadcrumb","itemListElement":[{"@type":"ListItem","position":1,"name":"Home","item":"https:\/\/skaitytaknyga.lt\/"},{"@type":"ListItem","position":2,"name":"Parduotuv\u0117","item":"https:\/\/skaitytaknyga.lt\/knygu-parduotuve\/"},{"@type":"ListItem","position":3,"name":"An\u017eelika ir jos meil\u0117"}]},{"@type":"WebSite","@id":"https:\/\/skaitytaknyga.lt\/#website","url":"https:\/\/skaitytaknyga.lt\/","name":"skaitytaknyga.lt","description":"Skaitytaknyga.lt \u2013 tai ma\u017eas \u0161eimos verslas, kuris prasid\u0117jo nuo meil\u0117s knygoms ir siekio i\u0161gelb\u0117ti knygas nuo likimo prie konteinerio. Kas vienam nereikalingas daiktas \u2013 kitam lobis, o mes esame tarpininkai, kurie padeda abiems tapti laimingesniems ???? \u017dinome kaip nelengva i\u0161gyventi ma\u017eiems verslams, tad nuo \u0161iol, \u010dia rasite ir kit\u0173, ma\u017e\u0173 \u0161eim\u0173 versl\u0173, rank\u0173 darbo, dovan\u0173 sau ir artimiesiems.","publisher":{"@id":"https:\/\/skaitytaknyga.lt\/#organization"},"potentialAction":[{"@type":"SearchAction","target":{"@type":"EntryPoint","urlTemplate":"https:\/\/skaitytaknyga.lt\/?s={search_term_string}"},"query-input":{"@type":"PropertyValueSpecification","valueRequired":true,"valueName":"search_term_string"}}],"inLanguage":"en-GB"},{"@type":"Organization","@id":"https:\/\/skaitytaknyga.lt\/#organization","name":"skaitytaknyga.lt","url":"https:\/\/skaitytaknyga.lt\/","logo":{"@type":"ImageObject","inLanguage":"en-GB","@id":"https:\/\/skaitytaknyga.lt\/#\/schema\/logo\/image\/","url":"https:\/\/skaitytaknyga.lt\/wp-content\/uploads\/2024\/05\/cropped-cropped-cropped-02_00843_jt3bggkj1j3HLc7SyY6rEUpg.jpeg","contentUrl":"https:\/\/skaitytaknyga.lt\/wp-content\/uploads\/2024\/05\/cropped-cropped-cropped-02_00843_jt3bggkj1j3HLc7SyY6rEUpg.jpeg","width":1600,"height":1600,"caption":"skaitytaknyga.lt"},"image":{"@id":"https:\/\/skaitytaknyga.lt\/#\/schema\/logo\/image\/"},"sameAs":["https:\/\/www.facebook.com\/skaitytaknyga\/"]}]}},"_links":{"self":[{"href":"https:\/\/skaitytaknyga.lt\/en\/wp-json\/wp\/v2\/product\/17997","targetHints":{"allow":["GET"]}}],"collection":[{"href":"https:\/\/skaitytaknyga.lt\/en\/wp-json\/wp\/v2\/product"}],"about":[{"href":"https:\/\/skaitytaknyga.lt\/en\/wp-json\/wp\/v2\/types\/product"}],"replies":[{"embeddable":true,"href":"https:\/\/skaitytaknyga.lt\/en\/wp-json\/wp\/v2\/comments?post=17997"}],"wp:featuredmedia":[{"embeddable":true,"href":"https:\/\/skaitytaknyga.lt\/en\/wp-json\/wp\/v2\/media\/18031"}],"wp:attachment":[{"href":"https:\/\/skaitytaknyga.lt\/en\/wp-json\/wp\/v2\/media?parent=17997"}],"wp:term":[{"taxonomy":"product_brand","embeddable":true,"href":"https:\/\/skaitytaknyga.lt\/en\/wp-json\/wp\/v2\/product_brand?post=17997"},{"taxonomy":"product_cat","embeddable":true,"href":"https:\/\/skaitytaknyga.lt\/en\/wp-json\/wp\/v2\/product_cat?post=17997"},{"taxonomy":"product_tag","embeddable":true,"href":"https:\/\/skaitytaknyga.lt\/en\/wp-json\/wp\/v2\/product_tag?post=17997"}],"curies":[{"name":"wp","href":"https:\/\/api.w.org\/{rel}","templated":true}]}}