{"id":17996,"date":"2025-04-25T10:03:18","date_gmt":"2025-04-25T07:03:18","guid":{"rendered":"https:\/\/skaitytaknyga.lt\/?post_type=product&#038;p=17996"},"modified":"2026-03-05T16:17:48","modified_gmt":"2026-03-05T14:17:48","slug":"kake-make-ir-svajoniu-gimtadienis","status":"publish","type":"product","link":"https:\/\/skaitytaknyga.lt\/en\/produktas\/kake-make-ir-svajoniu-gimtadienis\/","title":{"rendered":"Kak\u0117 Mak\u0117 ir svajoni\u0173 gimtadienis"},"content":{"rendered":"<p>Gimtadienis \u2013 ypatinga diena metuose. T\u0105dien \u017emogus jau\u010diasi pakyl\u0117tas, susijaudin\u0119s, kartais neramus. O vaikams laikas art\u0117jant gimtadieniui yra ypatingai jaudinantis, kupinas \u012fsivaizduojam\u0173 situacij\u0173 ir galim\u0173 dovan\u0173 scenarij\u0173, tod\u0117l emocij\u0173 galite sulaukti visoki\u0173: nuo pa\u010di\u0173 maloniausi\u0173 iki&#8230; susierzinimo ir netgi pyk\u010dio. Ir tai yra normalu.<\/p>\n<p>\u0160i knyga apie vaiko vaizduot\u0117s gali\u0105, apie tok\u012f stipr\u0173 tik\u0117jim\u0105 stebuklais, kad b\u016bdamas \u0161alia ir pats pradedi svajoti, tik\u0117ti ir matyti prie\u0161 akis sald\u0173 svajoni\u0173 i\u0161pildym\u0105!<\/p>\n<p>\u201eTai tikr\u0173 TIKRIAUSIA paveiksl\u0117li\u0173 knyga, padedanti t\u0117vams patik\u0117ti vaik\u0173, o vaikams \u2013 t\u0117v\u0173 svajon\u0117mis! Kiekviena iliustracija \u2013 pilna meil\u0117s. Kiekviename puslapyje \u2013 ka\u017ekas netik\u0117to.<\/p>\n<p><strong>Lina \u017dutaut\u0117<\/strong>\u00a0si\u016blo puiki\u0105 tem\u0105 vaik\u0173 ir t\u0117v\u0173 pokalbiui. J\u016bs\u0173 ma\u017eieji ne tik i\u0161girs autor\u0117s papasakot\u0105 nuotyk\u012f, bet galb\u016bt ir istorij\u0105 apie J\u016bs\u0173 pa\u010di\u0173 vaikyst\u0119. Toks pokalbis \u2013 tiltas tarp dviej\u0173 pasauli\u0173, leid\u017eiantis vaikams jaustis svarbiems ir mylimiems. Nes tik tokiems \u017emon\u0117ms skaitoma ir pasakojama. Tik su jiems svarbiais \u017emon\u0117mis suaugusieji kalba apie tai, kaip jiems sek\u0117si, kai irgi buvo ma\u017ei. \u0160itai patiriantys vaikai \u012f gimtadien\u012f kvie\u010dia ne tik savo, bet ir t\u0117v\u0173 vaikyst\u0117s herojus\u201c, \u2013 sako Vytis Valantinas, vaik\u0173 psichologas<\/p>\n<p>Kak\u0117s Mak\u0117s paveiksl\u0117li\u0173 knygos \u2013 tai knygeli\u0173 serija apie penkeri\u0173 met\u0173 mergait\u0119, kuri m\u0117gaujasi savo vaikyste ir bando pa\u017einti vis\u0105 j\u0105 supant\u012f pasaul\u012f! Pa\u017eindama j\u012f heroj\u0117 susiduria su \u012fvairiomis situacijomis ir i\u0161\u0161\u016bkiais \u2013 baime, pavydu, pyk\u010diu, tinginyste. Netik\u0117tos istorijos, pasakojamos pasitelkiant gausyb\u0119 unikali\u0173 iliustracij\u0173, ne moralizuoja, o padeda su\u017eadinti vaiko fantazij\u0105 ir skatina j\u012f pat\u012f rasti teising\u0105 atsakym\u0105. Tai knygel\u0117s, kurios pad\u0117s susitarti su vaiku sud\u0117tingose situacijose, lavins kasdienius vaiko \u012fpro\u010dius ir ugdys jo emocin\u012f intelekt\u0105.<\/p>\n<p>Autor\u0117 ir iliustrator\u0117\u00a0<strong>Lina \u017dutaut\u0117<\/strong>\u00a0\u2013 vaiki\u0161k\u0173 knyg\u0173 dailinink\u0117 ir ra\u0161ytoja, gimusi ir iki \u0161iol gyvenanti \u0160iauliuose. Pirmoji autorin\u0117 knyga\u00a0<strong>\u201eKak\u0117 Mak\u0117 ir Netvarkos nyk\u0161tukas\u201c<\/strong>\u00a0pasirod\u0117 2010 m. ir Tarptautin\u0117s vaik\u0173 ir jaunimo literat\u016bros asociacijos (IBBY) buvo pripa\u017einta geriausia knyga ma\u017eiesiems skaitytojams. 2013 m. Linai \u017dutautei \u012fteikta vaik\u0173 literat\u016bros premija u\u017e k\u016bryb\u0105 vaikams, u\u017e vaizdo ir \u017eod\u017eio derm\u0119. Autor\u0117s k\u016bryba i\u0161versta \u012f latvi\u0173, est\u0173, rus\u0173, dan\u0173, ital\u0173, kor\u0117jie\u010di\u0173 ir daug kit\u0173 kalb\u0173.<\/p>\n<ul class=\"about-product d-none d-xl-block mt-4\">\n<li><strong>Autorius:<\/strong>\u00a0Lina \u017dutaut\u0117<\/li>\n<li><strong>Leid\u0117jas<\/strong>\u00a0Alma littera<\/li>\n<li><strong>Metai:<\/strong>\u00a02014<\/li>\n<li><strong>Puslapiai:<\/strong>\u00a036<\/li>\n<li class=\"toggleable type-new-formats \"><strong>ISBN :\u00a0<\/strong>9786090115749<\/li>\n<li><strong>Versijos kodas:<\/strong>\u00a0PT.<\/li>\n<li class=\"toggleable type-new-formats \"><strong>Formatas:<\/strong>\u00a021 x 21 cm, kieti vir\u0161eliai<\/li>\n<li><strong>Kalba:<\/strong>\u00a0Lietuvi\u0173<\/li>\n<\/ul>\n","protected":false},"excerpt":{"rendered":"<p>Gimtadienis \u2013 ypatinga diena metuose. T\u0105dien \u017emogus jau\u010diasi pakyl\u0117tas, susijaudin\u0119s, kartais neramus. O vaikams laikas art\u0117jant gimtadieniui yra ypatingai jaudinantis, kupinas \u012fsivaizduojam\u0173 situacij\u0173 ir galim\u0173 dovan\u0173 scenarij\u0173, tod\u0117l emocij\u0173 galite sulaukti visoki\u0173: nuo pa\u010di\u0173 maloniausi\u0173 iki&#8230; susierzinimo ir netgi pyk\u010dio. Ir tai yra normalu. \u0160i knyga apie vaiko vaizduot\u0117s gali\u0105, apie tok\u012f stipr\u0173 tik\u0117jim\u0105 stebuklais, kad b\u016bdamas \u0161alia ir pats pradedi svajoti, tik\u0117ti ir matyti prie\u0161 akis sald\u0173 svajoni\u0173 i\u0161pildym\u0105! \u201eTai tikr\u0173 TIKRIAUSIA paveiksl\u0117li\u0173 knyga, padedanti t\u0117vams patik\u0117ti vaik\u0173, o vaikams \u2013 t\u0117v\u0173 svajon\u0117mis! Kiekviena iliustracija \u2013 pilna meil\u0117s. Kiekviename puslapyje \u2013 ka\u017ekas netik\u0117to. Lina \u017dutaut\u0117\u00a0si\u016blo puiki\u0105 tem\u0105 vaik\u0173 ir t\u0117v\u0173 pokalbiui. J\u016bs\u0173 ma\u017eieji ne tik i\u0161girs autor\u0117s papasakot\u0105 nuotyk\u012f, bet galb\u016bt ir istorij\u0105 apie J\u016bs\u0173 pa\u010di\u0173 vaikyst\u0119. Toks pokalbis \u2013 tiltas tarp dviej\u0173 pasauli\u0173, leid\u017eiantis vaikams jaustis svarbiems ir mylimiems. Nes tik tokiems \u017emon\u0117ms skaitoma ir pasakojama. Tik su jiems svarbiais \u017emon\u0117mis suaugusieji kalba apie tai, kaip jiems sek\u0117si, kai irgi buvo ma\u017ei. \u0160itai patiriantys vaikai \u012f gimtadien\u012f kvie\u010dia ne tik savo, bet ir t\u0117v\u0173 vaikyst\u0117s herojus\u201c, \u2013 sako Vytis Valantinas, vaik\u0173 psichologas Kak\u0117s Mak\u0117s paveiksl\u0117li\u0173 knygos \u2013 tai knygeli\u0173 serija apie penkeri\u0173 met\u0173 mergait\u0119, kuri m\u0117gaujasi savo vaikyste ir bando pa\u017einti vis\u0105 j\u0105 supant\u012f pasaul\u012f! Pa\u017eindama j\u012f heroj\u0117 susiduria su \u012fvairiomis situacijomis ir i\u0161\u0161\u016bkiais \u2013 baime, pavydu, pyk\u010diu, tinginyste. Netik\u0117tos istorijos, pasakojamos pasitelkiant gausyb\u0119 unikali\u0173 iliustracij\u0173, ne moralizuoja, o padeda su\u017eadinti vaiko fantazij\u0105 ir skatina j\u012f pat\u012f rasti teising\u0105 atsakym\u0105. Tai knygel\u0117s, kurios pad\u0117s susitarti su vaiku sud\u0117tingose situacijose, lavins kasdienius vaiko \u012fpro\u010dius ir ugdys jo emocin\u012f intelekt\u0105. Autor\u0117 ir iliustrator\u0117\u00a0Lina \u017dutaut\u0117\u00a0\u2013 vaiki\u0161k\u0173 knyg\u0173 dailinink\u0117 ir ra\u0161ytoja, gimusi ir iki \u0161iol gyvenanti \u0160iauliuose. Pirmoji autorin\u0117 knyga\u00a0\u201eKak\u0117 Mak\u0117 ir Netvarkos nyk\u0161tukas\u201c\u00a0pasirod\u0117 2010 m. ir Tarptautin\u0117s vaik\u0173 ir jaunimo literat\u016bros asociacijos (IBBY) buvo pripa\u017einta geriausia knyga ma\u017eiesiems skaitytojams. 2013 m. Linai \u017dutautei \u012fteikta vaik\u0173 literat\u016bros premija u\u017e k\u016bryb\u0105 vaikams, u\u017e vaizdo ir \u017eod\u017eio derm\u0119. Autor\u0117s k\u016bryba i\u0161versta \u012f latvi\u0173, est\u0173, rus\u0173, dan\u0173, ital\u0173, kor\u0117jie\u010di\u0173 ir daug kit\u0173 kalb\u0173. Autorius:\u00a0Lina \u017dutaut\u0117 Leid\u0117jas\u00a0Alma littera Metai:\u00a02014 Puslapiai:\u00a036 ISBN :\u00a09786090115749 Versijos kodas:\u00a0PT. Formatas:\u00a021 x 21 cm, kieti vir\u0161eliai Kalba:\u00a0Lietuvi\u0173<\/p>\n","protected":false},"featured_media":18016,"comment_status":"open","ping_status":"closed","template":"","meta":{"_acf_changed":false,"site-sidebar-layout":"default","site-content-layout":"","ast-site-content-layout":"default","site-content-style":"default","site-sidebar-style":"default","ast-global-header-display":"","ast-banner-title-visibility":"","ast-main-header-display":"","ast-hfb-above-header-display":"","ast-hfb-below-header-display":"","ast-hfb-mobile-header-display":"","site-post-title":"","ast-breadcrumbs-content":"","ast-featured-img":"","footer-sml-layout":"","ast-disable-related-posts":"","theme-transparent-header-meta":"default","adv-header-id-meta":"","stick-header-meta":"","header-above-stick-meta":"","header-main-stick-meta":"","header-below-stick-meta":"","astra-migrate-meta-layouts":"set","ast-page-background-enabled":"default","ast-page-background-meta":{"desktop":{"background-color":"","background-image":"","background-repeat":"repeat","background-position":"center center","background-size":"auto","background-attachment":"scroll","background-type":"","background-media":"","overlay-type":"","overlay-color":"","overlay-opacity":"","overlay-gradient":""},"tablet":{"background-color":"","background-image":"","background-repeat":"repeat","background-position":"center center","background-size":"auto","background-attachment":"scroll","background-type":"","background-media":"","overlay-type":"","overlay-color":"","overlay-opacity":"","overlay-gradient":""},"mobile":{"background-color":"","background-image":"","background-repeat":"repeat","background-position":"center center","background-size":"auto","background-attachment":"scroll","background-type":"","background-media":"","overlay-type":"","overlay-color":"","overlay-opacity":"","overlay-gradient":""}},"ast-content-background-meta":{"desktop":{"background-color":"var(--ast-global-color-4)","background-image":"","background-repeat":"repeat","background-position":"center center","background-size":"auto","background-attachment":"scroll","background-type":"","background-media":"","overlay-type":"","overlay-color":"","overlay-opacity":"","overlay-gradient":""},"tablet":{"background-color":"var(--ast-global-color-4)","background-image":"","background-repeat":"repeat","background-position":"center center","background-size":"auto","background-attachment":"scroll","background-type":"","background-media":"","overlay-type":"","overlay-color":"","overlay-opacity":"","overlay-gradient":""},"mobile":{"background-color":"var(--ast-global-color-4)","background-image":"","background-repeat":"repeat","background-position":"center center","background-size":"auto","background-attachment":"scroll","background-type":"","background-media":"","overlay-type":"","overlay-color":"","overlay-opacity":"","overlay-gradient":""}}},"product_brand":[],"product_cat":[9677],"product_tag":[1397,2282,4801,4800,1645,4577],"class_list":{"0":"post-17996","1":"product","2":"type-product","3":"status-publish","4":"has-post-thumbnail","6":"product_cat-ikimokyklinukams","7":"product_tag-emocinis-intelektas","8":"product_tag-gimtadienis","9":"product_tag-lina-zutaute","10":"product_tag-paveiksleliu-knygele","11":"product_tag-vaiku-literatura","12":"product_tag-vaizduote","13":"desktop-align-left","14":"tablet-align-left","15":"mobile-align-left","17":"first","18":"instock","19":"shipping-taxable","20":"purchasable","21":"product-type-simple"},"acf":[],"yoast_head":"<!-- This site is optimized with the Yoast SEO plugin v27.0 - https:\/\/yoast.com\/product\/yoast-seo-wordpress\/ -->\n<title>Kak\u0117 Mak\u0117 ir svajoni\u0173 gimtadienis<\/title>\n<meta name=\"description\" content=\"Gimtadienis \u2013 ypatinga diena metuose. T\u0105dien \u017emogus jau\u010diasi pakyl\u0117tas, susijaudin\u0119s, kartais neramus. O vaikams laikas art\u0117jant gimtadieniui yra\" \/>\n<meta name=\"robots\" content=\"index, follow, max-snippet:-1, max-image-preview:large, max-video-preview:-1\" \/>\n<link rel=\"canonical\" href=\"https:\/\/skaitytaknyga.lt\/en\/produktas\/kake-make-ir-svajoniu-gimtadienis\/\" \/>\n<meta property=\"og:locale\" content=\"en_GB\" \/>\n<meta property=\"og:locale:alternate\" content=\"lt_LT\" \/>\n<meta property=\"og:type\" content=\"article\" \/>\n<meta property=\"og:title\" content=\"Kak\u0117 Mak\u0117 ir svajoni\u0173 gimtadienis\" \/>\n<meta property=\"og:description\" content=\"Gimtadienis \u2013 ypatinga diena metuose. T\u0105dien \u017emogus jau\u010diasi pakyl\u0117tas, susijaudin\u0119s, kartais neramus. O vaikams laikas art\u0117jant gimtadieniui yra\" \/>\n<meta property=\"og:url\" content=\"https:\/\/skaitytaknyga.lt\/en\/produktas\/kake-make-ir-svajoniu-gimtadienis\/\" \/>\n<meta property=\"og:site_name\" content=\"Skaitytaknyga\" \/>\n<meta property=\"article:publisher\" content=\"https:\/\/www.facebook.com\/skaitytaknyga\/\" \/>\n<meta property=\"article:modified_time\" content=\"2026-03-05T14:17:48+00:00\" \/>\n<meta property=\"og:image\" content=\"https:\/\/skaitytaknyga.lt\/wp-content\/uploads\/2025\/04\/Kake-Make-ir-svajoniu-gimtadienis.webp\" \/>\n\t<meta property=\"og:image:width\" content=\"500\" \/>\n\t<meta property=\"og:image:height\" content=\"503\" \/>\n\t<meta property=\"og:image:type\" content=\"image\/webp\" \/>\n<meta name=\"twitter:card\" content=\"summary_large_image\" \/>\n<meta name=\"twitter:label1\" content=\"Estimated reading time\" \/>\n\t<meta name=\"twitter:data1\" content=\"2 minutes\" \/>\n<script type=\"application\/ld+json\" class=\"yoast-schema-graph\">{\"@context\":\"https:\/\/schema.org\",\"@graph\":[{\"@type\":\"WebPage\",\"@id\":\"https:\/\/skaitytaknyga.lt\/produktas\/kake-make-ir-svajoniu-gimtadienis\/\",\"url\":\"https:\/\/skaitytaknyga.lt\/produktas\/kake-make-ir-svajoniu-gimtadienis\/\",\"name\":\"Kak\u0117 Mak\u0117 ir svajoni\u0173 gimtadienis\",\"isPartOf\":{\"@id\":\"https:\/\/skaitytaknyga.lt\/#website\"},\"primaryImageOfPage\":{\"@id\":\"https:\/\/skaitytaknyga.lt\/produktas\/kake-make-ir-svajoniu-gimtadienis\/#primaryimage\"},\"image\":{\"@id\":\"https:\/\/skaitytaknyga.lt\/produktas\/kake-make-ir-svajoniu-gimtadienis\/#primaryimage\"},\"thumbnailUrl\":\"https:\/\/skaitytaknyga.lt\/wp-content\/uploads\/2025\/04\/Kake-Make-ir-svajoniu-gimtadienis.webp\",\"datePublished\":\"2025-04-25T07:03:18+00:00\",\"dateModified\":\"2026-03-05T14:17:48+00:00\",\"description\":\"Gimtadienis \u2013 ypatinga diena metuose. T\u0105dien \u017emogus jau\u010diasi pakyl\u0117tas, susijaudin\u0119s, kartais neramus. O vaikams laikas art\u0117jant gimtadieniui yra\",\"breadcrumb\":{\"@id\":\"https:\/\/skaitytaknyga.lt\/produktas\/kake-make-ir-svajoniu-gimtadienis\/#breadcrumb\"},\"inLanguage\":\"en-GB\",\"potentialAction\":[{\"@type\":\"ReadAction\",\"target\":[\"https:\/\/skaitytaknyga.lt\/produktas\/kake-make-ir-svajoniu-gimtadienis\/\"]}]},{\"@type\":\"ImageObject\",\"inLanguage\":\"en-GB\",\"@id\":\"https:\/\/skaitytaknyga.lt\/produktas\/kake-make-ir-svajoniu-gimtadienis\/#primaryimage\",\"url\":\"https:\/\/skaitytaknyga.lt\/wp-content\/uploads\/2025\/04\/Kake-Make-ir-svajoniu-gimtadienis.webp\",\"contentUrl\":\"https:\/\/skaitytaknyga.lt\/wp-content\/uploads\/2025\/04\/Kake-Make-ir-svajoniu-gimtadienis.webp\",\"width\":500,\"height\":503,\"caption\":\"Kak\u0117 Mak\u0117 ir svajoni\u0173 gimtadienis\"},{\"@type\":\"BreadcrumbList\",\"@id\":\"https:\/\/skaitytaknyga.lt\/produktas\/kake-make-ir-svajoniu-gimtadienis\/#breadcrumb\",\"itemListElement\":[{\"@type\":\"ListItem\",\"position\":1,\"name\":\"Home\",\"item\":\"https:\/\/skaitytaknyga.lt\/\"},{\"@type\":\"ListItem\",\"position\":2,\"name\":\"Parduotuv\u0117\",\"item\":\"https:\/\/skaitytaknyga.lt\/knygu-parduotuve\/\"},{\"@type\":\"ListItem\",\"position\":3,\"name\":\"Kak\u0117 Mak\u0117 ir svajoni\u0173 gimtadienis\"}]},{\"@type\":\"WebSite\",\"@id\":\"https:\/\/skaitytaknyga.lt\/#website\",\"url\":\"https:\/\/skaitytaknyga.lt\/\",\"name\":\"skaitytaknyga.lt\",\"description\":\"Skaitytaknyga.lt \u2013 tai ma\u017eas \u0161eimos verslas, kuris prasid\u0117jo nuo meil\u0117s knygoms ir siekio i\u0161gelb\u0117ti knygas nuo likimo prie konteinerio. Kas vienam nereikalingas daiktas \u2013 kitam lobis, o mes esame tarpininkai, kurie padeda abiems tapti laimingesniems ???? \u017dinome kaip nelengva i\u0161gyventi ma\u017eiems verslams, tad nuo \u0161iol, \u010dia rasite ir kit\u0173, ma\u017e\u0173 \u0161eim\u0173 versl\u0173, rank\u0173 darbo, dovan\u0173 sau ir artimiesiems.\",\"publisher\":{\"@id\":\"https:\/\/skaitytaknyga.lt\/#organization\"},\"potentialAction\":[{\"@type\":\"SearchAction\",\"target\":{\"@type\":\"EntryPoint\",\"urlTemplate\":\"https:\/\/skaitytaknyga.lt\/?s={search_term_string}\"},\"query-input\":{\"@type\":\"PropertyValueSpecification\",\"valueRequired\":true,\"valueName\":\"search_term_string\"}}],\"inLanguage\":\"en-GB\"},{\"@type\":\"Organization\",\"@id\":\"https:\/\/skaitytaknyga.lt\/#organization\",\"name\":\"skaitytaknyga.lt\",\"url\":\"https:\/\/skaitytaknyga.lt\/\",\"logo\":{\"@type\":\"ImageObject\",\"inLanguage\":\"en-GB\",\"@id\":\"https:\/\/skaitytaknyga.lt\/#\/schema\/logo\/image\/\",\"url\":\"https:\/\/skaitytaknyga.lt\/wp-content\/uploads\/2024\/05\/cropped-cropped-cropped-02_00843_jt3bggkj1j3HLc7SyY6rEUpg.jpeg\",\"contentUrl\":\"https:\/\/skaitytaknyga.lt\/wp-content\/uploads\/2024\/05\/cropped-cropped-cropped-02_00843_jt3bggkj1j3HLc7SyY6rEUpg.jpeg\",\"width\":1600,\"height\":1600,\"caption\":\"skaitytaknyga.lt\"},\"image\":{\"@id\":\"https:\/\/skaitytaknyga.lt\/#\/schema\/logo\/image\/\"},\"sameAs\":[\"https:\/\/www.facebook.com\/skaitytaknyga\/\"]}]}<\/script>\n<!-- \/ Yoast SEO plugin. -->","yoast_head_json":{"title":"Kak\u0117 Mak\u0117 ir svajoni\u0173 gimtadienis","description":"Gimtadienis \u2013 ypatinga diena metuose. T\u0105dien \u017emogus jau\u010diasi pakyl\u0117tas, susijaudin\u0119s, kartais neramus. O vaikams laikas art\u0117jant gimtadieniui yra","robots":{"index":"index","follow":"follow","max-snippet":"max-snippet:-1","max-image-preview":"max-image-preview:large","max-video-preview":"max-video-preview:-1"},"canonical":"https:\/\/skaitytaknyga.lt\/en\/produktas\/kake-make-ir-svajoniu-gimtadienis\/","og_locale":"en_GB","og_type":"article","og_title":"[:lt]Kak\u0117 Mak\u0117 ir svajoni\u0173 gimtadienis[:] - Skaitytaknyga","og_description":"Gimtadienis \u2013 ypatinga diena metuose. T\u0105dien \u017emogus jau\u010diasi pakyl\u0117tas, susijaudin\u0119s, kartais neramus. O vaikams laikas art\u0117jant gimtadieniui yra","og_url":"https:\/\/skaitytaknyga.lt\/en\/produktas\/kake-make-ir-svajoniu-gimtadienis\/","og_site_name":"Skaitytaknyga","article_publisher":"https:\/\/www.facebook.com\/skaitytaknyga\/","article_modified_time":"2026-03-05T14:17:48+00:00","og_image":[{"width":500,"height":503,"url":"https:\/\/skaitytaknyga.lt\/wp-content\/uploads\/2025\/04\/Kake-Make-ir-svajoniu-gimtadienis.webp","type":"image\/webp"}],"twitter_card":"summary_large_image","twitter_misc":{"Estimated reading time":"2 minutes"},"schema":{"@context":"https:\/\/schema.org","@graph":[{"@type":"WebPage","@id":"https:\/\/skaitytaknyga.lt\/produktas\/kake-make-ir-svajoniu-gimtadienis\/","url":"https:\/\/skaitytaknyga.lt\/produktas\/kake-make-ir-svajoniu-gimtadienis\/","name":"Kak\u0117 Mak\u0117 ir svajoni\u0173 gimtadienis","isPartOf":{"@id":"https:\/\/skaitytaknyga.lt\/#website"},"primaryImageOfPage":{"@id":"https:\/\/skaitytaknyga.lt\/produktas\/kake-make-ir-svajoniu-gimtadienis\/#primaryimage"},"image":{"@id":"https:\/\/skaitytaknyga.lt\/produktas\/kake-make-ir-svajoniu-gimtadienis\/#primaryimage"},"thumbnailUrl":"https:\/\/skaitytaknyga.lt\/wp-content\/uploads\/2025\/04\/Kake-Make-ir-svajoniu-gimtadienis.webp","datePublished":"2025-04-25T07:03:18+00:00","dateModified":"2026-03-05T14:17:48+00:00","description":"Gimtadienis \u2013 ypatinga diena metuose. T\u0105dien \u017emogus jau\u010diasi pakyl\u0117tas, susijaudin\u0119s, kartais neramus. O vaikams laikas art\u0117jant gimtadieniui yra","breadcrumb":{"@id":"https:\/\/skaitytaknyga.lt\/produktas\/kake-make-ir-svajoniu-gimtadienis\/#breadcrumb"},"inLanguage":"en-GB","potentialAction":[{"@type":"ReadAction","target":["https:\/\/skaitytaknyga.lt\/produktas\/kake-make-ir-svajoniu-gimtadienis\/"]}]},{"@type":"ImageObject","inLanguage":"en-GB","@id":"https:\/\/skaitytaknyga.lt\/produktas\/kake-make-ir-svajoniu-gimtadienis\/#primaryimage","url":"https:\/\/skaitytaknyga.lt\/wp-content\/uploads\/2025\/04\/Kake-Make-ir-svajoniu-gimtadienis.webp","contentUrl":"https:\/\/skaitytaknyga.lt\/wp-content\/uploads\/2025\/04\/Kake-Make-ir-svajoniu-gimtadienis.webp","width":500,"height":503,"caption":"Kak\u0117 Mak\u0117 ir svajoni\u0173 gimtadienis"},{"@type":"BreadcrumbList","@id":"https:\/\/skaitytaknyga.lt\/produktas\/kake-make-ir-svajoniu-gimtadienis\/#breadcrumb","itemListElement":[{"@type":"ListItem","position":1,"name":"Home","item":"https:\/\/skaitytaknyga.lt\/"},{"@type":"ListItem","position":2,"name":"Parduotuv\u0117","item":"https:\/\/skaitytaknyga.lt\/knygu-parduotuve\/"},{"@type":"ListItem","position":3,"name":"Kak\u0117 Mak\u0117 ir svajoni\u0173 gimtadienis"}]},{"@type":"WebSite","@id":"https:\/\/skaitytaknyga.lt\/#website","url":"https:\/\/skaitytaknyga.lt\/","name":"skaitytaknyga.lt","description":"Skaitytaknyga.lt \u2013 tai ma\u017eas \u0161eimos verslas, kuris prasid\u0117jo nuo meil\u0117s knygoms ir siekio i\u0161gelb\u0117ti knygas nuo likimo prie konteinerio. Kas vienam nereikalingas daiktas \u2013 kitam lobis, o mes esame tarpininkai, kurie padeda abiems tapti laimingesniems ???? \u017dinome kaip nelengva i\u0161gyventi ma\u017eiems verslams, tad nuo \u0161iol, \u010dia rasite ir kit\u0173, ma\u017e\u0173 \u0161eim\u0173 versl\u0173, rank\u0173 darbo, dovan\u0173 sau ir artimiesiems.","publisher":{"@id":"https:\/\/skaitytaknyga.lt\/#organization"},"potentialAction":[{"@type":"SearchAction","target":{"@type":"EntryPoint","urlTemplate":"https:\/\/skaitytaknyga.lt\/?s={search_term_string}"},"query-input":{"@type":"PropertyValueSpecification","valueRequired":true,"valueName":"search_term_string"}}],"inLanguage":"en-GB"},{"@type":"Organization","@id":"https:\/\/skaitytaknyga.lt\/#organization","name":"skaitytaknyga.lt","url":"https:\/\/skaitytaknyga.lt\/","logo":{"@type":"ImageObject","inLanguage":"en-GB","@id":"https:\/\/skaitytaknyga.lt\/#\/schema\/logo\/image\/","url":"https:\/\/skaitytaknyga.lt\/wp-content\/uploads\/2024\/05\/cropped-cropped-cropped-02_00843_jt3bggkj1j3HLc7SyY6rEUpg.jpeg","contentUrl":"https:\/\/skaitytaknyga.lt\/wp-content\/uploads\/2024\/05\/cropped-cropped-cropped-02_00843_jt3bggkj1j3HLc7SyY6rEUpg.jpeg","width":1600,"height":1600,"caption":"skaitytaknyga.lt"},"image":{"@id":"https:\/\/skaitytaknyga.lt\/#\/schema\/logo\/image\/"},"sameAs":["https:\/\/www.facebook.com\/skaitytaknyga\/"]}]}},"_links":{"self":[{"href":"https:\/\/skaitytaknyga.lt\/en\/wp-json\/wp\/v2\/product\/17996","targetHints":{"allow":["GET"]}}],"collection":[{"href":"https:\/\/skaitytaknyga.lt\/en\/wp-json\/wp\/v2\/product"}],"about":[{"href":"https:\/\/skaitytaknyga.lt\/en\/wp-json\/wp\/v2\/types\/product"}],"replies":[{"embeddable":true,"href":"https:\/\/skaitytaknyga.lt\/en\/wp-json\/wp\/v2\/comments?post=17996"}],"wp:featuredmedia":[{"embeddable":true,"href":"https:\/\/skaitytaknyga.lt\/en\/wp-json\/wp\/v2\/media\/18016"}],"wp:attachment":[{"href":"https:\/\/skaitytaknyga.lt\/en\/wp-json\/wp\/v2\/media?parent=17996"}],"wp:term":[{"taxonomy":"product_brand","embeddable":true,"href":"https:\/\/skaitytaknyga.lt\/en\/wp-json\/wp\/v2\/product_brand?post=17996"},{"taxonomy":"product_cat","embeddable":true,"href":"https:\/\/skaitytaknyga.lt\/en\/wp-json\/wp\/v2\/product_cat?post=17996"},{"taxonomy":"product_tag","embeddable":true,"href":"https:\/\/skaitytaknyga.lt\/en\/wp-json\/wp\/v2\/product_tag?post=17996"}],"curies":[{"name":"wp","href":"https:\/\/api.w.org\/{rel}","templated":true}]}}