{"id":17995,"date":"2025-04-25T10:03:18","date_gmt":"2025-04-25T07:03:18","guid":{"rendered":"https:\/\/skaitytaknyga.lt\/?post_type=product&#038;p=17995"},"modified":"2025-09-13T13:39:23","modified_gmt":"2025-09-13T10:39:23","slug":"kake-make-ir-svajoniu-gimtadienis-kitas-egz","status":"publish","type":"product","link":"https:\/\/skaitytaknyga.lt\/en\/produktas\/kake-make-ir-svajoniu-gimtadienis-kitas-egz\/","title":{"rendered":"Kak\u0117 Mak\u0117 ir koncerto diena"},"content":{"rendered":"<p>Kak\u0117 Mak\u0117 lank\u0117si daugyb\u0117je koncert\u0173 ir visuose jai taip patiko, kad pati u\u017esinor\u0117jo tapti MUZIKANTE. Pirmiausia ji i\u0161sirinko instrument\u0105, daug repetavo, o tada \u0117m\u0117 ruo\u0161tis savo PIRMAM PASIRODYMUI. <\/p>\n<p>Kai ateina DID\u017dIOJI KONCERTO DIENA, Kak\u0117 Mak\u0117 ir jos naujieji draugai i\u0161 muzikos mokyklos ruo\u0161iasi lipti ant scenos ir parodyti visk\u0105, k\u0105 sugeba. BUS NUOSTABU! Bet staiga Kak\u0119 Mak\u0119 apima DIDEL\u0116 BAIM\u0116. Ar i\u0161dr\u012fs j\u0105 \u012fveikti? <\/p>\n<p>\u201eKak\u0117 Mak\u0117 ir koncerto diena\u201c:<\/p>\n<p>\u2022 rekomenduojama 3\u20136 met\u0173 vaikams;<\/p>\n<p>\u2022 turtina \u017eodyn\u0105 ir ugdo vaizduot\u0119;<\/p>\n<p>\u2022 pagrindin\u0117 tema \u2013 baim\u0117 suklysti ir kod\u0117l j\u0105 verta \u012fveikti;<\/p>\n<p>\u2022 moko, kad klaidas galima i\u0161taisyti, svarbu nenustoti stengtis ir siekti svajon\u0117s;<\/p>\n<p>\u2022 su Kake Make ma\u017eiesiems skaitytojams lengva tapatintis ir i\u0161 jos pasimokyti.<\/p>\n","protected":false},"excerpt":{"rendered":"<p>Kak\u0117 Mak\u0117 lank\u0117si daugyb\u0117je koncert\u0173 ir visuose jai taip patiko, kad pati u\u017esinor\u0117jo tapti MUZIKANTE. Pirmiausia ji i\u0161sirinko instrument\u0105, daug repetavo, o tada \u0117m\u0117 ruo\u0161tis savo PIRMAM PASIRODYMUI. Kai ateina DID\u017dIOJI KONCERTO DIENA, Kak\u0117 Mak\u0117 ir jos naujieji draugai i\u0161 muzikos mokyklos ruo\u0161iasi lipti ant scenos ir parodyti visk\u0105, k\u0105 sugeba. BUS NUOSTABU! Bet staiga Kak\u0119 Mak\u0119 apima DIDEL\u0116 BAIM\u0116. Ar i\u0161dr\u012fs j\u0105 \u012fveikti? \u201eKak\u0117 Mak\u0117 ir koncerto diena\u201c: \u2022 rekomenduojama 3\u20136 met\u0173 vaikams; \u2022 turtina \u017eodyn\u0105 ir ugdo vaizduot\u0119; \u2022 pagrindin\u0117 tema \u2013 baim\u0117 suklysti ir kod\u0117l j\u0105 verta \u012fveikti; \u2022 moko, kad klaidas galima i\u0161taisyti, svarbu nenustoti stengtis ir siekti svajon\u0117s; \u2022 su Kake Make ma\u017eiesiems skaitytojams lengva tapatintis ir i\u0161 jos pasimokyti.<\/p>\n","protected":false},"featured_media":20765,"comment_status":"open","ping_status":"closed","template":"","meta":{"_acf_changed":false,"site-sidebar-layout":"default","site-content-layout":"","ast-site-content-layout":"default","site-content-style":"default","site-sidebar-style":"default","ast-global-header-display":"","ast-banner-title-visibility":"","ast-main-header-display":"","ast-hfb-above-header-display":"","ast-hfb-below-header-display":"","ast-hfb-mobile-header-display":"","site-post-title":"","ast-breadcrumbs-content":"","ast-featured-img":"","footer-sml-layout":"","ast-disable-related-posts":"","theme-transparent-header-meta":"","adv-header-id-meta":"","stick-header-meta":"","header-above-stick-meta":"","header-main-stick-meta":"","header-below-stick-meta":"","astra-migrate-meta-layouts":"default","ast-page-background-enabled":"default","ast-page-background-meta":{"desktop":{"background-color":"","background-image":"","background-repeat":"repeat","background-position":"center center","background-size":"auto","background-attachment":"scroll","background-type":"","background-media":"","overlay-type":"","overlay-color":"","overlay-opacity":"","overlay-gradient":""},"tablet":{"background-color":"","background-image":"","background-repeat":"repeat","background-position":"center center","background-size":"auto","background-attachment":"scroll","background-type":"","background-media":"","overlay-type":"","overlay-color":"","overlay-opacity":"","overlay-gradient":""},"mobile":{"background-color":"","background-image":"","background-repeat":"repeat","background-position":"center center","background-size":"auto","background-attachment":"scroll","background-type":"","background-media":"","overlay-type":"","overlay-color":"","overlay-opacity":"","overlay-gradient":""}},"ast-content-background-meta":{"desktop":{"background-color":"var(--ast-global-color-4)","background-image":"","background-repeat":"repeat","background-position":"center center","background-size":"auto","background-attachment":"scroll","background-type":"","background-media":"","overlay-type":"","overlay-color":"","overlay-opacity":"","overlay-gradient":""},"tablet":{"background-color":"var(--ast-global-color-4)","background-image":"","background-repeat":"repeat","background-position":"center center","background-size":"auto","background-attachment":"scroll","background-type":"","background-media":"","overlay-type":"","overlay-color":"","overlay-opacity":"","overlay-gradient":""},"mobile":{"background-color":"var(--ast-global-color-4)","background-image":"","background-repeat":"repeat","background-position":"center center","background-size":"auto","background-attachment":"scroll","background-type":"","background-media":"","overlay-type":"","overlay-color":"","overlay-opacity":"","overlay-gradient":""}}},"product_brand":[],"product_cat":[15],"product_tag":[],"class_list":{"0":"post-17995","1":"product","2":"type-product","3":"status-publish","4":"has-post-thumbnail","6":"product_cat-uncategorized","7":"desktop-align-left","8":"tablet-align-left","9":"mobile-align-left","11":"first","12":"instock","13":"shipping-taxable","14":"purchasable","15":"product-type-simple"},"acf":[],"yoast_head":"<!-- This site is optimized with the Yoast SEO plugin v27.4 - https:\/\/yoast.com\/product\/yoast-seo-wordpress\/ -->\n<title>Kak\u0117 Mak\u0117 ir koncerto diena<\/title>\n<meta name=\"description\" content=\"Kak\u0117 Mak\u0117 lank\u0117si daugyb\u0117je koncert\u0173 ir visuose jai taip patiko, kad pati u\u017esinor\u0117jo tapti MUZIKANTE. Pirmiausia ji i\u0161sirinko instrument\u0105, daug repetavo,\" \/>\n<meta name=\"robots\" content=\"index, follow, max-snippet:-1, max-image-preview:large, max-video-preview:-1\" \/>\n<link rel=\"canonical\" href=\"https:\/\/skaitytaknyga.lt\/en\/produktas\/kake-make-ir-svajoniu-gimtadienis-kitas-egz\/\" \/>\n<meta property=\"og:locale\" content=\"en_GB\" \/>\n<meta property=\"og:locale:alternate\" content=\"lt_LT\" \/>\n<meta property=\"og:type\" content=\"article\" \/>\n<meta property=\"og:title\" content=\"Kak\u0117 Mak\u0117 ir koncerto diena\" \/>\n<meta property=\"og:description\" content=\"Kak\u0117 Mak\u0117 lank\u0117si daugyb\u0117je koncert\u0173 ir visuose jai taip patiko, kad pati u\u017esinor\u0117jo tapti MUZIKANTE. Pirmiausia ji i\u0161sirinko instrument\u0105, daug repetavo,\" \/>\n<meta property=\"og:url\" content=\"https:\/\/skaitytaknyga.lt\/en\/produktas\/kake-make-ir-svajoniu-gimtadienis-kitas-egz\/\" \/>\n<meta property=\"og:site_name\" content=\"Skaitytaknyga\" \/>\n<meta property=\"article:publisher\" content=\"https:\/\/www.facebook.com\/skaitytaknyga\/\" \/>\n<meta property=\"article:modified_time\" content=\"2025-09-13T10:39:23+00:00\" \/>\n<meta property=\"og:image\" content=\"https:\/\/skaitytaknyga.lt\/wp-content\/uploads\/2025\/09\/Kake-Make-ir-koncerto-diena-1.webp\" \/>\n\t<meta property=\"og:image:width\" content=\"300\" \/>\n\t<meta property=\"og:image:height\" content=\"305\" \/>\n\t<meta property=\"og:image:type\" content=\"image\/webp\" \/>\n<meta name=\"twitter:card\" content=\"summary_large_image\" \/>\n<meta name=\"twitter:label1\" content=\"Estimated reading time\" \/>\n\t<meta name=\"twitter:data1\" content=\"1 minute\" \/>\n<script type=\"application\/ld+json\" class=\"yoast-schema-graph\">{\"@context\":\"https:\\\/\\\/schema.org\",\"@graph\":[{\"@type\":\"WebPage\",\"@id\":\"https:\\\/\\\/skaitytaknyga.lt\\\/produktas\\\/kake-make-ir-svajoniu-gimtadienis-kitas-egz\\\/\",\"url\":\"https:\\\/\\\/skaitytaknyga.lt\\\/produktas\\\/kake-make-ir-svajoniu-gimtadienis-kitas-egz\\\/\",\"name\":\"Kak\u0117 Mak\u0117 ir koncerto diena\",\"isPartOf\":{\"@id\":\"https:\\\/\\\/skaitytaknyga.lt\\\/#website\"},\"primaryImageOfPage\":{\"@id\":\"https:\\\/\\\/skaitytaknyga.lt\\\/produktas\\\/kake-make-ir-svajoniu-gimtadienis-kitas-egz\\\/#primaryimage\"},\"image\":{\"@id\":\"https:\\\/\\\/skaitytaknyga.lt\\\/produktas\\\/kake-make-ir-svajoniu-gimtadienis-kitas-egz\\\/#primaryimage\"},\"thumbnailUrl\":\"https:\\\/\\\/skaitytaknyga.lt\\\/wp-content\\\/uploads\\\/2025\\\/09\\\/Kake-Make-ir-koncerto-diena-1.webp\",\"datePublished\":\"2025-04-25T07:03:18+00:00\",\"dateModified\":\"2025-09-13T10:39:23+00:00\",\"description\":\"Kak\u0117 Mak\u0117 lank\u0117si daugyb\u0117je koncert\u0173 ir visuose jai taip patiko, kad pati u\u017esinor\u0117jo tapti MUZIKANTE. Pirmiausia ji i\u0161sirinko instrument\u0105, daug repetavo,\",\"breadcrumb\":{\"@id\":\"https:\\\/\\\/skaitytaknyga.lt\\\/produktas\\\/kake-make-ir-svajoniu-gimtadienis-kitas-egz\\\/#breadcrumb\"},\"inLanguage\":\"en-GB\",\"potentialAction\":[{\"@type\":\"ReadAction\",\"target\":[\"https:\\\/\\\/skaitytaknyga.lt\\\/produktas\\\/kake-make-ir-svajoniu-gimtadienis-kitas-egz\\\/\"]}]},{\"@type\":\"ImageObject\",\"inLanguage\":\"en-GB\",\"@id\":\"https:\\\/\\\/skaitytaknyga.lt\\\/produktas\\\/kake-make-ir-svajoniu-gimtadienis-kitas-egz\\\/#primaryimage\",\"url\":\"https:\\\/\\\/skaitytaknyga.lt\\\/wp-content\\\/uploads\\\/2025\\\/09\\\/Kake-Make-ir-koncerto-diena-1.webp\",\"contentUrl\":\"https:\\\/\\\/skaitytaknyga.lt\\\/wp-content\\\/uploads\\\/2025\\\/09\\\/Kake-Make-ir-koncerto-diena-1.webp\",\"width\":300,\"height\":305,\"caption\":\"Kak\u0117 Mak\u0117 ir koncerto diena\"},{\"@type\":\"BreadcrumbList\",\"@id\":\"https:\\\/\\\/skaitytaknyga.lt\\\/produktas\\\/kake-make-ir-svajoniu-gimtadienis-kitas-egz\\\/#breadcrumb\",\"itemListElement\":[{\"@type\":\"ListItem\",\"position\":1,\"name\":\"Home\",\"item\":\"https:\\\/\\\/skaitytaknyga.lt\\\/\"},{\"@type\":\"ListItem\",\"position\":2,\"name\":\"Parduotuv\u0117\",\"item\":\"https:\\\/\\\/skaitytaknyga.lt\\\/knygu-parduotuve\\\/\"},{\"@type\":\"ListItem\",\"position\":3,\"name\":\"Kak\u0117 Mak\u0117 ir koncerto diena\"}]},{\"@type\":\"WebSite\",\"@id\":\"https:\\\/\\\/skaitytaknyga.lt\\\/#website\",\"url\":\"https:\\\/\\\/skaitytaknyga.lt\\\/\",\"name\":\"skaitytaknyga.lt\",\"description\":\"Skaitytaknyga.lt \u2013 tai ma\u017eas \u0161eimos verslas, kuris prasid\u0117jo nuo meil\u0117s knygoms ir siekio i\u0161gelb\u0117ti knygas nuo likimo prie konteinerio. Kas vienam nereikalingas daiktas \u2013 kitam lobis, o mes esame tarpininkai, kurie padeda abiems tapti laimingesniems ???? \u017dinome kaip nelengva i\u0161gyventi ma\u017eiems verslams, tad nuo \u0161iol, \u010dia rasite ir kit\u0173, ma\u017e\u0173 \u0161eim\u0173 versl\u0173, rank\u0173 darbo, dovan\u0173 sau ir artimiesiems.\",\"publisher\":{\"@id\":\"https:\\\/\\\/skaitytaknyga.lt\\\/#organization\"},\"potentialAction\":[{\"@type\":\"SearchAction\",\"target\":{\"@type\":\"EntryPoint\",\"urlTemplate\":\"https:\\\/\\\/skaitytaknyga.lt\\\/?s={search_term_string}\"},\"query-input\":{\"@type\":\"PropertyValueSpecification\",\"valueRequired\":true,\"valueName\":\"search_term_string\"}}],\"inLanguage\":\"en-GB\"},{\"@type\":\"Organization\",\"@id\":\"https:\\\/\\\/skaitytaknyga.lt\\\/#organization\",\"name\":\"skaitytaknyga.lt\",\"url\":\"https:\\\/\\\/skaitytaknyga.lt\\\/\",\"logo\":{\"@type\":\"ImageObject\",\"inLanguage\":\"en-GB\",\"@id\":\"https:\\\/\\\/skaitytaknyga.lt\\\/#\\\/schema\\\/logo\\\/image\\\/\",\"url\":\"https:\\\/\\\/skaitytaknyga.lt\\\/wp-content\\\/uploads\\\/2024\\\/05\\\/cropped-cropped-cropped-02_00843_jt3bggkj1j3HLc7SyY6rEUpg.jpeg\",\"contentUrl\":\"https:\\\/\\\/skaitytaknyga.lt\\\/wp-content\\\/uploads\\\/2024\\\/05\\\/cropped-cropped-cropped-02_00843_jt3bggkj1j3HLc7SyY6rEUpg.jpeg\",\"width\":1600,\"height\":1600,\"caption\":\"skaitytaknyga.lt\"},\"image\":{\"@id\":\"https:\\\/\\\/skaitytaknyga.lt\\\/#\\\/schema\\\/logo\\\/image\\\/\"},\"sameAs\":[\"https:\\\/\\\/www.facebook.com\\\/skaitytaknyga\\\/\"]}]}<\/script>\n<!-- \/ Yoast SEO plugin. -->","yoast_head_json":{"title":"Kak\u0117 Mak\u0117 ir koncerto diena","description":"Kak\u0117 Mak\u0117 lank\u0117si daugyb\u0117je koncert\u0173 ir visuose jai taip patiko, kad pati u\u017esinor\u0117jo tapti MUZIKANTE. Pirmiausia ji i\u0161sirinko instrument\u0105, daug repetavo,","robots":{"index":"index","follow":"follow","max-snippet":"max-snippet:-1","max-image-preview":"max-image-preview:large","max-video-preview":"max-video-preview:-1"},"canonical":"https:\/\/skaitytaknyga.lt\/en\/produktas\/kake-make-ir-svajoniu-gimtadienis-kitas-egz\/","og_locale":"en_GB","og_type":"article","og_title":"[:lt]Kak\u0117 Mak\u0117 ir koncerto diena[:] - Skaitytaknyga","og_description":"Kak\u0117 Mak\u0117 lank\u0117si daugyb\u0117je koncert\u0173 ir visuose jai taip patiko, kad pati u\u017esinor\u0117jo tapti MUZIKANTE. Pirmiausia ji i\u0161sirinko instrument\u0105, daug repetavo,","og_url":"https:\/\/skaitytaknyga.lt\/en\/produktas\/kake-make-ir-svajoniu-gimtadienis-kitas-egz\/","og_site_name":"Skaitytaknyga","article_publisher":"https:\/\/www.facebook.com\/skaitytaknyga\/","article_modified_time":"2025-09-13T10:39:23+00:00","og_image":[{"width":300,"height":305,"url":"https:\/\/skaitytaknyga.lt\/wp-content\/uploads\/2025\/09\/Kake-Make-ir-koncerto-diena-1.webp","type":"image\/webp"}],"twitter_card":"summary_large_image","twitter_misc":{"Estimated reading time":"1 minute"},"schema":{"@context":"https:\/\/schema.org","@graph":[{"@type":"WebPage","@id":"https:\/\/skaitytaknyga.lt\/produktas\/kake-make-ir-svajoniu-gimtadienis-kitas-egz\/","url":"https:\/\/skaitytaknyga.lt\/produktas\/kake-make-ir-svajoniu-gimtadienis-kitas-egz\/","name":"Kak\u0117 Mak\u0117 ir koncerto diena","isPartOf":{"@id":"https:\/\/skaitytaknyga.lt\/#website"},"primaryImageOfPage":{"@id":"https:\/\/skaitytaknyga.lt\/produktas\/kake-make-ir-svajoniu-gimtadienis-kitas-egz\/#primaryimage"},"image":{"@id":"https:\/\/skaitytaknyga.lt\/produktas\/kake-make-ir-svajoniu-gimtadienis-kitas-egz\/#primaryimage"},"thumbnailUrl":"https:\/\/skaitytaknyga.lt\/wp-content\/uploads\/2025\/09\/Kake-Make-ir-koncerto-diena-1.webp","datePublished":"2025-04-25T07:03:18+00:00","dateModified":"2025-09-13T10:39:23+00:00","description":"Kak\u0117 Mak\u0117 lank\u0117si daugyb\u0117je koncert\u0173 ir visuose jai taip patiko, kad pati u\u017esinor\u0117jo tapti MUZIKANTE. Pirmiausia ji i\u0161sirinko instrument\u0105, daug repetavo,","breadcrumb":{"@id":"https:\/\/skaitytaknyga.lt\/produktas\/kake-make-ir-svajoniu-gimtadienis-kitas-egz\/#breadcrumb"},"inLanguage":"en-GB","potentialAction":[{"@type":"ReadAction","target":["https:\/\/skaitytaknyga.lt\/produktas\/kake-make-ir-svajoniu-gimtadienis-kitas-egz\/"]}]},{"@type":"ImageObject","inLanguage":"en-GB","@id":"https:\/\/skaitytaknyga.lt\/produktas\/kake-make-ir-svajoniu-gimtadienis-kitas-egz\/#primaryimage","url":"https:\/\/skaitytaknyga.lt\/wp-content\/uploads\/2025\/09\/Kake-Make-ir-koncerto-diena-1.webp","contentUrl":"https:\/\/skaitytaknyga.lt\/wp-content\/uploads\/2025\/09\/Kake-Make-ir-koncerto-diena-1.webp","width":300,"height":305,"caption":"Kak\u0117 Mak\u0117 ir koncerto diena"},{"@type":"BreadcrumbList","@id":"https:\/\/skaitytaknyga.lt\/produktas\/kake-make-ir-svajoniu-gimtadienis-kitas-egz\/#breadcrumb","itemListElement":[{"@type":"ListItem","position":1,"name":"Home","item":"https:\/\/skaitytaknyga.lt\/"},{"@type":"ListItem","position":2,"name":"Parduotuv\u0117","item":"https:\/\/skaitytaknyga.lt\/knygu-parduotuve\/"},{"@type":"ListItem","position":3,"name":"Kak\u0117 Mak\u0117 ir koncerto diena"}]},{"@type":"WebSite","@id":"https:\/\/skaitytaknyga.lt\/#website","url":"https:\/\/skaitytaknyga.lt\/","name":"skaitytaknyga.lt","description":"Skaitytaknyga.lt \u2013 tai ma\u017eas \u0161eimos verslas, kuris prasid\u0117jo nuo meil\u0117s knygoms ir siekio i\u0161gelb\u0117ti knygas nuo likimo prie konteinerio. Kas vienam nereikalingas daiktas \u2013 kitam lobis, o mes esame tarpininkai, kurie padeda abiems tapti laimingesniems ???? \u017dinome kaip nelengva i\u0161gyventi ma\u017eiems verslams, tad nuo \u0161iol, \u010dia rasite ir kit\u0173, ma\u017e\u0173 \u0161eim\u0173 versl\u0173, rank\u0173 darbo, dovan\u0173 sau ir artimiesiems.","publisher":{"@id":"https:\/\/skaitytaknyga.lt\/#organization"},"potentialAction":[{"@type":"SearchAction","target":{"@type":"EntryPoint","urlTemplate":"https:\/\/skaitytaknyga.lt\/?s={search_term_string}"},"query-input":{"@type":"PropertyValueSpecification","valueRequired":true,"valueName":"search_term_string"}}],"inLanguage":"en-GB"},{"@type":"Organization","@id":"https:\/\/skaitytaknyga.lt\/#organization","name":"skaitytaknyga.lt","url":"https:\/\/skaitytaknyga.lt\/","logo":{"@type":"ImageObject","inLanguage":"en-GB","@id":"https:\/\/skaitytaknyga.lt\/#\/schema\/logo\/image\/","url":"https:\/\/skaitytaknyga.lt\/wp-content\/uploads\/2024\/05\/cropped-cropped-cropped-02_00843_jt3bggkj1j3HLc7SyY6rEUpg.jpeg","contentUrl":"https:\/\/skaitytaknyga.lt\/wp-content\/uploads\/2024\/05\/cropped-cropped-cropped-02_00843_jt3bggkj1j3HLc7SyY6rEUpg.jpeg","width":1600,"height":1600,"caption":"skaitytaknyga.lt"},"image":{"@id":"https:\/\/skaitytaknyga.lt\/#\/schema\/logo\/image\/"},"sameAs":["https:\/\/www.facebook.com\/skaitytaknyga\/"]}]}},"_links":{"self":[{"href":"https:\/\/skaitytaknyga.lt\/en\/wp-json\/wp\/v2\/product\/17995","targetHints":{"allow":["GET"]}}],"collection":[{"href":"https:\/\/skaitytaknyga.lt\/en\/wp-json\/wp\/v2\/product"}],"about":[{"href":"https:\/\/skaitytaknyga.lt\/en\/wp-json\/wp\/v2\/types\/product"}],"replies":[{"embeddable":true,"href":"https:\/\/skaitytaknyga.lt\/en\/wp-json\/wp\/v2\/comments?post=17995"}],"wp:featuredmedia":[{"embeddable":true,"href":"https:\/\/skaitytaknyga.lt\/en\/wp-json\/wp\/v2\/media\/20765"}],"wp:attachment":[{"href":"https:\/\/skaitytaknyga.lt\/en\/wp-json\/wp\/v2\/media?parent=17995"}],"wp:term":[{"taxonomy":"product_brand","embeddable":true,"href":"https:\/\/skaitytaknyga.lt\/en\/wp-json\/wp\/v2\/product_brand?post=17995"},{"taxonomy":"product_cat","embeddable":true,"href":"https:\/\/skaitytaknyga.lt\/en\/wp-json\/wp\/v2\/product_cat?post=17995"},{"taxonomy":"product_tag","embeddable":true,"href":"https:\/\/skaitytaknyga.lt\/en\/wp-json\/wp\/v2\/product_tag?post=17995"}],"curies":[{"name":"wp","href":"https:\/\/api.w.org\/{rel}","templated":true}]}}