{"id":17988,"date":"2025-04-23T14:19:57","date_gmt":"2025-04-23T11:19:57","guid":{"rendered":"https:\/\/skaitytaknyga.lt\/?post_type=product&#038;p=17988"},"modified":"2026-03-05T16:17:48","modified_gmt":"2026-03-05T14:17:48","slug":"kake-make-ir-katinas-vienai-savaitei","status":"publish","type":"product","link":"https:\/\/skaitytaknyga.lt\/en\/produktas\/kake-make-ir-katinas-vienai-savaitei\/","title":{"rendered":"Kak\u0117 Mak\u0117 ir katinas vienai savaitei"},"content":{"rendered":"<p>Rekomenduojama 3\u20136 met\u0173 vaikams.<\/p>\n<p>I\u0161 ka\u010di\u0173 parodos Kak\u0117 Mak\u0117 su visa \u0161eima i\u0161\u0117jo su\u017eav\u0117ti! Kokios kat\u0117s tvarkingos, \u0161varios ir kult\u016bringos! Kaip ty\u010dia, einant namo j\u0173 kelyje i\u0161dygsta benamis vienaakis katinas. Kak\u0117 Mak\u0117 u\u017esigeid\u017eia j\u012f pasiimti, ta\u010diau t\u0117vai sutinka priglausti tik savaitei&#8230; Pad\u016bk\u0117lis katinas tuojau nugrau\u017eia mo\u010diut\u0117s g\u0117les, visur m\u0117to plaukus ir drasko baldus. Bet kaip su juo smagu ir gera! Net \u0161uneliui \u010ci\u016b\u010diai jis labai patinka. Ar gali b\u016bti, kad katinas jau rado savo namus?<\/p>\n<p><em>Tai nepaprastai \u0161ilta ir kupina juoking\u0173 situacij\u0173 istorija apie atsakomyb\u0119 u\u017e augintinius, didel\u0119 vaik\u0173 meil\u0119 gyv\u016bnams ir tai, kad negalia n\u0117ra kli\u016btis gyventi visavert\u012f gyvenim\u0105.<\/em><\/p>\n<p>Vaik\u0173 literat\u016bros specialist\u0117<br \/>\nEgl\u0117 Baliutavi\u010di\u016bt\u0117<\/p>\n<p><em>Tai pasakojimas apie svarbi\u0105 vaikyst\u0117s tem\u0105 \u2013 augintinius \u2013 ir patirt\u012f, kuri\u0105 beveik kiekvienas esame i\u0161gyven\u0119. Nusikeldami \u012f Kak\u0117s Mak\u0117s pasaul\u012f, turime galimyb\u0119 pamatyti, kokia galinga yra atjautos, r\u016bpes\u010dio ir pagalbos j\u0117ga. Ji atne\u0161a poky\u010di\u0173 tiek \u012f augintini\u0173, tiek \u012f \u017emoni\u0173 gyvenim\u0105. Kvie\u010diu tai pasteb\u0117ti ir patirti tiek jums, tiek j\u016bs\u0173 vaikams.<\/em><\/p>\n<ul class=\"about-product d-none d-xl-block mt-4\">\n<li><strong>Autorius:<\/strong>\u00a0Lina \u017dutaut\u0117<\/li>\n<li><strong>Leid\u0117jas<\/strong>\u00a0Alma littera<\/li>\n<li><strong>Metai:<\/strong>\u00a02021<\/li>\n<li><strong>Puslapiai:<\/strong>\u00a036<\/li>\n<li class=\"toggleable type-new-formats \"><strong>ISBN :\u00a0<\/strong>9786090161340<\/li>\n<li><strong>Prek\u0117s kodas:<\/strong>\u00a09786090148174<\/li>\n<li><strong>Versijos kodas:<\/strong>\u00a0NN 04.24<\/li>\n<li class=\"toggleable type-new-formats \"><strong>Formatas:<\/strong>\u00a021 x 21,3 x 0,9 cm, kieti vir\u0161eliai<\/li>\n<li><strong>Kalba:<\/strong>\u00a0Lietuvi\u0173<\/li>\n<\/ul>\n","protected":false},"excerpt":{"rendered":"<p>Rekomenduojama 3\u20136 met\u0173 vaikams. I\u0161 ka\u010di\u0173 parodos Kak\u0117 Mak\u0117 su visa \u0161eima i\u0161\u0117jo su\u017eav\u0117ti! Kokios kat\u0117s tvarkingos, \u0161varios ir kult\u016bringos! Kaip ty\u010dia, einant namo j\u0173 kelyje i\u0161dygsta benamis vienaakis katinas. Kak\u0117 Mak\u0117 u\u017esigeid\u017eia j\u012f pasiimti, ta\u010diau t\u0117vai sutinka priglausti tik savaitei&#8230; Pad\u016bk\u0117lis katinas tuojau nugrau\u017eia mo\u010diut\u0117s g\u0117les, visur m\u0117to plaukus ir drasko baldus. Bet kaip su juo smagu ir gera! Net \u0161uneliui \u010ci\u016b\u010diai jis labai patinka. Ar gali b\u016bti, kad katinas jau rado savo namus? Tai nepaprastai \u0161ilta ir kupina juoking\u0173 situacij\u0173 istorija apie atsakomyb\u0119 u\u017e augintinius, didel\u0119 vaik\u0173 meil\u0119 gyv\u016bnams ir tai, kad negalia n\u0117ra kli\u016btis gyventi visavert\u012f gyvenim\u0105. Vaik\u0173 literat\u016bros specialist\u0117 Egl\u0117 Baliutavi\u010di\u016bt\u0117 Tai pasakojimas apie svarbi\u0105 vaikyst\u0117s tem\u0105 \u2013 augintinius \u2013 ir patirt\u012f, kuri\u0105 beveik kiekvienas esame i\u0161gyven\u0119. Nusikeldami \u012f Kak\u0117s Mak\u0117s pasaul\u012f, turime galimyb\u0119 pamatyti, kokia galinga yra atjautos, r\u016bpes\u010dio ir pagalbos j\u0117ga. Ji atne\u0161a poky\u010di\u0173 tiek \u012f augintini\u0173, tiek \u012f \u017emoni\u0173 gyvenim\u0105. Kvie\u010diu tai pasteb\u0117ti ir patirti tiek jums, tiek j\u016bs\u0173 vaikams. Autorius:\u00a0Lina \u017dutaut\u0117 Leid\u0117jas\u00a0Alma littera Metai:\u00a02021 Puslapiai:\u00a036 ISBN :\u00a09786090161340 Prek\u0117s kodas:\u00a09786090148174 Versijos kodas:\u00a0NN 04.24 Formatas:\u00a021 x 21,3 x 0,9 cm, kieti vir\u0161eliai Kalba:\u00a0Lietuvi\u0173<\/p>\n","protected":false},"featured_media":18035,"comment_status":"open","ping_status":"closed","template":"","meta":{"_acf_changed":false,"site-sidebar-layout":"default","site-content-layout":"","ast-site-content-layout":"default","site-content-style":"default","site-sidebar-style":"default","ast-global-header-display":"","ast-banner-title-visibility":"","ast-main-header-display":"","ast-hfb-above-header-display":"","ast-hfb-below-header-display":"","ast-hfb-mobile-header-display":"","site-post-title":"","ast-breadcrumbs-content":"","ast-featured-img":"","footer-sml-layout":"","ast-disable-related-posts":"","theme-transparent-header-meta":"default","adv-header-id-meta":"","stick-header-meta":"","header-above-stick-meta":"","header-main-stick-meta":"","header-below-stick-meta":"","astra-migrate-meta-layouts":"set","ast-page-background-enabled":"default","ast-page-background-meta":{"desktop":{"background-color":"","background-image":"","background-repeat":"repeat","background-position":"center center","background-size":"auto","background-attachment":"scroll","background-type":"","background-media":"","overlay-type":"","overlay-color":"","overlay-opacity":"","overlay-gradient":""},"tablet":{"background-color":"","background-image":"","background-repeat":"repeat","background-position":"center center","background-size":"auto","background-attachment":"scroll","background-type":"","background-media":"","overlay-type":"","overlay-color":"","overlay-opacity":"","overlay-gradient":""},"mobile":{"background-color":"","background-image":"","background-repeat":"repeat","background-position":"center center","background-size":"auto","background-attachment":"scroll","background-type":"","background-media":"","overlay-type":"","overlay-color":"","overlay-opacity":"","overlay-gradient":""}},"ast-content-background-meta":{"desktop":{"background-color":"var(--ast-global-color-4)","background-image":"","background-repeat":"repeat","background-position":"center center","background-size":"auto","background-attachment":"scroll","background-type":"","background-media":"","overlay-type":"","overlay-color":"","overlay-opacity":"","overlay-gradient":""},"tablet":{"background-color":"var(--ast-global-color-4)","background-image":"","background-repeat":"repeat","background-position":"center center","background-size":"auto","background-attachment":"scroll","background-type":"","background-media":"","overlay-type":"","overlay-color":"","overlay-opacity":"","overlay-gradient":""},"mobile":{"background-color":"var(--ast-global-color-4)","background-image":"","background-repeat":"repeat","background-position":"center center","background-size":"auto","background-attachment":"scroll","background-type":"","background-media":"","overlay-type":"","overlay-color":"","overlay-opacity":"","overlay-gradient":""}}},"product_brand":[],"product_cat":[9677],"product_tag":[2080,2081,2082],"class_list":{"0":"post-17988","1":"product","2":"type-product","3":"status-publish","4":"has-post-thumbnail","6":"product_cat-ikimokyklinukams","7":"product_tag-ltkake-make","8":"product_tag-ltnuotykiai","9":"product_tag-ltvaiku-knyga","10":"desktop-align-left","11":"tablet-align-left","12":"mobile-align-left","14":"first","15":"instock","16":"shipping-taxable","17":"purchasable","18":"product-type-simple"},"acf":[],"yoast_head":"<!-- This site is optimized with the Yoast SEO plugin v27.0 - https:\/\/yoast.com\/product\/yoast-seo-wordpress\/ -->\n<title>Kak\u0117 Mak\u0117 ir katinas vienai savaitei<\/title>\n<meta name=\"description\" content=\"Rekomenduojama 3\u20136 met\u0173 vaikams. I\u0161 ka\u010di\u0173 parodos Kak\u0117 Mak\u0117 su visa \u0161eima i\u0161\u0117jo su\u017eav\u0117ti! Kokios kat\u0117s tvarkingos, \u0161varios ir kult\u016bringos! Kaip ty\u010dia,\" \/>\n<meta name=\"robots\" content=\"index, follow, max-snippet:-1, max-image-preview:large, max-video-preview:-1\" \/>\n<link rel=\"canonical\" href=\"https:\/\/skaitytaknyga.lt\/en\/produktas\/kake-make-ir-katinas-vienai-savaitei\/\" \/>\n<meta property=\"og:locale\" content=\"en_GB\" \/>\n<meta property=\"og:locale:alternate\" content=\"lt_LT\" \/>\n<meta property=\"og:type\" content=\"article\" \/>\n<meta property=\"og:title\" content=\"Kak\u0117 Mak\u0117 ir katinas vienai savaitei\" \/>\n<meta property=\"og:description\" content=\"Rekomenduojama 3\u20136 met\u0173 vaikams. I\u0161 ka\u010di\u0173 parodos Kak\u0117 Mak\u0117 su visa \u0161eima i\u0161\u0117jo su\u017eav\u0117ti! Kokios kat\u0117s tvarkingos, \u0161varios ir kult\u016bringos! Kaip ty\u010dia,\" \/>\n<meta property=\"og:url\" content=\"https:\/\/skaitytaknyga.lt\/en\/produktas\/kake-make-ir-katinas-vienai-savaitei\/\" \/>\n<meta property=\"og:site_name\" content=\"Skaitytaknyga\" \/>\n<meta property=\"article:publisher\" content=\"https:\/\/www.facebook.com\/skaitytaknyga\/\" \/>\n<meta property=\"article:modified_time\" content=\"2026-03-05T14:17:48+00:00\" \/>\n<meta property=\"og:image\" content=\"https:\/\/skaitytaknyga.lt\/wp-content\/uploads\/2025\/04\/Kake-Make-ir-katinas-vienai-savaitei.webp\" \/>\n\t<meta property=\"og:image:width\" content=\"594\" \/>\n\t<meta property=\"og:image:height\" content=\"600\" \/>\n\t<meta property=\"og:image:type\" content=\"image\/webp\" \/>\n<meta name=\"twitter:card\" content=\"summary_large_image\" \/>\n<meta name=\"twitter:label1\" content=\"Estimated reading time\" \/>\n\t<meta name=\"twitter:data1\" content=\"2 minutes\" \/>\n<script type=\"application\/ld+json\" class=\"yoast-schema-graph\">{\"@context\":\"https:\/\/schema.org\",\"@graph\":[{\"@type\":\"WebPage\",\"@id\":\"https:\/\/skaitytaknyga.lt\/produktas\/kake-make-ir-katinas-vienai-savaitei\/\",\"url\":\"https:\/\/skaitytaknyga.lt\/produktas\/kake-make-ir-katinas-vienai-savaitei\/\",\"name\":\"Kak\u0117 Mak\u0117 ir katinas vienai savaitei\",\"isPartOf\":{\"@id\":\"https:\/\/skaitytaknyga.lt\/#website\"},\"primaryImageOfPage\":{\"@id\":\"https:\/\/skaitytaknyga.lt\/produktas\/kake-make-ir-katinas-vienai-savaitei\/#primaryimage\"},\"image\":{\"@id\":\"https:\/\/skaitytaknyga.lt\/produktas\/kake-make-ir-katinas-vienai-savaitei\/#primaryimage\"},\"thumbnailUrl\":\"https:\/\/skaitytaknyga.lt\/wp-content\/uploads\/2025\/04\/Kake-Make-ir-katinas-vienai-savaitei.webp\",\"datePublished\":\"2025-04-23T11:19:57+00:00\",\"dateModified\":\"2026-03-05T14:17:48+00:00\",\"description\":\"Rekomenduojama 3\u20136 met\u0173 vaikams. I\u0161 ka\u010di\u0173 parodos Kak\u0117 Mak\u0117 su visa \u0161eima i\u0161\u0117jo su\u017eav\u0117ti! Kokios kat\u0117s tvarkingos, \u0161varios ir kult\u016bringos! Kaip ty\u010dia,\",\"breadcrumb\":{\"@id\":\"https:\/\/skaitytaknyga.lt\/produktas\/kake-make-ir-katinas-vienai-savaitei\/#breadcrumb\"},\"inLanguage\":\"en-GB\",\"potentialAction\":[{\"@type\":\"ReadAction\",\"target\":[\"https:\/\/skaitytaknyga.lt\/produktas\/kake-make-ir-katinas-vienai-savaitei\/\"]}]},{\"@type\":\"ImageObject\",\"inLanguage\":\"en-GB\",\"@id\":\"https:\/\/skaitytaknyga.lt\/produktas\/kake-make-ir-katinas-vienai-savaitei\/#primaryimage\",\"url\":\"https:\/\/skaitytaknyga.lt\/wp-content\/uploads\/2025\/04\/Kake-Make-ir-katinas-vienai-savaitei.webp\",\"contentUrl\":\"https:\/\/skaitytaknyga.lt\/wp-content\/uploads\/2025\/04\/Kake-Make-ir-katinas-vienai-savaitei.webp\",\"width\":594,\"height\":600,\"caption\":\"Kak\u0117 Mak\u0117 ir katinas vienai savaitei\"},{\"@type\":\"BreadcrumbList\",\"@id\":\"https:\/\/skaitytaknyga.lt\/produktas\/kake-make-ir-katinas-vienai-savaitei\/#breadcrumb\",\"itemListElement\":[{\"@type\":\"ListItem\",\"position\":1,\"name\":\"Home\",\"item\":\"https:\/\/skaitytaknyga.lt\/\"},{\"@type\":\"ListItem\",\"position\":2,\"name\":\"Parduotuv\u0117\",\"item\":\"https:\/\/skaitytaknyga.lt\/knygu-parduotuve\/\"},{\"@type\":\"ListItem\",\"position\":3,\"name\":\"Kak\u0117 Mak\u0117 ir katinas vienai savaitei\"}]},{\"@type\":\"WebSite\",\"@id\":\"https:\/\/skaitytaknyga.lt\/#website\",\"url\":\"https:\/\/skaitytaknyga.lt\/\",\"name\":\"skaitytaknyga.lt\",\"description\":\"Skaitytaknyga.lt \u2013 tai ma\u017eas \u0161eimos verslas, kuris prasid\u0117jo nuo meil\u0117s knygoms ir siekio i\u0161gelb\u0117ti knygas nuo likimo prie konteinerio. Kas vienam nereikalingas daiktas \u2013 kitam lobis, o mes esame tarpininkai, kurie padeda abiems tapti laimingesniems ???? \u017dinome kaip nelengva i\u0161gyventi ma\u017eiems verslams, tad nuo \u0161iol, \u010dia rasite ir kit\u0173, ma\u017e\u0173 \u0161eim\u0173 versl\u0173, rank\u0173 darbo, dovan\u0173 sau ir artimiesiems.\",\"publisher\":{\"@id\":\"https:\/\/skaitytaknyga.lt\/#organization\"},\"potentialAction\":[{\"@type\":\"SearchAction\",\"target\":{\"@type\":\"EntryPoint\",\"urlTemplate\":\"https:\/\/skaitytaknyga.lt\/?s={search_term_string}\"},\"query-input\":{\"@type\":\"PropertyValueSpecification\",\"valueRequired\":true,\"valueName\":\"search_term_string\"}}],\"inLanguage\":\"en-GB\"},{\"@type\":\"Organization\",\"@id\":\"https:\/\/skaitytaknyga.lt\/#organization\",\"name\":\"skaitytaknyga.lt\",\"url\":\"https:\/\/skaitytaknyga.lt\/\",\"logo\":{\"@type\":\"ImageObject\",\"inLanguage\":\"en-GB\",\"@id\":\"https:\/\/skaitytaknyga.lt\/#\/schema\/logo\/image\/\",\"url\":\"https:\/\/skaitytaknyga.lt\/wp-content\/uploads\/2024\/05\/cropped-cropped-cropped-02_00843_jt3bggkj1j3HLc7SyY6rEUpg.jpeg\",\"contentUrl\":\"https:\/\/skaitytaknyga.lt\/wp-content\/uploads\/2024\/05\/cropped-cropped-cropped-02_00843_jt3bggkj1j3HLc7SyY6rEUpg.jpeg\",\"width\":1600,\"height\":1600,\"caption\":\"skaitytaknyga.lt\"},\"image\":{\"@id\":\"https:\/\/skaitytaknyga.lt\/#\/schema\/logo\/image\/\"},\"sameAs\":[\"https:\/\/www.facebook.com\/skaitytaknyga\/\"]}]}<\/script>\n<!-- \/ Yoast SEO plugin. -->","yoast_head_json":{"title":"Kak\u0117 Mak\u0117 ir katinas vienai savaitei","description":"Rekomenduojama 3\u20136 met\u0173 vaikams. I\u0161 ka\u010di\u0173 parodos Kak\u0117 Mak\u0117 su visa \u0161eima i\u0161\u0117jo su\u017eav\u0117ti! Kokios kat\u0117s tvarkingos, \u0161varios ir kult\u016bringos! Kaip ty\u010dia,","robots":{"index":"index","follow":"follow","max-snippet":"max-snippet:-1","max-image-preview":"max-image-preview:large","max-video-preview":"max-video-preview:-1"},"canonical":"https:\/\/skaitytaknyga.lt\/en\/produktas\/kake-make-ir-katinas-vienai-savaitei\/","og_locale":"en_GB","og_type":"article","og_title":"[:lt]Kak\u0117 Mak\u0117 ir katinas vienai savaitei[:] - Skaitytaknyga","og_description":"Rekomenduojama 3\u20136 met\u0173 vaikams. I\u0161 ka\u010di\u0173 parodos Kak\u0117 Mak\u0117 su visa \u0161eima i\u0161\u0117jo su\u017eav\u0117ti! Kokios kat\u0117s tvarkingos, \u0161varios ir kult\u016bringos! Kaip ty\u010dia,","og_url":"https:\/\/skaitytaknyga.lt\/en\/produktas\/kake-make-ir-katinas-vienai-savaitei\/","og_site_name":"Skaitytaknyga","article_publisher":"https:\/\/www.facebook.com\/skaitytaknyga\/","article_modified_time":"2026-03-05T14:17:48+00:00","og_image":[{"width":594,"height":600,"url":"https:\/\/skaitytaknyga.lt\/wp-content\/uploads\/2025\/04\/Kake-Make-ir-katinas-vienai-savaitei.webp","type":"image\/webp"}],"twitter_card":"summary_large_image","twitter_misc":{"Estimated reading time":"2 minutes"},"schema":{"@context":"https:\/\/schema.org","@graph":[{"@type":"WebPage","@id":"https:\/\/skaitytaknyga.lt\/produktas\/kake-make-ir-katinas-vienai-savaitei\/","url":"https:\/\/skaitytaknyga.lt\/produktas\/kake-make-ir-katinas-vienai-savaitei\/","name":"Kak\u0117 Mak\u0117 ir katinas vienai savaitei","isPartOf":{"@id":"https:\/\/skaitytaknyga.lt\/#website"},"primaryImageOfPage":{"@id":"https:\/\/skaitytaknyga.lt\/produktas\/kake-make-ir-katinas-vienai-savaitei\/#primaryimage"},"image":{"@id":"https:\/\/skaitytaknyga.lt\/produktas\/kake-make-ir-katinas-vienai-savaitei\/#primaryimage"},"thumbnailUrl":"https:\/\/skaitytaknyga.lt\/wp-content\/uploads\/2025\/04\/Kake-Make-ir-katinas-vienai-savaitei.webp","datePublished":"2025-04-23T11:19:57+00:00","dateModified":"2026-03-05T14:17:48+00:00","description":"Rekomenduojama 3\u20136 met\u0173 vaikams. I\u0161 ka\u010di\u0173 parodos Kak\u0117 Mak\u0117 su visa \u0161eima i\u0161\u0117jo su\u017eav\u0117ti! Kokios kat\u0117s tvarkingos, \u0161varios ir kult\u016bringos! Kaip ty\u010dia,","breadcrumb":{"@id":"https:\/\/skaitytaknyga.lt\/produktas\/kake-make-ir-katinas-vienai-savaitei\/#breadcrumb"},"inLanguage":"en-GB","potentialAction":[{"@type":"ReadAction","target":["https:\/\/skaitytaknyga.lt\/produktas\/kake-make-ir-katinas-vienai-savaitei\/"]}]},{"@type":"ImageObject","inLanguage":"en-GB","@id":"https:\/\/skaitytaknyga.lt\/produktas\/kake-make-ir-katinas-vienai-savaitei\/#primaryimage","url":"https:\/\/skaitytaknyga.lt\/wp-content\/uploads\/2025\/04\/Kake-Make-ir-katinas-vienai-savaitei.webp","contentUrl":"https:\/\/skaitytaknyga.lt\/wp-content\/uploads\/2025\/04\/Kake-Make-ir-katinas-vienai-savaitei.webp","width":594,"height":600,"caption":"Kak\u0117 Mak\u0117 ir katinas vienai savaitei"},{"@type":"BreadcrumbList","@id":"https:\/\/skaitytaknyga.lt\/produktas\/kake-make-ir-katinas-vienai-savaitei\/#breadcrumb","itemListElement":[{"@type":"ListItem","position":1,"name":"Home","item":"https:\/\/skaitytaknyga.lt\/"},{"@type":"ListItem","position":2,"name":"Parduotuv\u0117","item":"https:\/\/skaitytaknyga.lt\/knygu-parduotuve\/"},{"@type":"ListItem","position":3,"name":"Kak\u0117 Mak\u0117 ir katinas vienai savaitei"}]},{"@type":"WebSite","@id":"https:\/\/skaitytaknyga.lt\/#website","url":"https:\/\/skaitytaknyga.lt\/","name":"skaitytaknyga.lt","description":"Skaitytaknyga.lt \u2013 tai ma\u017eas \u0161eimos verslas, kuris prasid\u0117jo nuo meil\u0117s knygoms ir siekio i\u0161gelb\u0117ti knygas nuo likimo prie konteinerio. Kas vienam nereikalingas daiktas \u2013 kitam lobis, o mes esame tarpininkai, kurie padeda abiems tapti laimingesniems ???? \u017dinome kaip nelengva i\u0161gyventi ma\u017eiems verslams, tad nuo \u0161iol, \u010dia rasite ir kit\u0173, ma\u017e\u0173 \u0161eim\u0173 versl\u0173, rank\u0173 darbo, dovan\u0173 sau ir artimiesiems.","publisher":{"@id":"https:\/\/skaitytaknyga.lt\/#organization"},"potentialAction":[{"@type":"SearchAction","target":{"@type":"EntryPoint","urlTemplate":"https:\/\/skaitytaknyga.lt\/?s={search_term_string}"},"query-input":{"@type":"PropertyValueSpecification","valueRequired":true,"valueName":"search_term_string"}}],"inLanguage":"en-GB"},{"@type":"Organization","@id":"https:\/\/skaitytaknyga.lt\/#organization","name":"skaitytaknyga.lt","url":"https:\/\/skaitytaknyga.lt\/","logo":{"@type":"ImageObject","inLanguage":"en-GB","@id":"https:\/\/skaitytaknyga.lt\/#\/schema\/logo\/image\/","url":"https:\/\/skaitytaknyga.lt\/wp-content\/uploads\/2024\/05\/cropped-cropped-cropped-02_00843_jt3bggkj1j3HLc7SyY6rEUpg.jpeg","contentUrl":"https:\/\/skaitytaknyga.lt\/wp-content\/uploads\/2024\/05\/cropped-cropped-cropped-02_00843_jt3bggkj1j3HLc7SyY6rEUpg.jpeg","width":1600,"height":1600,"caption":"skaitytaknyga.lt"},"image":{"@id":"https:\/\/skaitytaknyga.lt\/#\/schema\/logo\/image\/"},"sameAs":["https:\/\/www.facebook.com\/skaitytaknyga\/"]}]}},"_links":{"self":[{"href":"https:\/\/skaitytaknyga.lt\/en\/wp-json\/wp\/v2\/product\/17988","targetHints":{"allow":["GET"]}}],"collection":[{"href":"https:\/\/skaitytaknyga.lt\/en\/wp-json\/wp\/v2\/product"}],"about":[{"href":"https:\/\/skaitytaknyga.lt\/en\/wp-json\/wp\/v2\/types\/product"}],"replies":[{"embeddable":true,"href":"https:\/\/skaitytaknyga.lt\/en\/wp-json\/wp\/v2\/comments?post=17988"}],"wp:featuredmedia":[{"embeddable":true,"href":"https:\/\/skaitytaknyga.lt\/en\/wp-json\/wp\/v2\/media\/18035"}],"wp:attachment":[{"href":"https:\/\/skaitytaknyga.lt\/en\/wp-json\/wp\/v2\/media?parent=17988"}],"wp:term":[{"taxonomy":"product_brand","embeddable":true,"href":"https:\/\/skaitytaknyga.lt\/en\/wp-json\/wp\/v2\/product_brand?post=17988"},{"taxonomy":"product_cat","embeddable":true,"href":"https:\/\/skaitytaknyga.lt\/en\/wp-json\/wp\/v2\/product_cat?post=17988"},{"taxonomy":"product_tag","embeddable":true,"href":"https:\/\/skaitytaknyga.lt\/en\/wp-json\/wp\/v2\/product_tag?post=17988"}],"curies":[{"name":"wp","href":"https:\/\/api.w.org\/{rel}","templated":true}]}}