{"id":17986,"date":"2025-04-23T14:19:57","date_gmt":"2025-04-23T11:19:57","guid":{"rendered":"https:\/\/skaitytaknyga.lt\/?post_type=product&#038;p=17986"},"modified":"2026-03-05T16:17:48","modified_gmt":"2026-03-05T14:17:48","slug":"kake-make-ir-baisi-neteisybe","status":"publish","type":"product","link":"https:\/\/skaitytaknyga.lt\/en\/produktas\/kake-make-ir-baisi-neteisybe\/","title":{"rendered":"Kak\u0117 Mak\u0117 ir baisi neteisyb\u0117"},"content":{"rendered":"<p>Rekomenduojama 3\u20136 met\u0173 vaikams.<\/p>\n<p>Kokia baisi neteisyb\u0117, kad Tado laivelis niekada nesk\u0119sta! Kak\u0117 Mak\u0117 truput\u0117l\u012f pavyd\u0117jo Tadui ir saldaus sumu\u0161tinio, ir greito paspirtuko, ir labai linksmo senelio. O kaipgi nepavyd\u0117si, kai tavo draugas turi geriausi\u0105 \u017eaisl\u0105 pasaulyje? Ta\u010diau Kak\u0117s Mak\u0117s senel\u0117 puikiai \u017eino, kad pavydas gali padaryti daug g\u0117dos, ir smagumas visai i\u0161garuoja&#8230;<\/p>\n<p>\u0160ioje Kak\u0117s Mak\u0117s paveiksl\u0117li\u0173 knygel\u0117je tiek ma\u017eas, tiek didelis skaitytojas atpa\u017eins save. Nelengva ir nemalonu susidurti su baisia neteisybe, bet tikra teisyb\u0117s diena gali dovanoti be galo daug smagumo. Juk draugyst\u0117 padeda nugal\u0117ti visus i\u0161\u0161\u016bkius!<\/p>\n<p><em>Kak\u0117 Mak\u0117 paprastai ir kiekvienam vaikui suprantamai kalba apie didelius ir svarbius dalykus. D\u017eiaugiuosi matydama, kad naujoje knygel\u0117je pasakojama istorija dar viena aktualia tema \u2013 kaip nepasiduoti vis\u0105 smagum\u0105 griaunan\u010diam pavydo jausmui. Kas tuo metu vyksta vaiko \u0161irdel\u0117je, kaip reik\u0117t\u0173 elgtis, kai u\u017evaldo pavydas ir knieti pasielgti netinkamai? Tuo pa\u010diu kalbama ir dar viena svarbia tema \u2013 kas yra atsipra\u0161ymas? Tiesiog i\u0161tarti bereik\u0161miai \u017eod\u017eiai ar kai kas daugiau?<\/em><\/p>\n<p><em>\u0160i knygel\u0117, tikiu, vaikams atskleis svarbias temas, o t\u0117veliams pad\u0117s dar geriau ir efektyviau bendrauti su savo ma\u017eaisiais, spr\u0119sti \u012fvairias kasdienes situacijas.<\/em><\/p>\n<p>Vaik\u0173 psicholog\u0117, vaik\u0173 psichologijos centro \u201eLaimingas vaikas\u201c \u012fk\u016br\u0117ja ir vadov\u0117 Milda Karklyt\u0117-Palevi\u010dien\u0117<\/p>\n<ul class=\"about-product d-none d-xl-block mt-4\">\n<li><strong>Autorius:<\/strong>\u00a0Lina \u017dutaut\u0117<\/li>\n<li><strong>Leid\u0117jas<\/strong>\u00a0Alma littera<\/li>\n<li><strong>Metai:<\/strong>\u00a02020<\/li>\n<li><strong>Puslapiai:<\/strong>\u00a036<\/li>\n<li class=\"toggleable type-new-formats \"><strong>ISBN :\u00a0<\/strong>9786090143582<\/li>\n<li><strong>Versijos kodas:<\/strong>\u00a0PT.<\/li>\n<li class=\"toggleable type-new-formats \"><strong>Formatas:<\/strong>\u00a021 x 21,5 x 0,8 cm, kieti vir\u0161eliai<\/li>\n<li><strong>Kalba:<\/strong>\u00a0Lietuvi\u0173<\/li>\n<\/ul>\n","protected":false},"excerpt":{"rendered":"<p>Rekomenduojama 3\u20136 met\u0173 vaikams. Kokia baisi neteisyb\u0117, kad Tado laivelis niekada nesk\u0119sta! Kak\u0117 Mak\u0117 truput\u0117l\u012f pavyd\u0117jo Tadui ir saldaus sumu\u0161tinio, ir greito paspirtuko, ir labai linksmo senelio. O kaipgi nepavyd\u0117si, kai tavo draugas turi geriausi\u0105 \u017eaisl\u0105 pasaulyje? Ta\u010diau Kak\u0117s Mak\u0117s senel\u0117 puikiai \u017eino, kad pavydas gali padaryti daug g\u0117dos, ir smagumas visai i\u0161garuoja&#8230; \u0160ioje Kak\u0117s Mak\u0117s paveiksl\u0117li\u0173 knygel\u0117je tiek ma\u017eas, tiek didelis skaitytojas atpa\u017eins save. Nelengva ir nemalonu susidurti su baisia neteisybe, bet tikra teisyb\u0117s diena gali dovanoti be galo daug smagumo. Juk draugyst\u0117 padeda nugal\u0117ti visus i\u0161\u0161\u016bkius! Kak\u0117 Mak\u0117 paprastai ir kiekvienam vaikui suprantamai kalba apie didelius ir svarbius dalykus. D\u017eiaugiuosi matydama, kad naujoje knygel\u0117je pasakojama istorija dar viena aktualia tema \u2013 kaip nepasiduoti vis\u0105 smagum\u0105 griaunan\u010diam pavydo jausmui. Kas tuo metu vyksta vaiko \u0161irdel\u0117je, kaip reik\u0117t\u0173 elgtis, kai u\u017evaldo pavydas ir knieti pasielgti netinkamai? Tuo pa\u010diu kalbama ir dar viena svarbia tema \u2013 kas yra atsipra\u0161ymas? Tiesiog i\u0161tarti bereik\u0161miai \u017eod\u017eiai ar kai kas daugiau? \u0160i knygel\u0117, tikiu, vaikams atskleis svarbias temas, o t\u0117veliams pad\u0117s dar geriau ir efektyviau bendrauti su savo ma\u017eaisiais, spr\u0119sti \u012fvairias kasdienes situacijas. Vaik\u0173 psicholog\u0117, vaik\u0173 psichologijos centro \u201eLaimingas vaikas\u201c \u012fk\u016br\u0117ja ir vadov\u0117 Milda Karklyt\u0117-Palevi\u010dien\u0117 Autorius:\u00a0Lina \u017dutaut\u0117 Leid\u0117jas\u00a0Alma littera Metai:\u00a02020 Puslapiai:\u00a036 ISBN :\u00a09786090143582 Versijos kodas:\u00a0PT. Formatas:\u00a021 x 21,5 x 0,8 cm, kieti vir\u0161eliai Kalba:\u00a0Lietuvi\u0173<\/p>\n","protected":false},"featured_media":18036,"comment_status":"open","ping_status":"closed","template":"","meta":{"_acf_changed":false,"site-sidebar-layout":"default","site-content-layout":"","ast-site-content-layout":"default","site-content-style":"default","site-sidebar-style":"default","ast-global-header-display":"","ast-banner-title-visibility":"","ast-main-header-display":"","ast-hfb-above-header-display":"","ast-hfb-below-header-display":"","ast-hfb-mobile-header-display":"","site-post-title":"","ast-breadcrumbs-content":"","ast-featured-img":"","footer-sml-layout":"","ast-disable-related-posts":"","theme-transparent-header-meta":"default","adv-header-id-meta":"","stick-header-meta":"","header-above-stick-meta":"","header-main-stick-meta":"","header-below-stick-meta":"","astra-migrate-meta-layouts":"set","ast-page-background-enabled":"default","ast-page-background-meta":{"desktop":{"background-color":"","background-image":"","background-repeat":"repeat","background-position":"center center","background-size":"auto","background-attachment":"scroll","background-type":"","background-media":"","overlay-type":"","overlay-color":"","overlay-opacity":"","overlay-gradient":""},"tablet":{"background-color":"","background-image":"","background-repeat":"repeat","background-position":"center center","background-size":"auto","background-attachment":"scroll","background-type":"","background-media":"","overlay-type":"","overlay-color":"","overlay-opacity":"","overlay-gradient":""},"mobile":{"background-color":"","background-image":"","background-repeat":"repeat","background-position":"center center","background-size":"auto","background-attachment":"scroll","background-type":"","background-media":"","overlay-type":"","overlay-color":"","overlay-opacity":"","overlay-gradient":""}},"ast-content-background-meta":{"desktop":{"background-color":"var(--ast-global-color-4)","background-image":"","background-repeat":"repeat","background-position":"center center","background-size":"auto","background-attachment":"scroll","background-type":"","background-media":"","overlay-type":"","overlay-color":"","overlay-opacity":"","overlay-gradient":""},"tablet":{"background-color":"var(--ast-global-color-4)","background-image":"","background-repeat":"repeat","background-position":"center center","background-size":"auto","background-attachment":"scroll","background-type":"","background-media":"","overlay-type":"","overlay-color":"","overlay-opacity":"","overlay-gradient":""},"mobile":{"background-color":"var(--ast-global-color-4)","background-image":"","background-repeat":"repeat","background-position":"center center","background-size":"auto","background-attachment":"scroll","background-type":"","background-media":"","overlay-type":"","overlay-color":"","overlay-opacity":"","overlay-gradient":""}}},"product_brand":[],"product_cat":[9677],"product_tag":[2080,2081,2082],"class_list":{"0":"post-17986","1":"product","2":"type-product","3":"status-publish","4":"has-post-thumbnail","6":"product_cat-ikimokyklinukams","7":"product_tag-ltkake-make","8":"product_tag-ltnuotykiai","9":"product_tag-ltvaiku-knyga","10":"desktop-align-left","11":"tablet-align-left","12":"mobile-align-left","14":"first","15":"instock","16":"shipping-taxable","17":"purchasable","18":"product-type-simple"},"acf":[],"yoast_head":"<!-- This site is optimized with the Yoast SEO plugin v27.0 - https:\/\/yoast.com\/product\/yoast-seo-wordpress\/ -->\n<title>Kak\u0117 Mak\u0117 ir baisi neteisyb\u0117<\/title>\n<meta name=\"description\" content=\"Rekomenduojama 3\u20136 met\u0173 vaikams. Kokia baisi neteisyb\u0117, kad Tado laivelis niekada nesk\u0119sta! Kak\u0117 Mak\u0117 truput\u0117l\u012f pavyd\u0117jo Tadui ir saldaus sumu\u0161tinio, ir\" \/>\n<meta name=\"robots\" content=\"index, follow, max-snippet:-1, max-image-preview:large, max-video-preview:-1\" \/>\n<link rel=\"canonical\" href=\"https:\/\/skaitytaknyga.lt\/en\/produktas\/kake-make-ir-baisi-neteisybe\/\" \/>\n<meta property=\"og:locale\" content=\"en_GB\" \/>\n<meta property=\"og:locale:alternate\" content=\"lt_LT\" \/>\n<meta property=\"og:type\" content=\"article\" \/>\n<meta property=\"og:title\" content=\"Kak\u0117 Mak\u0117 ir baisi neteisyb\u0117\" \/>\n<meta property=\"og:description\" content=\"Rekomenduojama 3\u20136 met\u0173 vaikams. Kokia baisi neteisyb\u0117, kad Tado laivelis niekada nesk\u0119sta! Kak\u0117 Mak\u0117 truput\u0117l\u012f pavyd\u0117jo Tadui ir saldaus sumu\u0161tinio, ir\" \/>\n<meta property=\"og:url\" content=\"https:\/\/skaitytaknyga.lt\/en\/produktas\/kake-make-ir-baisi-neteisybe\/\" \/>\n<meta property=\"og:site_name\" content=\"Skaitytaknyga\" \/>\n<meta property=\"article:publisher\" content=\"https:\/\/www.facebook.com\/skaitytaknyga\/\" \/>\n<meta property=\"article:modified_time\" content=\"2026-03-05T14:17:48+00:00\" \/>\n<meta property=\"og:image\" content=\"https:\/\/skaitytaknyga.lt\/wp-content\/uploads\/2025\/04\/Kake-Make-ir-baisi-neteisybe.webp\" \/>\n\t<meta property=\"og:image:width\" content=\"766\" \/>\n\t<meta property=\"og:image:height\" content=\"800\" \/>\n\t<meta property=\"og:image:type\" content=\"image\/webp\" \/>\n<meta name=\"twitter:card\" content=\"summary_large_image\" \/>\n<meta name=\"twitter:label1\" content=\"Estimated reading time\" \/>\n\t<meta name=\"twitter:data1\" content=\"2 minutes\" \/>\n<script type=\"application\/ld+json\" class=\"yoast-schema-graph\">{\"@context\":\"https:\/\/schema.org\",\"@graph\":[{\"@type\":\"WebPage\",\"@id\":\"https:\/\/skaitytaknyga.lt\/produktas\/kake-make-ir-baisi-neteisybe\/\",\"url\":\"https:\/\/skaitytaknyga.lt\/produktas\/kake-make-ir-baisi-neteisybe\/\",\"name\":\"Kak\u0117 Mak\u0117 ir baisi neteisyb\u0117\",\"isPartOf\":{\"@id\":\"https:\/\/skaitytaknyga.lt\/#website\"},\"primaryImageOfPage\":{\"@id\":\"https:\/\/skaitytaknyga.lt\/produktas\/kake-make-ir-baisi-neteisybe\/#primaryimage\"},\"image\":{\"@id\":\"https:\/\/skaitytaknyga.lt\/produktas\/kake-make-ir-baisi-neteisybe\/#primaryimage\"},\"thumbnailUrl\":\"https:\/\/skaitytaknyga.lt\/wp-content\/uploads\/2025\/04\/Kake-Make-ir-baisi-neteisybe.webp\",\"datePublished\":\"2025-04-23T11:19:57+00:00\",\"dateModified\":\"2026-03-05T14:17:48+00:00\",\"description\":\"Rekomenduojama 3\u20136 met\u0173 vaikams. Kokia baisi neteisyb\u0117, kad Tado laivelis niekada nesk\u0119sta! Kak\u0117 Mak\u0117 truput\u0117l\u012f pavyd\u0117jo Tadui ir saldaus sumu\u0161tinio, ir\",\"breadcrumb\":{\"@id\":\"https:\/\/skaitytaknyga.lt\/produktas\/kake-make-ir-baisi-neteisybe\/#breadcrumb\"},\"inLanguage\":\"en-GB\",\"potentialAction\":[{\"@type\":\"ReadAction\",\"target\":[\"https:\/\/skaitytaknyga.lt\/produktas\/kake-make-ir-baisi-neteisybe\/\"]}]},{\"@type\":\"ImageObject\",\"inLanguage\":\"en-GB\",\"@id\":\"https:\/\/skaitytaknyga.lt\/produktas\/kake-make-ir-baisi-neteisybe\/#primaryimage\",\"url\":\"https:\/\/skaitytaknyga.lt\/wp-content\/uploads\/2025\/04\/Kake-Make-ir-baisi-neteisybe.webp\",\"contentUrl\":\"https:\/\/skaitytaknyga.lt\/wp-content\/uploads\/2025\/04\/Kake-Make-ir-baisi-neteisybe.webp\",\"width\":766,\"height\":800,\"caption\":\"Kak\u0117 Mak\u0117 ir baisi neteisyb\u0117\"},{\"@type\":\"BreadcrumbList\",\"@id\":\"https:\/\/skaitytaknyga.lt\/produktas\/kake-make-ir-baisi-neteisybe\/#breadcrumb\",\"itemListElement\":[{\"@type\":\"ListItem\",\"position\":1,\"name\":\"Home\",\"item\":\"https:\/\/skaitytaknyga.lt\/\"},{\"@type\":\"ListItem\",\"position\":2,\"name\":\"Parduotuv\u0117\",\"item\":\"https:\/\/skaitytaknyga.lt\/knygu-parduotuve\/\"},{\"@type\":\"ListItem\",\"position\":3,\"name\":\"Kak\u0117 Mak\u0117 ir baisi neteisyb\u0117\"}]},{\"@type\":\"WebSite\",\"@id\":\"https:\/\/skaitytaknyga.lt\/#website\",\"url\":\"https:\/\/skaitytaknyga.lt\/\",\"name\":\"skaitytaknyga.lt\",\"description\":\"Skaitytaknyga.lt \u2013 tai ma\u017eas \u0161eimos verslas, kuris prasid\u0117jo nuo meil\u0117s knygoms ir siekio i\u0161gelb\u0117ti knygas nuo likimo prie konteinerio. Kas vienam nereikalingas daiktas \u2013 kitam lobis, o mes esame tarpininkai, kurie padeda abiems tapti laimingesniems ???? \u017dinome kaip nelengva i\u0161gyventi ma\u017eiems verslams, tad nuo \u0161iol, \u010dia rasite ir kit\u0173, ma\u017e\u0173 \u0161eim\u0173 versl\u0173, rank\u0173 darbo, dovan\u0173 sau ir artimiesiems.\",\"publisher\":{\"@id\":\"https:\/\/skaitytaknyga.lt\/#organization\"},\"potentialAction\":[{\"@type\":\"SearchAction\",\"target\":{\"@type\":\"EntryPoint\",\"urlTemplate\":\"https:\/\/skaitytaknyga.lt\/?s={search_term_string}\"},\"query-input\":{\"@type\":\"PropertyValueSpecification\",\"valueRequired\":true,\"valueName\":\"search_term_string\"}}],\"inLanguage\":\"en-GB\"},{\"@type\":\"Organization\",\"@id\":\"https:\/\/skaitytaknyga.lt\/#organization\",\"name\":\"skaitytaknyga.lt\",\"url\":\"https:\/\/skaitytaknyga.lt\/\",\"logo\":{\"@type\":\"ImageObject\",\"inLanguage\":\"en-GB\",\"@id\":\"https:\/\/skaitytaknyga.lt\/#\/schema\/logo\/image\/\",\"url\":\"https:\/\/skaitytaknyga.lt\/wp-content\/uploads\/2024\/05\/cropped-cropped-cropped-02_00843_jt3bggkj1j3HLc7SyY6rEUpg.jpeg\",\"contentUrl\":\"https:\/\/skaitytaknyga.lt\/wp-content\/uploads\/2024\/05\/cropped-cropped-cropped-02_00843_jt3bggkj1j3HLc7SyY6rEUpg.jpeg\",\"width\":1600,\"height\":1600,\"caption\":\"skaitytaknyga.lt\"},\"image\":{\"@id\":\"https:\/\/skaitytaknyga.lt\/#\/schema\/logo\/image\/\"},\"sameAs\":[\"https:\/\/www.facebook.com\/skaitytaknyga\/\"]}]}<\/script>\n<!-- \/ Yoast SEO plugin. -->","yoast_head_json":{"title":"Kak\u0117 Mak\u0117 ir baisi neteisyb\u0117","description":"Rekomenduojama 3\u20136 met\u0173 vaikams. Kokia baisi neteisyb\u0117, kad Tado laivelis niekada nesk\u0119sta! Kak\u0117 Mak\u0117 truput\u0117l\u012f pavyd\u0117jo Tadui ir saldaus sumu\u0161tinio, ir","robots":{"index":"index","follow":"follow","max-snippet":"max-snippet:-1","max-image-preview":"max-image-preview:large","max-video-preview":"max-video-preview:-1"},"canonical":"https:\/\/skaitytaknyga.lt\/en\/produktas\/kake-make-ir-baisi-neteisybe\/","og_locale":"en_GB","og_type":"article","og_title":"[:lt]Kak\u0117 Mak\u0117 ir baisi neteisyb\u0117[:] - Skaitytaknyga","og_description":"Rekomenduojama 3\u20136 met\u0173 vaikams. Kokia baisi neteisyb\u0117, kad Tado laivelis niekada nesk\u0119sta! Kak\u0117 Mak\u0117 truput\u0117l\u012f pavyd\u0117jo Tadui ir saldaus sumu\u0161tinio, ir","og_url":"https:\/\/skaitytaknyga.lt\/en\/produktas\/kake-make-ir-baisi-neteisybe\/","og_site_name":"Skaitytaknyga","article_publisher":"https:\/\/www.facebook.com\/skaitytaknyga\/","article_modified_time":"2026-03-05T14:17:48+00:00","og_image":[{"width":766,"height":800,"url":"https:\/\/skaitytaknyga.lt\/wp-content\/uploads\/2025\/04\/Kake-Make-ir-baisi-neteisybe.webp","type":"image\/webp"}],"twitter_card":"summary_large_image","twitter_misc":{"Estimated reading time":"2 minutes"},"schema":{"@context":"https:\/\/schema.org","@graph":[{"@type":"WebPage","@id":"https:\/\/skaitytaknyga.lt\/produktas\/kake-make-ir-baisi-neteisybe\/","url":"https:\/\/skaitytaknyga.lt\/produktas\/kake-make-ir-baisi-neteisybe\/","name":"Kak\u0117 Mak\u0117 ir baisi neteisyb\u0117","isPartOf":{"@id":"https:\/\/skaitytaknyga.lt\/#website"},"primaryImageOfPage":{"@id":"https:\/\/skaitytaknyga.lt\/produktas\/kake-make-ir-baisi-neteisybe\/#primaryimage"},"image":{"@id":"https:\/\/skaitytaknyga.lt\/produktas\/kake-make-ir-baisi-neteisybe\/#primaryimage"},"thumbnailUrl":"https:\/\/skaitytaknyga.lt\/wp-content\/uploads\/2025\/04\/Kake-Make-ir-baisi-neteisybe.webp","datePublished":"2025-04-23T11:19:57+00:00","dateModified":"2026-03-05T14:17:48+00:00","description":"Rekomenduojama 3\u20136 met\u0173 vaikams. Kokia baisi neteisyb\u0117, kad Tado laivelis niekada nesk\u0119sta! Kak\u0117 Mak\u0117 truput\u0117l\u012f pavyd\u0117jo Tadui ir saldaus sumu\u0161tinio, ir","breadcrumb":{"@id":"https:\/\/skaitytaknyga.lt\/produktas\/kake-make-ir-baisi-neteisybe\/#breadcrumb"},"inLanguage":"en-GB","potentialAction":[{"@type":"ReadAction","target":["https:\/\/skaitytaknyga.lt\/produktas\/kake-make-ir-baisi-neteisybe\/"]}]},{"@type":"ImageObject","inLanguage":"en-GB","@id":"https:\/\/skaitytaknyga.lt\/produktas\/kake-make-ir-baisi-neteisybe\/#primaryimage","url":"https:\/\/skaitytaknyga.lt\/wp-content\/uploads\/2025\/04\/Kake-Make-ir-baisi-neteisybe.webp","contentUrl":"https:\/\/skaitytaknyga.lt\/wp-content\/uploads\/2025\/04\/Kake-Make-ir-baisi-neteisybe.webp","width":766,"height":800,"caption":"Kak\u0117 Mak\u0117 ir baisi neteisyb\u0117"},{"@type":"BreadcrumbList","@id":"https:\/\/skaitytaknyga.lt\/produktas\/kake-make-ir-baisi-neteisybe\/#breadcrumb","itemListElement":[{"@type":"ListItem","position":1,"name":"Home","item":"https:\/\/skaitytaknyga.lt\/"},{"@type":"ListItem","position":2,"name":"Parduotuv\u0117","item":"https:\/\/skaitytaknyga.lt\/knygu-parduotuve\/"},{"@type":"ListItem","position":3,"name":"Kak\u0117 Mak\u0117 ir baisi neteisyb\u0117"}]},{"@type":"WebSite","@id":"https:\/\/skaitytaknyga.lt\/#website","url":"https:\/\/skaitytaknyga.lt\/","name":"skaitytaknyga.lt","description":"Skaitytaknyga.lt \u2013 tai ma\u017eas \u0161eimos verslas, kuris prasid\u0117jo nuo meil\u0117s knygoms ir siekio i\u0161gelb\u0117ti knygas nuo likimo prie konteinerio. Kas vienam nereikalingas daiktas \u2013 kitam lobis, o mes esame tarpininkai, kurie padeda abiems tapti laimingesniems ???? \u017dinome kaip nelengva i\u0161gyventi ma\u017eiems verslams, tad nuo \u0161iol, \u010dia rasite ir kit\u0173, ma\u017e\u0173 \u0161eim\u0173 versl\u0173, rank\u0173 darbo, dovan\u0173 sau ir artimiesiems.","publisher":{"@id":"https:\/\/skaitytaknyga.lt\/#organization"},"potentialAction":[{"@type":"SearchAction","target":{"@type":"EntryPoint","urlTemplate":"https:\/\/skaitytaknyga.lt\/?s={search_term_string}"},"query-input":{"@type":"PropertyValueSpecification","valueRequired":true,"valueName":"search_term_string"}}],"inLanguage":"en-GB"},{"@type":"Organization","@id":"https:\/\/skaitytaknyga.lt\/#organization","name":"skaitytaknyga.lt","url":"https:\/\/skaitytaknyga.lt\/","logo":{"@type":"ImageObject","inLanguage":"en-GB","@id":"https:\/\/skaitytaknyga.lt\/#\/schema\/logo\/image\/","url":"https:\/\/skaitytaknyga.lt\/wp-content\/uploads\/2024\/05\/cropped-cropped-cropped-02_00843_jt3bggkj1j3HLc7SyY6rEUpg.jpeg","contentUrl":"https:\/\/skaitytaknyga.lt\/wp-content\/uploads\/2024\/05\/cropped-cropped-cropped-02_00843_jt3bggkj1j3HLc7SyY6rEUpg.jpeg","width":1600,"height":1600,"caption":"skaitytaknyga.lt"},"image":{"@id":"https:\/\/skaitytaknyga.lt\/#\/schema\/logo\/image\/"},"sameAs":["https:\/\/www.facebook.com\/skaitytaknyga\/"]}]}},"_links":{"self":[{"href":"https:\/\/skaitytaknyga.lt\/en\/wp-json\/wp\/v2\/product\/17986","targetHints":{"allow":["GET"]}}],"collection":[{"href":"https:\/\/skaitytaknyga.lt\/en\/wp-json\/wp\/v2\/product"}],"about":[{"href":"https:\/\/skaitytaknyga.lt\/en\/wp-json\/wp\/v2\/types\/product"}],"replies":[{"embeddable":true,"href":"https:\/\/skaitytaknyga.lt\/en\/wp-json\/wp\/v2\/comments?post=17986"}],"wp:featuredmedia":[{"embeddable":true,"href":"https:\/\/skaitytaknyga.lt\/en\/wp-json\/wp\/v2\/media\/18036"}],"wp:attachment":[{"href":"https:\/\/skaitytaknyga.lt\/en\/wp-json\/wp\/v2\/media?parent=17986"}],"wp:term":[{"taxonomy":"product_brand","embeddable":true,"href":"https:\/\/skaitytaknyga.lt\/en\/wp-json\/wp\/v2\/product_brand?post=17986"},{"taxonomy":"product_cat","embeddable":true,"href":"https:\/\/skaitytaknyga.lt\/en\/wp-json\/wp\/v2\/product_cat?post=17986"},{"taxonomy":"product_tag","embeddable":true,"href":"https:\/\/skaitytaknyga.lt\/en\/wp-json\/wp\/v2\/product_tag?post=17986"}],"curies":[{"name":"wp","href":"https:\/\/api.w.org\/{rel}","templated":true}]}}