{"id":17985,"date":"2025-04-23T14:19:57","date_gmt":"2025-04-23T11:19:57","guid":{"rendered":"https:\/\/skaitytaknyga.lt\/?post_type=product&#038;p=17985"},"modified":"2025-05-12T14:58:04","modified_gmt":"2025-05-12T11:58:04","slug":"kake-make-ir-supertecio-diena","status":"publish","type":"product","link":"https:\/\/skaitytaknyga.lt\/en\/produktas\/kake-make-ir-supertecio-diena\/","title":{"rendered":"Kak\u0117 Mak\u0117 ir supert\u0117\u010dio diena"},"content":{"rendered":"<p>\u201eBlynozauras\u201c ar \u201eblynakonda\u201c \u2013 tai tik dalis k\u016brybi\u0161kumo, atsiskleid\u017eian\u010dio t\u0117\u010diams vieniems pasilikus su vaikais. \u0160i knyga apie ypating\u0105 vaiko ir t\u0117\u010dio santyk\u012f, pripildant\u012f vaiko gyvenim\u0105 nauj\u0173 ir netik\u0117t\u0173 patir\u010di\u0173, kitokio pasaulio matymo ir leid\u017eian\u010dio patirti pusiausvyr\u0105. Su t\u0117\u010diais vaikai da\u017eniau rizikuoja, eksperimentuoja ir nugali baimes. T\u0117\u010di\u0173 pasaulis kitoks nei mam\u0173, tad laim\u0117 savo gyvenime pa\u017einti juos abu \u2013 taip atsiranda galimyb\u0117 pajusti pusiausvyr\u0105.<\/p>\n<p>Kak\u0117 Mak\u0117 \u017eino, kad visi pasaulio t\u0117\u010diai yra ypatingi ir turi stebukling\u0173 gali\u0173, tiesiog kartais reikia ekstremali\u0173 s\u0105lyg\u0173 toms savyb\u0117ms atsiskleisti. Lik\u0119s vienas namuose t\u0117tis priverstas tapti supert\u0117\u010diu \u2013 \u017emogumi, ant kurio pe\u010di\u0173 gula visi i\u0161dyk\u0117l\u0117s Kak\u0117s Mak\u0117s d\u017eiaugsmai ir r\u016bpes\u010diai. Supert\u0117\u010diai puikiai \u017eino, kaip reikia rodyti tinkam\u0105 pavyzd\u012f, kokie yra gra\u017eiausi padr\u0105sinimo \u017eod\u017eiai ir kaip kasdienius darbus paversti \u017eaidimu!<\/p>\n<p>K\u0105 apie knygel\u0119 sako t\u0117vai?<\/p>\n<p class=\"16\"><em>&#8211;\u00a0Tikrai labai gera knyga. \u012edomi, pagaliau daug para\u0161yta ir apie t\u0117t\u012f. Tema gera, d\u0117stymas geras, detali\u0173 daug \u2013 prilygsta pirmoms dviem knygel\u0117ms.<\/em><\/p>\n<p class=\"16\"><em>&#8211;\u00a0Nuostabi knygut\u0117, pirkau s\u016bnui 3 met\u0173. Jam taip patiko, kad nori ir kit\u0173. M\u0117gstamiausia prie\u0161 mieg\u0105 knygut\u0117.<\/em><\/p>\n<p>Kak\u0117s Mak\u0117s paveiksl\u0117li\u0173 knygos \u2013 tai knygeli\u0173 serija apie penkeri\u0173 met\u0173 mergait\u0119, kuri m\u0117gaujasi savo vaikyste ir bando pa\u017einti vis\u0105 j\u0105 supant\u012f pasaul\u012f! Pa\u017eindama j\u012f heroj\u0117 susiduria su \u012fvairiomis situacijomis ir i\u0161\u0161\u016bkiais \u2013 baime, pavydu, pyk\u010diu, tinginyste. Netik\u0117tos istorijos, pasakojamos pasitelkiant gausyb\u0119 unikali\u0173 iliustracij\u0173, ne moralizuoja, o padeda su\u017eadinti vaiko fantazij\u0105 ir skatina j\u012f pat\u012f rasti teising\u0105 atsakym\u0105. Tai knygel\u0117s, kurios pad\u0117s susitarti su vaiku sud\u0117tingose situacijose, lavins kasdienius vaiko \u012fpro\u010dius ir ugdys jo emocin\u012f intelekt\u0105.<\/p>\n<ul class=\"about-product d-none d-xl-block mt-4\">\n<li><strong>Autorius:<\/strong>\u00a0Lina \u017dutaut\u0117<\/li>\n<li><strong>Leid\u0117jas<\/strong>\u00a0Alma littera<\/li>\n<li><strong>Metai:<\/strong>\u00a02017<\/li>\n<li><strong>Puslapiai:<\/strong>\u00a036<\/li>\n<li class=\"toggleable type-new-formats \"><strong>ISBN :\u00a0<\/strong>9786090128923<\/li>\n<li><strong>Versijos kodas:<\/strong>\u00a0PT.<\/li>\n<li class=\"toggleable type-new-formats \"><strong>Formatas:<\/strong>\u00a020,5 x 20,5 x 0,7 cm, kieti vir\u0161eliai<\/li>\n<li><strong>Kalba:<\/strong>\u00a0Lietuvi\u0173<\/li>\n<\/ul>\n","protected":false},"excerpt":{"rendered":"<p>\u201eBlynozauras\u201c ar \u201eblynakonda\u201c \u2013 tai tik dalis k\u016brybi\u0161kumo, atsiskleid\u017eian\u010dio t\u0117\u010diams vieniems pasilikus su vaikais. \u0160i knyga apie ypating\u0105 vaiko ir t\u0117\u010dio santyk\u012f, pripildant\u012f vaiko gyvenim\u0105 nauj\u0173 ir netik\u0117t\u0173 patir\u010di\u0173, kitokio pasaulio matymo ir leid\u017eian\u010dio patirti pusiausvyr\u0105. Su t\u0117\u010diais vaikai da\u017eniau rizikuoja, eksperimentuoja ir nugali baimes. T\u0117\u010di\u0173 pasaulis kitoks nei mam\u0173, tad laim\u0117 savo gyvenime pa\u017einti juos abu \u2013 taip atsiranda galimyb\u0117 pajusti pusiausvyr\u0105. Kak\u0117 Mak\u0117 \u017eino, kad visi pasaulio t\u0117\u010diai yra ypatingi ir turi stebukling\u0173 gali\u0173, tiesiog kartais reikia ekstremali\u0173 s\u0105lyg\u0173 toms savyb\u0117ms atsiskleisti. Lik\u0119s vienas namuose t\u0117tis priverstas tapti supert\u0117\u010diu \u2013 \u017emogumi, ant kurio pe\u010di\u0173 gula visi i\u0161dyk\u0117l\u0117s Kak\u0117s Mak\u0117s d\u017eiaugsmai ir r\u016bpes\u010diai. Supert\u0117\u010diai puikiai \u017eino, kaip reikia rodyti tinkam\u0105 pavyzd\u012f, kokie yra gra\u017eiausi padr\u0105sinimo \u017eod\u017eiai ir kaip kasdienius darbus paversti \u017eaidimu! K\u0105 apie knygel\u0119 sako t\u0117vai? &#8211;\u00a0Tikrai labai gera knyga. \u012edomi, pagaliau daug para\u0161yta ir apie t\u0117t\u012f. Tema gera, d\u0117stymas geras, detali\u0173 daug \u2013 prilygsta pirmoms dviem knygel\u0117ms. &#8211;\u00a0Nuostabi knygut\u0117, pirkau s\u016bnui 3 met\u0173. Jam taip patiko, kad nori ir kit\u0173. M\u0117gstamiausia prie\u0161 mieg\u0105 knygut\u0117. Kak\u0117s Mak\u0117s paveiksl\u0117li\u0173 knygos \u2013 tai knygeli\u0173 serija apie penkeri\u0173 met\u0173 mergait\u0119, kuri m\u0117gaujasi savo vaikyste ir bando pa\u017einti vis\u0105 j\u0105 supant\u012f pasaul\u012f! Pa\u017eindama j\u012f heroj\u0117 susiduria su \u012fvairiomis situacijomis ir i\u0161\u0161\u016bkiais \u2013 baime, pavydu, pyk\u010diu, tinginyste. Netik\u0117tos istorijos, pasakojamos pasitelkiant gausyb\u0119 unikali\u0173 iliustracij\u0173, ne moralizuoja, o padeda su\u017eadinti vaiko fantazij\u0105 ir skatina j\u012f pat\u012f rasti teising\u0105 atsakym\u0105. Tai knygel\u0117s, kurios pad\u0117s susitarti su vaiku sud\u0117tingose situacijose, lavins kasdienius vaiko \u012fpro\u010dius ir ugdys jo emocin\u012f intelekt\u0105. Autorius:\u00a0Lina \u017dutaut\u0117 Leid\u0117jas\u00a0Alma littera Metai:\u00a02017 Puslapiai:\u00a036 ISBN :\u00a09786090128923 Versijos kodas:\u00a0PT. Formatas:\u00a020,5 x 20,5 x 0,7 cm, kieti vir\u0161eliai Kalba:\u00a0Lietuvi\u0173<\/p>\n","protected":false},"featured_media":18033,"comment_status":"open","ping_status":"closed","template":"","meta":{"_acf_changed":false,"site-sidebar-layout":"default","site-content-layout":"","ast-site-content-layout":"default","site-content-style":"default","site-sidebar-style":"default","ast-global-header-display":"","ast-banner-title-visibility":"","ast-main-header-display":"","ast-hfb-above-header-display":"","ast-hfb-below-header-display":"","ast-hfb-mobile-header-display":"","site-post-title":"","ast-breadcrumbs-content":"","ast-featured-img":"","footer-sml-layout":"","ast-disable-related-posts":"","theme-transparent-header-meta":"default","adv-header-id-meta":"","stick-header-meta":"","header-above-stick-meta":"","header-main-stick-meta":"","header-below-stick-meta":"","astra-migrate-meta-layouts":"set","ast-page-background-enabled":"default","ast-page-background-meta":{"desktop":{"background-color":"","background-image":"","background-repeat":"repeat","background-position":"center center","background-size":"auto","background-attachment":"scroll","background-type":"","background-media":"","overlay-type":"","overlay-color":"","overlay-opacity":"","overlay-gradient":""},"tablet":{"background-color":"","background-image":"","background-repeat":"repeat","background-position":"center center","background-size":"auto","background-attachment":"scroll","background-type":"","background-media":"","overlay-type":"","overlay-color":"","overlay-opacity":"","overlay-gradient":""},"mobile":{"background-color":"","background-image":"","background-repeat":"repeat","background-position":"center center","background-size":"auto","background-attachment":"scroll","background-type":"","background-media":"","overlay-type":"","overlay-color":"","overlay-opacity":"","overlay-gradient":""}},"ast-content-background-meta":{"desktop":{"background-color":"var(--ast-global-color-4)","background-image":"","background-repeat":"repeat","background-position":"center center","background-size":"auto","background-attachment":"scroll","background-type":"","background-media":"","overlay-type":"","overlay-color":"","overlay-opacity":"","overlay-gradient":""},"tablet":{"background-color":"var(--ast-global-color-4)","background-image":"","background-repeat":"repeat","background-position":"center center","background-size":"auto","background-attachment":"scroll","background-type":"","background-media":"","overlay-type":"","overlay-color":"","overlay-opacity":"","overlay-gradient":""},"mobile":{"background-color":"var(--ast-global-color-4)","background-image":"","background-repeat":"repeat","background-position":"center center","background-size":"auto","background-attachment":"scroll","background-type":"","background-media":"","overlay-type":"","overlay-color":"","overlay-opacity":"","overlay-gradient":""}}},"product_brand":[],"product_cat":[15],"product_tag":[2080,2081,2082],"class_list":{"0":"post-17985","1":"product","2":"type-product","3":"status-publish","4":"has-post-thumbnail","6":"product_cat-uncategorized","7":"product_tag-ltkake-make","8":"product_tag-ltnuotykiai","9":"product_tag-ltvaiku-knyga","10":"desktop-align-left","11":"tablet-align-left","12":"mobile-align-left","14":"first","15":"instock","16":"shipping-taxable","17":"purchasable","18":"product-type-simple"},"acf":[],"yoast_head":"<!-- This site is optimized with the Yoast SEO plugin v27.0 - https:\/\/yoast.com\/product\/yoast-seo-wordpress\/ -->\n<title>Kak\u0117 Mak\u0117 ir supert\u0117\u010dio diena<\/title>\n<meta name=\"description\" content=\"\u201eBlynozauras\u201c ar \u201eblynakonda\u201c \u2013 tai tik dalis k\u016brybi\u0161kumo, atsiskleid\u017eian\u010dio t\u0117\u010diams vieniems pasilikus su vaikais. \u0160i knyga apie ypating\u0105 vaiko ir t\u0117\u010dio\" \/>\n<meta name=\"robots\" content=\"index, follow, max-snippet:-1, max-image-preview:large, max-video-preview:-1\" \/>\n<link rel=\"canonical\" href=\"https:\/\/skaitytaknyga.lt\/en\/produktas\/kake-make-ir-supertecio-diena\/\" \/>\n<meta property=\"og:locale\" content=\"en_GB\" \/>\n<meta property=\"og:locale:alternate\" content=\"lt_LT\" \/>\n<meta property=\"og:type\" content=\"article\" \/>\n<meta property=\"og:title\" content=\"Kak\u0117 Mak\u0117 ir supert\u0117\u010dio diena\" \/>\n<meta property=\"og:description\" content=\"\u201eBlynozauras\u201c ar \u201eblynakonda\u201c \u2013 tai tik dalis k\u016brybi\u0161kumo, atsiskleid\u017eian\u010dio t\u0117\u010diams vieniems pasilikus su vaikais. \u0160i knyga apie ypating\u0105 vaiko ir t\u0117\u010dio\" \/>\n<meta property=\"og:url\" content=\"https:\/\/skaitytaknyga.lt\/en\/produktas\/kake-make-ir-supertecio-diena\/\" \/>\n<meta property=\"og:site_name\" content=\"Skaitytaknyga\" \/>\n<meta property=\"article:publisher\" content=\"https:\/\/www.facebook.com\/skaitytaknyga\/\" \/>\n<meta property=\"article:modified_time\" content=\"2025-05-12T11:58:04+00:00\" \/>\n<meta property=\"og:image\" content=\"https:\/\/skaitytaknyga.lt\/wp-content\/uploads\/2025\/04\/Kake-Make-ir-supertecio-diena.webp\" \/>\n\t<meta property=\"og:image:width\" content=\"796\" \/>\n\t<meta property=\"og:image:height\" content=\"800\" \/>\n\t<meta property=\"og:image:type\" content=\"image\/webp\" \/>\n<meta name=\"twitter:card\" content=\"summary_large_image\" \/>\n<meta name=\"twitter:label1\" content=\"Estimated reading time\" \/>\n\t<meta name=\"twitter:data1\" content=\"1 minute\" \/>\n<script type=\"application\/ld+json\" class=\"yoast-schema-graph\">{\"@context\":\"https:\/\/schema.org\",\"@graph\":[{\"@type\":\"WebPage\",\"@id\":\"https:\/\/skaitytaknyga.lt\/produktas\/kake-make-ir-supertecio-diena\/\",\"url\":\"https:\/\/skaitytaknyga.lt\/produktas\/kake-make-ir-supertecio-diena\/\",\"name\":\"Kak\u0117 Mak\u0117 ir supert\u0117\u010dio diena\",\"isPartOf\":{\"@id\":\"https:\/\/skaitytaknyga.lt\/#website\"},\"primaryImageOfPage\":{\"@id\":\"https:\/\/skaitytaknyga.lt\/produktas\/kake-make-ir-supertecio-diena\/#primaryimage\"},\"image\":{\"@id\":\"https:\/\/skaitytaknyga.lt\/produktas\/kake-make-ir-supertecio-diena\/#primaryimage\"},\"thumbnailUrl\":\"https:\/\/skaitytaknyga.lt\/wp-content\/uploads\/2025\/04\/Kake-Make-ir-supertecio-diena.webp\",\"datePublished\":\"2025-04-23T11:19:57+00:00\",\"dateModified\":\"2025-05-12T11:58:04+00:00\",\"description\":\"\u201eBlynozauras\u201c ar \u201eblynakonda\u201c \u2013 tai tik dalis k\u016brybi\u0161kumo, atsiskleid\u017eian\u010dio t\u0117\u010diams vieniems pasilikus su vaikais. \u0160i knyga apie ypating\u0105 vaiko ir t\u0117\u010dio\",\"breadcrumb\":{\"@id\":\"https:\/\/skaitytaknyga.lt\/produktas\/kake-make-ir-supertecio-diena\/#breadcrumb\"},\"inLanguage\":\"en-GB\",\"potentialAction\":[{\"@type\":\"ReadAction\",\"target\":[\"https:\/\/skaitytaknyga.lt\/produktas\/kake-make-ir-supertecio-diena\/\"]}]},{\"@type\":\"ImageObject\",\"inLanguage\":\"en-GB\",\"@id\":\"https:\/\/skaitytaknyga.lt\/produktas\/kake-make-ir-supertecio-diena\/#primaryimage\",\"url\":\"https:\/\/skaitytaknyga.lt\/wp-content\/uploads\/2025\/04\/Kake-Make-ir-supertecio-diena.webp\",\"contentUrl\":\"https:\/\/skaitytaknyga.lt\/wp-content\/uploads\/2025\/04\/Kake-Make-ir-supertecio-diena.webp\",\"width\":796,\"height\":800,\"caption\":\"Kak\u0117 Mak\u0117 ir supert\u0117\u010dio diena\"},{\"@type\":\"BreadcrumbList\",\"@id\":\"https:\/\/skaitytaknyga.lt\/produktas\/kake-make-ir-supertecio-diena\/#breadcrumb\",\"itemListElement\":[{\"@type\":\"ListItem\",\"position\":1,\"name\":\"Home\",\"item\":\"https:\/\/skaitytaknyga.lt\/\"},{\"@type\":\"ListItem\",\"position\":2,\"name\":\"Parduotuv\u0117\",\"item\":\"https:\/\/skaitytaknyga.lt\/knygu-parduotuve\/\"},{\"@type\":\"ListItem\",\"position\":3,\"name\":\"Kak\u0117 Mak\u0117 ir supert\u0117\u010dio diena\"}]},{\"@type\":\"WebSite\",\"@id\":\"https:\/\/skaitytaknyga.lt\/#website\",\"url\":\"https:\/\/skaitytaknyga.lt\/\",\"name\":\"skaitytaknyga.lt\",\"description\":\"Skaitytaknyga.lt \u2013 tai ma\u017eas \u0161eimos verslas, kuris prasid\u0117jo nuo meil\u0117s knygoms ir siekio i\u0161gelb\u0117ti knygas nuo likimo prie konteinerio. Kas vienam nereikalingas daiktas \u2013 kitam lobis, o mes esame tarpininkai, kurie padeda abiems tapti laimingesniems ???? \u017dinome kaip nelengva i\u0161gyventi ma\u017eiems verslams, tad nuo \u0161iol, \u010dia rasite ir kit\u0173, ma\u017e\u0173 \u0161eim\u0173 versl\u0173, rank\u0173 darbo, dovan\u0173 sau ir artimiesiems.\",\"publisher\":{\"@id\":\"https:\/\/skaitytaknyga.lt\/#organization\"},\"potentialAction\":[{\"@type\":\"SearchAction\",\"target\":{\"@type\":\"EntryPoint\",\"urlTemplate\":\"https:\/\/skaitytaknyga.lt\/?s={search_term_string}\"},\"query-input\":{\"@type\":\"PropertyValueSpecification\",\"valueRequired\":true,\"valueName\":\"search_term_string\"}}],\"inLanguage\":\"en-GB\"},{\"@type\":\"Organization\",\"@id\":\"https:\/\/skaitytaknyga.lt\/#organization\",\"name\":\"skaitytaknyga.lt\",\"url\":\"https:\/\/skaitytaknyga.lt\/\",\"logo\":{\"@type\":\"ImageObject\",\"inLanguage\":\"en-GB\",\"@id\":\"https:\/\/skaitytaknyga.lt\/#\/schema\/logo\/image\/\",\"url\":\"https:\/\/skaitytaknyga.lt\/wp-content\/uploads\/2024\/05\/cropped-cropped-cropped-02_00843_jt3bggkj1j3HLc7SyY6rEUpg.jpeg\",\"contentUrl\":\"https:\/\/skaitytaknyga.lt\/wp-content\/uploads\/2024\/05\/cropped-cropped-cropped-02_00843_jt3bggkj1j3HLc7SyY6rEUpg.jpeg\",\"width\":1600,\"height\":1600,\"caption\":\"skaitytaknyga.lt\"},\"image\":{\"@id\":\"https:\/\/skaitytaknyga.lt\/#\/schema\/logo\/image\/\"},\"sameAs\":[\"https:\/\/www.facebook.com\/skaitytaknyga\/\"]}]}<\/script>\n<!-- \/ Yoast SEO plugin. -->","yoast_head_json":{"title":"Kak\u0117 Mak\u0117 ir supert\u0117\u010dio diena","description":"\u201eBlynozauras\u201c ar \u201eblynakonda\u201c \u2013 tai tik dalis k\u016brybi\u0161kumo, atsiskleid\u017eian\u010dio t\u0117\u010diams vieniems pasilikus su vaikais. \u0160i knyga apie ypating\u0105 vaiko ir t\u0117\u010dio","robots":{"index":"index","follow":"follow","max-snippet":"max-snippet:-1","max-image-preview":"max-image-preview:large","max-video-preview":"max-video-preview:-1"},"canonical":"https:\/\/skaitytaknyga.lt\/en\/produktas\/kake-make-ir-supertecio-diena\/","og_locale":"en_GB","og_type":"article","og_title":"[:lt]Kak\u0117 Mak\u0117 ir supert\u0117\u010dio diena[:] - Skaitytaknyga","og_description":"\u201eBlynozauras\u201c ar \u201eblynakonda\u201c \u2013 tai tik dalis k\u016brybi\u0161kumo, atsiskleid\u017eian\u010dio t\u0117\u010diams vieniems pasilikus su vaikais. \u0160i knyga apie ypating\u0105 vaiko ir t\u0117\u010dio","og_url":"https:\/\/skaitytaknyga.lt\/en\/produktas\/kake-make-ir-supertecio-diena\/","og_site_name":"Skaitytaknyga","article_publisher":"https:\/\/www.facebook.com\/skaitytaknyga\/","article_modified_time":"2025-05-12T11:58:04+00:00","og_image":[{"width":796,"height":800,"url":"https:\/\/skaitytaknyga.lt\/wp-content\/uploads\/2025\/04\/Kake-Make-ir-supertecio-diena.webp","type":"image\/webp"}],"twitter_card":"summary_large_image","twitter_misc":{"Estimated reading time":"1 minute"},"schema":{"@context":"https:\/\/schema.org","@graph":[{"@type":"WebPage","@id":"https:\/\/skaitytaknyga.lt\/produktas\/kake-make-ir-supertecio-diena\/","url":"https:\/\/skaitytaknyga.lt\/produktas\/kake-make-ir-supertecio-diena\/","name":"Kak\u0117 Mak\u0117 ir supert\u0117\u010dio diena","isPartOf":{"@id":"https:\/\/skaitytaknyga.lt\/#website"},"primaryImageOfPage":{"@id":"https:\/\/skaitytaknyga.lt\/produktas\/kake-make-ir-supertecio-diena\/#primaryimage"},"image":{"@id":"https:\/\/skaitytaknyga.lt\/produktas\/kake-make-ir-supertecio-diena\/#primaryimage"},"thumbnailUrl":"https:\/\/skaitytaknyga.lt\/wp-content\/uploads\/2025\/04\/Kake-Make-ir-supertecio-diena.webp","datePublished":"2025-04-23T11:19:57+00:00","dateModified":"2025-05-12T11:58:04+00:00","description":"\u201eBlynozauras\u201c ar \u201eblynakonda\u201c \u2013 tai tik dalis k\u016brybi\u0161kumo, atsiskleid\u017eian\u010dio t\u0117\u010diams vieniems pasilikus su vaikais. \u0160i knyga apie ypating\u0105 vaiko ir t\u0117\u010dio","breadcrumb":{"@id":"https:\/\/skaitytaknyga.lt\/produktas\/kake-make-ir-supertecio-diena\/#breadcrumb"},"inLanguage":"en-GB","potentialAction":[{"@type":"ReadAction","target":["https:\/\/skaitytaknyga.lt\/produktas\/kake-make-ir-supertecio-diena\/"]}]},{"@type":"ImageObject","inLanguage":"en-GB","@id":"https:\/\/skaitytaknyga.lt\/produktas\/kake-make-ir-supertecio-diena\/#primaryimage","url":"https:\/\/skaitytaknyga.lt\/wp-content\/uploads\/2025\/04\/Kake-Make-ir-supertecio-diena.webp","contentUrl":"https:\/\/skaitytaknyga.lt\/wp-content\/uploads\/2025\/04\/Kake-Make-ir-supertecio-diena.webp","width":796,"height":800,"caption":"Kak\u0117 Mak\u0117 ir supert\u0117\u010dio diena"},{"@type":"BreadcrumbList","@id":"https:\/\/skaitytaknyga.lt\/produktas\/kake-make-ir-supertecio-diena\/#breadcrumb","itemListElement":[{"@type":"ListItem","position":1,"name":"Home","item":"https:\/\/skaitytaknyga.lt\/"},{"@type":"ListItem","position":2,"name":"Parduotuv\u0117","item":"https:\/\/skaitytaknyga.lt\/knygu-parduotuve\/"},{"@type":"ListItem","position":3,"name":"Kak\u0117 Mak\u0117 ir supert\u0117\u010dio diena"}]},{"@type":"WebSite","@id":"https:\/\/skaitytaknyga.lt\/#website","url":"https:\/\/skaitytaknyga.lt\/","name":"skaitytaknyga.lt","description":"Skaitytaknyga.lt \u2013 tai ma\u017eas \u0161eimos verslas, kuris prasid\u0117jo nuo meil\u0117s knygoms ir siekio i\u0161gelb\u0117ti knygas nuo likimo prie konteinerio. Kas vienam nereikalingas daiktas \u2013 kitam lobis, o mes esame tarpininkai, kurie padeda abiems tapti laimingesniems ???? \u017dinome kaip nelengva i\u0161gyventi ma\u017eiems verslams, tad nuo \u0161iol, \u010dia rasite ir kit\u0173, ma\u017e\u0173 \u0161eim\u0173 versl\u0173, rank\u0173 darbo, dovan\u0173 sau ir artimiesiems.","publisher":{"@id":"https:\/\/skaitytaknyga.lt\/#organization"},"potentialAction":[{"@type":"SearchAction","target":{"@type":"EntryPoint","urlTemplate":"https:\/\/skaitytaknyga.lt\/?s={search_term_string}"},"query-input":{"@type":"PropertyValueSpecification","valueRequired":true,"valueName":"search_term_string"}}],"inLanguage":"en-GB"},{"@type":"Organization","@id":"https:\/\/skaitytaknyga.lt\/#organization","name":"skaitytaknyga.lt","url":"https:\/\/skaitytaknyga.lt\/","logo":{"@type":"ImageObject","inLanguage":"en-GB","@id":"https:\/\/skaitytaknyga.lt\/#\/schema\/logo\/image\/","url":"https:\/\/skaitytaknyga.lt\/wp-content\/uploads\/2024\/05\/cropped-cropped-cropped-02_00843_jt3bggkj1j3HLc7SyY6rEUpg.jpeg","contentUrl":"https:\/\/skaitytaknyga.lt\/wp-content\/uploads\/2024\/05\/cropped-cropped-cropped-02_00843_jt3bggkj1j3HLc7SyY6rEUpg.jpeg","width":1600,"height":1600,"caption":"skaitytaknyga.lt"},"image":{"@id":"https:\/\/skaitytaknyga.lt\/#\/schema\/logo\/image\/"},"sameAs":["https:\/\/www.facebook.com\/skaitytaknyga\/"]}]}},"_links":{"self":[{"href":"https:\/\/skaitytaknyga.lt\/en\/wp-json\/wp\/v2\/product\/17985","targetHints":{"allow":["GET"]}}],"collection":[{"href":"https:\/\/skaitytaknyga.lt\/en\/wp-json\/wp\/v2\/product"}],"about":[{"href":"https:\/\/skaitytaknyga.lt\/en\/wp-json\/wp\/v2\/types\/product"}],"replies":[{"embeddable":true,"href":"https:\/\/skaitytaknyga.lt\/en\/wp-json\/wp\/v2\/comments?post=17985"}],"wp:featuredmedia":[{"embeddable":true,"href":"https:\/\/skaitytaknyga.lt\/en\/wp-json\/wp\/v2\/media\/18033"}],"wp:attachment":[{"href":"https:\/\/skaitytaknyga.lt\/en\/wp-json\/wp\/v2\/media?parent=17985"}],"wp:term":[{"taxonomy":"product_brand","embeddable":true,"href":"https:\/\/skaitytaknyga.lt\/en\/wp-json\/wp\/v2\/product_brand?post=17985"},{"taxonomy":"product_cat","embeddable":true,"href":"https:\/\/skaitytaknyga.lt\/en\/wp-json\/wp\/v2\/product_cat?post=17985"},{"taxonomy":"product_tag","embeddable":true,"href":"https:\/\/skaitytaknyga.lt\/en\/wp-json\/wp\/v2\/product_tag?post=17985"}],"curies":[{"name":"wp","href":"https:\/\/api.w.org\/{rel}","templated":true}]}}