{"id":17984,"date":"2025-04-23T14:19:57","date_gmt":"2025-04-23T11:19:57","guid":{"rendered":"https:\/\/skaitytaknyga.lt\/?post_type=product&#038;p=17984"},"modified":"2026-03-05T16:17:48","modified_gmt":"2026-03-05T14:17:48","slug":"kake-make-ir-didele-tamsa","status":"publish","type":"product","link":"https:\/\/skaitytaknyga.lt\/en\/produktas\/kake-make-ir-didele-tamsa\/","title":{"rendered":"Kak\u0117 Mak\u0117 ir didel\u0117 tamsa"},"content":{"rendered":"<p>Kak\u0117 Mak\u0117 \u017eino, kad tamsa da\u017enai slepiasi netik\u0117\u010diausiose vietose \u2013 kartais po lova, antklode ar net vonios kambaryje! Kak\u0117 Mak\u0117 nusprend\u0117 sugauti tams\u0105 ir atsikratyti jos visiems laikams, kad nebeg\u0105sdint\u0173 nei jos, nei kit\u0173 vaik\u0173! Ta\u010diau ar tikrai Tamsa yra tokia didel\u0117 ir baisi? Ar tikrai reikia atsikratyti to, ko bijai? Gal tik reikia i\u0161mokti su tuo gyventi? Kak\u0117 Mak\u0117 jau \u017eino, kad be tamsos neb\u016bt\u0173 \u0161viesos. Ir \u017evaig\u017ed\u017ei\u0173. Ir gra\u017ei\u0173 spalvot\u0173 sapn\u0173.<\/p>\n<p>Kak\u0117s Mak\u0117s paveiksl\u0117li\u0173 knygos \u2013 tai knygeli\u0173 serija apie penkeri\u0173 met\u0173 mergait\u0119, kuri m\u0117gaujasi savo vaikyste ir bando pa\u017einti vis\u0105 j\u0105 supant\u012f pasaul\u012f! Pa\u017eindama j\u012f heroj\u0117 susiduria su \u012fvairiomis situacijomis ir i\u0161\u0161\u016bkiais \u2013 baime, pavydu, pyk\u010diu, tinginyste. Netik\u0117tos istorijos, pasakojamos pasitelkiant gausyb\u0119 unikali\u0173 iliustracij\u0173, ne moralizuoja, o padeda su\u017eadinti vaiko fantazij\u0105 ir skatina j\u012f pat\u012f rasti teising\u0105 atsakym\u0105.<\/p>\n<p>\u201eIr kuris gi vaikutis nebijo tamsos?! B\u016bna toki\u0173 vakar\u0173, kai \u016al\u0105 su M\u0117ta u\u017eklumpa nerimas d\u0117l tamsos. Nieko nelaukusios imam \u012f rankas \u0161i\u0105 Kak\u0117s Mak\u0117s knygel\u0119 ir kartu skaitom. Ji i\u0161ties padeda mergait\u0117ms nusiraminti ir susidraugauti su tamsa\u201c, \u2013 tvirtina keturi\u0173 vaik\u0173 mama, tinklara\u0161\u010dio \u201eTwo Makes Six\u201c autor\u0117 Ieva Arnauskien\u0117.<\/p>\n<ul class=\"about-product d-none d-xl-block mt-4\">\n<li><strong>Autorius:<\/strong>\u00a0Lina \u017dutaut\u0117<\/li>\n<li><strong>Leid\u0117jas<\/strong>\u00a0Alma littera<\/li>\n<li><strong>Metai:<\/strong>\u00a02013<\/li>\n<li><strong>Puslapiai:<\/strong>\u00a036<\/li>\n<li class=\"toggleable type-new-formats \"><strong>ISBN :\u00a0<\/strong>9786090110171<\/li>\n<li><strong>Versijos kodas:<\/strong>\u00a0PT.<\/li>\n<li class=\"toggleable type-new-formats \"><strong>Formatas:<\/strong>\u00a021 x 21 cm, kieti vir\u0161eliai<\/li>\n<li><strong>Kalba:<\/strong>\u00a0Lietuvi\u0173<\/li>\n<\/ul>\n","protected":false},"excerpt":{"rendered":"<p>Kak\u0117 Mak\u0117 \u017eino, kad tamsa da\u017enai slepiasi netik\u0117\u010diausiose vietose \u2013 kartais po lova, antklode ar net vonios kambaryje! Kak\u0117 Mak\u0117 nusprend\u0117 sugauti tams\u0105 ir atsikratyti jos visiems laikams, kad nebeg\u0105sdint\u0173 nei jos, nei kit\u0173 vaik\u0173! Ta\u010diau ar tikrai Tamsa yra tokia didel\u0117 ir baisi? Ar tikrai reikia atsikratyti to, ko bijai? Gal tik reikia i\u0161mokti su tuo gyventi? Kak\u0117 Mak\u0117 jau \u017eino, kad be tamsos neb\u016bt\u0173 \u0161viesos. Ir \u017evaig\u017ed\u017ei\u0173. Ir gra\u017ei\u0173 spalvot\u0173 sapn\u0173. Kak\u0117s Mak\u0117s paveiksl\u0117li\u0173 knygos \u2013 tai knygeli\u0173 serija apie penkeri\u0173 met\u0173 mergait\u0119, kuri m\u0117gaujasi savo vaikyste ir bando pa\u017einti vis\u0105 j\u0105 supant\u012f pasaul\u012f! Pa\u017eindama j\u012f heroj\u0117 susiduria su \u012fvairiomis situacijomis ir i\u0161\u0161\u016bkiais \u2013 baime, pavydu, pyk\u010diu, tinginyste. Netik\u0117tos istorijos, pasakojamos pasitelkiant gausyb\u0119 unikali\u0173 iliustracij\u0173, ne moralizuoja, o padeda su\u017eadinti vaiko fantazij\u0105 ir skatina j\u012f pat\u012f rasti teising\u0105 atsakym\u0105. \u201eIr kuris gi vaikutis nebijo tamsos?! B\u016bna toki\u0173 vakar\u0173, kai \u016al\u0105 su M\u0117ta u\u017eklumpa nerimas d\u0117l tamsos. Nieko nelaukusios imam \u012f rankas \u0161i\u0105 Kak\u0117s Mak\u0117s knygel\u0119 ir kartu skaitom. Ji i\u0161ties padeda mergait\u0117ms nusiraminti ir susidraugauti su tamsa\u201c, \u2013 tvirtina keturi\u0173 vaik\u0173 mama, tinklara\u0161\u010dio \u201eTwo Makes Six\u201c autor\u0117 Ieva Arnauskien\u0117. Autorius:\u00a0Lina \u017dutaut\u0117 Leid\u0117jas\u00a0Alma littera Metai:\u00a02013 Puslapiai:\u00a036 ISBN :\u00a09786090110171 Versijos kodas:\u00a0PT. Formatas:\u00a021 x 21 cm, kieti vir\u0161eliai Kalba:\u00a0Lietuvi\u0173<\/p>\n","protected":false},"featured_media":18037,"comment_status":"open","ping_status":"closed","template":"","meta":{"_acf_changed":false,"site-sidebar-layout":"default","site-content-layout":"","ast-site-content-layout":"default","site-content-style":"default","site-sidebar-style":"default","ast-global-header-display":"","ast-banner-title-visibility":"","ast-main-header-display":"","ast-hfb-above-header-display":"","ast-hfb-below-header-display":"","ast-hfb-mobile-header-display":"","site-post-title":"","ast-breadcrumbs-content":"","ast-featured-img":"","footer-sml-layout":"","ast-disable-related-posts":"","theme-transparent-header-meta":"default","adv-header-id-meta":"","stick-header-meta":"","header-above-stick-meta":"","header-main-stick-meta":"","header-below-stick-meta":"","astra-migrate-meta-layouts":"set","ast-page-background-enabled":"default","ast-page-background-meta":{"desktop":{"background-color":"","background-image":"","background-repeat":"repeat","background-position":"center center","background-size":"auto","background-attachment":"scroll","background-type":"","background-media":"","overlay-type":"","overlay-color":"","overlay-opacity":"","overlay-gradient":""},"tablet":{"background-color":"","background-image":"","background-repeat":"repeat","background-position":"center center","background-size":"auto","background-attachment":"scroll","background-type":"","background-media":"","overlay-type":"","overlay-color":"","overlay-opacity":"","overlay-gradient":""},"mobile":{"background-color":"","background-image":"","background-repeat":"repeat","background-position":"center center","background-size":"auto","background-attachment":"scroll","background-type":"","background-media":"","overlay-type":"","overlay-color":"","overlay-opacity":"","overlay-gradient":""}},"ast-content-background-meta":{"desktop":{"background-color":"var(--ast-global-color-4)","background-image":"","background-repeat":"repeat","background-position":"center center","background-size":"auto","background-attachment":"scroll","background-type":"","background-media":"","overlay-type":"","overlay-color":"","overlay-opacity":"","overlay-gradient":""},"tablet":{"background-color":"var(--ast-global-color-4)","background-image":"","background-repeat":"repeat","background-position":"center center","background-size":"auto","background-attachment":"scroll","background-type":"","background-media":"","overlay-type":"","overlay-color":"","overlay-opacity":"","overlay-gradient":""},"mobile":{"background-color":"var(--ast-global-color-4)","background-image":"","background-repeat":"repeat","background-position":"center center","background-size":"auto","background-attachment":"scroll","background-type":"","background-media":"","overlay-type":"","overlay-color":"","overlay-opacity":"","overlay-gradient":""}}},"product_brand":[],"product_cat":[9677],"product_tag":[2080,2081,2082],"class_list":{"0":"post-17984","1":"product","2":"type-product","3":"status-publish","4":"has-post-thumbnail","6":"product_cat-ikimokyklinukams","7":"product_tag-ltkake-make","8":"product_tag-ltnuotykiai","9":"product_tag-ltvaiku-knyga","10":"desktop-align-left","11":"tablet-align-left","12":"mobile-align-left","14":"first","15":"instock","16":"shipping-taxable","17":"purchasable","18":"product-type-simple"},"acf":[],"yoast_head":"<!-- This site is optimized with the Yoast SEO plugin v27.0 - https:\/\/yoast.com\/product\/yoast-seo-wordpress\/ -->\n<title>Kak\u0117 Mak\u0117 ir didel\u0117 tamsa<\/title>\n<meta name=\"description\" content=\"Kak\u0117 Mak\u0117 \u017eino, kad tamsa da\u017enai slepiasi netik\u0117\u010diausiose vietose \u2013 kartais po lova, antklode ar net vonios kambaryje! Kak\u0117 Mak\u0117 nusprend\u0117 sugauti tams\u0105\" \/>\n<meta name=\"robots\" content=\"index, follow, max-snippet:-1, max-image-preview:large, max-video-preview:-1\" \/>\n<link rel=\"canonical\" href=\"https:\/\/skaitytaknyga.lt\/en\/produktas\/kake-make-ir-didele-tamsa\/\" \/>\n<meta property=\"og:locale\" content=\"en_GB\" \/>\n<meta property=\"og:locale:alternate\" content=\"lt_LT\" \/>\n<meta property=\"og:type\" content=\"article\" \/>\n<meta property=\"og:title\" content=\"Kak\u0117 Mak\u0117 ir didel\u0117 tamsa\" \/>\n<meta property=\"og:description\" content=\"Kak\u0117 Mak\u0117 \u017eino, kad tamsa da\u017enai slepiasi netik\u0117\u010diausiose vietose \u2013 kartais po lova, antklode ar net vonios kambaryje! Kak\u0117 Mak\u0117 nusprend\u0117 sugauti tams\u0105\" \/>\n<meta property=\"og:url\" content=\"https:\/\/skaitytaknyga.lt\/en\/produktas\/kake-make-ir-didele-tamsa\/\" \/>\n<meta property=\"og:site_name\" content=\"Skaitytaknyga\" \/>\n<meta property=\"article:publisher\" content=\"https:\/\/www.facebook.com\/skaitytaknyga\/\" \/>\n<meta property=\"article:modified_time\" content=\"2026-03-05T14:17:48+00:00\" \/>\n<meta property=\"og:image\" content=\"https:\/\/skaitytaknyga.lt\/wp-content\/uploads\/2025\/04\/Kake-Make-ir-didele-tamsa.webp\" \/>\n\t<meta property=\"og:image:width\" content=\"500\" \/>\n\t<meta property=\"og:image:height\" content=\"502\" \/>\n\t<meta property=\"og:image:type\" content=\"image\/webp\" \/>\n<meta name=\"twitter:card\" content=\"summary_large_image\" \/>\n<meta name=\"twitter:label1\" content=\"Estimated reading time\" \/>\n\t<meta name=\"twitter:data1\" content=\"2 minutes\" \/>\n<script type=\"application\/ld+json\" class=\"yoast-schema-graph\">{\"@context\":\"https:\/\/schema.org\",\"@graph\":[{\"@type\":\"WebPage\",\"@id\":\"https:\/\/skaitytaknyga.lt\/produktas\/kake-make-ir-didele-tamsa\/\",\"url\":\"https:\/\/skaitytaknyga.lt\/produktas\/kake-make-ir-didele-tamsa\/\",\"name\":\"Kak\u0117 Mak\u0117 ir didel\u0117 tamsa\",\"isPartOf\":{\"@id\":\"https:\/\/skaitytaknyga.lt\/#website\"},\"primaryImageOfPage\":{\"@id\":\"https:\/\/skaitytaknyga.lt\/produktas\/kake-make-ir-didele-tamsa\/#primaryimage\"},\"image\":{\"@id\":\"https:\/\/skaitytaknyga.lt\/produktas\/kake-make-ir-didele-tamsa\/#primaryimage\"},\"thumbnailUrl\":\"https:\/\/skaitytaknyga.lt\/wp-content\/uploads\/2025\/04\/Kake-Make-ir-didele-tamsa.webp\",\"datePublished\":\"2025-04-23T11:19:57+00:00\",\"dateModified\":\"2026-03-05T14:17:48+00:00\",\"description\":\"Kak\u0117 Mak\u0117 \u017eino, kad tamsa da\u017enai slepiasi netik\u0117\u010diausiose vietose \u2013 kartais po lova, antklode ar net vonios kambaryje! Kak\u0117 Mak\u0117 nusprend\u0117 sugauti tams\u0105\",\"breadcrumb\":{\"@id\":\"https:\/\/skaitytaknyga.lt\/produktas\/kake-make-ir-didele-tamsa\/#breadcrumb\"},\"inLanguage\":\"en-GB\",\"potentialAction\":[{\"@type\":\"ReadAction\",\"target\":[\"https:\/\/skaitytaknyga.lt\/produktas\/kake-make-ir-didele-tamsa\/\"]}]},{\"@type\":\"ImageObject\",\"inLanguage\":\"en-GB\",\"@id\":\"https:\/\/skaitytaknyga.lt\/produktas\/kake-make-ir-didele-tamsa\/#primaryimage\",\"url\":\"https:\/\/skaitytaknyga.lt\/wp-content\/uploads\/2025\/04\/Kake-Make-ir-didele-tamsa.webp\",\"contentUrl\":\"https:\/\/skaitytaknyga.lt\/wp-content\/uploads\/2025\/04\/Kake-Make-ir-didele-tamsa.webp\",\"width\":500,\"height\":502,\"caption\":\"Kak\u0117 Mak\u0117 ir didel\u0117 tamsa\"},{\"@type\":\"BreadcrumbList\",\"@id\":\"https:\/\/skaitytaknyga.lt\/produktas\/kake-make-ir-didele-tamsa\/#breadcrumb\",\"itemListElement\":[{\"@type\":\"ListItem\",\"position\":1,\"name\":\"Home\",\"item\":\"https:\/\/skaitytaknyga.lt\/\"},{\"@type\":\"ListItem\",\"position\":2,\"name\":\"Parduotuv\u0117\",\"item\":\"https:\/\/skaitytaknyga.lt\/knygu-parduotuve\/\"},{\"@type\":\"ListItem\",\"position\":3,\"name\":\"Kak\u0117 Mak\u0117 ir didel\u0117 tamsa\"}]},{\"@type\":\"WebSite\",\"@id\":\"https:\/\/skaitytaknyga.lt\/#website\",\"url\":\"https:\/\/skaitytaknyga.lt\/\",\"name\":\"skaitytaknyga.lt\",\"description\":\"Skaitytaknyga.lt \u2013 tai ma\u017eas \u0161eimos verslas, kuris prasid\u0117jo nuo meil\u0117s knygoms ir siekio i\u0161gelb\u0117ti knygas nuo likimo prie konteinerio. Kas vienam nereikalingas daiktas \u2013 kitam lobis, o mes esame tarpininkai, kurie padeda abiems tapti laimingesniems ???? \u017dinome kaip nelengva i\u0161gyventi ma\u017eiems verslams, tad nuo \u0161iol, \u010dia rasite ir kit\u0173, ma\u017e\u0173 \u0161eim\u0173 versl\u0173, rank\u0173 darbo, dovan\u0173 sau ir artimiesiems.\",\"publisher\":{\"@id\":\"https:\/\/skaitytaknyga.lt\/#organization\"},\"potentialAction\":[{\"@type\":\"SearchAction\",\"target\":{\"@type\":\"EntryPoint\",\"urlTemplate\":\"https:\/\/skaitytaknyga.lt\/?s={search_term_string}\"},\"query-input\":{\"@type\":\"PropertyValueSpecification\",\"valueRequired\":true,\"valueName\":\"search_term_string\"}}],\"inLanguage\":\"en-GB\"},{\"@type\":\"Organization\",\"@id\":\"https:\/\/skaitytaknyga.lt\/#organization\",\"name\":\"skaitytaknyga.lt\",\"url\":\"https:\/\/skaitytaknyga.lt\/\",\"logo\":{\"@type\":\"ImageObject\",\"inLanguage\":\"en-GB\",\"@id\":\"https:\/\/skaitytaknyga.lt\/#\/schema\/logo\/image\/\",\"url\":\"https:\/\/skaitytaknyga.lt\/wp-content\/uploads\/2024\/05\/cropped-cropped-cropped-02_00843_jt3bggkj1j3HLc7SyY6rEUpg.jpeg\",\"contentUrl\":\"https:\/\/skaitytaknyga.lt\/wp-content\/uploads\/2024\/05\/cropped-cropped-cropped-02_00843_jt3bggkj1j3HLc7SyY6rEUpg.jpeg\",\"width\":1600,\"height\":1600,\"caption\":\"skaitytaknyga.lt\"},\"image\":{\"@id\":\"https:\/\/skaitytaknyga.lt\/#\/schema\/logo\/image\/\"},\"sameAs\":[\"https:\/\/www.facebook.com\/skaitytaknyga\/\"]}]}<\/script>\n<!-- \/ Yoast SEO plugin. -->","yoast_head_json":{"title":"Kak\u0117 Mak\u0117 ir didel\u0117 tamsa","description":"Kak\u0117 Mak\u0117 \u017eino, kad tamsa da\u017enai slepiasi netik\u0117\u010diausiose vietose \u2013 kartais po lova, antklode ar net vonios kambaryje! Kak\u0117 Mak\u0117 nusprend\u0117 sugauti tams\u0105","robots":{"index":"index","follow":"follow","max-snippet":"max-snippet:-1","max-image-preview":"max-image-preview:large","max-video-preview":"max-video-preview:-1"},"canonical":"https:\/\/skaitytaknyga.lt\/en\/produktas\/kake-make-ir-didele-tamsa\/","og_locale":"en_GB","og_type":"article","og_title":"[:lt]Kak\u0117 Mak\u0117 ir didel\u0117 tamsa[:] - Skaitytaknyga","og_description":"Kak\u0117 Mak\u0117 \u017eino, kad tamsa da\u017enai slepiasi netik\u0117\u010diausiose vietose \u2013 kartais po lova, antklode ar net vonios kambaryje! Kak\u0117 Mak\u0117 nusprend\u0117 sugauti tams\u0105","og_url":"https:\/\/skaitytaknyga.lt\/en\/produktas\/kake-make-ir-didele-tamsa\/","og_site_name":"Skaitytaknyga","article_publisher":"https:\/\/www.facebook.com\/skaitytaknyga\/","article_modified_time":"2026-03-05T14:17:48+00:00","og_image":[{"width":500,"height":502,"url":"https:\/\/skaitytaknyga.lt\/wp-content\/uploads\/2025\/04\/Kake-Make-ir-didele-tamsa.webp","type":"image\/webp"}],"twitter_card":"summary_large_image","twitter_misc":{"Estimated reading time":"2 minutes"},"schema":{"@context":"https:\/\/schema.org","@graph":[{"@type":"WebPage","@id":"https:\/\/skaitytaknyga.lt\/produktas\/kake-make-ir-didele-tamsa\/","url":"https:\/\/skaitytaknyga.lt\/produktas\/kake-make-ir-didele-tamsa\/","name":"Kak\u0117 Mak\u0117 ir didel\u0117 tamsa","isPartOf":{"@id":"https:\/\/skaitytaknyga.lt\/#website"},"primaryImageOfPage":{"@id":"https:\/\/skaitytaknyga.lt\/produktas\/kake-make-ir-didele-tamsa\/#primaryimage"},"image":{"@id":"https:\/\/skaitytaknyga.lt\/produktas\/kake-make-ir-didele-tamsa\/#primaryimage"},"thumbnailUrl":"https:\/\/skaitytaknyga.lt\/wp-content\/uploads\/2025\/04\/Kake-Make-ir-didele-tamsa.webp","datePublished":"2025-04-23T11:19:57+00:00","dateModified":"2026-03-05T14:17:48+00:00","description":"Kak\u0117 Mak\u0117 \u017eino, kad tamsa da\u017enai slepiasi netik\u0117\u010diausiose vietose \u2013 kartais po lova, antklode ar net vonios kambaryje! Kak\u0117 Mak\u0117 nusprend\u0117 sugauti tams\u0105","breadcrumb":{"@id":"https:\/\/skaitytaknyga.lt\/produktas\/kake-make-ir-didele-tamsa\/#breadcrumb"},"inLanguage":"en-GB","potentialAction":[{"@type":"ReadAction","target":["https:\/\/skaitytaknyga.lt\/produktas\/kake-make-ir-didele-tamsa\/"]}]},{"@type":"ImageObject","inLanguage":"en-GB","@id":"https:\/\/skaitytaknyga.lt\/produktas\/kake-make-ir-didele-tamsa\/#primaryimage","url":"https:\/\/skaitytaknyga.lt\/wp-content\/uploads\/2025\/04\/Kake-Make-ir-didele-tamsa.webp","contentUrl":"https:\/\/skaitytaknyga.lt\/wp-content\/uploads\/2025\/04\/Kake-Make-ir-didele-tamsa.webp","width":500,"height":502,"caption":"Kak\u0117 Mak\u0117 ir didel\u0117 tamsa"},{"@type":"BreadcrumbList","@id":"https:\/\/skaitytaknyga.lt\/produktas\/kake-make-ir-didele-tamsa\/#breadcrumb","itemListElement":[{"@type":"ListItem","position":1,"name":"Home","item":"https:\/\/skaitytaknyga.lt\/"},{"@type":"ListItem","position":2,"name":"Parduotuv\u0117","item":"https:\/\/skaitytaknyga.lt\/knygu-parduotuve\/"},{"@type":"ListItem","position":3,"name":"Kak\u0117 Mak\u0117 ir didel\u0117 tamsa"}]},{"@type":"WebSite","@id":"https:\/\/skaitytaknyga.lt\/#website","url":"https:\/\/skaitytaknyga.lt\/","name":"skaitytaknyga.lt","description":"Skaitytaknyga.lt \u2013 tai ma\u017eas \u0161eimos verslas, kuris prasid\u0117jo nuo meil\u0117s knygoms ir siekio i\u0161gelb\u0117ti knygas nuo likimo prie konteinerio. Kas vienam nereikalingas daiktas \u2013 kitam lobis, o mes esame tarpininkai, kurie padeda abiems tapti laimingesniems ???? \u017dinome kaip nelengva i\u0161gyventi ma\u017eiems verslams, tad nuo \u0161iol, \u010dia rasite ir kit\u0173, ma\u017e\u0173 \u0161eim\u0173 versl\u0173, rank\u0173 darbo, dovan\u0173 sau ir artimiesiems.","publisher":{"@id":"https:\/\/skaitytaknyga.lt\/#organization"},"potentialAction":[{"@type":"SearchAction","target":{"@type":"EntryPoint","urlTemplate":"https:\/\/skaitytaknyga.lt\/?s={search_term_string}"},"query-input":{"@type":"PropertyValueSpecification","valueRequired":true,"valueName":"search_term_string"}}],"inLanguage":"en-GB"},{"@type":"Organization","@id":"https:\/\/skaitytaknyga.lt\/#organization","name":"skaitytaknyga.lt","url":"https:\/\/skaitytaknyga.lt\/","logo":{"@type":"ImageObject","inLanguage":"en-GB","@id":"https:\/\/skaitytaknyga.lt\/#\/schema\/logo\/image\/","url":"https:\/\/skaitytaknyga.lt\/wp-content\/uploads\/2024\/05\/cropped-cropped-cropped-02_00843_jt3bggkj1j3HLc7SyY6rEUpg.jpeg","contentUrl":"https:\/\/skaitytaknyga.lt\/wp-content\/uploads\/2024\/05\/cropped-cropped-cropped-02_00843_jt3bggkj1j3HLc7SyY6rEUpg.jpeg","width":1600,"height":1600,"caption":"skaitytaknyga.lt"},"image":{"@id":"https:\/\/skaitytaknyga.lt\/#\/schema\/logo\/image\/"},"sameAs":["https:\/\/www.facebook.com\/skaitytaknyga\/"]}]}},"_links":{"self":[{"href":"https:\/\/skaitytaknyga.lt\/en\/wp-json\/wp\/v2\/product\/17984","targetHints":{"allow":["GET"]}}],"collection":[{"href":"https:\/\/skaitytaknyga.lt\/en\/wp-json\/wp\/v2\/product"}],"about":[{"href":"https:\/\/skaitytaknyga.lt\/en\/wp-json\/wp\/v2\/types\/product"}],"replies":[{"embeddable":true,"href":"https:\/\/skaitytaknyga.lt\/en\/wp-json\/wp\/v2\/comments?post=17984"}],"wp:featuredmedia":[{"embeddable":true,"href":"https:\/\/skaitytaknyga.lt\/en\/wp-json\/wp\/v2\/media\/18037"}],"wp:attachment":[{"href":"https:\/\/skaitytaknyga.lt\/en\/wp-json\/wp\/v2\/media?parent=17984"}],"wp:term":[{"taxonomy":"product_brand","embeddable":true,"href":"https:\/\/skaitytaknyga.lt\/en\/wp-json\/wp\/v2\/product_brand?post=17984"},{"taxonomy":"product_cat","embeddable":true,"href":"https:\/\/skaitytaknyga.lt\/en\/wp-json\/wp\/v2\/product_cat?post=17984"},{"taxonomy":"product_tag","embeddable":true,"href":"https:\/\/skaitytaknyga.lt\/en\/wp-json\/wp\/v2\/product_tag?post=17984"}],"curies":[{"name":"wp","href":"https:\/\/api.w.org\/{rel}","templated":true}]}}