{"id":17982,"date":"2025-04-23T14:19:56","date_gmt":"2025-04-23T11:19:56","guid":{"rendered":"https:\/\/skaitytaknyga.lt\/?post_type=product&#038;p=17982"},"modified":"2025-08-26T17:03:18","modified_gmt":"2025-08-26T14:03:18","slug":"dianetika-siuolaikinis-mokslas-apie-prota","status":"publish","type":"product","link":"https:\/\/skaitytaknyga.lt\/en\/produktas\/dianetika-siuolaikinis-mokslas-apie-prota\/","title":{"rendered":"DIANETIKA. \u0160iuolaikinis mokslas apie prot\u0105"},"content":{"rendered":"<p>Ar mes m\u0105stome per daug, o gyvename per ma\u017eai? Kod\u0117l gyvenime mums tiek daug tr\u016bksta? Dianetika turi atsakym\u0173, kuri\u0173 j\u016bs galb\u016bt ie\u0161kojote.<\/p>\n<p>Daugelis i\u0161 m\u016bs\u0173 \u017eino, kad nerimas, abejon\u0117s ir netikrumas m\u016bs\u0173 pa\u010di\u0173 mintyse da\u017eniausiai yra did\u017eiausios kli\u016btys, trukdan\u010dios gyventi visavert\u012f gyvenim\u0105, kurio taip trok\u0161tame. Atrodo, kad m\u016bs\u0173 mintys n\u0117ra tikrai laisvos \u2013 daugelis j\u0173 kyla i\u0161 emocinio ir pas\u0105mon\u0117s lygmens, kuris gali \u012fkalinti m\u016bs\u0173 d\u0117mes\u012f ir tempti mus \u017eemyn.<\/p>\n<p>O kaip b\u016bt\u0173, jei j\u016bs gal\u0117tum\u0117te i\u0161laisvinti savo mintis ir i\u0161 savojo proto i\u0161mesti j\u0173 sunk\u012f bei skausm\u0105? Dianetika yra apie tai. Kas trikdo m\u016bs\u0173 m\u0105stym\u0105? Kas i\u0161 tikr\u0173j\u0173 yra protas? Kas yra \u012ftampos \u0161altinis?<\/p>\n<p>Dianetika \u2013 tai prover\u017eis, kuris leido mums pirm\u0105kart suprasti, kaip m\u016bs\u0173 m\u0105stymas veikia \u2013 s\u0105moningai ir pas\u0105moningai.<\/p>\n<p>Dianetika turi savyje praktin\u012f b\u016bd\u0105, leid\u017eiant\u012f pa\u0161alinti kli\u016btis, ties kuriomis suklumpama, ir i\u0161 tikr\u0173j\u0173 patirti gyvybin\u0117s energijos ir pozityvumo atgimim\u0105, pastebimai padidinant\u012f \u017emogaus laim\u0119 ir s\u0117km\u0119.<\/p>\n<p>Vien skaitant knyg\u0105 ir suprantant sud\u0117tingai atrodan\u010dios proto konstrukcijos paprast\u0105 logik\u0105, atsiveria visi\u0161kai nauja gyvenimo perspektyva. Besiremianti steb\u0117jimais ir atradimais, Dianetika eina u\u017e teorijos rib\u0173 ir apra\u0161o lengvai naudojam\u0105 metod\u0105 i\u0161laisvinti protui nuo \u0161ios na\u0161tos. Taikymas yra tai, kas sukelia tikrus poky\u010dius, ir tai, kuo \u0161i knyga skiriasi nuo kit\u0173.<\/p>\n<p>Praktin\u0117 s\u0117km\u0117 padar\u0117\u00a0<strong>\u201eDianetik\u0105\u201c<\/strong>\u00a0tarptautiniu bestseleriu \u2013 yra parduota 22 milijonai knygos egzempliori\u0173 ir ji yra i\u0161versta \u012f 53 kalbas.<\/p>\n","protected":false},"excerpt":{"rendered":"<p>Ar mes m\u0105stome per daug, o gyvename per ma\u017eai? Kod\u0117l gyvenime mums tiek daug tr\u016bksta? Dianetika turi atsakym\u0173, kuri\u0173 j\u016bs galb\u016bt ie\u0161kojote. Daugelis i\u0161 m\u016bs\u0173 \u017eino, kad nerimas, abejon\u0117s ir netikrumas m\u016bs\u0173 pa\u010di\u0173 mintyse da\u017eniausiai yra did\u017eiausios kli\u016btys, trukdan\u010dios gyventi visavert\u012f gyvenim\u0105, kurio taip trok\u0161tame. Atrodo, kad m\u016bs\u0173 mintys n\u0117ra tikrai laisvos \u2013 daugelis j\u0173 kyla i\u0161 emocinio ir pas\u0105mon\u0117s lygmens, kuris gali \u012fkalinti m\u016bs\u0173 d\u0117mes\u012f ir tempti mus \u017eemyn. O kaip b\u016bt\u0173, jei j\u016bs gal\u0117tum\u0117te i\u0161laisvinti savo mintis ir i\u0161 savojo proto i\u0161mesti j\u0173 sunk\u012f bei skausm\u0105? Dianetika yra apie tai. Kas trikdo m\u016bs\u0173 m\u0105stym\u0105? Kas i\u0161 tikr\u0173j\u0173 yra protas? Kas yra \u012ftampos \u0161altinis? Dianetika \u2013 tai prover\u017eis, kuris leido mums pirm\u0105kart suprasti, kaip m\u016bs\u0173 m\u0105stymas veikia \u2013 s\u0105moningai ir pas\u0105moningai. Dianetika turi savyje praktin\u012f b\u016bd\u0105, leid\u017eiant\u012f pa\u0161alinti kli\u016btis, ties kuriomis suklumpama, ir i\u0161 tikr\u0173j\u0173 patirti gyvybin\u0117s energijos ir pozityvumo atgimim\u0105, pastebimai padidinant\u012f \u017emogaus laim\u0119 ir s\u0117km\u0119. Vien skaitant knyg\u0105 ir suprantant sud\u0117tingai atrodan\u010dios proto konstrukcijos paprast\u0105 logik\u0105, atsiveria visi\u0161kai nauja gyvenimo perspektyva. Besiremianti steb\u0117jimais ir atradimais, Dianetika eina u\u017e teorijos rib\u0173 ir apra\u0161o lengvai naudojam\u0105 metod\u0105 i\u0161laisvinti protui nuo \u0161ios na\u0161tos. Taikymas yra tai, kas sukelia tikrus poky\u010dius, ir tai, kuo \u0161i knyga skiriasi nuo kit\u0173. Praktin\u0117 s\u0117km\u0117 padar\u0117\u00a0\u201eDianetik\u0105\u201c\u00a0tarptautiniu bestseleriu \u2013 yra parduota 22 milijonai knygos egzempliori\u0173 ir ji yra i\u0161versta \u012f 53 kalbas.<\/p>\n","protected":false},"featured_media":18377,"comment_status":"open","ping_status":"closed","template":"","meta":{"_acf_changed":false,"site-sidebar-layout":"default","site-content-layout":"","ast-site-content-layout":"default","site-content-style":"default","site-sidebar-style":"default","ast-global-header-display":"","ast-banner-title-visibility":"","ast-main-header-display":"","ast-hfb-above-header-display":"","ast-hfb-below-header-display":"","ast-hfb-mobile-header-display":"","site-post-title":"","ast-breadcrumbs-content":"","ast-featured-img":"","footer-sml-layout":"","ast-disable-related-posts":"","theme-transparent-header-meta":"","adv-header-id-meta":"","stick-header-meta":"","header-above-stick-meta":"","header-main-stick-meta":"","header-below-stick-meta":"","astra-migrate-meta-layouts":"default","ast-page-background-enabled":"default","ast-page-background-meta":{"desktop":{"background-color":"","background-image":"","background-repeat":"repeat","background-position":"center center","background-size":"auto","background-attachment":"scroll","background-type":"","background-media":"","overlay-type":"","overlay-color":"","overlay-opacity":"","overlay-gradient":""},"tablet":{"background-color":"","background-image":"","background-repeat":"repeat","background-position":"center center","background-size":"auto","background-attachment":"scroll","background-type":"","background-media":"","overlay-type":"","overlay-color":"","overlay-opacity":"","overlay-gradient":""},"mobile":{"background-color":"","background-image":"","background-repeat":"repeat","background-position":"center center","background-size":"auto","background-attachment":"scroll","background-type":"","background-media":"","overlay-type":"","overlay-color":"","overlay-opacity":"","overlay-gradient":""}},"ast-content-background-meta":{"desktop":{"background-color":"var(--ast-global-color-4)","background-image":"","background-repeat":"repeat","background-position":"center center","background-size":"auto","background-attachment":"scroll","background-type":"","background-media":"","overlay-type":"","overlay-color":"","overlay-opacity":"","overlay-gradient":""},"tablet":{"background-color":"var(--ast-global-color-4)","background-image":"","background-repeat":"repeat","background-position":"center center","background-size":"auto","background-attachment":"scroll","background-type":"","background-media":"","overlay-type":"","overlay-color":"","overlay-opacity":"","overlay-gradient":""},"mobile":{"background-color":"var(--ast-global-color-4)","background-image":"","background-repeat":"repeat","background-position":"center center","background-size":"auto","background-attachment":"scroll","background-type":"","background-media":"","overlay-type":"","overlay-color":"","overlay-opacity":"","overlay-gradient":""}}},"product_brand":[],"product_cat":[15],"product_tag":[3477,3476,3478,1396,3479],"class_list":{"0":"post-17982","1":"product","2":"type-product","3":"status-publish","4":"has-post-thumbnail","6":"product_cat-uncategorized","7":"product_tag-dianetika","8":"product_tag-l-ron-hubbard","9":"product_tag-protas","10":"product_tag-saviugda","11":"product_tag-scientologija","12":"desktop-align-left","13":"tablet-align-left","14":"mobile-align-left","16":"first","17":"instock","18":"shipping-taxable","19":"purchasable","20":"product-type-simple"},"acf":[],"yoast_head":"<!-- This site is optimized with the Yoast SEO plugin v27.0 - https:\/\/yoast.com\/product\/yoast-seo-wordpress\/ -->\n<title>DIANETIKA. \u0160iuolaikinis mokslas apie prot\u0105<\/title>\n<meta name=\"description\" content=\"Ar mes m\u0105stome per daug, o gyvename per ma\u017eai? Kod\u0117l gyvenime mums tiek daug tr\u016bksta? Dianetika turi atsakym\u0173, kuri\u0173 j\u016bs galb\u016bt ie\u0161kojote. Daugelis i\u0161\" \/>\n<meta name=\"robots\" content=\"index, follow, max-snippet:-1, max-image-preview:large, max-video-preview:-1\" \/>\n<link rel=\"canonical\" href=\"https:\/\/skaitytaknyga.lt\/en\/produktas\/dianetika-siuolaikinis-mokslas-apie-prota\/\" \/>\n<meta property=\"og:locale\" content=\"en_GB\" \/>\n<meta property=\"og:locale:alternate\" content=\"lt_LT\" \/>\n<meta property=\"og:type\" content=\"article\" \/>\n<meta property=\"og:title\" content=\"DIANETIKA. \u0160iuolaikinis mokslas apie prot\u0105\" \/>\n<meta property=\"og:description\" content=\"Ar mes m\u0105stome per daug, o gyvename per ma\u017eai? Kod\u0117l gyvenime mums tiek daug tr\u016bksta? Dianetika turi atsakym\u0173, kuri\u0173 j\u016bs galb\u016bt ie\u0161kojote. Daugelis i\u0161\" \/>\n<meta property=\"og:url\" content=\"https:\/\/skaitytaknyga.lt\/en\/produktas\/dianetika-siuolaikinis-mokslas-apie-prota\/\" \/>\n<meta property=\"og:site_name\" content=\"Skaitytaknyga\" \/>\n<meta property=\"article:publisher\" content=\"https:\/\/www.facebook.com\/skaitytaknyga\/\" \/>\n<meta property=\"article:modified_time\" content=\"2025-08-26T14:03:18+00:00\" \/>\n<meta property=\"og:image\" content=\"https:\/\/skaitytaknyga.lt\/wp-content\/uploads\/2025\/05\/DIANETIKA.-Siuolaikinis-mokslas-apie-prota.webp\" \/>\n\t<meta property=\"og:image:width\" content=\"520\" \/>\n\t<meta property=\"og:image:height\" content=\"801\" \/>\n\t<meta property=\"og:image:type\" content=\"image\/webp\" \/>\n<meta name=\"twitter:card\" content=\"summary_large_image\" \/>\n<meta name=\"twitter:label1\" content=\"Estimated reading time\" \/>\n\t<meta name=\"twitter:data1\" content=\"1 minute\" \/>\n<script type=\"application\/ld+json\" class=\"yoast-schema-graph\">{\"@context\":\"https:\/\/schema.org\",\"@graph\":[{\"@type\":\"WebPage\",\"@id\":\"https:\/\/skaitytaknyga.lt\/produktas\/dianetika-siuolaikinis-mokslas-apie-prota\/\",\"url\":\"https:\/\/skaitytaknyga.lt\/produktas\/dianetika-siuolaikinis-mokslas-apie-prota\/\",\"name\":\"DIANETIKA. \u0160iuolaikinis mokslas apie prot\u0105\",\"isPartOf\":{\"@id\":\"https:\/\/skaitytaknyga.lt\/#website\"},\"primaryImageOfPage\":{\"@id\":\"https:\/\/skaitytaknyga.lt\/produktas\/dianetika-siuolaikinis-mokslas-apie-prota\/#primaryimage\"},\"image\":{\"@id\":\"https:\/\/skaitytaknyga.lt\/produktas\/dianetika-siuolaikinis-mokslas-apie-prota\/#primaryimage\"},\"thumbnailUrl\":\"https:\/\/skaitytaknyga.lt\/wp-content\/uploads\/2025\/05\/DIANETIKA.-Siuolaikinis-mokslas-apie-prota.webp\",\"datePublished\":\"2025-04-23T11:19:56+00:00\",\"dateModified\":\"2025-08-26T14:03:18+00:00\",\"description\":\"Ar mes m\u0105stome per daug, o gyvename per ma\u017eai? Kod\u0117l gyvenime mums tiek daug tr\u016bksta? Dianetika turi atsakym\u0173, kuri\u0173 j\u016bs galb\u016bt ie\u0161kojote. Daugelis i\u0161\",\"breadcrumb\":{\"@id\":\"https:\/\/skaitytaknyga.lt\/produktas\/dianetika-siuolaikinis-mokslas-apie-prota\/#breadcrumb\"},\"inLanguage\":\"en-GB\",\"potentialAction\":[{\"@type\":\"ReadAction\",\"target\":[\"https:\/\/skaitytaknyga.lt\/produktas\/dianetika-siuolaikinis-mokslas-apie-prota\/\"]}]},{\"@type\":\"ImageObject\",\"inLanguage\":\"en-GB\",\"@id\":\"https:\/\/skaitytaknyga.lt\/produktas\/dianetika-siuolaikinis-mokslas-apie-prota\/#primaryimage\",\"url\":\"https:\/\/skaitytaknyga.lt\/wp-content\/uploads\/2025\/05\/DIANETIKA.-Siuolaikinis-mokslas-apie-prota.webp\",\"contentUrl\":\"https:\/\/skaitytaknyga.lt\/wp-content\/uploads\/2025\/05\/DIANETIKA.-Siuolaikinis-mokslas-apie-prota.webp\",\"width\":520,\"height\":801},{\"@type\":\"BreadcrumbList\",\"@id\":\"https:\/\/skaitytaknyga.lt\/produktas\/dianetika-siuolaikinis-mokslas-apie-prota\/#breadcrumb\",\"itemListElement\":[{\"@type\":\"ListItem\",\"position\":1,\"name\":\"Home\",\"item\":\"https:\/\/skaitytaknyga.lt\/\"},{\"@type\":\"ListItem\",\"position\":2,\"name\":\"Parduotuv\u0117\",\"item\":\"https:\/\/skaitytaknyga.lt\/knygu-parduotuve\/\"},{\"@type\":\"ListItem\",\"position\":3,\"name\":\"DIANETIKA. \u0160iuolaikinis mokslas apie prot\u0105\"}]},{\"@type\":\"WebSite\",\"@id\":\"https:\/\/skaitytaknyga.lt\/#website\",\"url\":\"https:\/\/skaitytaknyga.lt\/\",\"name\":\"skaitytaknyga.lt\",\"description\":\"Skaitytaknyga.lt \u2013 tai ma\u017eas \u0161eimos verslas, kuris prasid\u0117jo nuo meil\u0117s knygoms ir siekio i\u0161gelb\u0117ti knygas nuo likimo prie konteinerio. Kas vienam nereikalingas daiktas \u2013 kitam lobis, o mes esame tarpininkai, kurie padeda abiems tapti laimingesniems ???? \u017dinome kaip nelengva i\u0161gyventi ma\u017eiems verslams, tad nuo \u0161iol, \u010dia rasite ir kit\u0173, ma\u017e\u0173 \u0161eim\u0173 versl\u0173, rank\u0173 darbo, dovan\u0173 sau ir artimiesiems.\",\"publisher\":{\"@id\":\"https:\/\/skaitytaknyga.lt\/#organization\"},\"potentialAction\":[{\"@type\":\"SearchAction\",\"target\":{\"@type\":\"EntryPoint\",\"urlTemplate\":\"https:\/\/skaitytaknyga.lt\/?s={search_term_string}\"},\"query-input\":{\"@type\":\"PropertyValueSpecification\",\"valueRequired\":true,\"valueName\":\"search_term_string\"}}],\"inLanguage\":\"en-GB\"},{\"@type\":\"Organization\",\"@id\":\"https:\/\/skaitytaknyga.lt\/#organization\",\"name\":\"skaitytaknyga.lt\",\"url\":\"https:\/\/skaitytaknyga.lt\/\",\"logo\":{\"@type\":\"ImageObject\",\"inLanguage\":\"en-GB\",\"@id\":\"https:\/\/skaitytaknyga.lt\/#\/schema\/logo\/image\/\",\"url\":\"https:\/\/skaitytaknyga.lt\/wp-content\/uploads\/2024\/05\/cropped-cropped-cropped-02_00843_jt3bggkj1j3HLc7SyY6rEUpg.jpeg\",\"contentUrl\":\"https:\/\/skaitytaknyga.lt\/wp-content\/uploads\/2024\/05\/cropped-cropped-cropped-02_00843_jt3bggkj1j3HLc7SyY6rEUpg.jpeg\",\"width\":1600,\"height\":1600,\"caption\":\"skaitytaknyga.lt\"},\"image\":{\"@id\":\"https:\/\/skaitytaknyga.lt\/#\/schema\/logo\/image\/\"},\"sameAs\":[\"https:\/\/www.facebook.com\/skaitytaknyga\/\"]}]}<\/script>\n<!-- \/ Yoast SEO plugin. -->","yoast_head_json":{"title":"DIANETIKA. \u0160iuolaikinis mokslas apie prot\u0105","description":"Ar mes m\u0105stome per daug, o gyvename per ma\u017eai? Kod\u0117l gyvenime mums tiek daug tr\u016bksta? Dianetika turi atsakym\u0173, kuri\u0173 j\u016bs galb\u016bt ie\u0161kojote. Daugelis i\u0161","robots":{"index":"index","follow":"follow","max-snippet":"max-snippet:-1","max-image-preview":"max-image-preview:large","max-video-preview":"max-video-preview:-1"},"canonical":"https:\/\/skaitytaknyga.lt\/en\/produktas\/dianetika-siuolaikinis-mokslas-apie-prota\/","og_locale":"en_GB","og_type":"article","og_title":"[:lt]DIANETIKA. \u0160iuolaikinis mokslas apie prot\u0105[:] - Skaitytaknyga","og_description":"Ar mes m\u0105stome per daug, o gyvename per ma\u017eai? Kod\u0117l gyvenime mums tiek daug tr\u016bksta? Dianetika turi atsakym\u0173, kuri\u0173 j\u016bs galb\u016bt ie\u0161kojote. Daugelis i\u0161","og_url":"https:\/\/skaitytaknyga.lt\/en\/produktas\/dianetika-siuolaikinis-mokslas-apie-prota\/","og_site_name":"Skaitytaknyga","article_publisher":"https:\/\/www.facebook.com\/skaitytaknyga\/","article_modified_time":"2025-08-26T14:03:18+00:00","og_image":[{"width":520,"height":801,"url":"https:\/\/skaitytaknyga.lt\/wp-content\/uploads\/2025\/05\/DIANETIKA.-Siuolaikinis-mokslas-apie-prota.webp","type":"image\/webp"}],"twitter_card":"summary_large_image","twitter_misc":{"Estimated reading time":"1 minute"},"schema":{"@context":"https:\/\/schema.org","@graph":[{"@type":"WebPage","@id":"https:\/\/skaitytaknyga.lt\/produktas\/dianetika-siuolaikinis-mokslas-apie-prota\/","url":"https:\/\/skaitytaknyga.lt\/produktas\/dianetika-siuolaikinis-mokslas-apie-prota\/","name":"DIANETIKA. \u0160iuolaikinis mokslas apie prot\u0105","isPartOf":{"@id":"https:\/\/skaitytaknyga.lt\/#website"},"primaryImageOfPage":{"@id":"https:\/\/skaitytaknyga.lt\/produktas\/dianetika-siuolaikinis-mokslas-apie-prota\/#primaryimage"},"image":{"@id":"https:\/\/skaitytaknyga.lt\/produktas\/dianetika-siuolaikinis-mokslas-apie-prota\/#primaryimage"},"thumbnailUrl":"https:\/\/skaitytaknyga.lt\/wp-content\/uploads\/2025\/05\/DIANETIKA.-Siuolaikinis-mokslas-apie-prota.webp","datePublished":"2025-04-23T11:19:56+00:00","dateModified":"2025-08-26T14:03:18+00:00","description":"Ar mes m\u0105stome per daug, o gyvename per ma\u017eai? Kod\u0117l gyvenime mums tiek daug tr\u016bksta? Dianetika turi atsakym\u0173, kuri\u0173 j\u016bs galb\u016bt ie\u0161kojote. Daugelis i\u0161","breadcrumb":{"@id":"https:\/\/skaitytaknyga.lt\/produktas\/dianetika-siuolaikinis-mokslas-apie-prota\/#breadcrumb"},"inLanguage":"en-GB","potentialAction":[{"@type":"ReadAction","target":["https:\/\/skaitytaknyga.lt\/produktas\/dianetika-siuolaikinis-mokslas-apie-prota\/"]}]},{"@type":"ImageObject","inLanguage":"en-GB","@id":"https:\/\/skaitytaknyga.lt\/produktas\/dianetika-siuolaikinis-mokslas-apie-prota\/#primaryimage","url":"https:\/\/skaitytaknyga.lt\/wp-content\/uploads\/2025\/05\/DIANETIKA.-Siuolaikinis-mokslas-apie-prota.webp","contentUrl":"https:\/\/skaitytaknyga.lt\/wp-content\/uploads\/2025\/05\/DIANETIKA.-Siuolaikinis-mokslas-apie-prota.webp","width":520,"height":801},{"@type":"BreadcrumbList","@id":"https:\/\/skaitytaknyga.lt\/produktas\/dianetika-siuolaikinis-mokslas-apie-prota\/#breadcrumb","itemListElement":[{"@type":"ListItem","position":1,"name":"Home","item":"https:\/\/skaitytaknyga.lt\/"},{"@type":"ListItem","position":2,"name":"Parduotuv\u0117","item":"https:\/\/skaitytaknyga.lt\/knygu-parduotuve\/"},{"@type":"ListItem","position":3,"name":"DIANETIKA. \u0160iuolaikinis mokslas apie prot\u0105"}]},{"@type":"WebSite","@id":"https:\/\/skaitytaknyga.lt\/#website","url":"https:\/\/skaitytaknyga.lt\/","name":"skaitytaknyga.lt","description":"Skaitytaknyga.lt \u2013 tai ma\u017eas \u0161eimos verslas, kuris prasid\u0117jo nuo meil\u0117s knygoms ir siekio i\u0161gelb\u0117ti knygas nuo likimo prie konteinerio. Kas vienam nereikalingas daiktas \u2013 kitam lobis, o mes esame tarpininkai, kurie padeda abiems tapti laimingesniems ???? \u017dinome kaip nelengva i\u0161gyventi ma\u017eiems verslams, tad nuo \u0161iol, \u010dia rasite ir kit\u0173, ma\u017e\u0173 \u0161eim\u0173 versl\u0173, rank\u0173 darbo, dovan\u0173 sau ir artimiesiems.","publisher":{"@id":"https:\/\/skaitytaknyga.lt\/#organization"},"potentialAction":[{"@type":"SearchAction","target":{"@type":"EntryPoint","urlTemplate":"https:\/\/skaitytaknyga.lt\/?s={search_term_string}"},"query-input":{"@type":"PropertyValueSpecification","valueRequired":true,"valueName":"search_term_string"}}],"inLanguage":"en-GB"},{"@type":"Organization","@id":"https:\/\/skaitytaknyga.lt\/#organization","name":"skaitytaknyga.lt","url":"https:\/\/skaitytaknyga.lt\/","logo":{"@type":"ImageObject","inLanguage":"en-GB","@id":"https:\/\/skaitytaknyga.lt\/#\/schema\/logo\/image\/","url":"https:\/\/skaitytaknyga.lt\/wp-content\/uploads\/2024\/05\/cropped-cropped-cropped-02_00843_jt3bggkj1j3HLc7SyY6rEUpg.jpeg","contentUrl":"https:\/\/skaitytaknyga.lt\/wp-content\/uploads\/2024\/05\/cropped-cropped-cropped-02_00843_jt3bggkj1j3HLc7SyY6rEUpg.jpeg","width":1600,"height":1600,"caption":"skaitytaknyga.lt"},"image":{"@id":"https:\/\/skaitytaknyga.lt\/#\/schema\/logo\/image\/"},"sameAs":["https:\/\/www.facebook.com\/skaitytaknyga\/"]}]}},"_links":{"self":[{"href":"https:\/\/skaitytaknyga.lt\/en\/wp-json\/wp\/v2\/product\/17982","targetHints":{"allow":["GET"]}}],"collection":[{"href":"https:\/\/skaitytaknyga.lt\/en\/wp-json\/wp\/v2\/product"}],"about":[{"href":"https:\/\/skaitytaknyga.lt\/en\/wp-json\/wp\/v2\/types\/product"}],"replies":[{"embeddable":true,"href":"https:\/\/skaitytaknyga.lt\/en\/wp-json\/wp\/v2\/comments?post=17982"}],"wp:featuredmedia":[{"embeddable":true,"href":"https:\/\/skaitytaknyga.lt\/en\/wp-json\/wp\/v2\/media\/18377"}],"wp:attachment":[{"href":"https:\/\/skaitytaknyga.lt\/en\/wp-json\/wp\/v2\/media?parent=17982"}],"wp:term":[{"taxonomy":"product_brand","embeddable":true,"href":"https:\/\/skaitytaknyga.lt\/en\/wp-json\/wp\/v2\/product_brand?post=17982"},{"taxonomy":"product_cat","embeddable":true,"href":"https:\/\/skaitytaknyga.lt\/en\/wp-json\/wp\/v2\/product_cat?post=17982"},{"taxonomy":"product_tag","embeddable":true,"href":"https:\/\/skaitytaknyga.lt\/en\/wp-json\/wp\/v2\/product_tag?post=17982"}],"curies":[{"name":"wp","href":"https:\/\/api.w.org\/{rel}","templated":true}]}}