{"id":17981,"date":"2025-04-23T14:19:56","date_gmt":"2025-04-23T11:19:56","guid":{"rendered":"https:\/\/skaitytaknyga.lt\/?post_type=product&#038;p=17981"},"modified":"2025-10-30T08:21:16","modified_gmt":"2025-10-30T06:21:16","slug":"gurkst-nuotykinga-kelione-virskinimo-traktu","status":"publish","type":"product","link":"https:\/\/skaitytaknyga.lt\/en\/produktas\/gurkst-nuotykinga-kelione-virskinimo-traktu\/","title":{"rendered":"Gurk\u0161t: nuotykinga kelion\u0117 vir\u0161kinimo traktu"},"content":{"rendered":"<p>merikie\u010di\u0173 autor\u0117s\u00a0<strong>Mary Roach<\/strong>\u00a0knygoje\u00a0<strong>\u201eGurk\u0161t: nuotykinga kelion\u0117 vir\u0161kinimo traktu&#8221;<\/strong>, kuri 2013 m. buvo nominuota presti\u017einei premijai \u201eRoyal Society Winton\u201c, suprantamai ir itin gyvai apra\u0161oma vir\u0161kinimo trakto sandara, jo funkcionavimas ir naujausi gastroenterologijos mokslo pasiekimai.<\/p>\n<p>Nuosekliai \u201ekeliaudama&#8221; \u0161iuo traktu, autor\u0117 \u0161maik\u0161\u010diai pasakoja apie da\u017eniausius vir\u0161kinimo sistemos sutrikimus, primena nuo \u0161i\u0173 lig\u0173 kent\u0117jusi\u0173 \u012f\u017eymi\u0173 \u017emoni\u0173 istorijas. Visuomenei M. Roach knyga suteiks \u017eini\u0173 apie sveik\u0105 mityb\u0105, vir\u0161kinimo sistemos lig\u0173 profilaktik\u0105. Joje apra\u0161yti tokie mokslo laim\u0117jimai kaip \u017earnyno mikrobiotos transplantacija siejasi ir su Lietuvos mokslinink\u0173 pasiekimais.\u00a0Lietuvos sveikatos moksl\u0173 universiteto gastroenterologai pirmieji Centrin\u0117je ir Ryt\u0173 Europoje 2015 metais \u0117m\u0117 taikyti mikrobiotos transplantacij\u0105 \u017earnyno ligoms gydyti.<\/p>\n<p>\u0160iuo metu visame pasaulyje auga dom\u0117jimasis gyvyb\u0117s mokslais, tad \u0161i knyga paskatins jaunim\u0105 studijuoti medicin\u0105, biologij\u0105, biochemij\u0105, biotechnologijas.<\/p>\n","protected":false},"excerpt":{"rendered":"<p>merikie\u010di\u0173 autor\u0117s\u00a0Mary Roach\u00a0knygoje\u00a0\u201eGurk\u0161t: nuotykinga kelion\u0117 vir\u0161kinimo traktu&#8221;, kuri 2013 m. buvo nominuota presti\u017einei premijai \u201eRoyal Society Winton\u201c, suprantamai ir itin gyvai apra\u0161oma vir\u0161kinimo trakto sandara, jo funkcionavimas ir naujausi gastroenterologijos mokslo pasiekimai. Nuosekliai \u201ekeliaudama&#8221; \u0161iuo traktu, autor\u0117 \u0161maik\u0161\u010diai pasakoja apie da\u017eniausius vir\u0161kinimo sistemos sutrikimus, primena nuo \u0161i\u0173 lig\u0173 kent\u0117jusi\u0173 \u012f\u017eymi\u0173 \u017emoni\u0173 istorijas. Visuomenei M. Roach knyga suteiks \u017eini\u0173 apie sveik\u0105 mityb\u0105, vir\u0161kinimo sistemos lig\u0173 profilaktik\u0105. Joje apra\u0161yti tokie mokslo laim\u0117jimai kaip \u017earnyno mikrobiotos transplantacija siejasi ir su Lietuvos mokslinink\u0173 pasiekimais.\u00a0Lietuvos sveikatos moksl\u0173 universiteto gastroenterologai pirmieji Centrin\u0117je ir Ryt\u0173 Europoje 2015 metais \u0117m\u0117 taikyti mikrobiotos transplantacij\u0105 \u017earnyno ligoms gydyti. \u0160iuo metu visame pasaulyje auga dom\u0117jimasis gyvyb\u0117s mokslais, tad \u0161i knyga paskatins jaunim\u0105 studijuoti medicin\u0105, biologij\u0105, biochemij\u0105, biotechnologijas.<\/p>\n","protected":false},"featured_media":18378,"comment_status":"open","ping_status":"closed","template":"","meta":{"_acf_changed":false,"site-sidebar-layout":"default","site-content-layout":"","ast-site-content-layout":"default","site-content-style":"default","site-sidebar-style":"default","ast-global-header-display":"","ast-banner-title-visibility":"","ast-main-header-display":"","ast-hfb-above-header-display":"","ast-hfb-below-header-display":"","ast-hfb-mobile-header-display":"","site-post-title":"","ast-breadcrumbs-content":"","ast-featured-img":"","footer-sml-layout":"","ast-disable-related-posts":"","theme-transparent-header-meta":"","adv-header-id-meta":"","stick-header-meta":"","header-above-stick-meta":"","header-main-stick-meta":"","header-below-stick-meta":"","astra-migrate-meta-layouts":"default","ast-page-background-enabled":"default","ast-page-background-meta":{"desktop":{"background-color":"","background-image":"","background-repeat":"repeat","background-position":"center center","background-size":"auto","background-attachment":"scroll","background-type":"","background-media":"","overlay-type":"","overlay-color":"","overlay-opacity":"","overlay-gradient":""},"tablet":{"background-color":"","background-image":"","background-repeat":"repeat","background-position":"center center","background-size":"auto","background-attachment":"scroll","background-type":"","background-media":"","overlay-type":"","overlay-color":"","overlay-opacity":"","overlay-gradient":""},"mobile":{"background-color":"","background-image":"","background-repeat":"repeat","background-position":"center center","background-size":"auto","background-attachment":"scroll","background-type":"","background-media":"","overlay-type":"","overlay-color":"","overlay-opacity":"","overlay-gradient":""}},"ast-content-background-meta":{"desktop":{"background-color":"var(--ast-global-color-4)","background-image":"","background-repeat":"repeat","background-position":"center center","background-size":"auto","background-attachment":"scroll","background-type":"","background-media":"","overlay-type":"","overlay-color":"","overlay-opacity":"","overlay-gradient":""},"tablet":{"background-color":"var(--ast-global-color-4)","background-image":"","background-repeat":"repeat","background-position":"center center","background-size":"auto","background-attachment":"scroll","background-type":"","background-media":"","overlay-type":"","overlay-color":"","overlay-opacity":"","overlay-gradient":""},"mobile":{"background-color":"var(--ast-global-color-4)","background-image":"","background-repeat":"repeat","background-position":"center center","background-size":"auto","background-attachment":"scroll","background-type":"","background-media":"","overlay-type":"","overlay-color":"","overlay-opacity":"","overlay-gradient":""}}},"product_brand":[],"product_cat":[15],"product_tag":[3475,3472,1524,3474,3473],"class_list":{"0":"post-17981","1":"product","2":"type-product","3":"status-publish","4":"has-post-thumbnail","6":"product_cat-uncategorized","7":"product_tag-fiziologija","8":"product_tag-mary-roach","9":"product_tag-mokslas","10":"product_tag-populiarioji-moksline-literatura","11":"product_tag-virskinimas","12":"desktop-align-left","13":"tablet-align-left","14":"mobile-align-left","16":"first","17":"instock","18":"shipping-taxable","19":"purchasable","20":"product-type-simple"},"acf":[],"yoast_head":"<!-- This site is optimized with the Yoast SEO plugin v27.0 - https:\/\/yoast.com\/product\/yoast-seo-wordpress\/ -->\n<title>Gurk\u0161t: nuotykinga kelion\u0117 vir\u0161kinimo traktu<\/title>\n<meta name=\"description\" content=\"merikie\u010di\u0173 autor\u0117s\u00a0Mary Roach\u00a0knygoje\u00a0\u201eGurk\u0161t: nuotykinga kelion\u0117 vir\u0161kinimo traktu&quot;, kuri 2013 m. buvo nominuota presti\u017einei premijai \u201eRoyal Society\" \/>\n<meta name=\"robots\" content=\"index, follow, max-snippet:-1, max-image-preview:large, max-video-preview:-1\" \/>\n<link rel=\"canonical\" href=\"https:\/\/skaitytaknyga.lt\/en\/produktas\/gurkst-nuotykinga-kelione-virskinimo-traktu\/\" \/>\n<meta property=\"og:locale\" content=\"en_GB\" \/>\n<meta property=\"og:locale:alternate\" content=\"lt_LT\" \/>\n<meta property=\"og:type\" content=\"article\" \/>\n<meta property=\"og:title\" content=\"Gurk\u0161t: nuotykinga kelion\u0117 vir\u0161kinimo traktu\" \/>\n<meta property=\"og:description\" content=\"merikie\u010di\u0173 autor\u0117s\u00a0Mary Roach\u00a0knygoje\u00a0\u201eGurk\u0161t: nuotykinga kelion\u0117 vir\u0161kinimo traktu&quot;, kuri 2013 m. buvo nominuota presti\u017einei premijai \u201eRoyal Society\" \/>\n<meta property=\"og:url\" content=\"https:\/\/skaitytaknyga.lt\/en\/produktas\/gurkst-nuotykinga-kelione-virskinimo-traktu\/\" \/>\n<meta property=\"og:site_name\" content=\"Skaitytaknyga\" \/>\n<meta property=\"article:publisher\" content=\"https:\/\/www.facebook.com\/skaitytaknyga\/\" \/>\n<meta property=\"article:modified_time\" content=\"2025-10-30T06:21:16+00:00\" \/>\n<meta property=\"og:image\" content=\"https:\/\/skaitytaknyga.lt\/wp-content\/uploads\/2025\/05\/Gurkst-nuotykinga-kelione-virskinimo-traktu.webp\" \/>\n\t<meta property=\"og:image:width\" content=\"400\" \/>\n\t<meta property=\"og:image:height\" content=\"578\" \/>\n\t<meta property=\"og:image:type\" content=\"image\/webp\" \/>\n<meta name=\"twitter:card\" content=\"summary_large_image\" \/>\n<meta name=\"twitter:label1\" content=\"Estimated reading time\" \/>\n\t<meta name=\"twitter:data1\" content=\"1 minute\" \/>\n<script type=\"application\/ld+json\" class=\"yoast-schema-graph\">{\"@context\":\"https:\/\/schema.org\",\"@graph\":[{\"@type\":\"WebPage\",\"@id\":\"https:\/\/skaitytaknyga.lt\/produktas\/gurkst-nuotykinga-kelione-virskinimo-traktu\/\",\"url\":\"https:\/\/skaitytaknyga.lt\/produktas\/gurkst-nuotykinga-kelione-virskinimo-traktu\/\",\"name\":\"Gurk\u0161t: nuotykinga kelion\u0117 vir\u0161kinimo traktu\",\"isPartOf\":{\"@id\":\"https:\/\/skaitytaknyga.lt\/#website\"},\"primaryImageOfPage\":{\"@id\":\"https:\/\/skaitytaknyga.lt\/produktas\/gurkst-nuotykinga-kelione-virskinimo-traktu\/#primaryimage\"},\"image\":{\"@id\":\"https:\/\/skaitytaknyga.lt\/produktas\/gurkst-nuotykinga-kelione-virskinimo-traktu\/#primaryimage\"},\"thumbnailUrl\":\"https:\/\/skaitytaknyga.lt\/wp-content\/uploads\/2025\/05\/Gurkst-nuotykinga-kelione-virskinimo-traktu.webp\",\"datePublished\":\"2025-04-23T11:19:56+00:00\",\"dateModified\":\"2025-10-30T06:21:16+00:00\",\"description\":\"merikie\u010di\u0173 autor\u0117s\u00a0Mary Roach\u00a0knygoje\u00a0\u201eGurk\u0161t: nuotykinga kelion\u0117 vir\u0161kinimo traktu\\\", kuri 2013 m. buvo nominuota presti\u017einei premijai \u201eRoyal Society\",\"breadcrumb\":{\"@id\":\"https:\/\/skaitytaknyga.lt\/produktas\/gurkst-nuotykinga-kelione-virskinimo-traktu\/#breadcrumb\"},\"inLanguage\":\"en-GB\",\"potentialAction\":[{\"@type\":\"ReadAction\",\"target\":[\"https:\/\/skaitytaknyga.lt\/produktas\/gurkst-nuotykinga-kelione-virskinimo-traktu\/\"]}]},{\"@type\":\"ImageObject\",\"inLanguage\":\"en-GB\",\"@id\":\"https:\/\/skaitytaknyga.lt\/produktas\/gurkst-nuotykinga-kelione-virskinimo-traktu\/#primaryimage\",\"url\":\"https:\/\/skaitytaknyga.lt\/wp-content\/uploads\/2025\/05\/Gurkst-nuotykinga-kelione-virskinimo-traktu.webp\",\"contentUrl\":\"https:\/\/skaitytaknyga.lt\/wp-content\/uploads\/2025\/05\/Gurkst-nuotykinga-kelione-virskinimo-traktu.webp\",\"width\":400,\"height\":578,\"caption\":\"Gurk\u0161t: nuotykinga kelion\u0117 vir\u0161kinimo traktu\"},{\"@type\":\"BreadcrumbList\",\"@id\":\"https:\/\/skaitytaknyga.lt\/produktas\/gurkst-nuotykinga-kelione-virskinimo-traktu\/#breadcrumb\",\"itemListElement\":[{\"@type\":\"ListItem\",\"position\":1,\"name\":\"Home\",\"item\":\"https:\/\/skaitytaknyga.lt\/\"},{\"@type\":\"ListItem\",\"position\":2,\"name\":\"Parduotuv\u0117\",\"item\":\"https:\/\/skaitytaknyga.lt\/knygu-parduotuve\/\"},{\"@type\":\"ListItem\",\"position\":3,\"name\":\"Gurk\u0161t: nuotykinga kelion\u0117 vir\u0161kinimo traktu\"}]},{\"@type\":\"WebSite\",\"@id\":\"https:\/\/skaitytaknyga.lt\/#website\",\"url\":\"https:\/\/skaitytaknyga.lt\/\",\"name\":\"skaitytaknyga.lt\",\"description\":\"Skaitytaknyga.lt \u2013 tai ma\u017eas \u0161eimos verslas, kuris prasid\u0117jo nuo meil\u0117s knygoms ir siekio i\u0161gelb\u0117ti knygas nuo likimo prie konteinerio. Kas vienam nereikalingas daiktas \u2013 kitam lobis, o mes esame tarpininkai, kurie padeda abiems tapti laimingesniems ???? \u017dinome kaip nelengva i\u0161gyventi ma\u017eiems verslams, tad nuo \u0161iol, \u010dia rasite ir kit\u0173, ma\u017e\u0173 \u0161eim\u0173 versl\u0173, rank\u0173 darbo, dovan\u0173 sau ir artimiesiems.\",\"publisher\":{\"@id\":\"https:\/\/skaitytaknyga.lt\/#organization\"},\"potentialAction\":[{\"@type\":\"SearchAction\",\"target\":{\"@type\":\"EntryPoint\",\"urlTemplate\":\"https:\/\/skaitytaknyga.lt\/?s={search_term_string}\"},\"query-input\":{\"@type\":\"PropertyValueSpecification\",\"valueRequired\":true,\"valueName\":\"search_term_string\"}}],\"inLanguage\":\"en-GB\"},{\"@type\":\"Organization\",\"@id\":\"https:\/\/skaitytaknyga.lt\/#organization\",\"name\":\"skaitytaknyga.lt\",\"url\":\"https:\/\/skaitytaknyga.lt\/\",\"logo\":{\"@type\":\"ImageObject\",\"inLanguage\":\"en-GB\",\"@id\":\"https:\/\/skaitytaknyga.lt\/#\/schema\/logo\/image\/\",\"url\":\"https:\/\/skaitytaknyga.lt\/wp-content\/uploads\/2024\/05\/cropped-cropped-cropped-02_00843_jt3bggkj1j3HLc7SyY6rEUpg.jpeg\",\"contentUrl\":\"https:\/\/skaitytaknyga.lt\/wp-content\/uploads\/2024\/05\/cropped-cropped-cropped-02_00843_jt3bggkj1j3HLc7SyY6rEUpg.jpeg\",\"width\":1600,\"height\":1600,\"caption\":\"skaitytaknyga.lt\"},\"image\":{\"@id\":\"https:\/\/skaitytaknyga.lt\/#\/schema\/logo\/image\/\"},\"sameAs\":[\"https:\/\/www.facebook.com\/skaitytaknyga\/\"]}]}<\/script>\n<!-- \/ Yoast SEO plugin. -->","yoast_head_json":{"title":"Gurk\u0161t: nuotykinga kelion\u0117 vir\u0161kinimo traktu","description":"merikie\u010di\u0173 autor\u0117s\u00a0Mary Roach\u00a0knygoje\u00a0\u201eGurk\u0161t: nuotykinga kelion\u0117 vir\u0161kinimo traktu\", kuri 2013 m. buvo nominuota presti\u017einei premijai \u201eRoyal Society","robots":{"index":"index","follow":"follow","max-snippet":"max-snippet:-1","max-image-preview":"max-image-preview:large","max-video-preview":"max-video-preview:-1"},"canonical":"https:\/\/skaitytaknyga.lt\/en\/produktas\/gurkst-nuotykinga-kelione-virskinimo-traktu\/","og_locale":"en_GB","og_type":"article","og_title":"[:lt]Gurk\u0161t: nuotykinga kelion\u0117 vir\u0161kinimo traktu[:] - Skaitytaknyga","og_description":"merikie\u010di\u0173 autor\u0117s\u00a0Mary Roach\u00a0knygoje\u00a0\u201eGurk\u0161t: nuotykinga kelion\u0117 vir\u0161kinimo traktu\", kuri 2013 m. buvo nominuota presti\u017einei premijai \u201eRoyal Society","og_url":"https:\/\/skaitytaknyga.lt\/en\/produktas\/gurkst-nuotykinga-kelione-virskinimo-traktu\/","og_site_name":"Skaitytaknyga","article_publisher":"https:\/\/www.facebook.com\/skaitytaknyga\/","article_modified_time":"2025-10-30T06:21:16+00:00","og_image":[{"width":400,"height":578,"url":"https:\/\/skaitytaknyga.lt\/wp-content\/uploads\/2025\/05\/Gurkst-nuotykinga-kelione-virskinimo-traktu.webp","type":"image\/webp"}],"twitter_card":"summary_large_image","twitter_misc":{"Estimated reading time":"1 minute"},"schema":{"@context":"https:\/\/schema.org","@graph":[{"@type":"WebPage","@id":"https:\/\/skaitytaknyga.lt\/produktas\/gurkst-nuotykinga-kelione-virskinimo-traktu\/","url":"https:\/\/skaitytaknyga.lt\/produktas\/gurkst-nuotykinga-kelione-virskinimo-traktu\/","name":"Gurk\u0161t: nuotykinga kelion\u0117 vir\u0161kinimo traktu","isPartOf":{"@id":"https:\/\/skaitytaknyga.lt\/#website"},"primaryImageOfPage":{"@id":"https:\/\/skaitytaknyga.lt\/produktas\/gurkst-nuotykinga-kelione-virskinimo-traktu\/#primaryimage"},"image":{"@id":"https:\/\/skaitytaknyga.lt\/produktas\/gurkst-nuotykinga-kelione-virskinimo-traktu\/#primaryimage"},"thumbnailUrl":"https:\/\/skaitytaknyga.lt\/wp-content\/uploads\/2025\/05\/Gurkst-nuotykinga-kelione-virskinimo-traktu.webp","datePublished":"2025-04-23T11:19:56+00:00","dateModified":"2025-10-30T06:21:16+00:00","description":"merikie\u010di\u0173 autor\u0117s\u00a0Mary Roach\u00a0knygoje\u00a0\u201eGurk\u0161t: nuotykinga kelion\u0117 vir\u0161kinimo traktu\", kuri 2013 m. buvo nominuota presti\u017einei premijai \u201eRoyal Society","breadcrumb":{"@id":"https:\/\/skaitytaknyga.lt\/produktas\/gurkst-nuotykinga-kelione-virskinimo-traktu\/#breadcrumb"},"inLanguage":"en-GB","potentialAction":[{"@type":"ReadAction","target":["https:\/\/skaitytaknyga.lt\/produktas\/gurkst-nuotykinga-kelione-virskinimo-traktu\/"]}]},{"@type":"ImageObject","inLanguage":"en-GB","@id":"https:\/\/skaitytaknyga.lt\/produktas\/gurkst-nuotykinga-kelione-virskinimo-traktu\/#primaryimage","url":"https:\/\/skaitytaknyga.lt\/wp-content\/uploads\/2025\/05\/Gurkst-nuotykinga-kelione-virskinimo-traktu.webp","contentUrl":"https:\/\/skaitytaknyga.lt\/wp-content\/uploads\/2025\/05\/Gurkst-nuotykinga-kelione-virskinimo-traktu.webp","width":400,"height":578,"caption":"Gurk\u0161t: nuotykinga kelion\u0117 vir\u0161kinimo traktu"},{"@type":"BreadcrumbList","@id":"https:\/\/skaitytaknyga.lt\/produktas\/gurkst-nuotykinga-kelione-virskinimo-traktu\/#breadcrumb","itemListElement":[{"@type":"ListItem","position":1,"name":"Home","item":"https:\/\/skaitytaknyga.lt\/"},{"@type":"ListItem","position":2,"name":"Parduotuv\u0117","item":"https:\/\/skaitytaknyga.lt\/knygu-parduotuve\/"},{"@type":"ListItem","position":3,"name":"Gurk\u0161t: nuotykinga kelion\u0117 vir\u0161kinimo traktu"}]},{"@type":"WebSite","@id":"https:\/\/skaitytaknyga.lt\/#website","url":"https:\/\/skaitytaknyga.lt\/","name":"skaitytaknyga.lt","description":"Skaitytaknyga.lt \u2013 tai ma\u017eas \u0161eimos verslas, kuris prasid\u0117jo nuo meil\u0117s knygoms ir siekio i\u0161gelb\u0117ti knygas nuo likimo prie konteinerio. Kas vienam nereikalingas daiktas \u2013 kitam lobis, o mes esame tarpininkai, kurie padeda abiems tapti laimingesniems ???? \u017dinome kaip nelengva i\u0161gyventi ma\u017eiems verslams, tad nuo \u0161iol, \u010dia rasite ir kit\u0173, ma\u017e\u0173 \u0161eim\u0173 versl\u0173, rank\u0173 darbo, dovan\u0173 sau ir artimiesiems.","publisher":{"@id":"https:\/\/skaitytaknyga.lt\/#organization"},"potentialAction":[{"@type":"SearchAction","target":{"@type":"EntryPoint","urlTemplate":"https:\/\/skaitytaknyga.lt\/?s={search_term_string}"},"query-input":{"@type":"PropertyValueSpecification","valueRequired":true,"valueName":"search_term_string"}}],"inLanguage":"en-GB"},{"@type":"Organization","@id":"https:\/\/skaitytaknyga.lt\/#organization","name":"skaitytaknyga.lt","url":"https:\/\/skaitytaknyga.lt\/","logo":{"@type":"ImageObject","inLanguage":"en-GB","@id":"https:\/\/skaitytaknyga.lt\/#\/schema\/logo\/image\/","url":"https:\/\/skaitytaknyga.lt\/wp-content\/uploads\/2024\/05\/cropped-cropped-cropped-02_00843_jt3bggkj1j3HLc7SyY6rEUpg.jpeg","contentUrl":"https:\/\/skaitytaknyga.lt\/wp-content\/uploads\/2024\/05\/cropped-cropped-cropped-02_00843_jt3bggkj1j3HLc7SyY6rEUpg.jpeg","width":1600,"height":1600,"caption":"skaitytaknyga.lt"},"image":{"@id":"https:\/\/skaitytaknyga.lt\/#\/schema\/logo\/image\/"},"sameAs":["https:\/\/www.facebook.com\/skaitytaknyga\/"]}]}},"_links":{"self":[{"href":"https:\/\/skaitytaknyga.lt\/en\/wp-json\/wp\/v2\/product\/17981","targetHints":{"allow":["GET"]}}],"collection":[{"href":"https:\/\/skaitytaknyga.lt\/en\/wp-json\/wp\/v2\/product"}],"about":[{"href":"https:\/\/skaitytaknyga.lt\/en\/wp-json\/wp\/v2\/types\/product"}],"replies":[{"embeddable":true,"href":"https:\/\/skaitytaknyga.lt\/en\/wp-json\/wp\/v2\/comments?post=17981"}],"wp:featuredmedia":[{"embeddable":true,"href":"https:\/\/skaitytaknyga.lt\/en\/wp-json\/wp\/v2\/media\/18378"}],"wp:attachment":[{"href":"https:\/\/skaitytaknyga.lt\/en\/wp-json\/wp\/v2\/media?parent=17981"}],"wp:term":[{"taxonomy":"product_brand","embeddable":true,"href":"https:\/\/skaitytaknyga.lt\/en\/wp-json\/wp\/v2\/product_brand?post=17981"},{"taxonomy":"product_cat","embeddable":true,"href":"https:\/\/skaitytaknyga.lt\/en\/wp-json\/wp\/v2\/product_cat?post=17981"},{"taxonomy":"product_tag","embeddable":true,"href":"https:\/\/skaitytaknyga.lt\/en\/wp-json\/wp\/v2\/product_tag?post=17981"}],"curies":[{"name":"wp","href":"https:\/\/api.w.org\/{rel}","templated":true}]}}