{"id":17980,"date":"2025-04-23T14:19:56","date_gmt":"2025-04-23T11:19:56","guid":{"rendered":"https:\/\/skaitytaknyga.lt\/?post_type=product&#038;p=17980"},"modified":"2025-07-07T09:54:49","modified_gmt":"2025-07-07T06:54:49","slug":"en-gedzio-meiles-sodai-giesmiu-giesmes-homilijos","status":"publish","type":"product","link":"https:\/\/skaitytaknyga.lt\/en\/produktas\/en-gedzio-meiles-sodai-giesmiu-giesmes-homilijos\/","title":{"rendered":"En Ged\u017eio meil\u0117s sodai. Giesmi\u0173 giesm\u0117s homilijos"},"content":{"rendered":"<p>Kun. prof.\u00a0<strong>Romualdo Dulskio<\/strong>\u00a0knyga \u2013 tarsi dailininko pot\u0117piai ant molberto. Joje atrandame netik\u0117t\u0173 \u012f\u017evalg\u0173 apie \u0161ios poetin\u0117s Biblijos knygos \u012fvaizd\u017eius.<\/p>\n","protected":false},"excerpt":{"rendered":"<p>Kun. prof.\u00a0Romualdo Dulskio\u00a0knyga \u2013 tarsi dailininko pot\u0117piai ant molberto. Joje atrandame netik\u0117t\u0173 \u012f\u017evalg\u0173 apie \u0161ios poetin\u0117s Biblijos knygos \u012fvaizd\u017eius.<\/p>\n","protected":false},"featured_media":18376,"comment_status":"open","ping_status":"closed","template":"","meta":{"_acf_changed":false,"site-sidebar-layout":"default","site-content-layout":"","ast-site-content-layout":"default","site-content-style":"default","site-sidebar-style":"default","ast-global-header-display":"","ast-banner-title-visibility":"","ast-main-header-display":"","ast-hfb-above-header-display":"","ast-hfb-below-header-display":"","ast-hfb-mobile-header-display":"","site-post-title":"","ast-breadcrumbs-content":"","ast-featured-img":"","footer-sml-layout":"","ast-disable-related-posts":"","theme-transparent-header-meta":"","adv-header-id-meta":"","stick-header-meta":"","header-above-stick-meta":"","header-main-stick-meta":"","header-below-stick-meta":"","astra-migrate-meta-layouts":"default","ast-page-background-enabled":"default","ast-page-background-meta":{"desktop":{"background-color":"","background-image":"","background-repeat":"repeat","background-position":"center center","background-size":"auto","background-attachment":"scroll","background-type":"","background-media":"","overlay-type":"","overlay-color":"","overlay-opacity":"","overlay-gradient":""},"tablet":{"background-color":"","background-image":"","background-repeat":"repeat","background-position":"center center","background-size":"auto","background-attachment":"scroll","background-type":"","background-media":"","overlay-type":"","overlay-color":"","overlay-opacity":"","overlay-gradient":""},"mobile":{"background-color":"","background-image":"","background-repeat":"repeat","background-position":"center center","background-size":"auto","background-attachment":"scroll","background-type":"","background-media":"","overlay-type":"","overlay-color":"","overlay-opacity":"","overlay-gradient":""}},"ast-content-background-meta":{"desktop":{"background-color":"var(--ast-global-color-4)","background-image":"","background-repeat":"repeat","background-position":"center center","background-size":"auto","background-attachment":"scroll","background-type":"","background-media":"","overlay-type":"","overlay-color":"","overlay-opacity":"","overlay-gradient":""},"tablet":{"background-color":"var(--ast-global-color-4)","background-image":"","background-repeat":"repeat","background-position":"center center","background-size":"auto","background-attachment":"scroll","background-type":"","background-media":"","overlay-type":"","overlay-color":"","overlay-opacity":"","overlay-gradient":""},"mobile":{"background-color":"var(--ast-global-color-4)","background-image":"","background-repeat":"repeat","background-position":"center center","background-size":"auto","background-attachment":"scroll","background-type":"","background-media":"","overlay-type":"","overlay-color":"","overlay-opacity":"","overlay-gradient":""}}},"product_brand":[],"product_cat":[165],"product_tag":[3470,3469,3471,2277,3468],"class_list":{"0":"post-17980","1":"product","2":"type-product","3":"status-publish","4":"has-post-thumbnail","6":"product_cat-religija-filosofija-ir-ezoterika","7":"product_tag-biblija","8":"product_tag-giesmiu-giesme","9":"product_tag-homilijos","10":"product_tag-religija","11":"product_tag-romualdas-dulskis","12":"desktop-align-left","13":"tablet-align-left","14":"mobile-align-left","16":"first","17":"outofstock","18":"shipping-taxable","19":"purchasable","20":"product-type-simple"},"acf":[],"yoast_head":"<!-- This site is optimized with the Yoast SEO plugin v27.0 - https:\/\/yoast.com\/product\/yoast-seo-wordpress\/ -->\n<title>En Ged\u017eio meil\u0117s sodai. Giesmi\u0173 giesm\u0117s homilijos<\/title>\n<meta name=\"description\" content=\"Kun. prof.\u00a0Romualdo Dulskio\u00a0knyga \u2013 tarsi dailininko pot\u0117piai ant molberto. Joje atrandame netik\u0117t\u0173 \u012f\u017evalg\u0173 apie \u0161ios poetin\u0117s Biblijos knygos \u012fvaizd\u017eius.\" \/>\n<meta name=\"robots\" content=\"index, follow, max-snippet:-1, max-image-preview:large, max-video-preview:-1\" \/>\n<link rel=\"canonical\" href=\"https:\/\/skaitytaknyga.lt\/en\/produktas\/en-gedzio-meiles-sodai-giesmiu-giesmes-homilijos\/\" \/>\n<meta property=\"og:locale\" content=\"en_GB\" \/>\n<meta property=\"og:locale:alternate\" content=\"lt_LT\" \/>\n<meta property=\"og:type\" content=\"article\" \/>\n<meta property=\"og:title\" content=\"En Ged\u017eio meil\u0117s sodai. Giesmi\u0173 giesm\u0117s homilijos\" \/>\n<meta property=\"og:description\" content=\"Kun. prof.\u00a0Romualdo Dulskio\u00a0knyga \u2013 tarsi dailininko pot\u0117piai ant molberto. Joje atrandame netik\u0117t\u0173 \u012f\u017evalg\u0173 apie \u0161ios poetin\u0117s Biblijos knygos \u012fvaizd\u017eius.\" \/>\n<meta property=\"og:url\" content=\"https:\/\/skaitytaknyga.lt\/en\/produktas\/en-gedzio-meiles-sodai-giesmiu-giesmes-homilijos\/\" \/>\n<meta property=\"og:site_name\" content=\"Skaitytaknyga\" \/>\n<meta property=\"article:publisher\" content=\"https:\/\/www.facebook.com\/skaitytaknyga\/\" \/>\n<meta property=\"article:modified_time\" content=\"2025-07-07T06:54:49+00:00\" \/>\n<meta property=\"og:image\" content=\"https:\/\/skaitytaknyga.lt\/wp-content\/uploads\/2025\/05\/En-Gedzio-meiles-sodai.-Giesmiu-giesmes-homilijos.webp\" \/>\n\t<meta property=\"og:image:width\" content=\"273\" \/>\n\t<meta property=\"og:image:height\" content=\"501\" \/>\n\t<meta property=\"og:image:type\" content=\"image\/webp\" \/>\n<meta name=\"twitter:card\" content=\"summary_large_image\" \/>\n<script type=\"application\/ld+json\" class=\"yoast-schema-graph\">{\"@context\":\"https:\/\/schema.org\",\"@graph\":[{\"@type\":\"WebPage\",\"@id\":\"https:\/\/skaitytaknyga.lt\/produktas\/en-gedzio-meiles-sodai-giesmiu-giesmes-homilijos\/\",\"url\":\"https:\/\/skaitytaknyga.lt\/produktas\/en-gedzio-meiles-sodai-giesmiu-giesmes-homilijos\/\",\"name\":\"En Ged\u017eio meil\u0117s sodai. Giesmi\u0173 giesm\u0117s homilijos\",\"isPartOf\":{\"@id\":\"https:\/\/skaitytaknyga.lt\/#website\"},\"primaryImageOfPage\":{\"@id\":\"https:\/\/skaitytaknyga.lt\/produktas\/en-gedzio-meiles-sodai-giesmiu-giesmes-homilijos\/#primaryimage\"},\"image\":{\"@id\":\"https:\/\/skaitytaknyga.lt\/produktas\/en-gedzio-meiles-sodai-giesmiu-giesmes-homilijos\/#primaryimage\"},\"thumbnailUrl\":\"https:\/\/skaitytaknyga.lt\/wp-content\/uploads\/2025\/05\/En-Gedzio-meiles-sodai.-Giesmiu-giesmes-homilijos.webp\",\"datePublished\":\"2025-04-23T11:19:56+00:00\",\"dateModified\":\"2025-07-07T06:54:49+00:00\",\"description\":\"Kun. prof.\u00a0Romualdo Dulskio\u00a0knyga \u2013 tarsi dailininko pot\u0117piai ant molberto. Joje atrandame netik\u0117t\u0173 \u012f\u017evalg\u0173 apie \u0161ios poetin\u0117s Biblijos knygos \u012fvaizd\u017eius.\",\"breadcrumb\":{\"@id\":\"https:\/\/skaitytaknyga.lt\/produktas\/en-gedzio-meiles-sodai-giesmiu-giesmes-homilijos\/#breadcrumb\"},\"inLanguage\":\"en-GB\",\"potentialAction\":[{\"@type\":\"ReadAction\",\"target\":[\"https:\/\/skaitytaknyga.lt\/produktas\/en-gedzio-meiles-sodai-giesmiu-giesmes-homilijos\/\"]}]},{\"@type\":\"ImageObject\",\"inLanguage\":\"en-GB\",\"@id\":\"https:\/\/skaitytaknyga.lt\/produktas\/en-gedzio-meiles-sodai-giesmiu-giesmes-homilijos\/#primaryimage\",\"url\":\"https:\/\/skaitytaknyga.lt\/wp-content\/uploads\/2025\/05\/En-Gedzio-meiles-sodai.-Giesmiu-giesmes-homilijos.webp\",\"contentUrl\":\"https:\/\/skaitytaknyga.lt\/wp-content\/uploads\/2025\/05\/En-Gedzio-meiles-sodai.-Giesmiu-giesmes-homilijos.webp\",\"width\":273,\"height\":501,\"caption\":\"En Ged\u017eio meil\u0117s sodai. Giesmi\u0173 giesm\u0117s homilijos\"},{\"@type\":\"BreadcrumbList\",\"@id\":\"https:\/\/skaitytaknyga.lt\/produktas\/en-gedzio-meiles-sodai-giesmiu-giesmes-homilijos\/#breadcrumb\",\"itemListElement\":[{\"@type\":\"ListItem\",\"position\":1,\"name\":\"Home\",\"item\":\"https:\/\/skaitytaknyga.lt\/\"},{\"@type\":\"ListItem\",\"position\":2,\"name\":\"Parduotuv\u0117\",\"item\":\"https:\/\/skaitytaknyga.lt\/knygu-parduotuve\/\"},{\"@type\":\"ListItem\",\"position\":3,\"name\":\"En Ged\u017eio meil\u0117s sodai. Giesmi\u0173 giesm\u0117s homilijos\"}]},{\"@type\":\"WebSite\",\"@id\":\"https:\/\/skaitytaknyga.lt\/#website\",\"url\":\"https:\/\/skaitytaknyga.lt\/\",\"name\":\"skaitytaknyga.lt\",\"description\":\"Skaitytaknyga.lt \u2013 tai ma\u017eas \u0161eimos verslas, kuris prasid\u0117jo nuo meil\u0117s knygoms ir siekio i\u0161gelb\u0117ti knygas nuo likimo prie konteinerio. Kas vienam nereikalingas daiktas \u2013 kitam lobis, o mes esame tarpininkai, kurie padeda abiems tapti laimingesniems ???? \u017dinome kaip nelengva i\u0161gyventi ma\u017eiems verslams, tad nuo \u0161iol, \u010dia rasite ir kit\u0173, ma\u017e\u0173 \u0161eim\u0173 versl\u0173, rank\u0173 darbo, dovan\u0173 sau ir artimiesiems.\",\"publisher\":{\"@id\":\"https:\/\/skaitytaknyga.lt\/#organization\"},\"potentialAction\":[{\"@type\":\"SearchAction\",\"target\":{\"@type\":\"EntryPoint\",\"urlTemplate\":\"https:\/\/skaitytaknyga.lt\/?s={search_term_string}\"},\"query-input\":{\"@type\":\"PropertyValueSpecification\",\"valueRequired\":true,\"valueName\":\"search_term_string\"}}],\"inLanguage\":\"en-GB\"},{\"@type\":\"Organization\",\"@id\":\"https:\/\/skaitytaknyga.lt\/#organization\",\"name\":\"skaitytaknyga.lt\",\"url\":\"https:\/\/skaitytaknyga.lt\/\",\"logo\":{\"@type\":\"ImageObject\",\"inLanguage\":\"en-GB\",\"@id\":\"https:\/\/skaitytaknyga.lt\/#\/schema\/logo\/image\/\",\"url\":\"https:\/\/skaitytaknyga.lt\/wp-content\/uploads\/2024\/05\/cropped-cropped-cropped-02_00843_jt3bggkj1j3HLc7SyY6rEUpg.jpeg\",\"contentUrl\":\"https:\/\/skaitytaknyga.lt\/wp-content\/uploads\/2024\/05\/cropped-cropped-cropped-02_00843_jt3bggkj1j3HLc7SyY6rEUpg.jpeg\",\"width\":1600,\"height\":1600,\"caption\":\"skaitytaknyga.lt\"},\"image\":{\"@id\":\"https:\/\/skaitytaknyga.lt\/#\/schema\/logo\/image\/\"},\"sameAs\":[\"https:\/\/www.facebook.com\/skaitytaknyga\/\"]}]}<\/script>\n<!-- \/ Yoast SEO plugin. -->","yoast_head_json":{"title":"En Ged\u017eio meil\u0117s sodai. Giesmi\u0173 giesm\u0117s homilijos","description":"Kun. prof.\u00a0Romualdo Dulskio\u00a0knyga \u2013 tarsi dailininko pot\u0117piai ant molberto. Joje atrandame netik\u0117t\u0173 \u012f\u017evalg\u0173 apie \u0161ios poetin\u0117s Biblijos knygos \u012fvaizd\u017eius.","robots":{"index":"index","follow":"follow","max-snippet":"max-snippet:-1","max-image-preview":"max-image-preview:large","max-video-preview":"max-video-preview:-1"},"canonical":"https:\/\/skaitytaknyga.lt\/en\/produktas\/en-gedzio-meiles-sodai-giesmiu-giesmes-homilijos\/","og_locale":"en_GB","og_type":"article","og_title":"[:lt]En Ged\u017eio meil\u0117s sodai. Giesmi\u0173 giesm\u0117s homilijos[:] - Skaitytaknyga","og_description":"Kun. prof.\u00a0Romualdo Dulskio\u00a0knyga \u2013 tarsi dailininko pot\u0117piai ant molberto. Joje atrandame netik\u0117t\u0173 \u012f\u017evalg\u0173 apie \u0161ios poetin\u0117s Biblijos knygos \u012fvaizd\u017eius.","og_url":"https:\/\/skaitytaknyga.lt\/en\/produktas\/en-gedzio-meiles-sodai-giesmiu-giesmes-homilijos\/","og_site_name":"Skaitytaknyga","article_publisher":"https:\/\/www.facebook.com\/skaitytaknyga\/","article_modified_time":"2025-07-07T06:54:49+00:00","og_image":[{"width":273,"height":501,"url":"https:\/\/skaitytaknyga.lt\/wp-content\/uploads\/2025\/05\/En-Gedzio-meiles-sodai.-Giesmiu-giesmes-homilijos.webp","type":"image\/webp"}],"twitter_card":"summary_large_image","schema":{"@context":"https:\/\/schema.org","@graph":[{"@type":"WebPage","@id":"https:\/\/skaitytaknyga.lt\/produktas\/en-gedzio-meiles-sodai-giesmiu-giesmes-homilijos\/","url":"https:\/\/skaitytaknyga.lt\/produktas\/en-gedzio-meiles-sodai-giesmiu-giesmes-homilijos\/","name":"En Ged\u017eio meil\u0117s sodai. Giesmi\u0173 giesm\u0117s homilijos","isPartOf":{"@id":"https:\/\/skaitytaknyga.lt\/#website"},"primaryImageOfPage":{"@id":"https:\/\/skaitytaknyga.lt\/produktas\/en-gedzio-meiles-sodai-giesmiu-giesmes-homilijos\/#primaryimage"},"image":{"@id":"https:\/\/skaitytaknyga.lt\/produktas\/en-gedzio-meiles-sodai-giesmiu-giesmes-homilijos\/#primaryimage"},"thumbnailUrl":"https:\/\/skaitytaknyga.lt\/wp-content\/uploads\/2025\/05\/En-Gedzio-meiles-sodai.-Giesmiu-giesmes-homilijos.webp","datePublished":"2025-04-23T11:19:56+00:00","dateModified":"2025-07-07T06:54:49+00:00","description":"Kun. prof.\u00a0Romualdo Dulskio\u00a0knyga \u2013 tarsi dailininko pot\u0117piai ant molberto. Joje atrandame netik\u0117t\u0173 \u012f\u017evalg\u0173 apie \u0161ios poetin\u0117s Biblijos knygos \u012fvaizd\u017eius.","breadcrumb":{"@id":"https:\/\/skaitytaknyga.lt\/produktas\/en-gedzio-meiles-sodai-giesmiu-giesmes-homilijos\/#breadcrumb"},"inLanguage":"en-GB","potentialAction":[{"@type":"ReadAction","target":["https:\/\/skaitytaknyga.lt\/produktas\/en-gedzio-meiles-sodai-giesmiu-giesmes-homilijos\/"]}]},{"@type":"ImageObject","inLanguage":"en-GB","@id":"https:\/\/skaitytaknyga.lt\/produktas\/en-gedzio-meiles-sodai-giesmiu-giesmes-homilijos\/#primaryimage","url":"https:\/\/skaitytaknyga.lt\/wp-content\/uploads\/2025\/05\/En-Gedzio-meiles-sodai.-Giesmiu-giesmes-homilijos.webp","contentUrl":"https:\/\/skaitytaknyga.lt\/wp-content\/uploads\/2025\/05\/En-Gedzio-meiles-sodai.-Giesmiu-giesmes-homilijos.webp","width":273,"height":501,"caption":"En Ged\u017eio meil\u0117s sodai. Giesmi\u0173 giesm\u0117s homilijos"},{"@type":"BreadcrumbList","@id":"https:\/\/skaitytaknyga.lt\/produktas\/en-gedzio-meiles-sodai-giesmiu-giesmes-homilijos\/#breadcrumb","itemListElement":[{"@type":"ListItem","position":1,"name":"Home","item":"https:\/\/skaitytaknyga.lt\/"},{"@type":"ListItem","position":2,"name":"Parduotuv\u0117","item":"https:\/\/skaitytaknyga.lt\/knygu-parduotuve\/"},{"@type":"ListItem","position":3,"name":"En Ged\u017eio meil\u0117s sodai. Giesmi\u0173 giesm\u0117s homilijos"}]},{"@type":"WebSite","@id":"https:\/\/skaitytaknyga.lt\/#website","url":"https:\/\/skaitytaknyga.lt\/","name":"skaitytaknyga.lt","description":"Skaitytaknyga.lt \u2013 tai ma\u017eas \u0161eimos verslas, kuris prasid\u0117jo nuo meil\u0117s knygoms ir siekio i\u0161gelb\u0117ti knygas nuo likimo prie konteinerio. Kas vienam nereikalingas daiktas \u2013 kitam lobis, o mes esame tarpininkai, kurie padeda abiems tapti laimingesniems ???? \u017dinome kaip nelengva i\u0161gyventi ma\u017eiems verslams, tad nuo \u0161iol, \u010dia rasite ir kit\u0173, ma\u017e\u0173 \u0161eim\u0173 versl\u0173, rank\u0173 darbo, dovan\u0173 sau ir artimiesiems.","publisher":{"@id":"https:\/\/skaitytaknyga.lt\/#organization"},"potentialAction":[{"@type":"SearchAction","target":{"@type":"EntryPoint","urlTemplate":"https:\/\/skaitytaknyga.lt\/?s={search_term_string}"},"query-input":{"@type":"PropertyValueSpecification","valueRequired":true,"valueName":"search_term_string"}}],"inLanguage":"en-GB"},{"@type":"Organization","@id":"https:\/\/skaitytaknyga.lt\/#organization","name":"skaitytaknyga.lt","url":"https:\/\/skaitytaknyga.lt\/","logo":{"@type":"ImageObject","inLanguage":"en-GB","@id":"https:\/\/skaitytaknyga.lt\/#\/schema\/logo\/image\/","url":"https:\/\/skaitytaknyga.lt\/wp-content\/uploads\/2024\/05\/cropped-cropped-cropped-02_00843_jt3bggkj1j3HLc7SyY6rEUpg.jpeg","contentUrl":"https:\/\/skaitytaknyga.lt\/wp-content\/uploads\/2024\/05\/cropped-cropped-cropped-02_00843_jt3bggkj1j3HLc7SyY6rEUpg.jpeg","width":1600,"height":1600,"caption":"skaitytaknyga.lt"},"image":{"@id":"https:\/\/skaitytaknyga.lt\/#\/schema\/logo\/image\/"},"sameAs":["https:\/\/www.facebook.com\/skaitytaknyga\/"]}]}},"_links":{"self":[{"href":"https:\/\/skaitytaknyga.lt\/en\/wp-json\/wp\/v2\/product\/17980","targetHints":{"allow":["GET"]}}],"collection":[{"href":"https:\/\/skaitytaknyga.lt\/en\/wp-json\/wp\/v2\/product"}],"about":[{"href":"https:\/\/skaitytaknyga.lt\/en\/wp-json\/wp\/v2\/types\/product"}],"replies":[{"embeddable":true,"href":"https:\/\/skaitytaknyga.lt\/en\/wp-json\/wp\/v2\/comments?post=17980"}],"wp:featuredmedia":[{"embeddable":true,"href":"https:\/\/skaitytaknyga.lt\/en\/wp-json\/wp\/v2\/media\/18376"}],"wp:attachment":[{"href":"https:\/\/skaitytaknyga.lt\/en\/wp-json\/wp\/v2\/media?parent=17980"}],"wp:term":[{"taxonomy":"product_brand","embeddable":true,"href":"https:\/\/skaitytaknyga.lt\/en\/wp-json\/wp\/v2\/product_brand?post=17980"},{"taxonomy":"product_cat","embeddable":true,"href":"https:\/\/skaitytaknyga.lt\/en\/wp-json\/wp\/v2\/product_cat?post=17980"},{"taxonomy":"product_tag","embeddable":true,"href":"https:\/\/skaitytaknyga.lt\/en\/wp-json\/wp\/v2\/product_tag?post=17980"}],"curies":[{"name":"wp","href":"https:\/\/api.w.org\/{rel}","templated":true}]}}