{"id":17979,"date":"2025-04-23T14:19:56","date_gmt":"2025-04-23T11:19:56","guid":{"rendered":"https:\/\/skaitytaknyga.lt\/?post_type=product&#038;p=17979"},"modified":"2025-12-10T12:15:11","modified_gmt":"2025-12-10T10:15:11","slug":"didzioji-nesaldziu-sociu-ir-gardziu-kepiniu-knyga","status":"publish","type":"product","link":"https:\/\/skaitytaknyga.lt\/en\/produktas\/didzioji-nesaldziu-sociu-ir-gardziu-kepiniu-knyga\/","title":{"rendered":"Did\u017eioji nesald\u017ei\u0173, so\u010di\u0173 ir gard\u017ei\u0173 kepini\u0173 knyga"},"content":{"rendered":"<p>Vienas geriausi\u0173 sprendim\u0173 norint pasigaminti k\u0105 nors \u012fdomaus \u2013 i\u0161sikepti kepin\u012f, nuo kurio visi namai pakvips jaukumu ir \u0161iluma. Art\u0117jant \u0161altajam sezonui nesaldus kepiniai puikiai tiks ir kasdieniams pietums ar vakarien\u0117ms, ir ypatingai progai ar \u0161ventei.<\/p>\n<p>Knygoje\u00a0<b>\u201eDid\u017eioji nesald\u017ei\u0173, so\u010di\u0173 ir kit\u0173 gard\u017ei\u0173 kepini\u0173 knyga\u201d<\/b>:<br \/>\n\u2022 Lengvai ir greitai paruo\u0161iami kepiniai u\u017ekand\u017eiams arba vakar\u0117liui<br \/>\n\u2022 So\u010dios ir kvapnios improvizacijos \u0161eimos pietums ar vakarienei<br \/>\n\u2022 Mieliniai, pur\u016bs ir \u0161ilti kepti patiekalai i\u0161alkusiems<br \/>\n\u2022 Gardumynai, skirti m\u0117gautis ma\u017eais k\u0105sneliais<br \/>\n\u2022 Ypatingi ir netik\u0117ti kepiniai J\u016bs\u0173 \u0161vent\u0117ms<br \/>\n\u2022 Sald\u017eios id\u0117jos pa\u010diam geriausiam vakaro prat\u0119simui<\/p>\n","protected":false},"excerpt":{"rendered":"<p>Vienas geriausi\u0173 sprendim\u0173 norint pasigaminti k\u0105 nors \u012fdomaus \u2013 i\u0161sikepti kepin\u012f, nuo kurio visi namai pakvips jaukumu ir \u0161iluma. Art\u0117jant \u0161altajam sezonui nesaldus kepiniai puikiai tiks ir kasdieniams pietums ar vakarien\u0117ms, ir ypatingai progai ar \u0161ventei. Knygoje\u00a0\u201eDid\u017eioji nesald\u017ei\u0173, so\u010di\u0173 ir kit\u0173 gard\u017ei\u0173 kepini\u0173 knyga\u201d: \u2022 Lengvai ir greitai paruo\u0161iami kepiniai u\u017ekand\u017eiams arba vakar\u0117liui \u2022 So\u010dios ir kvapnios improvizacijos \u0161eimos pietums ar vakarienei \u2022 Mieliniai, pur\u016bs ir \u0161ilti kepti patiekalai i\u0161alkusiems \u2022 Gardumynai, skirti m\u0117gautis ma\u017eais k\u0105sneliais \u2022 Ypatingi ir netik\u0117ti kepiniai J\u016bs\u0173 \u0161vent\u0117ms \u2022 Sald\u017eios id\u0117jos pa\u010diam geriausiam vakaro prat\u0119simui<\/p>\n","protected":false},"featured_media":18052,"comment_status":"open","ping_status":"closed","template":"","meta":{"_acf_changed":false,"site-sidebar-layout":"default","site-content-layout":"","ast-site-content-layout":"default","site-content-style":"default","site-sidebar-style":"default","ast-global-header-display":"","ast-banner-title-visibility":"","ast-main-header-display":"","ast-hfb-above-header-display":"","ast-hfb-below-header-display":"","ast-hfb-mobile-header-display":"","site-post-title":"","ast-breadcrumbs-content":"","ast-featured-img":"","footer-sml-layout":"","ast-disable-related-posts":"","theme-transparent-header-meta":"default","adv-header-id-meta":"","stick-header-meta":"","header-above-stick-meta":"","header-main-stick-meta":"","header-below-stick-meta":"","astra-migrate-meta-layouts":"set","ast-page-background-enabled":"default","ast-page-background-meta":{"desktop":{"background-color":"","background-image":"","background-repeat":"repeat","background-position":"center center","background-size":"auto","background-attachment":"scroll","background-type":"","background-media":"","overlay-type":"","overlay-color":"","overlay-opacity":"","overlay-gradient":""},"tablet":{"background-color":"","background-image":"","background-repeat":"repeat","background-position":"center center","background-size":"auto","background-attachment":"scroll","background-type":"","background-media":"","overlay-type":"","overlay-color":"","overlay-opacity":"","overlay-gradient":""},"mobile":{"background-color":"","background-image":"","background-repeat":"repeat","background-position":"center center","background-size":"auto","background-attachment":"scroll","background-type":"","background-media":"","overlay-type":"","overlay-color":"","overlay-opacity":"","overlay-gradient":""}},"ast-content-background-meta":{"desktop":{"background-color":"var(--ast-global-color-4)","background-image":"","background-repeat":"repeat","background-position":"center center","background-size":"auto","background-attachment":"scroll","background-type":"","background-media":"","overlay-type":"","overlay-color":"","overlay-opacity":"","overlay-gradient":""},"tablet":{"background-color":"var(--ast-global-color-4)","background-image":"","background-repeat":"repeat","background-position":"center center","background-size":"auto","background-attachment":"scroll","background-type":"","background-media":"","overlay-type":"","overlay-color":"","overlay-opacity":"","overlay-gradient":""},"mobile":{"background-color":"var(--ast-global-color-4)","background-image":"","background-repeat":"repeat","background-position":"center center","background-size":"auto","background-attachment":"scroll","background-type":"","background-media":"","overlay-type":"","overlay-color":"","overlay-opacity":"","overlay-gradient":""}}},"product_brand":[],"product_cat":[15,58],"product_tag":[3465,3466,1881,1883,3467],"class_list":{"0":"post-17979","1":"product","2":"type-product","3":"status-publish","4":"has-post-thumbnail","6":"product_cat-uncategorized","7":"product_cat-receptai","8":"product_tag-jurgita-vaskel","9":"product_tag-kepiniai","10":"product_tag-kulinarija","11":"product_tag-receptai","12":"product_tag-saldus-ir-nesaldus-patiekalai","13":"desktop-align-left","14":"tablet-align-left","15":"mobile-align-left","17":"first","18":"outofstock","19":"shipping-taxable","20":"purchasable","21":"product-type-simple"},"acf":[],"yoast_head":"<!-- This site is optimized with the Yoast SEO plugin v27.0 - https:\/\/yoast.com\/product\/yoast-seo-wordpress\/ -->\n<title>Did\u017eioji nesald\u017ei\u0173, so\u010di\u0173 ir gard\u017ei\u0173 kepini\u0173 knyga<\/title>\n<meta name=\"description\" content=\"Vienas geriausi\u0173 sprendim\u0173 norint pasigaminti k\u0105 nors \u012fdomaus \u2013 i\u0161sikepti kepin\u012f, nuo kurio visi namai pakvips jaukumu ir \u0161iluma. Art\u0117jant \u0161altajam\" \/>\n<meta name=\"robots\" content=\"index, follow, max-snippet:-1, max-image-preview:large, max-video-preview:-1\" \/>\n<link rel=\"canonical\" href=\"https:\/\/skaitytaknyga.lt\/en\/produktas\/didzioji-nesaldziu-sociu-ir-gardziu-kepiniu-knyga\/\" \/>\n<meta property=\"og:locale\" content=\"en_GB\" \/>\n<meta property=\"og:locale:alternate\" content=\"lt_LT\" \/>\n<meta property=\"og:type\" content=\"article\" \/>\n<meta property=\"og:title\" content=\"Did\u017eioji nesald\u017ei\u0173, so\u010di\u0173 ir gard\u017ei\u0173 kepini\u0173 knyga\" \/>\n<meta property=\"og:description\" content=\"Vienas geriausi\u0173 sprendim\u0173 norint pasigaminti k\u0105 nors \u012fdomaus \u2013 i\u0161sikepti kepin\u012f, nuo kurio visi namai pakvips jaukumu ir \u0161iluma. Art\u0117jant \u0161altajam\" \/>\n<meta property=\"og:url\" content=\"https:\/\/skaitytaknyga.lt\/en\/produktas\/didzioji-nesaldziu-sociu-ir-gardziu-kepiniu-knyga\/\" \/>\n<meta property=\"og:site_name\" content=\"Skaitytaknyga\" \/>\n<meta property=\"article:publisher\" content=\"https:\/\/www.facebook.com\/skaitytaknyga\/\" \/>\n<meta property=\"article:modified_time\" content=\"2025-12-10T10:15:11+00:00\" \/>\n<meta property=\"og:image\" content=\"https:\/\/skaitytaknyga.lt\/wp-content\/uploads\/2025\/04\/Didzioji-nesaldziu-sociu-ir-gardziu-kepiniu-knyga.webp\" \/>\n\t<meta property=\"og:image:width\" content=\"566\" \/>\n\t<meta property=\"og:image:height\" content=\"799\" \/>\n\t<meta property=\"og:image:type\" content=\"image\/webp\" \/>\n<meta name=\"twitter:card\" content=\"summary_large_image\" \/>\n<meta name=\"twitter:label1\" content=\"Estimated reading time\" \/>\n\t<meta name=\"twitter:data1\" content=\"1 minute\" \/>\n<script type=\"application\/ld+json\" class=\"yoast-schema-graph\">{\"@context\":\"https:\/\/schema.org\",\"@graph\":[{\"@type\":\"WebPage\",\"@id\":\"https:\/\/skaitytaknyga.lt\/produktas\/didzioji-nesaldziu-sociu-ir-gardziu-kepiniu-knyga\/\",\"url\":\"https:\/\/skaitytaknyga.lt\/produktas\/didzioji-nesaldziu-sociu-ir-gardziu-kepiniu-knyga\/\",\"name\":\"Did\u017eioji nesald\u017ei\u0173, so\u010di\u0173 ir gard\u017ei\u0173 kepini\u0173 knyga\",\"isPartOf\":{\"@id\":\"https:\/\/skaitytaknyga.lt\/#website\"},\"primaryImageOfPage\":{\"@id\":\"https:\/\/skaitytaknyga.lt\/produktas\/didzioji-nesaldziu-sociu-ir-gardziu-kepiniu-knyga\/#primaryimage\"},\"image\":{\"@id\":\"https:\/\/skaitytaknyga.lt\/produktas\/didzioji-nesaldziu-sociu-ir-gardziu-kepiniu-knyga\/#primaryimage\"},\"thumbnailUrl\":\"https:\/\/skaitytaknyga.lt\/wp-content\/uploads\/2025\/04\/Didzioji-nesaldziu-sociu-ir-gardziu-kepiniu-knyga.webp\",\"datePublished\":\"2025-04-23T11:19:56+00:00\",\"dateModified\":\"2025-12-10T10:15:11+00:00\",\"description\":\"Vienas geriausi\u0173 sprendim\u0173 norint pasigaminti k\u0105 nors \u012fdomaus \u2013 i\u0161sikepti kepin\u012f, nuo kurio visi namai pakvips jaukumu ir \u0161iluma. Art\u0117jant \u0161altajam\",\"breadcrumb\":{\"@id\":\"https:\/\/skaitytaknyga.lt\/produktas\/didzioji-nesaldziu-sociu-ir-gardziu-kepiniu-knyga\/#breadcrumb\"},\"inLanguage\":\"en-GB\",\"potentialAction\":[{\"@type\":\"ReadAction\",\"target\":[\"https:\/\/skaitytaknyga.lt\/produktas\/didzioji-nesaldziu-sociu-ir-gardziu-kepiniu-knyga\/\"]}]},{\"@type\":\"ImageObject\",\"inLanguage\":\"en-GB\",\"@id\":\"https:\/\/skaitytaknyga.lt\/produktas\/didzioji-nesaldziu-sociu-ir-gardziu-kepiniu-knyga\/#primaryimage\",\"url\":\"https:\/\/skaitytaknyga.lt\/wp-content\/uploads\/2025\/04\/Didzioji-nesaldziu-sociu-ir-gardziu-kepiniu-knyga.webp\",\"contentUrl\":\"https:\/\/skaitytaknyga.lt\/wp-content\/uploads\/2025\/04\/Didzioji-nesaldziu-sociu-ir-gardziu-kepiniu-knyga.webp\",\"width\":566,\"height\":799,\"caption\":\"Did\u017eioji nesald\u017ei\u0173, so\u010di\u0173 ir gard\u017ei\u0173 kepini\u0173 knyga\"},{\"@type\":\"BreadcrumbList\",\"@id\":\"https:\/\/skaitytaknyga.lt\/produktas\/didzioji-nesaldziu-sociu-ir-gardziu-kepiniu-knyga\/#breadcrumb\",\"itemListElement\":[{\"@type\":\"ListItem\",\"position\":1,\"name\":\"Home\",\"item\":\"https:\/\/skaitytaknyga.lt\/\"},{\"@type\":\"ListItem\",\"position\":2,\"name\":\"Parduotuv\u0117\",\"item\":\"https:\/\/skaitytaknyga.lt\/knygu-parduotuve\/\"},{\"@type\":\"ListItem\",\"position\":3,\"name\":\"Did\u017eioji nesald\u017ei\u0173, so\u010di\u0173 ir gard\u017ei\u0173 kepini\u0173 knyga\"}]},{\"@type\":\"WebSite\",\"@id\":\"https:\/\/skaitytaknyga.lt\/#website\",\"url\":\"https:\/\/skaitytaknyga.lt\/\",\"name\":\"skaitytaknyga.lt\",\"description\":\"Skaitytaknyga.lt \u2013 tai ma\u017eas \u0161eimos verslas, kuris prasid\u0117jo nuo meil\u0117s knygoms ir siekio i\u0161gelb\u0117ti knygas nuo likimo prie konteinerio. Kas vienam nereikalingas daiktas \u2013 kitam lobis, o mes esame tarpininkai, kurie padeda abiems tapti laimingesniems ???? \u017dinome kaip nelengva i\u0161gyventi ma\u017eiems verslams, tad nuo \u0161iol, \u010dia rasite ir kit\u0173, ma\u017e\u0173 \u0161eim\u0173 versl\u0173, rank\u0173 darbo, dovan\u0173 sau ir artimiesiems.\",\"publisher\":{\"@id\":\"https:\/\/skaitytaknyga.lt\/#organization\"},\"potentialAction\":[{\"@type\":\"SearchAction\",\"target\":{\"@type\":\"EntryPoint\",\"urlTemplate\":\"https:\/\/skaitytaknyga.lt\/?s={search_term_string}\"},\"query-input\":{\"@type\":\"PropertyValueSpecification\",\"valueRequired\":true,\"valueName\":\"search_term_string\"}}],\"inLanguage\":\"en-GB\"},{\"@type\":\"Organization\",\"@id\":\"https:\/\/skaitytaknyga.lt\/#organization\",\"name\":\"skaitytaknyga.lt\",\"url\":\"https:\/\/skaitytaknyga.lt\/\",\"logo\":{\"@type\":\"ImageObject\",\"inLanguage\":\"en-GB\",\"@id\":\"https:\/\/skaitytaknyga.lt\/#\/schema\/logo\/image\/\",\"url\":\"https:\/\/skaitytaknyga.lt\/wp-content\/uploads\/2024\/05\/cropped-cropped-cropped-02_00843_jt3bggkj1j3HLc7SyY6rEUpg.jpeg\",\"contentUrl\":\"https:\/\/skaitytaknyga.lt\/wp-content\/uploads\/2024\/05\/cropped-cropped-cropped-02_00843_jt3bggkj1j3HLc7SyY6rEUpg.jpeg\",\"width\":1600,\"height\":1600,\"caption\":\"skaitytaknyga.lt\"},\"image\":{\"@id\":\"https:\/\/skaitytaknyga.lt\/#\/schema\/logo\/image\/\"},\"sameAs\":[\"https:\/\/www.facebook.com\/skaitytaknyga\/\"]}]}<\/script>\n<!-- \/ Yoast SEO plugin. -->","yoast_head_json":{"title":"Did\u017eioji nesald\u017ei\u0173, so\u010di\u0173 ir gard\u017ei\u0173 kepini\u0173 knyga","description":"Vienas geriausi\u0173 sprendim\u0173 norint pasigaminti k\u0105 nors \u012fdomaus \u2013 i\u0161sikepti kepin\u012f, nuo kurio visi namai pakvips jaukumu ir \u0161iluma. Art\u0117jant \u0161altajam","robots":{"index":"index","follow":"follow","max-snippet":"max-snippet:-1","max-image-preview":"max-image-preview:large","max-video-preview":"max-video-preview:-1"},"canonical":"https:\/\/skaitytaknyga.lt\/en\/produktas\/didzioji-nesaldziu-sociu-ir-gardziu-kepiniu-knyga\/","og_locale":"en_GB","og_type":"article","og_title":"[:lt]Did\u017eioji nesald\u017ei\u0173, so\u010di\u0173 ir gard\u017ei\u0173 kepini\u0173 knyga[:] - Skaitytaknyga","og_description":"Vienas geriausi\u0173 sprendim\u0173 norint pasigaminti k\u0105 nors \u012fdomaus \u2013 i\u0161sikepti kepin\u012f, nuo kurio visi namai pakvips jaukumu ir \u0161iluma. Art\u0117jant \u0161altajam","og_url":"https:\/\/skaitytaknyga.lt\/en\/produktas\/didzioji-nesaldziu-sociu-ir-gardziu-kepiniu-knyga\/","og_site_name":"Skaitytaknyga","article_publisher":"https:\/\/www.facebook.com\/skaitytaknyga\/","article_modified_time":"2025-12-10T10:15:11+00:00","og_image":[{"width":566,"height":799,"url":"https:\/\/skaitytaknyga.lt\/wp-content\/uploads\/2025\/04\/Didzioji-nesaldziu-sociu-ir-gardziu-kepiniu-knyga.webp","type":"image\/webp"}],"twitter_card":"summary_large_image","twitter_misc":{"Estimated reading time":"1 minute"},"schema":{"@context":"https:\/\/schema.org","@graph":[{"@type":"WebPage","@id":"https:\/\/skaitytaknyga.lt\/produktas\/didzioji-nesaldziu-sociu-ir-gardziu-kepiniu-knyga\/","url":"https:\/\/skaitytaknyga.lt\/produktas\/didzioji-nesaldziu-sociu-ir-gardziu-kepiniu-knyga\/","name":"Did\u017eioji nesald\u017ei\u0173, so\u010di\u0173 ir gard\u017ei\u0173 kepini\u0173 knyga","isPartOf":{"@id":"https:\/\/skaitytaknyga.lt\/#website"},"primaryImageOfPage":{"@id":"https:\/\/skaitytaknyga.lt\/produktas\/didzioji-nesaldziu-sociu-ir-gardziu-kepiniu-knyga\/#primaryimage"},"image":{"@id":"https:\/\/skaitytaknyga.lt\/produktas\/didzioji-nesaldziu-sociu-ir-gardziu-kepiniu-knyga\/#primaryimage"},"thumbnailUrl":"https:\/\/skaitytaknyga.lt\/wp-content\/uploads\/2025\/04\/Didzioji-nesaldziu-sociu-ir-gardziu-kepiniu-knyga.webp","datePublished":"2025-04-23T11:19:56+00:00","dateModified":"2025-12-10T10:15:11+00:00","description":"Vienas geriausi\u0173 sprendim\u0173 norint pasigaminti k\u0105 nors \u012fdomaus \u2013 i\u0161sikepti kepin\u012f, nuo kurio visi namai pakvips jaukumu ir \u0161iluma. Art\u0117jant \u0161altajam","breadcrumb":{"@id":"https:\/\/skaitytaknyga.lt\/produktas\/didzioji-nesaldziu-sociu-ir-gardziu-kepiniu-knyga\/#breadcrumb"},"inLanguage":"en-GB","potentialAction":[{"@type":"ReadAction","target":["https:\/\/skaitytaknyga.lt\/produktas\/didzioji-nesaldziu-sociu-ir-gardziu-kepiniu-knyga\/"]}]},{"@type":"ImageObject","inLanguage":"en-GB","@id":"https:\/\/skaitytaknyga.lt\/produktas\/didzioji-nesaldziu-sociu-ir-gardziu-kepiniu-knyga\/#primaryimage","url":"https:\/\/skaitytaknyga.lt\/wp-content\/uploads\/2025\/04\/Didzioji-nesaldziu-sociu-ir-gardziu-kepiniu-knyga.webp","contentUrl":"https:\/\/skaitytaknyga.lt\/wp-content\/uploads\/2025\/04\/Didzioji-nesaldziu-sociu-ir-gardziu-kepiniu-knyga.webp","width":566,"height":799,"caption":"Did\u017eioji nesald\u017ei\u0173, so\u010di\u0173 ir gard\u017ei\u0173 kepini\u0173 knyga"},{"@type":"BreadcrumbList","@id":"https:\/\/skaitytaknyga.lt\/produktas\/didzioji-nesaldziu-sociu-ir-gardziu-kepiniu-knyga\/#breadcrumb","itemListElement":[{"@type":"ListItem","position":1,"name":"Home","item":"https:\/\/skaitytaknyga.lt\/"},{"@type":"ListItem","position":2,"name":"Parduotuv\u0117","item":"https:\/\/skaitytaknyga.lt\/knygu-parduotuve\/"},{"@type":"ListItem","position":3,"name":"Did\u017eioji nesald\u017ei\u0173, so\u010di\u0173 ir gard\u017ei\u0173 kepini\u0173 knyga"}]},{"@type":"WebSite","@id":"https:\/\/skaitytaknyga.lt\/#website","url":"https:\/\/skaitytaknyga.lt\/","name":"skaitytaknyga.lt","description":"Skaitytaknyga.lt \u2013 tai ma\u017eas \u0161eimos verslas, kuris prasid\u0117jo nuo meil\u0117s knygoms ir siekio i\u0161gelb\u0117ti knygas nuo likimo prie konteinerio. Kas vienam nereikalingas daiktas \u2013 kitam lobis, o mes esame tarpininkai, kurie padeda abiems tapti laimingesniems ???? \u017dinome kaip nelengva i\u0161gyventi ma\u017eiems verslams, tad nuo \u0161iol, \u010dia rasite ir kit\u0173, ma\u017e\u0173 \u0161eim\u0173 versl\u0173, rank\u0173 darbo, dovan\u0173 sau ir artimiesiems.","publisher":{"@id":"https:\/\/skaitytaknyga.lt\/#organization"},"potentialAction":[{"@type":"SearchAction","target":{"@type":"EntryPoint","urlTemplate":"https:\/\/skaitytaknyga.lt\/?s={search_term_string}"},"query-input":{"@type":"PropertyValueSpecification","valueRequired":true,"valueName":"search_term_string"}}],"inLanguage":"en-GB"},{"@type":"Organization","@id":"https:\/\/skaitytaknyga.lt\/#organization","name":"skaitytaknyga.lt","url":"https:\/\/skaitytaknyga.lt\/","logo":{"@type":"ImageObject","inLanguage":"en-GB","@id":"https:\/\/skaitytaknyga.lt\/#\/schema\/logo\/image\/","url":"https:\/\/skaitytaknyga.lt\/wp-content\/uploads\/2024\/05\/cropped-cropped-cropped-02_00843_jt3bggkj1j3HLc7SyY6rEUpg.jpeg","contentUrl":"https:\/\/skaitytaknyga.lt\/wp-content\/uploads\/2024\/05\/cropped-cropped-cropped-02_00843_jt3bggkj1j3HLc7SyY6rEUpg.jpeg","width":1600,"height":1600,"caption":"skaitytaknyga.lt"},"image":{"@id":"https:\/\/skaitytaknyga.lt\/#\/schema\/logo\/image\/"},"sameAs":["https:\/\/www.facebook.com\/skaitytaknyga\/"]}]}},"_links":{"self":[{"href":"https:\/\/skaitytaknyga.lt\/en\/wp-json\/wp\/v2\/product\/17979","targetHints":{"allow":["GET"]}}],"collection":[{"href":"https:\/\/skaitytaknyga.lt\/en\/wp-json\/wp\/v2\/product"}],"about":[{"href":"https:\/\/skaitytaknyga.lt\/en\/wp-json\/wp\/v2\/types\/product"}],"replies":[{"embeddable":true,"href":"https:\/\/skaitytaknyga.lt\/en\/wp-json\/wp\/v2\/comments?post=17979"}],"wp:featuredmedia":[{"embeddable":true,"href":"https:\/\/skaitytaknyga.lt\/en\/wp-json\/wp\/v2\/media\/18052"}],"wp:attachment":[{"href":"https:\/\/skaitytaknyga.lt\/en\/wp-json\/wp\/v2\/media?parent=17979"}],"wp:term":[{"taxonomy":"product_brand","embeddable":true,"href":"https:\/\/skaitytaknyga.lt\/en\/wp-json\/wp\/v2\/product_brand?post=17979"},{"taxonomy":"product_cat","embeddable":true,"href":"https:\/\/skaitytaknyga.lt\/en\/wp-json\/wp\/v2\/product_cat?post=17979"},{"taxonomy":"product_tag","embeddable":true,"href":"https:\/\/skaitytaknyga.lt\/en\/wp-json\/wp\/v2\/product_tag?post=17979"}],"curies":[{"name":"wp","href":"https:\/\/api.w.org\/{rel}","templated":true}]}}