{"id":17978,"date":"2025-04-23T14:19:56","date_gmt":"2025-04-23T11:19:56","guid":{"rendered":"https:\/\/skaitytaknyga.lt\/?post_type=product&#038;p=17978"},"modified":"2025-05-15T14:45:49","modified_gmt":"2025-05-15T11:45:49","slug":"smaguriu-enciklopedija","status":"publish","type":"product","link":"https:\/\/skaitytaknyga.lt\/en\/produktas\/smaguriu-enciklopedija\/","title":{"rendered":"Smaguri\u0173 enciklopedija"},"content":{"rendered":"<p>\u201eSMAGURI\u0172 ENCIKLOPEDIJA. Konservavimo gudryb\u0117s\u201c \u2013 tai nam\u0173 virtuv\u0117s gerb\u0117jams ir gurmanams skirtas leidinys, pateikiantis \u012fvairi\u0173 namini\u0173 skan\u0117st\u0173 ir atsarg\u0173 ruo\u0161imo recept\u016bras bei gaminimo b\u016bdus (~1300 recept\u0173).<\/p>\n<p>&nbsp;<\/p>\n<p>Pagrindin\u0117s gardumyn\u0173 temos:<\/p>\n<p>\u2022 Uogien\u0117s, d\u017eemai, marmeladai, kompotai, sirupai, sultys ir nektarai;<\/p>\n<p>\u2022 Naminiai saldainiai, cukruotos uogos, vaisi\u0173 pastil\u0117s ir s\u016briai, ledai;<\/p>\n<p>\u2022 Namin\u0117 gira, vynas ir trauktin\u0117s;<\/p>\n<p>\u2022 D\u017eiovinti ir \u0161aldyti vaisiai, dar\u017eov\u0117s, \u017eolel\u0117s;<\/p>\n<p>\u2022 Marinuotos, raugintos, s\u016bdytos dar\u017eov\u0117s ir grybai;<\/p>\n<p>\u2022 Naminiai pa\u0161tetai, vyniotiniai, vytinti ir s\u016bdyti kumpeliai, \u017euvis;<\/p>\n<p>\u2022 Pada\u017eai, dar\u017eovi\u0173 tro\u0161kiniai, majonezai, pikanti\u0161ki aliejai, u\u017ekandiniai delikatesai<\/p>\n<ul class=\"about-product d-none d-xl-block mt-4\">\n<li><strong>Autorius:<\/strong>\u00a0Vida Kaminskien\u0117,\u00a0Nijol\u0117 Kreimerien\u0117<\/li>\n<li><strong>Leid\u0117jas<\/strong>\u00a0\u0160viesa<\/li>\n<li><strong>Metai:<\/strong>\u00a02011<\/li>\n<li><strong>Puslapiai:<\/strong>\u00a0204<\/li>\n<li class=\"toggleable type-new-formats \"><strong>ISBN :\u00a0<\/strong>9785430057305<\/li>\n<li><strong>Versijos kodas:<\/strong>\u00a0PT.<\/li>\n<li class=\"toggleable type-new-formats \"><strong>Formatas:<\/strong>\u00a022 x 29 cm, kieti vir\u0161eliai<\/li>\n<li><strong>Kalba:<\/strong>\u00a0Lietuvi\u0173<\/li>\n<\/ul>\n","protected":false},"excerpt":{"rendered":"<p>\u201eSMAGURI\u0172 ENCIKLOPEDIJA. Konservavimo gudryb\u0117s\u201c \u2013 tai nam\u0173 virtuv\u0117s gerb\u0117jams ir gurmanams skirtas leidinys, pateikiantis \u012fvairi\u0173 namini\u0173 skan\u0117st\u0173 ir atsarg\u0173 ruo\u0161imo recept\u016bras bei gaminimo b\u016bdus (~1300 recept\u0173). &nbsp; Pagrindin\u0117s gardumyn\u0173 temos: \u2022 Uogien\u0117s, d\u017eemai, marmeladai, kompotai, sirupai, sultys ir nektarai; \u2022 Naminiai saldainiai, cukruotos uogos, vaisi\u0173 pastil\u0117s ir s\u016briai, ledai; \u2022 Namin\u0117 gira, vynas ir trauktin\u0117s; \u2022 D\u017eiovinti ir \u0161aldyti vaisiai, dar\u017eov\u0117s, \u017eolel\u0117s; \u2022 Marinuotos, raugintos, s\u016bdytos dar\u017eov\u0117s ir grybai; \u2022 Naminiai pa\u0161tetai, vyniotiniai, vytinti ir s\u016bdyti kumpeliai, \u017euvis; \u2022 Pada\u017eai, dar\u017eovi\u0173 tro\u0161kiniai, majonezai, pikanti\u0161ki aliejai, u\u017ekandiniai delikatesai Autorius:\u00a0Vida Kaminskien\u0117,\u00a0Nijol\u0117 Kreimerien\u0117 Leid\u0117jas\u00a0\u0160viesa Metai:\u00a02011 Puslapiai:\u00a0204 ISBN :\u00a09785430057305 Versijos kodas:\u00a0PT. Formatas:\u00a022 x 29 cm, kieti vir\u0161eliai Kalba:\u00a0Lietuvi\u0173<\/p>\n","protected":false},"featured_media":18051,"comment_status":"open","ping_status":"closed","template":"","meta":{"_acf_changed":false,"site-sidebar-layout":"default","site-content-layout":"","ast-site-content-layout":"default","site-content-style":"default","site-sidebar-style":"default","ast-global-header-display":"","ast-banner-title-visibility":"","ast-main-header-display":"","ast-hfb-above-header-display":"","ast-hfb-below-header-display":"","ast-hfb-mobile-header-display":"","site-post-title":"","ast-breadcrumbs-content":"","ast-featured-img":"","footer-sml-layout":"","ast-disable-related-posts":"","theme-transparent-header-meta":"default","adv-header-id-meta":"","stick-header-meta":"","header-above-stick-meta":"","header-main-stick-meta":"","header-below-stick-meta":"","astra-migrate-meta-layouts":"set","ast-page-background-enabled":"default","ast-page-background-meta":{"desktop":{"background-color":"","background-image":"","background-repeat":"repeat","background-position":"center center","background-size":"auto","background-attachment":"scroll","background-type":"","background-media":"","overlay-type":"","overlay-color":"","overlay-opacity":"","overlay-gradient":""},"tablet":{"background-color":"","background-image":"","background-repeat":"repeat","background-position":"center center","background-size":"auto","background-attachment":"scroll","background-type":"","background-media":"","overlay-type":"","overlay-color":"","overlay-opacity":"","overlay-gradient":""},"mobile":{"background-color":"","background-image":"","background-repeat":"repeat","background-position":"center center","background-size":"auto","background-attachment":"scroll","background-type":"","background-media":"","overlay-type":"","overlay-color":"","overlay-opacity":"","overlay-gradient":""}},"ast-content-background-meta":{"desktop":{"background-color":"var(--ast-global-color-4)","background-image":"","background-repeat":"repeat","background-position":"center center","background-size":"auto","background-attachment":"scroll","background-type":"","background-media":"","overlay-type":"","overlay-color":"","overlay-opacity":"","overlay-gradient":""},"tablet":{"background-color":"var(--ast-global-color-4)","background-image":"","background-repeat":"repeat","background-position":"center center","background-size":"auto","background-attachment":"scroll","background-type":"","background-media":"","overlay-type":"","overlay-color":"","overlay-opacity":"","overlay-gradient":""},"mobile":{"background-color":"var(--ast-global-color-4)","background-image":"","background-repeat":"repeat","background-position":"center center","background-size":"auto","background-attachment":"scroll","background-type":"","background-media":"","overlay-type":"","overlay-color":"","overlay-opacity":"","overlay-gradient":""}}},"product_brand":[],"product_cat":[15,58],"product_tag":[2060,3464,3368,3463,3462],"class_list":{"0":"post-17978","1":"product","2":"type-product","3":"status-publish","4":"has-post-thumbnail","6":"product_cat-uncategorized","7":"product_cat-receptai","8":"product_tag-enciklopedija","9":"product_tag-gurmaniska-virtuve","10":"product_tag-maistas","11":"product_tag-nijole-kreimeriene","12":"product_tag-vida-kaminskiene","13":"desktop-align-left","14":"tablet-align-left","15":"mobile-align-left","17":"first","18":"instock","19":"shipping-taxable","20":"purchasable","21":"product-type-simple"},"acf":[],"yoast_head":"<!-- This site is optimized with the Yoast SEO plugin v27.0 - https:\/\/yoast.com\/product\/yoast-seo-wordpress\/ -->\n<title>Smaguri\u0173 enciklopedija<\/title>\n<meta name=\"description\" content=\"\u201eSMAGURI\u0172 ENCIKLOPEDIJA. Konservavimo gudryb\u0117s\u201c \u2013 tai nam\u0173 virtuv\u0117s gerb\u0117jams ir gurmanams skirtas leidinys, pateikiantis \u012fvairi\u0173 namini\u0173 skan\u0117st\u0173 ir\" \/>\n<meta name=\"robots\" content=\"index, follow, max-snippet:-1, max-image-preview:large, max-video-preview:-1\" \/>\n<link rel=\"canonical\" href=\"https:\/\/skaitytaknyga.lt\/en\/produktas\/smaguriu-enciklopedija\/\" \/>\n<meta property=\"og:locale\" content=\"en_GB\" \/>\n<meta property=\"og:locale:alternate\" content=\"lt_LT\" \/>\n<meta property=\"og:type\" content=\"article\" \/>\n<meta property=\"og:title\" content=\"Smaguri\u0173 enciklopedija\" \/>\n<meta property=\"og:description\" content=\"\u201eSMAGURI\u0172 ENCIKLOPEDIJA. Konservavimo gudryb\u0117s\u201c \u2013 tai nam\u0173 virtuv\u0117s gerb\u0117jams ir gurmanams skirtas leidinys, pateikiantis \u012fvairi\u0173 namini\u0173 skan\u0117st\u0173 ir\" \/>\n<meta property=\"og:url\" content=\"https:\/\/skaitytaknyga.lt\/en\/produktas\/smaguriu-enciklopedija\/\" \/>\n<meta property=\"og:site_name\" content=\"Skaitytaknyga\" \/>\n<meta property=\"article:publisher\" content=\"https:\/\/www.facebook.com\/skaitytaknyga\/\" \/>\n<meta property=\"article:modified_time\" content=\"2025-05-15T11:45:49+00:00\" \/>\n<meta property=\"og:image\" content=\"https:\/\/skaitytaknyga.lt\/wp-content\/uploads\/2025\/04\/Smaguriu-enciklopedija.webp\" \/>\n\t<meta property=\"og:image:width\" content=\"606\" \/>\n\t<meta property=\"og:image:height\" content=\"800\" \/>\n\t<meta property=\"og:image:type\" content=\"image\/webp\" \/>\n<meta name=\"twitter:card\" content=\"summary_large_image\" \/>\n<meta name=\"twitter:label1\" content=\"Estimated reading time\" \/>\n\t<meta name=\"twitter:data1\" content=\"1 minute\" \/>\n<script type=\"application\/ld+json\" class=\"yoast-schema-graph\">{\"@context\":\"https:\/\/schema.org\",\"@graph\":[{\"@type\":\"WebPage\",\"@id\":\"https:\/\/skaitytaknyga.lt\/produktas\/smaguriu-enciklopedija\/\",\"url\":\"https:\/\/skaitytaknyga.lt\/produktas\/smaguriu-enciklopedija\/\",\"name\":\"Smaguri\u0173 enciklopedija\",\"isPartOf\":{\"@id\":\"https:\/\/skaitytaknyga.lt\/#website\"},\"primaryImageOfPage\":{\"@id\":\"https:\/\/skaitytaknyga.lt\/produktas\/smaguriu-enciklopedija\/#primaryimage\"},\"image\":{\"@id\":\"https:\/\/skaitytaknyga.lt\/produktas\/smaguriu-enciklopedija\/#primaryimage\"},\"thumbnailUrl\":\"https:\/\/skaitytaknyga.lt\/wp-content\/uploads\/2025\/04\/Smaguriu-enciklopedija.webp\",\"datePublished\":\"2025-04-23T11:19:56+00:00\",\"dateModified\":\"2025-05-15T11:45:49+00:00\",\"description\":\"\u201eSMAGURI\u0172 ENCIKLOPEDIJA. Konservavimo gudryb\u0117s\u201c \u2013 tai nam\u0173 virtuv\u0117s gerb\u0117jams ir gurmanams skirtas leidinys, pateikiantis \u012fvairi\u0173 namini\u0173 skan\u0117st\u0173 ir\",\"breadcrumb\":{\"@id\":\"https:\/\/skaitytaknyga.lt\/produktas\/smaguriu-enciklopedija\/#breadcrumb\"},\"inLanguage\":\"en-GB\",\"potentialAction\":[{\"@type\":\"ReadAction\",\"target\":[\"https:\/\/skaitytaknyga.lt\/produktas\/smaguriu-enciklopedija\/\"]}]},{\"@type\":\"ImageObject\",\"inLanguage\":\"en-GB\",\"@id\":\"https:\/\/skaitytaknyga.lt\/produktas\/smaguriu-enciklopedija\/#primaryimage\",\"url\":\"https:\/\/skaitytaknyga.lt\/wp-content\/uploads\/2025\/04\/Smaguriu-enciklopedija.webp\",\"contentUrl\":\"https:\/\/skaitytaknyga.lt\/wp-content\/uploads\/2025\/04\/Smaguriu-enciklopedija.webp\",\"width\":606,\"height\":800,\"caption\":\"Smaguri\u0173 enciklopedija\"},{\"@type\":\"BreadcrumbList\",\"@id\":\"https:\/\/skaitytaknyga.lt\/produktas\/smaguriu-enciklopedija\/#breadcrumb\",\"itemListElement\":[{\"@type\":\"ListItem\",\"position\":1,\"name\":\"Home\",\"item\":\"https:\/\/skaitytaknyga.lt\/\"},{\"@type\":\"ListItem\",\"position\":2,\"name\":\"Parduotuv\u0117\",\"item\":\"https:\/\/skaitytaknyga.lt\/knygu-parduotuve\/\"},{\"@type\":\"ListItem\",\"position\":3,\"name\":\"Smaguri\u0173 enciklopedija\"}]},{\"@type\":\"WebSite\",\"@id\":\"https:\/\/skaitytaknyga.lt\/#website\",\"url\":\"https:\/\/skaitytaknyga.lt\/\",\"name\":\"skaitytaknyga.lt\",\"description\":\"Skaitytaknyga.lt \u2013 tai ma\u017eas \u0161eimos verslas, kuris prasid\u0117jo nuo meil\u0117s knygoms ir siekio i\u0161gelb\u0117ti knygas nuo likimo prie konteinerio. Kas vienam nereikalingas daiktas \u2013 kitam lobis, o mes esame tarpininkai, kurie padeda abiems tapti laimingesniems ???? \u017dinome kaip nelengva i\u0161gyventi ma\u017eiems verslams, tad nuo \u0161iol, \u010dia rasite ir kit\u0173, ma\u017e\u0173 \u0161eim\u0173 versl\u0173, rank\u0173 darbo, dovan\u0173 sau ir artimiesiems.\",\"publisher\":{\"@id\":\"https:\/\/skaitytaknyga.lt\/#organization\"},\"potentialAction\":[{\"@type\":\"SearchAction\",\"target\":{\"@type\":\"EntryPoint\",\"urlTemplate\":\"https:\/\/skaitytaknyga.lt\/?s={search_term_string}\"},\"query-input\":{\"@type\":\"PropertyValueSpecification\",\"valueRequired\":true,\"valueName\":\"search_term_string\"}}],\"inLanguage\":\"en-GB\"},{\"@type\":\"Organization\",\"@id\":\"https:\/\/skaitytaknyga.lt\/#organization\",\"name\":\"skaitytaknyga.lt\",\"url\":\"https:\/\/skaitytaknyga.lt\/\",\"logo\":{\"@type\":\"ImageObject\",\"inLanguage\":\"en-GB\",\"@id\":\"https:\/\/skaitytaknyga.lt\/#\/schema\/logo\/image\/\",\"url\":\"https:\/\/skaitytaknyga.lt\/wp-content\/uploads\/2024\/05\/cropped-cropped-cropped-02_00843_jt3bggkj1j3HLc7SyY6rEUpg.jpeg\",\"contentUrl\":\"https:\/\/skaitytaknyga.lt\/wp-content\/uploads\/2024\/05\/cropped-cropped-cropped-02_00843_jt3bggkj1j3HLc7SyY6rEUpg.jpeg\",\"width\":1600,\"height\":1600,\"caption\":\"skaitytaknyga.lt\"},\"image\":{\"@id\":\"https:\/\/skaitytaknyga.lt\/#\/schema\/logo\/image\/\"},\"sameAs\":[\"https:\/\/www.facebook.com\/skaitytaknyga\/\"]}]}<\/script>\n<!-- \/ Yoast SEO plugin. -->","yoast_head_json":{"title":"Smaguri\u0173 enciklopedija","description":"\u201eSMAGURI\u0172 ENCIKLOPEDIJA. Konservavimo gudryb\u0117s\u201c \u2013 tai nam\u0173 virtuv\u0117s gerb\u0117jams ir gurmanams skirtas leidinys, pateikiantis \u012fvairi\u0173 namini\u0173 skan\u0117st\u0173 ir","robots":{"index":"index","follow":"follow","max-snippet":"max-snippet:-1","max-image-preview":"max-image-preview:large","max-video-preview":"max-video-preview:-1"},"canonical":"https:\/\/skaitytaknyga.lt\/en\/produktas\/smaguriu-enciklopedija\/","og_locale":"en_GB","og_type":"article","og_title":"[:lt]Smaguri\u0173 enciklopedija[:] - Skaitytaknyga","og_description":"\u201eSMAGURI\u0172 ENCIKLOPEDIJA. Konservavimo gudryb\u0117s\u201c \u2013 tai nam\u0173 virtuv\u0117s gerb\u0117jams ir gurmanams skirtas leidinys, pateikiantis \u012fvairi\u0173 namini\u0173 skan\u0117st\u0173 ir","og_url":"https:\/\/skaitytaknyga.lt\/en\/produktas\/smaguriu-enciklopedija\/","og_site_name":"Skaitytaknyga","article_publisher":"https:\/\/www.facebook.com\/skaitytaknyga\/","article_modified_time":"2025-05-15T11:45:49+00:00","og_image":[{"width":606,"height":800,"url":"https:\/\/skaitytaknyga.lt\/wp-content\/uploads\/2025\/04\/Smaguriu-enciklopedija.webp","type":"image\/webp"}],"twitter_card":"summary_large_image","twitter_misc":{"Estimated reading time":"1 minute"},"schema":{"@context":"https:\/\/schema.org","@graph":[{"@type":"WebPage","@id":"https:\/\/skaitytaknyga.lt\/produktas\/smaguriu-enciklopedija\/","url":"https:\/\/skaitytaknyga.lt\/produktas\/smaguriu-enciklopedija\/","name":"Smaguri\u0173 enciklopedija","isPartOf":{"@id":"https:\/\/skaitytaknyga.lt\/#website"},"primaryImageOfPage":{"@id":"https:\/\/skaitytaknyga.lt\/produktas\/smaguriu-enciklopedija\/#primaryimage"},"image":{"@id":"https:\/\/skaitytaknyga.lt\/produktas\/smaguriu-enciklopedija\/#primaryimage"},"thumbnailUrl":"https:\/\/skaitytaknyga.lt\/wp-content\/uploads\/2025\/04\/Smaguriu-enciklopedija.webp","datePublished":"2025-04-23T11:19:56+00:00","dateModified":"2025-05-15T11:45:49+00:00","description":"\u201eSMAGURI\u0172 ENCIKLOPEDIJA. Konservavimo gudryb\u0117s\u201c \u2013 tai nam\u0173 virtuv\u0117s gerb\u0117jams ir gurmanams skirtas leidinys, pateikiantis \u012fvairi\u0173 namini\u0173 skan\u0117st\u0173 ir","breadcrumb":{"@id":"https:\/\/skaitytaknyga.lt\/produktas\/smaguriu-enciklopedija\/#breadcrumb"},"inLanguage":"en-GB","potentialAction":[{"@type":"ReadAction","target":["https:\/\/skaitytaknyga.lt\/produktas\/smaguriu-enciklopedija\/"]}]},{"@type":"ImageObject","inLanguage":"en-GB","@id":"https:\/\/skaitytaknyga.lt\/produktas\/smaguriu-enciklopedija\/#primaryimage","url":"https:\/\/skaitytaknyga.lt\/wp-content\/uploads\/2025\/04\/Smaguriu-enciklopedija.webp","contentUrl":"https:\/\/skaitytaknyga.lt\/wp-content\/uploads\/2025\/04\/Smaguriu-enciklopedija.webp","width":606,"height":800,"caption":"Smaguri\u0173 enciklopedija"},{"@type":"BreadcrumbList","@id":"https:\/\/skaitytaknyga.lt\/produktas\/smaguriu-enciklopedija\/#breadcrumb","itemListElement":[{"@type":"ListItem","position":1,"name":"Home","item":"https:\/\/skaitytaknyga.lt\/"},{"@type":"ListItem","position":2,"name":"Parduotuv\u0117","item":"https:\/\/skaitytaknyga.lt\/knygu-parduotuve\/"},{"@type":"ListItem","position":3,"name":"Smaguri\u0173 enciklopedija"}]},{"@type":"WebSite","@id":"https:\/\/skaitytaknyga.lt\/#website","url":"https:\/\/skaitytaknyga.lt\/","name":"skaitytaknyga.lt","description":"Skaitytaknyga.lt \u2013 tai ma\u017eas \u0161eimos verslas, kuris prasid\u0117jo nuo meil\u0117s knygoms ir siekio i\u0161gelb\u0117ti knygas nuo likimo prie konteinerio. Kas vienam nereikalingas daiktas \u2013 kitam lobis, o mes esame tarpininkai, kurie padeda abiems tapti laimingesniems ???? \u017dinome kaip nelengva i\u0161gyventi ma\u017eiems verslams, tad nuo \u0161iol, \u010dia rasite ir kit\u0173, ma\u017e\u0173 \u0161eim\u0173 versl\u0173, rank\u0173 darbo, dovan\u0173 sau ir artimiesiems.","publisher":{"@id":"https:\/\/skaitytaknyga.lt\/#organization"},"potentialAction":[{"@type":"SearchAction","target":{"@type":"EntryPoint","urlTemplate":"https:\/\/skaitytaknyga.lt\/?s={search_term_string}"},"query-input":{"@type":"PropertyValueSpecification","valueRequired":true,"valueName":"search_term_string"}}],"inLanguage":"en-GB"},{"@type":"Organization","@id":"https:\/\/skaitytaknyga.lt\/#organization","name":"skaitytaknyga.lt","url":"https:\/\/skaitytaknyga.lt\/","logo":{"@type":"ImageObject","inLanguage":"en-GB","@id":"https:\/\/skaitytaknyga.lt\/#\/schema\/logo\/image\/","url":"https:\/\/skaitytaknyga.lt\/wp-content\/uploads\/2024\/05\/cropped-cropped-cropped-02_00843_jt3bggkj1j3HLc7SyY6rEUpg.jpeg","contentUrl":"https:\/\/skaitytaknyga.lt\/wp-content\/uploads\/2024\/05\/cropped-cropped-cropped-02_00843_jt3bggkj1j3HLc7SyY6rEUpg.jpeg","width":1600,"height":1600,"caption":"skaitytaknyga.lt"},"image":{"@id":"https:\/\/skaitytaknyga.lt\/#\/schema\/logo\/image\/"},"sameAs":["https:\/\/www.facebook.com\/skaitytaknyga\/"]}]}},"_links":{"self":[{"href":"https:\/\/skaitytaknyga.lt\/en\/wp-json\/wp\/v2\/product\/17978","targetHints":{"allow":["GET"]}}],"collection":[{"href":"https:\/\/skaitytaknyga.lt\/en\/wp-json\/wp\/v2\/product"}],"about":[{"href":"https:\/\/skaitytaknyga.lt\/en\/wp-json\/wp\/v2\/types\/product"}],"replies":[{"embeddable":true,"href":"https:\/\/skaitytaknyga.lt\/en\/wp-json\/wp\/v2\/comments?post=17978"}],"wp:featuredmedia":[{"embeddable":true,"href":"https:\/\/skaitytaknyga.lt\/en\/wp-json\/wp\/v2\/media\/18051"}],"wp:attachment":[{"href":"https:\/\/skaitytaknyga.lt\/en\/wp-json\/wp\/v2\/media?parent=17978"}],"wp:term":[{"taxonomy":"product_brand","embeddable":true,"href":"https:\/\/skaitytaknyga.lt\/en\/wp-json\/wp\/v2\/product_brand?post=17978"},{"taxonomy":"product_cat","embeddable":true,"href":"https:\/\/skaitytaknyga.lt\/en\/wp-json\/wp\/v2\/product_cat?post=17978"},{"taxonomy":"product_tag","embeddable":true,"href":"https:\/\/skaitytaknyga.lt\/en\/wp-json\/wp\/v2\/product_tag?post=17978"}],"curies":[{"name":"wp","href":"https:\/\/api.w.org\/{rel}","templated":true}]}}