{"id":17977,"date":"2025-04-23T14:19:56","date_gmt":"2025-04-23T11:19:56","guid":{"rendered":"https:\/\/skaitytaknyga.lt\/?post_type=product&#038;p=17977"},"modified":"2026-01-02T21:12:17","modified_gmt":"2026-01-02T19:12:17","slug":"istorija-ir-mitologijos-tapatybes-raiskos-xvii-xix-amziaus-lietuvoje","status":"publish","type":"product","link":"https:\/\/skaitytaknyga.lt\/en\/produktas\/istorija-ir-mitologijos-tapatybes-raiskos-xvii-xix-amziaus-lietuvoje\/","title":{"rendered":"Istorija ir mitologijos: tapatyb\u0117s rai\u0161kos XVII\u2013XIX am\u017eiaus Lietuvoje"},"content":{"rendered":"<p>Knygoje prikeliamas i\u0161 u\u017emar\u0161ties tas reik\u0161minis pasaulis, kuriame XVII\u2013XIX am\u017eiuje gyveno ir pagal kur\u012f orientavosi lietuvi\u0173 bendruomen\u0117.<\/p>\n<p>I\u0161 mit\u0173 ir fantastini\u0173 pasakojim\u0173 atkuriami kintantys \u201esavojo\u201c, \u201esvetimojo\u201c ir \u201ekito\u201c santykiai.<\/p>\n<p>Parodoma, kaip \u012fsivaizduojama tautin\u0117 tapatyb\u0117 buvo gr\u016bdinama \u012fkaitusioje istorijos kalv\u0117je.<\/p>\n<ul class=\"about-product d-none d-xl-block mt-4\">\n<li><strong>Autorius:<\/strong>\u00a0Virginijus Savukynas<\/li>\n<li><strong>Metai:<\/strong>\u00a02012<\/li>\n<li><strong>Puslapiai:<\/strong>\u00a0383<\/li>\n<li class=\"toggleable type-new-formats \"><strong>ISBN :\u00a0<\/strong>9786099502014<\/li>\n<li class=\"toggleable type-new-formats \"><strong>Formatas:<\/strong>\u00a016 x 22 cm, kieti vir\u0161eliai<\/li>\n<li><strong>Kalba:<\/strong>\u00a0Lietuvi\u0173<\/li>\n<\/ul>\n","protected":false},"excerpt":{"rendered":"<p>Knygoje prikeliamas i\u0161 u\u017emar\u0161ties tas reik\u0161minis pasaulis, kuriame XVII\u2013XIX am\u017eiuje gyveno ir pagal kur\u012f orientavosi lietuvi\u0173 bendruomen\u0117. I\u0161 mit\u0173 ir fantastini\u0173 pasakojim\u0173 atkuriami kintantys \u201esavojo\u201c, \u201esvetimojo\u201c ir \u201ekito\u201c santykiai. Parodoma, kaip \u012fsivaizduojama tautin\u0117 tapatyb\u0117 buvo gr\u016bdinama \u012fkaitusioje istorijos kalv\u0117je. Autorius:\u00a0Virginijus Savukynas Metai:\u00a02012 Puslapiai:\u00a0383 ISBN :\u00a09786099502014 Formatas:\u00a016 x 22 cm, kieti vir\u0161eliai Kalba:\u00a0Lietuvi\u0173<\/p>\n","protected":false},"featured_media":18049,"comment_status":"open","ping_status":"closed","template":"","meta":{"_acf_changed":false,"site-sidebar-layout":"default","site-content-layout":"","ast-site-content-layout":"default","site-content-style":"default","site-sidebar-style":"default","ast-global-header-display":"","ast-banner-title-visibility":"","ast-main-header-display":"","ast-hfb-above-header-display":"","ast-hfb-below-header-display":"","ast-hfb-mobile-header-display":"","site-post-title":"","ast-breadcrumbs-content":"","ast-featured-img":"","footer-sml-layout":"","ast-disable-related-posts":"","theme-transparent-header-meta":"default","adv-header-id-meta":"","stick-header-meta":"","header-above-stick-meta":"","header-main-stick-meta":"","header-below-stick-meta":"","astra-migrate-meta-layouts":"set","ast-page-background-enabled":"default","ast-page-background-meta":{"desktop":{"background-color":"","background-image":"","background-repeat":"repeat","background-position":"center center","background-size":"auto","background-attachment":"scroll","background-type":"","background-media":"","overlay-type":"","overlay-color":"","overlay-opacity":"","overlay-gradient":""},"tablet":{"background-color":"","background-image":"","background-repeat":"repeat","background-position":"center center","background-size":"auto","background-attachment":"scroll","background-type":"","background-media":"","overlay-type":"","overlay-color":"","overlay-opacity":"","overlay-gradient":""},"mobile":{"background-color":"","background-image":"","background-repeat":"repeat","background-position":"center center","background-size":"auto","background-attachment":"scroll","background-type":"","background-media":"","overlay-type":"","overlay-color":"","overlay-opacity":"","overlay-gradient":""}},"ast-content-background-meta":{"desktop":{"background-color":"var(--ast-global-color-4)","background-image":"","background-repeat":"repeat","background-position":"center center","background-size":"auto","background-attachment":"scroll","background-type":"","background-media":"","overlay-type":"","overlay-color":"","overlay-opacity":"","overlay-gradient":""},"tablet":{"background-color":"var(--ast-global-color-4)","background-image":"","background-repeat":"repeat","background-position":"center center","background-size":"auto","background-attachment":"scroll","background-type":"","background-media":"","overlay-type":"","overlay-color":"","overlay-opacity":"","overlay-gradient":""},"mobile":{"background-color":"var(--ast-global-color-4)","background-image":"","background-repeat":"repeat","background-position":"center center","background-size":"auto","background-attachment":"scroll","background-type":"","background-media":"","overlay-type":"","overlay-color":"","overlay-opacity":"","overlay-gradient":""}}},"product_brand":[],"product_cat":[174,15],"product_tag":[2224,2625,1115,1479,3460,3461],"class_list":{"0":"post-17977","1":"product","2":"type-product","3":"status-publish","4":"has-post-thumbnail","6":"product_cat-istorija-ir-politologija","7":"product_cat-uncategorized","8":"product_tag-istorija","9":"product_tag-lietuva","10":"product_tag-mitologija","11":"product_tag-tapatybe","12":"product_tag-virginijus-savukynas","13":"product_tag-xvii-xix-amzius","14":"desktop-align-left","15":"tablet-align-left","16":"mobile-align-left","18":"first","19":"instock","20":"shipping-taxable","21":"purchasable","22":"product-type-simple"},"acf":[],"yoast_head":"<!-- This site is optimized with the Yoast SEO plugin v27.0 - https:\/\/yoast.com\/product\/yoast-seo-wordpress\/ -->\n<title>Istorija ir mitologijos: tapatyb\u0117s rai\u0161kos XVII\u2013XIX am\u017eiaus Lietuvoje<\/title>\n<meta name=\"description\" content=\"Knygoje prikeliamas i\u0161 u\u017emar\u0161ties tas reik\u0161minis pasaulis, kuriame XVII\u2013XIX am\u017eiuje gyveno ir pagal kur\u012f orientavosi lietuvi\u0173 bendruomen\u0117. I\u0161 mit\u0173 ir\" \/>\n<meta name=\"robots\" content=\"index, follow, max-snippet:-1, max-image-preview:large, max-video-preview:-1\" \/>\n<link rel=\"canonical\" href=\"https:\/\/skaitytaknyga.lt\/en\/produktas\/istorija-ir-mitologijos-tapatybes-raiskos-xvii-xix-amziaus-lietuvoje\/\" \/>\n<meta property=\"og:locale\" content=\"en_GB\" \/>\n<meta property=\"og:locale:alternate\" content=\"lt_LT\" \/>\n<meta property=\"og:type\" content=\"article\" \/>\n<meta property=\"og:title\" content=\"Istorija ir mitologijos: tapatyb\u0117s rai\u0161kos XVII\u2013XIX am\u017eiaus Lietuvoje\" \/>\n<meta property=\"og:description\" content=\"Knygoje prikeliamas i\u0161 u\u017emar\u0161ties tas reik\u0161minis pasaulis, kuriame XVII\u2013XIX am\u017eiuje gyveno ir pagal kur\u012f orientavosi lietuvi\u0173 bendruomen\u0117. I\u0161 mit\u0173 ir\" \/>\n<meta property=\"og:url\" content=\"https:\/\/skaitytaknyga.lt\/en\/produktas\/istorija-ir-mitologijos-tapatybes-raiskos-xvii-xix-amziaus-lietuvoje\/\" \/>\n<meta property=\"og:site_name\" content=\"Skaitytaknyga\" \/>\n<meta property=\"article:publisher\" content=\"https:\/\/www.facebook.com\/skaitytaknyga\/\" \/>\n<meta property=\"article:modified_time\" content=\"2026-01-02T19:12:17+00:00\" \/>\n<meta property=\"og:image\" content=\"https:\/\/skaitytaknyga.lt\/wp-content\/uploads\/2025\/04\/Istorija-ir-mitologijos-tapatybes-raiskos-XVII\u2013XIX-amziaus-Lietuvoje.webp\" \/>\n\t<meta property=\"og:image:width\" content=\"379\" \/>\n\t<meta property=\"og:image:height\" content=\"600\" \/>\n\t<meta property=\"og:image:type\" content=\"image\/webp\" \/>\n<meta name=\"twitter:card\" content=\"summary_large_image\" \/>\n<meta name=\"twitter:label1\" content=\"Estimated reading time\" \/>\n\t<meta name=\"twitter:data1\" content=\"1 minute\" \/>\n<script type=\"application\/ld+json\" class=\"yoast-schema-graph\">{\"@context\":\"https:\/\/schema.org\",\"@graph\":[{\"@type\":\"WebPage\",\"@id\":\"https:\/\/skaitytaknyga.lt\/produktas\/istorija-ir-mitologijos-tapatybes-raiskos-xvii-xix-amziaus-lietuvoje\/\",\"url\":\"https:\/\/skaitytaknyga.lt\/produktas\/istorija-ir-mitologijos-tapatybes-raiskos-xvii-xix-amziaus-lietuvoje\/\",\"name\":\"Istorija ir mitologijos: tapatyb\u0117s rai\u0161kos XVII\u2013XIX am\u017eiaus Lietuvoje\",\"isPartOf\":{\"@id\":\"https:\/\/skaitytaknyga.lt\/#website\"},\"primaryImageOfPage\":{\"@id\":\"https:\/\/skaitytaknyga.lt\/produktas\/istorija-ir-mitologijos-tapatybes-raiskos-xvii-xix-amziaus-lietuvoje\/#primaryimage\"},\"image\":{\"@id\":\"https:\/\/skaitytaknyga.lt\/produktas\/istorija-ir-mitologijos-tapatybes-raiskos-xvii-xix-amziaus-lietuvoje\/#primaryimage\"},\"thumbnailUrl\":\"https:\/\/skaitytaknyga.lt\/wp-content\/uploads\/2025\/04\/Istorija-ir-mitologijos-tapatybes-raiskos-XVII\u2013XIX-amziaus-Lietuvoje.webp\",\"datePublished\":\"2025-04-23T11:19:56+00:00\",\"dateModified\":\"2026-01-02T19:12:17+00:00\",\"description\":\"Knygoje prikeliamas i\u0161 u\u017emar\u0161ties tas reik\u0161minis pasaulis, kuriame XVII\u2013XIX am\u017eiuje gyveno ir pagal kur\u012f orientavosi lietuvi\u0173 bendruomen\u0117. I\u0161 mit\u0173 ir\",\"breadcrumb\":{\"@id\":\"https:\/\/skaitytaknyga.lt\/produktas\/istorija-ir-mitologijos-tapatybes-raiskos-xvii-xix-amziaus-lietuvoje\/#breadcrumb\"},\"inLanguage\":\"en-GB\",\"potentialAction\":[{\"@type\":\"ReadAction\",\"target\":[\"https:\/\/skaitytaknyga.lt\/produktas\/istorija-ir-mitologijos-tapatybes-raiskos-xvii-xix-amziaus-lietuvoje\/\"]}]},{\"@type\":\"ImageObject\",\"inLanguage\":\"en-GB\",\"@id\":\"https:\/\/skaitytaknyga.lt\/produktas\/istorija-ir-mitologijos-tapatybes-raiskos-xvii-xix-amziaus-lietuvoje\/#primaryimage\",\"url\":\"https:\/\/skaitytaknyga.lt\/wp-content\/uploads\/2025\/04\/Istorija-ir-mitologijos-tapatybes-raiskos-XVII\u2013XIX-amziaus-Lietuvoje.webp\",\"contentUrl\":\"https:\/\/skaitytaknyga.lt\/wp-content\/uploads\/2025\/04\/Istorija-ir-mitologijos-tapatybes-raiskos-XVII\u2013XIX-amziaus-Lietuvoje.webp\",\"width\":379,\"height\":600,\"caption\":\"Istorija ir mitologijos: tapatyb\u0117s rai\u0161kos XVII\u2013XIX am\u017eiaus Lietuvoje\"},{\"@type\":\"BreadcrumbList\",\"@id\":\"https:\/\/skaitytaknyga.lt\/produktas\/istorija-ir-mitologijos-tapatybes-raiskos-xvii-xix-amziaus-lietuvoje\/#breadcrumb\",\"itemListElement\":[{\"@type\":\"ListItem\",\"position\":1,\"name\":\"Home\",\"item\":\"https:\/\/skaitytaknyga.lt\/\"},{\"@type\":\"ListItem\",\"position\":2,\"name\":\"Parduotuv\u0117\",\"item\":\"https:\/\/skaitytaknyga.lt\/knygu-parduotuve\/\"},{\"@type\":\"ListItem\",\"position\":3,\"name\":\"Istorija ir mitologijos: tapatyb\u0117s rai\u0161kos XVII\u2013XIX am\u017eiaus Lietuvoje\"}]},{\"@type\":\"WebSite\",\"@id\":\"https:\/\/skaitytaknyga.lt\/#website\",\"url\":\"https:\/\/skaitytaknyga.lt\/\",\"name\":\"skaitytaknyga.lt\",\"description\":\"Skaitytaknyga.lt \u2013 tai ma\u017eas \u0161eimos verslas, kuris prasid\u0117jo nuo meil\u0117s knygoms ir siekio i\u0161gelb\u0117ti knygas nuo likimo prie konteinerio. Kas vienam nereikalingas daiktas \u2013 kitam lobis, o mes esame tarpininkai, kurie padeda abiems tapti laimingesniems ???? \u017dinome kaip nelengva i\u0161gyventi ma\u017eiems verslams, tad nuo \u0161iol, \u010dia rasite ir kit\u0173, ma\u017e\u0173 \u0161eim\u0173 versl\u0173, rank\u0173 darbo, dovan\u0173 sau ir artimiesiems.\",\"publisher\":{\"@id\":\"https:\/\/skaitytaknyga.lt\/#organization\"},\"potentialAction\":[{\"@type\":\"SearchAction\",\"target\":{\"@type\":\"EntryPoint\",\"urlTemplate\":\"https:\/\/skaitytaknyga.lt\/?s={search_term_string}\"},\"query-input\":{\"@type\":\"PropertyValueSpecification\",\"valueRequired\":true,\"valueName\":\"search_term_string\"}}],\"inLanguage\":\"en-GB\"},{\"@type\":\"Organization\",\"@id\":\"https:\/\/skaitytaknyga.lt\/#organization\",\"name\":\"skaitytaknyga.lt\",\"url\":\"https:\/\/skaitytaknyga.lt\/\",\"logo\":{\"@type\":\"ImageObject\",\"inLanguage\":\"en-GB\",\"@id\":\"https:\/\/skaitytaknyga.lt\/#\/schema\/logo\/image\/\",\"url\":\"https:\/\/skaitytaknyga.lt\/wp-content\/uploads\/2024\/05\/cropped-cropped-cropped-02_00843_jt3bggkj1j3HLc7SyY6rEUpg.jpeg\",\"contentUrl\":\"https:\/\/skaitytaknyga.lt\/wp-content\/uploads\/2024\/05\/cropped-cropped-cropped-02_00843_jt3bggkj1j3HLc7SyY6rEUpg.jpeg\",\"width\":1600,\"height\":1600,\"caption\":\"skaitytaknyga.lt\"},\"image\":{\"@id\":\"https:\/\/skaitytaknyga.lt\/#\/schema\/logo\/image\/\"},\"sameAs\":[\"https:\/\/www.facebook.com\/skaitytaknyga\/\"]}]}<\/script>\n<!-- \/ Yoast SEO plugin. -->","yoast_head_json":{"title":"Istorija ir mitologijos: tapatyb\u0117s rai\u0161kos XVII\u2013XIX am\u017eiaus Lietuvoje","description":"Knygoje prikeliamas i\u0161 u\u017emar\u0161ties tas reik\u0161minis pasaulis, kuriame XVII\u2013XIX am\u017eiuje gyveno ir pagal kur\u012f orientavosi lietuvi\u0173 bendruomen\u0117. I\u0161 mit\u0173 ir","robots":{"index":"index","follow":"follow","max-snippet":"max-snippet:-1","max-image-preview":"max-image-preview:large","max-video-preview":"max-video-preview:-1"},"canonical":"https:\/\/skaitytaknyga.lt\/en\/produktas\/istorija-ir-mitologijos-tapatybes-raiskos-xvii-xix-amziaus-lietuvoje\/","og_locale":"en_GB","og_type":"article","og_title":"[:lt]Istorija ir mitologijos: tapatyb\u0117s rai\u0161kos XVII\u2013XIX am\u017eiaus Lietuvoje[:] - Skaitytaknyga","og_description":"Knygoje prikeliamas i\u0161 u\u017emar\u0161ties tas reik\u0161minis pasaulis, kuriame XVII\u2013XIX am\u017eiuje gyveno ir pagal kur\u012f orientavosi lietuvi\u0173 bendruomen\u0117. I\u0161 mit\u0173 ir","og_url":"https:\/\/skaitytaknyga.lt\/en\/produktas\/istorija-ir-mitologijos-tapatybes-raiskos-xvii-xix-amziaus-lietuvoje\/","og_site_name":"Skaitytaknyga","article_publisher":"https:\/\/www.facebook.com\/skaitytaknyga\/","article_modified_time":"2026-01-02T19:12:17+00:00","og_image":[{"width":379,"height":600,"url":"https:\/\/skaitytaknyga.lt\/wp-content\/uploads\/2025\/04\/Istorija-ir-mitologijos-tapatybes-raiskos-XVII\u2013XIX-amziaus-Lietuvoje.webp","type":"image\/webp"}],"twitter_card":"summary_large_image","twitter_misc":{"Estimated reading time":"1 minute"},"schema":{"@context":"https:\/\/schema.org","@graph":[{"@type":"WebPage","@id":"https:\/\/skaitytaknyga.lt\/produktas\/istorija-ir-mitologijos-tapatybes-raiskos-xvii-xix-amziaus-lietuvoje\/","url":"https:\/\/skaitytaknyga.lt\/produktas\/istorija-ir-mitologijos-tapatybes-raiskos-xvii-xix-amziaus-lietuvoje\/","name":"Istorija ir mitologijos: tapatyb\u0117s rai\u0161kos XVII\u2013XIX am\u017eiaus Lietuvoje","isPartOf":{"@id":"https:\/\/skaitytaknyga.lt\/#website"},"primaryImageOfPage":{"@id":"https:\/\/skaitytaknyga.lt\/produktas\/istorija-ir-mitologijos-tapatybes-raiskos-xvii-xix-amziaus-lietuvoje\/#primaryimage"},"image":{"@id":"https:\/\/skaitytaknyga.lt\/produktas\/istorija-ir-mitologijos-tapatybes-raiskos-xvii-xix-amziaus-lietuvoje\/#primaryimage"},"thumbnailUrl":"https:\/\/skaitytaknyga.lt\/wp-content\/uploads\/2025\/04\/Istorija-ir-mitologijos-tapatybes-raiskos-XVII\u2013XIX-amziaus-Lietuvoje.webp","datePublished":"2025-04-23T11:19:56+00:00","dateModified":"2026-01-02T19:12:17+00:00","description":"Knygoje prikeliamas i\u0161 u\u017emar\u0161ties tas reik\u0161minis pasaulis, kuriame XVII\u2013XIX am\u017eiuje gyveno ir pagal kur\u012f orientavosi lietuvi\u0173 bendruomen\u0117. I\u0161 mit\u0173 ir","breadcrumb":{"@id":"https:\/\/skaitytaknyga.lt\/produktas\/istorija-ir-mitologijos-tapatybes-raiskos-xvii-xix-amziaus-lietuvoje\/#breadcrumb"},"inLanguage":"en-GB","potentialAction":[{"@type":"ReadAction","target":["https:\/\/skaitytaknyga.lt\/produktas\/istorija-ir-mitologijos-tapatybes-raiskos-xvii-xix-amziaus-lietuvoje\/"]}]},{"@type":"ImageObject","inLanguage":"en-GB","@id":"https:\/\/skaitytaknyga.lt\/produktas\/istorija-ir-mitologijos-tapatybes-raiskos-xvii-xix-amziaus-lietuvoje\/#primaryimage","url":"https:\/\/skaitytaknyga.lt\/wp-content\/uploads\/2025\/04\/Istorija-ir-mitologijos-tapatybes-raiskos-XVII\u2013XIX-amziaus-Lietuvoje.webp","contentUrl":"https:\/\/skaitytaknyga.lt\/wp-content\/uploads\/2025\/04\/Istorija-ir-mitologijos-tapatybes-raiskos-XVII\u2013XIX-amziaus-Lietuvoje.webp","width":379,"height":600,"caption":"Istorija ir mitologijos: tapatyb\u0117s rai\u0161kos XVII\u2013XIX am\u017eiaus Lietuvoje"},{"@type":"BreadcrumbList","@id":"https:\/\/skaitytaknyga.lt\/produktas\/istorija-ir-mitologijos-tapatybes-raiskos-xvii-xix-amziaus-lietuvoje\/#breadcrumb","itemListElement":[{"@type":"ListItem","position":1,"name":"Home","item":"https:\/\/skaitytaknyga.lt\/"},{"@type":"ListItem","position":2,"name":"Parduotuv\u0117","item":"https:\/\/skaitytaknyga.lt\/knygu-parduotuve\/"},{"@type":"ListItem","position":3,"name":"Istorija ir mitologijos: tapatyb\u0117s rai\u0161kos XVII\u2013XIX am\u017eiaus Lietuvoje"}]},{"@type":"WebSite","@id":"https:\/\/skaitytaknyga.lt\/#website","url":"https:\/\/skaitytaknyga.lt\/","name":"skaitytaknyga.lt","description":"Skaitytaknyga.lt \u2013 tai ma\u017eas \u0161eimos verslas, kuris prasid\u0117jo nuo meil\u0117s knygoms ir siekio i\u0161gelb\u0117ti knygas nuo likimo prie konteinerio. Kas vienam nereikalingas daiktas \u2013 kitam lobis, o mes esame tarpininkai, kurie padeda abiems tapti laimingesniems ???? \u017dinome kaip nelengva i\u0161gyventi ma\u017eiems verslams, tad nuo \u0161iol, \u010dia rasite ir kit\u0173, ma\u017e\u0173 \u0161eim\u0173 versl\u0173, rank\u0173 darbo, dovan\u0173 sau ir artimiesiems.","publisher":{"@id":"https:\/\/skaitytaknyga.lt\/#organization"},"potentialAction":[{"@type":"SearchAction","target":{"@type":"EntryPoint","urlTemplate":"https:\/\/skaitytaknyga.lt\/?s={search_term_string}"},"query-input":{"@type":"PropertyValueSpecification","valueRequired":true,"valueName":"search_term_string"}}],"inLanguage":"en-GB"},{"@type":"Organization","@id":"https:\/\/skaitytaknyga.lt\/#organization","name":"skaitytaknyga.lt","url":"https:\/\/skaitytaknyga.lt\/","logo":{"@type":"ImageObject","inLanguage":"en-GB","@id":"https:\/\/skaitytaknyga.lt\/#\/schema\/logo\/image\/","url":"https:\/\/skaitytaknyga.lt\/wp-content\/uploads\/2024\/05\/cropped-cropped-cropped-02_00843_jt3bggkj1j3HLc7SyY6rEUpg.jpeg","contentUrl":"https:\/\/skaitytaknyga.lt\/wp-content\/uploads\/2024\/05\/cropped-cropped-cropped-02_00843_jt3bggkj1j3HLc7SyY6rEUpg.jpeg","width":1600,"height":1600,"caption":"skaitytaknyga.lt"},"image":{"@id":"https:\/\/skaitytaknyga.lt\/#\/schema\/logo\/image\/"},"sameAs":["https:\/\/www.facebook.com\/skaitytaknyga\/"]}]}},"_links":{"self":[{"href":"https:\/\/skaitytaknyga.lt\/en\/wp-json\/wp\/v2\/product\/17977","targetHints":{"allow":["GET"]}}],"collection":[{"href":"https:\/\/skaitytaknyga.lt\/en\/wp-json\/wp\/v2\/product"}],"about":[{"href":"https:\/\/skaitytaknyga.lt\/en\/wp-json\/wp\/v2\/types\/product"}],"replies":[{"embeddable":true,"href":"https:\/\/skaitytaknyga.lt\/en\/wp-json\/wp\/v2\/comments?post=17977"}],"wp:featuredmedia":[{"embeddable":true,"href":"https:\/\/skaitytaknyga.lt\/en\/wp-json\/wp\/v2\/media\/18049"}],"wp:attachment":[{"href":"https:\/\/skaitytaknyga.lt\/en\/wp-json\/wp\/v2\/media?parent=17977"}],"wp:term":[{"taxonomy":"product_brand","embeddable":true,"href":"https:\/\/skaitytaknyga.lt\/en\/wp-json\/wp\/v2\/product_brand?post=17977"},{"taxonomy":"product_cat","embeddable":true,"href":"https:\/\/skaitytaknyga.lt\/en\/wp-json\/wp\/v2\/product_cat?post=17977"},{"taxonomy":"product_tag","embeddable":true,"href":"https:\/\/skaitytaknyga.lt\/en\/wp-json\/wp\/v2\/product_tag?post=17977"}],"curies":[{"name":"wp","href":"https:\/\/api.w.org\/{rel}","templated":true}]}}