{"id":17975,"date":"2025-04-23T14:19:55","date_gmt":"2025-04-23T11:19:55","guid":{"rendered":"https:\/\/skaitytaknyga.lt\/?post_type=product&#038;p=17975"},"modified":"2025-06-28T17:31:32","modified_gmt":"2025-06-28T14:31:32","slug":"suniskos-dienos","status":"publish","type":"product","link":"https:\/\/skaitytaknyga.lt\/en\/produktas\/suniskos-dienos\/","title":{"rendered":"\u0160uni\u0161kos dienos"},"content":{"rendered":"<p>Daugiau joki\u0173 grandini\u0173, jokio lojimo ir nuobod\u017eiavimo b\u016bdoje! \u0160uni\u0161kas Amsiaus gyvenimas nuo \u0161iol pasikeis. Kod\u0117l jis tur\u0117t\u0173 vargti ir \u0161alti, u\u017euot smagiai leid\u0119s laik\u0105 \u0161iltuose namuose? Tegul nuo \u0161ios dienos \u0161eimininkas perima kiemsargio pareigas, o Amsius ne\u0161ios kostiumus, eis \u012f darb\u0105 ir valgys bulvi\u0173 tra\u0161ku\u010dius! Juk \u017emogi\u0161kos pareigos \u2013 smagios ir viliojan\u010dios, o \u0161eimininkui pakv\u0117puoti grynu oru tikrai nepakenks. Tik ar apsikeisti gyvenimais taip paprasta? Nepabuv\u0119s kito b\u016bdoje \u2013 nesu\u017einosi. Au!<\/p>\n<ul class=\"about-product d-none d-xl-block mt-4\">\n<li><strong>Autorius:<\/strong>\u00a0K\u0119stutis Kasparavi\u010dius<\/li>\n<li><strong>Leid\u0117jas<\/strong>\u00a0Nieko rimto<\/li>\n<li><strong>Metai:<\/strong>\u00a02024<\/li>\n<li><strong>Puslapiai:<\/strong>\u00a032<\/li>\n<li class=\"toggleable type-new-formats \"><strong>ISBN :\u00a0<\/strong>9786094414121<\/li>\n<li class=\"toggleable type-new-formats \"><strong>Formatas:<\/strong>\u00a022 x 24,5 x 1 cm, kieti vir\u0161eliai<\/li>\n<li><strong>Kalba:<\/strong>\u00a0Lietuvi\u0173<\/li>\n<\/ul>\n","protected":false},"excerpt":{"rendered":"<p>Daugiau joki\u0173 grandini\u0173, jokio lojimo ir nuobod\u017eiavimo b\u016bdoje! \u0160uni\u0161kas Amsiaus gyvenimas nuo \u0161iol pasikeis. Kod\u0117l jis tur\u0117t\u0173 vargti ir \u0161alti, u\u017euot smagiai leid\u0119s laik\u0105 \u0161iltuose namuose? Tegul nuo \u0161ios dienos \u0161eimininkas perima kiemsargio pareigas, o Amsius ne\u0161ios kostiumus, eis \u012f darb\u0105 ir valgys bulvi\u0173 tra\u0161ku\u010dius! Juk \u017emogi\u0161kos pareigos \u2013 smagios ir viliojan\u010dios, o \u0161eimininkui pakv\u0117puoti grynu oru tikrai nepakenks. Tik ar apsikeisti gyvenimais taip paprasta? Nepabuv\u0119s kito b\u016bdoje \u2013 nesu\u017einosi. Au! Autorius:\u00a0K\u0119stutis Kasparavi\u010dius Leid\u0117jas\u00a0Nieko rimto Metai:\u00a02024 Puslapiai:\u00a032 ISBN :\u00a09786094414121 Formatas:\u00a022 x 24,5 x 1 cm, kieti vir\u0161eliai Kalba:\u00a0Lietuvi\u0173<\/p>\n","protected":false},"featured_media":18374,"comment_status":"open","ping_status":"closed","template":"","meta":{"_acf_changed":false,"site-sidebar-layout":"default","site-content-layout":"","ast-site-content-layout":"default","site-content-style":"default","site-sidebar-style":"default","ast-global-header-display":"","ast-banner-title-visibility":"","ast-main-header-display":"","ast-hfb-above-header-display":"","ast-hfb-below-header-display":"","ast-hfb-mobile-header-display":"","site-post-title":"","ast-breadcrumbs-content":"","ast-featured-img":"","footer-sml-layout":"","ast-disable-related-posts":"","theme-transparent-header-meta":"default","adv-header-id-meta":"","stick-header-meta":"","header-above-stick-meta":"","header-main-stick-meta":"","header-below-stick-meta":"","astra-migrate-meta-layouts":"set","ast-page-background-enabled":"default","ast-page-background-meta":{"desktop":{"background-color":"","background-image":"","background-repeat":"repeat","background-position":"center center","background-size":"auto","background-attachment":"scroll","background-type":"","background-media":"","overlay-type":"","overlay-color":"","overlay-opacity":"","overlay-gradient":""},"tablet":{"background-color":"","background-image":"","background-repeat":"repeat","background-position":"center center","background-size":"auto","background-attachment":"scroll","background-type":"","background-media":"","overlay-type":"","overlay-color":"","overlay-opacity":"","overlay-gradient":""},"mobile":{"background-color":"","background-image":"","background-repeat":"repeat","background-position":"center center","background-size":"auto","background-attachment":"scroll","background-type":"","background-media":"","overlay-type":"","overlay-color":"","overlay-opacity":"","overlay-gradient":""}},"ast-content-background-meta":{"desktop":{"background-color":"var(--ast-global-color-4)","background-image":"","background-repeat":"repeat","background-position":"center center","background-size":"auto","background-attachment":"scroll","background-type":"","background-media":"","overlay-type":"","overlay-color":"","overlay-opacity":"","overlay-gradient":""},"tablet":{"background-color":"var(--ast-global-color-4)","background-image":"","background-repeat":"repeat","background-position":"center center","background-size":"auto","background-attachment":"scroll","background-type":"","background-media":"","overlay-type":"","overlay-color":"","overlay-opacity":"","overlay-gradient":""},"mobile":{"background-color":"var(--ast-global-color-4)","background-image":"","background-repeat":"repeat","background-position":"center center","background-size":"auto","background-attachment":"scroll","background-type":"","background-media":"","overlay-type":"","overlay-color":"","overlay-opacity":"","overlay-gradient":""}}},"product_brand":[],"product_cat":[15],"product_tag":[2054,1980,3454,3456,3455],"class_list":{"0":"post-17975","1":"product","2":"type-product","3":"status-publish","4":"has-post-thumbnail","6":"product_cat-uncategorized","7":"product_tag-gyvunai","8":"product_tag-humoras","9":"product_tag-kestutis-kasparavicius","10":"product_tag-sunys","11":"product_tag-vaikiska-literatura","12":"desktop-align-left","13":"tablet-align-left","14":"mobile-align-left","16":"first","17":"instock","18":"shipping-taxable","19":"purchasable","20":"product-type-simple"},"acf":[],"yoast_head":"<!-- This site is optimized with the Yoast SEO plugin v27.0 - https:\/\/yoast.com\/product\/yoast-seo-wordpress\/ -->\n<title>\u0160uni\u0161kos dienos<\/title>\n<meta name=\"description\" content=\"Daugiau joki\u0173 grandini\u0173, jokio lojimo ir nuobod\u017eiavimo b\u016bdoje! \u0160uni\u0161kas Amsiaus gyvenimas nuo \u0161iol pasikeis. Kod\u0117l jis tur\u0117t\u0173 vargti ir \u0161alti, u\u017euot\" \/>\n<meta name=\"robots\" content=\"index, follow, max-snippet:-1, max-image-preview:large, max-video-preview:-1\" \/>\n<link rel=\"canonical\" href=\"https:\/\/skaitytaknyga.lt\/en\/produktas\/suniskos-dienos\/\" \/>\n<meta property=\"og:locale\" content=\"en_GB\" \/>\n<meta property=\"og:locale:alternate\" content=\"lt_LT\" \/>\n<meta property=\"og:type\" content=\"article\" \/>\n<meta property=\"og:title\" content=\"\u0160uni\u0161kos dienos\" \/>\n<meta property=\"og:description\" content=\"Daugiau joki\u0173 grandini\u0173, jokio lojimo ir nuobod\u017eiavimo b\u016bdoje! \u0160uni\u0161kas Amsiaus gyvenimas nuo \u0161iol pasikeis. Kod\u0117l jis tur\u0117t\u0173 vargti ir \u0161alti, u\u017euot\" \/>\n<meta property=\"og:url\" content=\"https:\/\/skaitytaknyga.lt\/en\/produktas\/suniskos-dienos\/\" \/>\n<meta property=\"og:site_name\" content=\"Skaitytaknyga\" \/>\n<meta property=\"article:publisher\" content=\"https:\/\/www.facebook.com\/skaitytaknyga\/\" \/>\n<meta property=\"article:modified_time\" content=\"2025-06-28T14:31:32+00:00\" \/>\n<meta property=\"og:image\" content=\"https:\/\/skaitytaknyga.lt\/wp-content\/uploads\/2025\/05\/Suniskos-dienos.webp\" \/>\n\t<meta property=\"og:image:width\" content=\"359\" \/>\n\t<meta property=\"og:image:height\" content=\"400\" \/>\n\t<meta property=\"og:image:type\" content=\"image\/webp\" \/>\n<meta name=\"twitter:card\" content=\"summary_large_image\" \/>\n<meta name=\"twitter:label1\" content=\"Estimated reading time\" \/>\n\t<meta name=\"twitter:data1\" content=\"1 minute\" \/>\n<script type=\"application\/ld+json\" class=\"yoast-schema-graph\">{\"@context\":\"https:\/\/schema.org\",\"@graph\":[{\"@type\":\"WebPage\",\"@id\":\"https:\/\/skaitytaknyga.lt\/produktas\/suniskos-dienos\/\",\"url\":\"https:\/\/skaitytaknyga.lt\/produktas\/suniskos-dienos\/\",\"name\":\"\u0160uni\u0161kos dienos\",\"isPartOf\":{\"@id\":\"https:\/\/skaitytaknyga.lt\/#website\"},\"primaryImageOfPage\":{\"@id\":\"https:\/\/skaitytaknyga.lt\/produktas\/suniskos-dienos\/#primaryimage\"},\"image\":{\"@id\":\"https:\/\/skaitytaknyga.lt\/produktas\/suniskos-dienos\/#primaryimage\"},\"thumbnailUrl\":\"https:\/\/skaitytaknyga.lt\/wp-content\/uploads\/2025\/05\/Suniskos-dienos.webp\",\"datePublished\":\"2025-04-23T11:19:55+00:00\",\"dateModified\":\"2025-06-28T14:31:32+00:00\",\"description\":\"Daugiau joki\u0173 grandini\u0173, jokio lojimo ir nuobod\u017eiavimo b\u016bdoje! \u0160uni\u0161kas Amsiaus gyvenimas nuo \u0161iol pasikeis. Kod\u0117l jis tur\u0117t\u0173 vargti ir \u0161alti, u\u017euot\",\"breadcrumb\":{\"@id\":\"https:\/\/skaitytaknyga.lt\/produktas\/suniskos-dienos\/#breadcrumb\"},\"inLanguage\":\"en-GB\",\"potentialAction\":[{\"@type\":\"ReadAction\",\"target\":[\"https:\/\/skaitytaknyga.lt\/produktas\/suniskos-dienos\/\"]}]},{\"@type\":\"ImageObject\",\"inLanguage\":\"en-GB\",\"@id\":\"https:\/\/skaitytaknyga.lt\/produktas\/suniskos-dienos\/#primaryimage\",\"url\":\"https:\/\/skaitytaknyga.lt\/wp-content\/uploads\/2025\/05\/Suniskos-dienos.webp\",\"contentUrl\":\"https:\/\/skaitytaknyga.lt\/wp-content\/uploads\/2025\/05\/Suniskos-dienos.webp\",\"width\":359,\"height\":400},{\"@type\":\"BreadcrumbList\",\"@id\":\"https:\/\/skaitytaknyga.lt\/produktas\/suniskos-dienos\/#breadcrumb\",\"itemListElement\":[{\"@type\":\"ListItem\",\"position\":1,\"name\":\"Home\",\"item\":\"https:\/\/skaitytaknyga.lt\/\"},{\"@type\":\"ListItem\",\"position\":2,\"name\":\"Parduotuv\u0117\",\"item\":\"https:\/\/skaitytaknyga.lt\/knygu-parduotuve\/\"},{\"@type\":\"ListItem\",\"position\":3,\"name\":\"\u0160uni\u0161kos dienos\"}]},{\"@type\":\"WebSite\",\"@id\":\"https:\/\/skaitytaknyga.lt\/#website\",\"url\":\"https:\/\/skaitytaknyga.lt\/\",\"name\":\"skaitytaknyga.lt\",\"description\":\"Skaitytaknyga.lt \u2013 tai ma\u017eas \u0161eimos verslas, kuris prasid\u0117jo nuo meil\u0117s knygoms ir siekio i\u0161gelb\u0117ti knygas nuo likimo prie konteinerio. Kas vienam nereikalingas daiktas \u2013 kitam lobis, o mes esame tarpininkai, kurie padeda abiems tapti laimingesniems ???? \u017dinome kaip nelengva i\u0161gyventi ma\u017eiems verslams, tad nuo \u0161iol, \u010dia rasite ir kit\u0173, ma\u017e\u0173 \u0161eim\u0173 versl\u0173, rank\u0173 darbo, dovan\u0173 sau ir artimiesiems.\",\"publisher\":{\"@id\":\"https:\/\/skaitytaknyga.lt\/#organization\"},\"potentialAction\":[{\"@type\":\"SearchAction\",\"target\":{\"@type\":\"EntryPoint\",\"urlTemplate\":\"https:\/\/skaitytaknyga.lt\/?s={search_term_string}\"},\"query-input\":{\"@type\":\"PropertyValueSpecification\",\"valueRequired\":true,\"valueName\":\"search_term_string\"}}],\"inLanguage\":\"en-GB\"},{\"@type\":\"Organization\",\"@id\":\"https:\/\/skaitytaknyga.lt\/#organization\",\"name\":\"skaitytaknyga.lt\",\"url\":\"https:\/\/skaitytaknyga.lt\/\",\"logo\":{\"@type\":\"ImageObject\",\"inLanguage\":\"en-GB\",\"@id\":\"https:\/\/skaitytaknyga.lt\/#\/schema\/logo\/image\/\",\"url\":\"https:\/\/skaitytaknyga.lt\/wp-content\/uploads\/2024\/05\/cropped-cropped-cropped-02_00843_jt3bggkj1j3HLc7SyY6rEUpg.jpeg\",\"contentUrl\":\"https:\/\/skaitytaknyga.lt\/wp-content\/uploads\/2024\/05\/cropped-cropped-cropped-02_00843_jt3bggkj1j3HLc7SyY6rEUpg.jpeg\",\"width\":1600,\"height\":1600,\"caption\":\"skaitytaknyga.lt\"},\"image\":{\"@id\":\"https:\/\/skaitytaknyga.lt\/#\/schema\/logo\/image\/\"},\"sameAs\":[\"https:\/\/www.facebook.com\/skaitytaknyga\/\"]}]}<\/script>\n<!-- \/ Yoast SEO plugin. -->","yoast_head_json":{"title":"\u0160uni\u0161kos dienos","description":"Daugiau joki\u0173 grandini\u0173, jokio lojimo ir nuobod\u017eiavimo b\u016bdoje! \u0160uni\u0161kas Amsiaus gyvenimas nuo \u0161iol pasikeis. Kod\u0117l jis tur\u0117t\u0173 vargti ir \u0161alti, u\u017euot","robots":{"index":"index","follow":"follow","max-snippet":"max-snippet:-1","max-image-preview":"max-image-preview:large","max-video-preview":"max-video-preview:-1"},"canonical":"https:\/\/skaitytaknyga.lt\/en\/produktas\/suniskos-dienos\/","og_locale":"en_GB","og_type":"article","og_title":"[:lt]\u0160uni\u0161kos dienos[:] - Skaitytaknyga","og_description":"Daugiau joki\u0173 grandini\u0173, jokio lojimo ir nuobod\u017eiavimo b\u016bdoje! \u0160uni\u0161kas Amsiaus gyvenimas nuo \u0161iol pasikeis. Kod\u0117l jis tur\u0117t\u0173 vargti ir \u0161alti, u\u017euot","og_url":"https:\/\/skaitytaknyga.lt\/en\/produktas\/suniskos-dienos\/","og_site_name":"Skaitytaknyga","article_publisher":"https:\/\/www.facebook.com\/skaitytaknyga\/","article_modified_time":"2025-06-28T14:31:32+00:00","og_image":[{"width":359,"height":400,"url":"https:\/\/skaitytaknyga.lt\/wp-content\/uploads\/2025\/05\/Suniskos-dienos.webp","type":"image\/webp"}],"twitter_card":"summary_large_image","twitter_misc":{"Estimated reading time":"1 minute"},"schema":{"@context":"https:\/\/schema.org","@graph":[{"@type":"WebPage","@id":"https:\/\/skaitytaknyga.lt\/produktas\/suniskos-dienos\/","url":"https:\/\/skaitytaknyga.lt\/produktas\/suniskos-dienos\/","name":"\u0160uni\u0161kos dienos","isPartOf":{"@id":"https:\/\/skaitytaknyga.lt\/#website"},"primaryImageOfPage":{"@id":"https:\/\/skaitytaknyga.lt\/produktas\/suniskos-dienos\/#primaryimage"},"image":{"@id":"https:\/\/skaitytaknyga.lt\/produktas\/suniskos-dienos\/#primaryimage"},"thumbnailUrl":"https:\/\/skaitytaknyga.lt\/wp-content\/uploads\/2025\/05\/Suniskos-dienos.webp","datePublished":"2025-04-23T11:19:55+00:00","dateModified":"2025-06-28T14:31:32+00:00","description":"Daugiau joki\u0173 grandini\u0173, jokio lojimo ir nuobod\u017eiavimo b\u016bdoje! \u0160uni\u0161kas Amsiaus gyvenimas nuo \u0161iol pasikeis. Kod\u0117l jis tur\u0117t\u0173 vargti ir \u0161alti, u\u017euot","breadcrumb":{"@id":"https:\/\/skaitytaknyga.lt\/produktas\/suniskos-dienos\/#breadcrumb"},"inLanguage":"en-GB","potentialAction":[{"@type":"ReadAction","target":["https:\/\/skaitytaknyga.lt\/produktas\/suniskos-dienos\/"]}]},{"@type":"ImageObject","inLanguage":"en-GB","@id":"https:\/\/skaitytaknyga.lt\/produktas\/suniskos-dienos\/#primaryimage","url":"https:\/\/skaitytaknyga.lt\/wp-content\/uploads\/2025\/05\/Suniskos-dienos.webp","contentUrl":"https:\/\/skaitytaknyga.lt\/wp-content\/uploads\/2025\/05\/Suniskos-dienos.webp","width":359,"height":400},{"@type":"BreadcrumbList","@id":"https:\/\/skaitytaknyga.lt\/produktas\/suniskos-dienos\/#breadcrumb","itemListElement":[{"@type":"ListItem","position":1,"name":"Home","item":"https:\/\/skaitytaknyga.lt\/"},{"@type":"ListItem","position":2,"name":"Parduotuv\u0117","item":"https:\/\/skaitytaknyga.lt\/knygu-parduotuve\/"},{"@type":"ListItem","position":3,"name":"\u0160uni\u0161kos dienos"}]},{"@type":"WebSite","@id":"https:\/\/skaitytaknyga.lt\/#website","url":"https:\/\/skaitytaknyga.lt\/","name":"skaitytaknyga.lt","description":"Skaitytaknyga.lt \u2013 tai ma\u017eas \u0161eimos verslas, kuris prasid\u0117jo nuo meil\u0117s knygoms ir siekio i\u0161gelb\u0117ti knygas nuo likimo prie konteinerio. Kas vienam nereikalingas daiktas \u2013 kitam lobis, o mes esame tarpininkai, kurie padeda abiems tapti laimingesniems ???? \u017dinome kaip nelengva i\u0161gyventi ma\u017eiems verslams, tad nuo \u0161iol, \u010dia rasite ir kit\u0173, ma\u017e\u0173 \u0161eim\u0173 versl\u0173, rank\u0173 darbo, dovan\u0173 sau ir artimiesiems.","publisher":{"@id":"https:\/\/skaitytaknyga.lt\/#organization"},"potentialAction":[{"@type":"SearchAction","target":{"@type":"EntryPoint","urlTemplate":"https:\/\/skaitytaknyga.lt\/?s={search_term_string}"},"query-input":{"@type":"PropertyValueSpecification","valueRequired":true,"valueName":"search_term_string"}}],"inLanguage":"en-GB"},{"@type":"Organization","@id":"https:\/\/skaitytaknyga.lt\/#organization","name":"skaitytaknyga.lt","url":"https:\/\/skaitytaknyga.lt\/","logo":{"@type":"ImageObject","inLanguage":"en-GB","@id":"https:\/\/skaitytaknyga.lt\/#\/schema\/logo\/image\/","url":"https:\/\/skaitytaknyga.lt\/wp-content\/uploads\/2024\/05\/cropped-cropped-cropped-02_00843_jt3bggkj1j3HLc7SyY6rEUpg.jpeg","contentUrl":"https:\/\/skaitytaknyga.lt\/wp-content\/uploads\/2024\/05\/cropped-cropped-cropped-02_00843_jt3bggkj1j3HLc7SyY6rEUpg.jpeg","width":1600,"height":1600,"caption":"skaitytaknyga.lt"},"image":{"@id":"https:\/\/skaitytaknyga.lt\/#\/schema\/logo\/image\/"},"sameAs":["https:\/\/www.facebook.com\/skaitytaknyga\/"]}]}},"_links":{"self":[{"href":"https:\/\/skaitytaknyga.lt\/en\/wp-json\/wp\/v2\/product\/17975","targetHints":{"allow":["GET"]}}],"collection":[{"href":"https:\/\/skaitytaknyga.lt\/en\/wp-json\/wp\/v2\/product"}],"about":[{"href":"https:\/\/skaitytaknyga.lt\/en\/wp-json\/wp\/v2\/types\/product"}],"replies":[{"embeddable":true,"href":"https:\/\/skaitytaknyga.lt\/en\/wp-json\/wp\/v2\/comments?post=17975"}],"wp:featuredmedia":[{"embeddable":true,"href":"https:\/\/skaitytaknyga.lt\/en\/wp-json\/wp\/v2\/media\/18374"}],"wp:attachment":[{"href":"https:\/\/skaitytaknyga.lt\/en\/wp-json\/wp\/v2\/media?parent=17975"}],"wp:term":[{"taxonomy":"product_brand","embeddable":true,"href":"https:\/\/skaitytaknyga.lt\/en\/wp-json\/wp\/v2\/product_brand?post=17975"},{"taxonomy":"product_cat","embeddable":true,"href":"https:\/\/skaitytaknyga.lt\/en\/wp-json\/wp\/v2\/product_cat?post=17975"},{"taxonomy":"product_tag","embeddable":true,"href":"https:\/\/skaitytaknyga.lt\/en\/wp-json\/wp\/v2\/product_tag?post=17975"}],"curies":[{"name":"wp","href":"https:\/\/api.w.org\/{rel}","templated":true}]}}